{"id":188489,"date":"2026-05-08T14:21:25","date_gmt":"2026-05-08T12:21:25","guid":{"rendered":"https:\/\/kwp.at\/veranstaltungen\/product\/oldtimer-tram-und-interaktiver-workshop-demokratie-fitness\/"},"modified":"2026-05-13T15:26:47","modified_gmt":"2026-05-13T13:26:47","slug":"oldtimer-tram-und-interaktiver-workshop-demokratie-fitness","status":"publish","type":"product","link":"https:\/\/kwp.at\/veranstaltungen\/product\/oldtimer-tram-und-interaktiver-workshop-demokratie-fitness\/","title":{"rendered":"Oldtimer-Tram und Interaktiver Workshop \u201eDemokratie Fitness\u201c:"},"excerpt":{"rendered":"<p>Erleben Sie ein besonderes Bildungs- und Erlebnisprogramm in Wien: Am Freitag, 12. Juni 2026 erwartet die Teilnehmer*innen ein Vormittag rund um Demokratie, Frauenrechte und Menschenrechte.<br \/>\nDen Auftakt bildet eine Fahrt mit der Oldtimer-Tram durch Wien. W\u00e4hrend der Fahrt gibt Waltraud Tremmel, Pr\u00e4sidentin der Europ\u00e4ischen Akademie Wien, in einem Vortrag verst\u00e4ndliche Einblicke in Demokratie und Gleichberechtigung. Ein kleines Glaserl Sekt rundet das Erlebnis ab.<br \/>\nAnschlie\u00dfend geht es in den Klub All in Village. Dort findet ein interaktiver Workshop \u201eDemokratie-Fitness\u201c statt, der zeigt, wie Demokratie im Alltag gelebt werden kann und wie jede*r aktiv dazu beitragen kann.<br \/>\nTermin: Freitag, 12. Juni 2026<br \/>\n10:40 Uhr: Oldtimer-Tramfahrt ab Parlament<br \/>\nAbschluss: Workshop im Klub All in Village<\/p>\n","protected":false},"author":79,"comment_status":"closed","ping_status":"closed","template":"","meta":{"_acf_changed":false},"product_brand":[],"product_cat":[15],"product_tag":[],"class_list":{"0":"post-188489","1":"product","2":"type-product","3":"status-publish","5":"product_cat-uncategorized","7":"first","8":"instock","9":"taxable","10":"shipping-taxable","11":"purchasable","12":"product-type-event"},"acf":[],"yoast_head":"<!-- This site is optimized with the Yoast SEO plugin v27.4 - https:\/\/yoast.com\/product\/yoast-seo-wordpress\/ -->\n<title>Oldtimer-Tram und Interaktiver Workshop \u201eDemokratie Fitness\u201c: - Veranstaltungen - H\u00e4user zum Leben und Pensionist*innenklubs<\/title>\n<meta name=\"robots\" content=\"index, follow, max-snippet:-1, max-image-preview:large, max-video-preview:-1\" \/>\n<link rel=\"canonical\" href=\"https:\/\/kwp.at\/veranstaltungen\/product\/oldtimer-tram-und-interaktiver-workshop-demokratie-fitness\/\" \/>\n<meta property=\"og:locale\" content=\"de_DE\" \/>\n<meta property=\"og:type\" content=\"article\" \/>\n<meta property=\"og:title\" content=\"Oldtimer-Tram und Interaktiver Workshop \u201eDemokratie Fitness\u201c: - Veranstaltungen - H\u00e4user zum Leben und Pensionist*innenklubs\" \/>\n<meta property=\"og:description\" content=\"Erleben Sie ein besonderes Bildungs- und Erlebnisprogramm in Wien: Am Freitag, 12. Juni 2026 erwartet die Teilnehmer*innen ein Vormittag rund um Demokratie, Frauenrechte und Menschenrechte. Den Auftakt bildet eine Fahrt mit der Oldtimer-Tram durch Wien. W\u00e4hrend der Fahrt gibt Waltraud Tremmel, Pr\u00e4sidentin der Europ\u00e4ischen Akademie Wien, in einem Vortrag verst\u00e4ndliche Einblicke in Demokratie und Gleichberechtigung. Ein kleines Glaserl Sekt rundet das Erlebnis ab. Anschlie\u00dfend geht es in den Klub All in Village. Dort findet ein interaktiver Workshop \u201eDemokratie-Fitness\u201c statt, der zeigt, wie Demokratie im Alltag gelebt werden kann und wie jede*r aktiv dazu beitragen kann. Termin: Freitag, 12. Juni 2026 10:40 Uhr: Oldtimer-Tramfahrt ab Parlament Abschluss: Workshop im Klub All in Village\" \/>\n<meta property=\"og:url\" content=\"https:\/\/kwp.at\/veranstaltungen\/product\/oldtimer-tram-und-interaktiver-workshop-demokratie-fitness\/\" \/>\n<meta property=\"og:site_name\" content=\"Veranstaltungen - H\u00e4user zum Leben und Pensionist*innenklubs\" \/>\n<meta property=\"article:modified_time\" content=\"2026-05-13T13:26:47+00:00\" \/>\n<meta name=\"twitter:card\" content=\"summary_large_image\" \/>\n<script type=\"application\/ld+json\" class=\"yoast-schema-graph\">{\"@context\":\"https:\\\/\\\/schema.org\",\"@graph\":[{\"@type\":\"WebPage\",\"@id\":\"https:\\\/\\\/kwp.at\\\/veranstaltungen\\\/product\\\/oldtimer-tram-und-interaktiver-workshop-demokratie-fitness\\\/\",\"url\":\"https:\\\/\\\/kwp.at\\\/veranstaltungen\\\/product\\\/oldtimer-tram-und-interaktiver-workshop-demokratie-fitness\\\/\",\"name\":\"Oldtimer-Tram und Interaktiver Workshop \u201eDemokratie Fitness\u201c: - Veranstaltungen - H\u00e4user zum Leben und Pensionist*innenklubs\",\"isPartOf\":{\"@id\":\"https:\\\/\\\/kwp.at\\\/veranstaltungen\\\/#website\"},\"datePublished\":\"2026-05-08T12:21:25+00:00\",\"dateModified\":\"2026-05-13T13:26:47+00:00\",\"breadcrumb\":{\"@id\":\"https:\\\/\\\/kwp.at\\\/veranstaltungen\\\/product\\\/oldtimer-tram-und-interaktiver-workshop-demokratie-fitness\\\/#breadcrumb\"},\"inLanguage\":\"de\",\"potentialAction\":[{\"@type\":\"ReadAction\",\"target\":[\"https:\\\/\\\/kwp.at\\\/veranstaltungen\\\/product\\\/oldtimer-tram-und-interaktiver-workshop-demokratie-fitness\\\/\"]}]},{\"@type\":\"BreadcrumbList\",\"@id\":\"https:\\\/\\\/kwp.at\\\/veranstaltungen\\\/product\\\/oldtimer-tram-und-interaktiver-workshop-demokratie-fitness\\\/#breadcrumb\",\"itemListElement\":[{\"@type\":\"ListItem\",\"position\":1,\"name\":\"Home\",\"item\":\"https:\\\/\\\/kwp.at\\\/veranstaltungen\\\/\"},{\"@type\":\"ListItem\",\"position\":2,\"name\":\"Shop\",\"item\":\"https:\\\/\\\/kwp.at\\\/veranstaltungen\\\/\"},{\"@type\":\"ListItem\",\"position\":3,\"name\":\"Oldtimer-Tram und Interaktiver Workshop \u201eDemokratie Fitness\u201c:\"}]},{\"@type\":\"WebSite\",\"@id\":\"https:\\\/\\\/kwp.at\\\/veranstaltungen\\\/#website\",\"url\":\"https:\\\/\\\/kwp.at\\\/veranstaltungen\\\/\",\"name\":\"Veranstaltungen - H\u00e4user zum Leben und Pensionist*innenklubs\",\"description\":\"Unsere Angebote der H\u00e4user und Klubs\",\"potentialAction\":[{\"@type\":\"SearchAction\",\"target\":{\"@type\":\"EntryPoint\",\"urlTemplate\":\"https:\\\/\\\/kwp.at\\\/veranstaltungen\\\/?s={search_term_string}\"},\"query-input\":{\"@type\":\"PropertyValueSpecification\",\"valueRequired\":true,\"valueName\":\"search_term_string\"}}],\"inLanguage\":\"de\"}]}<\/script>\n<!-- \/ Yoast SEO plugin. -->","yoast_head_json":{"title":"Oldtimer-Tram und Interaktiver Workshop \u201eDemokratie Fitness\u201c: - Veranstaltungen - H\u00e4user zum Leben und Pensionist*innenklubs","robots":{"index":"index","follow":"follow","max-snippet":"max-snippet:-1","max-image-preview":"max-image-preview:large","max-video-preview":"max-video-preview:-1"},"canonical":"https:\/\/kwp.at\/veranstaltungen\/product\/oldtimer-tram-und-interaktiver-workshop-demokratie-fitness\/","og_locale":"de_DE","og_type":"article","og_title":"Oldtimer-Tram und Interaktiver Workshop \u201eDemokratie Fitness\u201c: - Veranstaltungen - H\u00e4user zum Leben und Pensionist*innenklubs","og_description":"Erleben Sie ein besonderes Bildungs- und Erlebnisprogramm in Wien: Am Freitag, 12. Juni 2026 erwartet die Teilnehmer*innen ein Vormittag rund um Demokratie, Frauenrechte und Menschenrechte. Den Auftakt bildet eine Fahrt mit der Oldtimer-Tram durch Wien. W\u00e4hrend der Fahrt gibt Waltraud Tremmel, Pr\u00e4sidentin der Europ\u00e4ischen Akademie Wien, in einem Vortrag verst\u00e4ndliche Einblicke in Demokratie und Gleichberechtigung. Ein kleines Glaserl Sekt rundet das Erlebnis ab. Anschlie\u00dfend geht es in den Klub All in Village. Dort findet ein interaktiver Workshop \u201eDemokratie-Fitness\u201c statt, der zeigt, wie Demokratie im Alltag gelebt werden kann und wie jede*r aktiv dazu beitragen kann. Termin: Freitag, 12. Juni 2026 10:40 Uhr: Oldtimer-Tramfahrt ab Parlament Abschluss: Workshop im Klub All in Village","og_url":"https:\/\/kwp.at\/veranstaltungen\/product\/oldtimer-tram-und-interaktiver-workshop-demokratie-fitness\/","og_site_name":"Veranstaltungen - H\u00e4user zum Leben und Pensionist*innenklubs","article_modified_time":"2026-05-13T13:26:47+00:00","twitter_card":"summary_large_image","schema":{"@context":"https:\/\/schema.org","@graph":[{"@type":"WebPage","@id":"https:\/\/kwp.at\/veranstaltungen\/product\/oldtimer-tram-und-interaktiver-workshop-demokratie-fitness\/","url":"https:\/\/kwp.at\/veranstaltungen\/product\/oldtimer-tram-und-interaktiver-workshop-demokratie-fitness\/","name":"Oldtimer-Tram und Interaktiver Workshop \u201eDemokratie Fitness\u201c: - Veranstaltungen - H\u00e4user zum Leben und Pensionist*innenklubs","isPartOf":{"@id":"https:\/\/kwp.at\/veranstaltungen\/#website"},"datePublished":"2026-05-08T12:21:25+00:00","dateModified":"2026-05-13T13:26:47+00:00","breadcrumb":{"@id":"https:\/\/kwp.at\/veranstaltungen\/product\/oldtimer-tram-und-interaktiver-workshop-demokratie-fitness\/#breadcrumb"},"inLanguage":"de","potentialAction":[{"@type":"ReadAction","target":["https:\/\/kwp.at\/veranstaltungen\/product\/oldtimer-tram-und-interaktiver-workshop-demokratie-fitness\/"]}]},{"@type":"BreadcrumbList","@id":"https:\/\/kwp.at\/veranstaltungen\/product\/oldtimer-tram-und-interaktiver-workshop-demokratie-fitness\/#breadcrumb","itemListElement":[{"@type":"ListItem","position":1,"name":"Home","item":"https:\/\/kwp.at\/veranstaltungen\/"},{"@type":"ListItem","position":2,"name":"Shop","item":"https:\/\/kwp.at\/veranstaltungen\/"},{"@type":"ListItem","position":3,"name":"Oldtimer-Tram und Interaktiver Workshop \u201eDemokratie Fitness\u201c:"}]},{"@type":"WebSite","@id":"https:\/\/kwp.at\/veranstaltungen\/#website","url":"https:\/\/kwp.at\/veranstaltungen\/","name":"Veranstaltungen - H\u00e4user zum Leben und Pensionist*innenklubs","description":"Unsere Angebote der H\u00e4user und Klubs","potentialAction":[{"@type":"SearchAction","target":{"@type":"EntryPoint","urlTemplate":"https:\/\/kwp.at\/veranstaltungen\/?s={search_term_string}"},"query-input":{"@type":"PropertyValueSpecification","valueRequired":true,"valueName":"search_term_string"}}],"inLanguage":"de"}]}},"_links":{"self":[{"href":"https:\/\/kwp.at\/veranstaltungen\/wp-json\/wp\/v2\/product\/188489","targetHints":{"allow":["GET"]}}],"collection":[{"href":"https:\/\/kwp.at\/veranstaltungen\/wp-json\/wp\/v2\/product"}],"about":[{"href":"https:\/\/kwp.at\/veranstaltungen\/wp-json\/wp\/v2\/types\/product"}],"author":[{"embeddable":true,"href":"https:\/\/kwp.at\/veranstaltungen\/wp-json\/wp\/v2\/users\/79"}],"replies":[{"embeddable":true,"href":"https:\/\/kwp.at\/veranstaltungen\/wp-json\/wp\/v2\/comments?post=188489"}],"wp:attachment":[{"href":"https:\/\/kwp.at\/veranstaltungen\/wp-json\/wp\/v2\/media?parent=188489"}],"wp:term":[{"taxonomy":"product_brand","embeddable":true,"href":"https:\/\/kwp.at\/veranstaltungen\/wp-json\/wp\/v2\/product_brand?post=188489"},{"taxonomy":"product_cat","embeddable":true,"href":"https:\/\/kwp.at\/veranstaltungen\/wp-json\/wp\/v2\/product_cat?post=188489"},{"taxonomy":"product_tag","embeddable":true,"href":"https:\/\/kwp.at\/veranstaltungen\/wp-json\/wp\/v2\/product_tag?post=188489"}],"curies":[{"name":"wp","href":"https:\/\/api.w.org\/{rel}","templated":true}]}}