{"id":184053,"date":"2026-04-20T13:36:04","date_gmt":"2026-04-20T11:36:04","guid":{"rendered":"https:\/\/kwp.at\/veranstaltungen\/product\/vortrag-ueber-sexuelle-gesundheit-im-alter\/"},"modified":"2026-04-20T13:36:05","modified_gmt":"2026-04-20T11:36:05","slug":"vortrag-ueber-sexuelle-gesundheit-im-alter","status":"publish","type":"product","link":"https:\/\/kwp.at\/veranstaltungen\/product\/vortrag-ueber-sexuelle-gesundheit-im-alter\/","title":{"rendered":"Vortrag \u00fcber sexuelle Gesundheit im Alter"},"excerpt":{"rendered":"<p>Kein Tabuthema: Lust auf Reden! Sexuelle Gef\u00fchle, Fantasien und W\u00fcnsche begleiten Menschen ein ganzes Leben. Sexuelle Gesundheit betrifft uns in jedem Lebensalter. Wir freuen uns Mag.a (FH) Sabine Lex und Mag.a Barbara Murero-Holzbauer zu diesem Thema in unserem Klub begr\u00fc\u00dfen zu d\u00fcrfen! Sie m\u00f6chten mit gezielten Informationen \u00fcber sexuelle Gesundheit im Allgemeinen, sexuelle Themen im Alter im Speziellen und sexuell \u00fcbertragbare Infektionen aufmerksam machen.<\/p>\n","protected":false},"author":778,"comment_status":"closed","ping_status":"open","template":"","meta":{"_acf_changed":false},"product_brand":[],"product_cat":[15],"product_tag":[],"class_list":{"0":"post-184053","1":"product","2":"type-product","3":"status-publish","5":"product_cat-uncategorized","7":"first","8":"instock","9":"taxable","10":"shipping-taxable","11":"purchasable","12":"product-type-event"},"acf":[],"yoast_head":"<!-- This site is optimized with the Yoast SEO plugin v27.4 - https:\/\/yoast.com\/product\/yoast-seo-wordpress\/ -->\n<title>Vortrag \u00fcber sexuelle Gesundheit im Alter - Veranstaltungen - H\u00e4user zum Leben und Pensionist*innenklubs<\/title>\n<meta name=\"robots\" content=\"index, follow, max-snippet:-1, max-image-preview:large, max-video-preview:-1\" \/>\n<link rel=\"canonical\" href=\"https:\/\/kwp.at\/veranstaltungen\/product\/vortrag-ueber-sexuelle-gesundheit-im-alter\/\" \/>\n<meta property=\"og:locale\" content=\"de_DE\" \/>\n<meta property=\"og:type\" content=\"article\" \/>\n<meta property=\"og:title\" content=\"Vortrag \u00fcber sexuelle Gesundheit im Alter - Veranstaltungen - H\u00e4user zum Leben und Pensionist*innenklubs\" \/>\n<meta property=\"og:description\" content=\"Kein Tabuthema: Lust auf Reden! Sexuelle Gef\u00fchle, Fantasien und W\u00fcnsche begleiten Menschen ein ganzes Leben. Sexuelle Gesundheit betrifft uns in jedem Lebensalter. Wir freuen uns Mag.a (FH) Sabine Lex und Mag.a Barbara Murero-Holzbauer zu diesem Thema in unserem Klub begr\u00fc\u00dfen zu d\u00fcrfen! Sie m\u00f6chten mit gezielten Informationen \u00fcber sexuelle Gesundheit im Allgemeinen, sexuelle Themen im Alter im Speziellen und sexuell \u00fcbertragbare Infektionen aufmerksam machen.\" \/>\n<meta property=\"og:url\" content=\"https:\/\/kwp.at\/veranstaltungen\/product\/vortrag-ueber-sexuelle-gesundheit-im-alter\/\" \/>\n<meta property=\"og:site_name\" content=\"Veranstaltungen - H\u00e4user zum Leben und Pensionist*innenklubs\" \/>\n<meta property=\"article:modified_time\" content=\"2026-04-20T11:36:05+00:00\" \/>\n<meta name=\"twitter:card\" content=\"summary_large_image\" \/>\n<script type=\"application\/ld+json\" class=\"yoast-schema-graph\">{\"@context\":\"https:\\\/\\\/schema.org\",\"@graph\":[{\"@type\":\"WebPage\",\"@id\":\"https:\\\/\\\/kwp.at\\\/veranstaltungen\\\/product\\\/vortrag-ueber-sexuelle-gesundheit-im-alter\\\/\",\"url\":\"https:\\\/\\\/kwp.at\\\/veranstaltungen\\\/product\\\/vortrag-ueber-sexuelle-gesundheit-im-alter\\\/\",\"name\":\"Vortrag \u00fcber sexuelle Gesundheit im Alter - Veranstaltungen - H\u00e4user zum Leben und Pensionist*innenklubs\",\"isPartOf\":{\"@id\":\"https:\\\/\\\/kwp.at\\\/veranstaltungen\\\/#website\"},\"datePublished\":\"2026-04-20T11:36:04+00:00\",\"dateModified\":\"2026-04-20T11:36:05+00:00\",\"breadcrumb\":{\"@id\":\"https:\\\/\\\/kwp.at\\\/veranstaltungen\\\/product\\\/vortrag-ueber-sexuelle-gesundheit-im-alter\\\/#breadcrumb\"},\"inLanguage\":\"de\",\"potentialAction\":[{\"@type\":\"ReadAction\",\"target\":[\"https:\\\/\\\/kwp.at\\\/veranstaltungen\\\/product\\\/vortrag-ueber-sexuelle-gesundheit-im-alter\\\/\"]}]},{\"@type\":\"BreadcrumbList\",\"@id\":\"https:\\\/\\\/kwp.at\\\/veranstaltungen\\\/product\\\/vortrag-ueber-sexuelle-gesundheit-im-alter\\\/#breadcrumb\",\"itemListElement\":[{\"@type\":\"ListItem\",\"position\":1,\"name\":\"Home\",\"item\":\"https:\\\/\\\/kwp.at\\\/veranstaltungen\\\/\"},{\"@type\":\"ListItem\",\"position\":2,\"name\":\"Shop\",\"item\":\"https:\\\/\\\/kwp.at\\\/veranstaltungen\\\/\"},{\"@type\":\"ListItem\",\"position\":3,\"name\":\"Vortrag \u00fcber sexuelle Gesundheit im Alter\"}]},{\"@type\":\"WebSite\",\"@id\":\"https:\\\/\\\/kwp.at\\\/veranstaltungen\\\/#website\",\"url\":\"https:\\\/\\\/kwp.at\\\/veranstaltungen\\\/\",\"name\":\"Veranstaltungen - H\u00e4user zum Leben und Pensionist*innenklubs\",\"description\":\"Unsere Angebote der H\u00e4user und Klubs\",\"potentialAction\":[{\"@type\":\"SearchAction\",\"target\":{\"@type\":\"EntryPoint\",\"urlTemplate\":\"https:\\\/\\\/kwp.at\\\/veranstaltungen\\\/?s={search_term_string}\"},\"query-input\":{\"@type\":\"PropertyValueSpecification\",\"valueRequired\":true,\"valueName\":\"search_term_string\"}}],\"inLanguage\":\"de\"}]}<\/script>\n<!-- \/ Yoast SEO plugin. -->","yoast_head_json":{"title":"Vortrag \u00fcber sexuelle Gesundheit im Alter - Veranstaltungen - H\u00e4user zum Leben und Pensionist*innenklubs","robots":{"index":"index","follow":"follow","max-snippet":"max-snippet:-1","max-image-preview":"max-image-preview:large","max-video-preview":"max-video-preview:-1"},"canonical":"https:\/\/kwp.at\/veranstaltungen\/product\/vortrag-ueber-sexuelle-gesundheit-im-alter\/","og_locale":"de_DE","og_type":"article","og_title":"Vortrag \u00fcber sexuelle Gesundheit im Alter - Veranstaltungen - H\u00e4user zum Leben und Pensionist*innenklubs","og_description":"Kein Tabuthema: Lust auf Reden! Sexuelle Gef\u00fchle, Fantasien und W\u00fcnsche begleiten Menschen ein ganzes Leben. Sexuelle Gesundheit betrifft uns in jedem Lebensalter. Wir freuen uns Mag.a (FH) Sabine Lex und Mag.a Barbara Murero-Holzbauer zu diesem Thema in unserem Klub begr\u00fc\u00dfen zu d\u00fcrfen! Sie m\u00f6chten mit gezielten Informationen \u00fcber sexuelle Gesundheit im Allgemeinen, sexuelle Themen im Alter im Speziellen und sexuell \u00fcbertragbare Infektionen aufmerksam machen.","og_url":"https:\/\/kwp.at\/veranstaltungen\/product\/vortrag-ueber-sexuelle-gesundheit-im-alter\/","og_site_name":"Veranstaltungen - H\u00e4user zum Leben und Pensionist*innenklubs","article_modified_time":"2026-04-20T11:36:05+00:00","twitter_card":"summary_large_image","schema":{"@context":"https:\/\/schema.org","@graph":[{"@type":"WebPage","@id":"https:\/\/kwp.at\/veranstaltungen\/product\/vortrag-ueber-sexuelle-gesundheit-im-alter\/","url":"https:\/\/kwp.at\/veranstaltungen\/product\/vortrag-ueber-sexuelle-gesundheit-im-alter\/","name":"Vortrag \u00fcber sexuelle Gesundheit im Alter - Veranstaltungen - H\u00e4user zum Leben und Pensionist*innenklubs","isPartOf":{"@id":"https:\/\/kwp.at\/veranstaltungen\/#website"},"datePublished":"2026-04-20T11:36:04+00:00","dateModified":"2026-04-20T11:36:05+00:00","breadcrumb":{"@id":"https:\/\/kwp.at\/veranstaltungen\/product\/vortrag-ueber-sexuelle-gesundheit-im-alter\/#breadcrumb"},"inLanguage":"de","potentialAction":[{"@type":"ReadAction","target":["https:\/\/kwp.at\/veranstaltungen\/product\/vortrag-ueber-sexuelle-gesundheit-im-alter\/"]}]},{"@type":"BreadcrumbList","@id":"https:\/\/kwp.at\/veranstaltungen\/product\/vortrag-ueber-sexuelle-gesundheit-im-alter\/#breadcrumb","itemListElement":[{"@type":"ListItem","position":1,"name":"Home","item":"https:\/\/kwp.at\/veranstaltungen\/"},{"@type":"ListItem","position":2,"name":"Shop","item":"https:\/\/kwp.at\/veranstaltungen\/"},{"@type":"ListItem","position":3,"name":"Vortrag \u00fcber sexuelle Gesundheit im Alter"}]},{"@type":"WebSite","@id":"https:\/\/kwp.at\/veranstaltungen\/#website","url":"https:\/\/kwp.at\/veranstaltungen\/","name":"Veranstaltungen - H\u00e4user zum Leben und Pensionist*innenklubs","description":"Unsere Angebote der H\u00e4user und Klubs","potentialAction":[{"@type":"SearchAction","target":{"@type":"EntryPoint","urlTemplate":"https:\/\/kwp.at\/veranstaltungen\/?s={search_term_string}"},"query-input":{"@type":"PropertyValueSpecification","valueRequired":true,"valueName":"search_term_string"}}],"inLanguage":"de"}]}},"_links":{"self":[{"href":"https:\/\/kwp.at\/veranstaltungen\/wp-json\/wp\/v2\/product\/184053","targetHints":{"allow":["GET"]}}],"collection":[{"href":"https:\/\/kwp.at\/veranstaltungen\/wp-json\/wp\/v2\/product"}],"about":[{"href":"https:\/\/kwp.at\/veranstaltungen\/wp-json\/wp\/v2\/types\/product"}],"author":[{"embeddable":true,"href":"https:\/\/kwp.at\/veranstaltungen\/wp-json\/wp\/v2\/users\/778"}],"replies":[{"embeddable":true,"href":"https:\/\/kwp.at\/veranstaltungen\/wp-json\/wp\/v2\/comments?post=184053"}],"wp:attachment":[{"href":"https:\/\/kwp.at\/veranstaltungen\/wp-json\/wp\/v2\/media?parent=184053"}],"wp:term":[{"taxonomy":"product_brand","embeddable":true,"href":"https:\/\/kwp.at\/veranstaltungen\/wp-json\/wp\/v2\/product_brand?post=184053"},{"taxonomy":"product_cat","embeddable":true,"href":"https:\/\/kwp.at\/veranstaltungen\/wp-json\/wp\/v2\/product_cat?post=184053"},{"taxonomy":"product_tag","embeddable":true,"href":"https:\/\/kwp.at\/veranstaltungen\/wp-json\/wp\/v2\/product_tag?post=184053"}],"curies":[{"name":"wp","href":"https:\/\/api.w.org\/{rel}","templated":true}]}}