{"id":183108,"date":"2026-04-16T20:37:30","date_gmt":"2026-04-16T18:37:30","guid":{"rendered":"https:\/\/kwp.at\/veranstaltungen\/product\/ausflug-nach-linz-mit-der-westbahn-freier-nachmittag\/"},"modified":"2026-04-17T12:06:11","modified_gmt":"2026-04-17T10:06:11","slug":"ausflug-nach-linz-mit-der-westbahn-freier-nachmittag","status":"publish","type":"product","link":"https:\/\/kwp.at\/veranstaltungen\/product\/ausflug-nach-linz-mit-der-westbahn-freier-nachmittag\/","title":{"rendered":"Ausflug nach Linz mit der Westbahn, freier Nachmittag"},"excerpt":{"rendered":"<p><b><i>Abfahrtsstelle:  <\/i><\/b>07., Westbahnhof, Zug 906, Abfahrt 08:38 \/ R\u00fcckreise: Bahnhof Linz, Zug 923, Abfahrt 17:06 Uhr <\/p>\n<p style=\"font-size: 14px;\">Mit Ihrer Buchung akzeptieren Sie folgende Bedingungen: Alle Angaben ohne Gew\u00e4hr, \u00c4nderungen und Druckfehler vorbehalten. Termine k\u00f6nnen aus wichtigen Gr\u00fcnden verschoben oder abgesagt werden. Der Ausflug findet nur bei mindestens 30 Teilnehmenden statt. Bei Stornierung durch Teilnehmende keine R\u00fcckerstattung, sofern gesetzlich zul\u00e4ssig. Bitte informieren Sie sich kurz vorab auf unserer Homepage \u00fcber den aktuellen Status dieses Ausflugs.<\/p>\n","protected":false},"author":79,"comment_status":"closed","ping_status":"closed","template":"","meta":{"_acf_changed":false},"product_brand":[],"product_cat":[15],"product_tag":[],"class_list":{"0":"post-183108","1":"product","2":"type-product","3":"status-publish","5":"product_cat-uncategorized","7":"first","8":"instock","9":"taxable","10":"shipping-taxable","11":"purchasable","12":"product-type-variable"},"acf":[],"yoast_head":"<!-- This site is optimized with the Yoast SEO plugin v27.4 - https:\/\/yoast.com\/product\/yoast-seo-wordpress\/ -->\n<title>Ausflug nach Linz mit der Westbahn, freier Nachmittag - Veranstaltungen - H\u00e4user zum Leben und Pensionist*innenklubs<\/title>\n<meta name=\"robots\" content=\"index, follow, max-snippet:-1, max-image-preview:large, max-video-preview:-1\" \/>\n<link rel=\"canonical\" href=\"https:\/\/kwp.at\/veranstaltungen\/product\/ausflug-nach-linz-mit-der-westbahn-freier-nachmittag\/\" \/>\n<meta property=\"og:locale\" content=\"de_DE\" \/>\n<meta property=\"og:type\" content=\"article\" \/>\n<meta property=\"og:title\" content=\"Ausflug nach Linz mit der Westbahn, freier Nachmittag - Veranstaltungen - H\u00e4user zum Leben und Pensionist*innenklubs\" \/>\n<meta property=\"og:description\" content=\"Abfahrtsstelle: 07., Westbahnhof, Zug 906, Abfahrt 08:38 \/ R\u00fcckreise: Bahnhof Linz, Zug 923, Abfahrt 17:06 Uhr Mit Ihrer Buchung akzeptieren Sie folgende Bedingungen: Alle Angaben ohne Gew\u00e4hr, \u00c4nderungen und Druckfehler vorbehalten. Termine k\u00f6nnen aus wichtigen Gr\u00fcnden verschoben oder abgesagt werden. Der Ausflug findet nur bei mindestens 30 Teilnehmenden statt. Bei Stornierung durch Teilnehmende keine R\u00fcckerstattung, sofern gesetzlich zul\u00e4ssig. Bitte informieren Sie sich kurz vorab auf unserer Homepage \u00fcber den aktuellen Status dieses Ausflugs.\" \/>\n<meta property=\"og:url\" content=\"https:\/\/kwp.at\/veranstaltungen\/product\/ausflug-nach-linz-mit-der-westbahn-freier-nachmittag\/\" \/>\n<meta property=\"og:site_name\" content=\"Veranstaltungen - H\u00e4user zum Leben und Pensionist*innenklubs\" \/>\n<meta property=\"article:modified_time\" content=\"2026-04-17T10:06:11+00:00\" \/>\n<meta name=\"twitter:card\" content=\"summary_large_image\" \/>\n<script type=\"application\/ld+json\" class=\"yoast-schema-graph\">{\"@context\":\"https:\\\/\\\/schema.org\",\"@graph\":[{\"@type\":\"WebPage\",\"@id\":\"https:\\\/\\\/kwp.at\\\/veranstaltungen\\\/product\\\/ausflug-nach-linz-mit-der-westbahn-freier-nachmittag\\\/\",\"url\":\"https:\\\/\\\/kwp.at\\\/veranstaltungen\\\/product\\\/ausflug-nach-linz-mit-der-westbahn-freier-nachmittag\\\/\",\"name\":\"Ausflug nach Linz mit der Westbahn, freier Nachmittag - Veranstaltungen - H\u00e4user zum Leben und Pensionist*innenklubs\",\"isPartOf\":{\"@id\":\"https:\\\/\\\/kwp.at\\\/veranstaltungen\\\/#website\"},\"datePublished\":\"2026-04-16T18:37:30+00:00\",\"dateModified\":\"2026-04-17T10:06:11+00:00\",\"breadcrumb\":{\"@id\":\"https:\\\/\\\/kwp.at\\\/veranstaltungen\\\/product\\\/ausflug-nach-linz-mit-der-westbahn-freier-nachmittag\\\/#breadcrumb\"},\"inLanguage\":\"de\",\"potentialAction\":[{\"@type\":\"ReadAction\",\"target\":[\"https:\\\/\\\/kwp.at\\\/veranstaltungen\\\/product\\\/ausflug-nach-linz-mit-der-westbahn-freier-nachmittag\\\/\"]}]},{\"@type\":\"BreadcrumbList\",\"@id\":\"https:\\\/\\\/kwp.at\\\/veranstaltungen\\\/product\\\/ausflug-nach-linz-mit-der-westbahn-freier-nachmittag\\\/#breadcrumb\",\"itemListElement\":[{\"@type\":\"ListItem\",\"position\":1,\"name\":\"Home\",\"item\":\"https:\\\/\\\/kwp.at\\\/veranstaltungen\\\/\"},{\"@type\":\"ListItem\",\"position\":2,\"name\":\"Shop\",\"item\":\"https:\\\/\\\/kwp.at\\\/veranstaltungen\\\/\"},{\"@type\":\"ListItem\",\"position\":3,\"name\":\"Ausflug nach Linz mit der Westbahn, freier Nachmittag\"}]},{\"@type\":\"WebSite\",\"@id\":\"https:\\\/\\\/kwp.at\\\/veranstaltungen\\\/#website\",\"url\":\"https:\\\/\\\/kwp.at\\\/veranstaltungen\\\/\",\"name\":\"Veranstaltungen - H\u00e4user zum Leben und Pensionist*innenklubs\",\"description\":\"Unsere Angebote der H\u00e4user und Klubs\",\"potentialAction\":[{\"@type\":\"SearchAction\",\"target\":{\"@type\":\"EntryPoint\",\"urlTemplate\":\"https:\\\/\\\/kwp.at\\\/veranstaltungen\\\/?s={search_term_string}\"},\"query-input\":{\"@type\":\"PropertyValueSpecification\",\"valueRequired\":true,\"valueName\":\"search_term_string\"}}],\"inLanguage\":\"de\"}]}<\/script>\n<!-- \/ Yoast SEO plugin. -->","yoast_head_json":{"title":"Ausflug nach Linz mit der Westbahn, freier Nachmittag - Veranstaltungen - H\u00e4user zum Leben und Pensionist*innenklubs","robots":{"index":"index","follow":"follow","max-snippet":"max-snippet:-1","max-image-preview":"max-image-preview:large","max-video-preview":"max-video-preview:-1"},"canonical":"https:\/\/kwp.at\/veranstaltungen\/product\/ausflug-nach-linz-mit-der-westbahn-freier-nachmittag\/","og_locale":"de_DE","og_type":"article","og_title":"Ausflug nach Linz mit der Westbahn, freier Nachmittag - Veranstaltungen - H\u00e4user zum Leben und Pensionist*innenklubs","og_description":"Abfahrtsstelle: 07., Westbahnhof, Zug 906, Abfahrt 08:38 \/ R\u00fcckreise: Bahnhof Linz, Zug 923, Abfahrt 17:06 Uhr Mit Ihrer Buchung akzeptieren Sie folgende Bedingungen: Alle Angaben ohne Gew\u00e4hr, \u00c4nderungen und Druckfehler vorbehalten. Termine k\u00f6nnen aus wichtigen Gr\u00fcnden verschoben oder abgesagt werden. Der Ausflug findet nur bei mindestens 30 Teilnehmenden statt. Bei Stornierung durch Teilnehmende keine R\u00fcckerstattung, sofern gesetzlich zul\u00e4ssig. Bitte informieren Sie sich kurz vorab auf unserer Homepage \u00fcber den aktuellen Status dieses Ausflugs.","og_url":"https:\/\/kwp.at\/veranstaltungen\/product\/ausflug-nach-linz-mit-der-westbahn-freier-nachmittag\/","og_site_name":"Veranstaltungen - H\u00e4user zum Leben und Pensionist*innenklubs","article_modified_time":"2026-04-17T10:06:11+00:00","twitter_card":"summary_large_image","schema":{"@context":"https:\/\/schema.org","@graph":[{"@type":"WebPage","@id":"https:\/\/kwp.at\/veranstaltungen\/product\/ausflug-nach-linz-mit-der-westbahn-freier-nachmittag\/","url":"https:\/\/kwp.at\/veranstaltungen\/product\/ausflug-nach-linz-mit-der-westbahn-freier-nachmittag\/","name":"Ausflug nach Linz mit der Westbahn, freier Nachmittag - Veranstaltungen - H\u00e4user zum Leben und Pensionist*innenklubs","isPartOf":{"@id":"https:\/\/kwp.at\/veranstaltungen\/#website"},"datePublished":"2026-04-16T18:37:30+00:00","dateModified":"2026-04-17T10:06:11+00:00","breadcrumb":{"@id":"https:\/\/kwp.at\/veranstaltungen\/product\/ausflug-nach-linz-mit-der-westbahn-freier-nachmittag\/#breadcrumb"},"inLanguage":"de","potentialAction":[{"@type":"ReadAction","target":["https:\/\/kwp.at\/veranstaltungen\/product\/ausflug-nach-linz-mit-der-westbahn-freier-nachmittag\/"]}]},{"@type":"BreadcrumbList","@id":"https:\/\/kwp.at\/veranstaltungen\/product\/ausflug-nach-linz-mit-der-westbahn-freier-nachmittag\/#breadcrumb","itemListElement":[{"@type":"ListItem","position":1,"name":"Home","item":"https:\/\/kwp.at\/veranstaltungen\/"},{"@type":"ListItem","position":2,"name":"Shop","item":"https:\/\/kwp.at\/veranstaltungen\/"},{"@type":"ListItem","position":3,"name":"Ausflug nach Linz mit der Westbahn, freier Nachmittag"}]},{"@type":"WebSite","@id":"https:\/\/kwp.at\/veranstaltungen\/#website","url":"https:\/\/kwp.at\/veranstaltungen\/","name":"Veranstaltungen - H\u00e4user zum Leben und Pensionist*innenklubs","description":"Unsere Angebote der H\u00e4user und Klubs","potentialAction":[{"@type":"SearchAction","target":{"@type":"EntryPoint","urlTemplate":"https:\/\/kwp.at\/veranstaltungen\/?s={search_term_string}"},"query-input":{"@type":"PropertyValueSpecification","valueRequired":true,"valueName":"search_term_string"}}],"inLanguage":"de"}]}},"_links":{"self":[{"href":"https:\/\/kwp.at\/veranstaltungen\/wp-json\/wp\/v2\/product\/183108","targetHints":{"allow":["GET"]}}],"collection":[{"href":"https:\/\/kwp.at\/veranstaltungen\/wp-json\/wp\/v2\/product"}],"about":[{"href":"https:\/\/kwp.at\/veranstaltungen\/wp-json\/wp\/v2\/types\/product"}],"author":[{"embeddable":true,"href":"https:\/\/kwp.at\/veranstaltungen\/wp-json\/wp\/v2\/users\/79"}],"replies":[{"embeddable":true,"href":"https:\/\/kwp.at\/veranstaltungen\/wp-json\/wp\/v2\/comments?post=183108"}],"wp:attachment":[{"href":"https:\/\/kwp.at\/veranstaltungen\/wp-json\/wp\/v2\/media?parent=183108"}],"wp:term":[{"taxonomy":"product_brand","embeddable":true,"href":"https:\/\/kwp.at\/veranstaltungen\/wp-json\/wp\/v2\/product_brand?post=183108"},{"taxonomy":"product_cat","embeddable":true,"href":"https:\/\/kwp.at\/veranstaltungen\/wp-json\/wp\/v2\/product_cat?post=183108"},{"taxonomy":"product_tag","embeddable":true,"href":"https:\/\/kwp.at\/veranstaltungen\/wp-json\/wp\/v2\/product_tag?post=183108"}],"curies":[{"name":"wp","href":"https:\/\/api.w.org\/{rel}","templated":true}]}}