{"id":182711,"date":"2026-04-16T12:07:27","date_gmt":"2026-04-16T10:07:27","guid":{"rendered":"https:\/\/kwp.at\/veranstaltungen\/product\/bewegungsgruppe-fuer-gefluechtete-seniorinnen-10\/"},"modified":"2026-04-16T12:07:28","modified_gmt":"2026-04-16T10:07:28","slug":"bewegungsgruppe-fuer-gefluechtete-seniorinnen-10","status":"publish","type":"product","link":"https:\/\/kwp.at\/veranstaltungen\/product\/bewegungsgruppe-fuer-gefluechtete-seniorinnen-10\/","title":{"rendered":"Bewegungsgruppe f\u00fcr gefl\u00fcchtete Seniorinnen"},"excerpt":{"rendered":"<p>PROJEKT NEDA! Wir laden Frauen ab 50 Jahren herzlich zu einem kostenlosen, sanften Bewegungsangebot ein. In einer freundlichen Gruppe st\u00e4rken wir gemeinsam Fitness, Beweglichkeit und seelisches Wohlbefinden. Spielerische \u00dcbungen f\u00f6rdern die Herz-Kreislauf-Gesundheit, bauen Stress ab und schaffen Gemeinschaft.<\/p>\n<p>Bei Bedarf begleitet eine arabisch- und deutschsprachige Psychologin die Gruppe und bietet eine einf\u00fchlsame, traumasensible Unterst\u00fctzung. Das Angebot richtet sich besonders an Seniorinnen, die Arabisch und\/oder Deutsch sprechen und Interesse an Bewegung, Entspannung und sozialen Kontakten haben.<\/p>\n","protected":false},"author":740,"comment_status":"closed","ping_status":"open","template":"","meta":{"_acf_changed":false},"product_brand":[],"product_cat":[15],"product_tag":[],"class_list":{"0":"post-182711","1":"product","2":"type-product","3":"status-publish","5":"product_cat-uncategorized","7":"first","8":"instock","9":"taxable","10":"shipping-taxable","11":"purchasable","12":"product-type-event"},"acf":[],"yoast_head":"<!-- This site is optimized with the Yoast SEO plugin v27.4 - https:\/\/yoast.com\/product\/yoast-seo-wordpress\/ -->\n<title>Bewegungsgruppe f\u00fcr gefl\u00fcchtete Seniorinnen - Veranstaltungen - H\u00e4user zum Leben und Pensionist*innenklubs<\/title>\n<meta name=\"robots\" content=\"index, follow, max-snippet:-1, max-image-preview:large, max-video-preview:-1\" \/>\n<link rel=\"canonical\" href=\"https:\/\/kwp.at\/veranstaltungen\/product\/bewegungsgruppe-fuer-gefluechtete-seniorinnen-10\/\" \/>\n<meta property=\"og:locale\" content=\"de_DE\" \/>\n<meta property=\"og:type\" content=\"article\" \/>\n<meta property=\"og:title\" content=\"Bewegungsgruppe f\u00fcr gefl\u00fcchtete Seniorinnen - Veranstaltungen - H\u00e4user zum Leben und Pensionist*innenklubs\" \/>\n<meta property=\"og:description\" content=\"PROJEKT NEDA! Wir laden Frauen ab 50 Jahren herzlich zu einem kostenlosen, sanften Bewegungsangebot ein. In einer freundlichen Gruppe st\u00e4rken wir gemeinsam Fitness, Beweglichkeit und seelisches Wohlbefinden. Spielerische \u00dcbungen f\u00f6rdern die Herz-Kreislauf-Gesundheit, bauen Stress ab und schaffen Gemeinschaft. Bei Bedarf begleitet eine arabisch- und deutschsprachige Psychologin die Gruppe und bietet eine einf\u00fchlsame, traumasensible Unterst\u00fctzung. Das Angebot richtet sich besonders an Seniorinnen, die Arabisch und\/oder Deutsch sprechen und Interesse an Bewegung, Entspannung und sozialen Kontakten haben.\" \/>\n<meta property=\"og:url\" content=\"https:\/\/kwp.at\/veranstaltungen\/product\/bewegungsgruppe-fuer-gefluechtete-seniorinnen-10\/\" \/>\n<meta property=\"og:site_name\" content=\"Veranstaltungen - H\u00e4user zum Leben und Pensionist*innenklubs\" \/>\n<meta property=\"article:modified_time\" content=\"2026-04-16T10:07:28+00:00\" \/>\n<meta name=\"twitter:card\" content=\"summary_large_image\" \/>\n<script type=\"application\/ld+json\" class=\"yoast-schema-graph\">{\"@context\":\"https:\\\/\\\/schema.org\",\"@graph\":[{\"@type\":\"WebPage\",\"@id\":\"https:\\\/\\\/kwp.at\\\/veranstaltungen\\\/product\\\/bewegungsgruppe-fuer-gefluechtete-seniorinnen-10\\\/\",\"url\":\"https:\\\/\\\/kwp.at\\\/veranstaltungen\\\/product\\\/bewegungsgruppe-fuer-gefluechtete-seniorinnen-10\\\/\",\"name\":\"Bewegungsgruppe f\u00fcr gefl\u00fcchtete Seniorinnen - Veranstaltungen - H\u00e4user zum Leben und Pensionist*innenklubs\",\"isPartOf\":{\"@id\":\"https:\\\/\\\/kwp.at\\\/veranstaltungen\\\/#website\"},\"datePublished\":\"2026-04-16T10:07:27+00:00\",\"dateModified\":\"2026-04-16T10:07:28+00:00\",\"breadcrumb\":{\"@id\":\"https:\\\/\\\/kwp.at\\\/veranstaltungen\\\/product\\\/bewegungsgruppe-fuer-gefluechtete-seniorinnen-10\\\/#breadcrumb\"},\"inLanguage\":\"de\",\"potentialAction\":[{\"@type\":\"ReadAction\",\"target\":[\"https:\\\/\\\/kwp.at\\\/veranstaltungen\\\/product\\\/bewegungsgruppe-fuer-gefluechtete-seniorinnen-10\\\/\"]}]},{\"@type\":\"BreadcrumbList\",\"@id\":\"https:\\\/\\\/kwp.at\\\/veranstaltungen\\\/product\\\/bewegungsgruppe-fuer-gefluechtete-seniorinnen-10\\\/#breadcrumb\",\"itemListElement\":[{\"@type\":\"ListItem\",\"position\":1,\"name\":\"Home\",\"item\":\"https:\\\/\\\/kwp.at\\\/veranstaltungen\\\/\"},{\"@type\":\"ListItem\",\"position\":2,\"name\":\"Shop\",\"item\":\"https:\\\/\\\/kwp.at\\\/veranstaltungen\\\/\"},{\"@type\":\"ListItem\",\"position\":3,\"name\":\"Bewegungsgruppe f\u00fcr gefl\u00fcchtete Seniorinnen\"}]},{\"@type\":\"WebSite\",\"@id\":\"https:\\\/\\\/kwp.at\\\/veranstaltungen\\\/#website\",\"url\":\"https:\\\/\\\/kwp.at\\\/veranstaltungen\\\/\",\"name\":\"Veranstaltungen - H\u00e4user zum Leben und Pensionist*innenklubs\",\"description\":\"Unsere Angebote der H\u00e4user und Klubs\",\"potentialAction\":[{\"@type\":\"SearchAction\",\"target\":{\"@type\":\"EntryPoint\",\"urlTemplate\":\"https:\\\/\\\/kwp.at\\\/veranstaltungen\\\/?s={search_term_string}\"},\"query-input\":{\"@type\":\"PropertyValueSpecification\",\"valueRequired\":true,\"valueName\":\"search_term_string\"}}],\"inLanguage\":\"de\"}]}<\/script>\n<!-- \/ Yoast SEO plugin. -->","yoast_head_json":{"title":"Bewegungsgruppe f\u00fcr gefl\u00fcchtete Seniorinnen - Veranstaltungen - H\u00e4user zum Leben und Pensionist*innenklubs","robots":{"index":"index","follow":"follow","max-snippet":"max-snippet:-1","max-image-preview":"max-image-preview:large","max-video-preview":"max-video-preview:-1"},"canonical":"https:\/\/kwp.at\/veranstaltungen\/product\/bewegungsgruppe-fuer-gefluechtete-seniorinnen-10\/","og_locale":"de_DE","og_type":"article","og_title":"Bewegungsgruppe f\u00fcr gefl\u00fcchtete Seniorinnen - Veranstaltungen - H\u00e4user zum Leben und Pensionist*innenklubs","og_description":"PROJEKT NEDA! Wir laden Frauen ab 50 Jahren herzlich zu einem kostenlosen, sanften Bewegungsangebot ein. In einer freundlichen Gruppe st\u00e4rken wir gemeinsam Fitness, Beweglichkeit und seelisches Wohlbefinden. Spielerische \u00dcbungen f\u00f6rdern die Herz-Kreislauf-Gesundheit, bauen Stress ab und schaffen Gemeinschaft. Bei Bedarf begleitet eine arabisch- und deutschsprachige Psychologin die Gruppe und bietet eine einf\u00fchlsame, traumasensible Unterst\u00fctzung. Das Angebot richtet sich besonders an Seniorinnen, die Arabisch und\/oder Deutsch sprechen und Interesse an Bewegung, Entspannung und sozialen Kontakten haben.","og_url":"https:\/\/kwp.at\/veranstaltungen\/product\/bewegungsgruppe-fuer-gefluechtete-seniorinnen-10\/","og_site_name":"Veranstaltungen - H\u00e4user zum Leben und Pensionist*innenklubs","article_modified_time":"2026-04-16T10:07:28+00:00","twitter_card":"summary_large_image","schema":{"@context":"https:\/\/schema.org","@graph":[{"@type":"WebPage","@id":"https:\/\/kwp.at\/veranstaltungen\/product\/bewegungsgruppe-fuer-gefluechtete-seniorinnen-10\/","url":"https:\/\/kwp.at\/veranstaltungen\/product\/bewegungsgruppe-fuer-gefluechtete-seniorinnen-10\/","name":"Bewegungsgruppe f\u00fcr gefl\u00fcchtete Seniorinnen - Veranstaltungen - H\u00e4user zum Leben und Pensionist*innenklubs","isPartOf":{"@id":"https:\/\/kwp.at\/veranstaltungen\/#website"},"datePublished":"2026-04-16T10:07:27+00:00","dateModified":"2026-04-16T10:07:28+00:00","breadcrumb":{"@id":"https:\/\/kwp.at\/veranstaltungen\/product\/bewegungsgruppe-fuer-gefluechtete-seniorinnen-10\/#breadcrumb"},"inLanguage":"de","potentialAction":[{"@type":"ReadAction","target":["https:\/\/kwp.at\/veranstaltungen\/product\/bewegungsgruppe-fuer-gefluechtete-seniorinnen-10\/"]}]},{"@type":"BreadcrumbList","@id":"https:\/\/kwp.at\/veranstaltungen\/product\/bewegungsgruppe-fuer-gefluechtete-seniorinnen-10\/#breadcrumb","itemListElement":[{"@type":"ListItem","position":1,"name":"Home","item":"https:\/\/kwp.at\/veranstaltungen\/"},{"@type":"ListItem","position":2,"name":"Shop","item":"https:\/\/kwp.at\/veranstaltungen\/"},{"@type":"ListItem","position":3,"name":"Bewegungsgruppe f\u00fcr gefl\u00fcchtete Seniorinnen"}]},{"@type":"WebSite","@id":"https:\/\/kwp.at\/veranstaltungen\/#website","url":"https:\/\/kwp.at\/veranstaltungen\/","name":"Veranstaltungen - H\u00e4user zum Leben und Pensionist*innenklubs","description":"Unsere Angebote der H\u00e4user und Klubs","potentialAction":[{"@type":"SearchAction","target":{"@type":"EntryPoint","urlTemplate":"https:\/\/kwp.at\/veranstaltungen\/?s={search_term_string}"},"query-input":{"@type":"PropertyValueSpecification","valueRequired":true,"valueName":"search_term_string"}}],"inLanguage":"de"}]}},"_links":{"self":[{"href":"https:\/\/kwp.at\/veranstaltungen\/wp-json\/wp\/v2\/product\/182711","targetHints":{"allow":["GET"]}}],"collection":[{"href":"https:\/\/kwp.at\/veranstaltungen\/wp-json\/wp\/v2\/product"}],"about":[{"href":"https:\/\/kwp.at\/veranstaltungen\/wp-json\/wp\/v2\/types\/product"}],"author":[{"embeddable":true,"href":"https:\/\/kwp.at\/veranstaltungen\/wp-json\/wp\/v2\/users\/740"}],"replies":[{"embeddable":true,"href":"https:\/\/kwp.at\/veranstaltungen\/wp-json\/wp\/v2\/comments?post=182711"}],"wp:attachment":[{"href":"https:\/\/kwp.at\/veranstaltungen\/wp-json\/wp\/v2\/media?parent=182711"}],"wp:term":[{"taxonomy":"product_brand","embeddable":true,"href":"https:\/\/kwp.at\/veranstaltungen\/wp-json\/wp\/v2\/product_brand?post=182711"},{"taxonomy":"product_cat","embeddable":true,"href":"https:\/\/kwp.at\/veranstaltungen\/wp-json\/wp\/v2\/product_cat?post=182711"},{"taxonomy":"product_tag","embeddable":true,"href":"https:\/\/kwp.at\/veranstaltungen\/wp-json\/wp\/v2\/product_tag?post=182711"}],"curies":[{"name":"wp","href":"https:\/\/api.w.org\/{rel}","templated":true}]}}