{"id":182590,"date":"2026-04-17T08:01:13","date_gmt":"2026-04-17T06:01:13","guid":{"rendered":"https:\/\/kwp.at\/veranstaltungen\/product\/konzert-mit-daniela-krammer-und-petra-dinhof\/"},"modified":"2026-04-17T08:01:14","modified_gmt":"2026-04-17T06:01:14","slug":"konzert-mit-daniela-krammer-und-petra-dinhof","status":"publish","type":"product","link":"https:\/\/kwp.at\/veranstaltungen\/product\/konzert-mit-daniela-krammer-und-petra-dinhof\/","title":{"rendered":"Konzert mit Daniela Krammer und Petra Dinhof"},"excerpt":{"rendered":"<p>Ein stimmungsvolles Fr\u00fchlingskonzert, das den Mai musikalisch willkommen hei\u00dft &#8222;Komm lieber Mai und lache&#8220; von 15 bis 16 Uhr im GastHaus. Die K\u00fcche versorgt uns mit K\u00f6stlichkeiten. F\u00fcr Klubmitglieder kostenlos. F\u00fcr externe Besucher*innen und Angeh\u00f6rige 10\u20ac.<\/p>\n","protected":false},"author":777,"comment_status":"closed","ping_status":"open","template":"","meta":{"_acf_changed":false},"product_brand":[],"product_cat":[15],"product_tag":[],"class_list":{"0":"post-182590","1":"product","2":"type-product","3":"status-publish","5":"product_cat-uncategorized","7":"first","8":"instock","9":"taxable","10":"shipping-taxable","11":"purchasable","12":"product-type-event"},"acf":[],"yoast_head":"<!-- This site is optimized with the Yoast SEO plugin v27.4 - https:\/\/yoast.com\/product\/yoast-seo-wordpress\/ -->\n<title>Konzert mit Daniela Krammer und Petra Dinhof - Veranstaltungen - H\u00e4user zum Leben und Pensionist*innenklubs<\/title>\n<meta name=\"robots\" content=\"index, follow, max-snippet:-1, max-image-preview:large, max-video-preview:-1\" \/>\n<link rel=\"canonical\" href=\"https:\/\/kwp.at\/veranstaltungen\/product\/konzert-mit-daniela-krammer-und-petra-dinhof\/\" \/>\n<meta property=\"og:locale\" content=\"de_DE\" \/>\n<meta property=\"og:type\" content=\"article\" \/>\n<meta property=\"og:title\" content=\"Konzert mit Daniela Krammer und Petra Dinhof - Veranstaltungen - H\u00e4user zum Leben und Pensionist*innenklubs\" \/>\n<meta property=\"og:description\" content=\"Ein stimmungsvolles Fr\u00fchlingskonzert, das den Mai musikalisch willkommen hei\u00dft &quot;Komm lieber Mai und lache&quot; von 15 bis 16 Uhr im GastHaus. Die K\u00fcche versorgt uns mit K\u00f6stlichkeiten. F\u00fcr Klubmitglieder kostenlos. F\u00fcr externe Besucher*innen und Angeh\u00f6rige 10\u20ac.\" \/>\n<meta property=\"og:url\" content=\"https:\/\/kwp.at\/veranstaltungen\/product\/konzert-mit-daniela-krammer-und-petra-dinhof\/\" \/>\n<meta property=\"og:site_name\" content=\"Veranstaltungen - H\u00e4user zum Leben und Pensionist*innenklubs\" \/>\n<meta property=\"article:modified_time\" content=\"2026-04-17T06:01:14+00:00\" \/>\n<meta name=\"twitter:card\" content=\"summary_large_image\" \/>\n<script type=\"application\/ld+json\" class=\"yoast-schema-graph\">{\"@context\":\"https:\\\/\\\/schema.org\",\"@graph\":[{\"@type\":\"WebPage\",\"@id\":\"https:\\\/\\\/kwp.at\\\/veranstaltungen\\\/product\\\/konzert-mit-daniela-krammer-und-petra-dinhof\\\/\",\"url\":\"https:\\\/\\\/kwp.at\\\/veranstaltungen\\\/product\\\/konzert-mit-daniela-krammer-und-petra-dinhof\\\/\",\"name\":\"Konzert mit Daniela Krammer und Petra Dinhof - Veranstaltungen - H\u00e4user zum Leben und Pensionist*innenklubs\",\"isPartOf\":{\"@id\":\"https:\\\/\\\/kwp.at\\\/veranstaltungen\\\/#website\"},\"datePublished\":\"2026-04-17T06:01:13+00:00\",\"dateModified\":\"2026-04-17T06:01:14+00:00\",\"breadcrumb\":{\"@id\":\"https:\\\/\\\/kwp.at\\\/veranstaltungen\\\/product\\\/konzert-mit-daniela-krammer-und-petra-dinhof\\\/#breadcrumb\"},\"inLanguage\":\"de\",\"potentialAction\":[{\"@type\":\"ReadAction\",\"target\":[\"https:\\\/\\\/kwp.at\\\/veranstaltungen\\\/product\\\/konzert-mit-daniela-krammer-und-petra-dinhof\\\/\"]}]},{\"@type\":\"BreadcrumbList\",\"@id\":\"https:\\\/\\\/kwp.at\\\/veranstaltungen\\\/product\\\/konzert-mit-daniela-krammer-und-petra-dinhof\\\/#breadcrumb\",\"itemListElement\":[{\"@type\":\"ListItem\",\"position\":1,\"name\":\"Home\",\"item\":\"https:\\\/\\\/kwp.at\\\/veranstaltungen\\\/\"},{\"@type\":\"ListItem\",\"position\":2,\"name\":\"Shop\",\"item\":\"https:\\\/\\\/kwp.at\\\/veranstaltungen\\\/\"},{\"@type\":\"ListItem\",\"position\":3,\"name\":\"Konzert mit Daniela Krammer und Petra Dinhof\"}]},{\"@type\":\"WebSite\",\"@id\":\"https:\\\/\\\/kwp.at\\\/veranstaltungen\\\/#website\",\"url\":\"https:\\\/\\\/kwp.at\\\/veranstaltungen\\\/\",\"name\":\"Veranstaltungen - H\u00e4user zum Leben und Pensionist*innenklubs\",\"description\":\"Unsere Angebote der H\u00e4user und Klubs\",\"potentialAction\":[{\"@type\":\"SearchAction\",\"target\":{\"@type\":\"EntryPoint\",\"urlTemplate\":\"https:\\\/\\\/kwp.at\\\/veranstaltungen\\\/?s={search_term_string}\"},\"query-input\":{\"@type\":\"PropertyValueSpecification\",\"valueRequired\":true,\"valueName\":\"search_term_string\"}}],\"inLanguage\":\"de\"}]}<\/script>\n<!-- \/ Yoast SEO plugin. -->","yoast_head_json":{"title":"Konzert mit Daniela Krammer und Petra Dinhof - Veranstaltungen - H\u00e4user zum Leben und Pensionist*innenklubs","robots":{"index":"index","follow":"follow","max-snippet":"max-snippet:-1","max-image-preview":"max-image-preview:large","max-video-preview":"max-video-preview:-1"},"canonical":"https:\/\/kwp.at\/veranstaltungen\/product\/konzert-mit-daniela-krammer-und-petra-dinhof\/","og_locale":"de_DE","og_type":"article","og_title":"Konzert mit Daniela Krammer und Petra Dinhof - Veranstaltungen - H\u00e4user zum Leben und Pensionist*innenklubs","og_description":"Ein stimmungsvolles Fr\u00fchlingskonzert, das den Mai musikalisch willkommen hei\u00dft \"Komm lieber Mai und lache\" von 15 bis 16 Uhr im GastHaus. Die K\u00fcche versorgt uns mit K\u00f6stlichkeiten. F\u00fcr Klubmitglieder kostenlos. F\u00fcr externe Besucher*innen und Angeh\u00f6rige 10\u20ac.","og_url":"https:\/\/kwp.at\/veranstaltungen\/product\/konzert-mit-daniela-krammer-und-petra-dinhof\/","og_site_name":"Veranstaltungen - H\u00e4user zum Leben und Pensionist*innenklubs","article_modified_time":"2026-04-17T06:01:14+00:00","twitter_card":"summary_large_image","schema":{"@context":"https:\/\/schema.org","@graph":[{"@type":"WebPage","@id":"https:\/\/kwp.at\/veranstaltungen\/product\/konzert-mit-daniela-krammer-und-petra-dinhof\/","url":"https:\/\/kwp.at\/veranstaltungen\/product\/konzert-mit-daniela-krammer-und-petra-dinhof\/","name":"Konzert mit Daniela Krammer und Petra Dinhof - Veranstaltungen - H\u00e4user zum Leben und Pensionist*innenklubs","isPartOf":{"@id":"https:\/\/kwp.at\/veranstaltungen\/#website"},"datePublished":"2026-04-17T06:01:13+00:00","dateModified":"2026-04-17T06:01:14+00:00","breadcrumb":{"@id":"https:\/\/kwp.at\/veranstaltungen\/product\/konzert-mit-daniela-krammer-und-petra-dinhof\/#breadcrumb"},"inLanguage":"de","potentialAction":[{"@type":"ReadAction","target":["https:\/\/kwp.at\/veranstaltungen\/product\/konzert-mit-daniela-krammer-und-petra-dinhof\/"]}]},{"@type":"BreadcrumbList","@id":"https:\/\/kwp.at\/veranstaltungen\/product\/konzert-mit-daniela-krammer-und-petra-dinhof\/#breadcrumb","itemListElement":[{"@type":"ListItem","position":1,"name":"Home","item":"https:\/\/kwp.at\/veranstaltungen\/"},{"@type":"ListItem","position":2,"name":"Shop","item":"https:\/\/kwp.at\/veranstaltungen\/"},{"@type":"ListItem","position":3,"name":"Konzert mit Daniela Krammer und Petra Dinhof"}]},{"@type":"WebSite","@id":"https:\/\/kwp.at\/veranstaltungen\/#website","url":"https:\/\/kwp.at\/veranstaltungen\/","name":"Veranstaltungen - H\u00e4user zum Leben und Pensionist*innenklubs","description":"Unsere Angebote der H\u00e4user und Klubs","potentialAction":[{"@type":"SearchAction","target":{"@type":"EntryPoint","urlTemplate":"https:\/\/kwp.at\/veranstaltungen\/?s={search_term_string}"},"query-input":{"@type":"PropertyValueSpecification","valueRequired":true,"valueName":"search_term_string"}}],"inLanguage":"de"}]}},"_links":{"self":[{"href":"https:\/\/kwp.at\/veranstaltungen\/wp-json\/wp\/v2\/product\/182590","targetHints":{"allow":["GET"]}}],"collection":[{"href":"https:\/\/kwp.at\/veranstaltungen\/wp-json\/wp\/v2\/product"}],"about":[{"href":"https:\/\/kwp.at\/veranstaltungen\/wp-json\/wp\/v2\/types\/product"}],"author":[{"embeddable":true,"href":"https:\/\/kwp.at\/veranstaltungen\/wp-json\/wp\/v2\/users\/777"}],"replies":[{"embeddable":true,"href":"https:\/\/kwp.at\/veranstaltungen\/wp-json\/wp\/v2\/comments?post=182590"}],"wp:attachment":[{"href":"https:\/\/kwp.at\/veranstaltungen\/wp-json\/wp\/v2\/media?parent=182590"}],"wp:term":[{"taxonomy":"product_brand","embeddable":true,"href":"https:\/\/kwp.at\/veranstaltungen\/wp-json\/wp\/v2\/product_brand?post=182590"},{"taxonomy":"product_cat","embeddable":true,"href":"https:\/\/kwp.at\/veranstaltungen\/wp-json\/wp\/v2\/product_cat?post=182590"},{"taxonomy":"product_tag","embeddable":true,"href":"https:\/\/kwp.at\/veranstaltungen\/wp-json\/wp\/v2\/product_tag?post=182590"}],"curies":[{"name":"wp","href":"https:\/\/api.w.org\/{rel}","templated":true}]}}