{"id":182428,"date":"2026-04-15T16:12:15","date_gmt":"2026-04-15T14:12:15","guid":{"rendered":"https:\/\/kwp.at\/veranstaltungen\/product\/literaturzirkel-mit-ingrid-mahl-16\/"},"modified":"2026-04-15T16:12:16","modified_gmt":"2026-04-15T14:12:16","slug":"literaturzirkel-mit-ingrid-mahl-16","status":"publish","type":"product","link":"https:\/\/kwp.at\/veranstaltungen\/product\/literaturzirkel-mit-ingrid-mahl-16\/","title":{"rendered":"Literaturzirkel mit Ingrid Mahl"},"excerpt":{"rendered":"<p>Der Literaturzirkel ist ein Ort f\u00fcr alle Freund*innen des geschriebenen Wortes. Klubmitglieder, Autor*innen und literaturbegeisterte Besucher*innen treffen sich regelm\u00e4\u00dfig zu gemeinsamen Lesungen und anschlie\u00dfender Diskussionsrunde. Die ehrenamtlich t\u00e4tige Seniorin Ingrid Mahl kuratiert und moderiert diese gemeinsamen Nachmittage, an denen wechselnde G\u00e4ste ebenfalls ihre Texte vortragen. Heute liest Stefan Cerny.<\/p>\n","protected":false},"author":647,"comment_status":"closed","ping_status":"open","template":"","meta":{"_acf_changed":false},"product_brand":[],"product_cat":[15],"product_tag":[],"class_list":{"0":"post-182428","1":"product","2":"type-product","3":"status-publish","5":"product_cat-uncategorized","7":"first","8":"instock","9":"taxable","10":"shipping-taxable","11":"purchasable","12":"product-type-event"},"acf":[],"yoast_head":"<!-- This site is optimized with the Yoast SEO plugin v27.4 - https:\/\/yoast.com\/product\/yoast-seo-wordpress\/ -->\n<title>Literaturzirkel mit Ingrid Mahl - Veranstaltungen - H\u00e4user zum Leben und Pensionist*innenklubs<\/title>\n<meta name=\"robots\" content=\"index, follow, max-snippet:-1, max-image-preview:large, max-video-preview:-1\" \/>\n<link rel=\"canonical\" href=\"https:\/\/kwp.at\/veranstaltungen\/product\/literaturzirkel-mit-ingrid-mahl-16\/\" \/>\n<meta property=\"og:locale\" content=\"de_DE\" \/>\n<meta property=\"og:type\" content=\"article\" \/>\n<meta property=\"og:title\" content=\"Literaturzirkel mit Ingrid Mahl - Veranstaltungen - H\u00e4user zum Leben und Pensionist*innenklubs\" \/>\n<meta property=\"og:description\" content=\"Der Literaturzirkel ist ein Ort f\u00fcr alle Freund*innen des geschriebenen Wortes. Klubmitglieder, Autor*innen und literaturbegeisterte Besucher*innen treffen sich regelm\u00e4\u00dfig zu gemeinsamen Lesungen und anschlie\u00dfender Diskussionsrunde. Die ehrenamtlich t\u00e4tige Seniorin Ingrid Mahl kuratiert und moderiert diese gemeinsamen Nachmittage, an denen wechselnde G\u00e4ste ebenfalls ihre Texte vortragen. Heute liest Stefan Cerny.\" \/>\n<meta property=\"og:url\" content=\"https:\/\/kwp.at\/veranstaltungen\/product\/literaturzirkel-mit-ingrid-mahl-16\/\" \/>\n<meta property=\"og:site_name\" content=\"Veranstaltungen - H\u00e4user zum Leben und Pensionist*innenklubs\" \/>\n<meta property=\"article:modified_time\" content=\"2026-04-15T14:12:16+00:00\" \/>\n<meta name=\"twitter:card\" content=\"summary_large_image\" \/>\n<script type=\"application\/ld+json\" class=\"yoast-schema-graph\">{\"@context\":\"https:\\\/\\\/schema.org\",\"@graph\":[{\"@type\":\"WebPage\",\"@id\":\"https:\\\/\\\/kwp.at\\\/veranstaltungen\\\/product\\\/literaturzirkel-mit-ingrid-mahl-16\\\/\",\"url\":\"https:\\\/\\\/kwp.at\\\/veranstaltungen\\\/product\\\/literaturzirkel-mit-ingrid-mahl-16\\\/\",\"name\":\"Literaturzirkel mit Ingrid Mahl - Veranstaltungen - H\u00e4user zum Leben und Pensionist*innenklubs\",\"isPartOf\":{\"@id\":\"https:\\\/\\\/kwp.at\\\/veranstaltungen\\\/#website\"},\"datePublished\":\"2026-04-15T14:12:15+00:00\",\"dateModified\":\"2026-04-15T14:12:16+00:00\",\"breadcrumb\":{\"@id\":\"https:\\\/\\\/kwp.at\\\/veranstaltungen\\\/product\\\/literaturzirkel-mit-ingrid-mahl-16\\\/#breadcrumb\"},\"inLanguage\":\"de\",\"potentialAction\":[{\"@type\":\"ReadAction\",\"target\":[\"https:\\\/\\\/kwp.at\\\/veranstaltungen\\\/product\\\/literaturzirkel-mit-ingrid-mahl-16\\\/\"]}]},{\"@type\":\"BreadcrumbList\",\"@id\":\"https:\\\/\\\/kwp.at\\\/veranstaltungen\\\/product\\\/literaturzirkel-mit-ingrid-mahl-16\\\/#breadcrumb\",\"itemListElement\":[{\"@type\":\"ListItem\",\"position\":1,\"name\":\"Home\",\"item\":\"https:\\\/\\\/kwp.at\\\/veranstaltungen\\\/\"},{\"@type\":\"ListItem\",\"position\":2,\"name\":\"Shop\",\"item\":\"https:\\\/\\\/kwp.at\\\/veranstaltungen\\\/\"},{\"@type\":\"ListItem\",\"position\":3,\"name\":\"Literaturzirkel mit Ingrid Mahl\"}]},{\"@type\":\"WebSite\",\"@id\":\"https:\\\/\\\/kwp.at\\\/veranstaltungen\\\/#website\",\"url\":\"https:\\\/\\\/kwp.at\\\/veranstaltungen\\\/\",\"name\":\"Veranstaltungen - H\u00e4user zum Leben und Pensionist*innenklubs\",\"description\":\"Unsere Angebote der H\u00e4user und Klubs\",\"potentialAction\":[{\"@type\":\"SearchAction\",\"target\":{\"@type\":\"EntryPoint\",\"urlTemplate\":\"https:\\\/\\\/kwp.at\\\/veranstaltungen\\\/?s={search_term_string}\"},\"query-input\":{\"@type\":\"PropertyValueSpecification\",\"valueRequired\":true,\"valueName\":\"search_term_string\"}}],\"inLanguage\":\"de\"}]}<\/script>\n<!-- \/ Yoast SEO plugin. -->","yoast_head_json":{"title":"Literaturzirkel mit Ingrid Mahl - Veranstaltungen - H\u00e4user zum Leben und Pensionist*innenklubs","robots":{"index":"index","follow":"follow","max-snippet":"max-snippet:-1","max-image-preview":"max-image-preview:large","max-video-preview":"max-video-preview:-1"},"canonical":"https:\/\/kwp.at\/veranstaltungen\/product\/literaturzirkel-mit-ingrid-mahl-16\/","og_locale":"de_DE","og_type":"article","og_title":"Literaturzirkel mit Ingrid Mahl - Veranstaltungen - H\u00e4user zum Leben und Pensionist*innenklubs","og_description":"Der Literaturzirkel ist ein Ort f\u00fcr alle Freund*innen des geschriebenen Wortes. Klubmitglieder, Autor*innen und literaturbegeisterte Besucher*innen treffen sich regelm\u00e4\u00dfig zu gemeinsamen Lesungen und anschlie\u00dfender Diskussionsrunde. Die ehrenamtlich t\u00e4tige Seniorin Ingrid Mahl kuratiert und moderiert diese gemeinsamen Nachmittage, an denen wechselnde G\u00e4ste ebenfalls ihre Texte vortragen. Heute liest Stefan Cerny.","og_url":"https:\/\/kwp.at\/veranstaltungen\/product\/literaturzirkel-mit-ingrid-mahl-16\/","og_site_name":"Veranstaltungen - H\u00e4user zum Leben und Pensionist*innenklubs","article_modified_time":"2026-04-15T14:12:16+00:00","twitter_card":"summary_large_image","schema":{"@context":"https:\/\/schema.org","@graph":[{"@type":"WebPage","@id":"https:\/\/kwp.at\/veranstaltungen\/product\/literaturzirkel-mit-ingrid-mahl-16\/","url":"https:\/\/kwp.at\/veranstaltungen\/product\/literaturzirkel-mit-ingrid-mahl-16\/","name":"Literaturzirkel mit Ingrid Mahl - Veranstaltungen - H\u00e4user zum Leben und Pensionist*innenklubs","isPartOf":{"@id":"https:\/\/kwp.at\/veranstaltungen\/#website"},"datePublished":"2026-04-15T14:12:15+00:00","dateModified":"2026-04-15T14:12:16+00:00","breadcrumb":{"@id":"https:\/\/kwp.at\/veranstaltungen\/product\/literaturzirkel-mit-ingrid-mahl-16\/#breadcrumb"},"inLanguage":"de","potentialAction":[{"@type":"ReadAction","target":["https:\/\/kwp.at\/veranstaltungen\/product\/literaturzirkel-mit-ingrid-mahl-16\/"]}]},{"@type":"BreadcrumbList","@id":"https:\/\/kwp.at\/veranstaltungen\/product\/literaturzirkel-mit-ingrid-mahl-16\/#breadcrumb","itemListElement":[{"@type":"ListItem","position":1,"name":"Home","item":"https:\/\/kwp.at\/veranstaltungen\/"},{"@type":"ListItem","position":2,"name":"Shop","item":"https:\/\/kwp.at\/veranstaltungen\/"},{"@type":"ListItem","position":3,"name":"Literaturzirkel mit Ingrid Mahl"}]},{"@type":"WebSite","@id":"https:\/\/kwp.at\/veranstaltungen\/#website","url":"https:\/\/kwp.at\/veranstaltungen\/","name":"Veranstaltungen - H\u00e4user zum Leben und Pensionist*innenklubs","description":"Unsere Angebote der H\u00e4user und Klubs","potentialAction":[{"@type":"SearchAction","target":{"@type":"EntryPoint","urlTemplate":"https:\/\/kwp.at\/veranstaltungen\/?s={search_term_string}"},"query-input":{"@type":"PropertyValueSpecification","valueRequired":true,"valueName":"search_term_string"}}],"inLanguage":"de"}]}},"_links":{"self":[{"href":"https:\/\/kwp.at\/veranstaltungen\/wp-json\/wp\/v2\/product\/182428","targetHints":{"allow":["GET"]}}],"collection":[{"href":"https:\/\/kwp.at\/veranstaltungen\/wp-json\/wp\/v2\/product"}],"about":[{"href":"https:\/\/kwp.at\/veranstaltungen\/wp-json\/wp\/v2\/types\/product"}],"author":[{"embeddable":true,"href":"https:\/\/kwp.at\/veranstaltungen\/wp-json\/wp\/v2\/users\/647"}],"replies":[{"embeddable":true,"href":"https:\/\/kwp.at\/veranstaltungen\/wp-json\/wp\/v2\/comments?post=182428"}],"wp:attachment":[{"href":"https:\/\/kwp.at\/veranstaltungen\/wp-json\/wp\/v2\/media?parent=182428"}],"wp:term":[{"taxonomy":"product_brand","embeddable":true,"href":"https:\/\/kwp.at\/veranstaltungen\/wp-json\/wp\/v2\/product_brand?post=182428"},{"taxonomy":"product_cat","embeddable":true,"href":"https:\/\/kwp.at\/veranstaltungen\/wp-json\/wp\/v2\/product_cat?post=182428"},{"taxonomy":"product_tag","embeddable":true,"href":"https:\/\/kwp.at\/veranstaltungen\/wp-json\/wp\/v2\/product_tag?post=182428"}],"curies":[{"name":"wp","href":"https:\/\/api.w.org\/{rel}","templated":true}]}}