{"id":182370,"date":"2026-04-15T16:02:39","date_gmt":"2026-04-15T14:02:39","guid":{"rendered":"https:\/\/kwp.at\/veranstaltungen\/product\/kreativ-mit-allen-sinnen-kunsttherapeutischer-workshop-3\/"},"modified":"2026-04-15T16:02:39","modified_gmt":"2026-04-15T14:02:39","slug":"kreativ-mit-allen-sinnen-kunsttherapeutischer-workshop-3","status":"publish","type":"product","link":"https:\/\/kwp.at\/veranstaltungen\/product\/kreativ-mit-allen-sinnen-kunsttherapeutischer-workshop-3\/","title":{"rendered":"Kreativ mit allen Sinnen &#8211; Kunsttherapeutischer Workshop"},"excerpt":{"rendered":"<p>Mittels spannender Techniken, diversen Materialien und unserer Spontanit\u00e4t, aktivieren wir unsere Kreativit\u00e4t. Durch Zeichnen, Malen, Formen, Tanzen und Schreiben k\u00f6nnen wir staunen, was entsteht und in uns steckt! Es wird ein Materialkostenbeitrag von 2\u20ac pro Stunde verrechnet.<\/p>\n","protected":false},"author":647,"comment_status":"closed","ping_status":"open","template":"","meta":{"_acf_changed":false},"product_brand":[],"product_cat":[15],"product_tag":[],"class_list":{"0":"post-182370","1":"product","2":"type-product","3":"status-publish","5":"product_cat-uncategorized","7":"first","8":"instock","9":"taxable","10":"shipping-taxable","11":"purchasable","12":"product-type-event"},"acf":[],"yoast_head":"<!-- This site is optimized with the Yoast SEO plugin v27.4 - https:\/\/yoast.com\/product\/yoast-seo-wordpress\/ -->\n<title>Kreativ mit allen Sinnen - Kunsttherapeutischer Workshop - Veranstaltungen - H\u00e4user zum Leben und Pensionist*innenklubs<\/title>\n<meta name=\"robots\" content=\"index, follow, max-snippet:-1, max-image-preview:large, max-video-preview:-1\" \/>\n<link rel=\"canonical\" href=\"https:\/\/kwp.at\/veranstaltungen\/product\/kreativ-mit-allen-sinnen-kunsttherapeutischer-workshop-3\/\" \/>\n<meta property=\"og:locale\" content=\"de_DE\" \/>\n<meta property=\"og:type\" content=\"article\" \/>\n<meta property=\"og:title\" content=\"Kreativ mit allen Sinnen - Kunsttherapeutischer Workshop - Veranstaltungen - H\u00e4user zum Leben und Pensionist*innenklubs\" \/>\n<meta property=\"og:description\" content=\"Mittels spannender Techniken, diversen Materialien und unserer Spontanit\u00e4t, aktivieren wir unsere Kreativit\u00e4t. Durch Zeichnen, Malen, Formen, Tanzen und Schreiben k\u00f6nnen wir staunen, was entsteht und in uns steckt! Es wird ein Materialkostenbeitrag von 2\u20ac pro Stunde verrechnet.\" \/>\n<meta property=\"og:url\" content=\"https:\/\/kwp.at\/veranstaltungen\/product\/kreativ-mit-allen-sinnen-kunsttherapeutischer-workshop-3\/\" \/>\n<meta property=\"og:site_name\" content=\"Veranstaltungen - H\u00e4user zum Leben und Pensionist*innenklubs\" \/>\n<meta name=\"twitter:card\" content=\"summary_large_image\" \/>\n<script type=\"application\/ld+json\" class=\"yoast-schema-graph\">{\"@context\":\"https:\\\/\\\/schema.org\",\"@graph\":[{\"@type\":\"WebPage\",\"@id\":\"https:\\\/\\\/kwp.at\\\/veranstaltungen\\\/product\\\/kreativ-mit-allen-sinnen-kunsttherapeutischer-workshop-3\\\/\",\"url\":\"https:\\\/\\\/kwp.at\\\/veranstaltungen\\\/product\\\/kreativ-mit-allen-sinnen-kunsttherapeutischer-workshop-3\\\/\",\"name\":\"Kreativ mit allen Sinnen - Kunsttherapeutischer Workshop - Veranstaltungen - H\u00e4user zum Leben und Pensionist*innenklubs\",\"isPartOf\":{\"@id\":\"https:\\\/\\\/kwp.at\\\/veranstaltungen\\\/#website\"},\"datePublished\":\"2026-04-15T14:02:39+00:00\",\"breadcrumb\":{\"@id\":\"https:\\\/\\\/kwp.at\\\/veranstaltungen\\\/product\\\/kreativ-mit-allen-sinnen-kunsttherapeutischer-workshop-3\\\/#breadcrumb\"},\"inLanguage\":\"de\",\"potentialAction\":[{\"@type\":\"ReadAction\",\"target\":[\"https:\\\/\\\/kwp.at\\\/veranstaltungen\\\/product\\\/kreativ-mit-allen-sinnen-kunsttherapeutischer-workshop-3\\\/\"]}]},{\"@type\":\"BreadcrumbList\",\"@id\":\"https:\\\/\\\/kwp.at\\\/veranstaltungen\\\/product\\\/kreativ-mit-allen-sinnen-kunsttherapeutischer-workshop-3\\\/#breadcrumb\",\"itemListElement\":[{\"@type\":\"ListItem\",\"position\":1,\"name\":\"Home\",\"item\":\"https:\\\/\\\/kwp.at\\\/veranstaltungen\\\/\"},{\"@type\":\"ListItem\",\"position\":2,\"name\":\"Shop\",\"item\":\"https:\\\/\\\/kwp.at\\\/veranstaltungen\\\/\"},{\"@type\":\"ListItem\",\"position\":3,\"name\":\"Kreativ mit allen Sinnen &#8211; Kunsttherapeutischer Workshop\"}]},{\"@type\":\"WebSite\",\"@id\":\"https:\\\/\\\/kwp.at\\\/veranstaltungen\\\/#website\",\"url\":\"https:\\\/\\\/kwp.at\\\/veranstaltungen\\\/\",\"name\":\"Veranstaltungen - H\u00e4user zum Leben und Pensionist*innenklubs\",\"description\":\"Unsere Angebote der H\u00e4user und Klubs\",\"potentialAction\":[{\"@type\":\"SearchAction\",\"target\":{\"@type\":\"EntryPoint\",\"urlTemplate\":\"https:\\\/\\\/kwp.at\\\/veranstaltungen\\\/?s={search_term_string}\"},\"query-input\":{\"@type\":\"PropertyValueSpecification\",\"valueRequired\":true,\"valueName\":\"search_term_string\"}}],\"inLanguage\":\"de\"}]}<\/script>\n<!-- \/ Yoast SEO plugin. -->","yoast_head_json":{"title":"Kreativ mit allen Sinnen - Kunsttherapeutischer Workshop - Veranstaltungen - H\u00e4user zum Leben und Pensionist*innenklubs","robots":{"index":"index","follow":"follow","max-snippet":"max-snippet:-1","max-image-preview":"max-image-preview:large","max-video-preview":"max-video-preview:-1"},"canonical":"https:\/\/kwp.at\/veranstaltungen\/product\/kreativ-mit-allen-sinnen-kunsttherapeutischer-workshop-3\/","og_locale":"de_DE","og_type":"article","og_title":"Kreativ mit allen Sinnen - Kunsttherapeutischer Workshop - Veranstaltungen - H\u00e4user zum Leben und Pensionist*innenklubs","og_description":"Mittels spannender Techniken, diversen Materialien und unserer Spontanit\u00e4t, aktivieren wir unsere Kreativit\u00e4t. Durch Zeichnen, Malen, Formen, Tanzen und Schreiben k\u00f6nnen wir staunen, was entsteht und in uns steckt! Es wird ein Materialkostenbeitrag von 2\u20ac pro Stunde verrechnet.","og_url":"https:\/\/kwp.at\/veranstaltungen\/product\/kreativ-mit-allen-sinnen-kunsttherapeutischer-workshop-3\/","og_site_name":"Veranstaltungen - H\u00e4user zum Leben und Pensionist*innenklubs","twitter_card":"summary_large_image","schema":{"@context":"https:\/\/schema.org","@graph":[{"@type":"WebPage","@id":"https:\/\/kwp.at\/veranstaltungen\/product\/kreativ-mit-allen-sinnen-kunsttherapeutischer-workshop-3\/","url":"https:\/\/kwp.at\/veranstaltungen\/product\/kreativ-mit-allen-sinnen-kunsttherapeutischer-workshop-3\/","name":"Kreativ mit allen Sinnen - Kunsttherapeutischer Workshop - Veranstaltungen - H\u00e4user zum Leben und Pensionist*innenklubs","isPartOf":{"@id":"https:\/\/kwp.at\/veranstaltungen\/#website"},"datePublished":"2026-04-15T14:02:39+00:00","breadcrumb":{"@id":"https:\/\/kwp.at\/veranstaltungen\/product\/kreativ-mit-allen-sinnen-kunsttherapeutischer-workshop-3\/#breadcrumb"},"inLanguage":"de","potentialAction":[{"@type":"ReadAction","target":["https:\/\/kwp.at\/veranstaltungen\/product\/kreativ-mit-allen-sinnen-kunsttherapeutischer-workshop-3\/"]}]},{"@type":"BreadcrumbList","@id":"https:\/\/kwp.at\/veranstaltungen\/product\/kreativ-mit-allen-sinnen-kunsttherapeutischer-workshop-3\/#breadcrumb","itemListElement":[{"@type":"ListItem","position":1,"name":"Home","item":"https:\/\/kwp.at\/veranstaltungen\/"},{"@type":"ListItem","position":2,"name":"Shop","item":"https:\/\/kwp.at\/veranstaltungen\/"},{"@type":"ListItem","position":3,"name":"Kreativ mit allen Sinnen &#8211; Kunsttherapeutischer Workshop"}]},{"@type":"WebSite","@id":"https:\/\/kwp.at\/veranstaltungen\/#website","url":"https:\/\/kwp.at\/veranstaltungen\/","name":"Veranstaltungen - H\u00e4user zum Leben und Pensionist*innenklubs","description":"Unsere Angebote der H\u00e4user und Klubs","potentialAction":[{"@type":"SearchAction","target":{"@type":"EntryPoint","urlTemplate":"https:\/\/kwp.at\/veranstaltungen\/?s={search_term_string}"},"query-input":{"@type":"PropertyValueSpecification","valueRequired":true,"valueName":"search_term_string"}}],"inLanguage":"de"}]}},"_links":{"self":[{"href":"https:\/\/kwp.at\/veranstaltungen\/wp-json\/wp\/v2\/product\/182370","targetHints":{"allow":["GET"]}}],"collection":[{"href":"https:\/\/kwp.at\/veranstaltungen\/wp-json\/wp\/v2\/product"}],"about":[{"href":"https:\/\/kwp.at\/veranstaltungen\/wp-json\/wp\/v2\/types\/product"}],"author":[{"embeddable":true,"href":"https:\/\/kwp.at\/veranstaltungen\/wp-json\/wp\/v2\/users\/647"}],"replies":[{"embeddable":true,"href":"https:\/\/kwp.at\/veranstaltungen\/wp-json\/wp\/v2\/comments?post=182370"}],"wp:attachment":[{"href":"https:\/\/kwp.at\/veranstaltungen\/wp-json\/wp\/v2\/media?parent=182370"}],"wp:term":[{"taxonomy":"product_brand","embeddable":true,"href":"https:\/\/kwp.at\/veranstaltungen\/wp-json\/wp\/v2\/product_brand?post=182370"},{"taxonomy":"product_cat","embeddable":true,"href":"https:\/\/kwp.at\/veranstaltungen\/wp-json\/wp\/v2\/product_cat?post=182370"},{"taxonomy":"product_tag","embeddable":true,"href":"https:\/\/kwp.at\/veranstaltungen\/wp-json\/wp\/v2\/product_tag?post=182370"}],"curies":[{"name":"wp","href":"https:\/\/api.w.org\/{rel}","templated":true}]}}