{"id":180841,"date":"2026-04-13T12:02:43","date_gmt":"2026-04-13T10:02:43","guid":{"rendered":"https:\/\/kwp.at\/veranstaltungen\/product\/spanisch-kurs-fuer-anfaengerinnen-3\/"},"modified":"2026-04-13T12:02:44","modified_gmt":"2026-04-13T10:02:44","slug":"spanisch-kurs-fuer-anfaengerinnen-3","status":"publish","type":"product","link":"https:\/\/kwp.at\/veranstaltungen\/product\/spanisch-kurs-fuer-anfaengerinnen-3\/","title":{"rendered":"Spanisch-Kurs f\u00fcr Anf\u00e4nger*innen"},"excerpt":{"rendered":"<p>\u00a1Hola! Dieser Spanischkurs richtet sich an alle Seniorinnen und Senioren, die eine neue Sprache entdecken oder vorhandene Kenntnisse auffrischen m\u00f6chten. In angenehmer und entspannter Atmosph\u00e4re lernen wir gemeinsam einfache W\u00f6rter, n\u00fctzliche S\u00e4tze f\u00fcr den Alltag sowie Wissenswertes \u00fcber die spanische Kultur. Der Kurs findet ohne Leistungsdruck statt und bietet viel Gelegenheit zum \u00dcben, Lachen und Austausch in der Gruppe. Max. 12 Teilnehmer. Bitte um Anmeldung im Klub!<\/p>\n","protected":false},"author":740,"comment_status":"closed","ping_status":"open","template":"","meta":{"_acf_changed":false},"product_brand":[],"product_cat":[15],"product_tag":[],"class_list":{"0":"post-180841","1":"product","2":"type-product","3":"status-publish","5":"product_cat-uncategorized","7":"first","8":"instock","9":"taxable","10":"shipping-taxable","11":"purchasable","12":"product-type-event"},"acf":[],"yoast_head":"<!-- This site is optimized with the Yoast SEO plugin v27.2 - https:\/\/yoast.com\/product\/yoast-seo-wordpress\/ -->\n<title>Spanisch-Kurs f\u00fcr Anf\u00e4nger*innen - Veranstaltungen - H\u00e4user zum Leben und Pensionist*innenklubs<\/title>\n<meta name=\"robots\" content=\"index, follow, max-snippet:-1, max-image-preview:large, max-video-preview:-1\" \/>\n<link rel=\"canonical\" href=\"https:\/\/kwp.at\/veranstaltungen\/product\/spanisch-kurs-fuer-anfaengerinnen-3\/\" \/>\n<meta property=\"og:locale\" content=\"de_DE\" \/>\n<meta property=\"og:type\" content=\"article\" \/>\n<meta property=\"og:title\" content=\"Spanisch-Kurs f\u00fcr Anf\u00e4nger*innen - Veranstaltungen - H\u00e4user zum Leben und Pensionist*innenklubs\" \/>\n<meta property=\"og:description\" content=\"\u00a1Hola! Dieser Spanischkurs richtet sich an alle Seniorinnen und Senioren, die eine neue Sprache entdecken oder vorhandene Kenntnisse auffrischen m\u00f6chten. In angenehmer und entspannter Atmosph\u00e4re lernen wir gemeinsam einfache W\u00f6rter, n\u00fctzliche S\u00e4tze f\u00fcr den Alltag sowie Wissenswertes \u00fcber die spanische Kultur. Der Kurs findet ohne Leistungsdruck statt und bietet viel Gelegenheit zum \u00dcben, Lachen und Austausch in der Gruppe. Max. 12 Teilnehmer. Bitte um Anmeldung im Klub!\" \/>\n<meta property=\"og:url\" content=\"https:\/\/kwp.at\/veranstaltungen\/product\/spanisch-kurs-fuer-anfaengerinnen-3\/\" \/>\n<meta property=\"og:site_name\" content=\"Veranstaltungen - H\u00e4user zum Leben und Pensionist*innenklubs\" \/>\n<meta property=\"article:modified_time\" content=\"2026-04-13T10:02:44+00:00\" \/>\n<meta name=\"twitter:card\" content=\"summary_large_image\" \/>\n<script type=\"application\/ld+json\" class=\"yoast-schema-graph\">{\"@context\":\"https:\/\/schema.org\",\"@graph\":[{\"@type\":\"WebPage\",\"@id\":\"https:\/\/kwp.at\/veranstaltungen\/product\/spanisch-kurs-fuer-anfaengerinnen-3\/\",\"url\":\"https:\/\/kwp.at\/veranstaltungen\/product\/spanisch-kurs-fuer-anfaengerinnen-3\/\",\"name\":\"Spanisch-Kurs f\u00fcr Anf\u00e4nger*innen - Veranstaltungen - H\u00e4user zum Leben und Pensionist*innenklubs\",\"isPartOf\":{\"@id\":\"https:\/\/kwp.at\/veranstaltungen\/#website\"},\"datePublished\":\"2026-04-13T10:02:43+00:00\",\"dateModified\":\"2026-04-13T10:02:44+00:00\",\"breadcrumb\":{\"@id\":\"https:\/\/kwp.at\/veranstaltungen\/product\/spanisch-kurs-fuer-anfaengerinnen-3\/#breadcrumb\"},\"inLanguage\":\"de\",\"potentialAction\":[{\"@type\":\"ReadAction\",\"target\":[\"https:\/\/kwp.at\/veranstaltungen\/product\/spanisch-kurs-fuer-anfaengerinnen-3\/\"]}]},{\"@type\":\"BreadcrumbList\",\"@id\":\"https:\/\/kwp.at\/veranstaltungen\/product\/spanisch-kurs-fuer-anfaengerinnen-3\/#breadcrumb\",\"itemListElement\":[{\"@type\":\"ListItem\",\"position\":1,\"name\":\"Home\",\"item\":\"https:\/\/kwp.at\/veranstaltungen\/\"},{\"@type\":\"ListItem\",\"position\":2,\"name\":\"Shop\",\"item\":\"https:\/\/kwp.at\/veranstaltungen\/\"},{\"@type\":\"ListItem\",\"position\":3,\"name\":\"Spanisch-Kurs f\u00fcr Anf\u00e4nger*innen\"}]},{\"@type\":\"WebSite\",\"@id\":\"https:\/\/kwp.at\/veranstaltungen\/#website\",\"url\":\"https:\/\/kwp.at\/veranstaltungen\/\",\"name\":\"Veranstaltungen - H\u00e4user zum Leben und Pensionist*innenklubs\",\"description\":\"Unsere Angebote der H\u00e4user und Klubs\",\"potentialAction\":[{\"@type\":\"SearchAction\",\"target\":{\"@type\":\"EntryPoint\",\"urlTemplate\":\"https:\/\/kwp.at\/veranstaltungen\/?s={search_term_string}\"},\"query-input\":{\"@type\":\"PropertyValueSpecification\",\"valueRequired\":true,\"valueName\":\"search_term_string\"}}],\"inLanguage\":\"de\"}]}<\/script>\n<!-- \/ Yoast SEO plugin. -->","yoast_head_json":{"title":"Spanisch-Kurs f\u00fcr Anf\u00e4nger*innen - Veranstaltungen - H\u00e4user zum Leben und Pensionist*innenklubs","robots":{"index":"index","follow":"follow","max-snippet":"max-snippet:-1","max-image-preview":"max-image-preview:large","max-video-preview":"max-video-preview:-1"},"canonical":"https:\/\/kwp.at\/veranstaltungen\/product\/spanisch-kurs-fuer-anfaengerinnen-3\/","og_locale":"de_DE","og_type":"article","og_title":"Spanisch-Kurs f\u00fcr Anf\u00e4nger*innen - Veranstaltungen - H\u00e4user zum Leben und Pensionist*innenklubs","og_description":"\u00a1Hola! Dieser Spanischkurs richtet sich an alle Seniorinnen und Senioren, die eine neue Sprache entdecken oder vorhandene Kenntnisse auffrischen m\u00f6chten. In angenehmer und entspannter Atmosph\u00e4re lernen wir gemeinsam einfache W\u00f6rter, n\u00fctzliche S\u00e4tze f\u00fcr den Alltag sowie Wissenswertes \u00fcber die spanische Kultur. Der Kurs findet ohne Leistungsdruck statt und bietet viel Gelegenheit zum \u00dcben, Lachen und Austausch in der Gruppe. Max. 12 Teilnehmer. Bitte um Anmeldung im Klub!","og_url":"https:\/\/kwp.at\/veranstaltungen\/product\/spanisch-kurs-fuer-anfaengerinnen-3\/","og_site_name":"Veranstaltungen - H\u00e4user zum Leben und Pensionist*innenklubs","article_modified_time":"2026-04-13T10:02:44+00:00","twitter_card":"summary_large_image","schema":{"@context":"https:\/\/schema.org","@graph":[{"@type":"WebPage","@id":"https:\/\/kwp.at\/veranstaltungen\/product\/spanisch-kurs-fuer-anfaengerinnen-3\/","url":"https:\/\/kwp.at\/veranstaltungen\/product\/spanisch-kurs-fuer-anfaengerinnen-3\/","name":"Spanisch-Kurs f\u00fcr Anf\u00e4nger*innen - Veranstaltungen - H\u00e4user zum Leben und Pensionist*innenklubs","isPartOf":{"@id":"https:\/\/kwp.at\/veranstaltungen\/#website"},"datePublished":"2026-04-13T10:02:43+00:00","dateModified":"2026-04-13T10:02:44+00:00","breadcrumb":{"@id":"https:\/\/kwp.at\/veranstaltungen\/product\/spanisch-kurs-fuer-anfaengerinnen-3\/#breadcrumb"},"inLanguage":"de","potentialAction":[{"@type":"ReadAction","target":["https:\/\/kwp.at\/veranstaltungen\/product\/spanisch-kurs-fuer-anfaengerinnen-3\/"]}]},{"@type":"BreadcrumbList","@id":"https:\/\/kwp.at\/veranstaltungen\/product\/spanisch-kurs-fuer-anfaengerinnen-3\/#breadcrumb","itemListElement":[{"@type":"ListItem","position":1,"name":"Home","item":"https:\/\/kwp.at\/veranstaltungen\/"},{"@type":"ListItem","position":2,"name":"Shop","item":"https:\/\/kwp.at\/veranstaltungen\/"},{"@type":"ListItem","position":3,"name":"Spanisch-Kurs f\u00fcr Anf\u00e4nger*innen"}]},{"@type":"WebSite","@id":"https:\/\/kwp.at\/veranstaltungen\/#website","url":"https:\/\/kwp.at\/veranstaltungen\/","name":"Veranstaltungen - H\u00e4user zum Leben und Pensionist*innenklubs","description":"Unsere Angebote der H\u00e4user und Klubs","potentialAction":[{"@type":"SearchAction","target":{"@type":"EntryPoint","urlTemplate":"https:\/\/kwp.at\/veranstaltungen\/?s={search_term_string}"},"query-input":{"@type":"PropertyValueSpecification","valueRequired":true,"valueName":"search_term_string"}}],"inLanguage":"de"}]}},"_links":{"self":[{"href":"https:\/\/kwp.at\/veranstaltungen\/wp-json\/wp\/v2\/product\/180841","targetHints":{"allow":["GET"]}}],"collection":[{"href":"https:\/\/kwp.at\/veranstaltungen\/wp-json\/wp\/v2\/product"}],"about":[{"href":"https:\/\/kwp.at\/veranstaltungen\/wp-json\/wp\/v2\/types\/product"}],"author":[{"embeddable":true,"href":"https:\/\/kwp.at\/veranstaltungen\/wp-json\/wp\/v2\/users\/740"}],"replies":[{"embeddable":true,"href":"https:\/\/kwp.at\/veranstaltungen\/wp-json\/wp\/v2\/comments?post=180841"}],"wp:attachment":[{"href":"https:\/\/kwp.at\/veranstaltungen\/wp-json\/wp\/v2\/media?parent=180841"}],"wp:term":[{"taxonomy":"product_brand","embeddable":true,"href":"https:\/\/kwp.at\/veranstaltungen\/wp-json\/wp\/v2\/product_brand?post=180841"},{"taxonomy":"product_cat","embeddable":true,"href":"https:\/\/kwp.at\/veranstaltungen\/wp-json\/wp\/v2\/product_cat?post=180841"},{"taxonomy":"product_tag","embeddable":true,"href":"https:\/\/kwp.at\/veranstaltungen\/wp-json\/wp\/v2\/product_tag?post=180841"}],"curies":[{"name":"wp","href":"https:\/\/api.w.org\/{rel}","templated":true}]}}