{"id":180817,"date":"2026-04-13T12:01:36","date_gmt":"2026-04-13T10:01:36","guid":{"rendered":"https:\/\/kwp.at\/veranstaltungen\/product\/kulinarische-reise-im-graetzel-gemeinsam-kochen\/"},"modified":"2026-04-13T12:01:37","modified_gmt":"2026-04-13T10:01:37","slug":"kulinarische-reise-im-graetzel-gemeinsam-kochen","status":"publish","type":"product","link":"https:\/\/kwp.at\/veranstaltungen\/product\/kulinarische-reise-im-graetzel-gemeinsam-kochen\/","title":{"rendered":"Kulinarische Reise im Gr\u00e4tzel &#8211; Gemeinsam kochen"},"excerpt":{"rendered":"<p>Gemeinsam begeben wir uns auf eine genussvolle Reise rund um die Welt &#8211; direkt in unserer Nachbarschaft. Bei diesem gem\u00fctlichen Nachmittag kochen wir zusammen einfache Gerichte aus verschiedenen L\u00e4ndern, tauschen Rezepte aus und lernen neue Geschm\u00e4cker kennen. Im Mittelpunkt stehen das Miteinander, das Plaudern und die Freude am gemeinsamen Tun. Jede*r ist herzlich willkommen. Bitte um Anmeldung im Klub. Kostenbeitrag 4,50 \u20ac.<\/p>\n","protected":false},"author":740,"comment_status":"closed","ping_status":"open","template":"","meta":{"_acf_changed":false},"product_brand":[],"product_cat":[15],"product_tag":[],"class_list":{"0":"post-180817","1":"product","2":"type-product","3":"status-publish","5":"product_cat-uncategorized","7":"first","8":"instock","9":"taxable","10":"shipping-taxable","11":"purchasable","12":"product-type-event"},"acf":[],"yoast_head":"<!-- This site is optimized with the Yoast SEO plugin v27.4 - https:\/\/yoast.com\/product\/yoast-seo-wordpress\/ -->\n<title>Kulinarische Reise im Gr\u00e4tzel - Gemeinsam kochen - Veranstaltungen - H\u00e4user zum Leben und Pensionist*innenklubs<\/title>\n<meta name=\"robots\" content=\"index, follow, max-snippet:-1, max-image-preview:large, max-video-preview:-1\" \/>\n<link rel=\"canonical\" href=\"https:\/\/kwp.at\/veranstaltungen\/product\/kulinarische-reise-im-graetzel-gemeinsam-kochen\/\" \/>\n<meta property=\"og:locale\" content=\"de_DE\" \/>\n<meta property=\"og:type\" content=\"article\" \/>\n<meta property=\"og:title\" content=\"Kulinarische Reise im Gr\u00e4tzel - Gemeinsam kochen - Veranstaltungen - H\u00e4user zum Leben und Pensionist*innenklubs\" \/>\n<meta property=\"og:description\" content=\"Gemeinsam begeben wir uns auf eine genussvolle Reise rund um die Welt - direkt in unserer Nachbarschaft. Bei diesem gem\u00fctlichen Nachmittag kochen wir zusammen einfache Gerichte aus verschiedenen L\u00e4ndern, tauschen Rezepte aus und lernen neue Geschm\u00e4cker kennen. Im Mittelpunkt stehen das Miteinander, das Plaudern und die Freude am gemeinsamen Tun. Jede*r ist herzlich willkommen. Bitte um Anmeldung im Klub. Kostenbeitrag 4,50 \u20ac.\" \/>\n<meta property=\"og:url\" content=\"https:\/\/kwp.at\/veranstaltungen\/product\/kulinarische-reise-im-graetzel-gemeinsam-kochen\/\" \/>\n<meta property=\"og:site_name\" content=\"Veranstaltungen - H\u00e4user zum Leben und Pensionist*innenklubs\" \/>\n<meta property=\"article:modified_time\" content=\"2026-04-13T10:01:37+00:00\" \/>\n<meta name=\"twitter:card\" content=\"summary_large_image\" \/>\n<script type=\"application\/ld+json\" class=\"yoast-schema-graph\">{\"@context\":\"https:\\\/\\\/schema.org\",\"@graph\":[{\"@type\":\"WebPage\",\"@id\":\"https:\\\/\\\/kwp.at\\\/veranstaltungen\\\/product\\\/kulinarische-reise-im-graetzel-gemeinsam-kochen\\\/\",\"url\":\"https:\\\/\\\/kwp.at\\\/veranstaltungen\\\/product\\\/kulinarische-reise-im-graetzel-gemeinsam-kochen\\\/\",\"name\":\"Kulinarische Reise im Gr\u00e4tzel - Gemeinsam kochen - Veranstaltungen - H\u00e4user zum Leben und Pensionist*innenklubs\",\"isPartOf\":{\"@id\":\"https:\\\/\\\/kwp.at\\\/veranstaltungen\\\/#website\"},\"datePublished\":\"2026-04-13T10:01:36+00:00\",\"dateModified\":\"2026-04-13T10:01:37+00:00\",\"breadcrumb\":{\"@id\":\"https:\\\/\\\/kwp.at\\\/veranstaltungen\\\/product\\\/kulinarische-reise-im-graetzel-gemeinsam-kochen\\\/#breadcrumb\"},\"inLanguage\":\"de\",\"potentialAction\":[{\"@type\":\"ReadAction\",\"target\":[\"https:\\\/\\\/kwp.at\\\/veranstaltungen\\\/product\\\/kulinarische-reise-im-graetzel-gemeinsam-kochen\\\/\"]}]},{\"@type\":\"BreadcrumbList\",\"@id\":\"https:\\\/\\\/kwp.at\\\/veranstaltungen\\\/product\\\/kulinarische-reise-im-graetzel-gemeinsam-kochen\\\/#breadcrumb\",\"itemListElement\":[{\"@type\":\"ListItem\",\"position\":1,\"name\":\"Home\",\"item\":\"https:\\\/\\\/kwp.at\\\/veranstaltungen\\\/\"},{\"@type\":\"ListItem\",\"position\":2,\"name\":\"Shop\",\"item\":\"https:\\\/\\\/kwp.at\\\/veranstaltungen\\\/\"},{\"@type\":\"ListItem\",\"position\":3,\"name\":\"Kulinarische Reise im Gr\u00e4tzel &#8211; Gemeinsam kochen\"}]},{\"@type\":\"WebSite\",\"@id\":\"https:\\\/\\\/kwp.at\\\/veranstaltungen\\\/#website\",\"url\":\"https:\\\/\\\/kwp.at\\\/veranstaltungen\\\/\",\"name\":\"Veranstaltungen - H\u00e4user zum Leben und Pensionist*innenklubs\",\"description\":\"Unsere Angebote der H\u00e4user und Klubs\",\"potentialAction\":[{\"@type\":\"SearchAction\",\"target\":{\"@type\":\"EntryPoint\",\"urlTemplate\":\"https:\\\/\\\/kwp.at\\\/veranstaltungen\\\/?s={search_term_string}\"},\"query-input\":{\"@type\":\"PropertyValueSpecification\",\"valueRequired\":true,\"valueName\":\"search_term_string\"}}],\"inLanguage\":\"de\"}]}<\/script>\n<!-- \/ Yoast SEO plugin. -->","yoast_head_json":{"title":"Kulinarische Reise im Gr\u00e4tzel - Gemeinsam kochen - Veranstaltungen - H\u00e4user zum Leben und Pensionist*innenklubs","robots":{"index":"index","follow":"follow","max-snippet":"max-snippet:-1","max-image-preview":"max-image-preview:large","max-video-preview":"max-video-preview:-1"},"canonical":"https:\/\/kwp.at\/veranstaltungen\/product\/kulinarische-reise-im-graetzel-gemeinsam-kochen\/","og_locale":"de_DE","og_type":"article","og_title":"Kulinarische Reise im Gr\u00e4tzel - Gemeinsam kochen - Veranstaltungen - H\u00e4user zum Leben und Pensionist*innenklubs","og_description":"Gemeinsam begeben wir uns auf eine genussvolle Reise rund um die Welt - direkt in unserer Nachbarschaft. Bei diesem gem\u00fctlichen Nachmittag kochen wir zusammen einfache Gerichte aus verschiedenen L\u00e4ndern, tauschen Rezepte aus und lernen neue Geschm\u00e4cker kennen. Im Mittelpunkt stehen das Miteinander, das Plaudern und die Freude am gemeinsamen Tun. Jede*r ist herzlich willkommen. Bitte um Anmeldung im Klub. Kostenbeitrag 4,50 \u20ac.","og_url":"https:\/\/kwp.at\/veranstaltungen\/product\/kulinarische-reise-im-graetzel-gemeinsam-kochen\/","og_site_name":"Veranstaltungen - H\u00e4user zum Leben und Pensionist*innenklubs","article_modified_time":"2026-04-13T10:01:37+00:00","twitter_card":"summary_large_image","schema":{"@context":"https:\/\/schema.org","@graph":[{"@type":"WebPage","@id":"https:\/\/kwp.at\/veranstaltungen\/product\/kulinarische-reise-im-graetzel-gemeinsam-kochen\/","url":"https:\/\/kwp.at\/veranstaltungen\/product\/kulinarische-reise-im-graetzel-gemeinsam-kochen\/","name":"Kulinarische Reise im Gr\u00e4tzel - Gemeinsam kochen - Veranstaltungen - H\u00e4user zum Leben und Pensionist*innenklubs","isPartOf":{"@id":"https:\/\/kwp.at\/veranstaltungen\/#website"},"datePublished":"2026-04-13T10:01:36+00:00","dateModified":"2026-04-13T10:01:37+00:00","breadcrumb":{"@id":"https:\/\/kwp.at\/veranstaltungen\/product\/kulinarische-reise-im-graetzel-gemeinsam-kochen\/#breadcrumb"},"inLanguage":"de","potentialAction":[{"@type":"ReadAction","target":["https:\/\/kwp.at\/veranstaltungen\/product\/kulinarische-reise-im-graetzel-gemeinsam-kochen\/"]}]},{"@type":"BreadcrumbList","@id":"https:\/\/kwp.at\/veranstaltungen\/product\/kulinarische-reise-im-graetzel-gemeinsam-kochen\/#breadcrumb","itemListElement":[{"@type":"ListItem","position":1,"name":"Home","item":"https:\/\/kwp.at\/veranstaltungen\/"},{"@type":"ListItem","position":2,"name":"Shop","item":"https:\/\/kwp.at\/veranstaltungen\/"},{"@type":"ListItem","position":3,"name":"Kulinarische Reise im Gr\u00e4tzel &#8211; Gemeinsam kochen"}]},{"@type":"WebSite","@id":"https:\/\/kwp.at\/veranstaltungen\/#website","url":"https:\/\/kwp.at\/veranstaltungen\/","name":"Veranstaltungen - H\u00e4user zum Leben und Pensionist*innenklubs","description":"Unsere Angebote der H\u00e4user und Klubs","potentialAction":[{"@type":"SearchAction","target":{"@type":"EntryPoint","urlTemplate":"https:\/\/kwp.at\/veranstaltungen\/?s={search_term_string}"},"query-input":{"@type":"PropertyValueSpecification","valueRequired":true,"valueName":"search_term_string"}}],"inLanguage":"de"}]}},"_links":{"self":[{"href":"https:\/\/kwp.at\/veranstaltungen\/wp-json\/wp\/v2\/product\/180817","targetHints":{"allow":["GET"]}}],"collection":[{"href":"https:\/\/kwp.at\/veranstaltungen\/wp-json\/wp\/v2\/product"}],"about":[{"href":"https:\/\/kwp.at\/veranstaltungen\/wp-json\/wp\/v2\/types\/product"}],"author":[{"embeddable":true,"href":"https:\/\/kwp.at\/veranstaltungen\/wp-json\/wp\/v2\/users\/740"}],"replies":[{"embeddable":true,"href":"https:\/\/kwp.at\/veranstaltungen\/wp-json\/wp\/v2\/comments?post=180817"}],"wp:attachment":[{"href":"https:\/\/kwp.at\/veranstaltungen\/wp-json\/wp\/v2\/media?parent=180817"}],"wp:term":[{"taxonomy":"product_brand","embeddable":true,"href":"https:\/\/kwp.at\/veranstaltungen\/wp-json\/wp\/v2\/product_brand?post=180817"},{"taxonomy":"product_cat","embeddable":true,"href":"https:\/\/kwp.at\/veranstaltungen\/wp-json\/wp\/v2\/product_cat?post=180817"},{"taxonomy":"product_tag","embeddable":true,"href":"https:\/\/kwp.at\/veranstaltungen\/wp-json\/wp\/v2\/product_tag?post=180817"}],"curies":[{"name":"wp","href":"https:\/\/api.w.org\/{rel}","templated":true}]}}