{"id":180813,"date":"2026-04-13T12:01:28","date_gmt":"2026-04-13T10:01:28","guid":{"rendered":"https:\/\/kwp.at\/veranstaltungen\/product\/kreatives-aquarellmalen-farben-fliessen-lassen\/"},"modified":"2026-04-13T12:01:28","modified_gmt":"2026-04-13T10:01:28","slug":"kreatives-aquarellmalen-farben-fliessen-lassen","status":"publish","type":"product","link":"https:\/\/kwp.at\/veranstaltungen\/product\/kreatives-aquarellmalen-farben-fliessen-lassen\/","title":{"rendered":"Kreatives Aquarellmalen &#8211; Farben flie\u00dfen lassen!"},"excerpt":{"rendered":"<p>In diesem Kurs lernen die Teilnehmenden grundlegende Aquarelltechniken wie Farbverl\u00e4ufe, Nass-in-Nass und Lasieren kennen. Durch praktische \u00dcbungen und kreative Motive k\u00f6nnen sie ihre eigene Ausdrucksweise entwickeln und den Umgang mit Farbe und Wasser spielerisch entdecken. Die Aktivit\u00e4t eignet sich f\u00fcr Anf\u00e4nger:innen und Fortgeschrittene und bietet eine entspannte Atmosph\u00e4re f\u00fcr kreatives Arbeiten und Austausch. Bitte eigenes Material mitbringen!<\/p>\n","protected":false},"author":740,"comment_status":"closed","ping_status":"open","template":"","meta":{"_acf_changed":false},"product_brand":[],"product_cat":[15],"product_tag":[],"class_list":{"0":"post-180813","1":"product","2":"type-product","3":"status-publish","5":"product_cat-uncategorized","7":"first","8":"instock","9":"taxable","10":"shipping-taxable","11":"purchasable","12":"product-type-event"},"acf":[],"yoast_head":"<!-- This site is optimized with the Yoast SEO plugin v27.4 - https:\/\/yoast.com\/product\/yoast-seo-wordpress\/ -->\n<title>Kreatives Aquarellmalen - Farben flie\u00dfen lassen! - Veranstaltungen - H\u00e4user zum Leben und Pensionist*innenklubs<\/title>\n<meta name=\"robots\" content=\"index, follow, max-snippet:-1, max-image-preview:large, max-video-preview:-1\" \/>\n<link rel=\"canonical\" href=\"https:\/\/kwp.at\/veranstaltungen\/product\/kreatives-aquarellmalen-farben-fliessen-lassen\/\" \/>\n<meta property=\"og:locale\" content=\"de_DE\" \/>\n<meta property=\"og:type\" content=\"article\" \/>\n<meta property=\"og:title\" content=\"Kreatives Aquarellmalen - Farben flie\u00dfen lassen! - Veranstaltungen - H\u00e4user zum Leben und Pensionist*innenklubs\" \/>\n<meta property=\"og:description\" content=\"In diesem Kurs lernen die Teilnehmenden grundlegende Aquarelltechniken wie Farbverl\u00e4ufe, Nass-in-Nass und Lasieren kennen. Durch praktische \u00dcbungen und kreative Motive k\u00f6nnen sie ihre eigene Ausdrucksweise entwickeln und den Umgang mit Farbe und Wasser spielerisch entdecken. Die Aktivit\u00e4t eignet sich f\u00fcr Anf\u00e4nger:innen und Fortgeschrittene und bietet eine entspannte Atmosph\u00e4re f\u00fcr kreatives Arbeiten und Austausch. Bitte eigenes Material mitbringen!\" \/>\n<meta property=\"og:url\" content=\"https:\/\/kwp.at\/veranstaltungen\/product\/kreatives-aquarellmalen-farben-fliessen-lassen\/\" \/>\n<meta property=\"og:site_name\" content=\"Veranstaltungen - H\u00e4user zum Leben und Pensionist*innenklubs\" \/>\n<meta name=\"twitter:card\" content=\"summary_large_image\" \/>\n<script type=\"application\/ld+json\" class=\"yoast-schema-graph\">{\"@context\":\"https:\\\/\\\/schema.org\",\"@graph\":[{\"@type\":\"WebPage\",\"@id\":\"https:\\\/\\\/kwp.at\\\/veranstaltungen\\\/product\\\/kreatives-aquarellmalen-farben-fliessen-lassen\\\/\",\"url\":\"https:\\\/\\\/kwp.at\\\/veranstaltungen\\\/product\\\/kreatives-aquarellmalen-farben-fliessen-lassen\\\/\",\"name\":\"Kreatives Aquarellmalen - Farben flie\u00dfen lassen! - Veranstaltungen - H\u00e4user zum Leben und Pensionist*innenklubs\",\"isPartOf\":{\"@id\":\"https:\\\/\\\/kwp.at\\\/veranstaltungen\\\/#website\"},\"datePublished\":\"2026-04-13T10:01:28+00:00\",\"breadcrumb\":{\"@id\":\"https:\\\/\\\/kwp.at\\\/veranstaltungen\\\/product\\\/kreatives-aquarellmalen-farben-fliessen-lassen\\\/#breadcrumb\"},\"inLanguage\":\"de\",\"potentialAction\":[{\"@type\":\"ReadAction\",\"target\":[\"https:\\\/\\\/kwp.at\\\/veranstaltungen\\\/product\\\/kreatives-aquarellmalen-farben-fliessen-lassen\\\/\"]}]},{\"@type\":\"BreadcrumbList\",\"@id\":\"https:\\\/\\\/kwp.at\\\/veranstaltungen\\\/product\\\/kreatives-aquarellmalen-farben-fliessen-lassen\\\/#breadcrumb\",\"itemListElement\":[{\"@type\":\"ListItem\",\"position\":1,\"name\":\"Home\",\"item\":\"https:\\\/\\\/kwp.at\\\/veranstaltungen\\\/\"},{\"@type\":\"ListItem\",\"position\":2,\"name\":\"Shop\",\"item\":\"https:\\\/\\\/kwp.at\\\/veranstaltungen\\\/\"},{\"@type\":\"ListItem\",\"position\":3,\"name\":\"Kreatives Aquarellmalen &#8211; Farben flie\u00dfen lassen!\"}]},{\"@type\":\"WebSite\",\"@id\":\"https:\\\/\\\/kwp.at\\\/veranstaltungen\\\/#website\",\"url\":\"https:\\\/\\\/kwp.at\\\/veranstaltungen\\\/\",\"name\":\"Veranstaltungen - H\u00e4user zum Leben und Pensionist*innenklubs\",\"description\":\"Unsere Angebote der H\u00e4user und Klubs\",\"potentialAction\":[{\"@type\":\"SearchAction\",\"target\":{\"@type\":\"EntryPoint\",\"urlTemplate\":\"https:\\\/\\\/kwp.at\\\/veranstaltungen\\\/?s={search_term_string}\"},\"query-input\":{\"@type\":\"PropertyValueSpecification\",\"valueRequired\":true,\"valueName\":\"search_term_string\"}}],\"inLanguage\":\"de\"}]}<\/script>\n<!-- \/ Yoast SEO plugin. -->","yoast_head_json":{"title":"Kreatives Aquarellmalen - Farben flie\u00dfen lassen! - Veranstaltungen - H\u00e4user zum Leben und Pensionist*innenklubs","robots":{"index":"index","follow":"follow","max-snippet":"max-snippet:-1","max-image-preview":"max-image-preview:large","max-video-preview":"max-video-preview:-1"},"canonical":"https:\/\/kwp.at\/veranstaltungen\/product\/kreatives-aquarellmalen-farben-fliessen-lassen\/","og_locale":"de_DE","og_type":"article","og_title":"Kreatives Aquarellmalen - Farben flie\u00dfen lassen! - Veranstaltungen - H\u00e4user zum Leben und Pensionist*innenklubs","og_description":"In diesem Kurs lernen die Teilnehmenden grundlegende Aquarelltechniken wie Farbverl\u00e4ufe, Nass-in-Nass und Lasieren kennen. Durch praktische \u00dcbungen und kreative Motive k\u00f6nnen sie ihre eigene Ausdrucksweise entwickeln und den Umgang mit Farbe und Wasser spielerisch entdecken. Die Aktivit\u00e4t eignet sich f\u00fcr Anf\u00e4nger:innen und Fortgeschrittene und bietet eine entspannte Atmosph\u00e4re f\u00fcr kreatives Arbeiten und Austausch. Bitte eigenes Material mitbringen!","og_url":"https:\/\/kwp.at\/veranstaltungen\/product\/kreatives-aquarellmalen-farben-fliessen-lassen\/","og_site_name":"Veranstaltungen - H\u00e4user zum Leben und Pensionist*innenklubs","twitter_card":"summary_large_image","schema":{"@context":"https:\/\/schema.org","@graph":[{"@type":"WebPage","@id":"https:\/\/kwp.at\/veranstaltungen\/product\/kreatives-aquarellmalen-farben-fliessen-lassen\/","url":"https:\/\/kwp.at\/veranstaltungen\/product\/kreatives-aquarellmalen-farben-fliessen-lassen\/","name":"Kreatives Aquarellmalen - Farben flie\u00dfen lassen! - Veranstaltungen - H\u00e4user zum Leben und Pensionist*innenklubs","isPartOf":{"@id":"https:\/\/kwp.at\/veranstaltungen\/#website"},"datePublished":"2026-04-13T10:01:28+00:00","breadcrumb":{"@id":"https:\/\/kwp.at\/veranstaltungen\/product\/kreatives-aquarellmalen-farben-fliessen-lassen\/#breadcrumb"},"inLanguage":"de","potentialAction":[{"@type":"ReadAction","target":["https:\/\/kwp.at\/veranstaltungen\/product\/kreatives-aquarellmalen-farben-fliessen-lassen\/"]}]},{"@type":"BreadcrumbList","@id":"https:\/\/kwp.at\/veranstaltungen\/product\/kreatives-aquarellmalen-farben-fliessen-lassen\/#breadcrumb","itemListElement":[{"@type":"ListItem","position":1,"name":"Home","item":"https:\/\/kwp.at\/veranstaltungen\/"},{"@type":"ListItem","position":2,"name":"Shop","item":"https:\/\/kwp.at\/veranstaltungen\/"},{"@type":"ListItem","position":3,"name":"Kreatives Aquarellmalen &#8211; Farben flie\u00dfen lassen!"}]},{"@type":"WebSite","@id":"https:\/\/kwp.at\/veranstaltungen\/#website","url":"https:\/\/kwp.at\/veranstaltungen\/","name":"Veranstaltungen - H\u00e4user zum Leben und Pensionist*innenklubs","description":"Unsere Angebote der H\u00e4user und Klubs","potentialAction":[{"@type":"SearchAction","target":{"@type":"EntryPoint","urlTemplate":"https:\/\/kwp.at\/veranstaltungen\/?s={search_term_string}"},"query-input":{"@type":"PropertyValueSpecification","valueRequired":true,"valueName":"search_term_string"}}],"inLanguage":"de"}]}},"_links":{"self":[{"href":"https:\/\/kwp.at\/veranstaltungen\/wp-json\/wp\/v2\/product\/180813","targetHints":{"allow":["GET"]}}],"collection":[{"href":"https:\/\/kwp.at\/veranstaltungen\/wp-json\/wp\/v2\/product"}],"about":[{"href":"https:\/\/kwp.at\/veranstaltungen\/wp-json\/wp\/v2\/types\/product"}],"author":[{"embeddable":true,"href":"https:\/\/kwp.at\/veranstaltungen\/wp-json\/wp\/v2\/users\/740"}],"replies":[{"embeddable":true,"href":"https:\/\/kwp.at\/veranstaltungen\/wp-json\/wp\/v2\/comments?post=180813"}],"wp:attachment":[{"href":"https:\/\/kwp.at\/veranstaltungen\/wp-json\/wp\/v2\/media?parent=180813"}],"wp:term":[{"taxonomy":"product_brand","embeddable":true,"href":"https:\/\/kwp.at\/veranstaltungen\/wp-json\/wp\/v2\/product_brand?post=180813"},{"taxonomy":"product_cat","embeddable":true,"href":"https:\/\/kwp.at\/veranstaltungen\/wp-json\/wp\/v2\/product_cat?post=180813"},{"taxonomy":"product_tag","embeddable":true,"href":"https:\/\/kwp.at\/veranstaltungen\/wp-json\/wp\/v2\/product_tag?post=180813"}],"curies":[{"name":"wp","href":"https:\/\/api.w.org\/{rel}","templated":true}]}}