{"id":180811,"date":"2026-04-13T12:01:23","date_gmt":"2026-04-13T10:01:23","guid":{"rendered":"https:\/\/kwp.at\/veranstaltungen\/product\/grosse-designer-elsa-schiaparelli-kino-brunch\/"},"modified":"2026-04-13T12:01:23","modified_gmt":"2026-04-13T10:01:23","slug":"grosse-designer-elsa-schiaparelli-kino-brunch","status":"publish","type":"product","link":"https:\/\/kwp.at\/veranstaltungen\/product\/grosse-designer-elsa-schiaparelli-kino-brunch\/","title":{"rendered":"Gro\u00dfe Designer &#8211; &#8222;Elsa Schiaparelli&#8220; &#8211; Kino Brunch"},"excerpt":{"rendered":"<p>Im Rahmen unserer Veranstaltungsreihe \u201eGro\u00dfe Designer\u201c laden wir herzlich zu einem weiteren inspirierenden Vortrag ein. Dieses Mal widmen wir uns Elsa Schiaparelli, einer der au\u00dfergew\u00f6hnlichsten Modedesignerinnen des 20. Jahrhunderts. Der Vortrag beleuchtet ihr vision\u00e4res Schaffen und ihre enge Verbindung zur Kunst, insbesondere zum Surrealismus. Mit ihren fantasievollen, oft \u00fcberraschenden Entw\u00fcrfen &#8211; wie dem legend\u00e4ren Hummerkleid &#8211; sprengte sie die Grenzen der Mode und machte Kleidung zu einem Ausdruck von Kreativit\u00e4t und Humor.<\/p>\n","protected":false},"author":740,"comment_status":"closed","ping_status":"open","template":"","meta":{"_acf_changed":false},"product_brand":[],"product_cat":[15],"product_tag":[],"class_list":{"0":"post-180811","1":"product","2":"type-product","3":"status-publish","5":"product_cat-uncategorized","7":"first","8":"instock","9":"taxable","10":"shipping-taxable","11":"purchasable","12":"product-type-event"},"acf":[],"yoast_head":"<!-- This site is optimized with the Yoast SEO plugin v27.4 - https:\/\/yoast.com\/product\/yoast-seo-wordpress\/ -->\n<title>Gro\u00dfe Designer - &quot;Elsa Schiaparelli&quot; - Kino Brunch - Veranstaltungen - H\u00e4user zum Leben und Pensionist*innenklubs<\/title>\n<meta name=\"robots\" content=\"index, follow, max-snippet:-1, max-image-preview:large, max-video-preview:-1\" \/>\n<link rel=\"canonical\" href=\"https:\/\/kwp.at\/veranstaltungen\/product\/grosse-designer-elsa-schiaparelli-kino-brunch\/\" \/>\n<meta property=\"og:locale\" content=\"de_DE\" \/>\n<meta property=\"og:type\" content=\"article\" \/>\n<meta property=\"og:title\" content=\"Gro\u00dfe Designer - &quot;Elsa Schiaparelli&quot; - Kino Brunch - Veranstaltungen - H\u00e4user zum Leben und Pensionist*innenklubs\" \/>\n<meta property=\"og:description\" content=\"Im Rahmen unserer Veranstaltungsreihe \u201eGro\u00dfe Designer\u201c laden wir herzlich zu einem weiteren inspirierenden Vortrag ein. Dieses Mal widmen wir uns Elsa Schiaparelli, einer der au\u00dfergew\u00f6hnlichsten Modedesignerinnen des 20. Jahrhunderts. Der Vortrag beleuchtet ihr vision\u00e4res Schaffen und ihre enge Verbindung zur Kunst, insbesondere zum Surrealismus. Mit ihren fantasievollen, oft \u00fcberraschenden Entw\u00fcrfen - wie dem legend\u00e4ren Hummerkleid - sprengte sie die Grenzen der Mode und machte Kleidung zu einem Ausdruck von Kreativit\u00e4t und Humor.\" \/>\n<meta property=\"og:url\" content=\"https:\/\/kwp.at\/veranstaltungen\/product\/grosse-designer-elsa-schiaparelli-kino-brunch\/\" \/>\n<meta property=\"og:site_name\" content=\"Veranstaltungen - H\u00e4user zum Leben und Pensionist*innenklubs\" \/>\n<meta name=\"twitter:card\" content=\"summary_large_image\" \/>\n<script type=\"application\/ld+json\" class=\"yoast-schema-graph\">{\"@context\":\"https:\\\/\\\/schema.org\",\"@graph\":[{\"@type\":\"WebPage\",\"@id\":\"https:\\\/\\\/kwp.at\\\/veranstaltungen\\\/product\\\/grosse-designer-elsa-schiaparelli-kino-brunch\\\/\",\"url\":\"https:\\\/\\\/kwp.at\\\/veranstaltungen\\\/product\\\/grosse-designer-elsa-schiaparelli-kino-brunch\\\/\",\"name\":\"Gro\u00dfe Designer - \\\"Elsa Schiaparelli\\\" - Kino Brunch - Veranstaltungen - H\u00e4user zum Leben und Pensionist*innenklubs\",\"isPartOf\":{\"@id\":\"https:\\\/\\\/kwp.at\\\/veranstaltungen\\\/#website\"},\"datePublished\":\"2026-04-13T10:01:23+00:00\",\"breadcrumb\":{\"@id\":\"https:\\\/\\\/kwp.at\\\/veranstaltungen\\\/product\\\/grosse-designer-elsa-schiaparelli-kino-brunch\\\/#breadcrumb\"},\"inLanguage\":\"de\",\"potentialAction\":[{\"@type\":\"ReadAction\",\"target\":[\"https:\\\/\\\/kwp.at\\\/veranstaltungen\\\/product\\\/grosse-designer-elsa-schiaparelli-kino-brunch\\\/\"]}]},{\"@type\":\"BreadcrumbList\",\"@id\":\"https:\\\/\\\/kwp.at\\\/veranstaltungen\\\/product\\\/grosse-designer-elsa-schiaparelli-kino-brunch\\\/#breadcrumb\",\"itemListElement\":[{\"@type\":\"ListItem\",\"position\":1,\"name\":\"Home\",\"item\":\"https:\\\/\\\/kwp.at\\\/veranstaltungen\\\/\"},{\"@type\":\"ListItem\",\"position\":2,\"name\":\"Shop\",\"item\":\"https:\\\/\\\/kwp.at\\\/veranstaltungen\\\/\"},{\"@type\":\"ListItem\",\"position\":3,\"name\":\"Gro\u00dfe Designer &#8211; &#8222;Elsa Schiaparelli&#8220; &#8211; Kino Brunch\"}]},{\"@type\":\"WebSite\",\"@id\":\"https:\\\/\\\/kwp.at\\\/veranstaltungen\\\/#website\",\"url\":\"https:\\\/\\\/kwp.at\\\/veranstaltungen\\\/\",\"name\":\"Veranstaltungen - H\u00e4user zum Leben und Pensionist*innenklubs\",\"description\":\"Unsere Angebote der H\u00e4user und Klubs\",\"potentialAction\":[{\"@type\":\"SearchAction\",\"target\":{\"@type\":\"EntryPoint\",\"urlTemplate\":\"https:\\\/\\\/kwp.at\\\/veranstaltungen\\\/?s={search_term_string}\"},\"query-input\":{\"@type\":\"PropertyValueSpecification\",\"valueRequired\":true,\"valueName\":\"search_term_string\"}}],\"inLanguage\":\"de\"}]}<\/script>\n<!-- \/ Yoast SEO plugin. -->","yoast_head_json":{"title":"Gro\u00dfe Designer - \"Elsa Schiaparelli\" - Kino Brunch - Veranstaltungen - H\u00e4user zum Leben und Pensionist*innenklubs","robots":{"index":"index","follow":"follow","max-snippet":"max-snippet:-1","max-image-preview":"max-image-preview:large","max-video-preview":"max-video-preview:-1"},"canonical":"https:\/\/kwp.at\/veranstaltungen\/product\/grosse-designer-elsa-schiaparelli-kino-brunch\/","og_locale":"de_DE","og_type":"article","og_title":"Gro\u00dfe Designer - \"Elsa Schiaparelli\" - Kino Brunch - Veranstaltungen - H\u00e4user zum Leben und Pensionist*innenklubs","og_description":"Im Rahmen unserer Veranstaltungsreihe \u201eGro\u00dfe Designer\u201c laden wir herzlich zu einem weiteren inspirierenden Vortrag ein. Dieses Mal widmen wir uns Elsa Schiaparelli, einer der au\u00dfergew\u00f6hnlichsten Modedesignerinnen des 20. Jahrhunderts. Der Vortrag beleuchtet ihr vision\u00e4res Schaffen und ihre enge Verbindung zur Kunst, insbesondere zum Surrealismus. Mit ihren fantasievollen, oft \u00fcberraschenden Entw\u00fcrfen - wie dem legend\u00e4ren Hummerkleid - sprengte sie die Grenzen der Mode und machte Kleidung zu einem Ausdruck von Kreativit\u00e4t und Humor.","og_url":"https:\/\/kwp.at\/veranstaltungen\/product\/grosse-designer-elsa-schiaparelli-kino-brunch\/","og_site_name":"Veranstaltungen - H\u00e4user zum Leben und Pensionist*innenklubs","twitter_card":"summary_large_image","schema":{"@context":"https:\/\/schema.org","@graph":[{"@type":"WebPage","@id":"https:\/\/kwp.at\/veranstaltungen\/product\/grosse-designer-elsa-schiaparelli-kino-brunch\/","url":"https:\/\/kwp.at\/veranstaltungen\/product\/grosse-designer-elsa-schiaparelli-kino-brunch\/","name":"Gro\u00dfe Designer - \"Elsa Schiaparelli\" - Kino Brunch - Veranstaltungen - H\u00e4user zum Leben und Pensionist*innenklubs","isPartOf":{"@id":"https:\/\/kwp.at\/veranstaltungen\/#website"},"datePublished":"2026-04-13T10:01:23+00:00","breadcrumb":{"@id":"https:\/\/kwp.at\/veranstaltungen\/product\/grosse-designer-elsa-schiaparelli-kino-brunch\/#breadcrumb"},"inLanguage":"de","potentialAction":[{"@type":"ReadAction","target":["https:\/\/kwp.at\/veranstaltungen\/product\/grosse-designer-elsa-schiaparelli-kino-brunch\/"]}]},{"@type":"BreadcrumbList","@id":"https:\/\/kwp.at\/veranstaltungen\/product\/grosse-designer-elsa-schiaparelli-kino-brunch\/#breadcrumb","itemListElement":[{"@type":"ListItem","position":1,"name":"Home","item":"https:\/\/kwp.at\/veranstaltungen\/"},{"@type":"ListItem","position":2,"name":"Shop","item":"https:\/\/kwp.at\/veranstaltungen\/"},{"@type":"ListItem","position":3,"name":"Gro\u00dfe Designer &#8211; &#8222;Elsa Schiaparelli&#8220; &#8211; Kino Brunch"}]},{"@type":"WebSite","@id":"https:\/\/kwp.at\/veranstaltungen\/#website","url":"https:\/\/kwp.at\/veranstaltungen\/","name":"Veranstaltungen - H\u00e4user zum Leben und Pensionist*innenklubs","description":"Unsere Angebote der H\u00e4user und Klubs","potentialAction":[{"@type":"SearchAction","target":{"@type":"EntryPoint","urlTemplate":"https:\/\/kwp.at\/veranstaltungen\/?s={search_term_string}"},"query-input":{"@type":"PropertyValueSpecification","valueRequired":true,"valueName":"search_term_string"}}],"inLanguage":"de"}]}},"_links":{"self":[{"href":"https:\/\/kwp.at\/veranstaltungen\/wp-json\/wp\/v2\/product\/180811","targetHints":{"allow":["GET"]}}],"collection":[{"href":"https:\/\/kwp.at\/veranstaltungen\/wp-json\/wp\/v2\/product"}],"about":[{"href":"https:\/\/kwp.at\/veranstaltungen\/wp-json\/wp\/v2\/types\/product"}],"author":[{"embeddable":true,"href":"https:\/\/kwp.at\/veranstaltungen\/wp-json\/wp\/v2\/users\/740"}],"replies":[{"embeddable":true,"href":"https:\/\/kwp.at\/veranstaltungen\/wp-json\/wp\/v2\/comments?post=180811"}],"wp:attachment":[{"href":"https:\/\/kwp.at\/veranstaltungen\/wp-json\/wp\/v2\/media?parent=180811"}],"wp:term":[{"taxonomy":"product_brand","embeddable":true,"href":"https:\/\/kwp.at\/veranstaltungen\/wp-json\/wp\/v2\/product_brand?post=180811"},{"taxonomy":"product_cat","embeddable":true,"href":"https:\/\/kwp.at\/veranstaltungen\/wp-json\/wp\/v2\/product_cat?post=180811"},{"taxonomy":"product_tag","embeddable":true,"href":"https:\/\/kwp.at\/veranstaltungen\/wp-json\/wp\/v2\/product_tag?post=180811"}],"curies":[{"name":"wp","href":"https:\/\/api.w.org\/{rel}","templated":true}]}}