{"id":180795,"date":"2026-04-13T12:00:35","date_gmt":"2026-04-13T10:00:35","guid":{"rendered":"https:\/\/kwp.at\/veranstaltungen\/product\/chinesischer-drachen-loewentanz-2\/"},"modified":"2026-04-13T12:00:36","modified_gmt":"2026-04-13T10:00:36","slug":"chinesischer-drachen-loewentanz-2","status":"publish","type":"product","link":"https:\/\/kwp.at\/veranstaltungen\/product\/chinesischer-drachen-loewentanz-2\/","title":{"rendered":"Chinesischer Drachen- L\u00f6wentanz"},"excerpt":{"rendered":"<p>Der Drachentanz ist ein farbenfroher und lebendiger Brauch aus China, der Gl\u00fcck, St\u00e4rke und Gemeinschaft symbolisiert. Gemeinsam bewegen wir einen Drachen im Rhythmus der Musik und erleben so ein St\u00fcck chinesischer Kultur hautnah. Die Aktivit\u00e4t f\u00f6rdert Bewegung, Koordination und vor allem das Miteinander &#8211; denn nur im Team &#8222;erwacht&#8220; der Drache zum Leben. Vorkenntnisse sind n\u00f6tig!<\/p>\n","protected":false},"author":740,"comment_status":"closed","ping_status":"open","template":"","meta":{"_acf_changed":false},"product_brand":[],"product_cat":[15],"product_tag":[],"class_list":{"0":"post-180795","1":"product","2":"type-product","3":"status-publish","5":"product_cat-uncategorized","7":"first","8":"instock","9":"taxable","10":"shipping-taxable","11":"purchasable","12":"product-type-event"},"acf":[],"yoast_head":"<!-- This site is optimized with the Yoast SEO plugin v27.4 - https:\/\/yoast.com\/product\/yoast-seo-wordpress\/ -->\n<title>Chinesischer Drachen- L\u00f6wentanz - Veranstaltungen - H\u00e4user zum Leben und Pensionist*innenklubs<\/title>\n<meta name=\"robots\" content=\"index, follow, max-snippet:-1, max-image-preview:large, max-video-preview:-1\" \/>\n<link rel=\"canonical\" href=\"https:\/\/kwp.at\/veranstaltungen\/product\/chinesischer-drachen-loewentanz-2\/\" \/>\n<meta property=\"og:locale\" content=\"de_DE\" \/>\n<meta property=\"og:type\" content=\"article\" \/>\n<meta property=\"og:title\" content=\"Chinesischer Drachen- L\u00f6wentanz - Veranstaltungen - H\u00e4user zum Leben und Pensionist*innenklubs\" \/>\n<meta property=\"og:description\" content=\"Der Drachentanz ist ein farbenfroher und lebendiger Brauch aus China, der Gl\u00fcck, St\u00e4rke und Gemeinschaft symbolisiert. Gemeinsam bewegen wir einen Drachen im Rhythmus der Musik und erleben so ein St\u00fcck chinesischer Kultur hautnah. Die Aktivit\u00e4t f\u00f6rdert Bewegung, Koordination und vor allem das Miteinander - denn nur im Team &quot;erwacht&quot; der Drache zum Leben. Vorkenntnisse sind n\u00f6tig!\" \/>\n<meta property=\"og:url\" content=\"https:\/\/kwp.at\/veranstaltungen\/product\/chinesischer-drachen-loewentanz-2\/\" \/>\n<meta property=\"og:site_name\" content=\"Veranstaltungen - H\u00e4user zum Leben und Pensionist*innenklubs\" \/>\n<meta property=\"article:modified_time\" content=\"2026-04-13T10:00:36+00:00\" \/>\n<meta name=\"twitter:card\" content=\"summary_large_image\" \/>\n<script type=\"application\/ld+json\" class=\"yoast-schema-graph\">{\"@context\":\"https:\\\/\\\/schema.org\",\"@graph\":[{\"@type\":\"WebPage\",\"@id\":\"https:\\\/\\\/kwp.at\\\/veranstaltungen\\\/product\\\/chinesischer-drachen-loewentanz-2\\\/\",\"url\":\"https:\\\/\\\/kwp.at\\\/veranstaltungen\\\/product\\\/chinesischer-drachen-loewentanz-2\\\/\",\"name\":\"Chinesischer Drachen- L\u00f6wentanz - Veranstaltungen - H\u00e4user zum Leben und Pensionist*innenklubs\",\"isPartOf\":{\"@id\":\"https:\\\/\\\/kwp.at\\\/veranstaltungen\\\/#website\"},\"datePublished\":\"2026-04-13T10:00:35+00:00\",\"dateModified\":\"2026-04-13T10:00:36+00:00\",\"breadcrumb\":{\"@id\":\"https:\\\/\\\/kwp.at\\\/veranstaltungen\\\/product\\\/chinesischer-drachen-loewentanz-2\\\/#breadcrumb\"},\"inLanguage\":\"de\",\"potentialAction\":[{\"@type\":\"ReadAction\",\"target\":[\"https:\\\/\\\/kwp.at\\\/veranstaltungen\\\/product\\\/chinesischer-drachen-loewentanz-2\\\/\"]}]},{\"@type\":\"BreadcrumbList\",\"@id\":\"https:\\\/\\\/kwp.at\\\/veranstaltungen\\\/product\\\/chinesischer-drachen-loewentanz-2\\\/#breadcrumb\",\"itemListElement\":[{\"@type\":\"ListItem\",\"position\":1,\"name\":\"Home\",\"item\":\"https:\\\/\\\/kwp.at\\\/veranstaltungen\\\/\"},{\"@type\":\"ListItem\",\"position\":2,\"name\":\"Shop\",\"item\":\"https:\\\/\\\/kwp.at\\\/veranstaltungen\\\/\"},{\"@type\":\"ListItem\",\"position\":3,\"name\":\"Chinesischer Drachen- L\u00f6wentanz\"}]},{\"@type\":\"WebSite\",\"@id\":\"https:\\\/\\\/kwp.at\\\/veranstaltungen\\\/#website\",\"url\":\"https:\\\/\\\/kwp.at\\\/veranstaltungen\\\/\",\"name\":\"Veranstaltungen - H\u00e4user zum Leben und Pensionist*innenklubs\",\"description\":\"Unsere Angebote der H\u00e4user und Klubs\",\"potentialAction\":[{\"@type\":\"SearchAction\",\"target\":{\"@type\":\"EntryPoint\",\"urlTemplate\":\"https:\\\/\\\/kwp.at\\\/veranstaltungen\\\/?s={search_term_string}\"},\"query-input\":{\"@type\":\"PropertyValueSpecification\",\"valueRequired\":true,\"valueName\":\"search_term_string\"}}],\"inLanguage\":\"de\"}]}<\/script>\n<!-- \/ Yoast SEO plugin. -->","yoast_head_json":{"title":"Chinesischer Drachen- L\u00f6wentanz - Veranstaltungen - H\u00e4user zum Leben und Pensionist*innenklubs","robots":{"index":"index","follow":"follow","max-snippet":"max-snippet:-1","max-image-preview":"max-image-preview:large","max-video-preview":"max-video-preview:-1"},"canonical":"https:\/\/kwp.at\/veranstaltungen\/product\/chinesischer-drachen-loewentanz-2\/","og_locale":"de_DE","og_type":"article","og_title":"Chinesischer Drachen- L\u00f6wentanz - Veranstaltungen - H\u00e4user zum Leben und Pensionist*innenklubs","og_description":"Der Drachentanz ist ein farbenfroher und lebendiger Brauch aus China, der Gl\u00fcck, St\u00e4rke und Gemeinschaft symbolisiert. Gemeinsam bewegen wir einen Drachen im Rhythmus der Musik und erleben so ein St\u00fcck chinesischer Kultur hautnah. Die Aktivit\u00e4t f\u00f6rdert Bewegung, Koordination und vor allem das Miteinander - denn nur im Team \"erwacht\" der Drache zum Leben. Vorkenntnisse sind n\u00f6tig!","og_url":"https:\/\/kwp.at\/veranstaltungen\/product\/chinesischer-drachen-loewentanz-2\/","og_site_name":"Veranstaltungen - H\u00e4user zum Leben und Pensionist*innenklubs","article_modified_time":"2026-04-13T10:00:36+00:00","twitter_card":"summary_large_image","schema":{"@context":"https:\/\/schema.org","@graph":[{"@type":"WebPage","@id":"https:\/\/kwp.at\/veranstaltungen\/product\/chinesischer-drachen-loewentanz-2\/","url":"https:\/\/kwp.at\/veranstaltungen\/product\/chinesischer-drachen-loewentanz-2\/","name":"Chinesischer Drachen- L\u00f6wentanz - Veranstaltungen - H\u00e4user zum Leben und Pensionist*innenklubs","isPartOf":{"@id":"https:\/\/kwp.at\/veranstaltungen\/#website"},"datePublished":"2026-04-13T10:00:35+00:00","dateModified":"2026-04-13T10:00:36+00:00","breadcrumb":{"@id":"https:\/\/kwp.at\/veranstaltungen\/product\/chinesischer-drachen-loewentanz-2\/#breadcrumb"},"inLanguage":"de","potentialAction":[{"@type":"ReadAction","target":["https:\/\/kwp.at\/veranstaltungen\/product\/chinesischer-drachen-loewentanz-2\/"]}]},{"@type":"BreadcrumbList","@id":"https:\/\/kwp.at\/veranstaltungen\/product\/chinesischer-drachen-loewentanz-2\/#breadcrumb","itemListElement":[{"@type":"ListItem","position":1,"name":"Home","item":"https:\/\/kwp.at\/veranstaltungen\/"},{"@type":"ListItem","position":2,"name":"Shop","item":"https:\/\/kwp.at\/veranstaltungen\/"},{"@type":"ListItem","position":3,"name":"Chinesischer Drachen- L\u00f6wentanz"}]},{"@type":"WebSite","@id":"https:\/\/kwp.at\/veranstaltungen\/#website","url":"https:\/\/kwp.at\/veranstaltungen\/","name":"Veranstaltungen - H\u00e4user zum Leben und Pensionist*innenklubs","description":"Unsere Angebote der H\u00e4user und Klubs","potentialAction":[{"@type":"SearchAction","target":{"@type":"EntryPoint","urlTemplate":"https:\/\/kwp.at\/veranstaltungen\/?s={search_term_string}"},"query-input":{"@type":"PropertyValueSpecification","valueRequired":true,"valueName":"search_term_string"}}],"inLanguage":"de"}]}},"_links":{"self":[{"href":"https:\/\/kwp.at\/veranstaltungen\/wp-json\/wp\/v2\/product\/180795","targetHints":{"allow":["GET"]}}],"collection":[{"href":"https:\/\/kwp.at\/veranstaltungen\/wp-json\/wp\/v2\/product"}],"about":[{"href":"https:\/\/kwp.at\/veranstaltungen\/wp-json\/wp\/v2\/types\/product"}],"author":[{"embeddable":true,"href":"https:\/\/kwp.at\/veranstaltungen\/wp-json\/wp\/v2\/users\/740"}],"replies":[{"embeddable":true,"href":"https:\/\/kwp.at\/veranstaltungen\/wp-json\/wp\/v2\/comments?post=180795"}],"wp:attachment":[{"href":"https:\/\/kwp.at\/veranstaltungen\/wp-json\/wp\/v2\/media?parent=180795"}],"wp:term":[{"taxonomy":"product_brand","embeddable":true,"href":"https:\/\/kwp.at\/veranstaltungen\/wp-json\/wp\/v2\/product_brand?post=180795"},{"taxonomy":"product_cat","embeddable":true,"href":"https:\/\/kwp.at\/veranstaltungen\/wp-json\/wp\/v2\/product_cat?post=180795"},{"taxonomy":"product_tag","embeddable":true,"href":"https:\/\/kwp.at\/veranstaltungen\/wp-json\/wp\/v2\/product_tag?post=180795"}],"curies":[{"name":"wp","href":"https:\/\/api.w.org\/{rel}","templated":true}]}}