{"id":180788,"date":"2026-04-13T12:00:15","date_gmt":"2026-04-13T10:00:15","guid":{"rendered":"https:\/\/kwp.at\/veranstaltungen\/product\/herzenszeit-ein-miteinandertag\/"},"modified":"2026-04-13T12:00:16","modified_gmt":"2026-04-13T10:00:16","slug":"herzenszeit-ein-miteinandertag","status":"publish","type":"product","link":"https:\/\/kwp.at\/veranstaltungen\/product\/herzenszeit-ein-miteinandertag\/","title":{"rendered":"Herzenszeit &#8211; ein Miteinandertag!"},"excerpt":{"rendered":"<p>An diesem besonderen Tag nehmen wir uns Zeit f\u00fcr die Menschen, die uns am Herzen liegen \u2013 Freundinnen, Nachbarinnen und Wegbegleiter*innen. In gem\u00fctlicher Runde verbringen wir Zeit miteinander, tauschen Geschichten aus und genie\u00dfen das Beisammensein. Im Mittelpunkt stehen Wertsch\u00e4tzung, Gemeinschaft und kleine Momente der Freude. Denn gemeinsam verbrachte Zeit ist die sch\u00f6nste Herzenszeit. Jede*r ist willkommen. Bitte um Anmeldung im Klub.<\/p>\n","protected":false},"author":740,"comment_status":"closed","ping_status":"open","template":"","meta":{"_acf_changed":false},"product_brand":[],"product_cat":[15],"product_tag":[],"class_list":{"0":"post-180788","1":"product","2":"type-product","3":"status-publish","5":"product_cat-uncategorized","7":"first","8":"instock","9":"taxable","10":"shipping-taxable","11":"purchasable","12":"product-type-event"},"acf":[],"yoast_head":"<!-- This site is optimized with the Yoast SEO plugin v27.4 - https:\/\/yoast.com\/product\/yoast-seo-wordpress\/ -->\n<title>Herzenszeit - ein Miteinandertag! - Veranstaltungen - H\u00e4user zum Leben und Pensionist*innenklubs<\/title>\n<meta name=\"robots\" content=\"index, follow, max-snippet:-1, max-image-preview:large, max-video-preview:-1\" \/>\n<link rel=\"canonical\" href=\"https:\/\/kwp.at\/veranstaltungen\/product\/herzenszeit-ein-miteinandertag\/\" \/>\n<meta property=\"og:locale\" content=\"de_DE\" \/>\n<meta property=\"og:type\" content=\"article\" \/>\n<meta property=\"og:title\" content=\"Herzenszeit - ein Miteinandertag! - Veranstaltungen - H\u00e4user zum Leben und Pensionist*innenklubs\" \/>\n<meta property=\"og:description\" content=\"An diesem besonderen Tag nehmen wir uns Zeit f\u00fcr die Menschen, die uns am Herzen liegen \u2013 Freundinnen, Nachbarinnen und Wegbegleiter*innen. In gem\u00fctlicher Runde verbringen wir Zeit miteinander, tauschen Geschichten aus und genie\u00dfen das Beisammensein. Im Mittelpunkt stehen Wertsch\u00e4tzung, Gemeinschaft und kleine Momente der Freude. Denn gemeinsam verbrachte Zeit ist die sch\u00f6nste Herzenszeit. Jede*r ist willkommen. Bitte um Anmeldung im Klub.\" \/>\n<meta property=\"og:url\" content=\"https:\/\/kwp.at\/veranstaltungen\/product\/herzenszeit-ein-miteinandertag\/\" \/>\n<meta property=\"og:site_name\" content=\"Veranstaltungen - H\u00e4user zum Leben und Pensionist*innenklubs\" \/>\n<meta property=\"article:modified_time\" content=\"2026-04-13T10:00:16+00:00\" \/>\n<meta name=\"twitter:card\" content=\"summary_large_image\" \/>\n<script type=\"application\/ld+json\" class=\"yoast-schema-graph\">{\"@context\":\"https:\\\/\\\/schema.org\",\"@graph\":[{\"@type\":\"WebPage\",\"@id\":\"https:\\\/\\\/kwp.at\\\/veranstaltungen\\\/product\\\/herzenszeit-ein-miteinandertag\\\/\",\"url\":\"https:\\\/\\\/kwp.at\\\/veranstaltungen\\\/product\\\/herzenszeit-ein-miteinandertag\\\/\",\"name\":\"Herzenszeit - ein Miteinandertag! - Veranstaltungen - H\u00e4user zum Leben und Pensionist*innenklubs\",\"isPartOf\":{\"@id\":\"https:\\\/\\\/kwp.at\\\/veranstaltungen\\\/#website\"},\"datePublished\":\"2026-04-13T10:00:15+00:00\",\"dateModified\":\"2026-04-13T10:00:16+00:00\",\"breadcrumb\":{\"@id\":\"https:\\\/\\\/kwp.at\\\/veranstaltungen\\\/product\\\/herzenszeit-ein-miteinandertag\\\/#breadcrumb\"},\"inLanguage\":\"de\",\"potentialAction\":[{\"@type\":\"ReadAction\",\"target\":[\"https:\\\/\\\/kwp.at\\\/veranstaltungen\\\/product\\\/herzenszeit-ein-miteinandertag\\\/\"]}]},{\"@type\":\"BreadcrumbList\",\"@id\":\"https:\\\/\\\/kwp.at\\\/veranstaltungen\\\/product\\\/herzenszeit-ein-miteinandertag\\\/#breadcrumb\",\"itemListElement\":[{\"@type\":\"ListItem\",\"position\":1,\"name\":\"Home\",\"item\":\"https:\\\/\\\/kwp.at\\\/veranstaltungen\\\/\"},{\"@type\":\"ListItem\",\"position\":2,\"name\":\"Shop\",\"item\":\"https:\\\/\\\/kwp.at\\\/veranstaltungen\\\/\"},{\"@type\":\"ListItem\",\"position\":3,\"name\":\"Herzenszeit &#8211; ein Miteinandertag!\"}]},{\"@type\":\"WebSite\",\"@id\":\"https:\\\/\\\/kwp.at\\\/veranstaltungen\\\/#website\",\"url\":\"https:\\\/\\\/kwp.at\\\/veranstaltungen\\\/\",\"name\":\"Veranstaltungen - H\u00e4user zum Leben und Pensionist*innenklubs\",\"description\":\"Unsere Angebote der H\u00e4user und Klubs\",\"potentialAction\":[{\"@type\":\"SearchAction\",\"target\":{\"@type\":\"EntryPoint\",\"urlTemplate\":\"https:\\\/\\\/kwp.at\\\/veranstaltungen\\\/?s={search_term_string}\"},\"query-input\":{\"@type\":\"PropertyValueSpecification\",\"valueRequired\":true,\"valueName\":\"search_term_string\"}}],\"inLanguage\":\"de\"}]}<\/script>\n<!-- \/ Yoast SEO plugin. -->","yoast_head_json":{"title":"Herzenszeit - ein Miteinandertag! - Veranstaltungen - H\u00e4user zum Leben und Pensionist*innenklubs","robots":{"index":"index","follow":"follow","max-snippet":"max-snippet:-1","max-image-preview":"max-image-preview:large","max-video-preview":"max-video-preview:-1"},"canonical":"https:\/\/kwp.at\/veranstaltungen\/product\/herzenszeit-ein-miteinandertag\/","og_locale":"de_DE","og_type":"article","og_title":"Herzenszeit - ein Miteinandertag! - Veranstaltungen - H\u00e4user zum Leben und Pensionist*innenklubs","og_description":"An diesem besonderen Tag nehmen wir uns Zeit f\u00fcr die Menschen, die uns am Herzen liegen \u2013 Freundinnen, Nachbarinnen und Wegbegleiter*innen. In gem\u00fctlicher Runde verbringen wir Zeit miteinander, tauschen Geschichten aus und genie\u00dfen das Beisammensein. Im Mittelpunkt stehen Wertsch\u00e4tzung, Gemeinschaft und kleine Momente der Freude. Denn gemeinsam verbrachte Zeit ist die sch\u00f6nste Herzenszeit. Jede*r ist willkommen. Bitte um Anmeldung im Klub.","og_url":"https:\/\/kwp.at\/veranstaltungen\/product\/herzenszeit-ein-miteinandertag\/","og_site_name":"Veranstaltungen - H\u00e4user zum Leben und Pensionist*innenklubs","article_modified_time":"2026-04-13T10:00:16+00:00","twitter_card":"summary_large_image","schema":{"@context":"https:\/\/schema.org","@graph":[{"@type":"WebPage","@id":"https:\/\/kwp.at\/veranstaltungen\/product\/herzenszeit-ein-miteinandertag\/","url":"https:\/\/kwp.at\/veranstaltungen\/product\/herzenszeit-ein-miteinandertag\/","name":"Herzenszeit - ein Miteinandertag! - Veranstaltungen - H\u00e4user zum Leben und Pensionist*innenklubs","isPartOf":{"@id":"https:\/\/kwp.at\/veranstaltungen\/#website"},"datePublished":"2026-04-13T10:00:15+00:00","dateModified":"2026-04-13T10:00:16+00:00","breadcrumb":{"@id":"https:\/\/kwp.at\/veranstaltungen\/product\/herzenszeit-ein-miteinandertag\/#breadcrumb"},"inLanguage":"de","potentialAction":[{"@type":"ReadAction","target":["https:\/\/kwp.at\/veranstaltungen\/product\/herzenszeit-ein-miteinandertag\/"]}]},{"@type":"BreadcrumbList","@id":"https:\/\/kwp.at\/veranstaltungen\/product\/herzenszeit-ein-miteinandertag\/#breadcrumb","itemListElement":[{"@type":"ListItem","position":1,"name":"Home","item":"https:\/\/kwp.at\/veranstaltungen\/"},{"@type":"ListItem","position":2,"name":"Shop","item":"https:\/\/kwp.at\/veranstaltungen\/"},{"@type":"ListItem","position":3,"name":"Herzenszeit &#8211; ein Miteinandertag!"}]},{"@type":"WebSite","@id":"https:\/\/kwp.at\/veranstaltungen\/#website","url":"https:\/\/kwp.at\/veranstaltungen\/","name":"Veranstaltungen - H\u00e4user zum Leben und Pensionist*innenklubs","description":"Unsere Angebote der H\u00e4user und Klubs","potentialAction":[{"@type":"SearchAction","target":{"@type":"EntryPoint","urlTemplate":"https:\/\/kwp.at\/veranstaltungen\/?s={search_term_string}"},"query-input":{"@type":"PropertyValueSpecification","valueRequired":true,"valueName":"search_term_string"}}],"inLanguage":"de"}]}},"_links":{"self":[{"href":"https:\/\/kwp.at\/veranstaltungen\/wp-json\/wp\/v2\/product\/180788","targetHints":{"allow":["GET"]}}],"collection":[{"href":"https:\/\/kwp.at\/veranstaltungen\/wp-json\/wp\/v2\/product"}],"about":[{"href":"https:\/\/kwp.at\/veranstaltungen\/wp-json\/wp\/v2\/types\/product"}],"author":[{"embeddable":true,"href":"https:\/\/kwp.at\/veranstaltungen\/wp-json\/wp\/v2\/users\/740"}],"replies":[{"embeddable":true,"href":"https:\/\/kwp.at\/veranstaltungen\/wp-json\/wp\/v2\/comments?post=180788"}],"wp:attachment":[{"href":"https:\/\/kwp.at\/veranstaltungen\/wp-json\/wp\/v2\/media?parent=180788"}],"wp:term":[{"taxonomy":"product_brand","embeddable":true,"href":"https:\/\/kwp.at\/veranstaltungen\/wp-json\/wp\/v2\/product_brand?post=180788"},{"taxonomy":"product_cat","embeddable":true,"href":"https:\/\/kwp.at\/veranstaltungen\/wp-json\/wp\/v2\/product_cat?post=180788"},{"taxonomy":"product_tag","embeddable":true,"href":"https:\/\/kwp.at\/veranstaltungen\/wp-json\/wp\/v2\/product_tag?post=180788"}],"curies":[{"name":"wp","href":"https:\/\/api.w.org\/{rel}","templated":true}]}}