{"id":180769,"date":"2026-04-13T11:59:31","date_gmt":"2026-04-13T09:59:31","guid":{"rendered":"https:\/\/kwp.at\/veranstaltungen\/product\/80-tage-um-die-klubs-namaste-nepal\/"},"modified":"2026-04-13T11:59:32","modified_gmt":"2026-04-13T09:59:32","slug":"80-tage-um-die-klubs-namaste-nepal","status":"publish","type":"product","link":"https:\/\/kwp.at\/veranstaltungen\/product\/80-tage-um-die-klubs-namaste-nepal\/","title":{"rendered":"80 Tage um die Klubs  &#8222;Namaste, Nepal&#8220;"},"excerpt":{"rendered":"<p>Im Rahmen der Reihe &#8222;80 Tage um die Klubs&#8220; widmen wir uns dem faszinierenden Land Nepal. Freuen Sie sich auf ein abwechslungsreiches Programm, dass Ihnen die Kultur Nepals n\u00e4herbringt. Spannende Vortr\u00e4ge, pers\u00f6nliche Reiseberichte und eindrucksvolle Fotopr\u00e4sentationen geben Einblicke in Landschaft, Alltag und Traditionen. Erg\u00e4nzt wird das Angebot durch Meditations\u00fcbungen sowie die M\u00f6glichkeit, klassische nepalesische K\u00f6stlichkeiten kennenzulernen und zu genie\u00dfen.\u00a0Jede*r ist willkommen.<\/p>\n","protected":false},"author":740,"comment_status":"closed","ping_status":"open","template":"","meta":{"_acf_changed":false},"product_brand":[],"product_cat":[15],"product_tag":[],"class_list":{"0":"post-180769","1":"product","2":"type-product","3":"status-publish","5":"product_cat-uncategorized","7":"first","8":"instock","9":"taxable","10":"shipping-taxable","11":"purchasable","12":"product-type-event"},"acf":[],"yoast_head":"<!-- This site is optimized with the Yoast SEO plugin v27.4 - https:\/\/yoast.com\/product\/yoast-seo-wordpress\/ -->\n<title>80 Tage um die Klubs &quot;Namaste, Nepal&quot; - Veranstaltungen - H\u00e4user zum Leben und Pensionist*innenklubs<\/title>\n<meta name=\"robots\" content=\"index, follow, max-snippet:-1, max-image-preview:large, max-video-preview:-1\" \/>\n<link rel=\"canonical\" href=\"https:\/\/kwp.at\/veranstaltungen\/product\/80-tage-um-die-klubs-namaste-nepal\/\" \/>\n<meta property=\"og:locale\" content=\"de_DE\" \/>\n<meta property=\"og:type\" content=\"article\" \/>\n<meta property=\"og:title\" content=\"80 Tage um die Klubs &quot;Namaste, Nepal&quot; - Veranstaltungen - H\u00e4user zum Leben und Pensionist*innenklubs\" \/>\n<meta property=\"og:description\" content=\"Im Rahmen der Reihe &quot;80 Tage um die Klubs&quot; widmen wir uns dem faszinierenden Land Nepal. Freuen Sie sich auf ein abwechslungsreiches Programm, dass Ihnen die Kultur Nepals n\u00e4herbringt. Spannende Vortr\u00e4ge, pers\u00f6nliche Reiseberichte und eindrucksvolle Fotopr\u00e4sentationen geben Einblicke in Landschaft, Alltag und Traditionen. Erg\u00e4nzt wird das Angebot durch Meditations\u00fcbungen sowie die M\u00f6glichkeit, klassische nepalesische K\u00f6stlichkeiten kennenzulernen und zu genie\u00dfen.\u00a0Jede*r ist willkommen.\" \/>\n<meta property=\"og:url\" content=\"https:\/\/kwp.at\/veranstaltungen\/product\/80-tage-um-die-klubs-namaste-nepal\/\" \/>\n<meta property=\"og:site_name\" content=\"Veranstaltungen - H\u00e4user zum Leben und Pensionist*innenklubs\" \/>\n<meta property=\"article:modified_time\" content=\"2026-04-13T09:59:32+00:00\" \/>\n<meta name=\"twitter:card\" content=\"summary_large_image\" \/>\n<script type=\"application\/ld+json\" class=\"yoast-schema-graph\">{\"@context\":\"https:\\\/\\\/schema.org\",\"@graph\":[{\"@type\":\"WebPage\",\"@id\":\"https:\\\/\\\/kwp.at\\\/veranstaltungen\\\/product\\\/80-tage-um-die-klubs-namaste-nepal\\\/\",\"url\":\"https:\\\/\\\/kwp.at\\\/veranstaltungen\\\/product\\\/80-tage-um-die-klubs-namaste-nepal\\\/\",\"name\":\"80 Tage um die Klubs \\\"Namaste, Nepal\\\" - Veranstaltungen - H\u00e4user zum Leben und Pensionist*innenklubs\",\"isPartOf\":{\"@id\":\"https:\\\/\\\/kwp.at\\\/veranstaltungen\\\/#website\"},\"datePublished\":\"2026-04-13T09:59:31+00:00\",\"dateModified\":\"2026-04-13T09:59:32+00:00\",\"breadcrumb\":{\"@id\":\"https:\\\/\\\/kwp.at\\\/veranstaltungen\\\/product\\\/80-tage-um-die-klubs-namaste-nepal\\\/#breadcrumb\"},\"inLanguage\":\"de\",\"potentialAction\":[{\"@type\":\"ReadAction\",\"target\":[\"https:\\\/\\\/kwp.at\\\/veranstaltungen\\\/product\\\/80-tage-um-die-klubs-namaste-nepal\\\/\"]}]},{\"@type\":\"BreadcrumbList\",\"@id\":\"https:\\\/\\\/kwp.at\\\/veranstaltungen\\\/product\\\/80-tage-um-die-klubs-namaste-nepal\\\/#breadcrumb\",\"itemListElement\":[{\"@type\":\"ListItem\",\"position\":1,\"name\":\"Home\",\"item\":\"https:\\\/\\\/kwp.at\\\/veranstaltungen\\\/\"},{\"@type\":\"ListItem\",\"position\":2,\"name\":\"Shop\",\"item\":\"https:\\\/\\\/kwp.at\\\/veranstaltungen\\\/\"},{\"@type\":\"ListItem\",\"position\":3,\"name\":\"80 Tage um die Klubs &#8222;Namaste, Nepal&#8220;\"}]},{\"@type\":\"WebSite\",\"@id\":\"https:\\\/\\\/kwp.at\\\/veranstaltungen\\\/#website\",\"url\":\"https:\\\/\\\/kwp.at\\\/veranstaltungen\\\/\",\"name\":\"Veranstaltungen - H\u00e4user zum Leben und Pensionist*innenklubs\",\"description\":\"Unsere Angebote der H\u00e4user und Klubs\",\"potentialAction\":[{\"@type\":\"SearchAction\",\"target\":{\"@type\":\"EntryPoint\",\"urlTemplate\":\"https:\\\/\\\/kwp.at\\\/veranstaltungen\\\/?s={search_term_string}\"},\"query-input\":{\"@type\":\"PropertyValueSpecification\",\"valueRequired\":true,\"valueName\":\"search_term_string\"}}],\"inLanguage\":\"de\"}]}<\/script>\n<!-- \/ Yoast SEO plugin. -->","yoast_head_json":{"title":"80 Tage um die Klubs \"Namaste, Nepal\" - Veranstaltungen - H\u00e4user zum Leben und Pensionist*innenklubs","robots":{"index":"index","follow":"follow","max-snippet":"max-snippet:-1","max-image-preview":"max-image-preview:large","max-video-preview":"max-video-preview:-1"},"canonical":"https:\/\/kwp.at\/veranstaltungen\/product\/80-tage-um-die-klubs-namaste-nepal\/","og_locale":"de_DE","og_type":"article","og_title":"80 Tage um die Klubs \"Namaste, Nepal\" - Veranstaltungen - H\u00e4user zum Leben und Pensionist*innenklubs","og_description":"Im Rahmen der Reihe \"80 Tage um die Klubs\" widmen wir uns dem faszinierenden Land Nepal. Freuen Sie sich auf ein abwechslungsreiches Programm, dass Ihnen die Kultur Nepals n\u00e4herbringt. Spannende Vortr\u00e4ge, pers\u00f6nliche Reiseberichte und eindrucksvolle Fotopr\u00e4sentationen geben Einblicke in Landschaft, Alltag und Traditionen. Erg\u00e4nzt wird das Angebot durch Meditations\u00fcbungen sowie die M\u00f6glichkeit, klassische nepalesische K\u00f6stlichkeiten kennenzulernen und zu genie\u00dfen.\u00a0Jede*r ist willkommen.","og_url":"https:\/\/kwp.at\/veranstaltungen\/product\/80-tage-um-die-klubs-namaste-nepal\/","og_site_name":"Veranstaltungen - H\u00e4user zum Leben und Pensionist*innenklubs","article_modified_time":"2026-04-13T09:59:32+00:00","twitter_card":"summary_large_image","schema":{"@context":"https:\/\/schema.org","@graph":[{"@type":"WebPage","@id":"https:\/\/kwp.at\/veranstaltungen\/product\/80-tage-um-die-klubs-namaste-nepal\/","url":"https:\/\/kwp.at\/veranstaltungen\/product\/80-tage-um-die-klubs-namaste-nepal\/","name":"80 Tage um die Klubs \"Namaste, Nepal\" - Veranstaltungen - H\u00e4user zum Leben und Pensionist*innenklubs","isPartOf":{"@id":"https:\/\/kwp.at\/veranstaltungen\/#website"},"datePublished":"2026-04-13T09:59:31+00:00","dateModified":"2026-04-13T09:59:32+00:00","breadcrumb":{"@id":"https:\/\/kwp.at\/veranstaltungen\/product\/80-tage-um-die-klubs-namaste-nepal\/#breadcrumb"},"inLanguage":"de","potentialAction":[{"@type":"ReadAction","target":["https:\/\/kwp.at\/veranstaltungen\/product\/80-tage-um-die-klubs-namaste-nepal\/"]}]},{"@type":"BreadcrumbList","@id":"https:\/\/kwp.at\/veranstaltungen\/product\/80-tage-um-die-klubs-namaste-nepal\/#breadcrumb","itemListElement":[{"@type":"ListItem","position":1,"name":"Home","item":"https:\/\/kwp.at\/veranstaltungen\/"},{"@type":"ListItem","position":2,"name":"Shop","item":"https:\/\/kwp.at\/veranstaltungen\/"},{"@type":"ListItem","position":3,"name":"80 Tage um die Klubs &#8222;Namaste, Nepal&#8220;"}]},{"@type":"WebSite","@id":"https:\/\/kwp.at\/veranstaltungen\/#website","url":"https:\/\/kwp.at\/veranstaltungen\/","name":"Veranstaltungen - H\u00e4user zum Leben und Pensionist*innenklubs","description":"Unsere Angebote der H\u00e4user und Klubs","potentialAction":[{"@type":"SearchAction","target":{"@type":"EntryPoint","urlTemplate":"https:\/\/kwp.at\/veranstaltungen\/?s={search_term_string}"},"query-input":{"@type":"PropertyValueSpecification","valueRequired":true,"valueName":"search_term_string"}}],"inLanguage":"de"}]}},"_links":{"self":[{"href":"https:\/\/kwp.at\/veranstaltungen\/wp-json\/wp\/v2\/product\/180769","targetHints":{"allow":["GET"]}}],"collection":[{"href":"https:\/\/kwp.at\/veranstaltungen\/wp-json\/wp\/v2\/product"}],"about":[{"href":"https:\/\/kwp.at\/veranstaltungen\/wp-json\/wp\/v2\/types\/product"}],"author":[{"embeddable":true,"href":"https:\/\/kwp.at\/veranstaltungen\/wp-json\/wp\/v2\/users\/740"}],"replies":[{"embeddable":true,"href":"https:\/\/kwp.at\/veranstaltungen\/wp-json\/wp\/v2\/comments?post=180769"}],"wp:attachment":[{"href":"https:\/\/kwp.at\/veranstaltungen\/wp-json\/wp\/v2\/media?parent=180769"}],"wp:term":[{"taxonomy":"product_brand","embeddable":true,"href":"https:\/\/kwp.at\/veranstaltungen\/wp-json\/wp\/v2\/product_brand?post=180769"},{"taxonomy":"product_cat","embeddable":true,"href":"https:\/\/kwp.at\/veranstaltungen\/wp-json\/wp\/v2\/product_cat?post=180769"},{"taxonomy":"product_tag","embeddable":true,"href":"https:\/\/kwp.at\/veranstaltungen\/wp-json\/wp\/v2\/product_tag?post=180769"}],"curies":[{"name":"wp","href":"https:\/\/api.w.org\/{rel}","templated":true}]}}