{"id":179216,"date":"2026-04-08T15:24:22","date_gmt":"2026-04-08T13:24:22","guid":{"rendered":"https:\/\/kwp.at\/veranstaltungen\/product\/fashion-reloaded-klima-bienale-unspeakable-worlds\/"},"modified":"2026-04-08T15:35:24","modified_gmt":"2026-04-08T13:35:24","slug":"fashion-reloaded-klima-bienale-unspeakable-worlds","status":"publish","type":"product","link":"https:\/\/kwp.at\/veranstaltungen\/product\/fashion-reloaded-klima-bienale-unspeakable-worlds\/","title":{"rendered":"Fashion Reloaded &#8211; Klima Biennale &#8222;Unspeakable Worlds&#8220;"},"excerpt":{"rendered":"<p>Die &#8222;Fashion Reloaded&#8220;-Gruppe pr\u00e4sentiert ihre einzigartige Kollektion aus Upcycling-Projekten des Jahres 2025 im Rahmen der Klima Biennale vor dem Burgtheater. Mit viel Kreativit\u00e4t und handwerklichem Geschick wurden aus bestehenden Materialien neue, individuelle Kleidungsst\u00fccke geschaffen. Die Pr\u00e4sentation zeigt, wie Nachhaltigkeit, Stil und Gemeinschaft auf inspirierende Weise zusammenfinden.<\/p>\n","protected":false},"author":740,"comment_status":"closed","ping_status":"closed","template":"","meta":{"_acf_changed":false},"product_brand":[],"product_cat":[15],"product_tag":[],"class_list":{"0":"post-179216","1":"product","2":"type-product","3":"status-publish","5":"product_cat-uncategorized","7":"first","8":"instock","9":"taxable","10":"shipping-taxable","11":"purchasable","12":"product-type-event"},"acf":[],"yoast_head":"<!-- This site is optimized with the Yoast SEO plugin v27.4 - https:\/\/yoast.com\/product\/yoast-seo-wordpress\/ -->\n<title>Fashion Reloaded - Klima Biennale &quot;Unspeakable Worlds&quot; - Veranstaltungen - H\u00e4user zum Leben und Pensionist*innenklubs<\/title>\n<meta name=\"robots\" content=\"index, follow, max-snippet:-1, max-image-preview:large, max-video-preview:-1\" \/>\n<link rel=\"canonical\" href=\"https:\/\/kwp.at\/veranstaltungen\/product\/fashion-reloaded-klima-bienale-unspeakable-worlds\/\" \/>\n<meta property=\"og:locale\" content=\"de_DE\" \/>\n<meta property=\"og:type\" content=\"article\" \/>\n<meta property=\"og:title\" content=\"Fashion Reloaded - Klima Biennale &quot;Unspeakable Worlds&quot; - Veranstaltungen - H\u00e4user zum Leben und Pensionist*innenklubs\" \/>\n<meta property=\"og:description\" content=\"Die &quot;Fashion Reloaded&quot;-Gruppe pr\u00e4sentiert ihre einzigartige Kollektion aus Upcycling-Projekten des Jahres 2025 im Rahmen der Klima Biennale vor dem Burgtheater. Mit viel Kreativit\u00e4t und handwerklichem Geschick wurden aus bestehenden Materialien neue, individuelle Kleidungsst\u00fccke geschaffen. Die Pr\u00e4sentation zeigt, wie Nachhaltigkeit, Stil und Gemeinschaft auf inspirierende Weise zusammenfinden.\" \/>\n<meta property=\"og:url\" content=\"https:\/\/kwp.at\/veranstaltungen\/product\/fashion-reloaded-klima-bienale-unspeakable-worlds\/\" \/>\n<meta property=\"og:site_name\" content=\"Veranstaltungen - H\u00e4user zum Leben und Pensionist*innenklubs\" \/>\n<meta property=\"article:modified_time\" content=\"2026-04-08T13:35:24+00:00\" \/>\n<meta name=\"twitter:card\" content=\"summary_large_image\" \/>\n<script type=\"application\/ld+json\" class=\"yoast-schema-graph\">{\"@context\":\"https:\\\/\\\/schema.org\",\"@graph\":[{\"@type\":\"WebPage\",\"@id\":\"https:\\\/\\\/kwp.at\\\/veranstaltungen\\\/product\\\/fashion-reloaded-klima-bienale-unspeakable-worlds\\\/\",\"url\":\"https:\\\/\\\/kwp.at\\\/veranstaltungen\\\/product\\\/fashion-reloaded-klima-bienale-unspeakable-worlds\\\/\",\"name\":\"Fashion Reloaded - Klima Biennale \\\"Unspeakable Worlds\\\" - Veranstaltungen - H\u00e4user zum Leben und Pensionist*innenklubs\",\"isPartOf\":{\"@id\":\"https:\\\/\\\/kwp.at\\\/veranstaltungen\\\/#website\"},\"datePublished\":\"2026-04-08T13:24:22+00:00\",\"dateModified\":\"2026-04-08T13:35:24+00:00\",\"breadcrumb\":{\"@id\":\"https:\\\/\\\/kwp.at\\\/veranstaltungen\\\/product\\\/fashion-reloaded-klima-bienale-unspeakable-worlds\\\/#breadcrumb\"},\"inLanguage\":\"de\",\"potentialAction\":[{\"@type\":\"ReadAction\",\"target\":[\"https:\\\/\\\/kwp.at\\\/veranstaltungen\\\/product\\\/fashion-reloaded-klima-bienale-unspeakable-worlds\\\/\"]}]},{\"@type\":\"BreadcrumbList\",\"@id\":\"https:\\\/\\\/kwp.at\\\/veranstaltungen\\\/product\\\/fashion-reloaded-klima-bienale-unspeakable-worlds\\\/#breadcrumb\",\"itemListElement\":[{\"@type\":\"ListItem\",\"position\":1,\"name\":\"Home\",\"item\":\"https:\\\/\\\/kwp.at\\\/veranstaltungen\\\/\"},{\"@type\":\"ListItem\",\"position\":2,\"name\":\"Shop\",\"item\":\"https:\\\/\\\/kwp.at\\\/veranstaltungen\\\/\"},{\"@type\":\"ListItem\",\"position\":3,\"name\":\"Fashion Reloaded &#8211; Klima Biennale &#8222;Unspeakable Worlds&#8220;\"}]},{\"@type\":\"WebSite\",\"@id\":\"https:\\\/\\\/kwp.at\\\/veranstaltungen\\\/#website\",\"url\":\"https:\\\/\\\/kwp.at\\\/veranstaltungen\\\/\",\"name\":\"Veranstaltungen - H\u00e4user zum Leben und Pensionist*innenklubs\",\"description\":\"Unsere Angebote der H\u00e4user und Klubs\",\"potentialAction\":[{\"@type\":\"SearchAction\",\"target\":{\"@type\":\"EntryPoint\",\"urlTemplate\":\"https:\\\/\\\/kwp.at\\\/veranstaltungen\\\/?s={search_term_string}\"},\"query-input\":{\"@type\":\"PropertyValueSpecification\",\"valueRequired\":true,\"valueName\":\"search_term_string\"}}],\"inLanguage\":\"de\"}]}<\/script>\n<!-- \/ Yoast SEO plugin. -->","yoast_head_json":{"title":"Fashion Reloaded - Klima Biennale \"Unspeakable Worlds\" - Veranstaltungen - H\u00e4user zum Leben und Pensionist*innenklubs","robots":{"index":"index","follow":"follow","max-snippet":"max-snippet:-1","max-image-preview":"max-image-preview:large","max-video-preview":"max-video-preview:-1"},"canonical":"https:\/\/kwp.at\/veranstaltungen\/product\/fashion-reloaded-klima-bienale-unspeakable-worlds\/","og_locale":"de_DE","og_type":"article","og_title":"Fashion Reloaded - Klima Biennale \"Unspeakable Worlds\" - Veranstaltungen - H\u00e4user zum Leben und Pensionist*innenklubs","og_description":"Die \"Fashion Reloaded\"-Gruppe pr\u00e4sentiert ihre einzigartige Kollektion aus Upcycling-Projekten des Jahres 2025 im Rahmen der Klima Biennale vor dem Burgtheater. Mit viel Kreativit\u00e4t und handwerklichem Geschick wurden aus bestehenden Materialien neue, individuelle Kleidungsst\u00fccke geschaffen. Die Pr\u00e4sentation zeigt, wie Nachhaltigkeit, Stil und Gemeinschaft auf inspirierende Weise zusammenfinden.","og_url":"https:\/\/kwp.at\/veranstaltungen\/product\/fashion-reloaded-klima-bienale-unspeakable-worlds\/","og_site_name":"Veranstaltungen - H\u00e4user zum Leben und Pensionist*innenklubs","article_modified_time":"2026-04-08T13:35:24+00:00","twitter_card":"summary_large_image","schema":{"@context":"https:\/\/schema.org","@graph":[{"@type":"WebPage","@id":"https:\/\/kwp.at\/veranstaltungen\/product\/fashion-reloaded-klima-bienale-unspeakable-worlds\/","url":"https:\/\/kwp.at\/veranstaltungen\/product\/fashion-reloaded-klima-bienale-unspeakable-worlds\/","name":"Fashion Reloaded - Klima Biennale \"Unspeakable Worlds\" - Veranstaltungen - H\u00e4user zum Leben und Pensionist*innenklubs","isPartOf":{"@id":"https:\/\/kwp.at\/veranstaltungen\/#website"},"datePublished":"2026-04-08T13:24:22+00:00","dateModified":"2026-04-08T13:35:24+00:00","breadcrumb":{"@id":"https:\/\/kwp.at\/veranstaltungen\/product\/fashion-reloaded-klima-bienale-unspeakable-worlds\/#breadcrumb"},"inLanguage":"de","potentialAction":[{"@type":"ReadAction","target":["https:\/\/kwp.at\/veranstaltungen\/product\/fashion-reloaded-klima-bienale-unspeakable-worlds\/"]}]},{"@type":"BreadcrumbList","@id":"https:\/\/kwp.at\/veranstaltungen\/product\/fashion-reloaded-klima-bienale-unspeakable-worlds\/#breadcrumb","itemListElement":[{"@type":"ListItem","position":1,"name":"Home","item":"https:\/\/kwp.at\/veranstaltungen\/"},{"@type":"ListItem","position":2,"name":"Shop","item":"https:\/\/kwp.at\/veranstaltungen\/"},{"@type":"ListItem","position":3,"name":"Fashion Reloaded &#8211; Klima Biennale &#8222;Unspeakable Worlds&#8220;"}]},{"@type":"WebSite","@id":"https:\/\/kwp.at\/veranstaltungen\/#website","url":"https:\/\/kwp.at\/veranstaltungen\/","name":"Veranstaltungen - H\u00e4user zum Leben und Pensionist*innenklubs","description":"Unsere Angebote der H\u00e4user und Klubs","potentialAction":[{"@type":"SearchAction","target":{"@type":"EntryPoint","urlTemplate":"https:\/\/kwp.at\/veranstaltungen\/?s={search_term_string}"},"query-input":{"@type":"PropertyValueSpecification","valueRequired":true,"valueName":"search_term_string"}}],"inLanguage":"de"}]}},"_links":{"self":[{"href":"https:\/\/kwp.at\/veranstaltungen\/wp-json\/wp\/v2\/product\/179216","targetHints":{"allow":["GET"]}}],"collection":[{"href":"https:\/\/kwp.at\/veranstaltungen\/wp-json\/wp\/v2\/product"}],"about":[{"href":"https:\/\/kwp.at\/veranstaltungen\/wp-json\/wp\/v2\/types\/product"}],"author":[{"embeddable":true,"href":"https:\/\/kwp.at\/veranstaltungen\/wp-json\/wp\/v2\/users\/740"}],"replies":[{"embeddable":true,"href":"https:\/\/kwp.at\/veranstaltungen\/wp-json\/wp\/v2\/comments?post=179216"}],"wp:attachment":[{"href":"https:\/\/kwp.at\/veranstaltungen\/wp-json\/wp\/v2\/media?parent=179216"}],"wp:term":[{"taxonomy":"product_brand","embeddable":true,"href":"https:\/\/kwp.at\/veranstaltungen\/wp-json\/wp\/v2\/product_brand?post=179216"},{"taxonomy":"product_cat","embeddable":true,"href":"https:\/\/kwp.at\/veranstaltungen\/wp-json\/wp\/v2\/product_cat?post=179216"},{"taxonomy":"product_tag","embeddable":true,"href":"https:\/\/kwp.at\/veranstaltungen\/wp-json\/wp\/v2\/product_tag?post=179216"}],"curies":[{"name":"wp","href":"https:\/\/api.w.org\/{rel}","templated":true}]}}