{"id":177255,"date":"2026-04-01T00:31:22","date_gmt":"2026-03-31T22:31:22","guid":{"rendered":"https:\/\/kwp.at\/veranstaltungen\/product\/sonderausflug-nach-podersdorf-7\/"},"modified":"2026-04-03T09:30:10","modified_gmt":"2026-04-03T07:30:10","slug":"sonderausflug-nach-podersdorf-7","status":"publish","type":"product","link":"https:\/\/kwp.at\/veranstaltungen\/product\/sonderausflug-nach-podersdorf-7\/","title":{"rendered":"Sonderausflug nach Podersdorf"},"excerpt":{"rendered":"<p><img loading=\"lazy\" decoding=\"async\" class=\"alignleft wp-image-160893 size-full\" src=\"https:\/\/kwp.at\/veranstaltungen\/wp-content\/uploads\/sites\/3\/2025\/12\/Pictogramm-Rolli.png\" alt=\"\" width=\"133\" height=\"101\" \/><strong>Sonder-Ausflug<\/strong><br \/>Dieser Ausflug ist f\u00fcr die Zielgruppe <i>Menschen mit Assistenzbedarf<\/i> und <i>Bewohner:innen der H\u00e4user zum Leben<\/i> organisiert. F\u00fcr externe G\u00e4ste ist eine telefonische oder pers\u00f6nliche Anmeldung zum Ausflug im Haus Hohe Warte unbedingt erforderlich! Tel:  01 31399 124-0 &#8212; <b>Bitte beachten:<\/b> Personen mit Assistenzbedarf m\u00fcssen von einer begleitenden Person unterst\u00fctzt werden. Diese Begleitperson ist kostenpflichtig und muss selbst organisiert werden.<\/p>\n<p> <b><i>Abfahrtsstelle: <\/i><\/b>09:00 Uhr &#8211; 10., Holbeingasse 8 (Haus Fortuna)<\/p>\n<p><b><i>Bitte (ganz unten) Men\u00fc vorbestellen: <\/i><\/b><br \/> Suppe \/ Vorspeise: Rindskraftsuppe mit Nudeln od. Gem\u00fcsejulienne<br \/>M1: Wr. Schnitzel mit Reis und Salat<br \/>M2: Z\u00fcrcher Kalbsrahmgeschnetzeltes mit Kr\u00e4utersp\u00e4tzle und Salat <br \/>M3: H\u00fchnerbrustfilet mit Mozzarella und Tomaten mit Safranreis und Zuckererbsen \u00fcberbacken <br \/> Dessert: Topfencreme mit Fr\u00fcchteragout od. f\u00fcr Diabetiker: Linzerschnitte f\u00fcr Diabetiker<\/p>\n<p style=\"font-size: 14px;\">Mit Ihrer Buchung akzeptieren Sie folgende Bedingungen: Alle Angaben ohne Gew\u00e4hr, \u00c4nderungen und Druckfehler vorbehalten. Termine k\u00f6nnen aus wichtigen Gr\u00fcnden verschoben oder abgesagt werden. Der Sonder-Ausflug findet nur bei mindestens 20 Teilnehmenden statt. Bei Stornierung durch Teilnehmende keine R\u00fcckerstattung, sofern gesetzlich zul\u00e4ssig. Bitte informieren Sie sich kurz vorab auf unserer Homepage \u00fcber den aktuellen Status dieses Ausflugs.<\/p>\n","protected":false},"author":79,"comment_status":"closed","ping_status":"closed","template":"","meta":{"_acf_changed":false},"product_brand":[],"product_cat":[15],"product_tag":[],"class_list":{"0":"post-177255","1":"product","2":"type-product","3":"status-publish","5":"product_cat-uncategorized","7":"first","8":"outofstock","9":"taxable","10":"shipping-taxable","11":"purchasable","12":"product-type-variable"},"acf":[],"yoast_head":"<!-- This site is optimized with the Yoast SEO plugin v27.4 - https:\/\/yoast.com\/product\/yoast-seo-wordpress\/ -->\n<title>Sonderausflug nach Podersdorf - Veranstaltungen - H\u00e4user zum Leben und Pensionist*innenklubs<\/title>\n<meta name=\"robots\" content=\"index, follow, max-snippet:-1, max-image-preview:large, max-video-preview:-1\" \/>\n<link rel=\"canonical\" href=\"https:\/\/kwp.at\/veranstaltungen\/product\/sonderausflug-nach-podersdorf-7\/\" \/>\n<meta property=\"og:locale\" content=\"de_DE\" \/>\n<meta property=\"og:type\" content=\"article\" \/>\n<meta property=\"og:title\" content=\"Sonderausflug nach Podersdorf - Veranstaltungen - H\u00e4user zum Leben und Pensionist*innenklubs\" \/>\n<meta property=\"og:description\" content=\"Sonder-AusflugDieser Ausflug ist f\u00fcr die Zielgruppe Menschen mit Assistenzbedarf und Bewohner:innen der H\u00e4user zum Leben organisiert. F\u00fcr externe G\u00e4ste ist eine telefonische oder pers\u00f6nliche Anmeldung zum Ausflug im Haus Hohe Warte unbedingt erforderlich! Tel: 01 31399 124-0 --- Bitte beachten: Personen mit Assistenzbedarf m\u00fcssen von einer begleitenden Person unterst\u00fctzt werden. Diese Begleitperson ist kostenpflichtig und muss selbst organisiert werden. Abfahrtsstelle: 09:00 Uhr - 10., Holbeingasse 8 (Haus Fortuna) Bitte (ganz unten) Men\u00fc vorbestellen: Suppe \/ Vorspeise: Rindskraftsuppe mit Nudeln od. Gem\u00fcsejulienneM1: Wr. Schnitzel mit Reis und SalatM2: Z\u00fcrcher Kalbsrahmgeschnetzeltes mit Kr\u00e4utersp\u00e4tzle und Salat M3: H\u00fchnerbrustfilet mit Mozzarella und Tomaten mit Safranreis und Zuckererbsen \u00fcberbacken Dessert: Topfencreme mit Fr\u00fcchteragout od. f\u00fcr Diabetiker: Linzerschnitte f\u00fcr DiabetikerMit Ihrer Buchung akzeptieren Sie folgende Bedingungen: Alle Angaben ohne Gew\u00e4hr, \u00c4nderungen und Druckfehler vorbehalten. Termine k\u00f6nnen aus wichtigen Gr\u00fcnden verschoben oder abgesagt werden. Der Sonder-Ausflug findet nur bei mindestens 20 Teilnehmenden statt. Bei Stornierung durch Teilnehmende keine R\u00fcckerstattung, sofern gesetzlich zul\u00e4ssig. Bitte informieren Sie sich kurz vorab auf unserer Homepage \u00fcber den aktuellen Status dieses Ausflugs.\" \/>\n<meta property=\"og:url\" content=\"https:\/\/kwp.at\/veranstaltungen\/product\/sonderausflug-nach-podersdorf-7\/\" \/>\n<meta property=\"og:site_name\" content=\"Veranstaltungen - H\u00e4user zum Leben und Pensionist*innenklubs\" \/>\n<meta property=\"article:modified_time\" content=\"2026-04-03T07:30:10+00:00\" \/>\n<meta property=\"og:image\" content=\"https:\/\/kwp.at\/veranstaltungen\/wp-content\/uploads\/sites\/3\/2025\/12\/Pictogramm-Rolli.png\" \/>\n\t<meta property=\"og:image:width\" content=\"133\" \/>\n\t<meta property=\"og:image:height\" content=\"101\" \/>\n\t<meta property=\"og:image:type\" content=\"image\/png\" \/>\n<meta name=\"twitter:card\" content=\"summary_large_image\" \/>\n<script type=\"application\/ld+json\" class=\"yoast-schema-graph\">{\"@context\":\"https:\\\/\\\/schema.org\",\"@graph\":[{\"@type\":\"WebPage\",\"@id\":\"https:\\\/\\\/kwp.at\\\/veranstaltungen\\\/product\\\/sonderausflug-nach-podersdorf-7\\\/\",\"url\":\"https:\\\/\\\/kwp.at\\\/veranstaltungen\\\/product\\\/sonderausflug-nach-podersdorf-7\\\/\",\"name\":\"Sonderausflug nach Podersdorf - Veranstaltungen - H\u00e4user zum Leben und Pensionist*innenklubs\",\"isPartOf\":{\"@id\":\"https:\\\/\\\/kwp.at\\\/veranstaltungen\\\/#website\"},\"primaryImageOfPage\":{\"@id\":\"https:\\\/\\\/kwp.at\\\/veranstaltungen\\\/product\\\/sonderausflug-nach-podersdorf-7\\\/#primaryimage\"},\"image\":{\"@id\":\"https:\\\/\\\/kwp.at\\\/veranstaltungen\\\/product\\\/sonderausflug-nach-podersdorf-7\\\/#primaryimage\"},\"thumbnailUrl\":\"https:\\\/\\\/kwp.at\\\/veranstaltungen\\\/wp-content\\\/uploads\\\/sites\\\/3\\\/2025\\\/12\\\/Pictogramm-Rolli.png\",\"datePublished\":\"2026-03-31T22:31:22+00:00\",\"dateModified\":\"2026-04-03T07:30:10+00:00\",\"breadcrumb\":{\"@id\":\"https:\\\/\\\/kwp.at\\\/veranstaltungen\\\/product\\\/sonderausflug-nach-podersdorf-7\\\/#breadcrumb\"},\"inLanguage\":\"de\",\"potentialAction\":[{\"@type\":\"ReadAction\",\"target\":[\"https:\\\/\\\/kwp.at\\\/veranstaltungen\\\/product\\\/sonderausflug-nach-podersdorf-7\\\/\"]}]},{\"@type\":\"ImageObject\",\"inLanguage\":\"de\",\"@id\":\"https:\\\/\\\/kwp.at\\\/veranstaltungen\\\/product\\\/sonderausflug-nach-podersdorf-7\\\/#primaryimage\",\"url\":\"https:\\\/\\\/kwp.at\\\/veranstaltungen\\\/wp-content\\\/uploads\\\/sites\\\/3\\\/2025\\\/12\\\/Pictogramm-Rolli.png\",\"contentUrl\":\"https:\\\/\\\/kwp.at\\\/veranstaltungen\\\/wp-content\\\/uploads\\\/sites\\\/3\\\/2025\\\/12\\\/Pictogramm-Rolli.png\",\"width\":133,\"height\":101},{\"@type\":\"BreadcrumbList\",\"@id\":\"https:\\\/\\\/kwp.at\\\/veranstaltungen\\\/product\\\/sonderausflug-nach-podersdorf-7\\\/#breadcrumb\",\"itemListElement\":[{\"@type\":\"ListItem\",\"position\":1,\"name\":\"Home\",\"item\":\"https:\\\/\\\/kwp.at\\\/veranstaltungen\\\/\"},{\"@type\":\"ListItem\",\"position\":2,\"name\":\"Shop\",\"item\":\"https:\\\/\\\/kwp.at\\\/veranstaltungen\\\/\"},{\"@type\":\"ListItem\",\"position\":3,\"name\":\"Sonderausflug nach Podersdorf\"}]},{\"@type\":\"WebSite\",\"@id\":\"https:\\\/\\\/kwp.at\\\/veranstaltungen\\\/#website\",\"url\":\"https:\\\/\\\/kwp.at\\\/veranstaltungen\\\/\",\"name\":\"Veranstaltungen - H\u00e4user zum Leben und Pensionist*innenklubs\",\"description\":\"Unsere Angebote der H\u00e4user und Klubs\",\"potentialAction\":[{\"@type\":\"SearchAction\",\"target\":{\"@type\":\"EntryPoint\",\"urlTemplate\":\"https:\\\/\\\/kwp.at\\\/veranstaltungen\\\/?s={search_term_string}\"},\"query-input\":{\"@type\":\"PropertyValueSpecification\",\"valueRequired\":true,\"valueName\":\"search_term_string\"}}],\"inLanguage\":\"de\"}]}<\/script>\n<!-- \/ Yoast SEO plugin. -->","yoast_head_json":{"title":"Sonderausflug nach Podersdorf - Veranstaltungen - H\u00e4user zum Leben und Pensionist*innenklubs","robots":{"index":"index","follow":"follow","max-snippet":"max-snippet:-1","max-image-preview":"max-image-preview:large","max-video-preview":"max-video-preview:-1"},"canonical":"https:\/\/kwp.at\/veranstaltungen\/product\/sonderausflug-nach-podersdorf-7\/","og_locale":"de_DE","og_type":"article","og_title":"Sonderausflug nach Podersdorf - Veranstaltungen - H\u00e4user zum Leben und Pensionist*innenklubs","og_description":"Sonder-AusflugDieser Ausflug ist f\u00fcr die Zielgruppe Menschen mit Assistenzbedarf und Bewohner:innen der H\u00e4user zum Leben organisiert. F\u00fcr externe G\u00e4ste ist eine telefonische oder pers\u00f6nliche Anmeldung zum Ausflug im Haus Hohe Warte unbedingt erforderlich! Tel: 01 31399 124-0 --- Bitte beachten: Personen mit Assistenzbedarf m\u00fcssen von einer begleitenden Person unterst\u00fctzt werden. Diese Begleitperson ist kostenpflichtig und muss selbst organisiert werden. Abfahrtsstelle: 09:00 Uhr - 10., Holbeingasse 8 (Haus Fortuna) Bitte (ganz unten) Men\u00fc vorbestellen: Suppe \/ Vorspeise: Rindskraftsuppe mit Nudeln od. Gem\u00fcsejulienneM1: Wr. Schnitzel mit Reis und SalatM2: Z\u00fcrcher Kalbsrahmgeschnetzeltes mit Kr\u00e4utersp\u00e4tzle und Salat M3: H\u00fchnerbrustfilet mit Mozzarella und Tomaten mit Safranreis und Zuckererbsen \u00fcberbacken Dessert: Topfencreme mit Fr\u00fcchteragout od. f\u00fcr Diabetiker: Linzerschnitte f\u00fcr DiabetikerMit Ihrer Buchung akzeptieren Sie folgende Bedingungen: Alle Angaben ohne Gew\u00e4hr, \u00c4nderungen und Druckfehler vorbehalten. Termine k\u00f6nnen aus wichtigen Gr\u00fcnden verschoben oder abgesagt werden. Der Sonder-Ausflug findet nur bei mindestens 20 Teilnehmenden statt. Bei Stornierung durch Teilnehmende keine R\u00fcckerstattung, sofern gesetzlich zul\u00e4ssig. Bitte informieren Sie sich kurz vorab auf unserer Homepage \u00fcber den aktuellen Status dieses Ausflugs.","og_url":"https:\/\/kwp.at\/veranstaltungen\/product\/sonderausflug-nach-podersdorf-7\/","og_site_name":"Veranstaltungen - H\u00e4user zum Leben und Pensionist*innenklubs","article_modified_time":"2026-04-03T07:30:10+00:00","og_image":[{"width":133,"height":101,"url":"https:\/\/kwp.at\/veranstaltungen\/wp-content\/uploads\/sites\/3\/2025\/12\/Pictogramm-Rolli.png","type":"image\/png"}],"twitter_card":"summary_large_image","schema":{"@context":"https:\/\/schema.org","@graph":[{"@type":"WebPage","@id":"https:\/\/kwp.at\/veranstaltungen\/product\/sonderausflug-nach-podersdorf-7\/","url":"https:\/\/kwp.at\/veranstaltungen\/product\/sonderausflug-nach-podersdorf-7\/","name":"Sonderausflug nach Podersdorf - Veranstaltungen - H\u00e4user zum Leben und Pensionist*innenklubs","isPartOf":{"@id":"https:\/\/kwp.at\/veranstaltungen\/#website"},"primaryImageOfPage":{"@id":"https:\/\/kwp.at\/veranstaltungen\/product\/sonderausflug-nach-podersdorf-7\/#primaryimage"},"image":{"@id":"https:\/\/kwp.at\/veranstaltungen\/product\/sonderausflug-nach-podersdorf-7\/#primaryimage"},"thumbnailUrl":"https:\/\/kwp.at\/veranstaltungen\/wp-content\/uploads\/sites\/3\/2025\/12\/Pictogramm-Rolli.png","datePublished":"2026-03-31T22:31:22+00:00","dateModified":"2026-04-03T07:30:10+00:00","breadcrumb":{"@id":"https:\/\/kwp.at\/veranstaltungen\/product\/sonderausflug-nach-podersdorf-7\/#breadcrumb"},"inLanguage":"de","potentialAction":[{"@type":"ReadAction","target":["https:\/\/kwp.at\/veranstaltungen\/product\/sonderausflug-nach-podersdorf-7\/"]}]},{"@type":"ImageObject","inLanguage":"de","@id":"https:\/\/kwp.at\/veranstaltungen\/product\/sonderausflug-nach-podersdorf-7\/#primaryimage","url":"https:\/\/kwp.at\/veranstaltungen\/wp-content\/uploads\/sites\/3\/2025\/12\/Pictogramm-Rolli.png","contentUrl":"https:\/\/kwp.at\/veranstaltungen\/wp-content\/uploads\/sites\/3\/2025\/12\/Pictogramm-Rolli.png","width":133,"height":101},{"@type":"BreadcrumbList","@id":"https:\/\/kwp.at\/veranstaltungen\/product\/sonderausflug-nach-podersdorf-7\/#breadcrumb","itemListElement":[{"@type":"ListItem","position":1,"name":"Home","item":"https:\/\/kwp.at\/veranstaltungen\/"},{"@type":"ListItem","position":2,"name":"Shop","item":"https:\/\/kwp.at\/veranstaltungen\/"},{"@type":"ListItem","position":3,"name":"Sonderausflug nach Podersdorf"}]},{"@type":"WebSite","@id":"https:\/\/kwp.at\/veranstaltungen\/#website","url":"https:\/\/kwp.at\/veranstaltungen\/","name":"Veranstaltungen - H\u00e4user zum Leben und Pensionist*innenklubs","description":"Unsere Angebote der H\u00e4user und Klubs","potentialAction":[{"@type":"SearchAction","target":{"@type":"EntryPoint","urlTemplate":"https:\/\/kwp.at\/veranstaltungen\/?s={search_term_string}"},"query-input":{"@type":"PropertyValueSpecification","valueRequired":true,"valueName":"search_term_string"}}],"inLanguage":"de"}]}},"_links":{"self":[{"href":"https:\/\/kwp.at\/veranstaltungen\/wp-json\/wp\/v2\/product\/177255","targetHints":{"allow":["GET"]}}],"collection":[{"href":"https:\/\/kwp.at\/veranstaltungen\/wp-json\/wp\/v2\/product"}],"about":[{"href":"https:\/\/kwp.at\/veranstaltungen\/wp-json\/wp\/v2\/types\/product"}],"author":[{"embeddable":true,"href":"https:\/\/kwp.at\/veranstaltungen\/wp-json\/wp\/v2\/users\/79"}],"replies":[{"embeddable":true,"href":"https:\/\/kwp.at\/veranstaltungen\/wp-json\/wp\/v2\/comments?post=177255"}],"wp:attachment":[{"href":"https:\/\/kwp.at\/veranstaltungen\/wp-json\/wp\/v2\/media?parent=177255"}],"wp:term":[{"taxonomy":"product_brand","embeddable":true,"href":"https:\/\/kwp.at\/veranstaltungen\/wp-json\/wp\/v2\/product_brand?post=177255"},{"taxonomy":"product_cat","embeddable":true,"href":"https:\/\/kwp.at\/veranstaltungen\/wp-json\/wp\/v2\/product_cat?post=177255"},{"taxonomy":"product_tag","embeddable":true,"href":"https:\/\/kwp.at\/veranstaltungen\/wp-json\/wp\/v2\/product_tag?post=177255"}],"curies":[{"name":"wp","href":"https:\/\/api.w.org\/{rel}","templated":true}]}}