{"id":176121,"date":"2026-04-01T00:26:17","date_gmt":"2026-03-31T22:26:17","guid":{"rendered":"https:\/\/kwp.at\/veranstaltungen\/product\/ausflug-nach-schiltern-kittenberger-erlebnisgaerten-13\/"},"modified":"2026-04-22T10:42:17","modified_gmt":"2026-04-22T08:42:17","slug":"ausflug-nach-schiltern-kittenberger-erlebnisgaerten-13","status":"publish","type":"product","link":"https:\/\/kwp.at\/veranstaltungen\/product\/ausflug-nach-schiltern-kittenberger-erlebnisgaerten-13\/","title":{"rendered":"Ausflug nach Schiltern, Kittenberger Erlebnisg\u00e4rten"},"excerpt":{"rendered":"<p><b><i> Abfahrtsstellen: <br \/><\/i><\/b>08:30 Uhr &#8211; 04., Ziegelofengasse 6a (Haus Wieden)<br \/>08:45 Uhr &#8211; 05., Arbeitergasse 45 (Haus Margareten)<\/p>\n<p><b><i>Bitte (ganz unten) Men\u00fc vorbestellen: <\/i><\/b><br \/> Suppe \/ Vorspeise: Tagessuppe<br \/>M1: Schweinsbraten mit Speckkraut und Serviettenkn\u00f6del<br \/>M2: Gem\u00fcsestrudel<br \/>M3: H\u00fchnerfilet gegrillt auf Kr\u00e4uterreis und saisonalem Gem\u00fcse<\/p>\n<p style=\"font-size: 14px;\">Mit Ihrer Buchung akzeptieren Sie folgende Bedingungen: Alle Angaben ohne Gew\u00e4hr, \u00c4nderungen und Druckfehler vorbehalten. Termine k\u00f6nnen aus wichtigen Gr\u00fcnden verschoben oder abgesagt werden. Der Ausflug findet nur bei mindestens 30 Teilnehmenden statt. Bei Stornierung durch Teilnehmende keine R\u00fcckerstattung, sofern gesetzlich zul\u00e4ssig. Bitte informieren Sie sich kurz vorab auf unserer Homepage \u00fcber den aktuellen Status dieses Ausflugs.<\/p>\n","protected":false},"author":79,"comment_status":"closed","ping_status":"open","template":"","meta":{"_acf_changed":false},"product_brand":[],"product_cat":[15],"product_tag":[],"class_list":{"0":"post-176121","1":"product","2":"type-product","3":"status-publish","5":"product_cat-uncategorized","7":"first","8":"instock","9":"taxable","10":"shipping-taxable","11":"purchasable","12":"product-type-variable"},"acf":[],"yoast_head":"<!-- This site is optimized with the Yoast SEO plugin v27.4 - https:\/\/yoast.com\/product\/yoast-seo-wordpress\/ -->\n<title>Ausflug nach Schiltern, Kittenberger Erlebnisg\u00e4rten - Veranstaltungen - H\u00e4user zum Leben und Pensionist*innenklubs<\/title>\n<meta name=\"robots\" content=\"index, follow, max-snippet:-1, max-image-preview:large, max-video-preview:-1\" \/>\n<link rel=\"canonical\" href=\"https:\/\/kwp.at\/veranstaltungen\/product\/ausflug-nach-schiltern-kittenberger-erlebnisgaerten-13\/\" \/>\n<meta property=\"og:locale\" content=\"de_DE\" \/>\n<meta property=\"og:type\" content=\"article\" \/>\n<meta property=\"og:title\" content=\"Ausflug nach Schiltern, Kittenberger Erlebnisg\u00e4rten - Veranstaltungen - H\u00e4user zum Leben und Pensionist*innenklubs\" \/>\n<meta property=\"og:description\" content=\"Abfahrtsstellen: 08:30 Uhr - 04., Ziegelofengasse 6a (Haus Wieden)08:45 Uhr - 05., Arbeitergasse 45 (Haus Margareten) Bitte (ganz unten) Men\u00fc vorbestellen: Suppe \/ Vorspeise: TagessuppeM1: Schweinsbraten mit Speckkraut und Serviettenkn\u00f6delM2: Gem\u00fcsestrudelM3: H\u00fchnerfilet gegrillt auf Kr\u00e4uterreis und saisonalem Gem\u00fcseMit Ihrer Buchung akzeptieren Sie folgende Bedingungen: Alle Angaben ohne Gew\u00e4hr, \u00c4nderungen und Druckfehler vorbehalten. Termine k\u00f6nnen aus wichtigen Gr\u00fcnden verschoben oder abgesagt werden. Der Ausflug findet nur bei mindestens 30 Teilnehmenden statt. Bei Stornierung durch Teilnehmende keine R\u00fcckerstattung, sofern gesetzlich zul\u00e4ssig. Bitte informieren Sie sich kurz vorab auf unserer Homepage \u00fcber den aktuellen Status dieses Ausflugs.\" \/>\n<meta property=\"og:url\" content=\"https:\/\/kwp.at\/veranstaltungen\/product\/ausflug-nach-schiltern-kittenberger-erlebnisgaerten-13\/\" \/>\n<meta property=\"og:site_name\" content=\"Veranstaltungen - H\u00e4user zum Leben und Pensionist*innenklubs\" \/>\n<meta property=\"article:modified_time\" content=\"2026-04-22T08:42:17+00:00\" \/>\n<meta name=\"twitter:card\" content=\"summary_large_image\" \/>\n<script type=\"application\/ld+json\" class=\"yoast-schema-graph\">{\"@context\":\"https:\\\/\\\/schema.org\",\"@graph\":[{\"@type\":\"WebPage\",\"@id\":\"https:\\\/\\\/kwp.at\\\/veranstaltungen\\\/product\\\/ausflug-nach-schiltern-kittenberger-erlebnisgaerten-13\\\/\",\"url\":\"https:\\\/\\\/kwp.at\\\/veranstaltungen\\\/product\\\/ausflug-nach-schiltern-kittenberger-erlebnisgaerten-13\\\/\",\"name\":\"Ausflug nach Schiltern, Kittenberger Erlebnisg\u00e4rten - Veranstaltungen - H\u00e4user zum Leben und Pensionist*innenklubs\",\"isPartOf\":{\"@id\":\"https:\\\/\\\/kwp.at\\\/veranstaltungen\\\/#website\"},\"datePublished\":\"2026-03-31T22:26:17+00:00\",\"dateModified\":\"2026-04-22T08:42:17+00:00\",\"breadcrumb\":{\"@id\":\"https:\\\/\\\/kwp.at\\\/veranstaltungen\\\/product\\\/ausflug-nach-schiltern-kittenberger-erlebnisgaerten-13\\\/#breadcrumb\"},\"inLanguage\":\"de\",\"potentialAction\":[{\"@type\":\"ReadAction\",\"target\":[\"https:\\\/\\\/kwp.at\\\/veranstaltungen\\\/product\\\/ausflug-nach-schiltern-kittenberger-erlebnisgaerten-13\\\/\"]}]},{\"@type\":\"BreadcrumbList\",\"@id\":\"https:\\\/\\\/kwp.at\\\/veranstaltungen\\\/product\\\/ausflug-nach-schiltern-kittenberger-erlebnisgaerten-13\\\/#breadcrumb\",\"itemListElement\":[{\"@type\":\"ListItem\",\"position\":1,\"name\":\"Home\",\"item\":\"https:\\\/\\\/kwp.at\\\/veranstaltungen\\\/\"},{\"@type\":\"ListItem\",\"position\":2,\"name\":\"Shop\",\"item\":\"https:\\\/\\\/kwp.at\\\/veranstaltungen\\\/\"},{\"@type\":\"ListItem\",\"position\":3,\"name\":\"Ausflug nach Schiltern, Kittenberger Erlebnisg\u00e4rten\"}]},{\"@type\":\"WebSite\",\"@id\":\"https:\\\/\\\/kwp.at\\\/veranstaltungen\\\/#website\",\"url\":\"https:\\\/\\\/kwp.at\\\/veranstaltungen\\\/\",\"name\":\"Veranstaltungen - H\u00e4user zum Leben und Pensionist*innenklubs\",\"description\":\"Unsere Angebote der H\u00e4user und Klubs\",\"potentialAction\":[{\"@type\":\"SearchAction\",\"target\":{\"@type\":\"EntryPoint\",\"urlTemplate\":\"https:\\\/\\\/kwp.at\\\/veranstaltungen\\\/?s={search_term_string}\"},\"query-input\":{\"@type\":\"PropertyValueSpecification\",\"valueRequired\":true,\"valueName\":\"search_term_string\"}}],\"inLanguage\":\"de\"}]}<\/script>\n<!-- \/ Yoast SEO plugin. -->","yoast_head_json":{"title":"Ausflug nach Schiltern, Kittenberger Erlebnisg\u00e4rten - Veranstaltungen - H\u00e4user zum Leben und Pensionist*innenklubs","robots":{"index":"index","follow":"follow","max-snippet":"max-snippet:-1","max-image-preview":"max-image-preview:large","max-video-preview":"max-video-preview:-1"},"canonical":"https:\/\/kwp.at\/veranstaltungen\/product\/ausflug-nach-schiltern-kittenberger-erlebnisgaerten-13\/","og_locale":"de_DE","og_type":"article","og_title":"Ausflug nach Schiltern, Kittenberger Erlebnisg\u00e4rten - Veranstaltungen - H\u00e4user zum Leben und Pensionist*innenklubs","og_description":"Abfahrtsstellen: 08:30 Uhr - 04., Ziegelofengasse 6a (Haus Wieden)08:45 Uhr - 05., Arbeitergasse 45 (Haus Margareten) Bitte (ganz unten) Men\u00fc vorbestellen: Suppe \/ Vorspeise: TagessuppeM1: Schweinsbraten mit Speckkraut und Serviettenkn\u00f6delM2: Gem\u00fcsestrudelM3: H\u00fchnerfilet gegrillt auf Kr\u00e4uterreis und saisonalem Gem\u00fcseMit Ihrer Buchung akzeptieren Sie folgende Bedingungen: Alle Angaben ohne Gew\u00e4hr, \u00c4nderungen und Druckfehler vorbehalten. Termine k\u00f6nnen aus wichtigen Gr\u00fcnden verschoben oder abgesagt werden. Der Ausflug findet nur bei mindestens 30 Teilnehmenden statt. Bei Stornierung durch Teilnehmende keine R\u00fcckerstattung, sofern gesetzlich zul\u00e4ssig. Bitte informieren Sie sich kurz vorab auf unserer Homepage \u00fcber den aktuellen Status dieses Ausflugs.","og_url":"https:\/\/kwp.at\/veranstaltungen\/product\/ausflug-nach-schiltern-kittenberger-erlebnisgaerten-13\/","og_site_name":"Veranstaltungen - H\u00e4user zum Leben und Pensionist*innenklubs","article_modified_time":"2026-04-22T08:42:17+00:00","twitter_card":"summary_large_image","schema":{"@context":"https:\/\/schema.org","@graph":[{"@type":"WebPage","@id":"https:\/\/kwp.at\/veranstaltungen\/product\/ausflug-nach-schiltern-kittenberger-erlebnisgaerten-13\/","url":"https:\/\/kwp.at\/veranstaltungen\/product\/ausflug-nach-schiltern-kittenberger-erlebnisgaerten-13\/","name":"Ausflug nach Schiltern, Kittenberger Erlebnisg\u00e4rten - Veranstaltungen - H\u00e4user zum Leben und Pensionist*innenklubs","isPartOf":{"@id":"https:\/\/kwp.at\/veranstaltungen\/#website"},"datePublished":"2026-03-31T22:26:17+00:00","dateModified":"2026-04-22T08:42:17+00:00","breadcrumb":{"@id":"https:\/\/kwp.at\/veranstaltungen\/product\/ausflug-nach-schiltern-kittenberger-erlebnisgaerten-13\/#breadcrumb"},"inLanguage":"de","potentialAction":[{"@type":"ReadAction","target":["https:\/\/kwp.at\/veranstaltungen\/product\/ausflug-nach-schiltern-kittenberger-erlebnisgaerten-13\/"]}]},{"@type":"BreadcrumbList","@id":"https:\/\/kwp.at\/veranstaltungen\/product\/ausflug-nach-schiltern-kittenberger-erlebnisgaerten-13\/#breadcrumb","itemListElement":[{"@type":"ListItem","position":1,"name":"Home","item":"https:\/\/kwp.at\/veranstaltungen\/"},{"@type":"ListItem","position":2,"name":"Shop","item":"https:\/\/kwp.at\/veranstaltungen\/"},{"@type":"ListItem","position":3,"name":"Ausflug nach Schiltern, Kittenberger Erlebnisg\u00e4rten"}]},{"@type":"WebSite","@id":"https:\/\/kwp.at\/veranstaltungen\/#website","url":"https:\/\/kwp.at\/veranstaltungen\/","name":"Veranstaltungen - H\u00e4user zum Leben und Pensionist*innenklubs","description":"Unsere Angebote der H\u00e4user und Klubs","potentialAction":[{"@type":"SearchAction","target":{"@type":"EntryPoint","urlTemplate":"https:\/\/kwp.at\/veranstaltungen\/?s={search_term_string}"},"query-input":{"@type":"PropertyValueSpecification","valueRequired":true,"valueName":"search_term_string"}}],"inLanguage":"de"}]}},"_links":{"self":[{"href":"https:\/\/kwp.at\/veranstaltungen\/wp-json\/wp\/v2\/product\/176121","targetHints":{"allow":["GET"]}}],"collection":[{"href":"https:\/\/kwp.at\/veranstaltungen\/wp-json\/wp\/v2\/product"}],"about":[{"href":"https:\/\/kwp.at\/veranstaltungen\/wp-json\/wp\/v2\/types\/product"}],"author":[{"embeddable":true,"href":"https:\/\/kwp.at\/veranstaltungen\/wp-json\/wp\/v2\/users\/79"}],"replies":[{"embeddable":true,"href":"https:\/\/kwp.at\/veranstaltungen\/wp-json\/wp\/v2\/comments?post=176121"}],"wp:attachment":[{"href":"https:\/\/kwp.at\/veranstaltungen\/wp-json\/wp\/v2\/media?parent=176121"}],"wp:term":[{"taxonomy":"product_brand","embeddable":true,"href":"https:\/\/kwp.at\/veranstaltungen\/wp-json\/wp\/v2\/product_brand?post=176121"},{"taxonomy":"product_cat","embeddable":true,"href":"https:\/\/kwp.at\/veranstaltungen\/wp-json\/wp\/v2\/product_cat?post=176121"},{"taxonomy":"product_tag","embeddable":true,"href":"https:\/\/kwp.at\/veranstaltungen\/wp-json\/wp\/v2\/product_tag?post=176121"}],"curies":[{"name":"wp","href":"https:\/\/api.w.org\/{rel}","templated":true}]}}