{"id":175429,"date":"2026-04-01T00:22:29","date_gmt":"2026-03-31T22:22:29","guid":{"rendered":"https:\/\/kwp.at\/veranstaltungen\/product\/ausflug-nach-lunz-am-see-haus-der-wildnis-15\/"},"modified":"2026-04-10T16:26:03","modified_gmt":"2026-04-10T14:26:03","slug":"ausflug-nach-lunz-am-see-haus-der-wildnis-15","status":"publish","type":"product","link":"https:\/\/kwp.at\/veranstaltungen\/product\/ausflug-nach-lunz-am-see-haus-der-wildnis-15\/","title":{"rendered":"Ausflug nach Lunz Am See, Haus Der Wildnis"},"excerpt":{"rendered":"<p><b><i> Abfahrtsstellen: <br \/><\/i><\/b>08:00 Uhr &#8211; 15., Ibsenstra\u00dfe 1 (Haus Schmelz)<br \/>08:15 Uhr &#8211; 15., Felberstra\u00dfe 1a (gegen\u00fcber Eingang Lidl Seite Westbahnhof)<\/p>\n<p><b><i>Bitte (ganz unten) Men\u00fc vorbestellen: <\/i><\/b><br \/> Suppe \/ Vorspeise: Kr\u00e4ftige Rindsuppe mit Grie\u00dfnockerl<br \/>M1: Ged\u00fcnsteter Rostbraten mit Serviettenkn\u00f6del, Schwammerlsauce und Sauerrahm<br \/>M2:  Knusprig gebackenes Schweinsschnitzerl mit Petersilerd\u00e4pfel und gemischtem Salat <br \/>M3: Lunzer Spinatkn\u00f6del mit Gem\u00fcsestreifen, gehobeltem Parmesan, w\u00fcrzigem Tomatenragout und Salbei <br \/> Dessert: Joghurtcreme mit Fr\u00fcchten<\/p>\n<p style=\"font-size: 14px;\">Mit Ihrer Buchung akzeptieren Sie folgende Bedingungen: Alle Angaben ohne Gew\u00e4hr, \u00c4nderungen und Druckfehler vorbehalten. Termine k\u00f6nnen aus wichtigen Gr\u00fcnden verschoben oder abgesagt werden. Der Ausflug findet nur bei mindestens 30 Teilnehmenden statt. Bei Stornierung durch Teilnehmende keine R\u00fcckerstattung, sofern gesetzlich zul\u00e4ssig. Bitte informieren Sie sich kurz vorab auf unserer Homepage \u00fcber den aktuellen Status dieses Ausflugs.<\/p>\n","protected":false},"author":79,"comment_status":"closed","ping_status":"closed","template":"","meta":{"_acf_changed":false},"product_brand":[],"product_cat":[15],"product_tag":[],"class_list":{"0":"post-175429","1":"product","2":"type-product","3":"status-publish","5":"product_cat-uncategorized","7":"first","8":"instock","9":"taxable","10":"shipping-taxable","11":"purchasable","12":"product-type-variable"},"acf":[],"yoast_head":"<!-- This site is optimized with the Yoast SEO plugin v27.2 - https:\/\/yoast.com\/product\/yoast-seo-wordpress\/ -->\n<title>Ausflug nach Lunz Am See, Haus Der Wildnis - Veranstaltungen - H\u00e4user zum Leben und Pensionist*innenklubs<\/title>\n<meta name=\"robots\" content=\"index, follow, max-snippet:-1, max-image-preview:large, max-video-preview:-1\" \/>\n<link rel=\"canonical\" href=\"https:\/\/kwp.at\/veranstaltungen\/product\/ausflug-nach-lunz-am-see-haus-der-wildnis-15\/\" \/>\n<meta property=\"og:locale\" content=\"de_DE\" \/>\n<meta property=\"og:type\" content=\"article\" \/>\n<meta property=\"og:title\" content=\"Ausflug nach Lunz Am See, Haus Der Wildnis - Veranstaltungen - H\u00e4user zum Leben und Pensionist*innenklubs\" \/>\n<meta property=\"og:description\" content=\"Abfahrtsstellen: 08:00 Uhr - 15., Ibsenstra\u00dfe 1 (Haus Schmelz)08:15 Uhr - 15., Felberstra\u00dfe 1a (gegen\u00fcber Eingang Lidl Seite Westbahnhof) Bitte (ganz unten) Men\u00fc vorbestellen: Suppe \/ Vorspeise: Kr\u00e4ftige Rindsuppe mit Grie\u00dfnockerlM1: Ged\u00fcnsteter Rostbraten mit Serviettenkn\u00f6del, Schwammerlsauce und SauerrahmM2: Knusprig gebackenes Schweinsschnitzerl mit Petersilerd\u00e4pfel und gemischtem Salat M3: Lunzer Spinatkn\u00f6del mit Gem\u00fcsestreifen, gehobeltem Parmesan, w\u00fcrzigem Tomatenragout und Salbei Dessert: Joghurtcreme mit Fr\u00fcchtenMit Ihrer Buchung akzeptieren Sie folgende Bedingungen: Alle Angaben ohne Gew\u00e4hr, \u00c4nderungen und Druckfehler vorbehalten. Termine k\u00f6nnen aus wichtigen Gr\u00fcnden verschoben oder abgesagt werden. Der Ausflug findet nur bei mindestens 30 Teilnehmenden statt. Bei Stornierung durch Teilnehmende keine R\u00fcckerstattung, sofern gesetzlich zul\u00e4ssig. Bitte informieren Sie sich kurz vorab auf unserer Homepage \u00fcber den aktuellen Status dieses Ausflugs.\" \/>\n<meta property=\"og:url\" content=\"https:\/\/kwp.at\/veranstaltungen\/product\/ausflug-nach-lunz-am-see-haus-der-wildnis-15\/\" \/>\n<meta property=\"og:site_name\" content=\"Veranstaltungen - H\u00e4user zum Leben und Pensionist*innenklubs\" \/>\n<meta property=\"article:modified_time\" content=\"2026-04-10T14:26:03+00:00\" \/>\n<meta name=\"twitter:card\" content=\"summary_large_image\" \/>\n<script type=\"application\/ld+json\" class=\"yoast-schema-graph\">{\"@context\":\"https:\/\/schema.org\",\"@graph\":[{\"@type\":\"WebPage\",\"@id\":\"https:\/\/kwp.at\/veranstaltungen\/product\/ausflug-nach-lunz-am-see-haus-der-wildnis-15\/\",\"url\":\"https:\/\/kwp.at\/veranstaltungen\/product\/ausflug-nach-lunz-am-see-haus-der-wildnis-15\/\",\"name\":\"Ausflug nach Lunz Am See, Haus Der Wildnis - Veranstaltungen - H\u00e4user zum Leben und Pensionist*innenklubs\",\"isPartOf\":{\"@id\":\"https:\/\/kwp.at\/veranstaltungen\/#website\"},\"datePublished\":\"2026-03-31T22:22:29+00:00\",\"dateModified\":\"2026-04-10T14:26:03+00:00\",\"breadcrumb\":{\"@id\":\"https:\/\/kwp.at\/veranstaltungen\/product\/ausflug-nach-lunz-am-see-haus-der-wildnis-15\/#breadcrumb\"},\"inLanguage\":\"de\",\"potentialAction\":[{\"@type\":\"ReadAction\",\"target\":[\"https:\/\/kwp.at\/veranstaltungen\/product\/ausflug-nach-lunz-am-see-haus-der-wildnis-15\/\"]}]},{\"@type\":\"BreadcrumbList\",\"@id\":\"https:\/\/kwp.at\/veranstaltungen\/product\/ausflug-nach-lunz-am-see-haus-der-wildnis-15\/#breadcrumb\",\"itemListElement\":[{\"@type\":\"ListItem\",\"position\":1,\"name\":\"Home\",\"item\":\"https:\/\/kwp.at\/veranstaltungen\/\"},{\"@type\":\"ListItem\",\"position\":2,\"name\":\"Shop\",\"item\":\"https:\/\/kwp.at\/veranstaltungen\/\"},{\"@type\":\"ListItem\",\"position\":3,\"name\":\"Ausflug nach Lunz Am See, Haus Der Wildnis\"}]},{\"@type\":\"WebSite\",\"@id\":\"https:\/\/kwp.at\/veranstaltungen\/#website\",\"url\":\"https:\/\/kwp.at\/veranstaltungen\/\",\"name\":\"Veranstaltungen - H\u00e4user zum Leben und Pensionist*innenklubs\",\"description\":\"Unsere Angebote der H\u00e4user und Klubs\",\"potentialAction\":[{\"@type\":\"SearchAction\",\"target\":{\"@type\":\"EntryPoint\",\"urlTemplate\":\"https:\/\/kwp.at\/veranstaltungen\/?s={search_term_string}\"},\"query-input\":{\"@type\":\"PropertyValueSpecification\",\"valueRequired\":true,\"valueName\":\"search_term_string\"}}],\"inLanguage\":\"de\"}]}<\/script>\n<!-- \/ Yoast SEO plugin. -->","yoast_head_json":{"title":"Ausflug nach Lunz Am See, Haus Der Wildnis - Veranstaltungen - H\u00e4user zum Leben und Pensionist*innenklubs","robots":{"index":"index","follow":"follow","max-snippet":"max-snippet:-1","max-image-preview":"max-image-preview:large","max-video-preview":"max-video-preview:-1"},"canonical":"https:\/\/kwp.at\/veranstaltungen\/product\/ausflug-nach-lunz-am-see-haus-der-wildnis-15\/","og_locale":"de_DE","og_type":"article","og_title":"Ausflug nach Lunz Am See, Haus Der Wildnis - Veranstaltungen - H\u00e4user zum Leben und Pensionist*innenklubs","og_description":"Abfahrtsstellen: 08:00 Uhr - 15., Ibsenstra\u00dfe 1 (Haus Schmelz)08:15 Uhr - 15., Felberstra\u00dfe 1a (gegen\u00fcber Eingang Lidl Seite Westbahnhof) Bitte (ganz unten) Men\u00fc vorbestellen: Suppe \/ Vorspeise: Kr\u00e4ftige Rindsuppe mit Grie\u00dfnockerlM1: Ged\u00fcnsteter Rostbraten mit Serviettenkn\u00f6del, Schwammerlsauce und SauerrahmM2: Knusprig gebackenes Schweinsschnitzerl mit Petersilerd\u00e4pfel und gemischtem Salat M3: Lunzer Spinatkn\u00f6del mit Gem\u00fcsestreifen, gehobeltem Parmesan, w\u00fcrzigem Tomatenragout und Salbei Dessert: Joghurtcreme mit Fr\u00fcchtenMit Ihrer Buchung akzeptieren Sie folgende Bedingungen: Alle Angaben ohne Gew\u00e4hr, \u00c4nderungen und Druckfehler vorbehalten. Termine k\u00f6nnen aus wichtigen Gr\u00fcnden verschoben oder abgesagt werden. Der Ausflug findet nur bei mindestens 30 Teilnehmenden statt. Bei Stornierung durch Teilnehmende keine R\u00fcckerstattung, sofern gesetzlich zul\u00e4ssig. Bitte informieren Sie sich kurz vorab auf unserer Homepage \u00fcber den aktuellen Status dieses Ausflugs.","og_url":"https:\/\/kwp.at\/veranstaltungen\/product\/ausflug-nach-lunz-am-see-haus-der-wildnis-15\/","og_site_name":"Veranstaltungen - H\u00e4user zum Leben und Pensionist*innenklubs","article_modified_time":"2026-04-10T14:26:03+00:00","twitter_card":"summary_large_image","schema":{"@context":"https:\/\/schema.org","@graph":[{"@type":"WebPage","@id":"https:\/\/kwp.at\/veranstaltungen\/product\/ausflug-nach-lunz-am-see-haus-der-wildnis-15\/","url":"https:\/\/kwp.at\/veranstaltungen\/product\/ausflug-nach-lunz-am-see-haus-der-wildnis-15\/","name":"Ausflug nach Lunz Am See, Haus Der Wildnis - Veranstaltungen - H\u00e4user zum Leben und Pensionist*innenklubs","isPartOf":{"@id":"https:\/\/kwp.at\/veranstaltungen\/#website"},"datePublished":"2026-03-31T22:22:29+00:00","dateModified":"2026-04-10T14:26:03+00:00","breadcrumb":{"@id":"https:\/\/kwp.at\/veranstaltungen\/product\/ausflug-nach-lunz-am-see-haus-der-wildnis-15\/#breadcrumb"},"inLanguage":"de","potentialAction":[{"@type":"ReadAction","target":["https:\/\/kwp.at\/veranstaltungen\/product\/ausflug-nach-lunz-am-see-haus-der-wildnis-15\/"]}]},{"@type":"BreadcrumbList","@id":"https:\/\/kwp.at\/veranstaltungen\/product\/ausflug-nach-lunz-am-see-haus-der-wildnis-15\/#breadcrumb","itemListElement":[{"@type":"ListItem","position":1,"name":"Home","item":"https:\/\/kwp.at\/veranstaltungen\/"},{"@type":"ListItem","position":2,"name":"Shop","item":"https:\/\/kwp.at\/veranstaltungen\/"},{"@type":"ListItem","position":3,"name":"Ausflug nach Lunz Am See, Haus Der Wildnis"}]},{"@type":"WebSite","@id":"https:\/\/kwp.at\/veranstaltungen\/#website","url":"https:\/\/kwp.at\/veranstaltungen\/","name":"Veranstaltungen - H\u00e4user zum Leben und Pensionist*innenklubs","description":"Unsere Angebote der H\u00e4user und Klubs","potentialAction":[{"@type":"SearchAction","target":{"@type":"EntryPoint","urlTemplate":"https:\/\/kwp.at\/veranstaltungen\/?s={search_term_string}"},"query-input":{"@type":"PropertyValueSpecification","valueRequired":true,"valueName":"search_term_string"}}],"inLanguage":"de"}]}},"_links":{"self":[{"href":"https:\/\/kwp.at\/veranstaltungen\/wp-json\/wp\/v2\/product\/175429","targetHints":{"allow":["GET"]}}],"collection":[{"href":"https:\/\/kwp.at\/veranstaltungen\/wp-json\/wp\/v2\/product"}],"about":[{"href":"https:\/\/kwp.at\/veranstaltungen\/wp-json\/wp\/v2\/types\/product"}],"author":[{"embeddable":true,"href":"https:\/\/kwp.at\/veranstaltungen\/wp-json\/wp\/v2\/users\/79"}],"replies":[{"embeddable":true,"href":"https:\/\/kwp.at\/veranstaltungen\/wp-json\/wp\/v2\/comments?post=175429"}],"wp:attachment":[{"href":"https:\/\/kwp.at\/veranstaltungen\/wp-json\/wp\/v2\/media?parent=175429"}],"wp:term":[{"taxonomy":"product_brand","embeddable":true,"href":"https:\/\/kwp.at\/veranstaltungen\/wp-json\/wp\/v2\/product_brand?post=175429"},{"taxonomy":"product_cat","embeddable":true,"href":"https:\/\/kwp.at\/veranstaltungen\/wp-json\/wp\/v2\/product_cat?post=175429"},{"taxonomy":"product_tag","embeddable":true,"href":"https:\/\/kwp.at\/veranstaltungen\/wp-json\/wp\/v2\/product_tag?post=175429"}],"curies":[{"name":"wp","href":"https:\/\/api.w.org\/{rel}","templated":true}]}}