{"id":174947,"date":"2026-04-01T00:19:42","date_gmt":"2026-03-31T22:19:42","guid":{"rendered":"https:\/\/kwp.at\/veranstaltungen\/product\/ausflug-nach-hochbaerneck-10\/"},"modified":"2026-04-08T10:36:47","modified_gmt":"2026-04-08T08:36:47","slug":"ausflug-nach-hochbaerneck-10","status":"publish","type":"product","link":"https:\/\/kwp.at\/veranstaltungen\/product\/ausflug-nach-hochbaerneck-10\/","title":{"rendered":"Ausflug nach Hochb\u00e4rneck (exklusiv f\u00fcr BewohnerInnen H\u00e4user zum Leben)"},"excerpt":{"rendered":"<p><b><i> Abfahrtsstelle: <\/i><\/b>09:00 Uhr &#8211; 02., Rauscherstrasse 16 (Haus Augarten)<\/p>\n<p><b><i>Bitte (ganz unten) Men\u00fc vorbestellen: <\/i><\/b><br \/> Suppe \/ Vorspeise: Tagessuppe<br \/>M1: Schweinsbraten mit Kn\u00f6del und warmem Kr\u00e4utersalat<br \/>M2: Wr. Schnitzel mit Kartoffeln und gem. Salat<br \/>M3: Berner W\u00fcrstel mit Pommes frites und Salat<br \/>M4: Gem\u00fcselaibchen mit Kartoffeln und gem. Salat<br \/>M5: B\u00e4renteller (Fleischkn\u00f6del, Geselchtes, Kartoffeln und Kraut) <\/p>\n<p style=\"font-size: 14px;\">Mit Ihrer Buchung akzeptieren Sie folgende Bedingungen: Alle Angaben ohne Gew\u00e4hr, \u00c4nderungen und Druckfehler vorbehalten. Termine k\u00f6nnen aus wichtigen Gr\u00fcnden verschoben oder abgesagt werden. Der Ausflug findet nur bei mindestens 30 Teilnehmenden statt. Bei Stornierung durch Teilnehmende keine R\u00fcckerstattung, sofern gesetzlich zul\u00e4ssig. Bitte informieren Sie sich kurz vorab auf unserer Homepage \u00fcber den aktuellen Status dieses Ausflugs.<\/p>\n","protected":false},"author":79,"comment_status":"closed","ping_status":"closed","template":"","meta":{"_acf_changed":false},"product_brand":[],"product_cat":[15],"product_tag":[],"class_list":{"0":"post-174947","1":"product","2":"type-product","3":"status-publish","5":"product_cat-uncategorized","7":"first","8":"instock","9":"taxable","10":"shipping-taxable","11":"purchasable","12":"product-type-variable"},"acf":[],"yoast_head":"<!-- This site is optimized with the Yoast SEO plugin v27.2 - https:\/\/yoast.com\/product\/yoast-seo-wordpress\/ -->\n<title>Ausflug nach Hochb\u00e4rneck (exklusiv f\u00fcr BewohnerInnen H\u00e4user zum Leben) - Veranstaltungen - H\u00e4user zum Leben und Pensionist*innenklubs<\/title>\n<meta name=\"robots\" content=\"index, follow, max-snippet:-1, max-image-preview:large, max-video-preview:-1\" \/>\n<link rel=\"canonical\" href=\"https:\/\/kwp.at\/veranstaltungen\/product\/ausflug-nach-hochbaerneck-10\/\" \/>\n<meta property=\"og:locale\" content=\"de_DE\" \/>\n<meta property=\"og:type\" content=\"article\" \/>\n<meta property=\"og:title\" content=\"Ausflug nach Hochb\u00e4rneck (exklusiv f\u00fcr BewohnerInnen H\u00e4user zum Leben) - Veranstaltungen - H\u00e4user zum Leben und Pensionist*innenklubs\" \/>\n<meta property=\"og:description\" content=\"Abfahrtsstelle: 09:00 Uhr - 02., Rauscherstrasse 16 (Haus Augarten) Bitte (ganz unten) Men\u00fc vorbestellen: Suppe \/ Vorspeise: TagessuppeM1: Schweinsbraten mit Kn\u00f6del und warmem Kr\u00e4utersalatM2: Wr. Schnitzel mit Kartoffeln und gem. SalatM3: Berner W\u00fcrstel mit Pommes frites und SalatM4: Gem\u00fcselaibchen mit Kartoffeln und gem. SalatM5: B\u00e4renteller (Fleischkn\u00f6del, Geselchtes, Kartoffeln und Kraut) Mit Ihrer Buchung akzeptieren Sie folgende Bedingungen: Alle Angaben ohne Gew\u00e4hr, \u00c4nderungen und Druckfehler vorbehalten. Termine k\u00f6nnen aus wichtigen Gr\u00fcnden verschoben oder abgesagt werden. Der Ausflug findet nur bei mindestens 30 Teilnehmenden statt. Bei Stornierung durch Teilnehmende keine R\u00fcckerstattung, sofern gesetzlich zul\u00e4ssig. Bitte informieren Sie sich kurz vorab auf unserer Homepage \u00fcber den aktuellen Status dieses Ausflugs.\" \/>\n<meta property=\"og:url\" content=\"https:\/\/kwp.at\/veranstaltungen\/product\/ausflug-nach-hochbaerneck-10\/\" \/>\n<meta property=\"og:site_name\" content=\"Veranstaltungen - H\u00e4user zum Leben und Pensionist*innenklubs\" \/>\n<meta property=\"article:modified_time\" content=\"2026-04-08T08:36:47+00:00\" \/>\n<meta name=\"twitter:card\" content=\"summary_large_image\" \/>\n<script type=\"application\/ld+json\" class=\"yoast-schema-graph\">{\"@context\":\"https:\/\/schema.org\",\"@graph\":[{\"@type\":\"WebPage\",\"@id\":\"https:\/\/kwp.at\/veranstaltungen\/product\/ausflug-nach-hochbaerneck-10\/\",\"url\":\"https:\/\/kwp.at\/veranstaltungen\/product\/ausflug-nach-hochbaerneck-10\/\",\"name\":\"Ausflug nach Hochb\u00e4rneck (exklusiv f\u00fcr BewohnerInnen H\u00e4user zum Leben) - Veranstaltungen - H\u00e4user zum Leben und Pensionist*innenklubs\",\"isPartOf\":{\"@id\":\"https:\/\/kwp.at\/veranstaltungen\/#website\"},\"datePublished\":\"2026-03-31T22:19:42+00:00\",\"dateModified\":\"2026-04-08T08:36:47+00:00\",\"breadcrumb\":{\"@id\":\"https:\/\/kwp.at\/veranstaltungen\/product\/ausflug-nach-hochbaerneck-10\/#breadcrumb\"},\"inLanguage\":\"de\",\"potentialAction\":[{\"@type\":\"ReadAction\",\"target\":[\"https:\/\/kwp.at\/veranstaltungen\/product\/ausflug-nach-hochbaerneck-10\/\"]}]},{\"@type\":\"BreadcrumbList\",\"@id\":\"https:\/\/kwp.at\/veranstaltungen\/product\/ausflug-nach-hochbaerneck-10\/#breadcrumb\",\"itemListElement\":[{\"@type\":\"ListItem\",\"position\":1,\"name\":\"Home\",\"item\":\"https:\/\/kwp.at\/veranstaltungen\/\"},{\"@type\":\"ListItem\",\"position\":2,\"name\":\"Shop\",\"item\":\"https:\/\/kwp.at\/veranstaltungen\/\"},{\"@type\":\"ListItem\",\"position\":3,\"name\":\"Ausflug nach Hochb\u00e4rneck (exklusiv f\u00fcr BewohnerInnen H\u00e4user zum Leben)\"}]},{\"@type\":\"WebSite\",\"@id\":\"https:\/\/kwp.at\/veranstaltungen\/#website\",\"url\":\"https:\/\/kwp.at\/veranstaltungen\/\",\"name\":\"Veranstaltungen - H\u00e4user zum Leben und Pensionist*innenklubs\",\"description\":\"Unsere Angebote der H\u00e4user und Klubs\",\"potentialAction\":[{\"@type\":\"SearchAction\",\"target\":{\"@type\":\"EntryPoint\",\"urlTemplate\":\"https:\/\/kwp.at\/veranstaltungen\/?s={search_term_string}\"},\"query-input\":{\"@type\":\"PropertyValueSpecification\",\"valueRequired\":true,\"valueName\":\"search_term_string\"}}],\"inLanguage\":\"de\"}]}<\/script>\n<!-- \/ Yoast SEO plugin. -->","yoast_head_json":{"title":"Ausflug nach Hochb\u00e4rneck (exklusiv f\u00fcr BewohnerInnen H\u00e4user zum Leben) - Veranstaltungen - H\u00e4user zum Leben und Pensionist*innenklubs","robots":{"index":"index","follow":"follow","max-snippet":"max-snippet:-1","max-image-preview":"max-image-preview:large","max-video-preview":"max-video-preview:-1"},"canonical":"https:\/\/kwp.at\/veranstaltungen\/product\/ausflug-nach-hochbaerneck-10\/","og_locale":"de_DE","og_type":"article","og_title":"Ausflug nach Hochb\u00e4rneck (exklusiv f\u00fcr BewohnerInnen H\u00e4user zum Leben) - Veranstaltungen - H\u00e4user zum Leben und Pensionist*innenklubs","og_description":"Abfahrtsstelle: 09:00 Uhr - 02., Rauscherstrasse 16 (Haus Augarten) Bitte (ganz unten) Men\u00fc vorbestellen: Suppe \/ Vorspeise: TagessuppeM1: Schweinsbraten mit Kn\u00f6del und warmem Kr\u00e4utersalatM2: Wr. Schnitzel mit Kartoffeln und gem. SalatM3: Berner W\u00fcrstel mit Pommes frites und SalatM4: Gem\u00fcselaibchen mit Kartoffeln und gem. SalatM5: B\u00e4renteller (Fleischkn\u00f6del, Geselchtes, Kartoffeln und Kraut) Mit Ihrer Buchung akzeptieren Sie folgende Bedingungen: Alle Angaben ohne Gew\u00e4hr, \u00c4nderungen und Druckfehler vorbehalten. Termine k\u00f6nnen aus wichtigen Gr\u00fcnden verschoben oder abgesagt werden. Der Ausflug findet nur bei mindestens 30 Teilnehmenden statt. Bei Stornierung durch Teilnehmende keine R\u00fcckerstattung, sofern gesetzlich zul\u00e4ssig. Bitte informieren Sie sich kurz vorab auf unserer Homepage \u00fcber den aktuellen Status dieses Ausflugs.","og_url":"https:\/\/kwp.at\/veranstaltungen\/product\/ausflug-nach-hochbaerneck-10\/","og_site_name":"Veranstaltungen - H\u00e4user zum Leben und Pensionist*innenklubs","article_modified_time":"2026-04-08T08:36:47+00:00","twitter_card":"summary_large_image","schema":{"@context":"https:\/\/schema.org","@graph":[{"@type":"WebPage","@id":"https:\/\/kwp.at\/veranstaltungen\/product\/ausflug-nach-hochbaerneck-10\/","url":"https:\/\/kwp.at\/veranstaltungen\/product\/ausflug-nach-hochbaerneck-10\/","name":"Ausflug nach Hochb\u00e4rneck (exklusiv f\u00fcr BewohnerInnen H\u00e4user zum Leben) - Veranstaltungen - H\u00e4user zum Leben und Pensionist*innenklubs","isPartOf":{"@id":"https:\/\/kwp.at\/veranstaltungen\/#website"},"datePublished":"2026-03-31T22:19:42+00:00","dateModified":"2026-04-08T08:36:47+00:00","breadcrumb":{"@id":"https:\/\/kwp.at\/veranstaltungen\/product\/ausflug-nach-hochbaerneck-10\/#breadcrumb"},"inLanguage":"de","potentialAction":[{"@type":"ReadAction","target":["https:\/\/kwp.at\/veranstaltungen\/product\/ausflug-nach-hochbaerneck-10\/"]}]},{"@type":"BreadcrumbList","@id":"https:\/\/kwp.at\/veranstaltungen\/product\/ausflug-nach-hochbaerneck-10\/#breadcrumb","itemListElement":[{"@type":"ListItem","position":1,"name":"Home","item":"https:\/\/kwp.at\/veranstaltungen\/"},{"@type":"ListItem","position":2,"name":"Shop","item":"https:\/\/kwp.at\/veranstaltungen\/"},{"@type":"ListItem","position":3,"name":"Ausflug nach Hochb\u00e4rneck (exklusiv f\u00fcr BewohnerInnen H\u00e4user zum Leben)"}]},{"@type":"WebSite","@id":"https:\/\/kwp.at\/veranstaltungen\/#website","url":"https:\/\/kwp.at\/veranstaltungen\/","name":"Veranstaltungen - H\u00e4user zum Leben und Pensionist*innenklubs","description":"Unsere Angebote der H\u00e4user und Klubs","potentialAction":[{"@type":"SearchAction","target":{"@type":"EntryPoint","urlTemplate":"https:\/\/kwp.at\/veranstaltungen\/?s={search_term_string}"},"query-input":{"@type":"PropertyValueSpecification","valueRequired":true,"valueName":"search_term_string"}}],"inLanguage":"de"}]}},"_links":{"self":[{"href":"https:\/\/kwp.at\/veranstaltungen\/wp-json\/wp\/v2\/product\/174947","targetHints":{"allow":["GET"]}}],"collection":[{"href":"https:\/\/kwp.at\/veranstaltungen\/wp-json\/wp\/v2\/product"}],"about":[{"href":"https:\/\/kwp.at\/veranstaltungen\/wp-json\/wp\/v2\/types\/product"}],"author":[{"embeddable":true,"href":"https:\/\/kwp.at\/veranstaltungen\/wp-json\/wp\/v2\/users\/79"}],"replies":[{"embeddable":true,"href":"https:\/\/kwp.at\/veranstaltungen\/wp-json\/wp\/v2\/comments?post=174947"}],"wp:attachment":[{"href":"https:\/\/kwp.at\/veranstaltungen\/wp-json\/wp\/v2\/media?parent=174947"}],"wp:term":[{"taxonomy":"product_brand","embeddable":true,"href":"https:\/\/kwp.at\/veranstaltungen\/wp-json\/wp\/v2\/product_brand?post=174947"},{"taxonomy":"product_cat","embeddable":true,"href":"https:\/\/kwp.at\/veranstaltungen\/wp-json\/wp\/v2\/product_cat?post=174947"},{"taxonomy":"product_tag","embeddable":true,"href":"https:\/\/kwp.at\/veranstaltungen\/wp-json\/wp\/v2\/product_tag?post=174947"}],"curies":[{"name":"wp","href":"https:\/\/api.w.org\/{rel}","templated":true}]}}