{"id":173794,"date":"2026-04-01T00:14:07","date_gmt":"2026-03-31T22:14:07","guid":{"rendered":"https:\/\/kwp.at\/veranstaltungen\/product\/ausflug-nach-bad-waltersdorf-ost-stmk-harter-teichschenke-17\/"},"modified":"2026-04-03T13:20:29","modified_gmt":"2026-04-03T11:20:29","slug":"ausflug-nach-bad-waltersdorf-ost-stmk-harter-teichschenke-17","status":"publish","type":"product","link":"https:\/\/kwp.at\/veranstaltungen\/product\/ausflug-nach-bad-waltersdorf-ost-stmk-harter-teichschenke-17\/","title":{"rendered":"Ausflug nach Bad Waltersdorf Ost-Stmk., Harter Teichschenke"},"excerpt":{"rendered":"<p><b><i> Abfahrtsstelle: <\/i><\/b>08:00 Uhr &#8211; 22., Telephonweg 1 <\/p>\n<p><b><i>Bitte (ganz unten) Men\u00fc vorbestellen: <\/i><\/b><br \/> Suppe \/ Vorspeise: Tagessuppe <br \/>M1: Wienerschnitzel mit Reis und Salat <br \/>M2: Schweinsbraten mit Reis und Salat<br \/>M3: Gegrillte H\u00e4nchenbrust mit Reis und Salat <br \/>M4: Gem\u00fcselaibchen mit Pommes und Salat <\/p>\n<p style=\"font-size: 14px;\">Mit Ihrer Buchung akzeptieren Sie folgende Bedingungen: Alle Angaben ohne Gew\u00e4hr, \u00c4nderungen und Druckfehler vorbehalten. Termine k\u00f6nnen aus wichtigen Gr\u00fcnden verschoben oder abgesagt werden. Der Ausflug findet nur bei mindestens 30 Teilnehmenden statt. Bei Stornierung durch Teilnehmende keine R\u00fcckerstattung, sofern gesetzlich zul\u00e4ssig. Bitte informieren Sie sich kurz vorab auf unserer Homepage \u00fcber den aktuellen Status dieses Ausflugs.<\/p>\n","protected":false},"author":79,"comment_status":"closed","ping_status":"open","template":"","meta":{"_acf_changed":false},"product_brand":[],"product_cat":[15],"product_tag":[],"class_list":{"0":"post-173794","1":"product","2":"type-product","3":"status-publish","5":"product_cat-uncategorized","7":"first","8":"instock","9":"taxable","10":"shipping-taxable","11":"purchasable","12":"product-type-variable"},"acf":[],"yoast_head":"<!-- This site is optimized with the Yoast SEO plugin v27.2 - https:\/\/yoast.com\/product\/yoast-seo-wordpress\/ -->\n<title>Ausflug nach Bad Waltersdorf Ost-Stmk., Harter Teichschenke - Veranstaltungen - H\u00e4user zum Leben und Pensionist*innenklubs<\/title>\n<meta name=\"robots\" content=\"index, follow, max-snippet:-1, max-image-preview:large, max-video-preview:-1\" \/>\n<link rel=\"canonical\" href=\"https:\/\/kwp.at\/veranstaltungen\/product\/ausflug-nach-bad-waltersdorf-ost-stmk-harter-teichschenke-17\/\" \/>\n<meta property=\"og:locale\" content=\"de_DE\" \/>\n<meta property=\"og:type\" content=\"article\" \/>\n<meta property=\"og:title\" content=\"Ausflug nach Bad Waltersdorf Ost-Stmk., Harter Teichschenke - Veranstaltungen - H\u00e4user zum Leben und Pensionist*innenklubs\" \/>\n<meta property=\"og:description\" content=\"Abfahrtsstelle: 08:00 Uhr - 22., Telephonweg 1 Bitte (ganz unten) Men\u00fc vorbestellen: Suppe \/ Vorspeise: Tagessuppe M1: Wienerschnitzel mit Reis und Salat M2: Schweinsbraten mit Reis und SalatM3: Gegrillte H\u00e4nchenbrust mit Reis und Salat M4: Gem\u00fcselaibchen mit Pommes und Salat Mit Ihrer Buchung akzeptieren Sie folgende Bedingungen: Alle Angaben ohne Gew\u00e4hr, \u00c4nderungen und Druckfehler vorbehalten. Termine k\u00f6nnen aus wichtigen Gr\u00fcnden verschoben oder abgesagt werden. Der Ausflug findet nur bei mindestens 30 Teilnehmenden statt. Bei Stornierung durch Teilnehmende keine R\u00fcckerstattung, sofern gesetzlich zul\u00e4ssig. Bitte informieren Sie sich kurz vorab auf unserer Homepage \u00fcber den aktuellen Status dieses Ausflugs.\" \/>\n<meta property=\"og:url\" content=\"https:\/\/kwp.at\/veranstaltungen\/product\/ausflug-nach-bad-waltersdorf-ost-stmk-harter-teichschenke-17\/\" \/>\n<meta property=\"og:site_name\" content=\"Veranstaltungen - H\u00e4user zum Leben und Pensionist*innenklubs\" \/>\n<meta property=\"article:modified_time\" content=\"2026-04-03T11:20:29+00:00\" \/>\n<meta name=\"twitter:card\" content=\"summary_large_image\" \/>\n<script type=\"application\/ld+json\" class=\"yoast-schema-graph\">{\"@context\":\"https:\/\/schema.org\",\"@graph\":[{\"@type\":\"WebPage\",\"@id\":\"https:\/\/kwp.at\/veranstaltungen\/product\/ausflug-nach-bad-waltersdorf-ost-stmk-harter-teichschenke-17\/\",\"url\":\"https:\/\/kwp.at\/veranstaltungen\/product\/ausflug-nach-bad-waltersdorf-ost-stmk-harter-teichschenke-17\/\",\"name\":\"Ausflug nach Bad Waltersdorf Ost-Stmk., Harter Teichschenke - Veranstaltungen - H\u00e4user zum Leben und Pensionist*innenklubs\",\"isPartOf\":{\"@id\":\"https:\/\/kwp.at\/veranstaltungen\/#website\"},\"datePublished\":\"2026-03-31T22:14:07+00:00\",\"dateModified\":\"2026-04-03T11:20:29+00:00\",\"breadcrumb\":{\"@id\":\"https:\/\/kwp.at\/veranstaltungen\/product\/ausflug-nach-bad-waltersdorf-ost-stmk-harter-teichschenke-17\/#breadcrumb\"},\"inLanguage\":\"de\",\"potentialAction\":[{\"@type\":\"ReadAction\",\"target\":[\"https:\/\/kwp.at\/veranstaltungen\/product\/ausflug-nach-bad-waltersdorf-ost-stmk-harter-teichschenke-17\/\"]}]},{\"@type\":\"BreadcrumbList\",\"@id\":\"https:\/\/kwp.at\/veranstaltungen\/product\/ausflug-nach-bad-waltersdorf-ost-stmk-harter-teichschenke-17\/#breadcrumb\",\"itemListElement\":[{\"@type\":\"ListItem\",\"position\":1,\"name\":\"Home\",\"item\":\"https:\/\/kwp.at\/veranstaltungen\/\"},{\"@type\":\"ListItem\",\"position\":2,\"name\":\"Shop\",\"item\":\"https:\/\/kwp.at\/veranstaltungen\/\"},{\"@type\":\"ListItem\",\"position\":3,\"name\":\"Ausflug nach Bad Waltersdorf Ost-Stmk., Harter Teichschenke\"}]},{\"@type\":\"WebSite\",\"@id\":\"https:\/\/kwp.at\/veranstaltungen\/#website\",\"url\":\"https:\/\/kwp.at\/veranstaltungen\/\",\"name\":\"Veranstaltungen - H\u00e4user zum Leben und Pensionist*innenklubs\",\"description\":\"Unsere Angebote der H\u00e4user und Klubs\",\"potentialAction\":[{\"@type\":\"SearchAction\",\"target\":{\"@type\":\"EntryPoint\",\"urlTemplate\":\"https:\/\/kwp.at\/veranstaltungen\/?s={search_term_string}\"},\"query-input\":{\"@type\":\"PropertyValueSpecification\",\"valueRequired\":true,\"valueName\":\"search_term_string\"}}],\"inLanguage\":\"de\"}]}<\/script>\n<!-- \/ Yoast SEO plugin. -->","yoast_head_json":{"title":"Ausflug nach Bad Waltersdorf Ost-Stmk., Harter Teichschenke - Veranstaltungen - H\u00e4user zum Leben und Pensionist*innenklubs","robots":{"index":"index","follow":"follow","max-snippet":"max-snippet:-1","max-image-preview":"max-image-preview:large","max-video-preview":"max-video-preview:-1"},"canonical":"https:\/\/kwp.at\/veranstaltungen\/product\/ausflug-nach-bad-waltersdorf-ost-stmk-harter-teichschenke-17\/","og_locale":"de_DE","og_type":"article","og_title":"Ausflug nach Bad Waltersdorf Ost-Stmk., Harter Teichschenke - Veranstaltungen - H\u00e4user zum Leben und Pensionist*innenklubs","og_description":"Abfahrtsstelle: 08:00 Uhr - 22., Telephonweg 1 Bitte (ganz unten) Men\u00fc vorbestellen: Suppe \/ Vorspeise: Tagessuppe M1: Wienerschnitzel mit Reis und Salat M2: Schweinsbraten mit Reis und SalatM3: Gegrillte H\u00e4nchenbrust mit Reis und Salat M4: Gem\u00fcselaibchen mit Pommes und Salat Mit Ihrer Buchung akzeptieren Sie folgende Bedingungen: Alle Angaben ohne Gew\u00e4hr, \u00c4nderungen und Druckfehler vorbehalten. Termine k\u00f6nnen aus wichtigen Gr\u00fcnden verschoben oder abgesagt werden. Der Ausflug findet nur bei mindestens 30 Teilnehmenden statt. Bei Stornierung durch Teilnehmende keine R\u00fcckerstattung, sofern gesetzlich zul\u00e4ssig. Bitte informieren Sie sich kurz vorab auf unserer Homepage \u00fcber den aktuellen Status dieses Ausflugs.","og_url":"https:\/\/kwp.at\/veranstaltungen\/product\/ausflug-nach-bad-waltersdorf-ost-stmk-harter-teichschenke-17\/","og_site_name":"Veranstaltungen - H\u00e4user zum Leben und Pensionist*innenklubs","article_modified_time":"2026-04-03T11:20:29+00:00","twitter_card":"summary_large_image","schema":{"@context":"https:\/\/schema.org","@graph":[{"@type":"WebPage","@id":"https:\/\/kwp.at\/veranstaltungen\/product\/ausflug-nach-bad-waltersdorf-ost-stmk-harter-teichschenke-17\/","url":"https:\/\/kwp.at\/veranstaltungen\/product\/ausflug-nach-bad-waltersdorf-ost-stmk-harter-teichschenke-17\/","name":"Ausflug nach Bad Waltersdorf Ost-Stmk., Harter Teichschenke - Veranstaltungen - H\u00e4user zum Leben und Pensionist*innenklubs","isPartOf":{"@id":"https:\/\/kwp.at\/veranstaltungen\/#website"},"datePublished":"2026-03-31T22:14:07+00:00","dateModified":"2026-04-03T11:20:29+00:00","breadcrumb":{"@id":"https:\/\/kwp.at\/veranstaltungen\/product\/ausflug-nach-bad-waltersdorf-ost-stmk-harter-teichschenke-17\/#breadcrumb"},"inLanguage":"de","potentialAction":[{"@type":"ReadAction","target":["https:\/\/kwp.at\/veranstaltungen\/product\/ausflug-nach-bad-waltersdorf-ost-stmk-harter-teichschenke-17\/"]}]},{"@type":"BreadcrumbList","@id":"https:\/\/kwp.at\/veranstaltungen\/product\/ausflug-nach-bad-waltersdorf-ost-stmk-harter-teichschenke-17\/#breadcrumb","itemListElement":[{"@type":"ListItem","position":1,"name":"Home","item":"https:\/\/kwp.at\/veranstaltungen\/"},{"@type":"ListItem","position":2,"name":"Shop","item":"https:\/\/kwp.at\/veranstaltungen\/"},{"@type":"ListItem","position":3,"name":"Ausflug nach Bad Waltersdorf Ost-Stmk., Harter Teichschenke"}]},{"@type":"WebSite","@id":"https:\/\/kwp.at\/veranstaltungen\/#website","url":"https:\/\/kwp.at\/veranstaltungen\/","name":"Veranstaltungen - H\u00e4user zum Leben und Pensionist*innenklubs","description":"Unsere Angebote der H\u00e4user und Klubs","potentialAction":[{"@type":"SearchAction","target":{"@type":"EntryPoint","urlTemplate":"https:\/\/kwp.at\/veranstaltungen\/?s={search_term_string}"},"query-input":{"@type":"PropertyValueSpecification","valueRequired":true,"valueName":"search_term_string"}}],"inLanguage":"de"}]}},"_links":{"self":[{"href":"https:\/\/kwp.at\/veranstaltungen\/wp-json\/wp\/v2\/product\/173794","targetHints":{"allow":["GET"]}}],"collection":[{"href":"https:\/\/kwp.at\/veranstaltungen\/wp-json\/wp\/v2\/product"}],"about":[{"href":"https:\/\/kwp.at\/veranstaltungen\/wp-json\/wp\/v2\/types\/product"}],"author":[{"embeddable":true,"href":"https:\/\/kwp.at\/veranstaltungen\/wp-json\/wp\/v2\/users\/79"}],"replies":[{"embeddable":true,"href":"https:\/\/kwp.at\/veranstaltungen\/wp-json\/wp\/v2\/comments?post=173794"}],"wp:attachment":[{"href":"https:\/\/kwp.at\/veranstaltungen\/wp-json\/wp\/v2\/media?parent=173794"}],"wp:term":[{"taxonomy":"product_brand","embeddable":true,"href":"https:\/\/kwp.at\/veranstaltungen\/wp-json\/wp\/v2\/product_brand?post=173794"},{"taxonomy":"product_cat","embeddable":true,"href":"https:\/\/kwp.at\/veranstaltungen\/wp-json\/wp\/v2\/product_cat?post=173794"},{"taxonomy":"product_tag","embeddable":true,"href":"https:\/\/kwp.at\/veranstaltungen\/wp-json\/wp\/v2\/product_tag?post=173794"}],"curies":[{"name":"wp","href":"https:\/\/api.w.org\/{rel}","templated":true}]}}