{"id":173147,"date":"2026-03-31T11:39:59","date_gmt":"2026-03-31T09:39:59","guid":{"rendered":"https:\/\/kwp.at\/veranstaltungen\/product\/infotag-11\/"},"modified":"2026-03-31T11:40:27","modified_gmt":"2026-03-31T09:40:27","slug":"infotag-11","status":"publish","type":"product","link":"https:\/\/kwp.at\/veranstaltungen\/product\/infotag-11\/","title":{"rendered":"INFOTAG"},"excerpt":{"rendered":"<p>Sehr geehrte Damen und Herren,am 02.06. um 10:00 Uhr beginnt unser Tag der offenen T\u00fcr. Das Leitungsteam steht Ihnen f\u00fcr alle Fragen gerne zur Verf\u00fcgung. Sie haben die M\u00f6glichkeit eine Einzel Wohnung zu besichtigen und erhalten eine Hausf\u00fchrung durch das Leitungsteam. Bitte beachten Sie, dass der Tag p\u00fcnktlich um 10:00 Uhr beginnt. Wir freuen uns, Sie in unserem Haus begr\u00fc\u00dfen und begleiten zu d\u00fcrfen. Melden Sie sich bitte an unter der Rezeption: Telefon: 01 31399 120 00<\/p>\n","protected":false},"author":399,"comment_status":"closed","ping_status":"open","template":"","meta":{"_acf_changed":false},"product_brand":[],"product_cat":[15],"product_tag":[],"class_list":{"0":"post-173147","1":"product","2":"type-product","3":"status-publish","5":"product_cat-uncategorized","7":"first","8":"outofstock","9":"taxable","10":"shipping-taxable","11":"purchasable","12":"product-type-event"},"acf":[],"yoast_head":"<!-- This site is optimized with the Yoast SEO plugin v27.2 - https:\/\/yoast.com\/product\/yoast-seo-wordpress\/ -->\n<title>INFOTAG - Veranstaltungen - H\u00e4user zum Leben und Pensionist*innenklubs<\/title>\n<meta name=\"robots\" content=\"index, follow, max-snippet:-1, max-image-preview:large, max-video-preview:-1\" \/>\n<link rel=\"canonical\" href=\"https:\/\/kwp.at\/veranstaltungen\/product\/infotag-11\/\" \/>\n<meta property=\"og:locale\" content=\"de_DE\" \/>\n<meta property=\"og:type\" content=\"article\" \/>\n<meta property=\"og:title\" content=\"INFOTAG - Veranstaltungen - H\u00e4user zum Leben und Pensionist*innenklubs\" \/>\n<meta property=\"og:description\" content=\"Sehr geehrte Damen und Herren,am 02.06. um 10:00 Uhr beginnt unser Tag der offenen T\u00fcr. Das Leitungsteam steht Ihnen f\u00fcr alle Fragen gerne zur Verf\u00fcgung. Sie haben die M\u00f6glichkeit eine Einzel Wohnung zu besichtigen und erhalten eine Hausf\u00fchrung durch das Leitungsteam. Bitte beachten Sie, dass der Tag p\u00fcnktlich um 10:00 Uhr beginnt. Wir freuen uns, Sie in unserem Haus begr\u00fc\u00dfen und begleiten zu d\u00fcrfen. Melden Sie sich bitte an unter der Rezeption: Telefon: 01 31399 120 00\" \/>\n<meta property=\"og:url\" content=\"https:\/\/kwp.at\/veranstaltungen\/product\/infotag-11\/\" \/>\n<meta property=\"og:site_name\" content=\"Veranstaltungen - H\u00e4user zum Leben und Pensionist*innenklubs\" \/>\n<meta property=\"article:modified_time\" content=\"2026-03-31T09:40:27+00:00\" \/>\n<meta name=\"twitter:card\" content=\"summary_large_image\" \/>\n<script type=\"application\/ld+json\" class=\"yoast-schema-graph\">{\"@context\":\"https:\/\/schema.org\",\"@graph\":[{\"@type\":\"WebPage\",\"@id\":\"https:\/\/kwp.at\/veranstaltungen\/product\/infotag-11\/\",\"url\":\"https:\/\/kwp.at\/veranstaltungen\/product\/infotag-11\/\",\"name\":\"INFOTAG - Veranstaltungen - H\u00e4user zum Leben und Pensionist*innenklubs\",\"isPartOf\":{\"@id\":\"https:\/\/kwp.at\/veranstaltungen\/#website\"},\"datePublished\":\"2026-03-31T09:39:59+00:00\",\"dateModified\":\"2026-03-31T09:40:27+00:00\",\"breadcrumb\":{\"@id\":\"https:\/\/kwp.at\/veranstaltungen\/product\/infotag-11\/#breadcrumb\"},\"inLanguage\":\"de\",\"potentialAction\":[{\"@type\":\"ReadAction\",\"target\":[\"https:\/\/kwp.at\/veranstaltungen\/product\/infotag-11\/\"]}]},{\"@type\":\"BreadcrumbList\",\"@id\":\"https:\/\/kwp.at\/veranstaltungen\/product\/infotag-11\/#breadcrumb\",\"itemListElement\":[{\"@type\":\"ListItem\",\"position\":1,\"name\":\"Home\",\"item\":\"https:\/\/kwp.at\/veranstaltungen\/\"},{\"@type\":\"ListItem\",\"position\":2,\"name\":\"Shop\",\"item\":\"https:\/\/kwp.at\/veranstaltungen\/\"},{\"@type\":\"ListItem\",\"position\":3,\"name\":\"INFOTAG\"}]},{\"@type\":\"WebSite\",\"@id\":\"https:\/\/kwp.at\/veranstaltungen\/#website\",\"url\":\"https:\/\/kwp.at\/veranstaltungen\/\",\"name\":\"Veranstaltungen - H\u00e4user zum Leben und Pensionist*innenklubs\",\"description\":\"Unsere Angebote der H\u00e4user und Klubs\",\"potentialAction\":[{\"@type\":\"SearchAction\",\"target\":{\"@type\":\"EntryPoint\",\"urlTemplate\":\"https:\/\/kwp.at\/veranstaltungen\/?s={search_term_string}\"},\"query-input\":{\"@type\":\"PropertyValueSpecification\",\"valueRequired\":true,\"valueName\":\"search_term_string\"}}],\"inLanguage\":\"de\"}]}<\/script>\n<!-- \/ Yoast SEO plugin. -->","yoast_head_json":{"title":"INFOTAG - Veranstaltungen - H\u00e4user zum Leben und Pensionist*innenklubs","robots":{"index":"index","follow":"follow","max-snippet":"max-snippet:-1","max-image-preview":"max-image-preview:large","max-video-preview":"max-video-preview:-1"},"canonical":"https:\/\/kwp.at\/veranstaltungen\/product\/infotag-11\/","og_locale":"de_DE","og_type":"article","og_title":"INFOTAG - Veranstaltungen - H\u00e4user zum Leben und Pensionist*innenklubs","og_description":"Sehr geehrte Damen und Herren,am 02.06. um 10:00 Uhr beginnt unser Tag der offenen T\u00fcr. Das Leitungsteam steht Ihnen f\u00fcr alle Fragen gerne zur Verf\u00fcgung. Sie haben die M\u00f6glichkeit eine Einzel Wohnung zu besichtigen und erhalten eine Hausf\u00fchrung durch das Leitungsteam. Bitte beachten Sie, dass der Tag p\u00fcnktlich um 10:00 Uhr beginnt. Wir freuen uns, Sie in unserem Haus begr\u00fc\u00dfen und begleiten zu d\u00fcrfen. Melden Sie sich bitte an unter der Rezeption: Telefon: 01 31399 120 00","og_url":"https:\/\/kwp.at\/veranstaltungen\/product\/infotag-11\/","og_site_name":"Veranstaltungen - H\u00e4user zum Leben und Pensionist*innenklubs","article_modified_time":"2026-03-31T09:40:27+00:00","twitter_card":"summary_large_image","schema":{"@context":"https:\/\/schema.org","@graph":[{"@type":"WebPage","@id":"https:\/\/kwp.at\/veranstaltungen\/product\/infotag-11\/","url":"https:\/\/kwp.at\/veranstaltungen\/product\/infotag-11\/","name":"INFOTAG - Veranstaltungen - H\u00e4user zum Leben und Pensionist*innenklubs","isPartOf":{"@id":"https:\/\/kwp.at\/veranstaltungen\/#website"},"datePublished":"2026-03-31T09:39:59+00:00","dateModified":"2026-03-31T09:40:27+00:00","breadcrumb":{"@id":"https:\/\/kwp.at\/veranstaltungen\/product\/infotag-11\/#breadcrumb"},"inLanguage":"de","potentialAction":[{"@type":"ReadAction","target":["https:\/\/kwp.at\/veranstaltungen\/product\/infotag-11\/"]}]},{"@type":"BreadcrumbList","@id":"https:\/\/kwp.at\/veranstaltungen\/product\/infotag-11\/#breadcrumb","itemListElement":[{"@type":"ListItem","position":1,"name":"Home","item":"https:\/\/kwp.at\/veranstaltungen\/"},{"@type":"ListItem","position":2,"name":"Shop","item":"https:\/\/kwp.at\/veranstaltungen\/"},{"@type":"ListItem","position":3,"name":"INFOTAG"}]},{"@type":"WebSite","@id":"https:\/\/kwp.at\/veranstaltungen\/#website","url":"https:\/\/kwp.at\/veranstaltungen\/","name":"Veranstaltungen - H\u00e4user zum Leben und Pensionist*innenklubs","description":"Unsere Angebote der H\u00e4user und Klubs","potentialAction":[{"@type":"SearchAction","target":{"@type":"EntryPoint","urlTemplate":"https:\/\/kwp.at\/veranstaltungen\/?s={search_term_string}"},"query-input":{"@type":"PropertyValueSpecification","valueRequired":true,"valueName":"search_term_string"}}],"inLanguage":"de"}]}},"_links":{"self":[{"href":"https:\/\/kwp.at\/veranstaltungen\/wp-json\/wp\/v2\/product\/173147","targetHints":{"allow":["GET"]}}],"collection":[{"href":"https:\/\/kwp.at\/veranstaltungen\/wp-json\/wp\/v2\/product"}],"about":[{"href":"https:\/\/kwp.at\/veranstaltungen\/wp-json\/wp\/v2\/types\/product"}],"author":[{"embeddable":true,"href":"https:\/\/kwp.at\/veranstaltungen\/wp-json\/wp\/v2\/users\/399"}],"replies":[{"embeddable":true,"href":"https:\/\/kwp.at\/veranstaltungen\/wp-json\/wp\/v2\/comments?post=173147"}],"wp:attachment":[{"href":"https:\/\/kwp.at\/veranstaltungen\/wp-json\/wp\/v2\/media?parent=173147"}],"wp:term":[{"taxonomy":"product_brand","embeddable":true,"href":"https:\/\/kwp.at\/veranstaltungen\/wp-json\/wp\/v2\/product_brand?post=173147"},{"taxonomy":"product_cat","embeddable":true,"href":"https:\/\/kwp.at\/veranstaltungen\/wp-json\/wp\/v2\/product_cat?post=173147"},{"taxonomy":"product_tag","embeddable":true,"href":"https:\/\/kwp.at\/veranstaltungen\/wp-json\/wp\/v2\/product_tag?post=173147"}],"curies":[{"name":"wp","href":"https:\/\/api.w.org\/{rel}","templated":true}]}}