{"id":173143,"date":"2026-03-31T11:39:53","date_gmt":"2026-03-31T09:39:53","guid":{"rendered":"https:\/\/kwp.at\/veranstaltungen\/product\/penzinger-sommerball-4\/"},"modified":"2026-03-31T13:40:57","modified_gmt":"2026-03-31T11:40:57","slug":"penzinger-sommerball-4","status":"publish","type":"product","link":"https:\/\/kwp.at\/veranstaltungen\/product\/penzinger-sommerball-4\/","title":{"rendered":"Penzinger Sommerball"},"excerpt":{"rendered":"<p>Eine neue Tradition hat in Penzing begonnen: Die beiden H\u00e4user zum Leben \u2013 Penzing und Gustav Klimt \u2013 sowie der Bezirksklub im 14. Bezirk organisieren gemeinsam den Penzinger Sommerball! Die Veranstaltung findet im Garten des Hauses Penzing ab 16:00 Uhr statt. Es erwarten Sie sch\u00f6ne Musik, k\u00f6stliche Speisen, Tanz und viele Preise bei der Tombola. Dresscode: Festliche Kleidung erw\u00fcnscht! Bitte melden Sie sich bis zum 12.06.2026 an der Rezeption unter der Nummer 01 31399 12000 an. Die Teilnahme ist nur mit Anmeldung m\u00f6glich.<br \/>\nViel Spa\u00df!<\/p>\n","protected":false},"author":399,"comment_status":"closed","ping_status":"closed","template":"","meta":{"_acf_changed":false},"product_brand":[],"product_cat":[15],"product_tag":[],"class_list":{"0":"post-173143","1":"product","2":"type-product","3":"status-publish","5":"product_cat-uncategorized","7":"first","8":"outofstock","9":"taxable","10":"shipping-taxable","11":"purchasable","12":"product-type-event"},"acf":[],"yoast_head":"<!-- This site is optimized with the Yoast SEO plugin v27.2 - https:\/\/yoast.com\/product\/yoast-seo-wordpress\/ -->\n<title>Penzinger Sommerball - Veranstaltungen - H\u00e4user zum Leben und Pensionist*innenklubs<\/title>\n<meta name=\"robots\" content=\"index, follow, max-snippet:-1, max-image-preview:large, max-video-preview:-1\" \/>\n<link rel=\"canonical\" href=\"https:\/\/kwp.at\/veranstaltungen\/product\/penzinger-sommerball-4\/\" \/>\n<meta property=\"og:locale\" content=\"de_DE\" \/>\n<meta property=\"og:type\" content=\"article\" \/>\n<meta property=\"og:title\" content=\"Penzinger Sommerball - Veranstaltungen - H\u00e4user zum Leben und Pensionist*innenklubs\" \/>\n<meta property=\"og:description\" content=\"Eine neue Tradition hat in Penzing begonnen: Die beiden H\u00e4user zum Leben \u2013 Penzing und Gustav Klimt \u2013 sowie der Bezirksklub im 14. Bezirk organisieren gemeinsam den Penzinger Sommerball! Die Veranstaltung findet im Garten des Hauses Penzing ab 16:00 Uhr statt. Es erwarten Sie sch\u00f6ne Musik, k\u00f6stliche Speisen, Tanz und viele Preise bei der Tombola. Dresscode: Festliche Kleidung erw\u00fcnscht! Bitte melden Sie sich bis zum 12.06.2026 an der Rezeption unter der Nummer 01 31399 12000 an. Die Teilnahme ist nur mit Anmeldung m\u00f6glich. Viel Spa\u00df!\" \/>\n<meta property=\"og:url\" content=\"https:\/\/kwp.at\/veranstaltungen\/product\/penzinger-sommerball-4\/\" \/>\n<meta property=\"og:site_name\" content=\"Veranstaltungen - H\u00e4user zum Leben und Pensionist*innenklubs\" \/>\n<meta property=\"article:modified_time\" content=\"2026-03-31T11:40:57+00:00\" \/>\n<meta name=\"twitter:card\" content=\"summary_large_image\" \/>\n<script type=\"application\/ld+json\" class=\"yoast-schema-graph\">{\"@context\":\"https:\/\/schema.org\",\"@graph\":[{\"@type\":\"WebPage\",\"@id\":\"https:\/\/kwp.at\/veranstaltungen\/product\/penzinger-sommerball-4\/\",\"url\":\"https:\/\/kwp.at\/veranstaltungen\/product\/penzinger-sommerball-4\/\",\"name\":\"Penzinger Sommerball - Veranstaltungen - H\u00e4user zum Leben und Pensionist*innenklubs\",\"isPartOf\":{\"@id\":\"https:\/\/kwp.at\/veranstaltungen\/#website\"},\"datePublished\":\"2026-03-31T09:39:53+00:00\",\"dateModified\":\"2026-03-31T11:40:57+00:00\",\"breadcrumb\":{\"@id\":\"https:\/\/kwp.at\/veranstaltungen\/product\/penzinger-sommerball-4\/#breadcrumb\"},\"inLanguage\":\"de\",\"potentialAction\":[{\"@type\":\"ReadAction\",\"target\":[\"https:\/\/kwp.at\/veranstaltungen\/product\/penzinger-sommerball-4\/\"]}]},{\"@type\":\"BreadcrumbList\",\"@id\":\"https:\/\/kwp.at\/veranstaltungen\/product\/penzinger-sommerball-4\/#breadcrumb\",\"itemListElement\":[{\"@type\":\"ListItem\",\"position\":1,\"name\":\"Home\",\"item\":\"https:\/\/kwp.at\/veranstaltungen\/\"},{\"@type\":\"ListItem\",\"position\":2,\"name\":\"Shop\",\"item\":\"https:\/\/kwp.at\/veranstaltungen\/\"},{\"@type\":\"ListItem\",\"position\":3,\"name\":\"Penzinger Sommerball\"}]},{\"@type\":\"WebSite\",\"@id\":\"https:\/\/kwp.at\/veranstaltungen\/#website\",\"url\":\"https:\/\/kwp.at\/veranstaltungen\/\",\"name\":\"Veranstaltungen - H\u00e4user zum Leben und Pensionist*innenklubs\",\"description\":\"Unsere Angebote der H\u00e4user und Klubs\",\"potentialAction\":[{\"@type\":\"SearchAction\",\"target\":{\"@type\":\"EntryPoint\",\"urlTemplate\":\"https:\/\/kwp.at\/veranstaltungen\/?s={search_term_string}\"},\"query-input\":{\"@type\":\"PropertyValueSpecification\",\"valueRequired\":true,\"valueName\":\"search_term_string\"}}],\"inLanguage\":\"de\"}]}<\/script>\n<!-- \/ Yoast SEO plugin. -->","yoast_head_json":{"title":"Penzinger Sommerball - Veranstaltungen - H\u00e4user zum Leben und Pensionist*innenklubs","robots":{"index":"index","follow":"follow","max-snippet":"max-snippet:-1","max-image-preview":"max-image-preview:large","max-video-preview":"max-video-preview:-1"},"canonical":"https:\/\/kwp.at\/veranstaltungen\/product\/penzinger-sommerball-4\/","og_locale":"de_DE","og_type":"article","og_title":"Penzinger Sommerball - Veranstaltungen - H\u00e4user zum Leben und Pensionist*innenklubs","og_description":"Eine neue Tradition hat in Penzing begonnen: Die beiden H\u00e4user zum Leben \u2013 Penzing und Gustav Klimt \u2013 sowie der Bezirksklub im 14. Bezirk organisieren gemeinsam den Penzinger Sommerball! Die Veranstaltung findet im Garten des Hauses Penzing ab 16:00 Uhr statt. Es erwarten Sie sch\u00f6ne Musik, k\u00f6stliche Speisen, Tanz und viele Preise bei der Tombola. Dresscode: Festliche Kleidung erw\u00fcnscht! Bitte melden Sie sich bis zum 12.06.2026 an der Rezeption unter der Nummer 01 31399 12000 an. Die Teilnahme ist nur mit Anmeldung m\u00f6glich. Viel Spa\u00df!","og_url":"https:\/\/kwp.at\/veranstaltungen\/product\/penzinger-sommerball-4\/","og_site_name":"Veranstaltungen - H\u00e4user zum Leben und Pensionist*innenklubs","article_modified_time":"2026-03-31T11:40:57+00:00","twitter_card":"summary_large_image","schema":{"@context":"https:\/\/schema.org","@graph":[{"@type":"WebPage","@id":"https:\/\/kwp.at\/veranstaltungen\/product\/penzinger-sommerball-4\/","url":"https:\/\/kwp.at\/veranstaltungen\/product\/penzinger-sommerball-4\/","name":"Penzinger Sommerball - Veranstaltungen - H\u00e4user zum Leben und Pensionist*innenklubs","isPartOf":{"@id":"https:\/\/kwp.at\/veranstaltungen\/#website"},"datePublished":"2026-03-31T09:39:53+00:00","dateModified":"2026-03-31T11:40:57+00:00","breadcrumb":{"@id":"https:\/\/kwp.at\/veranstaltungen\/product\/penzinger-sommerball-4\/#breadcrumb"},"inLanguage":"de","potentialAction":[{"@type":"ReadAction","target":["https:\/\/kwp.at\/veranstaltungen\/product\/penzinger-sommerball-4\/"]}]},{"@type":"BreadcrumbList","@id":"https:\/\/kwp.at\/veranstaltungen\/product\/penzinger-sommerball-4\/#breadcrumb","itemListElement":[{"@type":"ListItem","position":1,"name":"Home","item":"https:\/\/kwp.at\/veranstaltungen\/"},{"@type":"ListItem","position":2,"name":"Shop","item":"https:\/\/kwp.at\/veranstaltungen\/"},{"@type":"ListItem","position":3,"name":"Penzinger Sommerball"}]},{"@type":"WebSite","@id":"https:\/\/kwp.at\/veranstaltungen\/#website","url":"https:\/\/kwp.at\/veranstaltungen\/","name":"Veranstaltungen - H\u00e4user zum Leben und Pensionist*innenklubs","description":"Unsere Angebote der H\u00e4user und Klubs","potentialAction":[{"@type":"SearchAction","target":{"@type":"EntryPoint","urlTemplate":"https:\/\/kwp.at\/veranstaltungen\/?s={search_term_string}"},"query-input":{"@type":"PropertyValueSpecification","valueRequired":true,"valueName":"search_term_string"}}],"inLanguage":"de"}]}},"_links":{"self":[{"href":"https:\/\/kwp.at\/veranstaltungen\/wp-json\/wp\/v2\/product\/173143","targetHints":{"allow":["GET"]}}],"collection":[{"href":"https:\/\/kwp.at\/veranstaltungen\/wp-json\/wp\/v2\/product"}],"about":[{"href":"https:\/\/kwp.at\/veranstaltungen\/wp-json\/wp\/v2\/types\/product"}],"author":[{"embeddable":true,"href":"https:\/\/kwp.at\/veranstaltungen\/wp-json\/wp\/v2\/users\/399"}],"replies":[{"embeddable":true,"href":"https:\/\/kwp.at\/veranstaltungen\/wp-json\/wp\/v2\/comments?post=173143"}],"wp:attachment":[{"href":"https:\/\/kwp.at\/veranstaltungen\/wp-json\/wp\/v2\/media?parent=173143"}],"wp:term":[{"taxonomy":"product_brand","embeddable":true,"href":"https:\/\/kwp.at\/veranstaltungen\/wp-json\/wp\/v2\/product_brand?post=173143"},{"taxonomy":"product_cat","embeddable":true,"href":"https:\/\/kwp.at\/veranstaltungen\/wp-json\/wp\/v2\/product_cat?post=173143"},{"taxonomy":"product_tag","embeddable":true,"href":"https:\/\/kwp.at\/veranstaltungen\/wp-json\/wp\/v2\/product_tag?post=173143"}],"curies":[{"name":"wp","href":"https:\/\/api.w.org\/{rel}","templated":true}]}}