{"id":172199,"date":"2026-03-19T12:15:40","date_gmt":"2026-03-19T11:15:40","guid":{"rendered":"https:\/\/kwp.at\/veranstaltungen\/product\/informationsnachmittag-mit-hausfuehrung-im-haus-trazerberg-3\/"},"modified":"2026-03-19T12:15:45","modified_gmt":"2026-03-19T11:15:45","slug":"informationsnachmittag-mit-hausfuehrung-im-haus-trazerberg-3","status":"publish","type":"product","link":"https:\/\/kwp.at\/veranstaltungen\/product\/informationsnachmittag-mit-hausfuehrung-im-haus-trazerberg-3\/","title":{"rendered":"Informationsnachmittag mit Hausf\u00fchrung im Haus Trazerberg"},"excerpt":{"rendered":"<p>Liebe Interessenten, liebe Interessentinnen,<br \/>\nwenn Sie an unserem Informationsnachmittag teilnehmen m\u00f6chten, bitten wir Sie um eine telefonische Anmeldung unter 0131399 1230  oder um eine pers\u00f6nliche Anmeldung an der Rezeption.<br \/>\nWir freuen uns darauf, Sie bei uns im Haus begr\u00fc\u00dfen zu d\u00fcrfen.<\/p>\n","protected":false},"author":557,"comment_status":"closed","ping_status":"open","template":"","meta":{"_acf_changed":false},"product_brand":[],"product_cat":[15],"product_tag":[],"class_list":{"0":"post-172199","1":"product","2":"type-product","3":"status-publish","5":"product_cat-uncategorized","7":"first","8":"instock","9":"taxable","10":"shipping-taxable","11":"purchasable","12":"product-type-event"},"acf":[],"yoast_head":"<!-- This site is optimized with the Yoast SEO plugin v27.2 - https:\/\/yoast.com\/product\/yoast-seo-wordpress\/ -->\n<title>Informationsnachmittag mit Hausf\u00fchrung im Haus Trazerberg - Veranstaltungen - H\u00e4user zum Leben und Pensionist*innenklubs<\/title>\n<meta name=\"robots\" content=\"index, follow, max-snippet:-1, max-image-preview:large, max-video-preview:-1\" \/>\n<link rel=\"canonical\" href=\"https:\/\/kwp.at\/veranstaltungen\/product\/informationsnachmittag-mit-hausfuehrung-im-haus-trazerberg-3\/\" \/>\n<meta property=\"og:locale\" content=\"de_DE\" \/>\n<meta property=\"og:type\" content=\"article\" \/>\n<meta property=\"og:title\" content=\"Informationsnachmittag mit Hausf\u00fchrung im Haus Trazerberg - Veranstaltungen - H\u00e4user zum Leben und Pensionist*innenklubs\" \/>\n<meta property=\"og:description\" content=\"Liebe Interessenten, liebe Interessentinnen, wenn Sie an unserem Informationsnachmittag teilnehmen m\u00f6chten, bitten wir Sie um eine telefonische Anmeldung unter 0131399 1230 oder um eine pers\u00f6nliche Anmeldung an der Rezeption. Wir freuen uns darauf, Sie bei uns im Haus begr\u00fc\u00dfen zu d\u00fcrfen.\" \/>\n<meta property=\"og:url\" content=\"https:\/\/kwp.at\/veranstaltungen\/product\/informationsnachmittag-mit-hausfuehrung-im-haus-trazerberg-3\/\" \/>\n<meta property=\"og:site_name\" content=\"Veranstaltungen - H\u00e4user zum Leben und Pensionist*innenklubs\" \/>\n<meta property=\"article:modified_time\" content=\"2026-03-19T11:15:45+00:00\" \/>\n<meta name=\"twitter:card\" content=\"summary_large_image\" \/>\n<script type=\"application\/ld+json\" class=\"yoast-schema-graph\">{\"@context\":\"https:\/\/schema.org\",\"@graph\":[{\"@type\":\"WebPage\",\"@id\":\"https:\/\/kwp.at\/veranstaltungen\/product\/informationsnachmittag-mit-hausfuehrung-im-haus-trazerberg-3\/\",\"url\":\"https:\/\/kwp.at\/veranstaltungen\/product\/informationsnachmittag-mit-hausfuehrung-im-haus-trazerberg-3\/\",\"name\":\"Informationsnachmittag mit Hausf\u00fchrung im Haus Trazerberg - Veranstaltungen - H\u00e4user zum Leben und Pensionist*innenklubs\",\"isPartOf\":{\"@id\":\"https:\/\/kwp.at\/veranstaltungen\/#website\"},\"datePublished\":\"2026-03-19T11:15:40+00:00\",\"dateModified\":\"2026-03-19T11:15:45+00:00\",\"breadcrumb\":{\"@id\":\"https:\/\/kwp.at\/veranstaltungen\/product\/informationsnachmittag-mit-hausfuehrung-im-haus-trazerberg-3\/#breadcrumb\"},\"inLanguage\":\"de\",\"potentialAction\":[{\"@type\":\"ReadAction\",\"target\":[\"https:\/\/kwp.at\/veranstaltungen\/product\/informationsnachmittag-mit-hausfuehrung-im-haus-trazerberg-3\/\"]}]},{\"@type\":\"BreadcrumbList\",\"@id\":\"https:\/\/kwp.at\/veranstaltungen\/product\/informationsnachmittag-mit-hausfuehrung-im-haus-trazerberg-3\/#breadcrumb\",\"itemListElement\":[{\"@type\":\"ListItem\",\"position\":1,\"name\":\"Home\",\"item\":\"https:\/\/kwp.at\/veranstaltungen\/\"},{\"@type\":\"ListItem\",\"position\":2,\"name\":\"Shop\",\"item\":\"https:\/\/kwp.at\/veranstaltungen\/\"},{\"@type\":\"ListItem\",\"position\":3,\"name\":\"Informationsnachmittag mit Hausf\u00fchrung im Haus Trazerberg\"}]},{\"@type\":\"WebSite\",\"@id\":\"https:\/\/kwp.at\/veranstaltungen\/#website\",\"url\":\"https:\/\/kwp.at\/veranstaltungen\/\",\"name\":\"Veranstaltungen - H\u00e4user zum Leben und Pensionist*innenklubs\",\"description\":\"Unsere Angebote der H\u00e4user und Klubs\",\"potentialAction\":[{\"@type\":\"SearchAction\",\"target\":{\"@type\":\"EntryPoint\",\"urlTemplate\":\"https:\/\/kwp.at\/veranstaltungen\/?s={search_term_string}\"},\"query-input\":{\"@type\":\"PropertyValueSpecification\",\"valueRequired\":true,\"valueName\":\"search_term_string\"}}],\"inLanguage\":\"de\"}]}<\/script>\n<!-- \/ Yoast SEO plugin. -->","yoast_head_json":{"title":"Informationsnachmittag mit Hausf\u00fchrung im Haus Trazerberg - Veranstaltungen - H\u00e4user zum Leben und Pensionist*innenklubs","robots":{"index":"index","follow":"follow","max-snippet":"max-snippet:-1","max-image-preview":"max-image-preview:large","max-video-preview":"max-video-preview:-1"},"canonical":"https:\/\/kwp.at\/veranstaltungen\/product\/informationsnachmittag-mit-hausfuehrung-im-haus-trazerberg-3\/","og_locale":"de_DE","og_type":"article","og_title":"Informationsnachmittag mit Hausf\u00fchrung im Haus Trazerberg - Veranstaltungen - H\u00e4user zum Leben und Pensionist*innenklubs","og_description":"Liebe Interessenten, liebe Interessentinnen, wenn Sie an unserem Informationsnachmittag teilnehmen m\u00f6chten, bitten wir Sie um eine telefonische Anmeldung unter 0131399 1230 oder um eine pers\u00f6nliche Anmeldung an der Rezeption. Wir freuen uns darauf, Sie bei uns im Haus begr\u00fc\u00dfen zu d\u00fcrfen.","og_url":"https:\/\/kwp.at\/veranstaltungen\/product\/informationsnachmittag-mit-hausfuehrung-im-haus-trazerberg-3\/","og_site_name":"Veranstaltungen - H\u00e4user zum Leben und Pensionist*innenklubs","article_modified_time":"2026-03-19T11:15:45+00:00","twitter_card":"summary_large_image","schema":{"@context":"https:\/\/schema.org","@graph":[{"@type":"WebPage","@id":"https:\/\/kwp.at\/veranstaltungen\/product\/informationsnachmittag-mit-hausfuehrung-im-haus-trazerberg-3\/","url":"https:\/\/kwp.at\/veranstaltungen\/product\/informationsnachmittag-mit-hausfuehrung-im-haus-trazerberg-3\/","name":"Informationsnachmittag mit Hausf\u00fchrung im Haus Trazerberg - Veranstaltungen - H\u00e4user zum Leben und Pensionist*innenklubs","isPartOf":{"@id":"https:\/\/kwp.at\/veranstaltungen\/#website"},"datePublished":"2026-03-19T11:15:40+00:00","dateModified":"2026-03-19T11:15:45+00:00","breadcrumb":{"@id":"https:\/\/kwp.at\/veranstaltungen\/product\/informationsnachmittag-mit-hausfuehrung-im-haus-trazerberg-3\/#breadcrumb"},"inLanguage":"de","potentialAction":[{"@type":"ReadAction","target":["https:\/\/kwp.at\/veranstaltungen\/product\/informationsnachmittag-mit-hausfuehrung-im-haus-trazerberg-3\/"]}]},{"@type":"BreadcrumbList","@id":"https:\/\/kwp.at\/veranstaltungen\/product\/informationsnachmittag-mit-hausfuehrung-im-haus-trazerberg-3\/#breadcrumb","itemListElement":[{"@type":"ListItem","position":1,"name":"Home","item":"https:\/\/kwp.at\/veranstaltungen\/"},{"@type":"ListItem","position":2,"name":"Shop","item":"https:\/\/kwp.at\/veranstaltungen\/"},{"@type":"ListItem","position":3,"name":"Informationsnachmittag mit Hausf\u00fchrung im Haus Trazerberg"}]},{"@type":"WebSite","@id":"https:\/\/kwp.at\/veranstaltungen\/#website","url":"https:\/\/kwp.at\/veranstaltungen\/","name":"Veranstaltungen - H\u00e4user zum Leben und Pensionist*innenklubs","description":"Unsere Angebote der H\u00e4user und Klubs","potentialAction":[{"@type":"SearchAction","target":{"@type":"EntryPoint","urlTemplate":"https:\/\/kwp.at\/veranstaltungen\/?s={search_term_string}"},"query-input":{"@type":"PropertyValueSpecification","valueRequired":true,"valueName":"search_term_string"}}],"inLanguage":"de"}]}},"_links":{"self":[{"href":"https:\/\/kwp.at\/veranstaltungen\/wp-json\/wp\/v2\/product\/172199","targetHints":{"allow":["GET"]}}],"collection":[{"href":"https:\/\/kwp.at\/veranstaltungen\/wp-json\/wp\/v2\/product"}],"about":[{"href":"https:\/\/kwp.at\/veranstaltungen\/wp-json\/wp\/v2\/types\/product"}],"author":[{"embeddable":true,"href":"https:\/\/kwp.at\/veranstaltungen\/wp-json\/wp\/v2\/users\/557"}],"replies":[{"embeddable":true,"href":"https:\/\/kwp.at\/veranstaltungen\/wp-json\/wp\/v2\/comments?post=172199"}],"wp:attachment":[{"href":"https:\/\/kwp.at\/veranstaltungen\/wp-json\/wp\/v2\/media?parent=172199"}],"wp:term":[{"taxonomy":"product_brand","embeddable":true,"href":"https:\/\/kwp.at\/veranstaltungen\/wp-json\/wp\/v2\/product_brand?post=172199"},{"taxonomy":"product_cat","embeddable":true,"href":"https:\/\/kwp.at\/veranstaltungen\/wp-json\/wp\/v2\/product_cat?post=172199"},{"taxonomy":"product_tag","embeddable":true,"href":"https:\/\/kwp.at\/veranstaltungen\/wp-json\/wp\/v2\/product_tag?post=172199"}],"curies":[{"name":"wp","href":"https:\/\/api.w.org\/{rel}","templated":true}]}}