{"id":171956,"date":"2026-03-18T14:07:46","date_gmt":"2026-03-18T13:07:46","guid":{"rendered":"https:\/\/kwp.at\/veranstaltungen\/product\/achtsamkeits-und-meditationsuebung-bitte-im-klub-anmelden-2\/"},"modified":"2026-03-18T14:07:50","modified_gmt":"2026-03-18T13:07:50","slug":"achtsamkeits-und-meditationsuebung-bitte-im-klub-anmelden-2","status":"publish","type":"product","link":"https:\/\/kwp.at\/veranstaltungen\/product\/achtsamkeits-und-meditationsuebung-bitte-im-klub-anmelden-2\/","title":{"rendered":"Achtsamkeits- und Meditations\u00fcbung &#8211; Bitte im Klub anmelden!"},"excerpt":{"rendered":"<p>Die Acht Edlen \u00dcbungen sind ruhige Achtsamkeits- und Meditations\u00fcbungen aus der buddhistischen Tradition. Sie f\u00f6rdern Entspannung, innere Ruhe und Konzentration und unterst\u00fctzen dabei, Stress abzubauen und mehr Gelassenheit im Alltag zu finden. Bitte beachten Sie, dass an diesem Tag keine Betreuerin vor Ort ist &#8211; die Teilnahme erfolgt in eigener Verantwortung. Die \u00dcbungen werden von unserer ehrenamtlichen Mitarbeiterin Frau Zhuofeng organisiert. Es handelt sich um eine gemeinsame Mitmach-Aktivit\u00e4t ohne Anleitung oder Kursleitung. Vorkenntnisse in Achtsamkeits- oder Meditations\u00fcbungen sind daher von Vorteil. Max. 12 Teilnehmer*innen.<\/p>\n","protected":false},"author":740,"comment_status":"closed","ping_status":"open","template":"","meta":{"_acf_changed":false},"product_brand":[],"product_cat":[15],"product_tag":[],"class_list":{"0":"post-171956","1":"product","2":"type-product","3":"status-publish","5":"product_cat-uncategorized","7":"first","8":"instock","9":"taxable","10":"shipping-taxable","11":"purchasable","12":"product-type-event"},"acf":[],"yoast_head":"<!-- This site is optimized with the Yoast SEO plugin v27.2 - https:\/\/yoast.com\/product\/yoast-seo-wordpress\/ -->\n<title>Achtsamkeits- und Meditations\u00fcbung - Bitte im Klub anmelden! - Veranstaltungen - H\u00e4user zum Leben und Pensionist*innenklubs<\/title>\n<meta name=\"robots\" content=\"index, follow, max-snippet:-1, max-image-preview:large, max-video-preview:-1\" \/>\n<link rel=\"canonical\" href=\"https:\/\/kwp.at\/veranstaltungen\/product\/achtsamkeits-und-meditationsuebung-bitte-im-klub-anmelden-2\/\" \/>\n<meta property=\"og:locale\" content=\"de_DE\" \/>\n<meta property=\"og:type\" content=\"article\" \/>\n<meta property=\"og:title\" content=\"Achtsamkeits- und Meditations\u00fcbung - Bitte im Klub anmelden! - Veranstaltungen - H\u00e4user zum Leben und Pensionist*innenklubs\" \/>\n<meta property=\"og:description\" content=\"Die Acht Edlen \u00dcbungen sind ruhige Achtsamkeits- und Meditations\u00fcbungen aus der buddhistischen Tradition. Sie f\u00f6rdern Entspannung, innere Ruhe und Konzentration und unterst\u00fctzen dabei, Stress abzubauen und mehr Gelassenheit im Alltag zu finden. Bitte beachten Sie, dass an diesem Tag keine Betreuerin vor Ort ist - die Teilnahme erfolgt in eigener Verantwortung. Die \u00dcbungen werden von unserer ehrenamtlichen Mitarbeiterin Frau Zhuofeng organisiert. Es handelt sich um eine gemeinsame Mitmach-Aktivit\u00e4t ohne Anleitung oder Kursleitung. Vorkenntnisse in Achtsamkeits- oder Meditations\u00fcbungen sind daher von Vorteil. Max. 12 Teilnehmer*innen.\" \/>\n<meta property=\"og:url\" content=\"https:\/\/kwp.at\/veranstaltungen\/product\/achtsamkeits-und-meditationsuebung-bitte-im-klub-anmelden-2\/\" \/>\n<meta property=\"og:site_name\" content=\"Veranstaltungen - H\u00e4user zum Leben und Pensionist*innenklubs\" \/>\n<meta property=\"article:modified_time\" content=\"2026-03-18T13:07:50+00:00\" \/>\n<meta name=\"twitter:card\" content=\"summary_large_image\" \/>\n<script type=\"application\/ld+json\" class=\"yoast-schema-graph\">{\"@context\":\"https:\/\/schema.org\",\"@graph\":[{\"@type\":\"WebPage\",\"@id\":\"https:\/\/kwp.at\/veranstaltungen\/product\/achtsamkeits-und-meditationsuebung-bitte-im-klub-anmelden-2\/\",\"url\":\"https:\/\/kwp.at\/veranstaltungen\/product\/achtsamkeits-und-meditationsuebung-bitte-im-klub-anmelden-2\/\",\"name\":\"Achtsamkeits- und Meditations\u00fcbung - Bitte im Klub anmelden! - Veranstaltungen - H\u00e4user zum Leben und Pensionist*innenklubs\",\"isPartOf\":{\"@id\":\"https:\/\/kwp.at\/veranstaltungen\/#website\"},\"datePublished\":\"2026-03-18T13:07:46+00:00\",\"dateModified\":\"2026-03-18T13:07:50+00:00\",\"breadcrumb\":{\"@id\":\"https:\/\/kwp.at\/veranstaltungen\/product\/achtsamkeits-und-meditationsuebung-bitte-im-klub-anmelden-2\/#breadcrumb\"},\"inLanguage\":\"de\",\"potentialAction\":[{\"@type\":\"ReadAction\",\"target\":[\"https:\/\/kwp.at\/veranstaltungen\/product\/achtsamkeits-und-meditationsuebung-bitte-im-klub-anmelden-2\/\"]}]},{\"@type\":\"BreadcrumbList\",\"@id\":\"https:\/\/kwp.at\/veranstaltungen\/product\/achtsamkeits-und-meditationsuebung-bitte-im-klub-anmelden-2\/#breadcrumb\",\"itemListElement\":[{\"@type\":\"ListItem\",\"position\":1,\"name\":\"Home\",\"item\":\"https:\/\/kwp.at\/veranstaltungen\/\"},{\"@type\":\"ListItem\",\"position\":2,\"name\":\"Shop\",\"item\":\"https:\/\/kwp.at\/veranstaltungen\/\"},{\"@type\":\"ListItem\",\"position\":3,\"name\":\"Achtsamkeits- und Meditations\u00fcbung &#8211; Bitte im Klub anmelden!\"}]},{\"@type\":\"WebSite\",\"@id\":\"https:\/\/kwp.at\/veranstaltungen\/#website\",\"url\":\"https:\/\/kwp.at\/veranstaltungen\/\",\"name\":\"Veranstaltungen - H\u00e4user zum Leben und Pensionist*innenklubs\",\"description\":\"Unsere Angebote der H\u00e4user und Klubs\",\"potentialAction\":[{\"@type\":\"SearchAction\",\"target\":{\"@type\":\"EntryPoint\",\"urlTemplate\":\"https:\/\/kwp.at\/veranstaltungen\/?s={search_term_string}\"},\"query-input\":{\"@type\":\"PropertyValueSpecification\",\"valueRequired\":true,\"valueName\":\"search_term_string\"}}],\"inLanguage\":\"de\"}]}<\/script>\n<!-- \/ Yoast SEO plugin. -->","yoast_head_json":{"title":"Achtsamkeits- und Meditations\u00fcbung - Bitte im Klub anmelden! - Veranstaltungen - H\u00e4user zum Leben und Pensionist*innenklubs","robots":{"index":"index","follow":"follow","max-snippet":"max-snippet:-1","max-image-preview":"max-image-preview:large","max-video-preview":"max-video-preview:-1"},"canonical":"https:\/\/kwp.at\/veranstaltungen\/product\/achtsamkeits-und-meditationsuebung-bitte-im-klub-anmelden-2\/","og_locale":"de_DE","og_type":"article","og_title":"Achtsamkeits- und Meditations\u00fcbung - Bitte im Klub anmelden! - Veranstaltungen - H\u00e4user zum Leben und Pensionist*innenklubs","og_description":"Die Acht Edlen \u00dcbungen sind ruhige Achtsamkeits- und Meditations\u00fcbungen aus der buddhistischen Tradition. Sie f\u00f6rdern Entspannung, innere Ruhe und Konzentration und unterst\u00fctzen dabei, Stress abzubauen und mehr Gelassenheit im Alltag zu finden. Bitte beachten Sie, dass an diesem Tag keine Betreuerin vor Ort ist - die Teilnahme erfolgt in eigener Verantwortung. Die \u00dcbungen werden von unserer ehrenamtlichen Mitarbeiterin Frau Zhuofeng organisiert. Es handelt sich um eine gemeinsame Mitmach-Aktivit\u00e4t ohne Anleitung oder Kursleitung. Vorkenntnisse in Achtsamkeits- oder Meditations\u00fcbungen sind daher von Vorteil. Max. 12 Teilnehmer*innen.","og_url":"https:\/\/kwp.at\/veranstaltungen\/product\/achtsamkeits-und-meditationsuebung-bitte-im-klub-anmelden-2\/","og_site_name":"Veranstaltungen - H\u00e4user zum Leben und Pensionist*innenklubs","article_modified_time":"2026-03-18T13:07:50+00:00","twitter_card":"summary_large_image","schema":{"@context":"https:\/\/schema.org","@graph":[{"@type":"WebPage","@id":"https:\/\/kwp.at\/veranstaltungen\/product\/achtsamkeits-und-meditationsuebung-bitte-im-klub-anmelden-2\/","url":"https:\/\/kwp.at\/veranstaltungen\/product\/achtsamkeits-und-meditationsuebung-bitte-im-klub-anmelden-2\/","name":"Achtsamkeits- und Meditations\u00fcbung - Bitte im Klub anmelden! - Veranstaltungen - H\u00e4user zum Leben und Pensionist*innenklubs","isPartOf":{"@id":"https:\/\/kwp.at\/veranstaltungen\/#website"},"datePublished":"2026-03-18T13:07:46+00:00","dateModified":"2026-03-18T13:07:50+00:00","breadcrumb":{"@id":"https:\/\/kwp.at\/veranstaltungen\/product\/achtsamkeits-und-meditationsuebung-bitte-im-klub-anmelden-2\/#breadcrumb"},"inLanguage":"de","potentialAction":[{"@type":"ReadAction","target":["https:\/\/kwp.at\/veranstaltungen\/product\/achtsamkeits-und-meditationsuebung-bitte-im-klub-anmelden-2\/"]}]},{"@type":"BreadcrumbList","@id":"https:\/\/kwp.at\/veranstaltungen\/product\/achtsamkeits-und-meditationsuebung-bitte-im-klub-anmelden-2\/#breadcrumb","itemListElement":[{"@type":"ListItem","position":1,"name":"Home","item":"https:\/\/kwp.at\/veranstaltungen\/"},{"@type":"ListItem","position":2,"name":"Shop","item":"https:\/\/kwp.at\/veranstaltungen\/"},{"@type":"ListItem","position":3,"name":"Achtsamkeits- und Meditations\u00fcbung &#8211; Bitte im Klub anmelden!"}]},{"@type":"WebSite","@id":"https:\/\/kwp.at\/veranstaltungen\/#website","url":"https:\/\/kwp.at\/veranstaltungen\/","name":"Veranstaltungen - H\u00e4user zum Leben und Pensionist*innenklubs","description":"Unsere Angebote der H\u00e4user und Klubs","potentialAction":[{"@type":"SearchAction","target":{"@type":"EntryPoint","urlTemplate":"https:\/\/kwp.at\/veranstaltungen\/?s={search_term_string}"},"query-input":{"@type":"PropertyValueSpecification","valueRequired":true,"valueName":"search_term_string"}}],"inLanguage":"de"}]}},"_links":{"self":[{"href":"https:\/\/kwp.at\/veranstaltungen\/wp-json\/wp\/v2\/product\/171956","targetHints":{"allow":["GET"]}}],"collection":[{"href":"https:\/\/kwp.at\/veranstaltungen\/wp-json\/wp\/v2\/product"}],"about":[{"href":"https:\/\/kwp.at\/veranstaltungen\/wp-json\/wp\/v2\/types\/product"}],"author":[{"embeddable":true,"href":"https:\/\/kwp.at\/veranstaltungen\/wp-json\/wp\/v2\/users\/740"}],"replies":[{"embeddable":true,"href":"https:\/\/kwp.at\/veranstaltungen\/wp-json\/wp\/v2\/comments?post=171956"}],"wp:attachment":[{"href":"https:\/\/kwp.at\/veranstaltungen\/wp-json\/wp\/v2\/media?parent=171956"}],"wp:term":[{"taxonomy":"product_brand","embeddable":true,"href":"https:\/\/kwp.at\/veranstaltungen\/wp-json\/wp\/v2\/product_brand?post=171956"},{"taxonomy":"product_cat","embeddable":true,"href":"https:\/\/kwp.at\/veranstaltungen\/wp-json\/wp\/v2\/product_cat?post=171956"},{"taxonomy":"product_tag","embeddable":true,"href":"https:\/\/kwp.at\/veranstaltungen\/wp-json\/wp\/v2\/product_tag?post=171956"}],"curies":[{"name":"wp","href":"https:\/\/api.w.org\/{rel}","templated":true}]}}