{"id":171853,"date":"2026-03-18T13:01:12","date_gmt":"2026-03-18T12:01:12","guid":{"rendered":"https:\/\/kwp.at\/veranstaltungen\/product\/80-tage-um-die-klubs-liechtenstein\/"},"modified":"2026-03-18T13:01:19","modified_gmt":"2026-03-18T12:01:19","slug":"80-tage-um-die-klubs-liechtenstein","status":"publish","type":"product","link":"https:\/\/kwp.at\/veranstaltungen\/product\/80-tage-um-die-klubs-liechtenstein\/","title":{"rendered":"80 Tage um die Klubs ,,Liechtenstein\u00b4\u00b4"},"excerpt":{"rendered":"<p>80 Jahre feiern wir die Pensionist*innen Klubs und haben ein Jubil\u00e4umsjahr deswegen haben wir das 80 Tage um die Klubs ins Leben gerufen. Jeder Klub in ganz Wien hat ein Land sich ausgesucht das er pr\u00e4sentieren wird. Ob es ein Fest wird oder ein Quiz oder ein Festmahl das bleibt den Klubs \u00fcberlassen. Die Meidlinger Hauptstra\u00dfe hat sich f\u00fcr Liechtenstein entschieden und wir werden die Klubbesucher*innen was wir pr\u00e4sentieren werden.<\/p>\n","protected":false},"author":208,"comment_status":"closed","ping_status":"open","template":"","meta":{"_acf_changed":false},"product_brand":[],"product_cat":[15],"product_tag":[],"class_list":{"0":"post-171853","1":"product","2":"type-product","3":"status-publish","5":"product_cat-uncategorized","7":"first","8":"instock","9":"taxable","10":"shipping-taxable","11":"purchasable","12":"product-type-event"},"acf":[],"yoast_head":"<!-- This site is optimized with the Yoast SEO plugin v27.2 - https:\/\/yoast.com\/product\/yoast-seo-wordpress\/ -->\n<title>80 Tage um die Klubs ,,Liechtenstein\u00b4\u00b4 - Veranstaltungen - H\u00e4user zum Leben und Pensionist*innenklubs<\/title>\n<meta name=\"robots\" content=\"index, follow, max-snippet:-1, max-image-preview:large, max-video-preview:-1\" \/>\n<link rel=\"canonical\" href=\"https:\/\/kwp.at\/veranstaltungen\/product\/80-tage-um-die-klubs-liechtenstein\/\" \/>\n<meta property=\"og:locale\" content=\"de_DE\" \/>\n<meta property=\"og:type\" content=\"article\" \/>\n<meta property=\"og:title\" content=\"80 Tage um die Klubs ,,Liechtenstein\u00b4\u00b4 - Veranstaltungen - H\u00e4user zum Leben und Pensionist*innenklubs\" \/>\n<meta property=\"og:description\" content=\"80 Jahre feiern wir die Pensionist*innen Klubs und haben ein Jubil\u00e4umsjahr deswegen haben wir das 80 Tage um die Klubs ins Leben gerufen. Jeder Klub in ganz Wien hat ein Land sich ausgesucht das er pr\u00e4sentieren wird. Ob es ein Fest wird oder ein Quiz oder ein Festmahl das bleibt den Klubs \u00fcberlassen. Die Meidlinger Hauptstra\u00dfe hat sich f\u00fcr Liechtenstein entschieden und wir werden die Klubbesucher*innen was wir pr\u00e4sentieren werden.\" \/>\n<meta property=\"og:url\" content=\"https:\/\/kwp.at\/veranstaltungen\/product\/80-tage-um-die-klubs-liechtenstein\/\" \/>\n<meta property=\"og:site_name\" content=\"Veranstaltungen - H\u00e4user zum Leben und Pensionist*innenklubs\" \/>\n<meta property=\"article:modified_time\" content=\"2026-03-18T12:01:19+00:00\" \/>\n<meta name=\"twitter:card\" content=\"summary_large_image\" \/>\n<script type=\"application\/ld+json\" class=\"yoast-schema-graph\">{\"@context\":\"https:\/\/schema.org\",\"@graph\":[{\"@type\":\"WebPage\",\"@id\":\"https:\/\/kwp.at\/veranstaltungen\/product\/80-tage-um-die-klubs-liechtenstein\/\",\"url\":\"https:\/\/kwp.at\/veranstaltungen\/product\/80-tage-um-die-klubs-liechtenstein\/\",\"name\":\"80 Tage um die Klubs ,,Liechtenstein\u00b4\u00b4 - Veranstaltungen - H\u00e4user zum Leben und Pensionist*innenklubs\",\"isPartOf\":{\"@id\":\"https:\/\/kwp.at\/veranstaltungen\/#website\"},\"datePublished\":\"2026-03-18T12:01:12+00:00\",\"dateModified\":\"2026-03-18T12:01:19+00:00\",\"breadcrumb\":{\"@id\":\"https:\/\/kwp.at\/veranstaltungen\/product\/80-tage-um-die-klubs-liechtenstein\/#breadcrumb\"},\"inLanguage\":\"de\",\"potentialAction\":[{\"@type\":\"ReadAction\",\"target\":[\"https:\/\/kwp.at\/veranstaltungen\/product\/80-tage-um-die-klubs-liechtenstein\/\"]}]},{\"@type\":\"BreadcrumbList\",\"@id\":\"https:\/\/kwp.at\/veranstaltungen\/product\/80-tage-um-die-klubs-liechtenstein\/#breadcrumb\",\"itemListElement\":[{\"@type\":\"ListItem\",\"position\":1,\"name\":\"Home\",\"item\":\"https:\/\/kwp.at\/veranstaltungen\/\"},{\"@type\":\"ListItem\",\"position\":2,\"name\":\"Shop\",\"item\":\"https:\/\/kwp.at\/veranstaltungen\/\"},{\"@type\":\"ListItem\",\"position\":3,\"name\":\"80 Tage um die Klubs ,,Liechtenstein\u00b4\u00b4\"}]},{\"@type\":\"WebSite\",\"@id\":\"https:\/\/kwp.at\/veranstaltungen\/#website\",\"url\":\"https:\/\/kwp.at\/veranstaltungen\/\",\"name\":\"Veranstaltungen - H\u00e4user zum Leben und Pensionist*innenklubs\",\"description\":\"Unsere Angebote der H\u00e4user und Klubs\",\"potentialAction\":[{\"@type\":\"SearchAction\",\"target\":{\"@type\":\"EntryPoint\",\"urlTemplate\":\"https:\/\/kwp.at\/veranstaltungen\/?s={search_term_string}\"},\"query-input\":{\"@type\":\"PropertyValueSpecification\",\"valueRequired\":true,\"valueName\":\"search_term_string\"}}],\"inLanguage\":\"de\"}]}<\/script>\n<!-- \/ Yoast SEO plugin. -->","yoast_head_json":{"title":"80 Tage um die Klubs ,,Liechtenstein\u00b4\u00b4 - Veranstaltungen - H\u00e4user zum Leben und Pensionist*innenklubs","robots":{"index":"index","follow":"follow","max-snippet":"max-snippet:-1","max-image-preview":"max-image-preview:large","max-video-preview":"max-video-preview:-1"},"canonical":"https:\/\/kwp.at\/veranstaltungen\/product\/80-tage-um-die-klubs-liechtenstein\/","og_locale":"de_DE","og_type":"article","og_title":"80 Tage um die Klubs ,,Liechtenstein\u00b4\u00b4 - Veranstaltungen - H\u00e4user zum Leben und Pensionist*innenklubs","og_description":"80 Jahre feiern wir die Pensionist*innen Klubs und haben ein Jubil\u00e4umsjahr deswegen haben wir das 80 Tage um die Klubs ins Leben gerufen. Jeder Klub in ganz Wien hat ein Land sich ausgesucht das er pr\u00e4sentieren wird. Ob es ein Fest wird oder ein Quiz oder ein Festmahl das bleibt den Klubs \u00fcberlassen. Die Meidlinger Hauptstra\u00dfe hat sich f\u00fcr Liechtenstein entschieden und wir werden die Klubbesucher*innen was wir pr\u00e4sentieren werden.","og_url":"https:\/\/kwp.at\/veranstaltungen\/product\/80-tage-um-die-klubs-liechtenstein\/","og_site_name":"Veranstaltungen - H\u00e4user zum Leben und Pensionist*innenklubs","article_modified_time":"2026-03-18T12:01:19+00:00","twitter_card":"summary_large_image","schema":{"@context":"https:\/\/schema.org","@graph":[{"@type":"WebPage","@id":"https:\/\/kwp.at\/veranstaltungen\/product\/80-tage-um-die-klubs-liechtenstein\/","url":"https:\/\/kwp.at\/veranstaltungen\/product\/80-tage-um-die-klubs-liechtenstein\/","name":"80 Tage um die Klubs ,,Liechtenstein\u00b4\u00b4 - Veranstaltungen - H\u00e4user zum Leben und Pensionist*innenklubs","isPartOf":{"@id":"https:\/\/kwp.at\/veranstaltungen\/#website"},"datePublished":"2026-03-18T12:01:12+00:00","dateModified":"2026-03-18T12:01:19+00:00","breadcrumb":{"@id":"https:\/\/kwp.at\/veranstaltungen\/product\/80-tage-um-die-klubs-liechtenstein\/#breadcrumb"},"inLanguage":"de","potentialAction":[{"@type":"ReadAction","target":["https:\/\/kwp.at\/veranstaltungen\/product\/80-tage-um-die-klubs-liechtenstein\/"]}]},{"@type":"BreadcrumbList","@id":"https:\/\/kwp.at\/veranstaltungen\/product\/80-tage-um-die-klubs-liechtenstein\/#breadcrumb","itemListElement":[{"@type":"ListItem","position":1,"name":"Home","item":"https:\/\/kwp.at\/veranstaltungen\/"},{"@type":"ListItem","position":2,"name":"Shop","item":"https:\/\/kwp.at\/veranstaltungen\/"},{"@type":"ListItem","position":3,"name":"80 Tage um die Klubs ,,Liechtenstein\u00b4\u00b4"}]},{"@type":"WebSite","@id":"https:\/\/kwp.at\/veranstaltungen\/#website","url":"https:\/\/kwp.at\/veranstaltungen\/","name":"Veranstaltungen - H\u00e4user zum Leben und Pensionist*innenklubs","description":"Unsere Angebote der H\u00e4user und Klubs","potentialAction":[{"@type":"SearchAction","target":{"@type":"EntryPoint","urlTemplate":"https:\/\/kwp.at\/veranstaltungen\/?s={search_term_string}"},"query-input":{"@type":"PropertyValueSpecification","valueRequired":true,"valueName":"search_term_string"}}],"inLanguage":"de"}]}},"_links":{"self":[{"href":"https:\/\/kwp.at\/veranstaltungen\/wp-json\/wp\/v2\/product\/171853","targetHints":{"allow":["GET"]}}],"collection":[{"href":"https:\/\/kwp.at\/veranstaltungen\/wp-json\/wp\/v2\/product"}],"about":[{"href":"https:\/\/kwp.at\/veranstaltungen\/wp-json\/wp\/v2\/types\/product"}],"author":[{"embeddable":true,"href":"https:\/\/kwp.at\/veranstaltungen\/wp-json\/wp\/v2\/users\/208"}],"replies":[{"embeddable":true,"href":"https:\/\/kwp.at\/veranstaltungen\/wp-json\/wp\/v2\/comments?post=171853"}],"wp:attachment":[{"href":"https:\/\/kwp.at\/veranstaltungen\/wp-json\/wp\/v2\/media?parent=171853"}],"wp:term":[{"taxonomy":"product_brand","embeddable":true,"href":"https:\/\/kwp.at\/veranstaltungen\/wp-json\/wp\/v2\/product_brand?post=171853"},{"taxonomy":"product_cat","embeddable":true,"href":"https:\/\/kwp.at\/veranstaltungen\/wp-json\/wp\/v2\/product_cat?post=171853"},{"taxonomy":"product_tag","embeddable":true,"href":"https:\/\/kwp.at\/veranstaltungen\/wp-json\/wp\/v2\/product_tag?post=171853"}],"curies":[{"name":"wp","href":"https:\/\/api.w.org\/{rel}","templated":true}]}}