{"id":170228,"date":"2026-03-10T20:13:30","date_gmt":"2026-03-10T19:13:30","guid":{"rendered":"https:\/\/kwp.at\/veranstaltungen\/product\/sicher-unterwegs-mit-den-oeffis-vortrag-2\/"},"modified":"2026-03-10T20:20:00","modified_gmt":"2026-03-10T19:20:00","slug":"sicher-unterwegs-mit-den-oeffis-vortrag-2","status":"publish","type":"product","link":"https:\/\/kwp.at\/veranstaltungen\/product\/sicher-unterwegs-mit-den-oeffis-vortrag-2\/","title":{"rendered":"Vortrag \u201eEinsteigen bitte! Sicherheit unterwegs mit den \u00d6ffis\u201c"},"excerpt":{"rendered":"<p><img loading=\"lazy\" decoding=\"async\" class=\"alignleft wp-image-163839\" src=\"https:\/\/kwp.at\/veranstaltungen\/wp-content\/uploads\/sites\/3\/2026\/01\/logo_sicherinwien-1024x93.jpg\" alt=\"\" width=\"497\" height=\"45\" srcset=\"https:\/\/kwp.at\/veranstaltungen\/wp-content\/uploads\/sites\/3\/2026\/01\/logo_sicherinwien-1024x93.jpg 1024w, https:\/\/kwp.at\/veranstaltungen\/wp-content\/uploads\/sites\/3\/2026\/01\/logo_sicherinwien-300x27.jpg 300w, https:\/\/kwp.at\/veranstaltungen\/wp-content\/uploads\/sites\/3\/2026\/01\/logo_sicherinwien-768x69.jpg 768w, https:\/\/kwp.at\/veranstaltungen\/wp-content\/uploads\/sites\/3\/2026\/01\/logo_sicherinwien-317x29.jpg 317w, https:\/\/kwp.at\/veranstaltungen\/wp-content\/uploads\/sites\/3\/2026\/01\/logo_sicherinwien-648x59.jpg 648w, https:\/\/kwp.at\/veranstaltungen\/wp-content\/uploads\/sites\/3\/2026\/01\/logo_sicherinwien-600x54.jpg 600w, https:\/\/kwp.at\/veranstaltungen\/wp-content\/uploads\/sites\/3\/2026\/01\/logo_sicherinwien.jpg 1293w\" sizes=\"auto, (max-width: 497px) 100vw, 497px\" \/><\/p>\n<p>Die <strong>Wiener Gesundheitsf\u00f6rderung &#8211; WIG<\/strong> und das Pr\u00e4ventionsteam der <strong>Wiener Linien<\/strong> laden zum kostenlosen Vortrag <em>&#8222;Einsteigen bitte! Sicher unterwegs mit den \u00d6ffis&#8220;<\/em>. Die Teilnehmenden erhalten Informationen zum Thema Sicherheit rund um Bus, Stra\u00dfenbahn und U-Bahn &#8211; vom sicheren ein- und aussteigen, \u00fcber\u00a0 Notrufeinrichtungen bis zur Vermeidung von St\u00fcrzen. Dauer: Ca. 1 Stunde Vortrag &#8211; danach Diskussionsm\u00f6glichkeit.<\/p>\n","protected":false},"author":79,"comment_status":"closed","ping_status":"closed","template":"","meta":{"_acf_changed":false},"product_brand":[],"product_cat":[15],"product_tag":[],"class_list":{"0":"post-170228","1":"product","2":"type-product","3":"status-publish","5":"product_cat-uncategorized","7":"first","8":"instock","9":"taxable","10":"shipping-taxable","11":"purchasable","12":"product-type-event"},"acf":[],"yoast_head":"<!-- This site is optimized with the Yoast SEO plugin v27.4 - https:\/\/yoast.com\/product\/yoast-seo-wordpress\/ -->\n<title>Vortrag \u201eEinsteigen bitte! Sicherheit unterwegs mit den \u00d6ffis\u201c - Veranstaltungen - H\u00e4user zum Leben und Pensionist*innenklubs<\/title>\n<meta name=\"robots\" content=\"index, follow, max-snippet:-1, max-image-preview:large, max-video-preview:-1\" \/>\n<link rel=\"canonical\" href=\"https:\/\/kwp.at\/veranstaltungen\/product\/sicher-unterwegs-mit-den-oeffis-vortrag-2\/\" \/>\n<meta property=\"og:locale\" content=\"de_DE\" \/>\n<meta property=\"og:type\" content=\"article\" \/>\n<meta property=\"og:title\" content=\"Vortrag \u201eEinsteigen bitte! Sicherheit unterwegs mit den \u00d6ffis\u201c - Veranstaltungen - H\u00e4user zum Leben und Pensionist*innenklubs\" \/>\n<meta property=\"og:description\" content=\"Die Wiener Gesundheitsf\u00f6rderung - WIG und das Pr\u00e4ventionsteam der Wiener Linien laden zum kostenlosen Vortrag &quot;Einsteigen bitte! Sicher unterwegs mit den \u00d6ffis&quot;. Die Teilnehmenden erhalten Informationen zum Thema Sicherheit rund um Bus, Stra\u00dfenbahn und U-Bahn - vom sicheren ein- und aussteigen, \u00fcber\u00a0 Notrufeinrichtungen bis zur Vermeidung von St\u00fcrzen. Dauer: Ca. 1 Stunde Vortrag - danach Diskussionsm\u00f6glichkeit.\" \/>\n<meta property=\"og:url\" content=\"https:\/\/kwp.at\/veranstaltungen\/product\/sicher-unterwegs-mit-den-oeffis-vortrag-2\/\" \/>\n<meta property=\"og:site_name\" content=\"Veranstaltungen - H\u00e4user zum Leben und Pensionist*innenklubs\" \/>\n<meta property=\"article:modified_time\" content=\"2026-03-10T19:20:00+00:00\" \/>\n<meta property=\"og:image\" content=\"https:\/\/kwp.at\/veranstaltungen\/wp-content\/uploads\/sites\/3\/2026\/01\/logo_sicherinwien.jpg\" \/>\n\t<meta property=\"og:image:width\" content=\"1293\" \/>\n\t<meta property=\"og:image:height\" content=\"117\" \/>\n\t<meta property=\"og:image:type\" content=\"image\/jpeg\" \/>\n<meta name=\"twitter:card\" content=\"summary_large_image\" \/>\n<script type=\"application\/ld+json\" class=\"yoast-schema-graph\">{\"@context\":\"https:\\\/\\\/schema.org\",\"@graph\":[{\"@type\":\"WebPage\",\"@id\":\"https:\\\/\\\/kwp.at\\\/veranstaltungen\\\/product\\\/sicher-unterwegs-mit-den-oeffis-vortrag-2\\\/\",\"url\":\"https:\\\/\\\/kwp.at\\\/veranstaltungen\\\/product\\\/sicher-unterwegs-mit-den-oeffis-vortrag-2\\\/\",\"name\":\"Vortrag \u201eEinsteigen bitte! Sicherheit unterwegs mit den \u00d6ffis\u201c - Veranstaltungen - H\u00e4user zum Leben und Pensionist*innenklubs\",\"isPartOf\":{\"@id\":\"https:\\\/\\\/kwp.at\\\/veranstaltungen\\\/#website\"},\"primaryImageOfPage\":{\"@id\":\"https:\\\/\\\/kwp.at\\\/veranstaltungen\\\/product\\\/sicher-unterwegs-mit-den-oeffis-vortrag-2\\\/#primaryimage\"},\"image\":{\"@id\":\"https:\\\/\\\/kwp.at\\\/veranstaltungen\\\/product\\\/sicher-unterwegs-mit-den-oeffis-vortrag-2\\\/#primaryimage\"},\"thumbnailUrl\":\"https:\\\/\\\/kwp.at\\\/veranstaltungen\\\/wp-content\\\/uploads\\\/sites\\\/3\\\/2026\\\/01\\\/logo_sicherinwien-1024x93.jpg\",\"datePublished\":\"2026-03-10T19:13:30+00:00\",\"dateModified\":\"2026-03-10T19:20:00+00:00\",\"breadcrumb\":{\"@id\":\"https:\\\/\\\/kwp.at\\\/veranstaltungen\\\/product\\\/sicher-unterwegs-mit-den-oeffis-vortrag-2\\\/#breadcrumb\"},\"inLanguage\":\"de\",\"potentialAction\":[{\"@type\":\"ReadAction\",\"target\":[\"https:\\\/\\\/kwp.at\\\/veranstaltungen\\\/product\\\/sicher-unterwegs-mit-den-oeffis-vortrag-2\\\/\"]}]},{\"@type\":\"ImageObject\",\"inLanguage\":\"de\",\"@id\":\"https:\\\/\\\/kwp.at\\\/veranstaltungen\\\/product\\\/sicher-unterwegs-mit-den-oeffis-vortrag-2\\\/#primaryimage\",\"url\":\"https:\\\/\\\/kwp.at\\\/veranstaltungen\\\/wp-content\\\/uploads\\\/sites\\\/3\\\/2026\\\/01\\\/logo_sicherinwien.jpg\",\"contentUrl\":\"https:\\\/\\\/kwp.at\\\/veranstaltungen\\\/wp-content\\\/uploads\\\/sites\\\/3\\\/2026\\\/01\\\/logo_sicherinwien.jpg\",\"width\":1293,\"height\":117},{\"@type\":\"BreadcrumbList\",\"@id\":\"https:\\\/\\\/kwp.at\\\/veranstaltungen\\\/product\\\/sicher-unterwegs-mit-den-oeffis-vortrag-2\\\/#breadcrumb\",\"itemListElement\":[{\"@type\":\"ListItem\",\"position\":1,\"name\":\"Home\",\"item\":\"https:\\\/\\\/kwp.at\\\/veranstaltungen\\\/\"},{\"@type\":\"ListItem\",\"position\":2,\"name\":\"Shop\",\"item\":\"https:\\\/\\\/kwp.at\\\/veranstaltungen\\\/\"},{\"@type\":\"ListItem\",\"position\":3,\"name\":\"Vortrag \u201eEinsteigen bitte! Sicherheit unterwegs mit den \u00d6ffis\u201c\"}]},{\"@type\":\"WebSite\",\"@id\":\"https:\\\/\\\/kwp.at\\\/veranstaltungen\\\/#website\",\"url\":\"https:\\\/\\\/kwp.at\\\/veranstaltungen\\\/\",\"name\":\"Veranstaltungen - H\u00e4user zum Leben und Pensionist*innenklubs\",\"description\":\"Unsere Angebote der H\u00e4user und Klubs\",\"potentialAction\":[{\"@type\":\"SearchAction\",\"target\":{\"@type\":\"EntryPoint\",\"urlTemplate\":\"https:\\\/\\\/kwp.at\\\/veranstaltungen\\\/?s={search_term_string}\"},\"query-input\":{\"@type\":\"PropertyValueSpecification\",\"valueRequired\":true,\"valueName\":\"search_term_string\"}}],\"inLanguage\":\"de\"}]}<\/script>\n<!-- \/ Yoast SEO plugin. -->","yoast_head_json":{"title":"Vortrag \u201eEinsteigen bitte! Sicherheit unterwegs mit den \u00d6ffis\u201c - Veranstaltungen - H\u00e4user zum Leben und Pensionist*innenklubs","robots":{"index":"index","follow":"follow","max-snippet":"max-snippet:-1","max-image-preview":"max-image-preview:large","max-video-preview":"max-video-preview:-1"},"canonical":"https:\/\/kwp.at\/veranstaltungen\/product\/sicher-unterwegs-mit-den-oeffis-vortrag-2\/","og_locale":"de_DE","og_type":"article","og_title":"Vortrag \u201eEinsteigen bitte! Sicherheit unterwegs mit den \u00d6ffis\u201c - Veranstaltungen - H\u00e4user zum Leben und Pensionist*innenklubs","og_description":"Die Wiener Gesundheitsf\u00f6rderung - WIG und das Pr\u00e4ventionsteam der Wiener Linien laden zum kostenlosen Vortrag \"Einsteigen bitte! Sicher unterwegs mit den \u00d6ffis\". Die Teilnehmenden erhalten Informationen zum Thema Sicherheit rund um Bus, Stra\u00dfenbahn und U-Bahn - vom sicheren ein- und aussteigen, \u00fcber\u00a0 Notrufeinrichtungen bis zur Vermeidung von St\u00fcrzen. Dauer: Ca. 1 Stunde Vortrag - danach Diskussionsm\u00f6glichkeit.","og_url":"https:\/\/kwp.at\/veranstaltungen\/product\/sicher-unterwegs-mit-den-oeffis-vortrag-2\/","og_site_name":"Veranstaltungen - H\u00e4user zum Leben und Pensionist*innenklubs","article_modified_time":"2026-03-10T19:20:00+00:00","og_image":[{"width":1293,"height":117,"url":"https:\/\/kwp.at\/veranstaltungen\/wp-content\/uploads\/sites\/3\/2026\/01\/logo_sicherinwien.jpg","type":"image\/jpeg"}],"twitter_card":"summary_large_image","schema":{"@context":"https:\/\/schema.org","@graph":[{"@type":"WebPage","@id":"https:\/\/kwp.at\/veranstaltungen\/product\/sicher-unterwegs-mit-den-oeffis-vortrag-2\/","url":"https:\/\/kwp.at\/veranstaltungen\/product\/sicher-unterwegs-mit-den-oeffis-vortrag-2\/","name":"Vortrag \u201eEinsteigen bitte! Sicherheit unterwegs mit den \u00d6ffis\u201c - Veranstaltungen - H\u00e4user zum Leben und Pensionist*innenklubs","isPartOf":{"@id":"https:\/\/kwp.at\/veranstaltungen\/#website"},"primaryImageOfPage":{"@id":"https:\/\/kwp.at\/veranstaltungen\/product\/sicher-unterwegs-mit-den-oeffis-vortrag-2\/#primaryimage"},"image":{"@id":"https:\/\/kwp.at\/veranstaltungen\/product\/sicher-unterwegs-mit-den-oeffis-vortrag-2\/#primaryimage"},"thumbnailUrl":"https:\/\/kwp.at\/veranstaltungen\/wp-content\/uploads\/sites\/3\/2026\/01\/logo_sicherinwien-1024x93.jpg","datePublished":"2026-03-10T19:13:30+00:00","dateModified":"2026-03-10T19:20:00+00:00","breadcrumb":{"@id":"https:\/\/kwp.at\/veranstaltungen\/product\/sicher-unterwegs-mit-den-oeffis-vortrag-2\/#breadcrumb"},"inLanguage":"de","potentialAction":[{"@type":"ReadAction","target":["https:\/\/kwp.at\/veranstaltungen\/product\/sicher-unterwegs-mit-den-oeffis-vortrag-2\/"]}]},{"@type":"ImageObject","inLanguage":"de","@id":"https:\/\/kwp.at\/veranstaltungen\/product\/sicher-unterwegs-mit-den-oeffis-vortrag-2\/#primaryimage","url":"https:\/\/kwp.at\/veranstaltungen\/wp-content\/uploads\/sites\/3\/2026\/01\/logo_sicherinwien.jpg","contentUrl":"https:\/\/kwp.at\/veranstaltungen\/wp-content\/uploads\/sites\/3\/2026\/01\/logo_sicherinwien.jpg","width":1293,"height":117},{"@type":"BreadcrumbList","@id":"https:\/\/kwp.at\/veranstaltungen\/product\/sicher-unterwegs-mit-den-oeffis-vortrag-2\/#breadcrumb","itemListElement":[{"@type":"ListItem","position":1,"name":"Home","item":"https:\/\/kwp.at\/veranstaltungen\/"},{"@type":"ListItem","position":2,"name":"Shop","item":"https:\/\/kwp.at\/veranstaltungen\/"},{"@type":"ListItem","position":3,"name":"Vortrag \u201eEinsteigen bitte! Sicherheit unterwegs mit den \u00d6ffis\u201c"}]},{"@type":"WebSite","@id":"https:\/\/kwp.at\/veranstaltungen\/#website","url":"https:\/\/kwp.at\/veranstaltungen\/","name":"Veranstaltungen - H\u00e4user zum Leben und Pensionist*innenklubs","description":"Unsere Angebote der H\u00e4user und Klubs","potentialAction":[{"@type":"SearchAction","target":{"@type":"EntryPoint","urlTemplate":"https:\/\/kwp.at\/veranstaltungen\/?s={search_term_string}"},"query-input":{"@type":"PropertyValueSpecification","valueRequired":true,"valueName":"search_term_string"}}],"inLanguage":"de"}]}},"_links":{"self":[{"href":"https:\/\/kwp.at\/veranstaltungen\/wp-json\/wp\/v2\/product\/170228","targetHints":{"allow":["GET"]}}],"collection":[{"href":"https:\/\/kwp.at\/veranstaltungen\/wp-json\/wp\/v2\/product"}],"about":[{"href":"https:\/\/kwp.at\/veranstaltungen\/wp-json\/wp\/v2\/types\/product"}],"author":[{"embeddable":true,"href":"https:\/\/kwp.at\/veranstaltungen\/wp-json\/wp\/v2\/users\/79"}],"replies":[{"embeddable":true,"href":"https:\/\/kwp.at\/veranstaltungen\/wp-json\/wp\/v2\/comments?post=170228"}],"wp:attachment":[{"href":"https:\/\/kwp.at\/veranstaltungen\/wp-json\/wp\/v2\/media?parent=170228"}],"wp:term":[{"taxonomy":"product_brand","embeddable":true,"href":"https:\/\/kwp.at\/veranstaltungen\/wp-json\/wp\/v2\/product_brand?post=170228"},{"taxonomy":"product_cat","embeddable":true,"href":"https:\/\/kwp.at\/veranstaltungen\/wp-json\/wp\/v2\/product_cat?post=170228"},{"taxonomy":"product_tag","embeddable":true,"href":"https:\/\/kwp.at\/veranstaltungen\/wp-json\/wp\/v2\/product_tag?post=170228"}],"curies":[{"name":"wp","href":"https:\/\/api.w.org\/{rel}","templated":true}]}}