{"id":9819,"date":"2022-06-29T11:18:59","date_gmt":"2022-06-29T09:18:59","guid":{"rendered":"https:\/\/kwp.at\/pensionistenklubs\/?page_id=9819"},"modified":"2026-04-21T12:43:10","modified_gmt":"2026-04-21T10:43:10","slug":"trara-seniorinnenzeitung","status":"publish","type":"page","link":"https:\/\/kwp.at\/pensionistenklubs\/programm\/trara-seniorinnenzeitung\/","title":{"rendered":"TRARA Senior*innenzeitung"},"content":{"rendered":"\n<p><strong>TRARA ist die Senior*innenzeitung der Pensionist*innenklubs f\u00fcr die Stadt Wien. Hier schreiben Senior*innen f\u00fcr interessierte Leser*innen aller Generationen.<\/strong><\/p>\n\n\n\n<h2 class=\"wp-block-heading\">WortReich<\/h2>\n\n\n\n<p>Im Pensionist*innenklub&nbsp;<a href=\"https:\/\/kwp.at\/pensionistenklubs\/clubs\/gymnasiumstrase-38\/\">Gymnasiumstra\u00dfe<\/a>&nbsp;treffen einander Literatur-begeisterte Senior*innen zum regelm\u00e4\u00dfigen Austausch.<\/p>\n\n\n\n<p>Hier finden auch die&nbsp;<strong>Redaktionssitzungen zur neuen Senior*innenzeitung TRARA&nbsp;<\/strong>statt, bei denen interessierten Senior*innen ihre Ideen und Texte einbringen und diskutieren.<\/p>\n\n\n\n<p>Die im Team ausgew\u00e4hlten Beitr\u00e4ge schaffen es schlie\u00dflich unter dem Motto \u201e<strong>Achtundzwanzig Seiten Optimismus<\/strong>\u201c in die Printausgabe.<\/p>\n\n\n\n<div style=\"background-color: #107da8\" class=\"wp-block-kwp-blocks-infobox\"><h3>Jetzt mitmachen!<\/h3><p>\n<p>Unser WortReich ist stets auf der Suche nach neuen Autor*innen und Redakteur*innen. Sind auch Sie interessiert oder schreiben gar eigene Texte? Dann machen Sie mit!<\/p>\n\n\n\n<a target=\"_blank\" href=\"https:\/\/kwp.at\/pensionistenklubs\/clubs\/gymnasiumstrase-38\/\" rel=\"noopener noreferrer\" class=\"wp-block-kwp-blocks-button-block\">Kontakt zum Klub<\/a>\n<\/p><\/div>\n\n\n\n<h2 class=\"wp-block-heading\">TRARA nachlesen<\/h2>\n\n\n\n<p>Die neueste Ausgabe der Senior*innenzeitung TRARA wird&nbsp;<strong>allen Klubmitgliedern pers\u00f6nlich zugeschickt<\/strong>&nbsp;und liegt auch in unseren&nbsp;<a href=\"https:\/\/kwp.at\/pensionistenklubs\/clubs\/\">Klubstandorten<\/a>&nbsp;zur freien Entnahme auf.<\/p>\n\n\n\n<div style=\"background-color: #D129A1\" class=\"wp-block-kwp-blocks-infobox\"><h3><\/h3><p>\n<p>Zudem finden Sie die&nbsp;<strong>alle TRARA Ausgaben hier auf unserer Website<\/strong> zum Nachlesen&nbsp;und k\u00f6nnen diese als PDF-Datei im Downloadbereich herunterladen.<\/p>\n\n\n\n<a target=\"_blank\" href=\"https:\/\/kwp.at\/pensionistenklubs\/wp-content\/uploads\/sites\/2\/2022\/06\/Trara_Zeitung_WEB.pdf\" rel=\"noopener noreferrer\" class=\"wp-block-kwp-blocks-button-block\">TRARA Erstausgabe 2022 lesen<\/a>\n\n\n\n<a target=\"_blank\" href=\"https:\/\/kwp.at\/pensionistenklubs\/wp-content\/uploads\/sites\/2\/2022\/12\/Trara_Zeitung_DEZ_2022_WEB.pdf\" rel=\"noopener noreferrer\" class=\"wp-block-kwp-blocks-button-block\">TRARA Weihnachtsausgabe 2022 lesen<\/a>\n\n\n\n<a target=\"_blank\" href=\"https:\/\/kwp.at\/pensionistenklubs\/wp-content\/uploads\/sites\/2\/2023\/11\/Trara_Zeitung_Fruehling_2023_Web.pdf\" rel=\"noopener noreferrer\" class=\"wp-block-kwp-blocks-button-block\">TRARA Fr\u00fchlingsausgabe 2023 lesen<\/a>\n\n\n\n<a target=\"_blank\" href=\"https:\/\/kwp.at\/pensionistenklubs\/wp-content\/uploads\/sites\/2\/2023\/11\/462_Trara_Zeitung_Herbst_2023_WEB.pdf\" rel=\"noopener noreferrer\" class=\"wp-block-kwp-blocks-button-block\">TRARA Herbstausgabe 2023 lesen<\/a>\n\n\n\n<a target=\"_blank\" href=\"https:\/\/kwp.at\/pensionistenklubs\/wp-content\/uploads\/sites\/2\/2024\/06\/739_Trara_Zeitung_Sommer-2024_WEB.pdf\" rel=\"noopener noreferrer\" class=\"wp-block-kwp-blocks-button-block\">TRARA Sommerausgabe 2024 lesen<\/a>\n\n\n\n<a target=\"_blank\" href=\"https:\/\/kwp.at\/pensionistenklubs\/wp-content\/uploads\/sites\/2\/2025\/02\/TRARA-Sonderausgabe-Literatur-Contest.pdf\" rel=\"noopener noreferrer\" class=\"wp-block-kwp-blocks-button-block\">TRARA Sonderausgabe Literatur-Contest 2024\/25<\/a>\n\n\n\n<a target=\"_blank\" href=\"https:\/\/kwp.at\/pensionistenklubs\/wp-content\/uploads\/sites\/2\/2026\/04\/Literatur-Contest-2026-Sonder-TRARA.pdf\" rel=\"noopener noreferrer\" class=\"wp-block-kwp-blocks-button-block\">TRARA Sonderausgabe Literatur-Contest 2026<\/a>\n<\/p><\/div>\n\n\n\n<p><\/p>\n","protected":false},"excerpt":{"rendered":"<p>TRARA ist die Senior*innenzeitung der Pensionist*innenklubs f\u00fcr die Stadt Wien. Hier schreiben Senior*innen f\u00fcr interessierte Leser*innen aller Generationen. WortReich Im Pensionist*innenklub&nbsp;Gymnasiumstra\u00dfe&nbsp;treffen einander Literatur-begeisterte Senior*innen zum<\/p>\n","protected":false},"author":78,"featured_media":9668,"parent":29,"menu_order":10,"comment_status":"closed","ping_status":"closed","template":"","meta":{"_acf_changed":false,"footnotes":""},"class_list":["post-9819","page","type-page","status-publish","has-post-thumbnail","hentry"],"acf":[],"yoast_head":"<!-- This site is optimized with the Yoast SEO plugin v27.4 - https:\/\/yoast.com\/product\/yoast-seo-wordpress\/ -->\n<title>TRARA Senior*innenzeitung - Pensionist*innenklubs<\/title>\n<meta name=\"description\" content=\"TRARA ist die neue Zeitung der PensionistInnenklubs f\u00fcr die Stadt Wien. Hier schreiben Seniorinnen und Senioren f\u00fcr alle Generationen.\" \/>\n<meta name=\"robots\" content=\"index, follow, max-snippet:-1, max-image-preview:large, max-video-preview:-1\" \/>\n<link rel=\"canonical\" href=\"https:\/\/kwp.at\/pensionistenklubs\/programm\/trara-seniorinnenzeitung\/\" \/>\n<meta property=\"og:locale\" content=\"de_DE\" \/>\n<meta property=\"og:type\" content=\"article\" \/>\n<meta property=\"og:title\" content=\"TRARA! SeniorInnenzeitung\" \/>\n<meta property=\"og:description\" content=\"TRARA! ist die neue Zeitung der PensionistInnenklubs f\u00fcr die Stadt Wien. Hier schreiben SeniorInnen f\u00fcr LeserInnen aller Generationen. Jetzt lesen!\" \/>\n<meta property=\"og:url\" content=\"https:\/\/kwp.at\/pensionistenklubs\/programm\/trara-seniorinnenzeitung\/\" \/>\n<meta property=\"og:site_name\" content=\"Pensionist*innenklubs\" \/>\n<meta property=\"article:modified_time\" content=\"2026-04-21T10:43:10+00:00\" \/>\n<meta property=\"og:image\" content=\"https:\/\/kwp.at\/pensionistenklubs\/wp-content\/uploads\/sites\/2\/2022\/05\/Covershooting-TRARA_April22-4865-scaled-e1653644275465.jpg\" \/>\n\t<meta property=\"og:image:width\" content=\"1708\" \/>\n\t<meta property=\"og:image:height\" content=\"1312\" \/>\n\t<meta property=\"og:image:type\" content=\"image\/jpeg\" \/>\n<meta name=\"twitter:card\" content=\"summary_large_image\" \/>\n<meta name=\"twitter:label1\" content=\"Gesch\u00e4tzte Lesezeit\" \/>\n\t<meta name=\"twitter:data1\" content=\"2\u00a0Minuten\" \/>\n<script type=\"application\/ld+json\" class=\"yoast-schema-graph\">{\"@context\":\"https:\\\/\\\/schema.org\",\"@graph\":[{\"@type\":\"WebPage\",\"@id\":\"https:\\\/\\\/kwp.at\\\/pensionistenklubs\\\/programm\\\/trara-seniorinnenzeitung\\\/\",\"url\":\"https:\\\/\\\/kwp.at\\\/pensionistenklubs\\\/programm\\\/trara-seniorinnenzeitung\\\/\",\"name\":\"TRARA Senior*innenzeitung - Pensionist*innenklubs\",\"isPartOf\":{\"@id\":\"https:\\\/\\\/kwp.at\\\/pensionistenklubs\\\/#website\"},\"primaryImageOfPage\":{\"@id\":\"https:\\\/\\\/kwp.at\\\/pensionistenklubs\\\/programm\\\/trara-seniorinnenzeitung\\\/#primaryimage\"},\"image\":{\"@id\":\"https:\\\/\\\/kwp.at\\\/pensionistenklubs\\\/programm\\\/trara-seniorinnenzeitung\\\/#primaryimage\"},\"thumbnailUrl\":\"https:\\\/\\\/kwp.at\\\/pensionistenklubs\\\/wp-content\\\/uploads\\\/sites\\\/2\\\/2022\\\/05\\\/Covershooting-TRARA_April22-4865-scaled-e1653644275465.jpg\",\"datePublished\":\"2022-06-29T09:18:59+00:00\",\"dateModified\":\"2026-04-21T10:43:10+00:00\",\"description\":\"TRARA ist die neue Zeitung der PensionistInnenklubs f\u00fcr die Stadt Wien. Hier schreiben Seniorinnen und Senioren f\u00fcr alle Generationen.\",\"breadcrumb\":{\"@id\":\"https:\\\/\\\/kwp.at\\\/pensionistenklubs\\\/programm\\\/trara-seniorinnenzeitung\\\/#breadcrumb\"},\"inLanguage\":\"de\",\"potentialAction\":[{\"@type\":\"ReadAction\",\"target\":[\"https:\\\/\\\/kwp.at\\\/pensionistenklubs\\\/programm\\\/trara-seniorinnenzeitung\\\/\"]}]},{\"@type\":\"ImageObject\",\"inLanguage\":\"de\",\"@id\":\"https:\\\/\\\/kwp.at\\\/pensionistenklubs\\\/programm\\\/trara-seniorinnenzeitung\\\/#primaryimage\",\"url\":\"https:\\\/\\\/kwp.at\\\/pensionistenklubs\\\/wp-content\\\/uploads\\\/sites\\\/2\\\/2022\\\/05\\\/Covershooting-TRARA_April22-4865-scaled-e1653644275465.jpg\",\"contentUrl\":\"https:\\\/\\\/kwp.at\\\/pensionistenklubs\\\/wp-content\\\/uploads\\\/sites\\\/2\\\/2022\\\/05\\\/Covershooting-TRARA_April22-4865-scaled-e1653644275465.jpg\",\"width\":1708,\"height\":1312,\"caption\":\"Zwei wei\u00dfhaarige Damen l\u00e4cheln in die Kamera, eine schaut keck \u00fcber den Rand ihrer Sonnenbrille\"},{\"@type\":\"BreadcrumbList\",\"@id\":\"https:\\\/\\\/kwp.at\\\/pensionistenklubs\\\/programm\\\/trara-seniorinnenzeitung\\\/#breadcrumb\",\"itemListElement\":[{\"@type\":\"ListItem\",\"position\":1,\"name\":\"Angebote\",\"item\":\"https:\\\/\\\/kwp.at\\\/pensionistenklubs\\\/programm\\\/\"},{\"@type\":\"ListItem\",\"position\":2,\"name\":\"TRARA Senior*innenzeitung\"}]},{\"@type\":\"WebSite\",\"@id\":\"https:\\\/\\\/kwp.at\\\/pensionistenklubs\\\/#website\",\"url\":\"https:\\\/\\\/kwp.at\\\/pensionistenklubs\\\/\",\"name\":\"Pensionist*innenklubs\",\"description\":\"F\u00fcr die Stadt Wien\",\"publisher\":{\"@id\":\"https:\\\/\\\/kwp.at\\\/pensionistenklubs\\\/#organization\"},\"potentialAction\":[{\"@type\":\"SearchAction\",\"target\":{\"@type\":\"EntryPoint\",\"urlTemplate\":\"https:\\\/\\\/kwp.at\\\/pensionistenklubs\\\/?s={search_term_string}\"},\"query-input\":{\"@type\":\"PropertyValueSpecification\",\"valueRequired\":true,\"valueName\":\"search_term_string\"}}],\"inLanguage\":\"de\"},{\"@type\":\"Organization\",\"@id\":\"https:\\\/\\\/kwp.at\\\/pensionistenklubs\\\/#organization\",\"name\":\"PensionistInnenklubs f\u00fcr die Stadt Wien\",\"url\":\"https:\\\/\\\/kwp.at\\\/pensionistenklubs\\\/\",\"logo\":{\"@type\":\"ImageObject\",\"inLanguage\":\"de\",\"@id\":\"https:\\\/\\\/kwp.at\\\/pensionistenklubs\\\/#\\\/schema\\\/logo\\\/image\\\/\",\"url\":\"https:\\\/\\\/kwp.at\\\/pensionistenklubs\\\/wp-content\\\/uploads\\\/sites\\\/2\\\/2022\\\/08\\\/Logo-Pensionistenklubs-scaled-1.jpeg\",\"contentUrl\":\"https:\\\/\\\/kwp.at\\\/pensionistenklubs\\\/wp-content\\\/uploads\\\/sites\\\/2\\\/2022\\\/08\\\/Logo-Pensionistenklubs-scaled-1.jpeg\",\"width\":2560,\"height\":610,\"caption\":\"PensionistInnenklubs f\u00fcr die Stadt Wien\"},\"image\":{\"@id\":\"https:\\\/\\\/kwp.at\\\/pensionistenklubs\\\/#\\\/schema\\\/logo\\\/image\\\/\"}}]}<\/script>\n<!-- \/ Yoast SEO plugin. -->","yoast_head_json":{"title":"TRARA Senior*innenzeitung - Pensionist*innenklubs","description":"TRARA ist die neue Zeitung der PensionistInnenklubs f\u00fcr die Stadt Wien. Hier schreiben Seniorinnen und Senioren f\u00fcr alle Generationen.","robots":{"index":"index","follow":"follow","max-snippet":"max-snippet:-1","max-image-preview":"max-image-preview:large","max-video-preview":"max-video-preview:-1"},"canonical":"https:\/\/kwp.at\/pensionistenklubs\/programm\/trara-seniorinnenzeitung\/","og_locale":"de_DE","og_type":"article","og_title":"TRARA! SeniorInnenzeitung","og_description":"TRARA! ist die neue Zeitung der PensionistInnenklubs f\u00fcr die Stadt Wien. Hier schreiben SeniorInnen f\u00fcr LeserInnen aller Generationen. Jetzt lesen!","og_url":"https:\/\/kwp.at\/pensionistenklubs\/programm\/trara-seniorinnenzeitung\/","og_site_name":"Pensionist*innenklubs","article_modified_time":"2026-04-21T10:43:10+00:00","og_image":[{"width":1708,"height":1312,"url":"https:\/\/kwp.at\/pensionistenklubs\/wp-content\/uploads\/sites\/2\/2022\/05\/Covershooting-TRARA_April22-4865-scaled-e1653644275465.jpg","type":"image\/jpeg"}],"twitter_card":"summary_large_image","twitter_misc":{"Gesch\u00e4tzte Lesezeit":"2\u00a0Minuten"},"schema":{"@context":"https:\/\/schema.org","@graph":[{"@type":"WebPage","@id":"https:\/\/kwp.at\/pensionistenklubs\/programm\/trara-seniorinnenzeitung\/","url":"https:\/\/kwp.at\/pensionistenklubs\/programm\/trara-seniorinnenzeitung\/","name":"TRARA Senior*innenzeitung - Pensionist*innenklubs","isPartOf":{"@id":"https:\/\/kwp.at\/pensionistenklubs\/#website"},"primaryImageOfPage":{"@id":"https:\/\/kwp.at\/pensionistenklubs\/programm\/trara-seniorinnenzeitung\/#primaryimage"},"image":{"@id":"https:\/\/kwp.at\/pensionistenklubs\/programm\/trara-seniorinnenzeitung\/#primaryimage"},"thumbnailUrl":"https:\/\/kwp.at\/pensionistenklubs\/wp-content\/uploads\/sites\/2\/2022\/05\/Covershooting-TRARA_April22-4865-scaled-e1653644275465.jpg","datePublished":"2022-06-29T09:18:59+00:00","dateModified":"2026-04-21T10:43:10+00:00","description":"TRARA ist die neue Zeitung der PensionistInnenklubs f\u00fcr die Stadt Wien. Hier schreiben Seniorinnen und Senioren f\u00fcr alle Generationen.","breadcrumb":{"@id":"https:\/\/kwp.at\/pensionistenklubs\/programm\/trara-seniorinnenzeitung\/#breadcrumb"},"inLanguage":"de","potentialAction":[{"@type":"ReadAction","target":["https:\/\/kwp.at\/pensionistenklubs\/programm\/trara-seniorinnenzeitung\/"]}]},{"@type":"ImageObject","inLanguage":"de","@id":"https:\/\/kwp.at\/pensionistenklubs\/programm\/trara-seniorinnenzeitung\/#primaryimage","url":"https:\/\/kwp.at\/pensionistenklubs\/wp-content\/uploads\/sites\/2\/2022\/05\/Covershooting-TRARA_April22-4865-scaled-e1653644275465.jpg","contentUrl":"https:\/\/kwp.at\/pensionistenklubs\/wp-content\/uploads\/sites\/2\/2022\/05\/Covershooting-TRARA_April22-4865-scaled-e1653644275465.jpg","width":1708,"height":1312,"caption":"Zwei wei\u00dfhaarige Damen l\u00e4cheln in die Kamera, eine schaut keck \u00fcber den Rand ihrer Sonnenbrille"},{"@type":"BreadcrumbList","@id":"https:\/\/kwp.at\/pensionistenklubs\/programm\/trara-seniorinnenzeitung\/#breadcrumb","itemListElement":[{"@type":"ListItem","position":1,"name":"Angebote","item":"https:\/\/kwp.at\/pensionistenklubs\/programm\/"},{"@type":"ListItem","position":2,"name":"TRARA Senior*innenzeitung"}]},{"@type":"WebSite","@id":"https:\/\/kwp.at\/pensionistenklubs\/#website","url":"https:\/\/kwp.at\/pensionistenklubs\/","name":"Pensionist*innenklubs","description":"F\u00fcr die Stadt Wien","publisher":{"@id":"https:\/\/kwp.at\/pensionistenklubs\/#organization"},"potentialAction":[{"@type":"SearchAction","target":{"@type":"EntryPoint","urlTemplate":"https:\/\/kwp.at\/pensionistenklubs\/?s={search_term_string}"},"query-input":{"@type":"PropertyValueSpecification","valueRequired":true,"valueName":"search_term_string"}}],"inLanguage":"de"},{"@type":"Organization","@id":"https:\/\/kwp.at\/pensionistenklubs\/#organization","name":"PensionistInnenklubs f\u00fcr die Stadt Wien","url":"https:\/\/kwp.at\/pensionistenklubs\/","logo":{"@type":"ImageObject","inLanguage":"de","@id":"https:\/\/kwp.at\/pensionistenklubs\/#\/schema\/logo\/image\/","url":"https:\/\/kwp.at\/pensionistenklubs\/wp-content\/uploads\/sites\/2\/2022\/08\/Logo-Pensionistenklubs-scaled-1.jpeg","contentUrl":"https:\/\/kwp.at\/pensionistenklubs\/wp-content\/uploads\/sites\/2\/2022\/08\/Logo-Pensionistenklubs-scaled-1.jpeg","width":2560,"height":610,"caption":"PensionistInnenklubs f\u00fcr die Stadt Wien"},"image":{"@id":"https:\/\/kwp.at\/pensionistenklubs\/#\/schema\/logo\/image\/"}}]}},"_links":{"self":[{"href":"https:\/\/kwp.at\/pensionistenklubs\/wp-json\/wp\/v2\/pages\/9819","targetHints":{"allow":["GET"]}}],"collection":[{"href":"https:\/\/kwp.at\/pensionistenklubs\/wp-json\/wp\/v2\/pages"}],"about":[{"href":"https:\/\/kwp.at\/pensionistenklubs\/wp-json\/wp\/v2\/types\/page"}],"author":[{"embeddable":true,"href":"https:\/\/kwp.at\/pensionistenklubs\/wp-json\/wp\/v2\/users\/78"}],"replies":[{"embeddable":true,"href":"https:\/\/kwp.at\/pensionistenklubs\/wp-json\/wp\/v2\/comments?post=9819"}],"version-history":[{"count":38,"href":"https:\/\/kwp.at\/pensionistenklubs\/wp-json\/wp\/v2\/pages\/9819\/revisions"}],"predecessor-version":[{"id":21279,"href":"https:\/\/kwp.at\/pensionistenklubs\/wp-json\/wp\/v2\/pages\/9819\/revisions\/21279"}],"up":[{"embeddable":true,"href":"https:\/\/kwp.at\/pensionistenklubs\/wp-json\/wp\/v2\/pages\/29"}],"wp:featuredmedia":[{"embeddable":true,"href":"https:\/\/kwp.at\/pensionistenklubs\/wp-json\/wp\/v2\/media\/9668"}],"wp:attachment":[{"href":"https:\/\/kwp.at\/pensionistenklubs\/wp-json\/wp\/v2\/media?parent=9819"}],"curies":[{"name":"wp","href":"https:\/\/api.w.org\/{rel}","templated":true}]}}