{"id":9256,"date":"2022-04-27T11:26:20","date_gmt":"2022-04-27T09:26:20","guid":{"rendered":"https:\/\/kwp.at\/pensionistenklubs\/?page_id=9256"},"modified":"2025-09-29T13:30:08","modified_gmt":"2025-09-29T11:30:08","slug":"klub-kreatives-handwerk","status":"publish","type":"page","link":"https:\/\/kwp.at\/pensionistenklubs\/klubs\/unsere-klubs\/klub-kreatives-handwerk\/","title":{"rendered":"Klub+ kreatives Handwerk"},"content":{"rendered":"\n<p><strong>Der <em>Klub<\/em>+ kreatives Handwerk bietet ein abwechslungsreiches Programm f\u00fcr all jene, die gerne k\u00fcnstlerisch und handwerklich t\u00e4tig sind. Hier wird mit einer Vielfalt an Materialien gearbeitet und gebastelt. <\/strong><\/p>\n\n\n\n<div style=\"background-color: #DA3910\" class=\"wp-block-kwp-blocks-infobox\"><h3>Klub+ kreatives Handwerk<br>Klosterneuburger Stra\u00dfe 118\/119, 1200 Wien<\/h3><p>\n<p><strong>Kontakt:<\/strong> <a href=\"tel:01 333 44 60\">01\/ 333 44 60<\/a>, <a href=\"mailto:PK.klosterneuburgerstrasse@kwp.at\">PK.klosterneuburgerstrasse@kwp.at<\/a><\/p>\n\n\n\n<p><strong>\u00d6ffnungszeiten: <\/strong>Montag bis Freitag, 12:00 bis 17:00 Uhr<\/p>\n\n\n\n<a target=\"_blank\" href=\"https:\/\/kwp.at\/pensionistenklubs\/clubs\/klosterneuburger-strase-118-19\/\" rel=\"noopener noreferrer\" class=\"wp-block-kwp-blocks-button-block\">Details zum Klub+ kreatives Handwerk<\/a>\n\n\n\n<a target=\"_blank\" href=\"https:\/\/kwp.at\/veranstaltungen\/?filter=club&amp;club_style=1&amp;event_search=&amp;start_date=&amp;end_date=&amp;club%5B%5D=640\" rel=\"noopener noreferrer\" class=\"wp-block-kwp-blocks-button-block\">Angebote des Klub+ kreatives Handwerk<\/a>\n<\/p><\/div>\n\n\n\n<h2 class=\"wp-block-heading\">Fingerfertig<\/h2>\n\n\n\n<p>Der <em>Klub<\/em>+ kreatives Handwerk in der Klosterneuburger Stra\u00dfe ist ein Ort um die Kreativit\u00e4t flie\u00dfen zu lassen und Unikate mit den eigenen H\u00e4nden zu schaffen.<\/p>\n\n\n\n<p>Pers\u00f6nliche Geschenke, individuelle Dekorations-Gegenst\u00e4nde und Wohn-Accessoires entstehen hier im Herzen des 20. Bezirks. Materialien-Vielfalt lautet das Credo und Nachhaltigkeit wird beim Werken im Sinne des sogenannten &#8222;Upcyclings&#8220; gro\u00dfgeschrieben. Das schont nicht nur die Umwelt, sondern auch das Geldb\u00f6rserl. L\u00e4ngst geleerte Glasflaschen, Materialien aus der Natur oder der Inhalt der Krimskramslade werden hier zu wahren Kunstwerken verarbeitet. <\/p>\n\n\n\n<p>Klubbetreuerin und Bastelprofi Britta und ihr Klubteam stehen mit ihrem Knowhow tatkr\u00e4ftig zur Seite und begleiten die Bastler*innen auf ihrem ganz pers\u00f6nlichen Schaffensweg. <\/p>\n\n\n\n<p>Entsteht da in Ihrer Phantasie schon das erste Kunstwerk? <\/p>\n\n\n\n<h5 class=\"wp-block-heading\">Dann besuchen Sie uns! <\/h5>\n","protected":false},"excerpt":{"rendered":"<p>Der Klub+ kreatives Handwerk bietet ein abwechslungsreiches Programm f\u00fcr all jene, die gerne k\u00fcnstlerisch und handwerklich t\u00e4tig sind. Hier wird mit einer Vielfalt an Materialien<\/p>\n","protected":false},"author":78,"featured_media":14561,"parent":27,"menu_order":10,"comment_status":"closed","ping_status":"closed","template":"","meta":{"_acf_changed":false,"footnotes":""},"class_list":["post-9256","page","type-page","status-publish","has-post-thumbnail","hentry"],"acf":[],"yoast_head":"<!-- This site is optimized with the Yoast SEO plugin v27.4 - https:\/\/yoast.com\/product\/yoast-seo-wordpress\/ -->\n<title>Klub+ kreatives Handwerk - Pensionist*innenklubs<\/title>\n<meta name=\"description\" content=\"Hier dreht sich alles um Kreativit\u00e4t, Kunst und Handwerk. Basteln und Handarbeiten f\u00fcr Senioren und Seniorinnen steht hier am Klubprogramm.\" \/>\n<meta name=\"robots\" content=\"index, follow, max-snippet:-1, max-image-preview:large, max-video-preview:-1\" \/>\n<link rel=\"canonical\" href=\"https:\/\/kwp.at\/pensionistenklubs\/klubs\/unsere-klubs\/klub-kreatives-handwerk\/\" \/>\n<meta property=\"og:locale\" content=\"de_DE\" \/>\n<meta property=\"og:type\" content=\"article\" \/>\n<meta property=\"og:title\" content=\"Klub+ kreatives Handwerk\" \/>\n<meta property=\"og:description\" content=\"Hier dreht sich alles um Kreativit\u00e4t, Kunst und Handwerk. Basteln und Handarbeiten f\u00fcr Senioren und Seniorinnen steht hier am Klubprogramm.\" \/>\n<meta property=\"og:url\" content=\"https:\/\/kwp.at\/pensionistenklubs\/klubs\/unsere-klubs\/klub-kreatives-handwerk\/\" \/>\n<meta property=\"og:site_name\" content=\"Pensionist*innenklubs\" \/>\n<meta property=\"article:modified_time\" content=\"2025-09-29T11:30:08+00:00\" \/>\n<meta property=\"og:image\" content=\"https:\/\/kwp.at\/pensionistenklubs\/wp-content\/uploads\/sites\/2\/2022\/02\/Kampagne_PK_NEU-4910-scaled-e1645092709677.jpg\" \/>\n\t<meta property=\"og:image:width\" content=\"1708\" \/>\n\t<meta property=\"og:image:height\" content=\"1062\" \/>\n\t<meta property=\"og:image:type\" content=\"image\/jpeg\" \/>\n<meta name=\"twitter:card\" content=\"summary_large_image\" \/>\n<meta name=\"twitter:label1\" content=\"Gesch\u00e4tzte Lesezeit\" \/>\n\t<meta name=\"twitter:data1\" content=\"2\u00a0Minuten\" \/>\n<script type=\"application\/ld+json\" class=\"yoast-schema-graph\">{\"@context\":\"https:\\\/\\\/schema.org\",\"@graph\":[{\"@type\":\"WebPage\",\"@id\":\"https:\\\/\\\/kwp.at\\\/pensionistenklubs\\\/klubs\\\/unsere-klubs\\\/klub-kreatives-handwerk\\\/\",\"url\":\"https:\\\/\\\/kwp.at\\\/pensionistenklubs\\\/klubs\\\/unsere-klubs\\\/klub-kreatives-handwerk\\\/\",\"name\":\"Klub+ kreatives Handwerk - Pensionist*innenklubs\",\"isPartOf\":{\"@id\":\"https:\\\/\\\/kwp.at\\\/pensionistenklubs\\\/#website\"},\"primaryImageOfPage\":{\"@id\":\"https:\\\/\\\/kwp.at\\\/pensionistenklubs\\\/klubs\\\/unsere-klubs\\\/klub-kreatives-handwerk\\\/#primaryimage\"},\"image\":{\"@id\":\"https:\\\/\\\/kwp.at\\\/pensionistenklubs\\\/klubs\\\/unsere-klubs\\\/klub-kreatives-handwerk\\\/#primaryimage\"},\"thumbnailUrl\":\"https:\\\/\\\/kwp.at\\\/pensionistenklubs\\\/wp-content\\\/uploads\\\/sites\\\/2\\\/2024\\\/01\\\/header-kretaiv.jpg\",\"datePublished\":\"2022-04-27T09:26:20+00:00\",\"dateModified\":\"2025-09-29T11:30:08+00:00\",\"description\":\"Hier dreht sich alles um Kreativit\u00e4t, Kunst und Handwerk. Basteln und Handarbeiten f\u00fcr Senioren und Seniorinnen steht hier am Klubprogramm.\",\"breadcrumb\":{\"@id\":\"https:\\\/\\\/kwp.at\\\/pensionistenklubs\\\/klubs\\\/unsere-klubs\\\/klub-kreatives-handwerk\\\/#breadcrumb\"},\"inLanguage\":\"de\",\"potentialAction\":[{\"@type\":\"ReadAction\",\"target\":[\"https:\\\/\\\/kwp.at\\\/pensionistenklubs\\\/klubs\\\/unsere-klubs\\\/klub-kreatives-handwerk\\\/\"]}]},{\"@type\":\"ImageObject\",\"inLanguage\":\"de\",\"@id\":\"https:\\\/\\\/kwp.at\\\/pensionistenklubs\\\/klubs\\\/unsere-klubs\\\/klub-kreatives-handwerk\\\/#primaryimage\",\"url\":\"https:\\\/\\\/kwp.at\\\/pensionistenklubs\\\/wp-content\\\/uploads\\\/sites\\\/2\\\/2024\\\/01\\\/header-kretaiv.jpg\",\"contentUrl\":\"https:\\\/\\\/kwp.at\\\/pensionistenklubs\\\/wp-content\\\/uploads\\\/sites\\\/2\\\/2024\\\/01\\\/header-kretaiv.jpg\",\"width\":1200,\"height\":500,\"caption\":\"kreativ im Klub\"},{\"@type\":\"BreadcrumbList\",\"@id\":\"https:\\\/\\\/kwp.at\\\/pensionistenklubs\\\/klubs\\\/unsere-klubs\\\/klub-kreatives-handwerk\\\/#breadcrumb\",\"itemListElement\":[{\"@type\":\"ListItem\",\"position\":1,\"name\":\"Unsere Klubs\",\"item\":\"https:\\\/\\\/kwp.at\\\/pensionistenklubs\\\/klubs\\\/\"},{\"@type\":\"ListItem\",\"position\":2,\"name\":\"Klub+\",\"item\":\"https:\\\/\\\/kwp.at\\\/pensionistenklubs\\\/klubs\\\/unsere-klubs\\\/\"},{\"@type\":\"ListItem\",\"position\":3,\"name\":\"Klub+ kreatives Handwerk\"}]},{\"@type\":\"WebSite\",\"@id\":\"https:\\\/\\\/kwp.at\\\/pensionistenklubs\\\/#website\",\"url\":\"https:\\\/\\\/kwp.at\\\/pensionistenklubs\\\/\",\"name\":\"Pensionist*innenklubs\",\"description\":\"F\u00fcr die Stadt Wien\",\"publisher\":{\"@id\":\"https:\\\/\\\/kwp.at\\\/pensionistenklubs\\\/#organization\"},\"potentialAction\":[{\"@type\":\"SearchAction\",\"target\":{\"@type\":\"EntryPoint\",\"urlTemplate\":\"https:\\\/\\\/kwp.at\\\/pensionistenklubs\\\/?s={search_term_string}\"},\"query-input\":{\"@type\":\"PropertyValueSpecification\",\"valueRequired\":true,\"valueName\":\"search_term_string\"}}],\"inLanguage\":\"de\"},{\"@type\":\"Organization\",\"@id\":\"https:\\\/\\\/kwp.at\\\/pensionistenklubs\\\/#organization\",\"name\":\"PensionistInnenklubs f\u00fcr die Stadt Wien\",\"url\":\"https:\\\/\\\/kwp.at\\\/pensionistenklubs\\\/\",\"logo\":{\"@type\":\"ImageObject\",\"inLanguage\":\"de\",\"@id\":\"https:\\\/\\\/kwp.at\\\/pensionistenklubs\\\/#\\\/schema\\\/logo\\\/image\\\/\",\"url\":\"https:\\\/\\\/kwp.at\\\/pensionistenklubs\\\/wp-content\\\/uploads\\\/sites\\\/2\\\/2022\\\/08\\\/Logo-Pensionistenklubs-scaled-1.jpeg\",\"contentUrl\":\"https:\\\/\\\/kwp.at\\\/pensionistenklubs\\\/wp-content\\\/uploads\\\/sites\\\/2\\\/2022\\\/08\\\/Logo-Pensionistenklubs-scaled-1.jpeg\",\"width\":2560,\"height\":610,\"caption\":\"PensionistInnenklubs f\u00fcr die Stadt Wien\"},\"image\":{\"@id\":\"https:\\\/\\\/kwp.at\\\/pensionistenklubs\\\/#\\\/schema\\\/logo\\\/image\\\/\"}}]}<\/script>\n<!-- \/ Yoast SEO plugin. -->","yoast_head_json":{"title":"Klub+ kreatives Handwerk - Pensionist*innenklubs","description":"Hier dreht sich alles um Kreativit\u00e4t, Kunst und Handwerk. Basteln und Handarbeiten f\u00fcr Senioren und Seniorinnen steht hier am Klubprogramm.","robots":{"index":"index","follow":"follow","max-snippet":"max-snippet:-1","max-image-preview":"max-image-preview:large","max-video-preview":"max-video-preview:-1"},"canonical":"https:\/\/kwp.at\/pensionistenklubs\/klubs\/unsere-klubs\/klub-kreatives-handwerk\/","og_locale":"de_DE","og_type":"article","og_title":"Klub+ kreatives Handwerk","og_description":"Hier dreht sich alles um Kreativit\u00e4t, Kunst und Handwerk. Basteln und Handarbeiten f\u00fcr Senioren und Seniorinnen steht hier am Klubprogramm.","og_url":"https:\/\/kwp.at\/pensionistenklubs\/klubs\/unsere-klubs\/klub-kreatives-handwerk\/","og_site_name":"Pensionist*innenklubs","article_modified_time":"2025-09-29T11:30:08+00:00","og_image":[{"width":1708,"height":1062,"url":"https:\/\/kwp.at\/pensionistenklubs\/wp-content\/uploads\/sites\/2\/2022\/02\/Kampagne_PK_NEU-4910-scaled-e1645092709677.jpg","type":"image\/jpeg"}],"twitter_card":"summary_large_image","twitter_misc":{"Gesch\u00e4tzte Lesezeit":"2\u00a0Minuten"},"schema":{"@context":"https:\/\/schema.org","@graph":[{"@type":"WebPage","@id":"https:\/\/kwp.at\/pensionistenklubs\/klubs\/unsere-klubs\/klub-kreatives-handwerk\/","url":"https:\/\/kwp.at\/pensionistenklubs\/klubs\/unsere-klubs\/klub-kreatives-handwerk\/","name":"Klub+ kreatives Handwerk - Pensionist*innenklubs","isPartOf":{"@id":"https:\/\/kwp.at\/pensionistenklubs\/#website"},"primaryImageOfPage":{"@id":"https:\/\/kwp.at\/pensionistenklubs\/klubs\/unsere-klubs\/klub-kreatives-handwerk\/#primaryimage"},"image":{"@id":"https:\/\/kwp.at\/pensionistenklubs\/klubs\/unsere-klubs\/klub-kreatives-handwerk\/#primaryimage"},"thumbnailUrl":"https:\/\/kwp.at\/pensionistenklubs\/wp-content\/uploads\/sites\/2\/2024\/01\/header-kretaiv.jpg","datePublished":"2022-04-27T09:26:20+00:00","dateModified":"2025-09-29T11:30:08+00:00","description":"Hier dreht sich alles um Kreativit\u00e4t, Kunst und Handwerk. Basteln und Handarbeiten f\u00fcr Senioren und Seniorinnen steht hier am Klubprogramm.","breadcrumb":{"@id":"https:\/\/kwp.at\/pensionistenklubs\/klubs\/unsere-klubs\/klub-kreatives-handwerk\/#breadcrumb"},"inLanguage":"de","potentialAction":[{"@type":"ReadAction","target":["https:\/\/kwp.at\/pensionistenklubs\/klubs\/unsere-klubs\/klub-kreatives-handwerk\/"]}]},{"@type":"ImageObject","inLanguage":"de","@id":"https:\/\/kwp.at\/pensionistenklubs\/klubs\/unsere-klubs\/klub-kreatives-handwerk\/#primaryimage","url":"https:\/\/kwp.at\/pensionistenklubs\/wp-content\/uploads\/sites\/2\/2024\/01\/header-kretaiv.jpg","contentUrl":"https:\/\/kwp.at\/pensionistenklubs\/wp-content\/uploads\/sites\/2\/2024\/01\/header-kretaiv.jpg","width":1200,"height":500,"caption":"kreativ im Klub"},{"@type":"BreadcrumbList","@id":"https:\/\/kwp.at\/pensionistenklubs\/klubs\/unsere-klubs\/klub-kreatives-handwerk\/#breadcrumb","itemListElement":[{"@type":"ListItem","position":1,"name":"Unsere Klubs","item":"https:\/\/kwp.at\/pensionistenklubs\/klubs\/"},{"@type":"ListItem","position":2,"name":"Klub+","item":"https:\/\/kwp.at\/pensionistenklubs\/klubs\/unsere-klubs\/"},{"@type":"ListItem","position":3,"name":"Klub+ kreatives Handwerk"}]},{"@type":"WebSite","@id":"https:\/\/kwp.at\/pensionistenklubs\/#website","url":"https:\/\/kwp.at\/pensionistenklubs\/","name":"Pensionist*innenklubs","description":"F\u00fcr die Stadt Wien","publisher":{"@id":"https:\/\/kwp.at\/pensionistenklubs\/#organization"},"potentialAction":[{"@type":"SearchAction","target":{"@type":"EntryPoint","urlTemplate":"https:\/\/kwp.at\/pensionistenklubs\/?s={search_term_string}"},"query-input":{"@type":"PropertyValueSpecification","valueRequired":true,"valueName":"search_term_string"}}],"inLanguage":"de"},{"@type":"Organization","@id":"https:\/\/kwp.at\/pensionistenklubs\/#organization","name":"PensionistInnenklubs f\u00fcr die Stadt Wien","url":"https:\/\/kwp.at\/pensionistenklubs\/","logo":{"@type":"ImageObject","inLanguage":"de","@id":"https:\/\/kwp.at\/pensionistenklubs\/#\/schema\/logo\/image\/","url":"https:\/\/kwp.at\/pensionistenklubs\/wp-content\/uploads\/sites\/2\/2022\/08\/Logo-Pensionistenklubs-scaled-1.jpeg","contentUrl":"https:\/\/kwp.at\/pensionistenklubs\/wp-content\/uploads\/sites\/2\/2022\/08\/Logo-Pensionistenklubs-scaled-1.jpeg","width":2560,"height":610,"caption":"PensionistInnenklubs f\u00fcr die Stadt Wien"},"image":{"@id":"https:\/\/kwp.at\/pensionistenklubs\/#\/schema\/logo\/image\/"}}]}},"_links":{"self":[{"href":"https:\/\/kwp.at\/pensionistenklubs\/wp-json\/wp\/v2\/pages\/9256","targetHints":{"allow":["GET"]}}],"collection":[{"href":"https:\/\/kwp.at\/pensionistenklubs\/wp-json\/wp\/v2\/pages"}],"about":[{"href":"https:\/\/kwp.at\/pensionistenklubs\/wp-json\/wp\/v2\/types\/page"}],"author":[{"embeddable":true,"href":"https:\/\/kwp.at\/pensionistenklubs\/wp-json\/wp\/v2\/users\/78"}],"replies":[{"embeddable":true,"href":"https:\/\/kwp.at\/pensionistenklubs\/wp-json\/wp\/v2\/comments?post=9256"}],"version-history":[{"count":19,"href":"https:\/\/kwp.at\/pensionistenklubs\/wp-json\/wp\/v2\/pages\/9256\/revisions"}],"predecessor-version":[{"id":19864,"href":"https:\/\/kwp.at\/pensionistenklubs\/wp-json\/wp\/v2\/pages\/9256\/revisions\/19864"}],"up":[{"embeddable":true,"href":"https:\/\/kwp.at\/pensionistenklubs\/wp-json\/wp\/v2\/pages\/27"}],"wp:featuredmedia":[{"embeddable":true,"href":"https:\/\/kwp.at\/pensionistenklubs\/wp-json\/wp\/v2\/media\/14561"}],"wp:attachment":[{"href":"https:\/\/kwp.at\/pensionistenklubs\/wp-json\/wp\/v2\/media?parent=9256"}],"curies":[{"name":"wp","href":"https:\/\/api.w.org\/{rel}","templated":true}]}}