{"id":8966,"date":"2022-04-27T09:52:41","date_gmt":"2022-04-27T07:52:41","guid":{"rendered":"https:\/\/kwp.at\/pensionistenklubs\/?page_id=8966"},"modified":"2025-07-04T12:33:51","modified_gmt":"2025-07-04T10:33:51","slug":"klub-fit-und-aktiv","status":"publish","type":"page","link":"https:\/\/kwp.at\/pensionistenklubs\/klubs\/unsere-klubs\/klub-fit-und-aktiv\/","title":{"rendered":"Klub+ fit und aktiv"},"content":{"rendered":"\n<p><strong>Im neu adaptierten <em>Klub<\/em>+ fit und aktiv ist der Name Programm. Jeden Tag finden hier Klubangebote statt, die zur geistigen und k\u00f6rperlichen Fitness beitragen. <\/strong><\/p>\n\n\n\n<div style=\"background-color: #DA3910\" class=\"wp-block-kwp-blocks-infobox\"><h3>Klub+ fit und aktiv<br>Reinprechtsdorfer Stra\u00dfe 1, 1050 Wien<\/h3><p>\n<p><strong>Kontakt:<\/strong> <a href=\"http:\/\/01 31399 275141\">01\/ 31399 275141<\/a>, <a href=\"mailto:pk.reinprechtsdorferstrasse@kwp.at\">pk.reinprechtsdorferstrasse@kwp.at<\/a><\/p>\n\n\n\n<p><strong>\u00d6ffnungszeiten:<\/strong> Montag bis Freitag, 12:00-17:00 Uhr<\/p>\n\n\n\n<a target=\"_blank\" href=\"https:\/\/kwp.at\/pensionistenklubs\/clubs\/reinprechtsdorfer-strase-1\/\" rel=\"noopener noreferrer\" class=\"wp-block-kwp-blocks-button-block\">Details zum Klub+ fit und aktiv<\/a>\n\n\n\n<a target=\"_blank\" href=\"https:\/\/kwp.at\/veranstaltungen\/?filter=club&amp;club_style=1&amp;event_search=&amp;start_date=&amp;end_date=&amp;club%5B%5D=460\" rel=\"noopener noreferrer\" class=\"wp-block-kwp-blocks-button-block\">Angebote des Klub+ fit und aktiv<\/a>\n<\/p><\/div>\n\n\n\n<p><\/p>\n\n\n\n<h2 class=\"wp-block-heading\">Das Klublokal<\/h2>\n\n\n\n<p>Der Klub in der Reinprechtsdorfer Stra\u00dfe verf\u00fcgt \u00fcber eine hervorragende Infrastruktur. Hier stehen den Besucher*innen gro\u00dfz\u00fcgige R\u00e4umlichkeiten zur Verf\u00fcgung, die sowohl Platz f\u00fcr den regul\u00e4ren Klubbetrieb, als auch f\u00fcr abwechslungsreiche Bewegungsangebote bieten.<\/p>\n\n\n\n<p>Der vordere Raum wird als Klubcaf\u00e9 genutzt. Hier trifft man sich zur gemeinsamen Klubjause, um neue Kontakte zu kn\u00fcpfen und sich auszutauschen. Auch (Musik-)Veranstaltungen finden hier regelm\u00e4\u00dfig statt. <\/p>\n\n\n\n<p>Im zweiten Raum werden vielf\u00e4ltige Bewegungseinheiten angeboten. So k\u00f6nnen alle Senior*innen aus Aktivit\u00e4ten, wie R\u00fcckengymnastik, Stretching, Kraft-, Koordinations- und Gleichgewichtstraining mit und ohne Zusatzger\u00e4ten w\u00e4hlen. <\/p>\n\n\n\n<p>Zudem steht jeden Freitagnachmittag Tischtennis am Programm. <\/p>\n\n\n\n<h2 class=\"wp-block-heading\">Angebote im Freien<\/h2>\n\n\n\n<p>Wer sich lieber outdoor bewegt, kann jeden Freitag von 9:30-10:30 Uhr bei Nordic Walking mitmachen. Treffpunkt ist vor der Siebenbrunnen Apotheke, Siebenbrunnengasse 32. Um Voranmeldung im Klub wird gebeten! <\/p>\n\n\n\n<p>F\u00fcr alljene, die Interesse an Tanz und rhythmischer Bewegung haben, gibt es ab Mai 2022 in 14-t\u00e4gigem Abstand &#8222;Latino Dance&#8220; am Siebenbrunnenplatz. Die Einheiten beginnen immer jeweils um 10:00 Uhr mit Basic-Tanzschritten. Gegen 10:50 Uhr k\u00f6nnen auch Fortgeschrittene mittanzen. Bei Schlechtwetter findet das Tanzangebot im Klublokal statt. <\/p>\n\n\n\n<p>Alle Termine im Detail entnehmen Sie bitte unserem Veranstaltungskalender: <\/p>\n\n\n\n<a target=\"_blank\" href=\"https:\/\/kwp.at\/veranstaltungen\/?filter=club&amp;club_style=1&amp;event_search=&amp;start_date=&amp;end_date=&amp;club%5B%5D=460\" rel=\"noopener noreferrer\" class=\"wp-block-kwp-blocks-button-block\">Veranstaltungen des Klub+ fit und aktiv<\/a>\n\n\n\n<p><\/p>\n\n\n\n<h2 class=\"wp-block-heading\">Dabei sein! <\/h2>\n\n\n\n<p>An der Umsetzung des Programms sind geschulte Klubbetreuer*innen, Expert*innen, Trainer*innen aber auch ehrenamtlich Interessierte und versierte Senior*innen beteiligt. Gemeinsam wird laufend an der Erweiterung der Angebote gearbeitet. <\/p>\n\n\n\n<p>Neue Ideen und W\u00fcnsche werden gerne ber\u00fccksichtigt. Das Team des <em>Klub<\/em>+ fit und aktiv ist stets offen f\u00fcr neue Anregungen und freut sich \u00fcber regelm\u00e4\u00dfigen Austausch.<\/p>\n\n\n\n<h5 class=\"wp-block-heading\">Besuchen Sie uns!<\/h5>\n","protected":false},"excerpt":{"rendered":"<p>Im neu adaptierten Klub+ fit und aktiv ist der Name Programm. Jeden Tag finden hier Klubangebote statt, die zur geistigen und k\u00f6rperlichen Fitness beitragen. Das<\/p>\n","protected":false},"author":78,"featured_media":16019,"parent":27,"menu_order":9,"comment_status":"closed","ping_status":"closed","template":"","meta":{"_acf_changed":false,"footnotes":""},"class_list":["post-8966","page","type-page","status-publish","has-post-thumbnail","hentry"],"acf":[],"yoast_head":"<!-- This site is optimized with the Yoast SEO plugin v27.4 - https:\/\/yoast.com\/product\/yoast-seo-wordpress\/ -->\n<title>Klub+ fit und aktiv - Pensionist*innenklubs<\/title>\n<meta name=\"description\" content=\"Im neuen Klub+ fit und aktiv finden Klubangebote f\u00fcr Senioren und Seniorinnen statt, die zur geistigen und k\u00f6rperlichen Fitness beitragen.\" \/>\n<meta name=\"robots\" content=\"index, follow, max-snippet:-1, max-image-preview:large, max-video-preview:-1\" \/>\n<link rel=\"canonical\" href=\"https:\/\/kwp.at\/pensionistenklubs\/klubs\/unsere-klubs\/klub-fit-und-aktiv\/\" \/>\n<meta property=\"og:locale\" content=\"de_DE\" \/>\n<meta property=\"og:type\" content=\"article\" \/>\n<meta property=\"og:title\" content=\"Klub+ fit und aktiv\" \/>\n<meta property=\"og:description\" content=\"Im neuen Klub+ fit und aktiv finden Klubangebote f\u00fcr Senioren und Seniorinnen statt, die zur geistigen und k\u00f6rperlichen Fitness beitragen.\" \/>\n<meta property=\"og:url\" content=\"https:\/\/kwp.at\/pensionistenklubs\/klubs\/unsere-klubs\/klub-fit-und-aktiv\/\" \/>\n<meta property=\"og:site_name\" content=\"Pensionist*innenklubs\" \/>\n<meta property=\"article:modified_time\" content=\"2025-07-04T10:33:51+00:00\" \/>\n<meta property=\"og:image\" content=\"https:\/\/kwp.at\/pensionistenklubs\/wp-content\/uploads\/sites\/2\/2022\/04\/Graetzlfest-1200_Wallensteinplatz-0641-scaled.jpg\" \/>\n\t<meta property=\"og:image:width\" content=\"2560\" \/>\n\t<meta property=\"og:image:height\" content=\"1709\" \/>\n\t<meta property=\"og:image:type\" content=\"image\/jpeg\" \/>\n<meta name=\"twitter:card\" content=\"summary_large_image\" \/>\n<meta name=\"twitter:label1\" content=\"Gesch\u00e4tzte Lesezeit\" \/>\n\t<meta name=\"twitter:data1\" content=\"2\u00a0Minuten\" \/>\n<script type=\"application\/ld+json\" class=\"yoast-schema-graph\">{\"@context\":\"https:\\\/\\\/schema.org\",\"@graph\":[{\"@type\":\"WebPage\",\"@id\":\"https:\\\/\\\/kwp.at\\\/pensionistenklubs\\\/klubs\\\/unsere-klubs\\\/klub-fit-und-aktiv\\\/\",\"url\":\"https:\\\/\\\/kwp.at\\\/pensionistenklubs\\\/klubs\\\/unsere-klubs\\\/klub-fit-und-aktiv\\\/\",\"name\":\"Klub+ fit und aktiv - Pensionist*innenklubs\",\"isPartOf\":{\"@id\":\"https:\\\/\\\/kwp.at\\\/pensionistenklubs\\\/#website\"},\"primaryImageOfPage\":{\"@id\":\"https:\\\/\\\/kwp.at\\\/pensionistenklubs\\\/klubs\\\/unsere-klubs\\\/klub-fit-und-aktiv\\\/#primaryimage\"},\"image\":{\"@id\":\"https:\\\/\\\/kwp.at\\\/pensionistenklubs\\\/klubs\\\/unsere-klubs\\\/klub-fit-und-aktiv\\\/#primaryimage\"},\"thumbnailUrl\":\"https:\\\/\\\/kwp.at\\\/pensionistenklubs\\\/wp-content\\\/uploads\\\/sites\\\/2\\\/2024\\\/07\\\/9.jpg\",\"datePublished\":\"2022-04-27T07:52:41+00:00\",\"dateModified\":\"2025-07-04T10:33:51+00:00\",\"description\":\"Im neuen Klub+ fit und aktiv finden Klubangebote f\u00fcr Senioren und Seniorinnen statt, die zur geistigen und k\u00f6rperlichen Fitness beitragen.\",\"breadcrumb\":{\"@id\":\"https:\\\/\\\/kwp.at\\\/pensionistenklubs\\\/klubs\\\/unsere-klubs\\\/klub-fit-und-aktiv\\\/#breadcrumb\"},\"inLanguage\":\"de\",\"potentialAction\":[{\"@type\":\"ReadAction\",\"target\":[\"https:\\\/\\\/kwp.at\\\/pensionistenklubs\\\/klubs\\\/unsere-klubs\\\/klub-fit-und-aktiv\\\/\"]}]},{\"@type\":\"ImageObject\",\"inLanguage\":\"de\",\"@id\":\"https:\\\/\\\/kwp.at\\\/pensionistenklubs\\\/klubs\\\/unsere-klubs\\\/klub-fit-und-aktiv\\\/#primaryimage\",\"url\":\"https:\\\/\\\/kwp.at\\\/pensionistenklubs\\\/wp-content\\\/uploads\\\/sites\\\/2\\\/2024\\\/07\\\/9.jpg\",\"contentUrl\":\"https:\\\/\\\/kwp.at\\\/pensionistenklubs\\\/wp-content\\\/uploads\\\/sites\\\/2\\\/2024\\\/07\\\/9.jpg\",\"width\":1200,\"height\":500,\"caption\":\"Smovey Training\"},{\"@type\":\"BreadcrumbList\",\"@id\":\"https:\\\/\\\/kwp.at\\\/pensionistenklubs\\\/klubs\\\/unsere-klubs\\\/klub-fit-und-aktiv\\\/#breadcrumb\",\"itemListElement\":[{\"@type\":\"ListItem\",\"position\":1,\"name\":\"Unsere Klubs\",\"item\":\"https:\\\/\\\/kwp.at\\\/pensionistenklubs\\\/klubs\\\/\"},{\"@type\":\"ListItem\",\"position\":2,\"name\":\"Klub+\",\"item\":\"https:\\\/\\\/kwp.at\\\/pensionistenklubs\\\/klubs\\\/unsere-klubs\\\/\"},{\"@type\":\"ListItem\",\"position\":3,\"name\":\"Klub+ fit und aktiv\"}]},{\"@type\":\"WebSite\",\"@id\":\"https:\\\/\\\/kwp.at\\\/pensionistenklubs\\\/#website\",\"url\":\"https:\\\/\\\/kwp.at\\\/pensionistenklubs\\\/\",\"name\":\"Pensionist*innenklubs\",\"description\":\"F\u00fcr die Stadt Wien\",\"publisher\":{\"@id\":\"https:\\\/\\\/kwp.at\\\/pensionistenklubs\\\/#organization\"},\"potentialAction\":[{\"@type\":\"SearchAction\",\"target\":{\"@type\":\"EntryPoint\",\"urlTemplate\":\"https:\\\/\\\/kwp.at\\\/pensionistenklubs\\\/?s={search_term_string}\"},\"query-input\":{\"@type\":\"PropertyValueSpecification\",\"valueRequired\":true,\"valueName\":\"search_term_string\"}}],\"inLanguage\":\"de\"},{\"@type\":\"Organization\",\"@id\":\"https:\\\/\\\/kwp.at\\\/pensionistenklubs\\\/#organization\",\"name\":\"PensionistInnenklubs f\u00fcr die Stadt Wien\",\"url\":\"https:\\\/\\\/kwp.at\\\/pensionistenklubs\\\/\",\"logo\":{\"@type\":\"ImageObject\",\"inLanguage\":\"de\",\"@id\":\"https:\\\/\\\/kwp.at\\\/pensionistenklubs\\\/#\\\/schema\\\/logo\\\/image\\\/\",\"url\":\"https:\\\/\\\/kwp.at\\\/pensionistenklubs\\\/wp-content\\\/uploads\\\/sites\\\/2\\\/2022\\\/08\\\/Logo-Pensionistenklubs-scaled-1.jpeg\",\"contentUrl\":\"https:\\\/\\\/kwp.at\\\/pensionistenklubs\\\/wp-content\\\/uploads\\\/sites\\\/2\\\/2022\\\/08\\\/Logo-Pensionistenklubs-scaled-1.jpeg\",\"width\":2560,\"height\":610,\"caption\":\"PensionistInnenklubs f\u00fcr die Stadt Wien\"},\"image\":{\"@id\":\"https:\\\/\\\/kwp.at\\\/pensionistenklubs\\\/#\\\/schema\\\/logo\\\/image\\\/\"}}]}<\/script>\n<!-- \/ Yoast SEO plugin. -->","yoast_head_json":{"title":"Klub+ fit und aktiv - Pensionist*innenklubs","description":"Im neuen Klub+ fit und aktiv finden Klubangebote f\u00fcr Senioren und Seniorinnen statt, die zur geistigen und k\u00f6rperlichen Fitness beitragen.","robots":{"index":"index","follow":"follow","max-snippet":"max-snippet:-1","max-image-preview":"max-image-preview:large","max-video-preview":"max-video-preview:-1"},"canonical":"https:\/\/kwp.at\/pensionistenklubs\/klubs\/unsere-klubs\/klub-fit-und-aktiv\/","og_locale":"de_DE","og_type":"article","og_title":"Klub+ fit und aktiv","og_description":"Im neuen Klub+ fit und aktiv finden Klubangebote f\u00fcr Senioren und Seniorinnen statt, die zur geistigen und k\u00f6rperlichen Fitness beitragen.","og_url":"https:\/\/kwp.at\/pensionistenklubs\/klubs\/unsere-klubs\/klub-fit-und-aktiv\/","og_site_name":"Pensionist*innenklubs","article_modified_time":"2025-07-04T10:33:51+00:00","og_image":[{"width":2560,"height":1709,"url":"https:\/\/kwp.at\/pensionistenklubs\/wp-content\/uploads\/sites\/2\/2022\/04\/Graetzlfest-1200_Wallensteinplatz-0641-scaled.jpg","type":"image\/jpeg"}],"twitter_card":"summary_large_image","twitter_misc":{"Gesch\u00e4tzte Lesezeit":"2\u00a0Minuten"},"schema":{"@context":"https:\/\/schema.org","@graph":[{"@type":"WebPage","@id":"https:\/\/kwp.at\/pensionistenklubs\/klubs\/unsere-klubs\/klub-fit-und-aktiv\/","url":"https:\/\/kwp.at\/pensionistenklubs\/klubs\/unsere-klubs\/klub-fit-und-aktiv\/","name":"Klub+ fit und aktiv - Pensionist*innenklubs","isPartOf":{"@id":"https:\/\/kwp.at\/pensionistenklubs\/#website"},"primaryImageOfPage":{"@id":"https:\/\/kwp.at\/pensionistenklubs\/klubs\/unsere-klubs\/klub-fit-und-aktiv\/#primaryimage"},"image":{"@id":"https:\/\/kwp.at\/pensionistenklubs\/klubs\/unsere-klubs\/klub-fit-und-aktiv\/#primaryimage"},"thumbnailUrl":"https:\/\/kwp.at\/pensionistenklubs\/wp-content\/uploads\/sites\/2\/2024\/07\/9.jpg","datePublished":"2022-04-27T07:52:41+00:00","dateModified":"2025-07-04T10:33:51+00:00","description":"Im neuen Klub+ fit und aktiv finden Klubangebote f\u00fcr Senioren und Seniorinnen statt, die zur geistigen und k\u00f6rperlichen Fitness beitragen.","breadcrumb":{"@id":"https:\/\/kwp.at\/pensionistenklubs\/klubs\/unsere-klubs\/klub-fit-und-aktiv\/#breadcrumb"},"inLanguage":"de","potentialAction":[{"@type":"ReadAction","target":["https:\/\/kwp.at\/pensionistenklubs\/klubs\/unsere-klubs\/klub-fit-und-aktiv\/"]}]},{"@type":"ImageObject","inLanguage":"de","@id":"https:\/\/kwp.at\/pensionistenklubs\/klubs\/unsere-klubs\/klub-fit-und-aktiv\/#primaryimage","url":"https:\/\/kwp.at\/pensionistenklubs\/wp-content\/uploads\/sites\/2\/2024\/07\/9.jpg","contentUrl":"https:\/\/kwp.at\/pensionistenklubs\/wp-content\/uploads\/sites\/2\/2024\/07\/9.jpg","width":1200,"height":500,"caption":"Smovey Training"},{"@type":"BreadcrumbList","@id":"https:\/\/kwp.at\/pensionistenklubs\/klubs\/unsere-klubs\/klub-fit-und-aktiv\/#breadcrumb","itemListElement":[{"@type":"ListItem","position":1,"name":"Unsere Klubs","item":"https:\/\/kwp.at\/pensionistenklubs\/klubs\/"},{"@type":"ListItem","position":2,"name":"Klub+","item":"https:\/\/kwp.at\/pensionistenklubs\/klubs\/unsere-klubs\/"},{"@type":"ListItem","position":3,"name":"Klub+ fit und aktiv"}]},{"@type":"WebSite","@id":"https:\/\/kwp.at\/pensionistenklubs\/#website","url":"https:\/\/kwp.at\/pensionistenklubs\/","name":"Pensionist*innenklubs","description":"F\u00fcr die Stadt Wien","publisher":{"@id":"https:\/\/kwp.at\/pensionistenklubs\/#organization"},"potentialAction":[{"@type":"SearchAction","target":{"@type":"EntryPoint","urlTemplate":"https:\/\/kwp.at\/pensionistenklubs\/?s={search_term_string}"},"query-input":{"@type":"PropertyValueSpecification","valueRequired":true,"valueName":"search_term_string"}}],"inLanguage":"de"},{"@type":"Organization","@id":"https:\/\/kwp.at\/pensionistenklubs\/#organization","name":"PensionistInnenklubs f\u00fcr die Stadt Wien","url":"https:\/\/kwp.at\/pensionistenklubs\/","logo":{"@type":"ImageObject","inLanguage":"de","@id":"https:\/\/kwp.at\/pensionistenklubs\/#\/schema\/logo\/image\/","url":"https:\/\/kwp.at\/pensionistenklubs\/wp-content\/uploads\/sites\/2\/2022\/08\/Logo-Pensionistenklubs-scaled-1.jpeg","contentUrl":"https:\/\/kwp.at\/pensionistenklubs\/wp-content\/uploads\/sites\/2\/2022\/08\/Logo-Pensionistenklubs-scaled-1.jpeg","width":2560,"height":610,"caption":"PensionistInnenklubs f\u00fcr die Stadt Wien"},"image":{"@id":"https:\/\/kwp.at\/pensionistenklubs\/#\/schema\/logo\/image\/"}}]}},"_links":{"self":[{"href":"https:\/\/kwp.at\/pensionistenklubs\/wp-json\/wp\/v2\/pages\/8966","targetHints":{"allow":["GET"]}}],"collection":[{"href":"https:\/\/kwp.at\/pensionistenklubs\/wp-json\/wp\/v2\/pages"}],"about":[{"href":"https:\/\/kwp.at\/pensionistenklubs\/wp-json\/wp\/v2\/types\/page"}],"author":[{"embeddable":true,"href":"https:\/\/kwp.at\/pensionistenklubs\/wp-json\/wp\/v2\/users\/78"}],"replies":[{"embeddable":true,"href":"https:\/\/kwp.at\/pensionistenklubs\/wp-json\/wp\/v2\/comments?post=8966"}],"version-history":[{"count":25,"href":"https:\/\/kwp.at\/pensionistenklubs\/wp-json\/wp\/v2\/pages\/8966\/revisions"}],"predecessor-version":[{"id":19323,"href":"https:\/\/kwp.at\/pensionistenklubs\/wp-json\/wp\/v2\/pages\/8966\/revisions\/19323"}],"up":[{"embeddable":true,"href":"https:\/\/kwp.at\/pensionistenklubs\/wp-json\/wp\/v2\/pages\/27"}],"wp:featuredmedia":[{"embeddable":true,"href":"https:\/\/kwp.at\/pensionistenklubs\/wp-json\/wp\/v2\/media\/16019"}],"wp:attachment":[{"href":"https:\/\/kwp.at\/pensionistenklubs\/wp-json\/wp\/v2\/media?parent=8966"}],"curies":[{"name":"wp","href":"https:\/\/api.w.org\/{rel}","templated":true}]}}