{"id":7408,"date":"2021-11-05T10:07:51","date_gmt":"2021-11-05T09:07:51","guid":{"rendered":"https:\/\/kwp.at\/pensionistenklubs\/?page_id=7408"},"modified":"2025-07-04T13:25:00","modified_gmt":"2025-07-04T11:25:00","slug":"willkommen-im-klub","status":"publish","type":"page","link":"https:\/\/kwp.at\/pensionistenklubs\/willkommen-im-klub\/","title":{"rendered":"Willkommen im Klub!"},"content":{"rendered":"\n<p><strong>Mit 150 Standorten in ganz Wien bieten die PensionistInnenklubs ein buntes und kostenloses Freizeitangebot f\u00fcr alle WienerInnen 60 plus. Besuchen Sie uns<\/strong>!<\/p>\n\n\n\n<h3 class=\"wp-block-heading\">Unser Imagefilm &#8211; lernen Sie uns kennen!<\/h3>\n\n\n\n<div class=\"c-youtube-embed\"><a class=\"c-youtube__link\" onclick=\"(function (node){node.parentNode.innerHTML =  unescape('%3Ciframe%20id%3D%22ytplayer%22%20class%3D%22c-youtube-embed__iframe%22%20type%3D%22text\/html%22%20src%3D%22https%3A\/\/www.youtube-nocookie.com\/embed\/2TcrA8BJlbY%3Fautoplay%3D1%22%20allow%3D%27autoplay%27%20frameborder%3D%220%22\/%3E')}(this))\"><img decoding=\"async\" class=\"c-youtube-embed__thumbnail\" src=\"https:\/\/img.youtube.com\/vi\/2TcrA8BJlbY\/maxresdefault.jpg\" alt=\"Klicken Sie um das Video zu starten\" srcset=\"https:\/\/img.youtube.com\/vi\/2TcrA8BJlbY\/default.jpg 120w ,https:\/\/img.youtube.com\/vi\/2TcrA8BJlbY\/hqdefault.jpg 320w ,https:\/\/img.youtube.com\/vi\/2TcrA8BJlbY\/mqdefault.jpg 480w ,https:\/\/img.youtube.com\/vi\/2TcrA8BJlbY\/sddefault.jpg 640w ,https:\/\/img.youtube.com\/vi\/2TcrA8BJlbY\/maxresdefault.jpg 1280w\"\/><svg class=\"play-button\" enable-background=\"new 0 0 1920 1250\" version=\"1.1\" viewBox=\"0 0 1920 1250\" space=\"preserve\" xmlns=\"http:\/\/www.w3.org\/2000\/svg\"><g fill=\"white\"><path d=\"m1227.8 605.5l-447.59-258.42c-18.576-10.725-33.775-1.95-33.775 19.5v516.83c0 21.45 15.199 30.225 33.775 19.5l447.59-258.42c18.576-10.725 18.576-28.275 0-39z\"><\/path><path d=\"m1542.1 384.71c-31.093-73.512-75.6-139.53-132.28-196.21-56.684-56.685-122.7-101.19-196.21-132.28-76.12-32.197-156.97-48.521-240.29-48.521s-164.17 16.325-240.29 48.522c-73.512 31.093-139.53 75.599-196.21 132.28-56.685 56.684-101.19 122.7-132.28 196.21-32.196 76.12-48.521 156.97-48.521 240.29s16.325 164.17 48.521 240.29c31.093 73.512 75.599 139.53 132.28 196.21 56.684 56.685 122.7 101.19 196.21 132.28 76.121 32.196 156.97 48.521 240.29 48.521s164.17-16.325 240.29-48.521c73.512-31.093 139.53-75.6 196.21-132.28 56.685-56.684 101.19-122.7 132.28-196.21 32.196-76.12 48.521-156.97 48.521-240.29s-16.325-164.17-48.521-240.29zm-568.79 807.6c-312.81 0-567.31-254.49-567.31-567.31s254.49-567.31 567.31-567.31 567.31 254.49 567.31 567.31-254.49 567.31-567.31 567.31z\"><\/path><\/g><\/svg><\/a><\/div>\n\n\n\n<h2 class=\"wp-block-heading\">Einfach vorbeikommen!<\/h2>\n\n\n\n<p>Lernen Sie unser Angebot kennen und w\u00e4hlen Sie aus <strong>150 Standorten in ganz Wien<\/strong> Ihren Lieblingsklub. <\/p>\n\n\n\n<a target=\"_blank\" href=\"https:\/\/kwp.at\/pensionistenklubs\/clubs\/\" rel=\"noopener noreferrer\" class=\"wp-block-kwp-blocks-button-block\">Alle Klubs<\/a>\n\n\n\n<p><\/p>\n\n\n\n<p>Besuchen Sie uns ganz <strong>unverbindlich<\/strong>. Unsere BetreuerInnen vor Ort informieren gerne \u00fcber das <a href=\"https:\/\/kwp.at\/pensionistenklubs\/programm\/\">Klubprogramm<\/a>, die <strong>Gratis-Klubkarte<\/strong> und die zahlreichen <a href=\"https:\/\/kwp.at\/veranstaltungen\/\">Veranstaltungen<\/a>. <\/p>\n\n\n\n<h2 class=\"wp-block-heading\">Der Klubbesuch ist kostenlos!<\/h2>\n\n\n\n<p>Hat es Ihnen beim ersten Besuch gefallen? Dann sichern Sie sich jetzt Ihre <strong>Gratis-Klubkarte<\/strong>. Wir w\u00fcrden uns freuen, Sie als neues Mitglied begr\u00fc\u00dfen zu d\u00fcrfen. <\/p>\n\n\n\n<div style=\"background-color: #107da8\" class=\"wp-block-kwp-blocks-infobox\"><h3>Die Klubkarte<\/h3><p>\n<p>Die Pensionistenklubs sind ein ganz besonderes Angebot, das die Stadt Wien ihren SeniorInnen macht. Die Klubkarte berechtigt zum Besuch&nbsp;aller&nbsp;Pensionistenklubs, zur Inanspruchnahme&nbsp;der Klubangebote und Teilnahme an den jeweiligen&nbsp;<a rel=\"noreferrer noopener\" href=\"http:\/\/www.pensionistenklubs.at\/veranstaltungen.aspx\" target=\"_blank\">Aktivit\u00e4ten<\/a>. Sie dient auch als Besuchskarte zur Teilnahme an Veranstaltungen in einem Hausklub der 30&nbsp;<a rel=\"noreferrer noopener\" href=\"http:\/\/www.kwp.at\/\" target=\"_blank\">H\u00e4user zum Leben<\/a>. Das breite Angebot der H\u00e4user&nbsp;finden sie&nbsp;<a rel=\"noreferrer noopener\" href=\"http:\/\/www.kwp.at\/veranstaltungen.aspx\" target=\"_blank\">hier<\/a>.<\/p>\n<\/p><\/div>\n","protected":false},"excerpt":{"rendered":"<p>Mit 150 Standorten in ganz Wien bieten die PensionistInnenklubs ein buntes und kostenloses Freizeitangebot f\u00fcr alle WienerInnen 60 plus. Besuchen Sie uns! Unser Imagefilm &#8211;<\/p>\n","protected":false},"author":78,"featured_media":6406,"parent":0,"menu_order":0,"comment_status":"closed","ping_status":"closed","template":"","meta":{"_acf_changed":false,"footnotes":""},"class_list":["post-7408","page","type-page","status-publish","has-post-thumbnail","hentry"],"acf":[],"yoast_head":"<!-- This site is optimized with the Yoast SEO plugin v27.4 - https:\/\/yoast.com\/product\/yoast-seo-wordpress\/ -->\n<title>Willkommen im Klub! - Pensionist*innenklubs<\/title>\n<meta name=\"robots\" content=\"index, follow, max-snippet:-1, max-image-preview:large, max-video-preview:-1\" \/>\n<link rel=\"canonical\" href=\"https:\/\/kwp.at\/pensionistenklubs\/willkommen-im-klub\/\" \/>\n<meta property=\"og:locale\" content=\"de_DE\" \/>\n<meta property=\"og:type\" content=\"article\" \/>\n<meta property=\"og:title\" content=\"Willkommen im Klub! - Pensionist*innenklubs\" \/>\n<meta property=\"og:description\" content=\"Mit 150 Standorten in ganz Wien bieten die PensionistInnenklubs ein buntes und kostenloses Freizeitangebot f\u00fcr alle WienerInnen 60 plus. Besuchen Sie uns! Unser Imagefilm &#8211;\" \/>\n<meta property=\"og:url\" content=\"https:\/\/kwp.at\/pensionistenklubs\/willkommen-im-klub\/\" \/>\n<meta property=\"og:site_name\" content=\"Pensionist*innenklubs\" \/>\n<meta property=\"article:modified_time\" content=\"2025-07-04T11:25:00+00:00\" \/>\n<meta property=\"og:image\" content=\"https:\/\/kwp.at\/pensionistenklubs\/wp-content\/uploads\/sites\/2\/2021\/09\/Pklubs-02-164._s_1900x500_RET.jpg\" \/>\n\t<meta property=\"og:image:width\" content=\"1900\" \/>\n\t<meta property=\"og:image:height\" content=\"500\" \/>\n\t<meta property=\"og:image:type\" content=\"image\/jpeg\" \/>\n<meta name=\"twitter:card\" content=\"summary_large_image\" \/>\n<meta name=\"twitter:label1\" content=\"Gesch\u00e4tzte Lesezeit\" \/>\n\t<meta name=\"twitter:data1\" content=\"2\u00a0Minuten\" \/>\n<script type=\"application\/ld+json\" class=\"yoast-schema-graph\">{\"@context\":\"https:\\\/\\\/schema.org\",\"@graph\":[{\"@type\":\"WebPage\",\"@id\":\"https:\\\/\\\/kwp.at\\\/pensionistenklubs\\\/willkommen-im-klub\\\/\",\"url\":\"https:\\\/\\\/kwp.at\\\/pensionistenklubs\\\/willkommen-im-klub\\\/\",\"name\":\"Willkommen im Klub! - Pensionist*innenklubs\",\"isPartOf\":{\"@id\":\"https:\\\/\\\/kwp.at\\\/pensionistenklubs\\\/#website\"},\"primaryImageOfPage\":{\"@id\":\"https:\\\/\\\/kwp.at\\\/pensionistenklubs\\\/willkommen-im-klub\\\/#primaryimage\"},\"image\":{\"@id\":\"https:\\\/\\\/kwp.at\\\/pensionistenklubs\\\/willkommen-im-klub\\\/#primaryimage\"},\"thumbnailUrl\":\"https:\\\/\\\/kwp.at\\\/pensionistenklubs\\\/wp-content\\\/uploads\\\/sites\\\/2\\\/2021\\\/09\\\/Pklubs-02-164._s_1900x500_RET.jpg\",\"datePublished\":\"2021-11-05T09:07:51+00:00\",\"dateModified\":\"2025-07-04T11:25:00+00:00\",\"inLanguage\":\"de\",\"potentialAction\":[{\"@type\":\"ReadAction\",\"target\":[\"https:\\\/\\\/kwp.at\\\/pensionistenklubs\\\/willkommen-im-klub\\\/\"]}]},{\"@type\":\"ImageObject\",\"inLanguage\":\"de\",\"@id\":\"https:\\\/\\\/kwp.at\\\/pensionistenklubs\\\/willkommen-im-klub\\\/#primaryimage\",\"url\":\"https:\\\/\\\/kwp.at\\\/pensionistenklubs\\\/wp-content\\\/uploads\\\/sites\\\/2\\\/2021\\\/09\\\/Pklubs-02-164._s_1900x500_RET.jpg\",\"contentUrl\":\"https:\\\/\\\/kwp.at\\\/pensionistenklubs\\\/wp-content\\\/uploads\\\/sites\\\/2\\\/2021\\\/09\\\/Pklubs-02-164._s_1900x500_RET.jpg\",\"width\":1900,\"height\":500,\"caption\":\"Eine Frau leht sich freundschaftlich an einen Mann, beide lachen herzlich\"},{\"@type\":\"WebSite\",\"@id\":\"https:\\\/\\\/kwp.at\\\/pensionistenklubs\\\/#website\",\"url\":\"https:\\\/\\\/kwp.at\\\/pensionistenklubs\\\/\",\"name\":\"Pensionist*innenklubs\",\"description\":\"F\u00fcr die Stadt Wien\",\"publisher\":{\"@id\":\"https:\\\/\\\/kwp.at\\\/pensionistenklubs\\\/#organization\"},\"potentialAction\":[{\"@type\":\"SearchAction\",\"target\":{\"@type\":\"EntryPoint\",\"urlTemplate\":\"https:\\\/\\\/kwp.at\\\/pensionistenklubs\\\/?s={search_term_string}\"},\"query-input\":{\"@type\":\"PropertyValueSpecification\",\"valueRequired\":true,\"valueName\":\"search_term_string\"}}],\"inLanguage\":\"de\"},{\"@type\":\"Organization\",\"@id\":\"https:\\\/\\\/kwp.at\\\/pensionistenklubs\\\/#organization\",\"name\":\"PensionistInnenklubs f\u00fcr die Stadt Wien\",\"url\":\"https:\\\/\\\/kwp.at\\\/pensionistenklubs\\\/\",\"logo\":{\"@type\":\"ImageObject\",\"inLanguage\":\"de\",\"@id\":\"https:\\\/\\\/kwp.at\\\/pensionistenklubs\\\/#\\\/schema\\\/logo\\\/image\\\/\",\"url\":\"https:\\\/\\\/kwp.at\\\/pensionistenklubs\\\/wp-content\\\/uploads\\\/sites\\\/2\\\/2022\\\/08\\\/Logo-Pensionistenklubs-scaled-1.jpeg\",\"contentUrl\":\"https:\\\/\\\/kwp.at\\\/pensionistenklubs\\\/wp-content\\\/uploads\\\/sites\\\/2\\\/2022\\\/08\\\/Logo-Pensionistenklubs-scaled-1.jpeg\",\"width\":2560,\"height\":610,\"caption\":\"PensionistInnenklubs f\u00fcr die Stadt Wien\"},\"image\":{\"@id\":\"https:\\\/\\\/kwp.at\\\/pensionistenklubs\\\/#\\\/schema\\\/logo\\\/image\\\/\"}}]}<\/script>\n<!-- \/ Yoast SEO plugin. -->","yoast_head_json":{"title":"Willkommen im Klub! - Pensionist*innenklubs","robots":{"index":"index","follow":"follow","max-snippet":"max-snippet:-1","max-image-preview":"max-image-preview:large","max-video-preview":"max-video-preview:-1"},"canonical":"https:\/\/kwp.at\/pensionistenklubs\/willkommen-im-klub\/","og_locale":"de_DE","og_type":"article","og_title":"Willkommen im Klub! - Pensionist*innenklubs","og_description":"Mit 150 Standorten in ganz Wien bieten die PensionistInnenklubs ein buntes und kostenloses Freizeitangebot f\u00fcr alle WienerInnen 60 plus. Besuchen Sie uns! Unser Imagefilm &#8211;","og_url":"https:\/\/kwp.at\/pensionistenklubs\/willkommen-im-klub\/","og_site_name":"Pensionist*innenklubs","article_modified_time":"2025-07-04T11:25:00+00:00","og_image":[{"width":1900,"height":500,"url":"https:\/\/kwp.at\/pensionistenklubs\/wp-content\/uploads\/sites\/2\/2021\/09\/Pklubs-02-164._s_1900x500_RET.jpg","type":"image\/jpeg"}],"twitter_card":"summary_large_image","twitter_misc":{"Gesch\u00e4tzte Lesezeit":"2\u00a0Minuten"},"schema":{"@context":"https:\/\/schema.org","@graph":[{"@type":"WebPage","@id":"https:\/\/kwp.at\/pensionistenklubs\/willkommen-im-klub\/","url":"https:\/\/kwp.at\/pensionistenklubs\/willkommen-im-klub\/","name":"Willkommen im Klub! - Pensionist*innenklubs","isPartOf":{"@id":"https:\/\/kwp.at\/pensionistenklubs\/#website"},"primaryImageOfPage":{"@id":"https:\/\/kwp.at\/pensionistenklubs\/willkommen-im-klub\/#primaryimage"},"image":{"@id":"https:\/\/kwp.at\/pensionistenklubs\/willkommen-im-klub\/#primaryimage"},"thumbnailUrl":"https:\/\/kwp.at\/pensionistenklubs\/wp-content\/uploads\/sites\/2\/2021\/09\/Pklubs-02-164._s_1900x500_RET.jpg","datePublished":"2021-11-05T09:07:51+00:00","dateModified":"2025-07-04T11:25:00+00:00","inLanguage":"de","potentialAction":[{"@type":"ReadAction","target":["https:\/\/kwp.at\/pensionistenklubs\/willkommen-im-klub\/"]}]},{"@type":"ImageObject","inLanguage":"de","@id":"https:\/\/kwp.at\/pensionistenklubs\/willkommen-im-klub\/#primaryimage","url":"https:\/\/kwp.at\/pensionistenklubs\/wp-content\/uploads\/sites\/2\/2021\/09\/Pklubs-02-164._s_1900x500_RET.jpg","contentUrl":"https:\/\/kwp.at\/pensionistenklubs\/wp-content\/uploads\/sites\/2\/2021\/09\/Pklubs-02-164._s_1900x500_RET.jpg","width":1900,"height":500,"caption":"Eine Frau leht sich freundschaftlich an einen Mann, beide lachen herzlich"},{"@type":"WebSite","@id":"https:\/\/kwp.at\/pensionistenklubs\/#website","url":"https:\/\/kwp.at\/pensionistenklubs\/","name":"Pensionist*innenklubs","description":"F\u00fcr die Stadt Wien","publisher":{"@id":"https:\/\/kwp.at\/pensionistenklubs\/#organization"},"potentialAction":[{"@type":"SearchAction","target":{"@type":"EntryPoint","urlTemplate":"https:\/\/kwp.at\/pensionistenklubs\/?s={search_term_string}"},"query-input":{"@type":"PropertyValueSpecification","valueRequired":true,"valueName":"search_term_string"}}],"inLanguage":"de"},{"@type":"Organization","@id":"https:\/\/kwp.at\/pensionistenklubs\/#organization","name":"PensionistInnenklubs f\u00fcr die Stadt Wien","url":"https:\/\/kwp.at\/pensionistenklubs\/","logo":{"@type":"ImageObject","inLanguage":"de","@id":"https:\/\/kwp.at\/pensionistenklubs\/#\/schema\/logo\/image\/","url":"https:\/\/kwp.at\/pensionistenklubs\/wp-content\/uploads\/sites\/2\/2022\/08\/Logo-Pensionistenklubs-scaled-1.jpeg","contentUrl":"https:\/\/kwp.at\/pensionistenklubs\/wp-content\/uploads\/sites\/2\/2022\/08\/Logo-Pensionistenklubs-scaled-1.jpeg","width":2560,"height":610,"caption":"PensionistInnenklubs f\u00fcr die Stadt Wien"},"image":{"@id":"https:\/\/kwp.at\/pensionistenklubs\/#\/schema\/logo\/image\/"}}]}},"_links":{"self":[{"href":"https:\/\/kwp.at\/pensionistenklubs\/wp-json\/wp\/v2\/pages\/7408","targetHints":{"allow":["GET"]}}],"collection":[{"href":"https:\/\/kwp.at\/pensionistenklubs\/wp-json\/wp\/v2\/pages"}],"about":[{"href":"https:\/\/kwp.at\/pensionistenklubs\/wp-json\/wp\/v2\/types\/page"}],"author":[{"embeddable":true,"href":"https:\/\/kwp.at\/pensionistenklubs\/wp-json\/wp\/v2\/users\/78"}],"replies":[{"embeddable":true,"href":"https:\/\/kwp.at\/pensionistenklubs\/wp-json\/wp\/v2\/comments?post=7408"}],"version-history":[{"count":14,"href":"https:\/\/kwp.at\/pensionistenklubs\/wp-json\/wp\/v2\/pages\/7408\/revisions"}],"predecessor-version":[{"id":19337,"href":"https:\/\/kwp.at\/pensionistenklubs\/wp-json\/wp\/v2\/pages\/7408\/revisions\/19337"}],"wp:featuredmedia":[{"embeddable":true,"href":"https:\/\/kwp.at\/pensionistenklubs\/wp-json\/wp\/v2\/media\/6406"}],"wp:attachment":[{"href":"https:\/\/kwp.at\/pensionistenklubs\/wp-json\/wp\/v2\/media?parent=7408"}],"curies":[{"name":"wp","href":"https:\/\/api.w.org\/{rel}","templated":true}]}}