{"id":6374,"date":"2021-09-06T11:02:22","date_gmt":"2021-09-06T09:02:22","guid":{"rendered":"https:\/\/kwp.at\/pensionistenklubs\/?page_id=6374"},"modified":"2025-07-03T17:02:35","modified_gmt":"2025-07-03T15:02:35","slug":"covid-19-sicherheitskonzept","status":"publish","type":"page","link":"https:\/\/kwp.at\/pensionistenklubs\/covid-19-sicherheitskonzept\/","title":{"rendered":"Covid-19 Sicherheitskonzept"},"content":{"rendered":"\n<p><strong>Der Klubbesuch ist kostenlos. Alle SeniorInnen, sowie deren Angeh\u00f6rige sind bei uns herzlich willkommen! <\/strong><\/p>\n\n\n\n<p><strong>Um bei Ihrem Besuch f\u00fcr Ihre pers\u00f6nliche Sicherheit garantieren zu k\u00f6nnen, sorgen die PensionistInnenklubs im Rahmen der Covid-19-Ma\u00dfnahmen f\u00fcr ein umfangreiches Sicherheitskonzept.<\/strong><\/p>\n\n\n\n<h3 class=\"wp-block-heading\">Stand: ab 01. Mai 2023<\/h3>\n\n\n\n<div style=\"background-color: #ef4c22\" class=\"wp-block-kwp-blocks-infobox\"><h3>Zutrittsregeln f\u00fcr KlubbesucherInnen<\/h3><p>\n<p>Personen, die einer\u00a0<strong>aufrechten Verkehrsbeschr\u00e4nkung<\/strong>\u00a0lt. \u00a77 Epidemiegesetz unterliegen (also positiv getestet, CT-Wert auch nach 5 Tagen unter 30, jedoch keine Symptome aufweisen) sowie Personen mit <strong>Fieber oder Atemwegserkrankungen<\/strong> ist der\u00a0<strong>Zutritt zum Klub nicht gestattet<\/strong>.\u00a0<\/p>\n\n\n\n<p>Empfohlen wird, einen Covid-Test durchzuf\u00fchren, wenn innerhalb der letzten 5 Tage eine Ansteckung erfolgt sein k\u00f6nnte. Dies gilt auch f\u00fcr geimpfte oder genesene Personen.<\/p>\n<\/p><\/div>\n","protected":false},"excerpt":{"rendered":"<p>Der Klubbesuch ist kostenlos. Alle SeniorInnen, sowie deren Angeh\u00f6rige sind bei uns herzlich willkommen! Um bei Ihrem Besuch f\u00fcr Ihre pers\u00f6nliche Sicherheit garantieren zu k\u00f6nnen,<\/p>\n","protected":false},"author":78,"featured_media":3164,"parent":0,"menu_order":0,"comment_status":"closed","ping_status":"closed","template":"","meta":{"_acf_changed":false,"footnotes":""},"class_list":["post-6374","page","type-page","status-publish","has-post-thumbnail","hentry"],"acf":[],"yoast_head":"<!-- This site is optimized with the Yoast SEO plugin v27.4 - https:\/\/yoast.com\/product\/yoast-seo-wordpress\/ -->\n<title>Covid-19 Sicherheitskonzept - Pensionist*innenklubs<\/title>\n<meta name=\"description\" content=\"Um den BesucherInnen Sicherheit garantieren zu k\u00f6nnen, sorgen die PensionistInnenklubs f\u00fcr ein umfangreiches Covid-19 Sicherheitskonzept.\" \/>\n<meta name=\"robots\" content=\"index, follow, max-snippet:-1, max-image-preview:large, max-video-preview:-1\" \/>\n<link rel=\"canonical\" href=\"https:\/\/kwp.at\/pensionistenklubs\/covid-19-sicherheitskonzept\/\" \/>\n<meta property=\"og:locale\" content=\"de_DE\" \/>\n<meta property=\"og:type\" content=\"article\" \/>\n<meta property=\"og:title\" content=\"Covid-19 Sicherheitskonzept - Pensionist*innenklubs\" \/>\n<meta property=\"og:description\" content=\"Um den BesucherInnen Sicherheit garantieren zu k\u00f6nnen, sorgen die PensionistInnenklubs f\u00fcr ein umfangreiches Covid-19 Sicherheitskonzept.\" \/>\n<meta property=\"og:url\" content=\"https:\/\/kwp.at\/pensionistenklubs\/covid-19-sicherheitskonzept\/\" \/>\n<meta property=\"og:site_name\" content=\"Pensionist*innenklubs\" \/>\n<meta property=\"article:modified_time\" content=\"2025-07-03T15:02:35+00:00\" \/>\n<meta property=\"og:image\" content=\"https:\/\/kwp.at\/pensionistenklubs\/wp-content\/uploads\/sites\/2\/2020\/11\/Covid19-Grafik.jpg\" \/>\n\t<meta property=\"og:image:width\" content=\"1214\" \/>\n\t<meta property=\"og:image:height\" content=\"493\" \/>\n\t<meta property=\"og:image:type\" content=\"image\/jpeg\" \/>\n<meta name=\"twitter:card\" content=\"summary_large_image\" \/>\n<meta name=\"twitter:label1\" content=\"Gesch\u00e4tzte Lesezeit\" \/>\n\t<meta name=\"twitter:data1\" content=\"1\u00a0Minute\" \/>\n<script type=\"application\/ld+json\" class=\"yoast-schema-graph\">{\"@context\":\"https:\\\/\\\/schema.org\",\"@graph\":[{\"@type\":\"WebPage\",\"@id\":\"https:\\\/\\\/kwp.at\\\/pensionistenklubs\\\/covid-19-sicherheitskonzept\\\/\",\"url\":\"https:\\\/\\\/kwp.at\\\/pensionistenklubs\\\/covid-19-sicherheitskonzept\\\/\",\"name\":\"Covid-19 Sicherheitskonzept - Pensionist*innenklubs\",\"isPartOf\":{\"@id\":\"https:\\\/\\\/kwp.at\\\/pensionistenklubs\\\/#website\"},\"primaryImageOfPage\":{\"@id\":\"https:\\\/\\\/kwp.at\\\/pensionistenklubs\\\/covid-19-sicherheitskonzept\\\/#primaryimage\"},\"image\":{\"@id\":\"https:\\\/\\\/kwp.at\\\/pensionistenklubs\\\/covid-19-sicherheitskonzept\\\/#primaryimage\"},\"thumbnailUrl\":\"https:\\\/\\\/kwp.at\\\/pensionistenklubs\\\/wp-content\\\/uploads\\\/sites\\\/2\\\/2020\\\/11\\\/Covid19-Grafik.jpg\",\"datePublished\":\"2021-09-06T09:02:22+00:00\",\"dateModified\":\"2025-07-03T15:02:35+00:00\",\"description\":\"Um den BesucherInnen Sicherheit garantieren zu k\u00f6nnen, sorgen die PensionistInnenklubs f\u00fcr ein umfangreiches Covid-19 Sicherheitskonzept.\",\"inLanguage\":\"de\",\"potentialAction\":[{\"@type\":\"ReadAction\",\"target\":[\"https:\\\/\\\/kwp.at\\\/pensionistenklubs\\\/covid-19-sicherheitskonzept\\\/\"]}]},{\"@type\":\"ImageObject\",\"inLanguage\":\"de\",\"@id\":\"https:\\\/\\\/kwp.at\\\/pensionistenklubs\\\/covid-19-sicherheitskonzept\\\/#primaryimage\",\"url\":\"https:\\\/\\\/kwp.at\\\/pensionistenklubs\\\/wp-content\\\/uploads\\\/sites\\\/2\\\/2020\\\/11\\\/Covid19-Grafik.jpg\",\"contentUrl\":\"https:\\\/\\\/kwp.at\\\/pensionistenklubs\\\/wp-content\\\/uploads\\\/sites\\\/2\\\/2020\\\/11\\\/Covid19-Grafik.jpg\",\"width\":1214,\"height\":493,\"caption\":\"Zeichnung eines Virus\"},{\"@type\":\"WebSite\",\"@id\":\"https:\\\/\\\/kwp.at\\\/pensionistenklubs\\\/#website\",\"url\":\"https:\\\/\\\/kwp.at\\\/pensionistenklubs\\\/\",\"name\":\"Pensionist*innenklubs\",\"description\":\"F\u00fcr die Stadt Wien\",\"publisher\":{\"@id\":\"https:\\\/\\\/kwp.at\\\/pensionistenklubs\\\/#organization\"},\"potentialAction\":[{\"@type\":\"SearchAction\",\"target\":{\"@type\":\"EntryPoint\",\"urlTemplate\":\"https:\\\/\\\/kwp.at\\\/pensionistenklubs\\\/?s={search_term_string}\"},\"query-input\":{\"@type\":\"PropertyValueSpecification\",\"valueRequired\":true,\"valueName\":\"search_term_string\"}}],\"inLanguage\":\"de\"},{\"@type\":\"Organization\",\"@id\":\"https:\\\/\\\/kwp.at\\\/pensionistenklubs\\\/#organization\",\"name\":\"PensionistInnenklubs f\u00fcr die Stadt Wien\",\"url\":\"https:\\\/\\\/kwp.at\\\/pensionistenklubs\\\/\",\"logo\":{\"@type\":\"ImageObject\",\"inLanguage\":\"de\",\"@id\":\"https:\\\/\\\/kwp.at\\\/pensionistenklubs\\\/#\\\/schema\\\/logo\\\/image\\\/\",\"url\":\"https:\\\/\\\/kwp.at\\\/pensionistenklubs\\\/wp-content\\\/uploads\\\/sites\\\/2\\\/2022\\\/08\\\/Logo-Pensionistenklubs-scaled-1.jpeg\",\"contentUrl\":\"https:\\\/\\\/kwp.at\\\/pensionistenklubs\\\/wp-content\\\/uploads\\\/sites\\\/2\\\/2022\\\/08\\\/Logo-Pensionistenklubs-scaled-1.jpeg\",\"width\":2560,\"height\":610,\"caption\":\"PensionistInnenklubs f\u00fcr die Stadt Wien\"},\"image\":{\"@id\":\"https:\\\/\\\/kwp.at\\\/pensionistenklubs\\\/#\\\/schema\\\/logo\\\/image\\\/\"}}]}<\/script>\n<!-- \/ Yoast SEO plugin. -->","yoast_head_json":{"title":"Covid-19 Sicherheitskonzept - Pensionist*innenklubs","description":"Um den BesucherInnen Sicherheit garantieren zu k\u00f6nnen, sorgen die PensionistInnenklubs f\u00fcr ein umfangreiches Covid-19 Sicherheitskonzept.","robots":{"index":"index","follow":"follow","max-snippet":"max-snippet:-1","max-image-preview":"max-image-preview:large","max-video-preview":"max-video-preview:-1"},"canonical":"https:\/\/kwp.at\/pensionistenklubs\/covid-19-sicherheitskonzept\/","og_locale":"de_DE","og_type":"article","og_title":"Covid-19 Sicherheitskonzept - Pensionist*innenklubs","og_description":"Um den BesucherInnen Sicherheit garantieren zu k\u00f6nnen, sorgen die PensionistInnenklubs f\u00fcr ein umfangreiches Covid-19 Sicherheitskonzept.","og_url":"https:\/\/kwp.at\/pensionistenklubs\/covid-19-sicherheitskonzept\/","og_site_name":"Pensionist*innenklubs","article_modified_time":"2025-07-03T15:02:35+00:00","og_image":[{"width":1214,"height":493,"url":"https:\/\/kwp.at\/pensionistenklubs\/wp-content\/uploads\/sites\/2\/2020\/11\/Covid19-Grafik.jpg","type":"image\/jpeg"}],"twitter_card":"summary_large_image","twitter_misc":{"Gesch\u00e4tzte Lesezeit":"1\u00a0Minute"},"schema":{"@context":"https:\/\/schema.org","@graph":[{"@type":"WebPage","@id":"https:\/\/kwp.at\/pensionistenklubs\/covid-19-sicherheitskonzept\/","url":"https:\/\/kwp.at\/pensionistenklubs\/covid-19-sicherheitskonzept\/","name":"Covid-19 Sicherheitskonzept - Pensionist*innenklubs","isPartOf":{"@id":"https:\/\/kwp.at\/pensionistenklubs\/#website"},"primaryImageOfPage":{"@id":"https:\/\/kwp.at\/pensionistenklubs\/covid-19-sicherheitskonzept\/#primaryimage"},"image":{"@id":"https:\/\/kwp.at\/pensionistenklubs\/covid-19-sicherheitskonzept\/#primaryimage"},"thumbnailUrl":"https:\/\/kwp.at\/pensionistenklubs\/wp-content\/uploads\/sites\/2\/2020\/11\/Covid19-Grafik.jpg","datePublished":"2021-09-06T09:02:22+00:00","dateModified":"2025-07-03T15:02:35+00:00","description":"Um den BesucherInnen Sicherheit garantieren zu k\u00f6nnen, sorgen die PensionistInnenklubs f\u00fcr ein umfangreiches Covid-19 Sicherheitskonzept.","inLanguage":"de","potentialAction":[{"@type":"ReadAction","target":["https:\/\/kwp.at\/pensionistenklubs\/covid-19-sicherheitskonzept\/"]}]},{"@type":"ImageObject","inLanguage":"de","@id":"https:\/\/kwp.at\/pensionistenklubs\/covid-19-sicherheitskonzept\/#primaryimage","url":"https:\/\/kwp.at\/pensionistenklubs\/wp-content\/uploads\/sites\/2\/2020\/11\/Covid19-Grafik.jpg","contentUrl":"https:\/\/kwp.at\/pensionistenklubs\/wp-content\/uploads\/sites\/2\/2020\/11\/Covid19-Grafik.jpg","width":1214,"height":493,"caption":"Zeichnung eines Virus"},{"@type":"WebSite","@id":"https:\/\/kwp.at\/pensionistenklubs\/#website","url":"https:\/\/kwp.at\/pensionistenklubs\/","name":"Pensionist*innenklubs","description":"F\u00fcr die Stadt Wien","publisher":{"@id":"https:\/\/kwp.at\/pensionistenklubs\/#organization"},"potentialAction":[{"@type":"SearchAction","target":{"@type":"EntryPoint","urlTemplate":"https:\/\/kwp.at\/pensionistenklubs\/?s={search_term_string}"},"query-input":{"@type":"PropertyValueSpecification","valueRequired":true,"valueName":"search_term_string"}}],"inLanguage":"de"},{"@type":"Organization","@id":"https:\/\/kwp.at\/pensionistenklubs\/#organization","name":"PensionistInnenklubs f\u00fcr die Stadt Wien","url":"https:\/\/kwp.at\/pensionistenklubs\/","logo":{"@type":"ImageObject","inLanguage":"de","@id":"https:\/\/kwp.at\/pensionistenklubs\/#\/schema\/logo\/image\/","url":"https:\/\/kwp.at\/pensionistenklubs\/wp-content\/uploads\/sites\/2\/2022\/08\/Logo-Pensionistenklubs-scaled-1.jpeg","contentUrl":"https:\/\/kwp.at\/pensionistenklubs\/wp-content\/uploads\/sites\/2\/2022\/08\/Logo-Pensionistenklubs-scaled-1.jpeg","width":2560,"height":610,"caption":"PensionistInnenklubs f\u00fcr die Stadt Wien"},"image":{"@id":"https:\/\/kwp.at\/pensionistenklubs\/#\/schema\/logo\/image\/"}}]}},"_links":{"self":[{"href":"https:\/\/kwp.at\/pensionistenklubs\/wp-json\/wp\/v2\/pages\/6374","targetHints":{"allow":["GET"]}}],"collection":[{"href":"https:\/\/kwp.at\/pensionistenklubs\/wp-json\/wp\/v2\/pages"}],"about":[{"href":"https:\/\/kwp.at\/pensionistenklubs\/wp-json\/wp\/v2\/types\/page"}],"author":[{"embeddable":true,"href":"https:\/\/kwp.at\/pensionistenklubs\/wp-json\/wp\/v2\/users\/78"}],"replies":[{"embeddable":true,"href":"https:\/\/kwp.at\/pensionistenklubs\/wp-json\/wp\/v2\/comments?post=6374"}],"version-history":[{"count":33,"href":"https:\/\/kwp.at\/pensionistenklubs\/wp-json\/wp\/v2\/pages\/6374\/revisions"}],"predecessor-version":[{"id":12613,"href":"https:\/\/kwp.at\/pensionistenklubs\/wp-json\/wp\/v2\/pages\/6374\/revisions\/12613"}],"wp:featuredmedia":[{"embeddable":true,"href":"https:\/\/kwp.at\/pensionistenklubs\/wp-json\/wp\/v2\/media\/3164"}],"wp:attachment":[{"href":"https:\/\/kwp.at\/pensionistenklubs\/wp-json\/wp\/v2\/media?parent=6374"}],"curies":[{"name":"wp","href":"https:\/\/api.w.org\/{rel}","templated":true}]}}