{"id":6047,"date":"2021-08-25T10:40:43","date_gmt":"2021-08-25T08:40:43","guid":{"rendered":"https:\/\/kwp.at\/pensionistenklubs\/?page_id=6047"},"modified":"2021-12-14T13:03:10","modified_gmt":"2021-12-14T12:03:10","slug":"gratuliere-den-klubs-zum-75er","status":"publish","type":"page","link":"https:\/\/kwp.at\/pensionistenklubs\/75-jahre-klubs\/gratuliere-den-klubs-zum-75er\/","title":{"rendered":"Gratuliere den Klubs zum 75er!"},"content":{"rendered":"\n<p><strong>Anl\u00e4sslich unsere 75-j\u00e4hrigen Jubil\u00e4ums laden wir Stimmen aus aller Welt ein, um uns zum 75-j\u00e4hrigen Jubil\u00e4um zu gratulieren, ihre sch\u00f6nsten Momente mit den Klubs zu teilen und mit uns zu feiern. Wir freuen uns \u00fcber Gl\u00fcckw\u00fcnsche per Videobotschaft, Anruf, Brief, Bild, Foto oder Text.<\/strong><\/p>\n\n\n\n<p>Hier erfahren Sie, wie Sie den Klubs unkompliziert gratulieren k\u00f6nnen:<\/p>\n\n\n\n<a target=\"_blank\" href=\"https:\/\/kwp.at\/pensionistenklubs\/gratuliere-den-klubs-zum-75er\/\" rel=\"noopener noreferrer\" class=\"wp-block-kwp-blocks-button-block\">Weiterlesen<\/a>\n\n\n\n<p><\/p>\n\n\n\n<figure class=\"wp-block-wallsio-wallsio wp-block-embed is-type-rich is-provider-walls-io wallsio-is-plugin-used\">\n\n\n\n\n\n\n\n\n\n\nhttps:\/\/my.walls.io\/y5b88?show_header=0&#038;nobackground=0&#038;embedwidth=auto&#038;embedheight=600\n\n\n\n\n\n\n\n\n\n\n<\/figure>\n\n\n\n<h2 class=\"wp-block-heading\">Gl\u00fcckw\u00fcnsche, die uns per Post und per E-Mail erreicht haben<\/h2>\n\n\n\n\n<div class=\"wp-block-eedee-block-gutenslide vertical-align-center\"><div id=\"gutenslide-0be8did71\"><div class=\"eedee-background-div\"><img loading=\"lazy\" decoding=\"async\" width=\"2240\" height=\"1260\" class=\"wp-image-7340 swiper-zoom-target\" src=\"https:\/\/kwp.at\/pensionistenklubs\/wp-content\/uploads\/sites\/2\/2021\/10\/Klub-gratulatiombotschaft.png\" alt=\"\" style=\"object-fit:cover;object-position:50% 50%\" srcset=\"https:\/\/kwp.at\/pensionistenklubs\/wp-content\/uploads\/sites\/2\/2021\/10\/Klub-gratulatiombotschaft.png 2240w, https:\/\/kwp.at\/pensionistenklubs\/wp-content\/uploads\/sites\/2\/2021\/10\/Klub-gratulatiombotschaft-300x169.png 300w, https:\/\/kwp.at\/pensionistenklubs\/wp-content\/uploads\/sites\/2\/2021\/10\/Klub-gratulatiombotschaft-1024x576.png 1024w, https:\/\/kwp.at\/pensionistenklubs\/wp-content\/uploads\/sites\/2\/2021\/10\/Klub-gratulatiombotschaft-768x432.png 768w, https:\/\/kwp.at\/pensionistenklubs\/wp-content\/uploads\/sites\/2\/2021\/10\/Klub-gratulatiombotschaft-1536x864.png 1536w, https:\/\/kwp.at\/pensionistenklubs\/wp-content\/uploads\/sites\/2\/2021\/10\/Klub-gratulatiombotschaft-2048x1152.png 2048w, https:\/\/kwp.at\/pensionistenklubs\/wp-content\/uploads\/sites\/2\/2021\/10\/Klub-gratulatiombotschaft-1600x900.png 1600w, https:\/\/kwp.at\/pensionistenklubs\/wp-content\/uploads\/sites\/2\/2021\/10\/Klub-gratulatiombotschaft-317x178.png 317w, https:\/\/kwp.at\/pensionistenklubs\/wp-content\/uploads\/sites\/2\/2021\/10\/Klub-gratulatiombotschaft-648x365.png 648w, https:\/\/kwp.at\/pensionistenklubs\/wp-content\/uploads\/sites\/2\/2021\/10\/Klub-gratulatiombotschaft-1296x729.png 1296w\" sizes=\"auto, (max-width: 2240px) 100vw, 2240px\" \/><div class=\"eedee-background-div__overlay\" style=\"opacity:1\"><\/div><\/div><div class=\"slide-content\"><\/div><\/div><\/div>\n\n\n\n\n<p class=\"has-text-align-center gutenslider-content-initial has-larger-font-size\"><\/p>\n\n\n\n\n\n<p class=\"has-text-align-center gutenslider-content-initial has-larger-font-size\"><\/p>\n\n\n\n\n\n<p class=\"has-text-align-center gutenslider-content-initial has-larger-font-size\"><\/p>\n\n\n\n\n\n<p class=\"has-text-align-center gutenslider-content-initial has-larger-font-size\"><\/p>\n\n\n","protected":false},"excerpt":{"rendered":"<p>Anl\u00e4sslich unsere 75-j\u00e4hrigen Jubil\u00e4ums laden wir Stimmen aus aller Welt ein, um uns zum 75-j\u00e4hrigen Jubil\u00e4um zu gratulieren, ihre sch\u00f6nsten Momente mit den Klubs zu<\/p>\n","protected":false},"author":105,"featured_media":6087,"parent":6049,"menu_order":3,"comment_status":"closed","ping_status":"closed","template":"","meta":{"_acf_changed":false,"footnotes":""},"class_list":["post-6047","page","type-page","status-publish","has-post-thumbnail","hentry"],"acf":[],"yoast_head":"<!-- This site is optimized with the Yoast SEO plugin v27.4 - https:\/\/yoast.com\/product\/yoast-seo-wordpress\/ -->\n<title>Gratuliere den Klubs zum 75er! - Pensionist*innenklubs<\/title>\n<meta name=\"robots\" content=\"index, follow, max-snippet:-1, max-image-preview:large, max-video-preview:-1\" \/>\n<link rel=\"canonical\" href=\"https:\/\/kwp.at\/pensionistenklubs\/75-jahre-klubs\/gratuliere-den-klubs-zum-75er\/\" \/>\n<meta property=\"og:locale\" content=\"de_DE\" \/>\n<meta property=\"og:type\" content=\"article\" \/>\n<meta property=\"og:title\" content=\"Gratuliere den Klubs zum 75er! - Pensionist*innenklubs\" \/>\n<meta property=\"og:description\" content=\"Anl\u00e4sslich unsere 75-j\u00e4hrigen Jubil\u00e4ums laden wir Stimmen aus aller Welt ein, um uns zum 75-j\u00e4hrigen Jubil\u00e4um zu gratulieren, ihre sch\u00f6nsten Momente mit den Klubs zu\" \/>\n<meta property=\"og:url\" content=\"https:\/\/kwp.at\/pensionistenklubs\/75-jahre-klubs\/gratuliere-den-klubs-zum-75er\/\" \/>\n<meta property=\"og:site_name\" content=\"Pensionist*innenklubs\" \/>\n<meta property=\"article:modified_time\" content=\"2021-12-14T12:03:10+00:00\" \/>\n<meta property=\"og:image\" content=\"https:\/\/kwp.at\/pensionistenklubs\/wp-content\/uploads\/sites\/2\/2021\/08\/IMAGE.jpeg\" \/>\n\t<meta property=\"og:image:width\" content=\"1900\" \/>\n\t<meta property=\"og:image:height\" content=\"500\" \/>\n\t<meta property=\"og:image:type\" content=\"image\/jpeg\" \/>\n<meta name=\"twitter:card\" content=\"summary_large_image\" \/>\n<meta name=\"twitter:label1\" content=\"Gesch\u00e4tzte Lesezeit\" \/>\n\t<meta name=\"twitter:data1\" content=\"1\u00a0Minute\" \/>\n<script type=\"application\/ld+json\" class=\"yoast-schema-graph\">{\"@context\":\"https:\\\/\\\/schema.org\",\"@graph\":[{\"@type\":\"WebPage\",\"@id\":\"https:\\\/\\\/kwp.at\\\/pensionistenklubs\\\/75-jahre-klubs\\\/gratuliere-den-klubs-zum-75er\\\/\",\"url\":\"https:\\\/\\\/kwp.at\\\/pensionistenklubs\\\/75-jahre-klubs\\\/gratuliere-den-klubs-zum-75er\\\/\",\"name\":\"Gratuliere den Klubs zum 75er! - Pensionist*innenklubs\",\"isPartOf\":{\"@id\":\"https:\\\/\\\/kwp.at\\\/pensionistenklubs\\\/#website\"},\"primaryImageOfPage\":{\"@id\":\"https:\\\/\\\/kwp.at\\\/pensionistenklubs\\\/75-jahre-klubs\\\/gratuliere-den-klubs-zum-75er\\\/#primaryimage\"},\"image\":{\"@id\":\"https:\\\/\\\/kwp.at\\\/pensionistenklubs\\\/75-jahre-klubs\\\/gratuliere-den-klubs-zum-75er\\\/#primaryimage\"},\"thumbnailUrl\":\"https:\\\/\\\/kwp.at\\\/pensionistenklubs\\\/wp-content\\\/uploads\\\/sites\\\/2\\\/2021\\\/08\\\/IMAGE.jpeg\",\"datePublished\":\"2021-08-25T08:40:43+00:00\",\"dateModified\":\"2021-12-14T12:03:10+00:00\",\"breadcrumb\":{\"@id\":\"https:\\\/\\\/kwp.at\\\/pensionistenklubs\\\/75-jahre-klubs\\\/gratuliere-den-klubs-zum-75er\\\/#breadcrumb\"},\"inLanguage\":\"de\",\"potentialAction\":[{\"@type\":\"ReadAction\",\"target\":[\"https:\\\/\\\/kwp.at\\\/pensionistenklubs\\\/75-jahre-klubs\\\/gratuliere-den-klubs-zum-75er\\\/\"]}]},{\"@type\":\"ImageObject\",\"inLanguage\":\"de\",\"@id\":\"https:\\\/\\\/kwp.at\\\/pensionistenklubs\\\/75-jahre-klubs\\\/gratuliere-den-klubs-zum-75er\\\/#primaryimage\",\"url\":\"https:\\\/\\\/kwp.at\\\/pensionistenklubs\\\/wp-content\\\/uploads\\\/sites\\\/2\\\/2021\\\/08\\\/IMAGE.jpeg\",\"contentUrl\":\"https:\\\/\\\/kwp.at\\\/pensionistenklubs\\\/wp-content\\\/uploads\\\/sites\\\/2\\\/2021\\\/08\\\/IMAGE.jpeg\",\"width\":1900,\"height\":500},{\"@type\":\"BreadcrumbList\",\"@id\":\"https:\\\/\\\/kwp.at\\\/pensionistenklubs\\\/75-jahre-klubs\\\/gratuliere-den-klubs-zum-75er\\\/#breadcrumb\",\"itemListElement\":[{\"@type\":\"ListItem\",\"position\":1,\"name\":\"Wir feiern 75 Jahre PensionistInnenklubs!\",\"item\":\"https:\\\/\\\/kwp.at\\\/pensionistenklubs\\\/75-jahre-klubs\\\/\"},{\"@type\":\"ListItem\",\"position\":2,\"name\":\"Gratuliere den Klubs zum 75er!\"}]},{\"@type\":\"WebSite\",\"@id\":\"https:\\\/\\\/kwp.at\\\/pensionistenklubs\\\/#website\",\"url\":\"https:\\\/\\\/kwp.at\\\/pensionistenklubs\\\/\",\"name\":\"Pensionist*innenklubs\",\"description\":\"F\u00fcr die Stadt Wien\",\"publisher\":{\"@id\":\"https:\\\/\\\/kwp.at\\\/pensionistenklubs\\\/#organization\"},\"potentialAction\":[{\"@type\":\"SearchAction\",\"target\":{\"@type\":\"EntryPoint\",\"urlTemplate\":\"https:\\\/\\\/kwp.at\\\/pensionistenklubs\\\/?s={search_term_string}\"},\"query-input\":{\"@type\":\"PropertyValueSpecification\",\"valueRequired\":true,\"valueName\":\"search_term_string\"}}],\"inLanguage\":\"de\"},{\"@type\":\"Organization\",\"@id\":\"https:\\\/\\\/kwp.at\\\/pensionistenklubs\\\/#organization\",\"name\":\"PensionistInnenklubs f\u00fcr die Stadt Wien\",\"url\":\"https:\\\/\\\/kwp.at\\\/pensionistenklubs\\\/\",\"logo\":{\"@type\":\"ImageObject\",\"inLanguage\":\"de\",\"@id\":\"https:\\\/\\\/kwp.at\\\/pensionistenklubs\\\/#\\\/schema\\\/logo\\\/image\\\/\",\"url\":\"https:\\\/\\\/kwp.at\\\/pensionistenklubs\\\/wp-content\\\/uploads\\\/sites\\\/2\\\/2022\\\/08\\\/Logo-Pensionistenklubs-scaled-1.jpeg\",\"contentUrl\":\"https:\\\/\\\/kwp.at\\\/pensionistenklubs\\\/wp-content\\\/uploads\\\/sites\\\/2\\\/2022\\\/08\\\/Logo-Pensionistenklubs-scaled-1.jpeg\",\"width\":2560,\"height\":610,\"caption\":\"PensionistInnenklubs f\u00fcr die Stadt Wien\"},\"image\":{\"@id\":\"https:\\\/\\\/kwp.at\\\/pensionistenklubs\\\/#\\\/schema\\\/logo\\\/image\\\/\"}}]}<\/script>\n<!-- \/ Yoast SEO plugin. -->","yoast_head_json":{"title":"Gratuliere den Klubs zum 75er! - Pensionist*innenklubs","robots":{"index":"index","follow":"follow","max-snippet":"max-snippet:-1","max-image-preview":"max-image-preview:large","max-video-preview":"max-video-preview:-1"},"canonical":"https:\/\/kwp.at\/pensionistenklubs\/75-jahre-klubs\/gratuliere-den-klubs-zum-75er\/","og_locale":"de_DE","og_type":"article","og_title":"Gratuliere den Klubs zum 75er! - Pensionist*innenklubs","og_description":"Anl\u00e4sslich unsere 75-j\u00e4hrigen Jubil\u00e4ums laden wir Stimmen aus aller Welt ein, um uns zum 75-j\u00e4hrigen Jubil\u00e4um zu gratulieren, ihre sch\u00f6nsten Momente mit den Klubs zu","og_url":"https:\/\/kwp.at\/pensionistenklubs\/75-jahre-klubs\/gratuliere-den-klubs-zum-75er\/","og_site_name":"Pensionist*innenklubs","article_modified_time":"2021-12-14T12:03:10+00:00","og_image":[{"width":1900,"height":500,"url":"https:\/\/kwp.at\/pensionistenklubs\/wp-content\/uploads\/sites\/2\/2021\/08\/IMAGE.jpeg","type":"image\/jpeg"}],"twitter_card":"summary_large_image","twitter_misc":{"Gesch\u00e4tzte Lesezeit":"1\u00a0Minute"},"schema":{"@context":"https:\/\/schema.org","@graph":[{"@type":"WebPage","@id":"https:\/\/kwp.at\/pensionistenklubs\/75-jahre-klubs\/gratuliere-den-klubs-zum-75er\/","url":"https:\/\/kwp.at\/pensionistenklubs\/75-jahre-klubs\/gratuliere-den-klubs-zum-75er\/","name":"Gratuliere den Klubs zum 75er! - Pensionist*innenklubs","isPartOf":{"@id":"https:\/\/kwp.at\/pensionistenklubs\/#website"},"primaryImageOfPage":{"@id":"https:\/\/kwp.at\/pensionistenklubs\/75-jahre-klubs\/gratuliere-den-klubs-zum-75er\/#primaryimage"},"image":{"@id":"https:\/\/kwp.at\/pensionistenklubs\/75-jahre-klubs\/gratuliere-den-klubs-zum-75er\/#primaryimage"},"thumbnailUrl":"https:\/\/kwp.at\/pensionistenklubs\/wp-content\/uploads\/sites\/2\/2021\/08\/IMAGE.jpeg","datePublished":"2021-08-25T08:40:43+00:00","dateModified":"2021-12-14T12:03:10+00:00","breadcrumb":{"@id":"https:\/\/kwp.at\/pensionistenklubs\/75-jahre-klubs\/gratuliere-den-klubs-zum-75er\/#breadcrumb"},"inLanguage":"de","potentialAction":[{"@type":"ReadAction","target":["https:\/\/kwp.at\/pensionistenklubs\/75-jahre-klubs\/gratuliere-den-klubs-zum-75er\/"]}]},{"@type":"ImageObject","inLanguage":"de","@id":"https:\/\/kwp.at\/pensionistenklubs\/75-jahre-klubs\/gratuliere-den-klubs-zum-75er\/#primaryimage","url":"https:\/\/kwp.at\/pensionistenklubs\/wp-content\/uploads\/sites\/2\/2021\/08\/IMAGE.jpeg","contentUrl":"https:\/\/kwp.at\/pensionistenklubs\/wp-content\/uploads\/sites\/2\/2021\/08\/IMAGE.jpeg","width":1900,"height":500},{"@type":"BreadcrumbList","@id":"https:\/\/kwp.at\/pensionistenklubs\/75-jahre-klubs\/gratuliere-den-klubs-zum-75er\/#breadcrumb","itemListElement":[{"@type":"ListItem","position":1,"name":"Wir feiern 75 Jahre PensionistInnenklubs!","item":"https:\/\/kwp.at\/pensionistenklubs\/75-jahre-klubs\/"},{"@type":"ListItem","position":2,"name":"Gratuliere den Klubs zum 75er!"}]},{"@type":"WebSite","@id":"https:\/\/kwp.at\/pensionistenklubs\/#website","url":"https:\/\/kwp.at\/pensionistenklubs\/","name":"Pensionist*innenklubs","description":"F\u00fcr die Stadt Wien","publisher":{"@id":"https:\/\/kwp.at\/pensionistenklubs\/#organization"},"potentialAction":[{"@type":"SearchAction","target":{"@type":"EntryPoint","urlTemplate":"https:\/\/kwp.at\/pensionistenklubs\/?s={search_term_string}"},"query-input":{"@type":"PropertyValueSpecification","valueRequired":true,"valueName":"search_term_string"}}],"inLanguage":"de"},{"@type":"Organization","@id":"https:\/\/kwp.at\/pensionistenklubs\/#organization","name":"PensionistInnenklubs f\u00fcr die Stadt Wien","url":"https:\/\/kwp.at\/pensionistenklubs\/","logo":{"@type":"ImageObject","inLanguage":"de","@id":"https:\/\/kwp.at\/pensionistenklubs\/#\/schema\/logo\/image\/","url":"https:\/\/kwp.at\/pensionistenklubs\/wp-content\/uploads\/sites\/2\/2022\/08\/Logo-Pensionistenklubs-scaled-1.jpeg","contentUrl":"https:\/\/kwp.at\/pensionistenklubs\/wp-content\/uploads\/sites\/2\/2022\/08\/Logo-Pensionistenklubs-scaled-1.jpeg","width":2560,"height":610,"caption":"PensionistInnenklubs f\u00fcr die Stadt Wien"},"image":{"@id":"https:\/\/kwp.at\/pensionistenklubs\/#\/schema\/logo\/image\/"}}]}},"_links":{"self":[{"href":"https:\/\/kwp.at\/pensionistenklubs\/wp-json\/wp\/v2\/pages\/6047","targetHints":{"allow":["GET"]}}],"collection":[{"href":"https:\/\/kwp.at\/pensionistenklubs\/wp-json\/wp\/v2\/pages"}],"about":[{"href":"https:\/\/kwp.at\/pensionistenklubs\/wp-json\/wp\/v2\/types\/page"}],"author":[{"embeddable":true,"href":"https:\/\/kwp.at\/pensionistenklubs\/wp-json\/wp\/v2\/users\/105"}],"replies":[{"embeddable":true,"href":"https:\/\/kwp.at\/pensionistenklubs\/wp-json\/wp\/v2\/comments?post=6047"}],"version-history":[{"count":25,"href":"https:\/\/kwp.at\/pensionistenklubs\/wp-json\/wp\/v2\/pages\/6047\/revisions"}],"predecessor-version":[{"id":7935,"href":"https:\/\/kwp.at\/pensionistenklubs\/wp-json\/wp\/v2\/pages\/6047\/revisions\/7935"}],"up":[{"embeddable":true,"href":"https:\/\/kwp.at\/pensionistenklubs\/wp-json\/wp\/v2\/pages\/6049"}],"wp:featuredmedia":[{"embeddable":true,"href":"https:\/\/kwp.at\/pensionistenklubs\/wp-json\/wp\/v2\/media\/6087"}],"wp:attachment":[{"href":"https:\/\/kwp.at\/pensionistenklubs\/wp-json\/wp\/v2\/media?parent=6047"}],"curies":[{"name":"wp","href":"https:\/\/api.w.org\/{rel}","templated":true}]}}