{"id":4732,"date":"2021-06-11T10:13:18","date_gmt":"2021-06-11T08:13:18","guid":{"rendered":"https:\/\/kwp.at\/pensionistenklubs\/?page_id=4732"},"modified":"2025-09-29T13:27:21","modified_gmt":"2025-09-29T11:27:21","slug":"klub-gehoerlosenwelt","status":"publish","type":"page","link":"https:\/\/kwp.at\/pensionistenklubs\/klubs\/unsere-klubs\/klub-gehoerlosenwelt\/","title":{"rendered":"Klub+ Geh\u00f6rlosenwelt"},"content":{"rendered":"\n<p><strong>Das Klublokal in der Waldgasse 13 bietet ein entspanntes und abwechslungsreiches Miteinander zwischen geh\u00f6rlosen und h\u00f6renden Pensionisten*innen.<\/strong> <strong>Hier sind alle neuen Besucher*innen herzlich willkommen!<\/strong><\/p>\n\n\n\n<div style=\"background-color: #DA3910\" class=\"wp-block-kwp-blocks-infobox\"><h3>Klub+ Geh\u00f6rlosenwelt<br>Waldgasse 13, 1100 Wien<\/h3><p>\n<p><strong>Kontakt:<\/strong> <strong>01 31399 280201<\/strong>, <a href=\"mailto:pk.waldgasse@kwp.at\"><strong>pk.waldgasse@kwp.at<\/strong><\/a><\/p>\n\n\n\n<p><strong>\u00d6ffnungszeiten:<\/strong> Montag bis Freitag, 09:00-17:00 Uhr<\/p>\n\n\n\n<a target=\"_blank\" href=\"https:\/\/kwp.at\/pensionistenklubs\/clubs\/waldgasse-13\/\" rel=\"noopener noreferrer\" class=\"wp-block-kwp-blocks-button-block is-style-secondary-button\">Details zum Klub+ Geh\u00f6rlosenwelt<\/a>\n\n\n\n<a target=\"_blank\" href=\"https:\/\/kwp.at\/veranstaltungen\/?filter=club&amp;club_style=1&amp;event_search=&amp;start_date=&amp;end_date=&amp;club%5B%5D=508\" rel=\"noopener noreferrer\" class=\"wp-block-kwp-blocks-button-block\">Angebote des Klub+ Geh\u00f6rlosenwelt<\/a>\n<\/p><\/div>\n\n\n\n<p>Bei den Pensionist*innenklubs wird das<strong> <\/strong>gemeinsame Miteinander<strong> <\/strong>gro\u00df geschrieben! Die \u00f6sterreichische Geb\u00e4rdensprache und die Geh\u00f6rlosenkultur sind ein wesentlicher Bestandteil des Klublebens am Standort Waldgasse 13. F\u00fcr uns ist es wichtig, die kommunikative Barrierefreiheit zwischen geh\u00f6rlosen und h\u00f6renden Besucher*innen zu gew\u00e4hrleisten. Der <em>Klub<\/em>+ Geh\u00f6rlosenwelt empf\u00e4ngt alle Besucher*innen mit offenen Armen!<\/p>\n\n\n\n<h2 class=\"wp-block-heading\">Ein barrierefreies und abwechslungsreiches Miteinander<\/h2>\n\n\n\n<p>Seit Jahrzehnten sind sprachliche Barrieren kein Hindernis, denn wir finden immer einen Weg, um f\u00fcr alle Besucher*innen eine angenehme Atmosph\u00e4re zu schaffen. Die Betreuer*innen des <em>Klub<\/em>+ Geh\u00f6rlosenwelt in der Waldgasse sind teils geh\u00f6rlos und teils h\u00f6rend mit Geb\u00e4rdensprachkenntnissen und unterst\u00fctzen gerne in der Kommunikation zwischen h\u00f6renden und geh\u00f6rlosen Besucher*innen.<\/p>\n\n\n\n<p>Mit unserem bunten Mix aus Bewegung, Ged\u00e4chtnistraining und viel Spiel und Spa\u00df, ist f\u00fcr jede und jeden das richtige Programm dabei. <\/p>\n\n\n\n<p>Nicht nur die kommunikative, sondern auch die physikalische Barrierefreiheit ist gegeben: das Klublokal ist mit dem Lift gut erreichbar.&nbsp;<\/p>\n\n\n\n<p>Der Klub befindet sich im Haus der Geh\u00f6rlosen (im selben Geb\u00e4ude wie der \u00d6sterreichische Geh\u00f6rlosenbund und das \u00d6GS Relay-Service). Hilfe und Information sind also immer nahe, wenn etwas gebraucht wird.<\/p>\n\n\n\n<p><strong>Ein integratives Miteinander und ein abwechslungsreiches Klubprogramm sind hier garantiert!<\/strong><\/p>\n","protected":false},"excerpt":{"rendered":"<p>Das Klublokal in der Waldgasse 13 bietet ein entspanntes und abwechslungsreiches Miteinander zwischen geh\u00f6rlosen und h\u00f6renden Pensionisten*innen. Hier sind alle neuen Besucher*innen herzlich willkommen! Bei<\/p>\n","protected":false},"author":78,"featured_media":18053,"parent":27,"menu_order":7,"comment_status":"closed","ping_status":"closed","template":"","meta":{"_acf_changed":false,"footnotes":""},"class_list":["post-4732","page","type-page","status-publish","has-post-thumbnail","hentry"],"acf":[],"yoast_head":"<!-- This site is optimized with the Yoast SEO plugin v27.4 - https:\/\/yoast.com\/product\/yoast-seo-wordpress\/ -->\n<title>Klub+ Geh\u00f6rlosenwelt - Pensionist*innenklubs<\/title>\n<meta name=\"description\" content=\"Hier treffen sich geh\u00f6rlose und h\u00f6rende Seniorinnen und Senioren zu gemeinsamer Aktivit\u00e4t, Freizeitgestaltung und Austausch.\" \/>\n<meta name=\"robots\" content=\"index, follow, max-snippet:-1, max-image-preview:large, max-video-preview:-1\" \/>\n<link rel=\"canonical\" href=\"https:\/\/kwp.at\/pensionistenklubs\/klubs\/unsere-klubs\/klub-gehoerlosenwelt\/\" \/>\n<meta property=\"og:locale\" content=\"de_DE\" \/>\n<meta property=\"og:type\" content=\"article\" \/>\n<meta property=\"og:title\" content=\"Klub+ Geh\u00f6rlosenwelt\" \/>\n<meta property=\"og:description\" content=\"Hier treffen sich geh\u00f6rlose und h\u00f6rende Seniorinnen und Senioren zu gemeinsamer Aktivit\u00e4t, Freizeitgestaltung und Austausch.\" \/>\n<meta property=\"og:url\" content=\"https:\/\/kwp.at\/pensionistenklubs\/klubs\/unsere-klubs\/klub-gehoerlosenwelt\/\" \/>\n<meta property=\"og:site_name\" content=\"Pensionist*innenklubs\" \/>\n<meta property=\"article:modified_time\" content=\"2025-09-29T11:27:21+00:00\" \/>\n<meta property=\"og:image\" content=\"https:\/\/kwp.at\/pensionistenklubs\/wp-content\/uploads\/sites\/2\/2020\/05\/PK-Strindberggasse.jpg\" \/>\n\t<meta property=\"og:image:width\" content=\"1000\" \/>\n\t<meta property=\"og:image:height\" content=\"664\" \/>\n\t<meta property=\"og:image:type\" content=\"image\/jpeg\" \/>\n<meta name=\"twitter:card\" content=\"summary_large_image\" \/>\n<meta name=\"twitter:label1\" content=\"Gesch\u00e4tzte Lesezeit\" \/>\n\t<meta name=\"twitter:data1\" content=\"2\u00a0Minuten\" \/>\n<script type=\"application\/ld+json\" class=\"yoast-schema-graph\">{\"@context\":\"https:\\\/\\\/schema.org\",\"@graph\":[{\"@type\":\"WebPage\",\"@id\":\"https:\\\/\\\/kwp.at\\\/pensionistenklubs\\\/klubs\\\/unsere-klubs\\\/klub-gehoerlosenwelt\\\/\",\"url\":\"https:\\\/\\\/kwp.at\\\/pensionistenklubs\\\/klubs\\\/unsere-klubs\\\/klub-gehoerlosenwelt\\\/\",\"name\":\"Klub+ Geh\u00f6rlosenwelt - Pensionist*innenklubs\",\"isPartOf\":{\"@id\":\"https:\\\/\\\/kwp.at\\\/pensionistenklubs\\\/#website\"},\"primaryImageOfPage\":{\"@id\":\"https:\\\/\\\/kwp.at\\\/pensionistenklubs\\\/klubs\\\/unsere-klubs\\\/klub-gehoerlosenwelt\\\/#primaryimage\"},\"image\":{\"@id\":\"https:\\\/\\\/kwp.at\\\/pensionistenklubs\\\/klubs\\\/unsere-klubs\\\/klub-gehoerlosenwelt\\\/#primaryimage\"},\"thumbnailUrl\":\"https:\\\/\\\/kwp.at\\\/pensionistenklubs\\\/wp-content\\\/uploads\\\/sites\\\/2\\\/2025\\\/02\\\/pk12_hermineelli_0660-e1739979369553.jpg\",\"datePublished\":\"2021-06-11T08:13:18+00:00\",\"dateModified\":\"2025-09-29T11:27:21+00:00\",\"description\":\"Hier treffen sich geh\u00f6rlose und h\u00f6rende Seniorinnen und Senioren zu gemeinsamer Aktivit\u00e4t, Freizeitgestaltung und Austausch.\",\"breadcrumb\":{\"@id\":\"https:\\\/\\\/kwp.at\\\/pensionistenklubs\\\/klubs\\\/unsere-klubs\\\/klub-gehoerlosenwelt\\\/#breadcrumb\"},\"inLanguage\":\"de\",\"potentialAction\":[{\"@type\":\"ReadAction\",\"target\":[\"https:\\\/\\\/kwp.at\\\/pensionistenklubs\\\/klubs\\\/unsere-klubs\\\/klub-gehoerlosenwelt\\\/\"]}]},{\"@type\":\"ImageObject\",\"inLanguage\":\"de\",\"@id\":\"https:\\\/\\\/kwp.at\\\/pensionistenklubs\\\/klubs\\\/unsere-klubs\\\/klub-gehoerlosenwelt\\\/#primaryimage\",\"url\":\"https:\\\/\\\/kwp.at\\\/pensionistenklubs\\\/wp-content\\\/uploads\\\/sites\\\/2\\\/2025\\\/02\\\/pk12_hermineelli_0660-e1739979369553.jpg\",\"contentUrl\":\"https:\\\/\\\/kwp.at\\\/pensionistenklubs\\\/wp-content\\\/uploads\\\/sites\\\/2\\\/2025\\\/02\\\/pk12_hermineelli_0660-e1739979369553.jpg\",\"width\":1200,\"height\":500,\"caption\":\"Freundschaft\"},{\"@type\":\"BreadcrumbList\",\"@id\":\"https:\\\/\\\/kwp.at\\\/pensionistenklubs\\\/klubs\\\/unsere-klubs\\\/klub-gehoerlosenwelt\\\/#breadcrumb\",\"itemListElement\":[{\"@type\":\"ListItem\",\"position\":1,\"name\":\"Unsere Klubs\",\"item\":\"https:\\\/\\\/kwp.at\\\/pensionistenklubs\\\/klubs\\\/\"},{\"@type\":\"ListItem\",\"position\":2,\"name\":\"Klub+\",\"item\":\"https:\\\/\\\/kwp.at\\\/pensionistenklubs\\\/klubs\\\/unsere-klubs\\\/\"},{\"@type\":\"ListItem\",\"position\":3,\"name\":\"Klub+ Geh\u00f6rlosenwelt\"}]},{\"@type\":\"WebSite\",\"@id\":\"https:\\\/\\\/kwp.at\\\/pensionistenklubs\\\/#website\",\"url\":\"https:\\\/\\\/kwp.at\\\/pensionistenklubs\\\/\",\"name\":\"Pensionist*innenklubs\",\"description\":\"F\u00fcr die Stadt Wien\",\"publisher\":{\"@id\":\"https:\\\/\\\/kwp.at\\\/pensionistenklubs\\\/#organization\"},\"potentialAction\":[{\"@type\":\"SearchAction\",\"target\":{\"@type\":\"EntryPoint\",\"urlTemplate\":\"https:\\\/\\\/kwp.at\\\/pensionistenklubs\\\/?s={search_term_string}\"},\"query-input\":{\"@type\":\"PropertyValueSpecification\",\"valueRequired\":true,\"valueName\":\"search_term_string\"}}],\"inLanguage\":\"de\"},{\"@type\":\"Organization\",\"@id\":\"https:\\\/\\\/kwp.at\\\/pensionistenklubs\\\/#organization\",\"name\":\"PensionistInnenklubs f\u00fcr die Stadt Wien\",\"url\":\"https:\\\/\\\/kwp.at\\\/pensionistenklubs\\\/\",\"logo\":{\"@type\":\"ImageObject\",\"inLanguage\":\"de\",\"@id\":\"https:\\\/\\\/kwp.at\\\/pensionistenklubs\\\/#\\\/schema\\\/logo\\\/image\\\/\",\"url\":\"https:\\\/\\\/kwp.at\\\/pensionistenklubs\\\/wp-content\\\/uploads\\\/sites\\\/2\\\/2022\\\/08\\\/Logo-Pensionistenklubs-scaled-1.jpeg\",\"contentUrl\":\"https:\\\/\\\/kwp.at\\\/pensionistenklubs\\\/wp-content\\\/uploads\\\/sites\\\/2\\\/2022\\\/08\\\/Logo-Pensionistenklubs-scaled-1.jpeg\",\"width\":2560,\"height\":610,\"caption\":\"PensionistInnenklubs f\u00fcr die Stadt Wien\"},\"image\":{\"@id\":\"https:\\\/\\\/kwp.at\\\/pensionistenklubs\\\/#\\\/schema\\\/logo\\\/image\\\/\"}}]}<\/script>\n<!-- \/ Yoast SEO plugin. -->","yoast_head_json":{"title":"Klub+ Geh\u00f6rlosenwelt - Pensionist*innenklubs","description":"Hier treffen sich geh\u00f6rlose und h\u00f6rende Seniorinnen und Senioren zu gemeinsamer Aktivit\u00e4t, Freizeitgestaltung und Austausch.","robots":{"index":"index","follow":"follow","max-snippet":"max-snippet:-1","max-image-preview":"max-image-preview:large","max-video-preview":"max-video-preview:-1"},"canonical":"https:\/\/kwp.at\/pensionistenklubs\/klubs\/unsere-klubs\/klub-gehoerlosenwelt\/","og_locale":"de_DE","og_type":"article","og_title":"Klub+ Geh\u00f6rlosenwelt","og_description":"Hier treffen sich geh\u00f6rlose und h\u00f6rende Seniorinnen und Senioren zu gemeinsamer Aktivit\u00e4t, Freizeitgestaltung und Austausch.","og_url":"https:\/\/kwp.at\/pensionistenklubs\/klubs\/unsere-klubs\/klub-gehoerlosenwelt\/","og_site_name":"Pensionist*innenklubs","article_modified_time":"2025-09-29T11:27:21+00:00","og_image":[{"width":1000,"height":664,"url":"https:\/\/kwp.at\/pensionistenklubs\/wp-content\/uploads\/sites\/2\/2020\/05\/PK-Strindberggasse.jpg","type":"image\/jpeg"}],"twitter_card":"summary_large_image","twitter_misc":{"Gesch\u00e4tzte Lesezeit":"2\u00a0Minuten"},"schema":{"@context":"https:\/\/schema.org","@graph":[{"@type":"WebPage","@id":"https:\/\/kwp.at\/pensionistenklubs\/klubs\/unsere-klubs\/klub-gehoerlosenwelt\/","url":"https:\/\/kwp.at\/pensionistenklubs\/klubs\/unsere-klubs\/klub-gehoerlosenwelt\/","name":"Klub+ Geh\u00f6rlosenwelt - Pensionist*innenklubs","isPartOf":{"@id":"https:\/\/kwp.at\/pensionistenklubs\/#website"},"primaryImageOfPage":{"@id":"https:\/\/kwp.at\/pensionistenklubs\/klubs\/unsere-klubs\/klub-gehoerlosenwelt\/#primaryimage"},"image":{"@id":"https:\/\/kwp.at\/pensionistenklubs\/klubs\/unsere-klubs\/klub-gehoerlosenwelt\/#primaryimage"},"thumbnailUrl":"https:\/\/kwp.at\/pensionistenklubs\/wp-content\/uploads\/sites\/2\/2025\/02\/pk12_hermineelli_0660-e1739979369553.jpg","datePublished":"2021-06-11T08:13:18+00:00","dateModified":"2025-09-29T11:27:21+00:00","description":"Hier treffen sich geh\u00f6rlose und h\u00f6rende Seniorinnen und Senioren zu gemeinsamer Aktivit\u00e4t, Freizeitgestaltung und Austausch.","breadcrumb":{"@id":"https:\/\/kwp.at\/pensionistenklubs\/klubs\/unsere-klubs\/klub-gehoerlosenwelt\/#breadcrumb"},"inLanguage":"de","potentialAction":[{"@type":"ReadAction","target":["https:\/\/kwp.at\/pensionistenklubs\/klubs\/unsere-klubs\/klub-gehoerlosenwelt\/"]}]},{"@type":"ImageObject","inLanguage":"de","@id":"https:\/\/kwp.at\/pensionistenklubs\/klubs\/unsere-klubs\/klub-gehoerlosenwelt\/#primaryimage","url":"https:\/\/kwp.at\/pensionistenklubs\/wp-content\/uploads\/sites\/2\/2025\/02\/pk12_hermineelli_0660-e1739979369553.jpg","contentUrl":"https:\/\/kwp.at\/pensionistenklubs\/wp-content\/uploads\/sites\/2\/2025\/02\/pk12_hermineelli_0660-e1739979369553.jpg","width":1200,"height":500,"caption":"Freundschaft"},{"@type":"BreadcrumbList","@id":"https:\/\/kwp.at\/pensionistenklubs\/klubs\/unsere-klubs\/klub-gehoerlosenwelt\/#breadcrumb","itemListElement":[{"@type":"ListItem","position":1,"name":"Unsere Klubs","item":"https:\/\/kwp.at\/pensionistenklubs\/klubs\/"},{"@type":"ListItem","position":2,"name":"Klub+","item":"https:\/\/kwp.at\/pensionistenklubs\/klubs\/unsere-klubs\/"},{"@type":"ListItem","position":3,"name":"Klub+ Geh\u00f6rlosenwelt"}]},{"@type":"WebSite","@id":"https:\/\/kwp.at\/pensionistenklubs\/#website","url":"https:\/\/kwp.at\/pensionistenklubs\/","name":"Pensionist*innenklubs","description":"F\u00fcr die Stadt Wien","publisher":{"@id":"https:\/\/kwp.at\/pensionistenklubs\/#organization"},"potentialAction":[{"@type":"SearchAction","target":{"@type":"EntryPoint","urlTemplate":"https:\/\/kwp.at\/pensionistenklubs\/?s={search_term_string}"},"query-input":{"@type":"PropertyValueSpecification","valueRequired":true,"valueName":"search_term_string"}}],"inLanguage":"de"},{"@type":"Organization","@id":"https:\/\/kwp.at\/pensionistenklubs\/#organization","name":"PensionistInnenklubs f\u00fcr die Stadt Wien","url":"https:\/\/kwp.at\/pensionistenklubs\/","logo":{"@type":"ImageObject","inLanguage":"de","@id":"https:\/\/kwp.at\/pensionistenklubs\/#\/schema\/logo\/image\/","url":"https:\/\/kwp.at\/pensionistenklubs\/wp-content\/uploads\/sites\/2\/2022\/08\/Logo-Pensionistenklubs-scaled-1.jpeg","contentUrl":"https:\/\/kwp.at\/pensionistenklubs\/wp-content\/uploads\/sites\/2\/2022\/08\/Logo-Pensionistenklubs-scaled-1.jpeg","width":2560,"height":610,"caption":"PensionistInnenklubs f\u00fcr die Stadt Wien"},"image":{"@id":"https:\/\/kwp.at\/pensionistenklubs\/#\/schema\/logo\/image\/"}}]}},"_links":{"self":[{"href":"https:\/\/kwp.at\/pensionistenklubs\/wp-json\/wp\/v2\/pages\/4732","targetHints":{"allow":["GET"]}}],"collection":[{"href":"https:\/\/kwp.at\/pensionistenklubs\/wp-json\/wp\/v2\/pages"}],"about":[{"href":"https:\/\/kwp.at\/pensionistenklubs\/wp-json\/wp\/v2\/types\/page"}],"author":[{"embeddable":true,"href":"https:\/\/kwp.at\/pensionistenklubs\/wp-json\/wp\/v2\/users\/78"}],"replies":[{"embeddable":true,"href":"https:\/\/kwp.at\/pensionistenklubs\/wp-json\/wp\/v2\/comments?post=4732"}],"version-history":[{"count":33,"href":"https:\/\/kwp.at\/pensionistenklubs\/wp-json\/wp\/v2\/pages\/4732\/revisions"}],"predecessor-version":[{"id":19861,"href":"https:\/\/kwp.at\/pensionistenklubs\/wp-json\/wp\/v2\/pages\/4732\/revisions\/19861"}],"up":[{"embeddable":true,"href":"https:\/\/kwp.at\/pensionistenklubs\/wp-json\/wp\/v2\/pages\/27"}],"wp:featuredmedia":[{"embeddable":true,"href":"https:\/\/kwp.at\/pensionistenklubs\/wp-json\/wp\/v2\/media\/18053"}],"wp:attachment":[{"href":"https:\/\/kwp.at\/pensionistenklubs\/wp-json\/wp\/v2\/media?parent=4732"}],"curies":[{"name":"wp","href":"https:\/\/api.w.org\/{rel}","templated":true}]}}