{"id":3270,"date":"2021-01-01T10:15:06","date_gmt":"2021-01-01T09:15:06","guid":{"rendered":"https:\/\/kwp.at\/pensionistenklubs\/?page_id=3270"},"modified":"2025-09-29T13:28:11","modified_gmt":"2025-09-29T11:28:11","slug":"weitblick","status":"publish","type":"page","link":"https:\/\/kwp.at\/pensionistenklubs\/klubs\/unsere-klubs\/weitblick\/","title":{"rendered":"Klub+ Weitblick"},"content":{"rendered":"\n<p><strong>Im Pensionist*innenklub &#8222;Weitblick&#8220; ist der Blick auf die Welt ein etwas anderer, denn hier findet im Sinne eines inklusiven Miteinanders ein Kluballtag mit Fokus auf blinde und sehbeeintr\u00e4chtigte Senior*innen statt.<\/strong><\/p>\n\n\n\n<div style=\"background-color: #DA3910\" class=\"wp-block-kwp-blocks-infobox\"><h3>Klub+ Weitblick<br>Greiseneckergasse 5, 1200 Wien<\/h3><p>\n<p><strong>Kontakt:<\/strong> 01\/ 31399 290201, <a target=\"_blank\" href=\"mailto:pk.greiseneckergasse@kwp.at\" rel=\"noreferrer noopener\">pk.greiseneckergasse@kwp.at<\/a><\/p>\n\n\n\n<p><strong>\u00d6ffnungszeiten:<\/strong> <\/p>\n\n\n\n<p>Montag &#8211; Freitag von 09:00 bis 17:00 Uhr<\/p>\n\n\n\n<p>Erweiterte Nutzung nach R\u00fccksprache m\u00f6glich.<br><\/p>\n\n\n\n<p><\/p>\n\n\n\n<a target=\"_blank\" href=\"https:\/\/kwp.at\/pensionistenklubs\/clubs\/bunte-vielfalt-greiseneckergasse-5-copy\/\" rel=\"noopener noreferrer\" class=\"wp-block-kwp-blocks-button-block is-style-secondary-button\">Details zum Klub+ Weitblick<\/a>\n\n\n\n<a target=\"_blank\" href=\"https:\/\/kwp.at\/veranstaltungen\/?filter=club&amp;club_style=1&amp;event_search=&amp;start_date=&amp;end_date=&amp;club%5B%5D=4052\" rel=\"noopener noreferrer\" class=\"wp-block-kwp-blocks-button-block\">Angebote des Klub+ Weitblick<\/a>\n<\/p><\/div>\n\n\n\n<p>Bei den Wiener Pensionist*innenklubs wird das gemeinsame Miteinander gro\u00df geschrieben! In Kooperation mit der <a href=\"https:\/\/www.hilfsgemeinschaft.at\/\" target=\"_blank\" rel=\"noreferrer noopener\">Hilfsgemeinschaft der Blinden und Sehschwachen \u00d6sterreichs<\/a> findet im <em>Klub<\/em>+ Weitblick ein Klubleben der besonderen Art statt, bei dem sowohl Sehbeeintr\u00e4chtigte, als auch Menschen ohne Sehbeeintr\u00e4chtigung und Menschen unterschiedlicher Kulturen und Generationen gemeinsam ihre Freizeit gestalten.<\/p>\n\n\n\n<h2 class=\"wp-block-heading\">Ein vielf\u00e4ltiges Programm<\/h2>\n\n\n\n<p>Das gem\u00fctliche, moderne Klublokal in der Greiseneckergasse, befindet sich gut erreichbar im Herzen des 20. Wiener Gemeindebezirkes. Dieser Klub bietet viel Platz f\u00fcr gemeinsame Aktivit\u00e4ten und eine lustvolle Freizeitgestaltung, wie Qi Gong, Yoga, Smovey, Lima, Tanzen und vieles mehr. <\/p>\n\n\n\n<p>Es wird verst\u00e4rkt auf ein Klubangebot gesetzt, das die besonderen Eigenschaften unserer Klubbesucher*innen unterst\u00fctzt. Unsere vielseitigen Bewegungsangebote finden im nahegelegenen Augarten an der frischen Luft statt. <\/p>\n\n\n\n<p>Au\u00dferdem finden Bildung und Kultur im Veranstaltungsprogramm ebenso Platz, wie Kulinarik: Im &#8222;Klub f\u00fcr alle&#8220; in der Greiseneckergasse besteht n\u00e4mlich die M\u00f6glichkeit, gemeinsam zu fr\u00fchst\u00fccken, zu Mittag zu essen oder den Nachmittag bei einer Kaffeejause zu genie\u00dfen.<\/p>\n\n\n\n<p>Unser Team wird von ehrenamtlichen Mitarbeiter*innen \u2013 mit und ohne Sehbeeintr\u00e4chtigung \u2013 und gemeinn\u00fctzigen Mitarbeiter*innen tatkr\u00e4ftig unterst\u00fctzt. Gemeinsamkeiten und Verbindendes wird im Kluballtag gelebt!<\/p>\n","protected":false},"excerpt":{"rendered":"<p>Im Pensionist*innenklub &#8222;Weitblick&#8220; ist der Blick auf die Welt ein etwas anderer, denn hier findet im Sinne eines inklusiven Miteinanders ein Kluballtag mit Fokus auf<\/p>\n","protected":false},"author":78,"featured_media":16021,"parent":27,"menu_order":7,"comment_status":"closed","ping_status":"closed","template":"","meta":{"_acf_changed":false,"footnotes":""},"class_list":["post-3270","page","type-page","status-publish","has-post-thumbnail","hentry"],"acf":[],"yoast_head":"<!-- This site is optimized with the Yoast SEO plugin v27.4 - https:\/\/yoast.com\/product\/yoast-seo-wordpress\/ -->\n<title>Klub+ Weitblick - Pensionist*innenklubs<\/title>\n<meta name=\"description\" content=\"Hier findet im Sinne eines inklusiven Miteinanders ein Kluballtag mit Fokus auf blinde und sehbeeintr\u00e4chtigte Senioren und Seniorinnen statt.\" \/>\n<meta name=\"robots\" content=\"index, follow, max-snippet:-1, max-image-preview:large, max-video-preview:-1\" \/>\n<link rel=\"canonical\" href=\"https:\/\/kwp.at\/pensionistenklubs\/klubs\/unsere-klubs\/weitblick\/\" \/>\n<meta property=\"og:locale\" content=\"de_DE\" \/>\n<meta property=\"og:type\" content=\"article\" \/>\n<meta property=\"og:title\" content=\"Klub+ Weitblick\" \/>\n<meta property=\"og:description\" content=\"Hier findet im Sinne eines inklusiven Miteinanders ein Kluballtag mit Fokus auf blinde und sehbeeintr\u00e4chtigte Senioren und Seniorinnen statt.\" \/>\n<meta property=\"og:url\" content=\"https:\/\/kwp.at\/pensionistenklubs\/klubs\/unsere-klubs\/weitblick\/\" \/>\n<meta property=\"og:site_name\" content=\"Pensionist*innenklubs\" \/>\n<meta property=\"article:modified_time\" content=\"2025-09-29T11:28:11+00:00\" \/>\n<meta property=\"og:image\" content=\"https:\/\/kwp.at\/pensionistenklubs\/wp-content\/uploads\/sites\/2\/2021\/09\/Eroeffnung-Klub-Weitblick_Greiseneckergasse_72DPI-9769-1-scaled-e1631793314231.jpg\" \/>\n\t<meta property=\"og:image:width\" content=\"2560\" \/>\n\t<meta property=\"og:image:height\" content=\"1388\" \/>\n\t<meta property=\"og:image:type\" content=\"image\/jpeg\" \/>\n<meta name=\"twitter:card\" content=\"summary_large_image\" \/>\n<meta name=\"twitter:label1\" content=\"Gesch\u00e4tzte Lesezeit\" \/>\n\t<meta name=\"twitter:data1\" content=\"2\u00a0Minuten\" \/>\n<script type=\"application\/ld+json\" class=\"yoast-schema-graph\">{\"@context\":\"https:\\\/\\\/schema.org\",\"@graph\":[{\"@type\":\"WebPage\",\"@id\":\"https:\\\/\\\/kwp.at\\\/pensionistenklubs\\\/klubs\\\/unsere-klubs\\\/weitblick\\\/\",\"url\":\"https:\\\/\\\/kwp.at\\\/pensionistenklubs\\\/klubs\\\/unsere-klubs\\\/weitblick\\\/\",\"name\":\"Klub+ Weitblick - Pensionist*innenklubs\",\"isPartOf\":{\"@id\":\"https:\\\/\\\/kwp.at\\\/pensionistenklubs\\\/#website\"},\"primaryImageOfPage\":{\"@id\":\"https:\\\/\\\/kwp.at\\\/pensionistenklubs\\\/klubs\\\/unsere-klubs\\\/weitblick\\\/#primaryimage\"},\"image\":{\"@id\":\"https:\\\/\\\/kwp.at\\\/pensionistenklubs\\\/klubs\\\/unsere-klubs\\\/weitblick\\\/#primaryimage\"},\"thumbnailUrl\":\"https:\\\/\\\/kwp.at\\\/pensionistenklubs\\\/wp-content\\\/uploads\\\/sites\\\/2\\\/2024\\\/07\\\/8-1.jpg\",\"datePublished\":\"2021-01-01T09:15:06+00:00\",\"dateModified\":\"2025-09-29T11:28:11+00:00\",\"description\":\"Hier findet im Sinne eines inklusiven Miteinanders ein Kluballtag mit Fokus auf blinde und sehbeeintr\u00e4chtigte Senioren und Seniorinnen statt.\",\"breadcrumb\":{\"@id\":\"https:\\\/\\\/kwp.at\\\/pensionistenklubs\\\/klubs\\\/unsere-klubs\\\/weitblick\\\/#breadcrumb\"},\"inLanguage\":\"de\",\"potentialAction\":[{\"@type\":\"ReadAction\",\"target\":[\"https:\\\/\\\/kwp.at\\\/pensionistenklubs\\\/klubs\\\/unsere-klubs\\\/weitblick\\\/\"]}]},{\"@type\":\"ImageObject\",\"inLanguage\":\"de\",\"@id\":\"https:\\\/\\\/kwp.at\\\/pensionistenklubs\\\/klubs\\\/unsere-klubs\\\/weitblick\\\/#primaryimage\",\"url\":\"https:\\\/\\\/kwp.at\\\/pensionistenklubs\\\/wp-content\\\/uploads\\\/sites\\\/2\\\/2024\\\/07\\\/8-1.jpg\",\"contentUrl\":\"https:\\\/\\\/kwp.at\\\/pensionistenklubs\\\/wp-content\\\/uploads\\\/sites\\\/2\\\/2024\\\/07\\\/8-1.jpg\",\"width\":1200,\"height\":500,\"caption\":\"Kartenspiele\"},{\"@type\":\"BreadcrumbList\",\"@id\":\"https:\\\/\\\/kwp.at\\\/pensionistenklubs\\\/klubs\\\/unsere-klubs\\\/weitblick\\\/#breadcrumb\",\"itemListElement\":[{\"@type\":\"ListItem\",\"position\":1,\"name\":\"Unsere Klubs\",\"item\":\"https:\\\/\\\/kwp.at\\\/pensionistenklubs\\\/klubs\\\/\"},{\"@type\":\"ListItem\",\"position\":2,\"name\":\"Klub+\",\"item\":\"https:\\\/\\\/kwp.at\\\/pensionistenklubs\\\/klubs\\\/unsere-klubs\\\/\"},{\"@type\":\"ListItem\",\"position\":3,\"name\":\"Klub+ Weitblick\"}]},{\"@type\":\"WebSite\",\"@id\":\"https:\\\/\\\/kwp.at\\\/pensionistenklubs\\\/#website\",\"url\":\"https:\\\/\\\/kwp.at\\\/pensionistenklubs\\\/\",\"name\":\"Pensionist*innenklubs\",\"description\":\"F\u00fcr die Stadt Wien\",\"publisher\":{\"@id\":\"https:\\\/\\\/kwp.at\\\/pensionistenklubs\\\/#organization\"},\"potentialAction\":[{\"@type\":\"SearchAction\",\"target\":{\"@type\":\"EntryPoint\",\"urlTemplate\":\"https:\\\/\\\/kwp.at\\\/pensionistenklubs\\\/?s={search_term_string}\"},\"query-input\":{\"@type\":\"PropertyValueSpecification\",\"valueRequired\":true,\"valueName\":\"search_term_string\"}}],\"inLanguage\":\"de\"},{\"@type\":\"Organization\",\"@id\":\"https:\\\/\\\/kwp.at\\\/pensionistenklubs\\\/#organization\",\"name\":\"PensionistInnenklubs f\u00fcr die Stadt Wien\",\"url\":\"https:\\\/\\\/kwp.at\\\/pensionistenklubs\\\/\",\"logo\":{\"@type\":\"ImageObject\",\"inLanguage\":\"de\",\"@id\":\"https:\\\/\\\/kwp.at\\\/pensionistenklubs\\\/#\\\/schema\\\/logo\\\/image\\\/\",\"url\":\"https:\\\/\\\/kwp.at\\\/pensionistenklubs\\\/wp-content\\\/uploads\\\/sites\\\/2\\\/2022\\\/08\\\/Logo-Pensionistenklubs-scaled-1.jpeg\",\"contentUrl\":\"https:\\\/\\\/kwp.at\\\/pensionistenklubs\\\/wp-content\\\/uploads\\\/sites\\\/2\\\/2022\\\/08\\\/Logo-Pensionistenklubs-scaled-1.jpeg\",\"width\":2560,\"height\":610,\"caption\":\"PensionistInnenklubs f\u00fcr die Stadt Wien\"},\"image\":{\"@id\":\"https:\\\/\\\/kwp.at\\\/pensionistenklubs\\\/#\\\/schema\\\/logo\\\/image\\\/\"}}]}<\/script>\n<!-- \/ Yoast SEO plugin. -->","yoast_head_json":{"title":"Klub+ Weitblick - Pensionist*innenklubs","description":"Hier findet im Sinne eines inklusiven Miteinanders ein Kluballtag mit Fokus auf blinde und sehbeeintr\u00e4chtigte Senioren und Seniorinnen statt.","robots":{"index":"index","follow":"follow","max-snippet":"max-snippet:-1","max-image-preview":"max-image-preview:large","max-video-preview":"max-video-preview:-1"},"canonical":"https:\/\/kwp.at\/pensionistenklubs\/klubs\/unsere-klubs\/weitblick\/","og_locale":"de_DE","og_type":"article","og_title":"Klub+ Weitblick","og_description":"Hier findet im Sinne eines inklusiven Miteinanders ein Kluballtag mit Fokus auf blinde und sehbeeintr\u00e4chtigte Senioren und Seniorinnen statt.","og_url":"https:\/\/kwp.at\/pensionistenklubs\/klubs\/unsere-klubs\/weitblick\/","og_site_name":"Pensionist*innenklubs","article_modified_time":"2025-09-29T11:28:11+00:00","og_image":[{"width":2560,"height":1388,"url":"https:\/\/kwp.at\/pensionistenklubs\/wp-content\/uploads\/sites\/2\/2021\/09\/Eroeffnung-Klub-Weitblick_Greiseneckergasse_72DPI-9769-1-scaled-e1631793314231.jpg","type":"image\/jpeg"}],"twitter_card":"summary_large_image","twitter_misc":{"Gesch\u00e4tzte Lesezeit":"2\u00a0Minuten"},"schema":{"@context":"https:\/\/schema.org","@graph":[{"@type":"WebPage","@id":"https:\/\/kwp.at\/pensionistenklubs\/klubs\/unsere-klubs\/weitblick\/","url":"https:\/\/kwp.at\/pensionistenklubs\/klubs\/unsere-klubs\/weitblick\/","name":"Klub+ Weitblick - Pensionist*innenklubs","isPartOf":{"@id":"https:\/\/kwp.at\/pensionistenklubs\/#website"},"primaryImageOfPage":{"@id":"https:\/\/kwp.at\/pensionistenklubs\/klubs\/unsere-klubs\/weitblick\/#primaryimage"},"image":{"@id":"https:\/\/kwp.at\/pensionistenklubs\/klubs\/unsere-klubs\/weitblick\/#primaryimage"},"thumbnailUrl":"https:\/\/kwp.at\/pensionistenklubs\/wp-content\/uploads\/sites\/2\/2024\/07\/8-1.jpg","datePublished":"2021-01-01T09:15:06+00:00","dateModified":"2025-09-29T11:28:11+00:00","description":"Hier findet im Sinne eines inklusiven Miteinanders ein Kluballtag mit Fokus auf blinde und sehbeeintr\u00e4chtigte Senioren und Seniorinnen statt.","breadcrumb":{"@id":"https:\/\/kwp.at\/pensionistenklubs\/klubs\/unsere-klubs\/weitblick\/#breadcrumb"},"inLanguage":"de","potentialAction":[{"@type":"ReadAction","target":["https:\/\/kwp.at\/pensionistenklubs\/klubs\/unsere-klubs\/weitblick\/"]}]},{"@type":"ImageObject","inLanguage":"de","@id":"https:\/\/kwp.at\/pensionistenklubs\/klubs\/unsere-klubs\/weitblick\/#primaryimage","url":"https:\/\/kwp.at\/pensionistenklubs\/wp-content\/uploads\/sites\/2\/2024\/07\/8-1.jpg","contentUrl":"https:\/\/kwp.at\/pensionistenklubs\/wp-content\/uploads\/sites\/2\/2024\/07\/8-1.jpg","width":1200,"height":500,"caption":"Kartenspiele"},{"@type":"BreadcrumbList","@id":"https:\/\/kwp.at\/pensionistenklubs\/klubs\/unsere-klubs\/weitblick\/#breadcrumb","itemListElement":[{"@type":"ListItem","position":1,"name":"Unsere Klubs","item":"https:\/\/kwp.at\/pensionistenklubs\/klubs\/"},{"@type":"ListItem","position":2,"name":"Klub+","item":"https:\/\/kwp.at\/pensionistenklubs\/klubs\/unsere-klubs\/"},{"@type":"ListItem","position":3,"name":"Klub+ Weitblick"}]},{"@type":"WebSite","@id":"https:\/\/kwp.at\/pensionistenklubs\/#website","url":"https:\/\/kwp.at\/pensionistenklubs\/","name":"Pensionist*innenklubs","description":"F\u00fcr die Stadt Wien","publisher":{"@id":"https:\/\/kwp.at\/pensionistenklubs\/#organization"},"potentialAction":[{"@type":"SearchAction","target":{"@type":"EntryPoint","urlTemplate":"https:\/\/kwp.at\/pensionistenklubs\/?s={search_term_string}"},"query-input":{"@type":"PropertyValueSpecification","valueRequired":true,"valueName":"search_term_string"}}],"inLanguage":"de"},{"@type":"Organization","@id":"https:\/\/kwp.at\/pensionistenklubs\/#organization","name":"PensionistInnenklubs f\u00fcr die Stadt Wien","url":"https:\/\/kwp.at\/pensionistenklubs\/","logo":{"@type":"ImageObject","inLanguage":"de","@id":"https:\/\/kwp.at\/pensionistenklubs\/#\/schema\/logo\/image\/","url":"https:\/\/kwp.at\/pensionistenklubs\/wp-content\/uploads\/sites\/2\/2022\/08\/Logo-Pensionistenklubs-scaled-1.jpeg","contentUrl":"https:\/\/kwp.at\/pensionistenklubs\/wp-content\/uploads\/sites\/2\/2022\/08\/Logo-Pensionistenklubs-scaled-1.jpeg","width":2560,"height":610,"caption":"PensionistInnenklubs f\u00fcr die Stadt Wien"},"image":{"@id":"https:\/\/kwp.at\/pensionistenklubs\/#\/schema\/logo\/image\/"}}]}},"_links":{"self":[{"href":"https:\/\/kwp.at\/pensionistenklubs\/wp-json\/wp\/v2\/pages\/3270","targetHints":{"allow":["GET"]}}],"collection":[{"href":"https:\/\/kwp.at\/pensionistenklubs\/wp-json\/wp\/v2\/pages"}],"about":[{"href":"https:\/\/kwp.at\/pensionistenklubs\/wp-json\/wp\/v2\/types\/page"}],"author":[{"embeddable":true,"href":"https:\/\/kwp.at\/pensionistenklubs\/wp-json\/wp\/v2\/users\/78"}],"replies":[{"embeddable":true,"href":"https:\/\/kwp.at\/pensionistenklubs\/wp-json\/wp\/v2\/comments?post=3270"}],"version-history":[{"count":47,"href":"https:\/\/kwp.at\/pensionistenklubs\/wp-json\/wp\/v2\/pages\/3270\/revisions"}],"predecessor-version":[{"id":19862,"href":"https:\/\/kwp.at\/pensionistenklubs\/wp-json\/wp\/v2\/pages\/3270\/revisions\/19862"}],"up":[{"embeddable":true,"href":"https:\/\/kwp.at\/pensionistenklubs\/wp-json\/wp\/v2\/pages\/27"}],"wp:featuredmedia":[{"embeddable":true,"href":"https:\/\/kwp.at\/pensionistenklubs\/wp-json\/wp\/v2\/media\/16021"}],"wp:attachment":[{"href":"https:\/\/kwp.at\/pensionistenklubs\/wp-json\/wp\/v2\/media?parent=3270"}],"curies":[{"name":"wp","href":"https:\/\/api.w.org\/{rel}","templated":true}]}}