{"id":3267,"date":"2020-11-27T10:54:45","date_gmt":"2020-11-27T09:54:45","guid":{"rendered":"https:\/\/kwp.at\/pensionistenklubs\/?page_id=3267"},"modified":"2025-09-29T13:26:34","modified_gmt":"2025-09-29T11:26:34","slug":"witaf-klub","status":"publish","type":"page","link":"https:\/\/kwp.at\/pensionistenklubs\/klubs\/unsere-klubs\/witaf-klub\/","title":{"rendered":"Klub+ WITAF-Geh\u00f6rlosenklub"},"content":{"rendered":"\n<p><strong>H\u00f6rbeeintr\u00e4chtigte und geh\u00f6rlose Senior*innen aus ganz Wien treffen einander im <a href=\"https:\/\/kwp.at\/pensionistenklubs\/clubs\/kleine-pfarrgasse-33\/\">Pensionist*innenklub &#8222;Br\u00fcderlichkeit&#8220;<\/a> des Geh\u00f6rlosenverbandes WITAF, wo sie sich in ihrer Muttersprache \u2013 der Geb\u00e4rdensprache \u2013 austauschen.<\/strong><\/p>\n\n\n\n<div style=\"background-color: #DA3910\" class=\"wp-block-kwp-blocks-infobox\"><h3>Klub+ WITAF-Geh\u00f6rlosenklub<br>Kleine Pfarrgasse 33, 1020 Wien<\/h3><p>\n<p><strong>Kontakt:<\/strong> 01\/ 214 58 74, <a href=\"mailto:PK.kleinepfarrgasse@kwp.at\">PK.kleinepfarrgasse@kwp.at<\/a><\/p>\n\n\n\n<p><strong>\u00d6ffnungszeiten:<\/strong> Montag bis Freitag, 12:00-17:00 Uhr<\/p>\n\n\n\n<a target=\"_blank\" href=\"https:\/\/kwp.at\/pensionistenklubs\/clubs\/kleine-pfarrgasse-33\/\" rel=\"noopener noreferrer\" class=\"wp-block-kwp-blocks-button-block is-style-secondary-button\">Details zum Klub+ WITAF-Geh\u00f6rlosenklub<\/a>\n\n\n\n<a target=\"_blank\" href=\"https:\/\/kwp.at\/veranstaltungen\/?filter=club&amp;club_style=1&amp;event_search=&amp;start_date=&amp;end_date=&amp;club%5B%5D=431\" rel=\"noopener noreferrer\" class=\"wp-block-kwp-blocks-button-block\">Angebote der Klub+ WITAF-Geh\u00f6rlosenklub<\/a>\n<\/p><\/div>\n\n\n\n<p>F\u00fcr all unsere Pensionist*innenklubs gilt, dass wir sie als Orte der Begegnung und der gegenseitigen Hilfe sehen. Wir alle setzen uns f\u00fcr eine inklusive Gesellschaft ein, die niemanden ausschlie\u00dft!<\/p>\n\n\n\n<h2 class=\"wp-block-heading\">Keine Ber\u00fchrungs\u00e4ngste<\/h2>\n\n\n\n<p>Neben netter Gesellschaft bietet der <em>Klub<\/em>+ ein unterhaltsames und vielf\u00e4ltiges Freizeitprogramm bei dem auch<strong> <\/strong>h\u00f6rende G\u00e4ste immer gerne gesehen sind!<\/p>\n\n\n\n<p>Neben der \u00fcblichen Kaffeejause werden im Klub Kleine Pfarrgasse verst\u00e4rkt gemeinsame und klub\u00fcbergreifende Angebote gesetzt und somit versucht, m\u00f6gliche Ber\u00fchrungs\u00e4ngste auf beiden Seiten <strong>\u2013<\/strong> zwischen h\u00f6renden und geh\u00f6rlosen Besucher*innen <strong>\u2013<\/strong> abzubauen.<\/p>\n\n\n\n<p>So finden neben gemeinsamen Trommelkursen auch regelm\u00e4\u00dfig Boccia Turniere, gemeinsames Nordic Walking oder Spazierg\u00e4nge im Freien statt, die f\u00fcr alle Teilnehmer*innen offen sind.<\/p>\n\n\n\n<p> Weiters findet im Klub Kleine Pfarrgasse ein regelm\u00e4\u00dfiger Austausch mit Gruppen von (h\u00f6renden) Kindern, Jugendlichen und deren Eltern statt. <\/p>\n\n\n\n<h2 class=\"wp-block-heading\">Das Klublokal<\/h2>\n\n\n\n<p>Der WITAF-Geh\u00f6rlosenklub befindet sich im Amtsgeb\u00e4ude 2, in der Kleinen Pfarrgasse 33, im Herzen des zweiten Wiener Gemeindebezirkes und wird ausschlie\u00dflich von ebenfalls geh\u00f6rbeeintr\u00e4chtigten Klubbetreuer*innen geleitet. <\/p>\n\n\n\n<p>Schon in der Nachkriegszeit war der jetzige Klub als &#8222;W\u00e4rmestube&#8220; ausgelegt und stand damals speziell der betagten und mittellosen &#8222;taubstummen&#8220; Bev\u00f6lkerung zur Verf\u00fcgung. Mit dem 12. Oktober 1966 wurde schlie\u00dflich der Pensionist*innenklub f\u00fcr geh\u00f6rlose Menschen durch Stadtr\u00e4tin Maria Jacobi f\u00fcr die Stadt Wien er\u00f6ffnet.<\/p>\n\n\n\n<p>Heute pr\u00e4sentiert sich das Klublokal freundlich, hell und gem\u00fctlich und bietet viel Raum f\u00fcr gemeinsame Aktivit\u00e4ten.<\/p>\n\n\n\n<p><strong>Besuchen Sie uns!<\/strong><\/p>\n","protected":false},"excerpt":{"rendered":"<p>H\u00f6rbeeintr\u00e4chtigte und geh\u00f6rlose Senior*innen aus ganz Wien treffen einander im Pensionist*innenklub &#8222;Br\u00fcderlichkeit&#8220; des Geh\u00f6rlosenverbandes WITAF, wo sie sich in ihrer Muttersprache \u2013 der Geb\u00e4rdensprache \u2013<\/p>\n","protected":false},"author":78,"featured_media":16022,"parent":27,"menu_order":4,"comment_status":"closed","ping_status":"closed","template":"","meta":{"_acf_changed":false,"footnotes":""},"class_list":["post-3267","page","type-page","status-publish","has-post-thumbnail","hentry"],"acf":[],"yoast_head":"<!-- This site is optimized with the Yoast SEO plugin v27.4 - https:\/\/yoast.com\/product\/yoast-seo-wordpress\/ -->\n<title>Klub+ WITAF-Geh\u00f6rlosenklub - Pensionist*innenklubs<\/title>\n<meta name=\"description\" content=\"Geh\u00f6rbeeintr\u00e4chtige Senioren und Seniorinnen treffen einander im Klub+ WITAF-Geh\u00f6rlosenklub. Hier gibt es ein abwechslungsreiches Programm.\" \/>\n<meta name=\"robots\" content=\"index, follow, max-snippet:-1, max-image-preview:large, max-video-preview:-1\" \/>\n<link rel=\"canonical\" href=\"https:\/\/kwp.at\/pensionistenklubs\/klubs\/unsere-klubs\/witaf-klub\/\" \/>\n<meta property=\"og:locale\" content=\"de_DE\" \/>\n<meta property=\"og:type\" content=\"article\" \/>\n<meta property=\"og:title\" content=\"Klub+ WITAF-Geh\u00f6rlosenklub\" \/>\n<meta property=\"og:description\" content=\"Geh\u00f6rbeeintr\u00e4chtige Senioren und SeniorInnen treffen einander im Klub+ WITAF-Geh\u00f6rlosenklub. Hier gibt es ein abwechslungsreiches Programm.\" \/>\n<meta property=\"og:url\" content=\"https:\/\/kwp.at\/pensionistenklubs\/klubs\/unsere-klubs\/witaf-klub\/\" \/>\n<meta property=\"og:site_name\" content=\"Pensionist*innenklubs\" \/>\n<meta property=\"article:modified_time\" content=\"2025-09-29T11:26:34+00:00\" \/>\n<meta property=\"og:image\" content=\"https:\/\/kwp.at\/pensionistenklubs\/wp-content\/uploads\/sites\/2\/2020\/05\/WITAF-Pensionistenklub-Kleine-Pfarrgasse_Senioinnen-lachen_final-1.jpg\" \/>\n\t<meta property=\"og:image:width\" content=\"1000\" \/>\n\t<meta property=\"og:image:height\" content=\"688\" \/>\n\t<meta property=\"og:image:type\" content=\"image\/jpeg\" \/>\n<meta name=\"twitter:card\" content=\"summary_large_image\" \/>\n<meta name=\"twitter:label1\" content=\"Gesch\u00e4tzte Lesezeit\" \/>\n\t<meta name=\"twitter:data1\" content=\"2\u00a0Minuten\" \/>\n<script type=\"application\/ld+json\" class=\"yoast-schema-graph\">{\"@context\":\"https:\\\/\\\/schema.org\",\"@graph\":[{\"@type\":\"WebPage\",\"@id\":\"https:\\\/\\\/kwp.at\\\/pensionistenklubs\\\/klubs\\\/unsere-klubs\\\/witaf-klub\\\/\",\"url\":\"https:\\\/\\\/kwp.at\\\/pensionistenklubs\\\/klubs\\\/unsere-klubs\\\/witaf-klub\\\/\",\"name\":\"Klub+ WITAF-Geh\u00f6rlosenklub - Pensionist*innenklubs\",\"isPartOf\":{\"@id\":\"https:\\\/\\\/kwp.at\\\/pensionistenklubs\\\/#website\"},\"primaryImageOfPage\":{\"@id\":\"https:\\\/\\\/kwp.at\\\/pensionistenklubs\\\/klubs\\\/unsere-klubs\\\/witaf-klub\\\/#primaryimage\"},\"image\":{\"@id\":\"https:\\\/\\\/kwp.at\\\/pensionistenklubs\\\/klubs\\\/unsere-klubs\\\/witaf-klub\\\/#primaryimage\"},\"thumbnailUrl\":\"https:\\\/\\\/kwp.at\\\/pensionistenklubs\\\/wp-content\\\/uploads\\\/sites\\\/2\\\/2024\\\/07\\\/11.jpg\",\"datePublished\":\"2020-11-27T09:54:45+00:00\",\"dateModified\":\"2025-09-29T11:26:34+00:00\",\"description\":\"Geh\u00f6rbeeintr\u00e4chtige Senioren und Seniorinnen treffen einander im Klub+ WITAF-Geh\u00f6rlosenklub. Hier gibt es ein abwechslungsreiches Programm.\",\"breadcrumb\":{\"@id\":\"https:\\\/\\\/kwp.at\\\/pensionistenklubs\\\/klubs\\\/unsere-klubs\\\/witaf-klub\\\/#breadcrumb\"},\"inLanguage\":\"de\",\"potentialAction\":[{\"@type\":\"ReadAction\",\"target\":[\"https:\\\/\\\/kwp.at\\\/pensionistenklubs\\\/klubs\\\/unsere-klubs\\\/witaf-klub\\\/\"]}]},{\"@type\":\"ImageObject\",\"inLanguage\":\"de\",\"@id\":\"https:\\\/\\\/kwp.at\\\/pensionistenklubs\\\/klubs\\\/unsere-klubs\\\/witaf-klub\\\/#primaryimage\",\"url\":\"https:\\\/\\\/kwp.at\\\/pensionistenklubs\\\/wp-content\\\/uploads\\\/sites\\\/2\\\/2024\\\/07\\\/11.jpg\",\"contentUrl\":\"https:\\\/\\\/kwp.at\\\/pensionistenklubs\\\/wp-content\\\/uploads\\\/sites\\\/2\\\/2024\\\/07\\\/11.jpg\",\"width\":1200,\"height\":500,\"caption\":\"gl\u00fcckliches Paar\"},{\"@type\":\"BreadcrumbList\",\"@id\":\"https:\\\/\\\/kwp.at\\\/pensionistenklubs\\\/klubs\\\/unsere-klubs\\\/witaf-klub\\\/#breadcrumb\",\"itemListElement\":[{\"@type\":\"ListItem\",\"position\":1,\"name\":\"Unsere Klubs\",\"item\":\"https:\\\/\\\/kwp.at\\\/pensionistenklubs\\\/klubs\\\/\"},{\"@type\":\"ListItem\",\"position\":2,\"name\":\"Klub+\",\"item\":\"https:\\\/\\\/kwp.at\\\/pensionistenklubs\\\/klubs\\\/unsere-klubs\\\/\"},{\"@type\":\"ListItem\",\"position\":3,\"name\":\"Klub+ WITAF-Geh\u00f6rlosenklub\"}]},{\"@type\":\"WebSite\",\"@id\":\"https:\\\/\\\/kwp.at\\\/pensionistenklubs\\\/#website\",\"url\":\"https:\\\/\\\/kwp.at\\\/pensionistenklubs\\\/\",\"name\":\"Pensionist*innenklubs\",\"description\":\"F\u00fcr die Stadt Wien\",\"publisher\":{\"@id\":\"https:\\\/\\\/kwp.at\\\/pensionistenklubs\\\/#organization\"},\"potentialAction\":[{\"@type\":\"SearchAction\",\"target\":{\"@type\":\"EntryPoint\",\"urlTemplate\":\"https:\\\/\\\/kwp.at\\\/pensionistenklubs\\\/?s={search_term_string}\"},\"query-input\":{\"@type\":\"PropertyValueSpecification\",\"valueRequired\":true,\"valueName\":\"search_term_string\"}}],\"inLanguage\":\"de\"},{\"@type\":\"Organization\",\"@id\":\"https:\\\/\\\/kwp.at\\\/pensionistenklubs\\\/#organization\",\"name\":\"PensionistInnenklubs f\u00fcr die Stadt Wien\",\"url\":\"https:\\\/\\\/kwp.at\\\/pensionistenklubs\\\/\",\"logo\":{\"@type\":\"ImageObject\",\"inLanguage\":\"de\",\"@id\":\"https:\\\/\\\/kwp.at\\\/pensionistenklubs\\\/#\\\/schema\\\/logo\\\/image\\\/\",\"url\":\"https:\\\/\\\/kwp.at\\\/pensionistenklubs\\\/wp-content\\\/uploads\\\/sites\\\/2\\\/2022\\\/08\\\/Logo-Pensionistenklubs-scaled-1.jpeg\",\"contentUrl\":\"https:\\\/\\\/kwp.at\\\/pensionistenklubs\\\/wp-content\\\/uploads\\\/sites\\\/2\\\/2022\\\/08\\\/Logo-Pensionistenklubs-scaled-1.jpeg\",\"width\":2560,\"height\":610,\"caption\":\"PensionistInnenklubs f\u00fcr die Stadt Wien\"},\"image\":{\"@id\":\"https:\\\/\\\/kwp.at\\\/pensionistenklubs\\\/#\\\/schema\\\/logo\\\/image\\\/\"}}]}<\/script>\n<!-- \/ Yoast SEO plugin. -->","yoast_head_json":{"title":"Klub+ WITAF-Geh\u00f6rlosenklub - Pensionist*innenklubs","description":"Geh\u00f6rbeeintr\u00e4chtige Senioren und Seniorinnen treffen einander im Klub+ WITAF-Geh\u00f6rlosenklub. Hier gibt es ein abwechslungsreiches Programm.","robots":{"index":"index","follow":"follow","max-snippet":"max-snippet:-1","max-image-preview":"max-image-preview:large","max-video-preview":"max-video-preview:-1"},"canonical":"https:\/\/kwp.at\/pensionistenklubs\/klubs\/unsere-klubs\/witaf-klub\/","og_locale":"de_DE","og_type":"article","og_title":"Klub+ WITAF-Geh\u00f6rlosenklub","og_description":"Geh\u00f6rbeeintr\u00e4chtige Senioren und SeniorInnen treffen einander im Klub+ WITAF-Geh\u00f6rlosenklub. Hier gibt es ein abwechslungsreiches Programm.","og_url":"https:\/\/kwp.at\/pensionistenklubs\/klubs\/unsere-klubs\/witaf-klub\/","og_site_name":"Pensionist*innenklubs","article_modified_time":"2025-09-29T11:26:34+00:00","og_image":[{"width":1000,"height":688,"url":"https:\/\/kwp.at\/pensionistenklubs\/wp-content\/uploads\/sites\/2\/2020\/05\/WITAF-Pensionistenklub-Kleine-Pfarrgasse_Senioinnen-lachen_final-1.jpg","type":"image\/jpeg"}],"twitter_card":"summary_large_image","twitter_misc":{"Gesch\u00e4tzte Lesezeit":"2\u00a0Minuten"},"schema":{"@context":"https:\/\/schema.org","@graph":[{"@type":"WebPage","@id":"https:\/\/kwp.at\/pensionistenklubs\/klubs\/unsere-klubs\/witaf-klub\/","url":"https:\/\/kwp.at\/pensionistenklubs\/klubs\/unsere-klubs\/witaf-klub\/","name":"Klub+ WITAF-Geh\u00f6rlosenklub - Pensionist*innenklubs","isPartOf":{"@id":"https:\/\/kwp.at\/pensionistenklubs\/#website"},"primaryImageOfPage":{"@id":"https:\/\/kwp.at\/pensionistenklubs\/klubs\/unsere-klubs\/witaf-klub\/#primaryimage"},"image":{"@id":"https:\/\/kwp.at\/pensionistenklubs\/klubs\/unsere-klubs\/witaf-klub\/#primaryimage"},"thumbnailUrl":"https:\/\/kwp.at\/pensionistenklubs\/wp-content\/uploads\/sites\/2\/2024\/07\/11.jpg","datePublished":"2020-11-27T09:54:45+00:00","dateModified":"2025-09-29T11:26:34+00:00","description":"Geh\u00f6rbeeintr\u00e4chtige Senioren und Seniorinnen treffen einander im Klub+ WITAF-Geh\u00f6rlosenklub. Hier gibt es ein abwechslungsreiches Programm.","breadcrumb":{"@id":"https:\/\/kwp.at\/pensionistenklubs\/klubs\/unsere-klubs\/witaf-klub\/#breadcrumb"},"inLanguage":"de","potentialAction":[{"@type":"ReadAction","target":["https:\/\/kwp.at\/pensionistenklubs\/klubs\/unsere-klubs\/witaf-klub\/"]}]},{"@type":"ImageObject","inLanguage":"de","@id":"https:\/\/kwp.at\/pensionistenklubs\/klubs\/unsere-klubs\/witaf-klub\/#primaryimage","url":"https:\/\/kwp.at\/pensionistenklubs\/wp-content\/uploads\/sites\/2\/2024\/07\/11.jpg","contentUrl":"https:\/\/kwp.at\/pensionistenklubs\/wp-content\/uploads\/sites\/2\/2024\/07\/11.jpg","width":1200,"height":500,"caption":"gl\u00fcckliches Paar"},{"@type":"BreadcrumbList","@id":"https:\/\/kwp.at\/pensionistenklubs\/klubs\/unsere-klubs\/witaf-klub\/#breadcrumb","itemListElement":[{"@type":"ListItem","position":1,"name":"Unsere Klubs","item":"https:\/\/kwp.at\/pensionistenklubs\/klubs\/"},{"@type":"ListItem","position":2,"name":"Klub+","item":"https:\/\/kwp.at\/pensionistenklubs\/klubs\/unsere-klubs\/"},{"@type":"ListItem","position":3,"name":"Klub+ WITAF-Geh\u00f6rlosenklub"}]},{"@type":"WebSite","@id":"https:\/\/kwp.at\/pensionistenklubs\/#website","url":"https:\/\/kwp.at\/pensionistenklubs\/","name":"Pensionist*innenklubs","description":"F\u00fcr die Stadt Wien","publisher":{"@id":"https:\/\/kwp.at\/pensionistenklubs\/#organization"},"potentialAction":[{"@type":"SearchAction","target":{"@type":"EntryPoint","urlTemplate":"https:\/\/kwp.at\/pensionistenklubs\/?s={search_term_string}"},"query-input":{"@type":"PropertyValueSpecification","valueRequired":true,"valueName":"search_term_string"}}],"inLanguage":"de"},{"@type":"Organization","@id":"https:\/\/kwp.at\/pensionistenklubs\/#organization","name":"PensionistInnenklubs f\u00fcr die Stadt Wien","url":"https:\/\/kwp.at\/pensionistenklubs\/","logo":{"@type":"ImageObject","inLanguage":"de","@id":"https:\/\/kwp.at\/pensionistenklubs\/#\/schema\/logo\/image\/","url":"https:\/\/kwp.at\/pensionistenklubs\/wp-content\/uploads\/sites\/2\/2022\/08\/Logo-Pensionistenklubs-scaled-1.jpeg","contentUrl":"https:\/\/kwp.at\/pensionistenklubs\/wp-content\/uploads\/sites\/2\/2022\/08\/Logo-Pensionistenklubs-scaled-1.jpeg","width":2560,"height":610,"caption":"PensionistInnenklubs f\u00fcr die Stadt Wien"},"image":{"@id":"https:\/\/kwp.at\/pensionistenklubs\/#\/schema\/logo\/image\/"}}]}},"_links":{"self":[{"href":"https:\/\/kwp.at\/pensionistenklubs\/wp-json\/wp\/v2\/pages\/3267","targetHints":{"allow":["GET"]}}],"collection":[{"href":"https:\/\/kwp.at\/pensionistenklubs\/wp-json\/wp\/v2\/pages"}],"about":[{"href":"https:\/\/kwp.at\/pensionistenklubs\/wp-json\/wp\/v2\/types\/page"}],"author":[{"embeddable":true,"href":"https:\/\/kwp.at\/pensionistenklubs\/wp-json\/wp\/v2\/users\/78"}],"replies":[{"embeddable":true,"href":"https:\/\/kwp.at\/pensionistenklubs\/wp-json\/wp\/v2\/comments?post=3267"}],"version-history":[{"count":32,"href":"https:\/\/kwp.at\/pensionistenklubs\/wp-json\/wp\/v2\/pages\/3267\/revisions"}],"predecessor-version":[{"id":19860,"href":"https:\/\/kwp.at\/pensionistenklubs\/wp-json\/wp\/v2\/pages\/3267\/revisions\/19860"}],"up":[{"embeddable":true,"href":"https:\/\/kwp.at\/pensionistenklubs\/wp-json\/wp\/v2\/pages\/27"}],"wp:featuredmedia":[{"embeddable":true,"href":"https:\/\/kwp.at\/pensionistenklubs\/wp-json\/wp\/v2\/media\/16022"}],"wp:attachment":[{"href":"https:\/\/kwp.at\/pensionistenklubs\/wp-json\/wp\/v2\/media?parent=3267"}],"curies":[{"name":"wp","href":"https:\/\/api.w.org\/{rel}","templated":true}]}}