{"id":31,"date":"2020-03-01T14:07:01","date_gmt":"2020-03-01T13:07:01","guid":{"rendered":"https:\/\/kwp.at\/pensionistenklubs\/?page_id=31"},"modified":"2025-11-11T16:48:14","modified_gmt":"2025-11-11T15:48:14","slug":"karriere","status":"publish","type":"page","link":"https:\/\/kwp.at\/pensionistenklubs\/dabei-sein\/karriere\/","title":{"rendered":"Karriere"},"content":{"rendered":"\n<p><strong>Jetzt bewerben: Die Pensionist*innenklubs f\u00fcr die Stadt Wien und die H\u00e4user zum Leben sind immer auf der Suche nach tatkr\u00e4ftiger Verst\u00e4rkung und neuen Mitarbeiter*innen.<\/strong><\/p>\n\n\n\n<div style=\"background-color: #1A880C\" class=\"wp-block-kwp-blocks-infobox\"><h3>Jobportal<\/h3><p>\n<p>Schauen Sie auf unser Jobportal und bewerben Sie sich um Ihre Wunschstelle.<\/p>\n\n\n\n<a target=\"_blank\" href=\"https:\/\/jobs.kwp.at\/\" rel=\"noopener noreferrer\" class=\"wp-block-kwp-blocks-button-block\">Zum Jobportal<\/a>\n<\/p><\/div>\n\n\n\n<p><strong>Wir freuen uns auf Ihre Bewerbung!<\/strong><\/p>\n\n\n\n<p><\/p>\n","protected":false},"excerpt":{"rendered":"<p>Jetzt bewerben: Die Pensionist*innenklubs f\u00fcr die Stadt Wien und die H\u00e4user zum Leben sind immer auf der Suche nach tatkr\u00e4ftiger Verst\u00e4rkung und neuen Mitarbeiter*innen. Wir<\/p>\n","protected":false},"author":1,"featured_media":829,"parent":3224,"menu_order":7,"comment_status":"closed","ping_status":"closed","template":"","meta":{"_acf_changed":false,"footnotes":""},"class_list":["post-31","page","type-page","status-publish","has-post-thumbnail","hentry"],"acf":[],"yoast_head":"<!-- This site is optimized with the Yoast SEO plugin v27.2 - https:\/\/yoast.com\/product\/yoast-seo-wordpress\/ -->\n<title>Karriere - Pensionist*innenklubs<\/title>\n<meta name=\"description\" content=\"Jetzt bewerben: Die PensionistInnenklubs f\u00fcr die Stadt Wien sind immer auf der Suche nach neuen MitarbeiterInnen.\" \/>\n<meta name=\"robots\" content=\"index, follow, max-snippet:-1, max-image-preview:large, max-video-preview:-1\" \/>\n<link rel=\"canonical\" href=\"https:\/\/kwp.at\/pensionistenklubs\/dabei-sein\/karriere\/\" \/>\n<meta property=\"og:locale\" content=\"de_DE\" \/>\n<meta property=\"og:type\" content=\"article\" \/>\n<meta property=\"og:title\" content=\"Karriere bei den PensionistInnenklubs\" \/>\n<meta property=\"og:description\" content=\"Jetzt bewerben: Die PensionistInnenklubs f\u00fcr die Stadt Wien sind immer auf der Suche nach neuen MitarbeiterInnen.\" \/>\n<meta property=\"og:url\" content=\"https:\/\/kwp.at\/pensionistenklubs\/dabei-sein\/karriere\/\" \/>\n<meta property=\"og:site_name\" content=\"Pensionist*innenklubs\" \/>\n<meta property=\"article:modified_time\" content=\"2025-11-11T15:48:14+00:00\" \/>\n<meta property=\"og:image\" content=\"https:\/\/kwp.at\/pensionistenklubs\/wp-content\/uploads\/sites\/2\/2020\/05\/Pensionistenklub-Engerthstrasse-87-89_Ehrenamtlicher-Mitarbeiter-Klubbetreuer-Interaktion-mit-Seniorin_final-scaled-1-e1604656672729.jpg\" \/>\n\t<meta property=\"og:image:width\" content=\"2560\" \/>\n\t<meta property=\"og:image:height\" content=\"1414\" \/>\n\t<meta property=\"og:image:type\" content=\"image\/jpeg\" \/>\n<meta name=\"twitter:card\" content=\"summary_large_image\" \/>\n<meta name=\"twitter:label1\" content=\"Gesch\u00e4tzte Lesezeit\" \/>\n\t<meta name=\"twitter:data1\" content=\"1\u00a0Minute\" \/>\n<script type=\"application\/ld+json\" class=\"yoast-schema-graph\">{\"@context\":\"https:\/\/schema.org\",\"@graph\":[{\"@type\":\"WebPage\",\"@id\":\"https:\/\/kwp.at\/pensionistenklubs\/dabei-sein\/karriere\/\",\"url\":\"https:\/\/kwp.at\/pensionistenklubs\/dabei-sein\/karriere\/\",\"name\":\"Karriere - Pensionist*innenklubs\",\"isPartOf\":{\"@id\":\"https:\/\/kwp.at\/pensionistenklubs\/#website\"},\"primaryImageOfPage\":{\"@id\":\"https:\/\/kwp.at\/pensionistenklubs\/dabei-sein\/karriere\/#primaryimage\"},\"image\":{\"@id\":\"https:\/\/kwp.at\/pensionistenklubs\/dabei-sein\/karriere\/#primaryimage\"},\"thumbnailUrl\":\"https:\/\/kwp.at\/pensionistenklubs\/wp-content\/uploads\/sites\/2\/2020\/05\/Pensionistenklub-Engerthstrasse-87-89_Ehrenamtlicher-Mitarbeiter-Klubbetreuer-Interaktion-mit-Seniorin_final-scaled-1-e1604656672729.jpg\",\"datePublished\":\"2020-03-01T13:07:01+00:00\",\"dateModified\":\"2025-11-11T15:48:14+00:00\",\"description\":\"Jetzt bewerben: Die PensionistInnenklubs f\u00fcr die Stadt Wien sind immer auf der Suche nach neuen MitarbeiterInnen.\",\"breadcrumb\":{\"@id\":\"https:\/\/kwp.at\/pensionistenklubs\/dabei-sein\/karriere\/#breadcrumb\"},\"inLanguage\":\"de\",\"potentialAction\":[{\"@type\":\"ReadAction\",\"target\":[\"https:\/\/kwp.at\/pensionistenklubs\/dabei-sein\/karriere\/\"]}]},{\"@type\":\"ImageObject\",\"inLanguage\":\"de\",\"@id\":\"https:\/\/kwp.at\/pensionistenklubs\/dabei-sein\/karriere\/#primaryimage\",\"url\":\"https:\/\/kwp.at\/pensionistenklubs\/wp-content\/uploads\/sites\/2\/2020\/05\/Pensionistenklub-Engerthstrasse-87-89_Ehrenamtlicher-Mitarbeiter-Klubbetreuer-Interaktion-mit-Seniorin_final-scaled-1-e1604656672729.jpg\",\"contentUrl\":\"https:\/\/kwp.at\/pensionistenklubs\/wp-content\/uploads\/sites\/2\/2020\/05\/Pensionistenklub-Engerthstrasse-87-89_Ehrenamtlicher-Mitarbeiter-Klubbetreuer-Interaktion-mit-Seniorin_final-scaled-1-e1604656672729.jpg\",\"width\":2560,\"height\":1414,\"caption\":\"Ein Klubbetreuer diskutiert mit einer Besucherin\"},{\"@type\":\"BreadcrumbList\",\"@id\":\"https:\/\/kwp.at\/pensionistenklubs\/dabei-sein\/karriere\/#breadcrumb\",\"itemListElement\":[{\"@type\":\"ListItem\",\"position\":1,\"name\":\"Dabei sein!\",\"item\":\"https:\/\/kwp.at\/pensionistenklubs\/dabei-sein\/\"},{\"@type\":\"ListItem\",\"position\":2,\"name\":\"Karriere\"}]},{\"@type\":\"WebSite\",\"@id\":\"https:\/\/kwp.at\/pensionistenklubs\/#website\",\"url\":\"https:\/\/kwp.at\/pensionistenklubs\/\",\"name\":\"Pensionist*innenklubs\",\"description\":\"F\u00fcr die Stadt Wien\",\"publisher\":{\"@id\":\"https:\/\/kwp.at\/pensionistenklubs\/#organization\"},\"potentialAction\":[{\"@type\":\"SearchAction\",\"target\":{\"@type\":\"EntryPoint\",\"urlTemplate\":\"https:\/\/kwp.at\/pensionistenklubs\/?s={search_term_string}\"},\"query-input\":{\"@type\":\"PropertyValueSpecification\",\"valueRequired\":true,\"valueName\":\"search_term_string\"}}],\"inLanguage\":\"de\"},{\"@type\":\"Organization\",\"@id\":\"https:\/\/kwp.at\/pensionistenklubs\/#organization\",\"name\":\"PensionistInnenklubs f\u00fcr die Stadt Wien\",\"url\":\"https:\/\/kwp.at\/pensionistenklubs\/\",\"logo\":{\"@type\":\"ImageObject\",\"inLanguage\":\"de\",\"@id\":\"https:\/\/kwp.at\/pensionistenklubs\/#\/schema\/logo\/image\/\",\"url\":\"https:\/\/kwp.at\/pensionistenklubs\/wp-content\/uploads\/sites\/2\/2022\/08\/Logo-Pensionistenklubs-scaled-1.jpeg\",\"contentUrl\":\"https:\/\/kwp.at\/pensionistenklubs\/wp-content\/uploads\/sites\/2\/2022\/08\/Logo-Pensionistenklubs-scaled-1.jpeg\",\"width\":2560,\"height\":610,\"caption\":\"PensionistInnenklubs f\u00fcr die Stadt Wien\"},\"image\":{\"@id\":\"https:\/\/kwp.at\/pensionistenklubs\/#\/schema\/logo\/image\/\"}}]}<\/script>\n<!-- \/ Yoast SEO plugin. -->","yoast_head_json":{"title":"Karriere - Pensionist*innenklubs","description":"Jetzt bewerben: Die PensionistInnenklubs f\u00fcr die Stadt Wien sind immer auf der Suche nach neuen MitarbeiterInnen.","robots":{"index":"index","follow":"follow","max-snippet":"max-snippet:-1","max-image-preview":"max-image-preview:large","max-video-preview":"max-video-preview:-1"},"canonical":"https:\/\/kwp.at\/pensionistenklubs\/dabei-sein\/karriere\/","og_locale":"de_DE","og_type":"article","og_title":"Karriere bei den PensionistInnenklubs","og_description":"Jetzt bewerben: Die PensionistInnenklubs f\u00fcr die Stadt Wien sind immer auf der Suche nach neuen MitarbeiterInnen.","og_url":"https:\/\/kwp.at\/pensionistenklubs\/dabei-sein\/karriere\/","og_site_name":"Pensionist*innenklubs","article_modified_time":"2025-11-11T15:48:14+00:00","og_image":[{"width":2560,"height":1414,"url":"https:\/\/kwp.at\/pensionistenklubs\/wp-content\/uploads\/sites\/2\/2020\/05\/Pensionistenklub-Engerthstrasse-87-89_Ehrenamtlicher-Mitarbeiter-Klubbetreuer-Interaktion-mit-Seniorin_final-scaled-1-e1604656672729.jpg","type":"image\/jpeg"}],"twitter_card":"summary_large_image","twitter_misc":{"Gesch\u00e4tzte Lesezeit":"1\u00a0Minute"},"schema":{"@context":"https:\/\/schema.org","@graph":[{"@type":"WebPage","@id":"https:\/\/kwp.at\/pensionistenklubs\/dabei-sein\/karriere\/","url":"https:\/\/kwp.at\/pensionistenklubs\/dabei-sein\/karriere\/","name":"Karriere - Pensionist*innenklubs","isPartOf":{"@id":"https:\/\/kwp.at\/pensionistenklubs\/#website"},"primaryImageOfPage":{"@id":"https:\/\/kwp.at\/pensionistenklubs\/dabei-sein\/karriere\/#primaryimage"},"image":{"@id":"https:\/\/kwp.at\/pensionistenklubs\/dabei-sein\/karriere\/#primaryimage"},"thumbnailUrl":"https:\/\/kwp.at\/pensionistenklubs\/wp-content\/uploads\/sites\/2\/2020\/05\/Pensionistenklub-Engerthstrasse-87-89_Ehrenamtlicher-Mitarbeiter-Klubbetreuer-Interaktion-mit-Seniorin_final-scaled-1-e1604656672729.jpg","datePublished":"2020-03-01T13:07:01+00:00","dateModified":"2025-11-11T15:48:14+00:00","description":"Jetzt bewerben: Die PensionistInnenklubs f\u00fcr die Stadt Wien sind immer auf der Suche nach neuen MitarbeiterInnen.","breadcrumb":{"@id":"https:\/\/kwp.at\/pensionistenklubs\/dabei-sein\/karriere\/#breadcrumb"},"inLanguage":"de","potentialAction":[{"@type":"ReadAction","target":["https:\/\/kwp.at\/pensionistenklubs\/dabei-sein\/karriere\/"]}]},{"@type":"ImageObject","inLanguage":"de","@id":"https:\/\/kwp.at\/pensionistenklubs\/dabei-sein\/karriere\/#primaryimage","url":"https:\/\/kwp.at\/pensionistenklubs\/wp-content\/uploads\/sites\/2\/2020\/05\/Pensionistenklub-Engerthstrasse-87-89_Ehrenamtlicher-Mitarbeiter-Klubbetreuer-Interaktion-mit-Seniorin_final-scaled-1-e1604656672729.jpg","contentUrl":"https:\/\/kwp.at\/pensionistenklubs\/wp-content\/uploads\/sites\/2\/2020\/05\/Pensionistenklub-Engerthstrasse-87-89_Ehrenamtlicher-Mitarbeiter-Klubbetreuer-Interaktion-mit-Seniorin_final-scaled-1-e1604656672729.jpg","width":2560,"height":1414,"caption":"Ein Klubbetreuer diskutiert mit einer Besucherin"},{"@type":"BreadcrumbList","@id":"https:\/\/kwp.at\/pensionistenklubs\/dabei-sein\/karriere\/#breadcrumb","itemListElement":[{"@type":"ListItem","position":1,"name":"Dabei sein!","item":"https:\/\/kwp.at\/pensionistenklubs\/dabei-sein\/"},{"@type":"ListItem","position":2,"name":"Karriere"}]},{"@type":"WebSite","@id":"https:\/\/kwp.at\/pensionistenklubs\/#website","url":"https:\/\/kwp.at\/pensionistenklubs\/","name":"Pensionist*innenklubs","description":"F\u00fcr die Stadt Wien","publisher":{"@id":"https:\/\/kwp.at\/pensionistenklubs\/#organization"},"potentialAction":[{"@type":"SearchAction","target":{"@type":"EntryPoint","urlTemplate":"https:\/\/kwp.at\/pensionistenklubs\/?s={search_term_string}"},"query-input":{"@type":"PropertyValueSpecification","valueRequired":true,"valueName":"search_term_string"}}],"inLanguage":"de"},{"@type":"Organization","@id":"https:\/\/kwp.at\/pensionistenklubs\/#organization","name":"PensionistInnenklubs f\u00fcr die Stadt Wien","url":"https:\/\/kwp.at\/pensionistenklubs\/","logo":{"@type":"ImageObject","inLanguage":"de","@id":"https:\/\/kwp.at\/pensionistenklubs\/#\/schema\/logo\/image\/","url":"https:\/\/kwp.at\/pensionistenklubs\/wp-content\/uploads\/sites\/2\/2022\/08\/Logo-Pensionistenklubs-scaled-1.jpeg","contentUrl":"https:\/\/kwp.at\/pensionistenklubs\/wp-content\/uploads\/sites\/2\/2022\/08\/Logo-Pensionistenklubs-scaled-1.jpeg","width":2560,"height":610,"caption":"PensionistInnenklubs f\u00fcr die Stadt Wien"},"image":{"@id":"https:\/\/kwp.at\/pensionistenklubs\/#\/schema\/logo\/image\/"}}]}},"_links":{"self":[{"href":"https:\/\/kwp.at\/pensionistenklubs\/wp-json\/wp\/v2\/pages\/31","targetHints":{"allow":["GET"]}}],"collection":[{"href":"https:\/\/kwp.at\/pensionistenklubs\/wp-json\/wp\/v2\/pages"}],"about":[{"href":"https:\/\/kwp.at\/pensionistenklubs\/wp-json\/wp\/v2\/types\/page"}],"author":[{"embeddable":true,"href":"https:\/\/kwp.at\/pensionistenklubs\/wp-json\/wp\/v2\/users\/1"}],"replies":[{"embeddable":true,"href":"https:\/\/kwp.at\/pensionistenklubs\/wp-json\/wp\/v2\/comments?post=31"}],"version-history":[{"count":10,"href":"https:\/\/kwp.at\/pensionistenklubs\/wp-json\/wp\/v2\/pages\/31\/revisions"}],"predecessor-version":[{"id":20185,"href":"https:\/\/kwp.at\/pensionistenklubs\/wp-json\/wp\/v2\/pages\/31\/revisions\/20185"}],"up":[{"embeddable":true,"href":"https:\/\/kwp.at\/pensionistenklubs\/wp-json\/wp\/v2\/pages\/3224"}],"wp:featuredmedia":[{"embeddable":true,"href":"https:\/\/kwp.at\/pensionistenklubs\/wp-json\/wp\/v2\/media\/829"}],"wp:attachment":[{"href":"https:\/\/kwp.at\/pensionistenklubs\/wp-json\/wp\/v2\/media?parent=31"}],"curies":[{"name":"wp","href":"https:\/\/api.w.org\/{rel}","templated":true}]}}