{"id":3018,"date":"2020-11-11T14:52:32","date_gmt":"2020-11-11T13:52:32","guid":{"rendered":"https:\/\/kwp.at\/pensionistenklubs\/?page_id=3018"},"modified":"2026-03-30T10:48:32","modified_gmt":"2026-03-30T08:48:32","slug":"das-team-der-pensionistinnenklubs","status":"publish","type":"page","link":"https:\/\/kwp.at\/pensionistenklubs\/dabei-sein\/das-team-der-pensionistinnenklubs\/","title":{"rendered":"Unser Team"},"content":{"rendered":"\n<p><strong>Etwa 330 Mitarbeiter*innen sorgen daf\u00fcr, dass bei den&nbsp;Pensionist*innenklubs der Stadt Wien alles rund l\u00e4uft. Mit viel Engagement und Herz sind wir gerne f\u00fcr Sie da! <\/strong><\/p>\n\n\n\n<h2 class=\"wp-block-heading\">Ansprechpersonen und Mitarbeiter*innen:<\/h2>\n\n\n\n<p>In den Klubs k\u00fcmmern sich rund 330 Klubbetreuer*innen um Ihr Wohl: Sie servieren Ihnen die Klubjause, bieten unz\u00e4hlige Aktivit\u00e4ten und Angebote innerhalb unseres <a href=\"https:\/\/kwp.at\/veranstaltungen\/\">Klubprogramms<\/a> an, stehen immer f\u00fcr ein Pl\u00e4uschchen bereit und halten das Klublokal in Schuss. <\/p>\n\n\n\n<p>Verantwortlich f\u00fcr die Gestaltung des Programms sind unsere Bereichsleiterin, Abteilungsleiter*innen und zw\u00f6lf Teamleiter*innen. Sie stehen jederzeit f\u00fcr Ihre Fragen zur Verf\u00fcgung.<\/p>\n\n\n\n<details class=\"wp-block-kwp-blocks-detail-block\"><summary>Bereichsleitung Pensionist*innenklubs<\/summary><p><p><a href=\"mailto:Madlena.Komitova@kwp.at\" target=\"_blank\" rel=\"noreferrer noopener\"><strong>Madlena Komitova<\/strong><\/a><\/p><\/p><\/details>\n\n\n\n<p><\/p>\n\n\n\n<details class=\"wp-block-kwp-blocks-detail-block is-style-default\"><summary>Abteilungsleitungen Pensionist*innenklubs<\/summary><p><p><a href=\"mailto:thomas.wolfram@kwp.at\">Thomas Wolfram<\/a><\/p><p><strong><a href=\"mailto:gertrude.siebenhandl@kwp.at\">Gertrude Siebenhandl<\/a><\/strong><\/p><p><a href=\"mailto:Johann.Vergendo@kwp.at\" target=\"_blank\" rel=\"noreferrer noopener\"><strong>Johann Vergendo<\/strong><\/a><\/p><p><a href=\"mailto:andjelka.arsenic@kwp.at\">Andjelka Arsenic<\/a><\/p><\/p><\/details>\n\n\n\n<details class=\"wp-block-kwp-blocks-detail-block\"><summary>Teamleitungen Pensionist*innenklubs<\/summary><p><p><a href=\"mailto:susanne.szabo@kwp.at\" target=\"_blank\" rel=\"noreferrer noopener\">Susanne Szabo<\/a>, Teamleitung 1., 7. und 14. Bezirk<\/p><p><a href=\"mailto:maria.sideres@kwp.at\" target=\"_blank\" rel=\"noreferrer noopener\">Elena Sideres<\/a>, Teamleitung 2. und 20. Bezirk<\/p><p><a href=\"mailto:melani.krizanac@kwp.at\" target=\"_blank\" rel=\"noreferrer noopener\">Melani Krizanac<\/a>, Teamleitung 3., 4. und 17. Bezirk<\/p><p><a href=\"mailto:stephanie.hillerer@kwp.at\" target=\"_blank\" rel=\"noreferrer noopener\">Stephanie Hillerer<\/a>, Teamleitung 5., 11. und 19. Bezirk<\/p><p><a href=\"mailto:anna-maria.rieck@kwp.at\" target=\"_blank\" rel=\"noreferrer noopener\">Anna-Maria Rieck<\/a>, Teamleitung 6., 13. und 18. Bezirk<\/p><p><a href=\"mailto:eleni.gkotsi@kwp.at\" target=\"_blank\" rel=\"noreferrer noopener\">Elena Gkotsi<\/a>, Teamleitung 8. und 16. Bezirk<\/p><p><a href=\"mailto:renate.essenther@kwp.at\">Renate Essenther<\/a>, Teamleitung 9. und 21. Bezirk<\/p><p><a href=\"mailto:peter.trenkler@kwp.at\">Peter Trenkler<\/a>, Teamleitung 10. Bezirk<\/p><p><a href=\"mailto:martin.schmid.24@kwp.at\" target=\"_blank\" rel=\"noreferrer noopener\">Martin Schmid<\/a>, Teamleitung 12. und 15. Bezirk<\/p><p><a href=\"mailto:brigitta.hirschvogel-piedl@kwp.at\" target=\"_blank\" rel=\"noreferrer noopener\">Brigitta Hirschvogel-Piedl<\/a>, Teamleitung 22. Bezirk<\/p><p><a href=\"mailto:sanela.halilovic-uzunic@kwp.at\" target=\"_blank\" rel=\"noreferrer noopener\">Sanela Halilovic-Uzunic<\/a>, Teamleitung 23. Bezirk<\/p><p><a href=\"mailto:sabrina.schwarz@kwp.at\" target=\"_blank\" rel=\"noreferrer noopener\">Sabrina Schwarz<\/a>, Teamleitung Backoffice<\/p><\/p><\/details>\n\n\n\n<a target=\"_blank\" href=\"https:\/\/kwp.at\/pensionistenklubs\/kontakt\/\" rel=\"noopener noreferrer\" class=\"wp-block-kwp-blocks-button-block\">Kontakt zu den Klubs<\/a>\n\n\n\n<p><\/p>\n\n\n\n<p><\/p>\n","protected":false},"excerpt":{"rendered":"<p>Etwa 330 Mitarbeiter*innen sorgen daf\u00fcr, dass bei den&nbsp;Pensionist*innenklubs der Stadt Wien alles rund l\u00e4uft. Mit viel Engagement und Herz sind wir gerne f\u00fcr Sie da!<\/p>\n","protected":false},"author":270,"featured_media":1638,"parent":3224,"menu_order":3,"comment_status":"closed","ping_status":"closed","template":"","meta":{"_acf_changed":false,"footnotes":""},"class_list":["post-3018","page","type-page","status-publish","has-post-thumbnail","hentry"],"acf":[],"yoast_head":"<!-- This site is optimized with the Yoast SEO plugin v27.4 - https:\/\/yoast.com\/product\/yoast-seo-wordpress\/ -->\n<title>Das Team der PensionistInnenklubs<\/title>\n<meta name=\"description\" content=\"Unser Team: Die MitarbeiterInnen der PensionistInnenklubs f\u00fcr die Stadt Wien stellen sich vor. Kontaktieren Sie uns!\" \/>\n<meta name=\"robots\" content=\"index, follow, max-snippet:-1, max-image-preview:large, max-video-preview:-1\" \/>\n<link rel=\"canonical\" href=\"https:\/\/kwp.at\/pensionistenklubs\/dabei-sein\/das-team-der-pensionistinnenklubs\/\" \/>\n<meta property=\"og:locale\" content=\"de_DE\" \/>\n<meta property=\"og:type\" content=\"article\" \/>\n<meta property=\"og:title\" content=\"Das Team der PensionistInnenklubs\" \/>\n<meta property=\"og:description\" content=\"Unser Team: Die MitarbeiterInnen der PensionistInnenklubs f\u00fcr die Stadt Wien stellen sich vor. Kontaktieren Sie uns!\" \/>\n<meta property=\"og:url\" content=\"https:\/\/kwp.at\/pensionistenklubs\/dabei-sein\/das-team-der-pensionistinnenklubs\/\" \/>\n<meta property=\"og:site_name\" content=\"Pensionist*innenklubs\" \/>\n<meta property=\"article:modified_time\" content=\"2026-03-30T08:48:32+00:00\" \/>\n<meta property=\"og:image\" content=\"https:\/\/kwp.at\/pensionistenklubs\/wp-content\/uploads\/sites\/2\/2020\/05\/22.-Mergenthalerplatz-1-e1604055299282.jpg\" \/>\n\t<meta property=\"og:image:width\" content=\"1000\" \/>\n\t<meta property=\"og:image:height\" content=\"525\" \/>\n\t<meta property=\"og:image:type\" content=\"image\/jpeg\" \/>\n<meta name=\"twitter:card\" content=\"summary_large_image\" \/>\n<meta name=\"twitter:label1\" content=\"Gesch\u00e4tzte Lesezeit\" \/>\n\t<meta name=\"twitter:data1\" content=\"2\u00a0Minuten\" \/>\n<script type=\"application\/ld+json\" class=\"yoast-schema-graph\">{\"@context\":\"https:\\\/\\\/schema.org\",\"@graph\":[{\"@type\":\"WebPage\",\"@id\":\"https:\\\/\\\/kwp.at\\\/pensionistenklubs\\\/dabei-sein\\\/das-team-der-pensionistinnenklubs\\\/\",\"url\":\"https:\\\/\\\/kwp.at\\\/pensionistenklubs\\\/dabei-sein\\\/das-team-der-pensionistinnenklubs\\\/\",\"name\":\"Das Team der PensionistInnenklubs\",\"isPartOf\":{\"@id\":\"https:\\\/\\\/kwp.at\\\/pensionistenklubs\\\/#website\"},\"primaryImageOfPage\":{\"@id\":\"https:\\\/\\\/kwp.at\\\/pensionistenklubs\\\/dabei-sein\\\/das-team-der-pensionistinnenklubs\\\/#primaryimage\"},\"image\":{\"@id\":\"https:\\\/\\\/kwp.at\\\/pensionistenklubs\\\/dabei-sein\\\/das-team-der-pensionistinnenklubs\\\/#primaryimage\"},\"thumbnailUrl\":\"https:\\\/\\\/kwp.at\\\/pensionistenklubs\\\/wp-content\\\/uploads\\\/sites\\\/2\\\/2020\\\/05\\\/22.-Mergenthalerplatz-1-e1604055299282.jpg\",\"datePublished\":\"2020-11-11T13:52:32+00:00\",\"dateModified\":\"2026-03-30T08:48:32+00:00\",\"description\":\"Unser Team: Die MitarbeiterInnen der PensionistInnenklubs f\u00fcr die Stadt Wien stellen sich vor. Kontaktieren Sie uns!\",\"breadcrumb\":{\"@id\":\"https:\\\/\\\/kwp.at\\\/pensionistenklubs\\\/dabei-sein\\\/das-team-der-pensionistinnenklubs\\\/#breadcrumb\"},\"inLanguage\":\"de\",\"potentialAction\":[{\"@type\":\"ReadAction\",\"target\":[\"https:\\\/\\\/kwp.at\\\/pensionistenklubs\\\/dabei-sein\\\/das-team-der-pensionistinnenklubs\\\/\"]}]},{\"@type\":\"ImageObject\",\"inLanguage\":\"de\",\"@id\":\"https:\\\/\\\/kwp.at\\\/pensionistenklubs\\\/dabei-sein\\\/das-team-der-pensionistinnenklubs\\\/#primaryimage\",\"url\":\"https:\\\/\\\/kwp.at\\\/pensionistenklubs\\\/wp-content\\\/uploads\\\/sites\\\/2\\\/2020\\\/05\\\/22.-Mergenthalerplatz-1-e1604055299282.jpg\",\"contentUrl\":\"https:\\\/\\\/kwp.at\\\/pensionistenklubs\\\/wp-content\\\/uploads\\\/sites\\\/2\\\/2020\\\/05\\\/22.-Mergenthalerplatz-1-e1604055299282.jpg\",\"width\":1000,\"height\":525,\"caption\":\"Gruppenbild von sieben gut gelaunten Damen, zwei mit Namensschildern. Die Dame in der Mitte winkt in die Kamera.\"},{\"@type\":\"BreadcrumbList\",\"@id\":\"https:\\\/\\\/kwp.at\\\/pensionistenklubs\\\/dabei-sein\\\/das-team-der-pensionistinnenklubs\\\/#breadcrumb\",\"itemListElement\":[{\"@type\":\"ListItem\",\"position\":1,\"name\":\"Dabei sein!\",\"item\":\"https:\\\/\\\/kwp.at\\\/pensionistenklubs\\\/dabei-sein\\\/\"},{\"@type\":\"ListItem\",\"position\":2,\"name\":\"Unser Team\"}]},{\"@type\":\"WebSite\",\"@id\":\"https:\\\/\\\/kwp.at\\\/pensionistenklubs\\\/#website\",\"url\":\"https:\\\/\\\/kwp.at\\\/pensionistenklubs\\\/\",\"name\":\"Pensionist*innenklubs\",\"description\":\"F\u00fcr die Stadt Wien\",\"publisher\":{\"@id\":\"https:\\\/\\\/kwp.at\\\/pensionistenklubs\\\/#organization\"},\"potentialAction\":[{\"@type\":\"SearchAction\",\"target\":{\"@type\":\"EntryPoint\",\"urlTemplate\":\"https:\\\/\\\/kwp.at\\\/pensionistenklubs\\\/?s={search_term_string}\"},\"query-input\":{\"@type\":\"PropertyValueSpecification\",\"valueRequired\":true,\"valueName\":\"search_term_string\"}}],\"inLanguage\":\"de\"},{\"@type\":\"Organization\",\"@id\":\"https:\\\/\\\/kwp.at\\\/pensionistenklubs\\\/#organization\",\"name\":\"PensionistInnenklubs f\u00fcr die Stadt Wien\",\"url\":\"https:\\\/\\\/kwp.at\\\/pensionistenklubs\\\/\",\"logo\":{\"@type\":\"ImageObject\",\"inLanguage\":\"de\",\"@id\":\"https:\\\/\\\/kwp.at\\\/pensionistenklubs\\\/#\\\/schema\\\/logo\\\/image\\\/\",\"url\":\"https:\\\/\\\/kwp.at\\\/pensionistenklubs\\\/wp-content\\\/uploads\\\/sites\\\/2\\\/2022\\\/08\\\/Logo-Pensionistenklubs-scaled-1.jpeg\",\"contentUrl\":\"https:\\\/\\\/kwp.at\\\/pensionistenklubs\\\/wp-content\\\/uploads\\\/sites\\\/2\\\/2022\\\/08\\\/Logo-Pensionistenklubs-scaled-1.jpeg\",\"width\":2560,\"height\":610,\"caption\":\"PensionistInnenklubs f\u00fcr die Stadt Wien\"},\"image\":{\"@id\":\"https:\\\/\\\/kwp.at\\\/pensionistenklubs\\\/#\\\/schema\\\/logo\\\/image\\\/\"}}]}<\/script>\n<!-- \/ Yoast SEO plugin. -->","yoast_head_json":{"title":"Das Team der PensionistInnenklubs","description":"Unser Team: Die MitarbeiterInnen der PensionistInnenklubs f\u00fcr die Stadt Wien stellen sich vor. Kontaktieren Sie uns!","robots":{"index":"index","follow":"follow","max-snippet":"max-snippet:-1","max-image-preview":"max-image-preview:large","max-video-preview":"max-video-preview:-1"},"canonical":"https:\/\/kwp.at\/pensionistenklubs\/dabei-sein\/das-team-der-pensionistinnenklubs\/","og_locale":"de_DE","og_type":"article","og_title":"Das Team der PensionistInnenklubs","og_description":"Unser Team: Die MitarbeiterInnen der PensionistInnenklubs f\u00fcr die Stadt Wien stellen sich vor. Kontaktieren Sie uns!","og_url":"https:\/\/kwp.at\/pensionistenklubs\/dabei-sein\/das-team-der-pensionistinnenklubs\/","og_site_name":"Pensionist*innenklubs","article_modified_time":"2026-03-30T08:48:32+00:00","og_image":[{"width":1000,"height":525,"url":"https:\/\/kwp.at\/pensionistenklubs\/wp-content\/uploads\/sites\/2\/2020\/05\/22.-Mergenthalerplatz-1-e1604055299282.jpg","type":"image\/jpeg"}],"twitter_card":"summary_large_image","twitter_misc":{"Gesch\u00e4tzte Lesezeit":"2\u00a0Minuten"},"schema":{"@context":"https:\/\/schema.org","@graph":[{"@type":"WebPage","@id":"https:\/\/kwp.at\/pensionistenklubs\/dabei-sein\/das-team-der-pensionistinnenklubs\/","url":"https:\/\/kwp.at\/pensionistenklubs\/dabei-sein\/das-team-der-pensionistinnenklubs\/","name":"Das Team der PensionistInnenklubs","isPartOf":{"@id":"https:\/\/kwp.at\/pensionistenklubs\/#website"},"primaryImageOfPage":{"@id":"https:\/\/kwp.at\/pensionistenklubs\/dabei-sein\/das-team-der-pensionistinnenklubs\/#primaryimage"},"image":{"@id":"https:\/\/kwp.at\/pensionistenklubs\/dabei-sein\/das-team-der-pensionistinnenklubs\/#primaryimage"},"thumbnailUrl":"https:\/\/kwp.at\/pensionistenklubs\/wp-content\/uploads\/sites\/2\/2020\/05\/22.-Mergenthalerplatz-1-e1604055299282.jpg","datePublished":"2020-11-11T13:52:32+00:00","dateModified":"2026-03-30T08:48:32+00:00","description":"Unser Team: Die MitarbeiterInnen der PensionistInnenklubs f\u00fcr die Stadt Wien stellen sich vor. Kontaktieren Sie uns!","breadcrumb":{"@id":"https:\/\/kwp.at\/pensionistenklubs\/dabei-sein\/das-team-der-pensionistinnenklubs\/#breadcrumb"},"inLanguage":"de","potentialAction":[{"@type":"ReadAction","target":["https:\/\/kwp.at\/pensionistenklubs\/dabei-sein\/das-team-der-pensionistinnenklubs\/"]}]},{"@type":"ImageObject","inLanguage":"de","@id":"https:\/\/kwp.at\/pensionistenklubs\/dabei-sein\/das-team-der-pensionistinnenklubs\/#primaryimage","url":"https:\/\/kwp.at\/pensionistenklubs\/wp-content\/uploads\/sites\/2\/2020\/05\/22.-Mergenthalerplatz-1-e1604055299282.jpg","contentUrl":"https:\/\/kwp.at\/pensionistenklubs\/wp-content\/uploads\/sites\/2\/2020\/05\/22.-Mergenthalerplatz-1-e1604055299282.jpg","width":1000,"height":525,"caption":"Gruppenbild von sieben gut gelaunten Damen, zwei mit Namensschildern. Die Dame in der Mitte winkt in die Kamera."},{"@type":"BreadcrumbList","@id":"https:\/\/kwp.at\/pensionistenklubs\/dabei-sein\/das-team-der-pensionistinnenklubs\/#breadcrumb","itemListElement":[{"@type":"ListItem","position":1,"name":"Dabei sein!","item":"https:\/\/kwp.at\/pensionistenklubs\/dabei-sein\/"},{"@type":"ListItem","position":2,"name":"Unser Team"}]},{"@type":"WebSite","@id":"https:\/\/kwp.at\/pensionistenklubs\/#website","url":"https:\/\/kwp.at\/pensionistenklubs\/","name":"Pensionist*innenklubs","description":"F\u00fcr die Stadt Wien","publisher":{"@id":"https:\/\/kwp.at\/pensionistenklubs\/#organization"},"potentialAction":[{"@type":"SearchAction","target":{"@type":"EntryPoint","urlTemplate":"https:\/\/kwp.at\/pensionistenklubs\/?s={search_term_string}"},"query-input":{"@type":"PropertyValueSpecification","valueRequired":true,"valueName":"search_term_string"}}],"inLanguage":"de"},{"@type":"Organization","@id":"https:\/\/kwp.at\/pensionistenklubs\/#organization","name":"PensionistInnenklubs f\u00fcr die Stadt Wien","url":"https:\/\/kwp.at\/pensionistenklubs\/","logo":{"@type":"ImageObject","inLanguage":"de","@id":"https:\/\/kwp.at\/pensionistenklubs\/#\/schema\/logo\/image\/","url":"https:\/\/kwp.at\/pensionistenklubs\/wp-content\/uploads\/sites\/2\/2022\/08\/Logo-Pensionistenklubs-scaled-1.jpeg","contentUrl":"https:\/\/kwp.at\/pensionistenklubs\/wp-content\/uploads\/sites\/2\/2022\/08\/Logo-Pensionistenklubs-scaled-1.jpeg","width":2560,"height":610,"caption":"PensionistInnenklubs f\u00fcr die Stadt Wien"},"image":{"@id":"https:\/\/kwp.at\/pensionistenklubs\/#\/schema\/logo\/image\/"}}]}},"_links":{"self":[{"href":"https:\/\/kwp.at\/pensionistenklubs\/wp-json\/wp\/v2\/pages\/3018","targetHints":{"allow":["GET"]}}],"collection":[{"href":"https:\/\/kwp.at\/pensionistenklubs\/wp-json\/wp\/v2\/pages"}],"about":[{"href":"https:\/\/kwp.at\/pensionistenklubs\/wp-json\/wp\/v2\/types\/page"}],"author":[{"embeddable":true,"href":"https:\/\/kwp.at\/pensionistenklubs\/wp-json\/wp\/v2\/users\/270"}],"replies":[{"embeddable":true,"href":"https:\/\/kwp.at\/pensionistenklubs\/wp-json\/wp\/v2\/comments?post=3018"}],"version-history":[{"count":59,"href":"https:\/\/kwp.at\/pensionistenklubs\/wp-json\/wp\/v2\/pages\/3018\/revisions"}],"predecessor-version":[{"id":21164,"href":"https:\/\/kwp.at\/pensionistenklubs\/wp-json\/wp\/v2\/pages\/3018\/revisions\/21164"}],"up":[{"embeddable":true,"href":"https:\/\/kwp.at\/pensionistenklubs\/wp-json\/wp\/v2\/pages\/3224"}],"wp:featuredmedia":[{"embeddable":true,"href":"https:\/\/kwp.at\/pensionistenklubs\/wp-json\/wp\/v2\/media\/1638"}],"wp:attachment":[{"href":"https:\/\/kwp.at\/pensionistenklubs\/wp-json\/wp\/v2\/media?parent=3018"}],"curies":[{"name":"wp","href":"https:\/\/api.w.org\/{rel}","templated":true}]}}