{"id":25,"date":"2020-03-01T14:06:20","date_gmt":"2020-03-01T13:06:20","guid":{"rendered":"https:\/\/kwp.at\/pensionistenklubs\/?page_id=25"},"modified":"2025-11-11T16:19:44","modified_gmt":"2025-11-11T15:19:44","slug":"mitmachen","status":"publish","type":"page","link":"https:\/\/kwp.at\/pensionistenklubs\/dabei-sein\/mitmachen\/","title":{"rendered":"Klubbesuch"},"content":{"rendered":"\n<p><strong>Die Klubs bieten kostenlose Freizeitaktivit\u00e4ten f\u00fcr Seniorinnen und Senioren. Entdecken Sie jetzt unsere Klubstandorte in ganz Wien. <\/strong><\/p>\n\n\n\n<p><strong>Einfach vorbeikommen.<\/strong> Am Besten lernen Sie unser Angebot kennen indem Sie uns in einem unserer Pensionist*innenklubs besuchen kommen. Ganz unverbindlich. Unsere Betreuer*innen vor Ort informieren Sie gerne \u00fcber unser Angebot und unsere Veranstaltungen.<\/p>\n\n\n\n<p><strong>Der Klubbesuch ist kostenlos.<\/strong>  Nach erfolgreichen Schnuppern erhalten Sie unsere&nbsp;Gratis-Klubkarte. Wir w\u00fcrden uns freuen, Sie als neues Mitglied begr\u00fc\u00dfen zu d\u00fcrfen. <\/p>\n\n\n\n<blockquote class=\"wp-block-quote is-layout-flow wp-block-quote-is-layout-flow\">\n<p>In den Klubs wird viel geboten. Da kann man zum Karten spielen kommen, zum Yoga machen oder Englisch lernen. Oder einfach zum Beisammen sein! <\/p>\n<cite>Maria  l  Klubbesucherin <\/cite><\/blockquote>\n\n\n\n<div style=\"background-color: #1A880C\" class=\"wp-block-kwp-blocks-infobox\"><h3>Die Klubkarte <\/h3><p>\n<p>Die Pensionist*innenklubs sind ein ganz besonderes Angebot, das die Stadt Wien ihren Senior*innen macht. <\/p>\n\n\n\n<p>Die Klubkarte berechtigt zum Besuch&nbsp;aller&nbsp;Pensionist*innenklubs, zur Inanspruchnahme&nbsp;der Klubangebote und Teilnahme an den jeweiligen&nbsp;<a href=\"http:\/\/www.pensionistenklubs.at\/veranstaltungen.aspx\" target=\"_blank\" rel=\"noreferrer noopener\">Aktivit\u00e4ten<\/a>. Sie dient auch als Besuchskarte zur Teilnahme an Veranstaltungen in einem Hausklub der 30&nbsp;<a href=\"http:\/\/www.kwp.at\/\" target=\"_blank\" rel=\"noreferrer noopener\">H\u00e4user zum Leben<\/a>. Das breite Angebot der H\u00e4user&nbsp;finden sie&nbsp;<a href=\"http:\/\/www.kwp.at\/veranstaltungen.aspx\" target=\"_blank\" rel=\"noreferrer noopener\">hier<\/a>.<\/p>\n\n\n\n<p><strong>Ihre pers\u00f6nliche Klubkarte erhalten nach kostenloser Anmeldung im Klub oder via Online-Registrierung. <\/strong><\/p>\n\n\n\n<a target=\"_blank\" href=\"https:\/\/mitgliedschaft.pensionistenklubs.at\/\" rel=\"noopener noreferrer\" class=\"wp-block-kwp-blocks-button-block\">Jetzt Klubmitglied werden!<\/a>\n<\/p><\/div>\n","protected":false},"excerpt":{"rendered":"<p>Die Klubs bieten kostenlose Freizeitaktivit\u00e4ten f\u00fcr Seniorinnen und Senioren. Entdecken Sie jetzt unsere Klubstandorte in ganz Wien. Einfach vorbeikommen. Am Besten lernen Sie unser Angebot<\/p>\n","protected":false},"author":1,"featured_media":982,"parent":3224,"menu_order":1,"comment_status":"closed","ping_status":"closed","template":"","meta":{"_acf_changed":false,"footnotes":""},"class_list":["post-25","page","type-page","status-publish","has-post-thumbnail","hentry"],"acf":[],"yoast_head":"<!-- This site is optimized with the Yoast SEO plugin v27.4 - https:\/\/yoast.com\/product\/yoast-seo-wordpress\/ -->\n<title>Klubbesuch - Pensionist*innenklubs<\/title>\n<meta name=\"description\" content=\"Die PensionistInnenklubs bieten kostenlose Freizeitangebote f\u00fcr Personen 60+. Entdecken Sie unsere Standorte in ganz Wien.\" \/>\n<meta name=\"robots\" content=\"index, follow, max-snippet:-1, max-image-preview:large, max-video-preview:-1\" \/>\n<link rel=\"canonical\" href=\"https:\/\/kwp.at\/pensionistenklubs\/dabei-sein\/mitmachen\/\" \/>\n<meta property=\"og:locale\" content=\"de_DE\" \/>\n<meta property=\"og:type\" content=\"article\" \/>\n<meta property=\"og:title\" content=\"Willkommen im Klub!\" \/>\n<meta property=\"og:description\" content=\"Die PensionistInnenklubs bieten kostenlose Freizeitangebote f\u00fcr Personen 60+. Entdecken Sie unsere insgesamt 150 Standorte in ganz Wien.\" \/>\n<meta property=\"og:url\" content=\"https:\/\/kwp.at\/pensionistenklubs\/dabei-sein\/mitmachen\/\" \/>\n<meta property=\"og:site_name\" content=\"Pensionist*innenklubs\" \/>\n<meta property=\"article:modified_time\" content=\"2025-11-11T15:19:44+00:00\" \/>\n<meta property=\"og:image\" content=\"https:\/\/kwp.at\/pensionistenklubs\/wp-content\/uploads\/sites\/2\/2020\/07\/Haeauser-zum-Leben-Haus-Tuerkenschanzpark5390_2000px.jpg\" \/>\n\t<meta property=\"og:image:width\" content=\"2000\" \/>\n\t<meta property=\"og:image:height\" content=\"1333\" \/>\n\t<meta property=\"og:image:type\" content=\"image\/jpeg\" \/>\n<meta name=\"twitter:card\" content=\"summary_large_image\" \/>\n<meta name=\"twitter:label1\" content=\"Gesch\u00e4tzte Lesezeit\" \/>\n\t<meta name=\"twitter:data1\" content=\"2\u00a0Minuten\" \/>\n<script type=\"application\/ld+json\" class=\"yoast-schema-graph\">{\"@context\":\"https:\\\/\\\/schema.org\",\"@graph\":[{\"@type\":\"WebPage\",\"@id\":\"https:\\\/\\\/kwp.at\\\/pensionistenklubs\\\/dabei-sein\\\/mitmachen\\\/\",\"url\":\"https:\\\/\\\/kwp.at\\\/pensionistenklubs\\\/dabei-sein\\\/mitmachen\\\/\",\"name\":\"Klubbesuch - Pensionist*innenklubs\",\"isPartOf\":{\"@id\":\"https:\\\/\\\/kwp.at\\\/pensionistenklubs\\\/#website\"},\"primaryImageOfPage\":{\"@id\":\"https:\\\/\\\/kwp.at\\\/pensionistenklubs\\\/dabei-sein\\\/mitmachen\\\/#primaryimage\"},\"image\":{\"@id\":\"https:\\\/\\\/kwp.at\\\/pensionistenklubs\\\/dabei-sein\\\/mitmachen\\\/#primaryimage\"},\"thumbnailUrl\":\"https:\\\/\\\/kwp.at\\\/pensionistenklubs\\\/wp-content\\\/uploads\\\/sites\\\/2\\\/2020\\\/07\\\/Haeauser-zum-Leben-Haus-Tuerkenschanzpark5390_2000px.jpg\",\"datePublished\":\"2020-03-01T13:06:20+00:00\",\"dateModified\":\"2025-11-11T15:19:44+00:00\",\"description\":\"Die PensionistInnenklubs bieten kostenlose Freizeitangebote f\u00fcr Personen 60+. Entdecken Sie unsere Standorte in ganz Wien.\",\"breadcrumb\":{\"@id\":\"https:\\\/\\\/kwp.at\\\/pensionistenklubs\\\/dabei-sein\\\/mitmachen\\\/#breadcrumb\"},\"inLanguage\":\"de\",\"potentialAction\":[{\"@type\":\"ReadAction\",\"target\":[\"https:\\\/\\\/kwp.at\\\/pensionistenklubs\\\/dabei-sein\\\/mitmachen\\\/\"]}]},{\"@type\":\"ImageObject\",\"inLanguage\":\"de\",\"@id\":\"https:\\\/\\\/kwp.at\\\/pensionistenklubs\\\/dabei-sein\\\/mitmachen\\\/#primaryimage\",\"url\":\"https:\\\/\\\/kwp.at\\\/pensionistenklubs\\\/wp-content\\\/uploads\\\/sites\\\/2\\\/2020\\\/07\\\/Haeauser-zum-Leben-Haus-Tuerkenschanzpark5390_2000px.jpg\",\"contentUrl\":\"https:\\\/\\\/kwp.at\\\/pensionistenklubs\\\/wp-content\\\/uploads\\\/sites\\\/2\\\/2020\\\/07\\\/Haeauser-zum-Leben-Haus-Tuerkenschanzpark5390_2000px.jpg\",\"width\":2000,\"height\":1333,\"caption\":\"Aktivit\u00e4ten in unseren Klubs\"},{\"@type\":\"BreadcrumbList\",\"@id\":\"https:\\\/\\\/kwp.at\\\/pensionistenklubs\\\/dabei-sein\\\/mitmachen\\\/#breadcrumb\",\"itemListElement\":[{\"@type\":\"ListItem\",\"position\":1,\"name\":\"Dabei sein!\",\"item\":\"https:\\\/\\\/kwp.at\\\/pensionistenklubs\\\/dabei-sein\\\/\"},{\"@type\":\"ListItem\",\"position\":2,\"name\":\"Klubbesuch\"}]},{\"@type\":\"WebSite\",\"@id\":\"https:\\\/\\\/kwp.at\\\/pensionistenklubs\\\/#website\",\"url\":\"https:\\\/\\\/kwp.at\\\/pensionistenklubs\\\/\",\"name\":\"Pensionist*innenklubs\",\"description\":\"F\u00fcr die Stadt Wien\",\"publisher\":{\"@id\":\"https:\\\/\\\/kwp.at\\\/pensionistenklubs\\\/#organization\"},\"potentialAction\":[{\"@type\":\"SearchAction\",\"target\":{\"@type\":\"EntryPoint\",\"urlTemplate\":\"https:\\\/\\\/kwp.at\\\/pensionistenklubs\\\/?s={search_term_string}\"},\"query-input\":{\"@type\":\"PropertyValueSpecification\",\"valueRequired\":true,\"valueName\":\"search_term_string\"}}],\"inLanguage\":\"de\"},{\"@type\":\"Organization\",\"@id\":\"https:\\\/\\\/kwp.at\\\/pensionistenklubs\\\/#organization\",\"name\":\"PensionistInnenklubs f\u00fcr die Stadt Wien\",\"url\":\"https:\\\/\\\/kwp.at\\\/pensionistenklubs\\\/\",\"logo\":{\"@type\":\"ImageObject\",\"inLanguage\":\"de\",\"@id\":\"https:\\\/\\\/kwp.at\\\/pensionistenklubs\\\/#\\\/schema\\\/logo\\\/image\\\/\",\"url\":\"https:\\\/\\\/kwp.at\\\/pensionistenklubs\\\/wp-content\\\/uploads\\\/sites\\\/2\\\/2022\\\/08\\\/Logo-Pensionistenklubs-scaled-1.jpeg\",\"contentUrl\":\"https:\\\/\\\/kwp.at\\\/pensionistenklubs\\\/wp-content\\\/uploads\\\/sites\\\/2\\\/2022\\\/08\\\/Logo-Pensionistenklubs-scaled-1.jpeg\",\"width\":2560,\"height\":610,\"caption\":\"PensionistInnenklubs f\u00fcr die Stadt Wien\"},\"image\":{\"@id\":\"https:\\\/\\\/kwp.at\\\/pensionistenklubs\\\/#\\\/schema\\\/logo\\\/image\\\/\"}}]}<\/script>\n<!-- \/ Yoast SEO plugin. -->","yoast_head_json":{"title":"Klubbesuch - Pensionist*innenklubs","description":"Die PensionistInnenklubs bieten kostenlose Freizeitangebote f\u00fcr Personen 60+. Entdecken Sie unsere Standorte in ganz Wien.","robots":{"index":"index","follow":"follow","max-snippet":"max-snippet:-1","max-image-preview":"max-image-preview:large","max-video-preview":"max-video-preview:-1"},"canonical":"https:\/\/kwp.at\/pensionistenklubs\/dabei-sein\/mitmachen\/","og_locale":"de_DE","og_type":"article","og_title":"Willkommen im Klub!","og_description":"Die PensionistInnenklubs bieten kostenlose Freizeitangebote f\u00fcr Personen 60+. Entdecken Sie unsere insgesamt 150 Standorte in ganz Wien.","og_url":"https:\/\/kwp.at\/pensionistenklubs\/dabei-sein\/mitmachen\/","og_site_name":"Pensionist*innenklubs","article_modified_time":"2025-11-11T15:19:44+00:00","og_image":[{"width":2000,"height":1333,"url":"https:\/\/kwp.at\/pensionistenklubs\/wp-content\/uploads\/sites\/2\/2020\/07\/Haeauser-zum-Leben-Haus-Tuerkenschanzpark5390_2000px.jpg","type":"image\/jpeg"}],"twitter_card":"summary_large_image","twitter_misc":{"Gesch\u00e4tzte Lesezeit":"2\u00a0Minuten"},"schema":{"@context":"https:\/\/schema.org","@graph":[{"@type":"WebPage","@id":"https:\/\/kwp.at\/pensionistenklubs\/dabei-sein\/mitmachen\/","url":"https:\/\/kwp.at\/pensionistenklubs\/dabei-sein\/mitmachen\/","name":"Klubbesuch - Pensionist*innenklubs","isPartOf":{"@id":"https:\/\/kwp.at\/pensionistenklubs\/#website"},"primaryImageOfPage":{"@id":"https:\/\/kwp.at\/pensionistenklubs\/dabei-sein\/mitmachen\/#primaryimage"},"image":{"@id":"https:\/\/kwp.at\/pensionistenklubs\/dabei-sein\/mitmachen\/#primaryimage"},"thumbnailUrl":"https:\/\/kwp.at\/pensionistenklubs\/wp-content\/uploads\/sites\/2\/2020\/07\/Haeauser-zum-Leben-Haus-Tuerkenschanzpark5390_2000px.jpg","datePublished":"2020-03-01T13:06:20+00:00","dateModified":"2025-11-11T15:19:44+00:00","description":"Die PensionistInnenklubs bieten kostenlose Freizeitangebote f\u00fcr Personen 60+. Entdecken Sie unsere Standorte in ganz Wien.","breadcrumb":{"@id":"https:\/\/kwp.at\/pensionistenklubs\/dabei-sein\/mitmachen\/#breadcrumb"},"inLanguage":"de","potentialAction":[{"@type":"ReadAction","target":["https:\/\/kwp.at\/pensionistenklubs\/dabei-sein\/mitmachen\/"]}]},{"@type":"ImageObject","inLanguage":"de","@id":"https:\/\/kwp.at\/pensionistenklubs\/dabei-sein\/mitmachen\/#primaryimage","url":"https:\/\/kwp.at\/pensionistenklubs\/wp-content\/uploads\/sites\/2\/2020\/07\/Haeauser-zum-Leben-Haus-Tuerkenschanzpark5390_2000px.jpg","contentUrl":"https:\/\/kwp.at\/pensionistenklubs\/wp-content\/uploads\/sites\/2\/2020\/07\/Haeauser-zum-Leben-Haus-Tuerkenschanzpark5390_2000px.jpg","width":2000,"height":1333,"caption":"Aktivit\u00e4ten in unseren Klubs"},{"@type":"BreadcrumbList","@id":"https:\/\/kwp.at\/pensionistenklubs\/dabei-sein\/mitmachen\/#breadcrumb","itemListElement":[{"@type":"ListItem","position":1,"name":"Dabei sein!","item":"https:\/\/kwp.at\/pensionistenklubs\/dabei-sein\/"},{"@type":"ListItem","position":2,"name":"Klubbesuch"}]},{"@type":"WebSite","@id":"https:\/\/kwp.at\/pensionistenklubs\/#website","url":"https:\/\/kwp.at\/pensionistenklubs\/","name":"Pensionist*innenklubs","description":"F\u00fcr die Stadt Wien","publisher":{"@id":"https:\/\/kwp.at\/pensionistenklubs\/#organization"},"potentialAction":[{"@type":"SearchAction","target":{"@type":"EntryPoint","urlTemplate":"https:\/\/kwp.at\/pensionistenklubs\/?s={search_term_string}"},"query-input":{"@type":"PropertyValueSpecification","valueRequired":true,"valueName":"search_term_string"}}],"inLanguage":"de"},{"@type":"Organization","@id":"https:\/\/kwp.at\/pensionistenklubs\/#organization","name":"PensionistInnenklubs f\u00fcr die Stadt Wien","url":"https:\/\/kwp.at\/pensionistenklubs\/","logo":{"@type":"ImageObject","inLanguage":"de","@id":"https:\/\/kwp.at\/pensionistenklubs\/#\/schema\/logo\/image\/","url":"https:\/\/kwp.at\/pensionistenklubs\/wp-content\/uploads\/sites\/2\/2022\/08\/Logo-Pensionistenklubs-scaled-1.jpeg","contentUrl":"https:\/\/kwp.at\/pensionistenklubs\/wp-content\/uploads\/sites\/2\/2022\/08\/Logo-Pensionistenklubs-scaled-1.jpeg","width":2560,"height":610,"caption":"PensionistInnenklubs f\u00fcr die Stadt Wien"},"image":{"@id":"https:\/\/kwp.at\/pensionistenklubs\/#\/schema\/logo\/image\/"}}]}},"_links":{"self":[{"href":"https:\/\/kwp.at\/pensionistenklubs\/wp-json\/wp\/v2\/pages\/25","targetHints":{"allow":["GET"]}}],"collection":[{"href":"https:\/\/kwp.at\/pensionistenklubs\/wp-json\/wp\/v2\/pages"}],"about":[{"href":"https:\/\/kwp.at\/pensionistenklubs\/wp-json\/wp\/v2\/types\/page"}],"author":[{"embeddable":true,"href":"https:\/\/kwp.at\/pensionistenklubs\/wp-json\/wp\/v2\/users\/1"}],"replies":[{"embeddable":true,"href":"https:\/\/kwp.at\/pensionistenklubs\/wp-json\/wp\/v2\/comments?post=25"}],"version-history":[{"count":21,"href":"https:\/\/kwp.at\/pensionistenklubs\/wp-json\/wp\/v2\/pages\/25\/revisions"}],"predecessor-version":[{"id":20182,"href":"https:\/\/kwp.at\/pensionistenklubs\/wp-json\/wp\/v2\/pages\/25\/revisions\/20182"}],"up":[{"embeddable":true,"href":"https:\/\/kwp.at\/pensionistenklubs\/wp-json\/wp\/v2\/pages\/3224"}],"wp:featuredmedia":[{"embeddable":true,"href":"https:\/\/kwp.at\/pensionistenklubs\/wp-json\/wp\/v2\/media\/982"}],"wp:attachment":[{"href":"https:\/\/kwp.at\/pensionistenklubs\/wp-json\/wp\/v2\/media?parent=25"}],"curies":[{"name":"wp","href":"https:\/\/api.w.org\/{rel}","templated":true}]}}