{"id":20090,"date":"2025-10-28T11:46:36","date_gmt":"2025-10-28T10:46:36","guid":{"rendered":"https:\/\/kwp.at\/pensionistenklubs\/?page_id=20090"},"modified":"2026-03-11T10:07:02","modified_gmt":"2026-03-11T09:07:02","slug":"klub-all-in-neubau","status":"publish","type":"page","link":"https:\/\/kwp.at\/pensionistenklubs\/klubs\/unsere-klubs\/klub-all-in-neubau\/","title":{"rendered":"Klub+ All in Neubau"},"content":{"rendered":"\n<p><strong>Der&nbsp;<em>Klub<\/em>+ All in Neubau ist ein moderner und barrierefreier Treffpunkt f\u00fcr Senior*innen, Anwohner*innen aus dem Gr\u00e4tzl und Besucher*innen aller Generationen.<\/strong><\/p>\n\n\n\n<div style=\"background-color: #DA3910\" class=\"wp-block-kwp-blocks-infobox\"><h3>Klub+ All in Neubau<br>Neubaug\u00fcrtel 6A, 1070 Wien<\/h3><p>\n<p><strong>Kontakt:<\/strong> <a href=\"tel: 01%C2%A0313 99 277071\">01&nbsp;313 99 277071<\/a>, <a href=\"mailto:allinneubau@kwp.at\">allinneubau@kwp.at<\/a><\/p>\n\n\n\n<p><strong>\u00d6ffnungszeiten: <\/strong>Montag bis Freitag, 09:00-18:00 Uhr<\/p>\n\n\n\n<a target=\"_blank\" href=\"https:\/\/kwp.at\/pensionistenklubs\/clubs\/neubauguertel-6a\/\" rel=\"noopener noreferrer\" class=\"wp-block-kwp-blocks-button-block\">Details zum Klub+ All in Neubau<\/a>\n\n\n\n<a target=\"_blank\" href=\"https:\/\/kwp.at\/veranstaltungen\/?club_style=1&amp;event_search=&amp;start_date=&amp;end_date=&amp;location_type=club&amp;club%5B%5D=20009\" rel=\"noopener noreferrer\" class=\"wp-block-kwp-blocks-button-block\">Angebote des Klub+ All in Neubau<\/a>\n<\/p><\/div>\n\n\n\n<p>Unter dem Motto \u201eAll in Neubau\u201c er\u00f6ffnete im J\u00e4nner 2026 ein neuer Ort des generationen\u00fcbergreifenden Miteinanders im Herzen von Wien. Im Fokus des neuen Standorts stehen Angebote f\u00fcr alle Generationen. Hier verbringen Kinder, Erwachsene und Senior*innen gemeinsam ihre Freizeit. Auch die Modewerkstatt der Klubs ist hier beheimatet, und der gro\u00dfe Sportsaal bietet viel Platz f\u00fcr Bewegung und Lebensfreude.<\/p>\n\n\n\n<p><\/p>\n","protected":false},"excerpt":{"rendered":"<p>Der&nbsp;Klub+ All in Neubau ist ein moderner und barrierefreier Treffpunkt f\u00fcr Senior*innen, Anwohner*innen aus dem Gr\u00e4tzl und Besucher*innen aller Generationen. Unter dem Motto \u201eAll in<\/p>\n","protected":false},"author":10,"featured_media":20011,"parent":27,"menu_order":0,"comment_status":"closed","ping_status":"closed","template":"","meta":{"_acf_changed":false,"footnotes":""},"class_list":["post-20090","page","type-page","status-publish","has-post-thumbnail","hentry"],"acf":[],"yoast_head":"<!-- This site is optimized with the Yoast SEO plugin v27.4 - https:\/\/yoast.com\/product\/yoast-seo-wordpress\/ -->\n<title>Klub+ All in Neubau - Pensionist*innenklubs<\/title>\n<meta name=\"description\" content=\"Der\u00a0Klub+ All in Neubau ist ein moderner und barrierefreier Treffpunkt f\u00fcr Senior*innen und Besucher*innen aller Generationen.\" \/>\n<meta name=\"robots\" content=\"index, follow, max-snippet:-1, max-image-preview:large, max-video-preview:-1\" \/>\n<link rel=\"canonical\" href=\"https:\/\/kwp.at\/pensionistenklubs\/klubs\/unsere-klubs\/klub-all-in-neubau\/\" \/>\n<meta property=\"og:locale\" content=\"de_DE\" \/>\n<meta property=\"og:type\" content=\"article\" \/>\n<meta property=\"og:title\" content=\"Klub+ All in Neubau - Pensionist*innenklubs\" \/>\n<meta property=\"og:description\" content=\"Der\u00a0Klub+ All in Neubau ist ein moderner und barrierefreier Treffpunkt f\u00fcr Senior*innen und Besucher*innen aller Generationen.\" \/>\n<meta property=\"og:url\" content=\"https:\/\/kwp.at\/pensionistenklubs\/klubs\/unsere-klubs\/klub-all-in-neubau\/\" \/>\n<meta property=\"og:site_name\" content=\"Pensionist*innenklubs\" \/>\n<meta property=\"article:modified_time\" content=\"2026-03-11T09:07:02+00:00\" \/>\n<meta property=\"og:image\" content=\"https:\/\/kwp.at\/pensionistenklubs\/wp-content\/uploads\/sites\/2\/2025\/10\/Design-ohne-Titel-9-e1761037464496.jpg\" \/>\n\t<meta property=\"og:image:width\" content=\"4096\" \/>\n\t<meta property=\"og:image:height\" content=\"1707\" \/>\n\t<meta property=\"og:image:type\" content=\"image\/jpeg\" \/>\n<meta name=\"twitter:card\" content=\"summary_large_image\" \/>\n<meta name=\"twitter:label1\" content=\"Gesch\u00e4tzte Lesezeit\" \/>\n\t<meta name=\"twitter:data1\" content=\"1\u00a0Minute\" \/>\n<script type=\"application\/ld+json\" class=\"yoast-schema-graph\">{\"@context\":\"https:\\\/\\\/schema.org\",\"@graph\":[{\"@type\":\"WebPage\",\"@id\":\"https:\\\/\\\/kwp.at\\\/pensionistenklubs\\\/klubs\\\/unsere-klubs\\\/klub-all-in-neubau\\\/\",\"url\":\"https:\\\/\\\/kwp.at\\\/pensionistenklubs\\\/klubs\\\/unsere-klubs\\\/klub-all-in-neubau\\\/\",\"name\":\"Klub+ All in Neubau - Pensionist*innenklubs\",\"isPartOf\":{\"@id\":\"https:\\\/\\\/kwp.at\\\/pensionistenklubs\\\/#website\"},\"primaryImageOfPage\":{\"@id\":\"https:\\\/\\\/kwp.at\\\/pensionistenklubs\\\/klubs\\\/unsere-klubs\\\/klub-all-in-neubau\\\/#primaryimage\"},\"image\":{\"@id\":\"https:\\\/\\\/kwp.at\\\/pensionistenklubs\\\/klubs\\\/unsere-klubs\\\/klub-all-in-neubau\\\/#primaryimage\"},\"thumbnailUrl\":\"https:\\\/\\\/kwp.at\\\/pensionistenklubs\\\/wp-content\\\/uploads\\\/sites\\\/2\\\/2025\\\/10\\\/Design-ohne-Titel-9-e1761037464496.jpg\",\"datePublished\":\"2025-10-28T10:46:36+00:00\",\"dateModified\":\"2026-03-11T09:07:02+00:00\",\"description\":\"Der\u00a0Klub+ All in Neubau ist ein moderner und barrierefreier Treffpunkt f\u00fcr Senior*innen und Besucher*innen aller Generationen.\",\"breadcrumb\":{\"@id\":\"https:\\\/\\\/kwp.at\\\/pensionistenklubs\\\/klubs\\\/unsere-klubs\\\/klub-all-in-neubau\\\/#breadcrumb\"},\"inLanguage\":\"de\",\"potentialAction\":[{\"@type\":\"ReadAction\",\"target\":[\"https:\\\/\\\/kwp.at\\\/pensionistenklubs\\\/klubs\\\/unsere-klubs\\\/klub-all-in-neubau\\\/\"]}]},{\"@type\":\"ImageObject\",\"inLanguage\":\"de\",\"@id\":\"https:\\\/\\\/kwp.at\\\/pensionistenklubs\\\/klubs\\\/unsere-klubs\\\/klub-all-in-neubau\\\/#primaryimage\",\"url\":\"https:\\\/\\\/kwp.at\\\/pensionistenklubs\\\/wp-content\\\/uploads\\\/sites\\\/2\\\/2025\\\/10\\\/Design-ohne-Titel-9-e1761037464496.jpg\",\"contentUrl\":\"https:\\\/\\\/kwp.at\\\/pensionistenklubs\\\/wp-content\\\/uploads\\\/sites\\\/2\\\/2025\\\/10\\\/Design-ohne-Titel-9-e1761037464496.jpg\",\"width\":4096,\"height\":1707,\"caption\":\"Senior*in h\u00e4lt eine alte Teekanne mit Blumen darin in der Hand.\"},{\"@type\":\"BreadcrumbList\",\"@id\":\"https:\\\/\\\/kwp.at\\\/pensionistenklubs\\\/klubs\\\/unsere-klubs\\\/klub-all-in-neubau\\\/#breadcrumb\",\"itemListElement\":[{\"@type\":\"ListItem\",\"position\":1,\"name\":\"Unsere Klubs\",\"item\":\"https:\\\/\\\/kwp.at\\\/pensionistenklubs\\\/klubs\\\/\"},{\"@type\":\"ListItem\",\"position\":2,\"name\":\"Klub+\",\"item\":\"https:\\\/\\\/kwp.at\\\/pensionistenklubs\\\/klubs\\\/unsere-klubs\\\/\"},{\"@type\":\"ListItem\",\"position\":3,\"name\":\"Klub+ All in Neubau\"}]},{\"@type\":\"WebSite\",\"@id\":\"https:\\\/\\\/kwp.at\\\/pensionistenklubs\\\/#website\",\"url\":\"https:\\\/\\\/kwp.at\\\/pensionistenklubs\\\/\",\"name\":\"Pensionist*innenklubs\",\"description\":\"F\u00fcr die Stadt Wien\",\"publisher\":{\"@id\":\"https:\\\/\\\/kwp.at\\\/pensionistenklubs\\\/#organization\"},\"potentialAction\":[{\"@type\":\"SearchAction\",\"target\":{\"@type\":\"EntryPoint\",\"urlTemplate\":\"https:\\\/\\\/kwp.at\\\/pensionistenklubs\\\/?s={search_term_string}\"},\"query-input\":{\"@type\":\"PropertyValueSpecification\",\"valueRequired\":true,\"valueName\":\"search_term_string\"}}],\"inLanguage\":\"de\"},{\"@type\":\"Organization\",\"@id\":\"https:\\\/\\\/kwp.at\\\/pensionistenklubs\\\/#organization\",\"name\":\"PensionistInnenklubs f\u00fcr die Stadt Wien\",\"url\":\"https:\\\/\\\/kwp.at\\\/pensionistenklubs\\\/\",\"logo\":{\"@type\":\"ImageObject\",\"inLanguage\":\"de\",\"@id\":\"https:\\\/\\\/kwp.at\\\/pensionistenklubs\\\/#\\\/schema\\\/logo\\\/image\\\/\",\"url\":\"https:\\\/\\\/kwp.at\\\/pensionistenklubs\\\/wp-content\\\/uploads\\\/sites\\\/2\\\/2022\\\/08\\\/Logo-Pensionistenklubs-scaled-1.jpeg\",\"contentUrl\":\"https:\\\/\\\/kwp.at\\\/pensionistenklubs\\\/wp-content\\\/uploads\\\/sites\\\/2\\\/2022\\\/08\\\/Logo-Pensionistenklubs-scaled-1.jpeg\",\"width\":2560,\"height\":610,\"caption\":\"PensionistInnenklubs f\u00fcr die Stadt Wien\"},\"image\":{\"@id\":\"https:\\\/\\\/kwp.at\\\/pensionistenklubs\\\/#\\\/schema\\\/logo\\\/image\\\/\"}}]}<\/script>\n<!-- \/ Yoast SEO plugin. -->","yoast_head_json":{"title":"Klub+ All in Neubau - Pensionist*innenklubs","description":"Der\u00a0Klub+ All in Neubau ist ein moderner und barrierefreier Treffpunkt f\u00fcr Senior*innen und Besucher*innen aller Generationen.","robots":{"index":"index","follow":"follow","max-snippet":"max-snippet:-1","max-image-preview":"max-image-preview:large","max-video-preview":"max-video-preview:-1"},"canonical":"https:\/\/kwp.at\/pensionistenklubs\/klubs\/unsere-klubs\/klub-all-in-neubau\/","og_locale":"de_DE","og_type":"article","og_title":"Klub+ All in Neubau - Pensionist*innenklubs","og_description":"Der\u00a0Klub+ All in Neubau ist ein moderner und barrierefreier Treffpunkt f\u00fcr Senior*innen und Besucher*innen aller Generationen.","og_url":"https:\/\/kwp.at\/pensionistenklubs\/klubs\/unsere-klubs\/klub-all-in-neubau\/","og_site_name":"Pensionist*innenklubs","article_modified_time":"2026-03-11T09:07:02+00:00","og_image":[{"width":4096,"height":1707,"url":"https:\/\/kwp.at\/pensionistenklubs\/wp-content\/uploads\/sites\/2\/2025\/10\/Design-ohne-Titel-9-e1761037464496.jpg","type":"image\/jpeg"}],"twitter_card":"summary_large_image","twitter_misc":{"Gesch\u00e4tzte Lesezeit":"1\u00a0Minute"},"schema":{"@context":"https:\/\/schema.org","@graph":[{"@type":"WebPage","@id":"https:\/\/kwp.at\/pensionistenklubs\/klubs\/unsere-klubs\/klub-all-in-neubau\/","url":"https:\/\/kwp.at\/pensionistenklubs\/klubs\/unsere-klubs\/klub-all-in-neubau\/","name":"Klub+ All in Neubau - Pensionist*innenklubs","isPartOf":{"@id":"https:\/\/kwp.at\/pensionistenklubs\/#website"},"primaryImageOfPage":{"@id":"https:\/\/kwp.at\/pensionistenklubs\/klubs\/unsere-klubs\/klub-all-in-neubau\/#primaryimage"},"image":{"@id":"https:\/\/kwp.at\/pensionistenklubs\/klubs\/unsere-klubs\/klub-all-in-neubau\/#primaryimage"},"thumbnailUrl":"https:\/\/kwp.at\/pensionistenklubs\/wp-content\/uploads\/sites\/2\/2025\/10\/Design-ohne-Titel-9-e1761037464496.jpg","datePublished":"2025-10-28T10:46:36+00:00","dateModified":"2026-03-11T09:07:02+00:00","description":"Der\u00a0Klub+ All in Neubau ist ein moderner und barrierefreier Treffpunkt f\u00fcr Senior*innen und Besucher*innen aller Generationen.","breadcrumb":{"@id":"https:\/\/kwp.at\/pensionistenklubs\/klubs\/unsere-klubs\/klub-all-in-neubau\/#breadcrumb"},"inLanguage":"de","potentialAction":[{"@type":"ReadAction","target":["https:\/\/kwp.at\/pensionistenklubs\/klubs\/unsere-klubs\/klub-all-in-neubau\/"]}]},{"@type":"ImageObject","inLanguage":"de","@id":"https:\/\/kwp.at\/pensionistenklubs\/klubs\/unsere-klubs\/klub-all-in-neubau\/#primaryimage","url":"https:\/\/kwp.at\/pensionistenklubs\/wp-content\/uploads\/sites\/2\/2025\/10\/Design-ohne-Titel-9-e1761037464496.jpg","contentUrl":"https:\/\/kwp.at\/pensionistenklubs\/wp-content\/uploads\/sites\/2\/2025\/10\/Design-ohne-Titel-9-e1761037464496.jpg","width":4096,"height":1707,"caption":"Senior*in h\u00e4lt eine alte Teekanne mit Blumen darin in der Hand."},{"@type":"BreadcrumbList","@id":"https:\/\/kwp.at\/pensionistenklubs\/klubs\/unsere-klubs\/klub-all-in-neubau\/#breadcrumb","itemListElement":[{"@type":"ListItem","position":1,"name":"Unsere Klubs","item":"https:\/\/kwp.at\/pensionistenklubs\/klubs\/"},{"@type":"ListItem","position":2,"name":"Klub+","item":"https:\/\/kwp.at\/pensionistenklubs\/klubs\/unsere-klubs\/"},{"@type":"ListItem","position":3,"name":"Klub+ All in Neubau"}]},{"@type":"WebSite","@id":"https:\/\/kwp.at\/pensionistenklubs\/#website","url":"https:\/\/kwp.at\/pensionistenklubs\/","name":"Pensionist*innenklubs","description":"F\u00fcr die Stadt Wien","publisher":{"@id":"https:\/\/kwp.at\/pensionistenklubs\/#organization"},"potentialAction":[{"@type":"SearchAction","target":{"@type":"EntryPoint","urlTemplate":"https:\/\/kwp.at\/pensionistenklubs\/?s={search_term_string}"},"query-input":{"@type":"PropertyValueSpecification","valueRequired":true,"valueName":"search_term_string"}}],"inLanguage":"de"},{"@type":"Organization","@id":"https:\/\/kwp.at\/pensionistenklubs\/#organization","name":"PensionistInnenklubs f\u00fcr die Stadt Wien","url":"https:\/\/kwp.at\/pensionistenklubs\/","logo":{"@type":"ImageObject","inLanguage":"de","@id":"https:\/\/kwp.at\/pensionistenklubs\/#\/schema\/logo\/image\/","url":"https:\/\/kwp.at\/pensionistenklubs\/wp-content\/uploads\/sites\/2\/2022\/08\/Logo-Pensionistenklubs-scaled-1.jpeg","contentUrl":"https:\/\/kwp.at\/pensionistenklubs\/wp-content\/uploads\/sites\/2\/2022\/08\/Logo-Pensionistenklubs-scaled-1.jpeg","width":2560,"height":610,"caption":"PensionistInnenklubs f\u00fcr die Stadt Wien"},"image":{"@id":"https:\/\/kwp.at\/pensionistenklubs\/#\/schema\/logo\/image\/"}}]}},"_links":{"self":[{"href":"https:\/\/kwp.at\/pensionistenklubs\/wp-json\/wp\/v2\/pages\/20090","targetHints":{"allow":["GET"]}}],"collection":[{"href":"https:\/\/kwp.at\/pensionistenklubs\/wp-json\/wp\/v2\/pages"}],"about":[{"href":"https:\/\/kwp.at\/pensionistenklubs\/wp-json\/wp\/v2\/types\/page"}],"author":[{"embeddable":true,"href":"https:\/\/kwp.at\/pensionistenklubs\/wp-json\/wp\/v2\/users\/10"}],"replies":[{"embeddable":true,"href":"https:\/\/kwp.at\/pensionistenklubs\/wp-json\/wp\/v2\/comments?post=20090"}],"version-history":[{"count":7,"href":"https:\/\/kwp.at\/pensionistenklubs\/wp-json\/wp\/v2\/pages\/20090\/revisions"}],"predecessor-version":[{"id":21002,"href":"https:\/\/kwp.at\/pensionistenklubs\/wp-json\/wp\/v2\/pages\/20090\/revisions\/21002"}],"up":[{"embeddable":true,"href":"https:\/\/kwp.at\/pensionistenklubs\/wp-json\/wp\/v2\/pages\/27"}],"wp:featuredmedia":[{"embeddable":true,"href":"https:\/\/kwp.at\/pensionistenklubs\/wp-json\/wp\/v2\/media\/20011"}],"wp:attachment":[{"href":"https:\/\/kwp.at\/pensionistenklubs\/wp-json\/wp\/v2\/media?parent=20090"}],"curies":[{"name":"wp","href":"https:\/\/api.w.org\/{rel}","templated":true}]}}