{"id":20062,"date":"2025-10-24T12:10:28","date_gmt":"2025-10-24T10:10:28","guid":{"rendered":"https:\/\/kwp.at\/pensionistenklubs\/?page_id=20062"},"modified":"2025-12-18T09:58:29","modified_gmt":"2025-12-18T08:58:29","slug":"klub-all-in-village3","status":"publish","type":"page","link":"https:\/\/kwp.at\/pensionistenklubs\/klubs\/unsere-klubs\/klub-all-in-village3\/","title":{"rendered":"Klub+ All in Village3"},"content":{"rendered":"\n<p><strong>Der&nbsp;<em>Klub<\/em>+ All in Village3 ist ein moderner und barrierefreier Treffpunkt f\u00fcr Senior*innen, Anwohner*innen aus dem Gr\u00e4tzl und Besucher*innen aller Generationen.<\/strong><\/p>\n\n\n\n<div style=\"background-color: #DA3910\" class=\"wp-block-kwp-blocks-infobox\"><h3>Klub+ All in Village3<br>Ljuba-Welitsch-Promenade 12A\/B, 1030 Wien<\/h3><p>\n<p><strong>Kontakt:<\/strong>&nbsp;<a href=\"tel:01 \/ 313 99 273 121\">01 \/ 313 99 273 121<\/a>, <a href=\"mailto:allinvillage3@kwp.at\">allinvillage3@kwp.at<\/a><\/p>\n\n\n\n<p><strong>\u00d6ffnungszeiten:<\/strong> Montag bis Freitag, 09:00-17:00 Uhr<\/p>\n\n\n\n<a target=\"_blank\" href=\"https:\/\/kwp.at\/pensionistenklubs\/clubs\/ljuba-welitsch-promenade-12a-b\/\" rel=\"noopener noreferrer\" class=\"wp-block-kwp-blocks-button-block\">Details zum Klub+ All in Village3<\/a>\n\n\n\n<a target=\"_blank\" href=\"https:\/\/kwp.at\/veranstaltungen\/?club_style=1&amp;event_search=&amp;start_date=&amp;end_date=&amp;location_type=club&amp;club%5B%5D=19988\" rel=\"noopener noreferrer\" class=\"wp-block-kwp-blocks-button-block\">Angebote des Klub+ All in Village3<\/a>\n<\/p><\/div>\n\n\n\n<p>Unter dem Motto \u201eAll in Village3\u201c er\u00f6ffnete mit 3. November 2025 ein neuer Ort des generationen\u00fcbergreifenden Miteinanders im Herzen der Landstra\u00dfe. Im Fokus des neuen Standorts stehen Mobilit\u00e4t auf verschiedenen Ebenen, ein nachhaltiger Lebensstil sowie das Zusammenleben unterschiedlicher Generationen. Kinder, Erwachsene und Senior*innen sind eingeladen, hier gemeinsame Freizeit zu verbringen, voneinander zu lernen und neue Perspektiven zu entdecken. Der Klub setzt auf vielf\u00e4ltige Angebote \u2013 von Bewegung und Begegnung bis hin zu kreativen Formaten \u2013 und richtet sich an alle, die aktiv und gemeinsam den Alltag gestalten wollen.<\/p>\n\n\n\n<h2 class=\"wp-block-heading\">Soft Opening <\/h2>\n\n\n\n<p>Am Montag, dem 3. November 2025, \u00f6ffnete der neue Klub+ All in Village3 erstmals seine T\u00fcren. Im Rahmen einer kleinen Feier wurden Klubmitglieder sowie alle Interessierten beim Soft Opening begr\u00fc\u00dft. Bezirksvorsteher Erich Hohenberger und Simon Bluma, stellvertretender Gesch\u00e4ftsf\u00fchrer der H\u00e4user zum Leben, hie\u00dfen die G\u00e4ste ab 13.00 Uhr willkommen.<\/p>\n\n\n\n<h2 class=\"wp-block-heading\">Offizielle Er\u00f6ffnungsfeier<\/h2>\n\n\n\n<p>Unser Tipp: Jetzt schon im Kalender vormerken! Denn selbstverst\u00e4ndlich planen die Klubs zus\u00e4tzlich zum &#8222;Soft Opening&#8220; auch eine offizielle Er\u00f6ffnungsfeier im gro\u00dfen Rahmen. <\/p>\n\n\n\n<p>Am 22. J\u00e4nner 2026 von 13:00-19:00 Uhr laden die Klubs alle Klubmitglieder, Angeh\u00f6rige und Kooperationspartner*innen ein, gemeinsam zu feiern. Bei buntem Rahmenprogramm und leckeren Schmankerl sto\u00dfen wir gemeinsam auf eine &#8222;Gute neue Zeit&#8220; und den neu er\u00f6ffneten <em>Klub+<\/em> All in Village3 an.<\/p>\n\n\n\n<div style=\"background-color: #107da8\" class=\"wp-block-kwp-blocks-infobox\"><h3>Feiern Sie mit! <\/h3><p>\n<p><strong>Offizielle Er\u00f6ffnungsfeier:<\/strong> 22. J\u00e4nner 2026, 13:00-19:00 Uhr<\/p>\n<\/p><\/div>\n","protected":false},"excerpt":{"rendered":"<p>Der&nbsp;Klub+ All in Village3 ist ein moderner und barrierefreier Treffpunkt f\u00fcr Senior*innen, Anwohner*innen aus dem Gr\u00e4tzl und Besucher*innen aller Generationen. Unter dem Motto \u201eAll in<\/p>\n","protected":false},"author":10,"featured_media":19989,"parent":27,"menu_order":0,"comment_status":"closed","ping_status":"closed","template":"","meta":{"_acf_changed":false,"footnotes":""},"class_list":["post-20062","page","type-page","status-publish","has-post-thumbnail","hentry"],"acf":[],"yoast_head":"<!-- This site is optimized with the Yoast SEO plugin v27.4 - https:\/\/yoast.com\/product\/yoast-seo-wordpress\/ -->\n<title>Klub+ All in Village3 - Pensionist*innenklubs<\/title>\n<meta name=\"description\" content=\"Der\u00a0Klub+ All in Village3 ist ein moderner und barrierefreier Treffpunkt f\u00fcr Senior*innen und Besucher*innen aller Generationen.\" \/>\n<meta name=\"robots\" content=\"index, follow, max-snippet:-1, max-image-preview:large, max-video-preview:-1\" \/>\n<link rel=\"canonical\" href=\"https:\/\/kwp.at\/pensionistenklubs\/klubs\/unsere-klubs\/klub-all-in-village3\/\" \/>\n<meta property=\"og:locale\" content=\"de_DE\" \/>\n<meta property=\"og:type\" content=\"article\" \/>\n<meta property=\"og:title\" content=\"Klub+ All in Village3 - Pensionist*innenklubs\" \/>\n<meta property=\"og:description\" content=\"Der\u00a0Klub+ All in Village3 ist ein moderner und barrierefreier Treffpunkt f\u00fcr Senior*innen und Besucher*innen aller Generationen.\" \/>\n<meta property=\"og:url\" content=\"https:\/\/kwp.at\/pensionistenklubs\/klubs\/unsere-klubs\/klub-all-in-village3\/\" \/>\n<meta property=\"og:site_name\" content=\"Pensionist*innenklubs\" \/>\n<meta property=\"article:modified_time\" content=\"2025-12-18T08:58:29+00:00\" \/>\n<meta property=\"og:image\" content=\"https:\/\/kwp.at\/pensionistenklubs\/wp-content\/uploads\/sites\/2\/2025\/10\/3-e1760699605519.jpg\" \/>\n\t<meta property=\"og:image:width\" content=\"4096\" \/>\n\t<meta property=\"og:image:height\" content=\"1707\" \/>\n\t<meta property=\"og:image:type\" content=\"image\/jpeg\" \/>\n<meta name=\"twitter:card\" content=\"summary_large_image\" \/>\n<meta name=\"twitter:label1\" content=\"Gesch\u00e4tzte Lesezeit\" \/>\n\t<meta name=\"twitter:data1\" content=\"2\u00a0Minuten\" \/>\n<script type=\"application\/ld+json\" class=\"yoast-schema-graph\">{\"@context\":\"https:\\\/\\\/schema.org\",\"@graph\":[{\"@type\":\"WebPage\",\"@id\":\"https:\\\/\\\/kwp.at\\\/pensionistenklubs\\\/klubs\\\/unsere-klubs\\\/klub-all-in-village3\\\/\",\"url\":\"https:\\\/\\\/kwp.at\\\/pensionistenklubs\\\/klubs\\\/unsere-klubs\\\/klub-all-in-village3\\\/\",\"name\":\"Klub+ All in Village3 - Pensionist*innenklubs\",\"isPartOf\":{\"@id\":\"https:\\\/\\\/kwp.at\\\/pensionistenklubs\\\/#website\"},\"primaryImageOfPage\":{\"@id\":\"https:\\\/\\\/kwp.at\\\/pensionistenklubs\\\/klubs\\\/unsere-klubs\\\/klub-all-in-village3\\\/#primaryimage\"},\"image\":{\"@id\":\"https:\\\/\\\/kwp.at\\\/pensionistenklubs\\\/klubs\\\/unsere-klubs\\\/klub-all-in-village3\\\/#primaryimage\"},\"thumbnailUrl\":\"https:\\\/\\\/kwp.at\\\/pensionistenklubs\\\/wp-content\\\/uploads\\\/sites\\\/2\\\/2025\\\/10\\\/3-e1760699605519.jpg\",\"datePublished\":\"2025-10-24T10:10:28+00:00\",\"dateModified\":\"2025-12-18T08:58:29+00:00\",\"description\":\"Der\u00a0Klub+ All in Village3 ist ein moderner und barrierefreier Treffpunkt f\u00fcr Senior*innen und Besucher*innen aller Generationen.\",\"breadcrumb\":{\"@id\":\"https:\\\/\\\/kwp.at\\\/pensionistenklubs\\\/klubs\\\/unsere-klubs\\\/klub-all-in-village3\\\/#breadcrumb\"},\"inLanguage\":\"de\",\"potentialAction\":[{\"@type\":\"ReadAction\",\"target\":[\"https:\\\/\\\/kwp.at\\\/pensionistenklubs\\\/klubs\\\/unsere-klubs\\\/klub-all-in-village3\\\/\"]}]},{\"@type\":\"ImageObject\",\"inLanguage\":\"de\",\"@id\":\"https:\\\/\\\/kwp.at\\\/pensionistenklubs\\\/klubs\\\/unsere-klubs\\\/klub-all-in-village3\\\/#primaryimage\",\"url\":\"https:\\\/\\\/kwp.at\\\/pensionistenklubs\\\/wp-content\\\/uploads\\\/sites\\\/2\\\/2025\\\/10\\\/3-e1760699605519.jpg\",\"contentUrl\":\"https:\\\/\\\/kwp.at\\\/pensionistenklubs\\\/wp-content\\\/uploads\\\/sites\\\/2\\\/2025\\\/10\\\/3-e1760699605519.jpg\",\"width\":4096,\"height\":1707,\"caption\":\"Gro\u00dfmutter h\u00e4lt einen bunten Drachen in der Hand. Ihre zwei Enkelbuben deuten begeistert in den Himmel.\"},{\"@type\":\"BreadcrumbList\",\"@id\":\"https:\\\/\\\/kwp.at\\\/pensionistenklubs\\\/klubs\\\/unsere-klubs\\\/klub-all-in-village3\\\/#breadcrumb\",\"itemListElement\":[{\"@type\":\"ListItem\",\"position\":1,\"name\":\"Unsere Klubs\",\"item\":\"https:\\\/\\\/kwp.at\\\/pensionistenklubs\\\/klubs\\\/\"},{\"@type\":\"ListItem\",\"position\":2,\"name\":\"Klub+\",\"item\":\"https:\\\/\\\/kwp.at\\\/pensionistenklubs\\\/klubs\\\/unsere-klubs\\\/\"},{\"@type\":\"ListItem\",\"position\":3,\"name\":\"Klub+ All in Village3\"}]},{\"@type\":\"WebSite\",\"@id\":\"https:\\\/\\\/kwp.at\\\/pensionistenklubs\\\/#website\",\"url\":\"https:\\\/\\\/kwp.at\\\/pensionistenklubs\\\/\",\"name\":\"Pensionist*innenklubs\",\"description\":\"F\u00fcr die Stadt Wien\",\"publisher\":{\"@id\":\"https:\\\/\\\/kwp.at\\\/pensionistenklubs\\\/#organization\"},\"potentialAction\":[{\"@type\":\"SearchAction\",\"target\":{\"@type\":\"EntryPoint\",\"urlTemplate\":\"https:\\\/\\\/kwp.at\\\/pensionistenklubs\\\/?s={search_term_string}\"},\"query-input\":{\"@type\":\"PropertyValueSpecification\",\"valueRequired\":true,\"valueName\":\"search_term_string\"}}],\"inLanguage\":\"de\"},{\"@type\":\"Organization\",\"@id\":\"https:\\\/\\\/kwp.at\\\/pensionistenklubs\\\/#organization\",\"name\":\"PensionistInnenklubs f\u00fcr die Stadt Wien\",\"url\":\"https:\\\/\\\/kwp.at\\\/pensionistenklubs\\\/\",\"logo\":{\"@type\":\"ImageObject\",\"inLanguage\":\"de\",\"@id\":\"https:\\\/\\\/kwp.at\\\/pensionistenklubs\\\/#\\\/schema\\\/logo\\\/image\\\/\",\"url\":\"https:\\\/\\\/kwp.at\\\/pensionistenklubs\\\/wp-content\\\/uploads\\\/sites\\\/2\\\/2022\\\/08\\\/Logo-Pensionistenklubs-scaled-1.jpeg\",\"contentUrl\":\"https:\\\/\\\/kwp.at\\\/pensionistenklubs\\\/wp-content\\\/uploads\\\/sites\\\/2\\\/2022\\\/08\\\/Logo-Pensionistenklubs-scaled-1.jpeg\",\"width\":2560,\"height\":610,\"caption\":\"PensionistInnenklubs f\u00fcr die Stadt Wien\"},\"image\":{\"@id\":\"https:\\\/\\\/kwp.at\\\/pensionistenklubs\\\/#\\\/schema\\\/logo\\\/image\\\/\"}}]}<\/script>\n<!-- \/ Yoast SEO plugin. -->","yoast_head_json":{"title":"Klub+ All in Village3 - Pensionist*innenklubs","description":"Der\u00a0Klub+ All in Village3 ist ein moderner und barrierefreier Treffpunkt f\u00fcr Senior*innen und Besucher*innen aller Generationen.","robots":{"index":"index","follow":"follow","max-snippet":"max-snippet:-1","max-image-preview":"max-image-preview:large","max-video-preview":"max-video-preview:-1"},"canonical":"https:\/\/kwp.at\/pensionistenklubs\/klubs\/unsere-klubs\/klub-all-in-village3\/","og_locale":"de_DE","og_type":"article","og_title":"Klub+ All in Village3 - Pensionist*innenklubs","og_description":"Der\u00a0Klub+ All in Village3 ist ein moderner und barrierefreier Treffpunkt f\u00fcr Senior*innen und Besucher*innen aller Generationen.","og_url":"https:\/\/kwp.at\/pensionistenklubs\/klubs\/unsere-klubs\/klub-all-in-village3\/","og_site_name":"Pensionist*innenklubs","article_modified_time":"2025-12-18T08:58:29+00:00","og_image":[{"width":4096,"height":1707,"url":"https:\/\/kwp.at\/pensionistenklubs\/wp-content\/uploads\/sites\/2\/2025\/10\/3-e1760699605519.jpg","type":"image\/jpeg"}],"twitter_card":"summary_large_image","twitter_misc":{"Gesch\u00e4tzte Lesezeit":"2\u00a0Minuten"},"schema":{"@context":"https:\/\/schema.org","@graph":[{"@type":"WebPage","@id":"https:\/\/kwp.at\/pensionistenklubs\/klubs\/unsere-klubs\/klub-all-in-village3\/","url":"https:\/\/kwp.at\/pensionistenklubs\/klubs\/unsere-klubs\/klub-all-in-village3\/","name":"Klub+ All in Village3 - Pensionist*innenklubs","isPartOf":{"@id":"https:\/\/kwp.at\/pensionistenklubs\/#website"},"primaryImageOfPage":{"@id":"https:\/\/kwp.at\/pensionistenklubs\/klubs\/unsere-klubs\/klub-all-in-village3\/#primaryimage"},"image":{"@id":"https:\/\/kwp.at\/pensionistenklubs\/klubs\/unsere-klubs\/klub-all-in-village3\/#primaryimage"},"thumbnailUrl":"https:\/\/kwp.at\/pensionistenklubs\/wp-content\/uploads\/sites\/2\/2025\/10\/3-e1760699605519.jpg","datePublished":"2025-10-24T10:10:28+00:00","dateModified":"2025-12-18T08:58:29+00:00","description":"Der\u00a0Klub+ All in Village3 ist ein moderner und barrierefreier Treffpunkt f\u00fcr Senior*innen und Besucher*innen aller Generationen.","breadcrumb":{"@id":"https:\/\/kwp.at\/pensionistenklubs\/klubs\/unsere-klubs\/klub-all-in-village3\/#breadcrumb"},"inLanguage":"de","potentialAction":[{"@type":"ReadAction","target":["https:\/\/kwp.at\/pensionistenklubs\/klubs\/unsere-klubs\/klub-all-in-village3\/"]}]},{"@type":"ImageObject","inLanguage":"de","@id":"https:\/\/kwp.at\/pensionistenklubs\/klubs\/unsere-klubs\/klub-all-in-village3\/#primaryimage","url":"https:\/\/kwp.at\/pensionistenklubs\/wp-content\/uploads\/sites\/2\/2025\/10\/3-e1760699605519.jpg","contentUrl":"https:\/\/kwp.at\/pensionistenklubs\/wp-content\/uploads\/sites\/2\/2025\/10\/3-e1760699605519.jpg","width":4096,"height":1707,"caption":"Gro\u00dfmutter h\u00e4lt einen bunten Drachen in der Hand. Ihre zwei Enkelbuben deuten begeistert in den Himmel."},{"@type":"BreadcrumbList","@id":"https:\/\/kwp.at\/pensionistenklubs\/klubs\/unsere-klubs\/klub-all-in-village3\/#breadcrumb","itemListElement":[{"@type":"ListItem","position":1,"name":"Unsere Klubs","item":"https:\/\/kwp.at\/pensionistenklubs\/klubs\/"},{"@type":"ListItem","position":2,"name":"Klub+","item":"https:\/\/kwp.at\/pensionistenklubs\/klubs\/unsere-klubs\/"},{"@type":"ListItem","position":3,"name":"Klub+ All in Village3"}]},{"@type":"WebSite","@id":"https:\/\/kwp.at\/pensionistenklubs\/#website","url":"https:\/\/kwp.at\/pensionistenklubs\/","name":"Pensionist*innenklubs","description":"F\u00fcr die Stadt Wien","publisher":{"@id":"https:\/\/kwp.at\/pensionistenklubs\/#organization"},"potentialAction":[{"@type":"SearchAction","target":{"@type":"EntryPoint","urlTemplate":"https:\/\/kwp.at\/pensionistenklubs\/?s={search_term_string}"},"query-input":{"@type":"PropertyValueSpecification","valueRequired":true,"valueName":"search_term_string"}}],"inLanguage":"de"},{"@type":"Organization","@id":"https:\/\/kwp.at\/pensionistenklubs\/#organization","name":"PensionistInnenklubs f\u00fcr die Stadt Wien","url":"https:\/\/kwp.at\/pensionistenklubs\/","logo":{"@type":"ImageObject","inLanguage":"de","@id":"https:\/\/kwp.at\/pensionistenklubs\/#\/schema\/logo\/image\/","url":"https:\/\/kwp.at\/pensionistenklubs\/wp-content\/uploads\/sites\/2\/2022\/08\/Logo-Pensionistenklubs-scaled-1.jpeg","contentUrl":"https:\/\/kwp.at\/pensionistenklubs\/wp-content\/uploads\/sites\/2\/2022\/08\/Logo-Pensionistenklubs-scaled-1.jpeg","width":2560,"height":610,"caption":"PensionistInnenklubs f\u00fcr die Stadt Wien"},"image":{"@id":"https:\/\/kwp.at\/pensionistenklubs\/#\/schema\/logo\/image\/"}}]}},"_links":{"self":[{"href":"https:\/\/kwp.at\/pensionistenklubs\/wp-json\/wp\/v2\/pages\/20062","targetHints":{"allow":["GET"]}}],"collection":[{"href":"https:\/\/kwp.at\/pensionistenklubs\/wp-json\/wp\/v2\/pages"}],"about":[{"href":"https:\/\/kwp.at\/pensionistenklubs\/wp-json\/wp\/v2\/types\/page"}],"author":[{"embeddable":true,"href":"https:\/\/kwp.at\/pensionistenklubs\/wp-json\/wp\/v2\/users\/10"}],"replies":[{"embeddable":true,"href":"https:\/\/kwp.at\/pensionistenklubs\/wp-json\/wp\/v2\/comments?post=20062"}],"version-history":[{"count":4,"href":"https:\/\/kwp.at\/pensionistenklubs\/wp-json\/wp\/v2\/pages\/20062\/revisions"}],"predecessor-version":[{"id":20391,"href":"https:\/\/kwp.at\/pensionistenklubs\/wp-json\/wp\/v2\/pages\/20062\/revisions\/20391"}],"up":[{"embeddable":true,"href":"https:\/\/kwp.at\/pensionistenklubs\/wp-json\/wp\/v2\/pages\/27"}],"wp:featuredmedia":[{"embeddable":true,"href":"https:\/\/kwp.at\/pensionistenklubs\/wp-json\/wp\/v2\/media\/19989"}],"wp:attachment":[{"href":"https:\/\/kwp.at\/pensionistenklubs\/wp-json\/wp\/v2\/media?parent=20062"}],"curies":[{"name":"wp","href":"https:\/\/api.w.org\/{rel}","templated":true}]}}