{"id":18039,"date":"2025-02-21T13:15:56","date_gmt":"2025-02-21T12:15:56","guid":{"rendered":"https:\/\/kwp.at\/pensionistenklubs\/?page_id=18039"},"modified":"2025-07-04T12:13:42","modified_gmt":"2025-07-04T10:13:42","slug":"klub-all-in-breitenlee","status":"publish","type":"page","link":"https:\/\/kwp.at\/pensionistenklubs\/klubs\/unsere-klubs\/klub-all-in-breitenlee\/","title":{"rendered":"Klub+ All in Breitenlee"},"content":{"rendered":"\n<p><strong>Der <em>Klub<\/em>+ All in Breitenlee ist ein moderner und barrierefreier Treffpunkt f\u00fcr Senior*innen, Anwohner*innen aus dem Gr\u00e4tzl und Besucher*innen aller Generationen.<\/strong><\/p>\n\n\n\n<div style=\"background-color: #DA3910\" class=\"wp-block-kwp-blocks-infobox\"><h3>Klub+ All in Breitenlee<br>Lotte-Hass-Weg 2\/1A, 1220 Wien<\/h3><p>\n<p><strong>Kontakt:<\/strong> 01\/ 313 99 292 151, <a href=\"mailto:allinbreitenlee@kwp.at\">allinbreitenlee@kwp.at<\/a><\/p>\n\n\n\n<p><strong>\u00d6ffnungszeiten:<\/strong> Montag bis Freitag, 12:00-17:00 Uhr<\/p>\n\n\n\n<a target=\"_blank\" href=\"https:\/\/kwp.at\/pensionistenklubs\/clubs\/lotte-hass-weg-2-1a\/\" rel=\"noopener noreferrer\" class=\"wp-block-kwp-blocks-button-block\">Details zum Klub+ All in Breitenlee<\/a>\n\n\n\n<a target=\"_blank\" href=\"https:\/\/kwp.at\/veranstaltungen\/?filter=club&amp;club_style=1&amp;event_search=&amp;start_date=&amp;end_date=&amp;club%5B%5D=17872\" rel=\"noopener noreferrer\" class=\"wp-block-kwp-blocks-button-block\">Angebote des Klub+ All in Breitenlee<\/a>\n<\/p><\/div>\n\n\n\n<h2 class=\"wp-block-heading\">Ein Ort f\u00fcr Begegnung<\/h2>\n\n\n\n<p>Das vollkommen neu gestaltete Klublokal bietet ausreichend Platz f\u00fcr gemeinsame Bewegung, Spiel und Austausch. Hier, im Herzen der Donaustadt, ist ein moderner und barrierefreier Nachbarschaftstreff und Anlaufpunkt f\u00fcr soziales Miteinander entstanden.<\/p>\n\n\n\n<p>Ein 130 Quadratmeter gro\u00dfer und heller Klubraum, sowie eine offene Gemeinschaftsk\u00fcche mit weiten Fensterfronten stehen unseren Klubmitgliedern zur freien Verf\u00fcgung. <\/p>\n\n\n\n<p>Weiters bieten die gro\u00dfz\u00fcgigen Gemeinschaftsr\u00e4ume, sowie eine Kinderlandschaft allen Nachbar*innen aus dem neu entstandenen Wohnbau einen intergenerativen Treffpunkt. Auch diese R\u00e4umlichkeiten d\u00fcrfen von unseren Klubmitgliedern gerne mitbenutzt werden.<\/p>\n\n\n\n<p>Der moderne Klubstandort liegt zudem nahe an den Blumeng\u00e4rten und dem Badeteich Hirschstetten. Gemeinsame Ausfl\u00fcge laden zur Erholung im Gr\u00fcnen einladen.<\/p>\n\n\n\n<h2 class=\"wp-block-heading\">Vielf\u00e4ltiges Klubprogramm<\/h2>\n\n\n\n<p>Das t\u00e4glich wechselnde Klubprogramm wird von unseren Mitarbeiter*innen in Zusammenarbeit mit den Senior*innen selbst gestaltet um umgesetzt. Hier stehen gemeinsame Feste, Ausfl\u00fcge und Spiele genauso am Programm, wie gemeinschaftliches Kochen und Backen. Auch f\u00fcr kurzweilige Bewegungsangebote, Tanz und diverse Fachvortr\u00e4ge zu unterschiedlichen Themen sorgen unsere Klubmitarbeiter*innen. Auf Nachbarschaft und integrative Begegnungen wird dabei gro\u00dfer Wert gelegt. Nat\u00fcrlich darf neben den vielf\u00e4ltigen Aktivit\u00e4ten auch die gem\u00fctliche und kostenlose Klubjause nicht fehlen. <strong>Besuchen Sie uns!<\/strong><\/p>\n\n\n\n<p><\/p>\n","protected":false},"excerpt":{"rendered":"<p>Der Klub+ All in Breitenlee ist ein moderner und barrierefreier Treffpunkt f\u00fcr Senior*innen, Anwohner*innen aus dem Gr\u00e4tzl und Besucher*innen aller Generationen. Ein Ort f\u00fcr Begegnung<\/p>\n","protected":false},"author":632,"featured_media":17938,"parent":27,"menu_order":0,"comment_status":"closed","ping_status":"closed","template":"","meta":{"_acf_changed":false,"footnotes":""},"class_list":["post-18039","page","type-page","status-publish","has-post-thumbnail","hentry"],"acf":[],"yoast_head":"<!-- This site is optimized with the Yoast SEO plugin v27.4 - https:\/\/yoast.com\/product\/yoast-seo-wordpress\/ -->\n<title>Klub+ All in Breitenlee - Pensionist*innenklubs<\/title>\n<meta name=\"description\" content=\"Am Lotte-Hass-Weg 2 \u00f6ffnet diesen April mit dem Klub+ All in Breitenlee ein moderner und barrierefreier Klubstandort feierlich seine Tore.\" \/>\n<meta name=\"robots\" content=\"index, follow, max-snippet:-1, max-image-preview:large, max-video-preview:-1\" \/>\n<link rel=\"canonical\" href=\"https:\/\/kwp.at\/pensionistenklubs\/klubs\/unsere-klubs\/klub-all-in-breitenlee\/\" \/>\n<meta property=\"og:locale\" content=\"de_DE\" \/>\n<meta property=\"og:type\" content=\"article\" \/>\n<meta property=\"og:title\" content=\"Klub+ All in Breitenlee - Pensionist*innenklubs\" \/>\n<meta property=\"og:description\" content=\"Am Lotte-Hass-Weg 2 \u00f6ffnet diesen April mit dem Klub+ All in Breitenlee ein moderner und barrierefreier Klubstandort feierlich seine Tore.\" \/>\n<meta property=\"og:url\" content=\"https:\/\/kwp.at\/pensionistenklubs\/klubs\/unsere-klubs\/klub-all-in-breitenlee\/\" \/>\n<meta property=\"og:site_name\" content=\"Pensionist*innenklubs\" \/>\n<meta property=\"article:modified_time\" content=\"2025-07-04T10:13:42+00:00\" \/>\n<meta property=\"og:image\" content=\"https:\/\/kwp.at\/pensionistenklubs\/wp-content\/uploads\/sites\/2\/2025\/02\/Design-ohne-Titel.jpg\" \/>\n\t<meta property=\"og:image:width\" content=\"1200\" \/>\n\t<meta property=\"og:image:height\" content=\"500\" \/>\n\t<meta property=\"og:image:type\" content=\"image\/jpeg\" \/>\n<meta name=\"twitter:card\" content=\"summary_large_image\" \/>\n<meta name=\"twitter:label1\" content=\"Gesch\u00e4tzte Lesezeit\" \/>\n\t<meta name=\"twitter:data1\" content=\"2\u00a0Minuten\" \/>\n<script type=\"application\/ld+json\" class=\"yoast-schema-graph\">{\"@context\":\"https:\\\/\\\/schema.org\",\"@graph\":[{\"@type\":\"WebPage\",\"@id\":\"https:\\\/\\\/kwp.at\\\/pensionistenklubs\\\/klubs\\\/unsere-klubs\\\/klub-all-in-breitenlee\\\/\",\"url\":\"https:\\\/\\\/kwp.at\\\/pensionistenklubs\\\/klubs\\\/unsere-klubs\\\/klub-all-in-breitenlee\\\/\",\"name\":\"Klub+ All in Breitenlee - Pensionist*innenklubs\",\"isPartOf\":{\"@id\":\"https:\\\/\\\/kwp.at\\\/pensionistenklubs\\\/#website\"},\"primaryImageOfPage\":{\"@id\":\"https:\\\/\\\/kwp.at\\\/pensionistenklubs\\\/klubs\\\/unsere-klubs\\\/klub-all-in-breitenlee\\\/#primaryimage\"},\"image\":{\"@id\":\"https:\\\/\\\/kwp.at\\\/pensionistenklubs\\\/klubs\\\/unsere-klubs\\\/klub-all-in-breitenlee\\\/#primaryimage\"},\"thumbnailUrl\":\"https:\\\/\\\/kwp.at\\\/pensionistenklubs\\\/wp-content\\\/uploads\\\/sites\\\/2\\\/2025\\\/02\\\/Design-ohne-Titel.jpg\",\"datePublished\":\"2025-02-21T12:15:56+00:00\",\"dateModified\":\"2025-07-04T10:13:42+00:00\",\"description\":\"Am Lotte-Hass-Weg 2 \u00f6ffnet diesen April mit dem Klub+ All in Breitenlee ein moderner und barrierefreier Klubstandort feierlich seine Tore.\",\"breadcrumb\":{\"@id\":\"https:\\\/\\\/kwp.at\\\/pensionistenklubs\\\/klubs\\\/unsere-klubs\\\/klub-all-in-breitenlee\\\/#breadcrumb\"},\"inLanguage\":\"de\",\"potentialAction\":[{\"@type\":\"ReadAction\",\"target\":[\"https:\\\/\\\/kwp.at\\\/pensionistenklubs\\\/klubs\\\/unsere-klubs\\\/klub-all-in-breitenlee\\\/\"]}]},{\"@type\":\"ImageObject\",\"inLanguage\":\"de\",\"@id\":\"https:\\\/\\\/kwp.at\\\/pensionistenklubs\\\/klubs\\\/unsere-klubs\\\/klub-all-in-breitenlee\\\/#primaryimage\",\"url\":\"https:\\\/\\\/kwp.at\\\/pensionistenklubs\\\/wp-content\\\/uploads\\\/sites\\\/2\\\/2025\\\/02\\\/Design-ohne-Titel.jpg\",\"contentUrl\":\"https:\\\/\\\/kwp.at\\\/pensionistenklubs\\\/wp-content\\\/uploads\\\/sites\\\/2\\\/2025\\\/02\\\/Design-ohne-Titel.jpg\",\"width\":1200,\"height\":500,\"caption\":\"Generationen\"},{\"@type\":\"BreadcrumbList\",\"@id\":\"https:\\\/\\\/kwp.at\\\/pensionistenklubs\\\/klubs\\\/unsere-klubs\\\/klub-all-in-breitenlee\\\/#breadcrumb\",\"itemListElement\":[{\"@type\":\"ListItem\",\"position\":1,\"name\":\"Unsere Klubs\",\"item\":\"https:\\\/\\\/kwp.at\\\/pensionistenklubs\\\/klubs\\\/\"},{\"@type\":\"ListItem\",\"position\":2,\"name\":\"Klub+\",\"item\":\"https:\\\/\\\/kwp.at\\\/pensionistenklubs\\\/klubs\\\/unsere-klubs\\\/\"},{\"@type\":\"ListItem\",\"position\":3,\"name\":\"Klub+ All in Breitenlee\"}]},{\"@type\":\"WebSite\",\"@id\":\"https:\\\/\\\/kwp.at\\\/pensionistenklubs\\\/#website\",\"url\":\"https:\\\/\\\/kwp.at\\\/pensionistenklubs\\\/\",\"name\":\"Pensionist*innenklubs\",\"description\":\"F\u00fcr die Stadt Wien\",\"publisher\":{\"@id\":\"https:\\\/\\\/kwp.at\\\/pensionistenklubs\\\/#organization\"},\"potentialAction\":[{\"@type\":\"SearchAction\",\"target\":{\"@type\":\"EntryPoint\",\"urlTemplate\":\"https:\\\/\\\/kwp.at\\\/pensionistenklubs\\\/?s={search_term_string}\"},\"query-input\":{\"@type\":\"PropertyValueSpecification\",\"valueRequired\":true,\"valueName\":\"search_term_string\"}}],\"inLanguage\":\"de\"},{\"@type\":\"Organization\",\"@id\":\"https:\\\/\\\/kwp.at\\\/pensionistenklubs\\\/#organization\",\"name\":\"PensionistInnenklubs f\u00fcr die Stadt Wien\",\"url\":\"https:\\\/\\\/kwp.at\\\/pensionistenklubs\\\/\",\"logo\":{\"@type\":\"ImageObject\",\"inLanguage\":\"de\",\"@id\":\"https:\\\/\\\/kwp.at\\\/pensionistenklubs\\\/#\\\/schema\\\/logo\\\/image\\\/\",\"url\":\"https:\\\/\\\/kwp.at\\\/pensionistenklubs\\\/wp-content\\\/uploads\\\/sites\\\/2\\\/2022\\\/08\\\/Logo-Pensionistenklubs-scaled-1.jpeg\",\"contentUrl\":\"https:\\\/\\\/kwp.at\\\/pensionistenklubs\\\/wp-content\\\/uploads\\\/sites\\\/2\\\/2022\\\/08\\\/Logo-Pensionistenklubs-scaled-1.jpeg\",\"width\":2560,\"height\":610,\"caption\":\"PensionistInnenklubs f\u00fcr die Stadt Wien\"},\"image\":{\"@id\":\"https:\\\/\\\/kwp.at\\\/pensionistenklubs\\\/#\\\/schema\\\/logo\\\/image\\\/\"}}]}<\/script>\n<!-- \/ Yoast SEO plugin. -->","yoast_head_json":{"title":"Klub+ All in Breitenlee - Pensionist*innenklubs","description":"Am Lotte-Hass-Weg 2 \u00f6ffnet diesen April mit dem Klub+ All in Breitenlee ein moderner und barrierefreier Klubstandort feierlich seine Tore.","robots":{"index":"index","follow":"follow","max-snippet":"max-snippet:-1","max-image-preview":"max-image-preview:large","max-video-preview":"max-video-preview:-1"},"canonical":"https:\/\/kwp.at\/pensionistenklubs\/klubs\/unsere-klubs\/klub-all-in-breitenlee\/","og_locale":"de_DE","og_type":"article","og_title":"Klub+ All in Breitenlee - Pensionist*innenklubs","og_description":"Am Lotte-Hass-Weg 2 \u00f6ffnet diesen April mit dem Klub+ All in Breitenlee ein moderner und barrierefreier Klubstandort feierlich seine Tore.","og_url":"https:\/\/kwp.at\/pensionistenklubs\/klubs\/unsere-klubs\/klub-all-in-breitenlee\/","og_site_name":"Pensionist*innenklubs","article_modified_time":"2025-07-04T10:13:42+00:00","og_image":[{"width":1200,"height":500,"url":"https:\/\/kwp.at\/pensionistenklubs\/wp-content\/uploads\/sites\/2\/2025\/02\/Design-ohne-Titel.jpg","type":"image\/jpeg"}],"twitter_card":"summary_large_image","twitter_misc":{"Gesch\u00e4tzte Lesezeit":"2\u00a0Minuten"},"schema":{"@context":"https:\/\/schema.org","@graph":[{"@type":"WebPage","@id":"https:\/\/kwp.at\/pensionistenklubs\/klubs\/unsere-klubs\/klub-all-in-breitenlee\/","url":"https:\/\/kwp.at\/pensionistenklubs\/klubs\/unsere-klubs\/klub-all-in-breitenlee\/","name":"Klub+ All in Breitenlee - Pensionist*innenklubs","isPartOf":{"@id":"https:\/\/kwp.at\/pensionistenklubs\/#website"},"primaryImageOfPage":{"@id":"https:\/\/kwp.at\/pensionistenklubs\/klubs\/unsere-klubs\/klub-all-in-breitenlee\/#primaryimage"},"image":{"@id":"https:\/\/kwp.at\/pensionistenklubs\/klubs\/unsere-klubs\/klub-all-in-breitenlee\/#primaryimage"},"thumbnailUrl":"https:\/\/kwp.at\/pensionistenklubs\/wp-content\/uploads\/sites\/2\/2025\/02\/Design-ohne-Titel.jpg","datePublished":"2025-02-21T12:15:56+00:00","dateModified":"2025-07-04T10:13:42+00:00","description":"Am Lotte-Hass-Weg 2 \u00f6ffnet diesen April mit dem Klub+ All in Breitenlee ein moderner und barrierefreier Klubstandort feierlich seine Tore.","breadcrumb":{"@id":"https:\/\/kwp.at\/pensionistenklubs\/klubs\/unsere-klubs\/klub-all-in-breitenlee\/#breadcrumb"},"inLanguage":"de","potentialAction":[{"@type":"ReadAction","target":["https:\/\/kwp.at\/pensionistenklubs\/klubs\/unsere-klubs\/klub-all-in-breitenlee\/"]}]},{"@type":"ImageObject","inLanguage":"de","@id":"https:\/\/kwp.at\/pensionistenklubs\/klubs\/unsere-klubs\/klub-all-in-breitenlee\/#primaryimage","url":"https:\/\/kwp.at\/pensionistenklubs\/wp-content\/uploads\/sites\/2\/2025\/02\/Design-ohne-Titel.jpg","contentUrl":"https:\/\/kwp.at\/pensionistenklubs\/wp-content\/uploads\/sites\/2\/2025\/02\/Design-ohne-Titel.jpg","width":1200,"height":500,"caption":"Generationen"},{"@type":"BreadcrumbList","@id":"https:\/\/kwp.at\/pensionistenklubs\/klubs\/unsere-klubs\/klub-all-in-breitenlee\/#breadcrumb","itemListElement":[{"@type":"ListItem","position":1,"name":"Unsere Klubs","item":"https:\/\/kwp.at\/pensionistenklubs\/klubs\/"},{"@type":"ListItem","position":2,"name":"Klub+","item":"https:\/\/kwp.at\/pensionistenklubs\/klubs\/unsere-klubs\/"},{"@type":"ListItem","position":3,"name":"Klub+ All in Breitenlee"}]},{"@type":"WebSite","@id":"https:\/\/kwp.at\/pensionistenklubs\/#website","url":"https:\/\/kwp.at\/pensionistenklubs\/","name":"Pensionist*innenklubs","description":"F\u00fcr die Stadt Wien","publisher":{"@id":"https:\/\/kwp.at\/pensionistenklubs\/#organization"},"potentialAction":[{"@type":"SearchAction","target":{"@type":"EntryPoint","urlTemplate":"https:\/\/kwp.at\/pensionistenklubs\/?s={search_term_string}"},"query-input":{"@type":"PropertyValueSpecification","valueRequired":true,"valueName":"search_term_string"}}],"inLanguage":"de"},{"@type":"Organization","@id":"https:\/\/kwp.at\/pensionistenklubs\/#organization","name":"PensionistInnenklubs f\u00fcr die Stadt Wien","url":"https:\/\/kwp.at\/pensionistenklubs\/","logo":{"@type":"ImageObject","inLanguage":"de","@id":"https:\/\/kwp.at\/pensionistenklubs\/#\/schema\/logo\/image\/","url":"https:\/\/kwp.at\/pensionistenklubs\/wp-content\/uploads\/sites\/2\/2022\/08\/Logo-Pensionistenklubs-scaled-1.jpeg","contentUrl":"https:\/\/kwp.at\/pensionistenklubs\/wp-content\/uploads\/sites\/2\/2022\/08\/Logo-Pensionistenklubs-scaled-1.jpeg","width":2560,"height":610,"caption":"PensionistInnenklubs f\u00fcr die Stadt Wien"},"image":{"@id":"https:\/\/kwp.at\/pensionistenklubs\/#\/schema\/logo\/image\/"}}]}},"_links":{"self":[{"href":"https:\/\/kwp.at\/pensionistenklubs\/wp-json\/wp\/v2\/pages\/18039","targetHints":{"allow":["GET"]}}],"collection":[{"href":"https:\/\/kwp.at\/pensionistenklubs\/wp-json\/wp\/v2\/pages"}],"about":[{"href":"https:\/\/kwp.at\/pensionistenklubs\/wp-json\/wp\/v2\/types\/page"}],"author":[{"embeddable":true,"href":"https:\/\/kwp.at\/pensionistenklubs\/wp-json\/wp\/v2\/users\/632"}],"replies":[{"embeddable":true,"href":"https:\/\/kwp.at\/pensionistenklubs\/wp-json\/wp\/v2\/comments?post=18039"}],"version-history":[{"count":13,"href":"https:\/\/kwp.at\/pensionistenklubs\/wp-json\/wp\/v2\/pages\/18039\/revisions"}],"predecessor-version":[{"id":19308,"href":"https:\/\/kwp.at\/pensionistenklubs\/wp-json\/wp\/v2\/pages\/18039\/revisions\/19308"}],"up":[{"embeddable":true,"href":"https:\/\/kwp.at\/pensionistenklubs\/wp-json\/wp\/v2\/pages\/27"}],"wp:featuredmedia":[{"embeddable":true,"href":"https:\/\/kwp.at\/pensionistenklubs\/wp-json\/wp\/v2\/media\/17938"}],"wp:attachment":[{"href":"https:\/\/kwp.at\/pensionistenklubs\/wp-json\/wp\/v2\/media?parent=18039"}],"curies":[{"name":"wp","href":"https:\/\/api.w.org\/{rel}","templated":true}]}}