{"id":16367,"date":"2024-09-06T09:04:48","date_gmt":"2024-09-06T07:04:48","guid":{"rendered":"https:\/\/kwp.at\/pensionistenklubs\/?page_id=16367"},"modified":"2025-09-29T14:01:50","modified_gmt":"2025-09-29T12:01:50","slug":"klub-all-in-essling","status":"publish","type":"page","link":"https:\/\/kwp.at\/pensionistenklubs\/klubs\/unsere-klubs\/klub-all-in-essling\/","title":{"rendered":"Klub+ All in Essling"},"content":{"rendered":"\n<p><strong>Der <em>Klub<\/em>+ All in Essling ist ein Ort der Begegnung f\u00fcr Senior*innen, Anrainer*innen und Kooperationspartner*innen aus dem Gr\u00e4tzl. <\/strong><\/p>\n\n\n\n<p><strong>Hier treffen Menschen unterschiedlicher Generationen und Kulturen aufeinander, um gemeinsam ihre Freizeit zu verbringen. Dabei steht gemeinschaftliches Kochen ganz oben auf dem Klubprogramm. <\/strong><\/p>\n\n\n\n<div style=\"background-color: #DA3910\" class=\"wp-block-kwp-blocks-infobox\"><h3>Klub+ All in Essling<br>Telephonweg 1, 1220 Wien<\/h3><p>\n<p><strong>Kontakt:<\/strong> <a href=\"tel:01 313 99 292 141\">01 313 99 292 141<\/a>, <a href=\"mailto:allinessling@kwp.at\">allinessling@kwp.at<\/a><\/p>\n\n\n\n<p><strong>\u00d6ffnungszeiten:<\/strong> Montag bis Freitag, 09:00-17:00 Uhr<\/p>\n\n\n\n<a target=\"_blank\" href=\"https:\/\/kwp.at\/pensionistenklubs\/clubs\/klub-all-in-essling\/\" rel=\"noopener noreferrer\" class=\"wp-block-kwp-blocks-button-block\">Details zum Klub+ All in Essling<\/a>\n\n\n\n<a target=\"_blank\" href=\"https:\/\/kwp.at\/veranstaltungen\/?filter=club&amp;club_style=1&amp;event_search=&amp;start_date=&amp;end_date=&amp;club%5B%5D=16311\" rel=\"noopener noreferrer\" class=\"wp-block-kwp-blocks-button-block\">Angebote des Klub+ All in Essling<\/a>\n<\/p><\/div>\n\n\n\n<p>Der <em>Klub<\/em>+ All in Essling liegt im Herzen des Stadtteils Essling in der Wiener Donaustadt. Der <a href=\"https:\/\/kwp.at\/pensionistenklubs\/klub-all-in-essling-wurde-feierlich-eroeffnet\/\" target=\"_blank\" rel=\"noreferrer noopener\">Klub wurde Ende Oktober 2024 feierlich er\u00f6ffnet<\/a>. Der moderne und vollkommen barrierefreie Klub bietet viel Raum f\u00fcr ein generationen- und kultur\u00fcbergreifendes Miteinander im Gr\u00e4tzl. <strong>Hier sind alle herzlich willkommen!<\/strong><\/p>\n\n\n\n<p>Ein liebevoll gestaltetes Klubprogramm l\u00e4dt Besucher*innen zum Mitmachen ein. <strong>Mitgestaltung und Partizipation werden hier gro\u00df geschrieben!<\/strong><\/p>\n\n\n\n<div style=\"background-color: #1A880C\" class=\"wp-block-kwp-blocks-infobox\"><h3>Sie m\u00f6chten mitmachen?<\/h3><p>\n<p><strong>Sie m\u00f6chten Ihre Ideen einbringen? Sie haben Zeit und Energie, Neues zu planen? <\/strong><\/p>\n\n\n\n<p>Dann besuchen Sie uns zu den \u00d6ffnungszeiten von Montag bis Freitag, 09:00-17:00 Uhr, im Klub oder vereinbaren Sie ein telefonisches Gespr\u00e4ch unter <a href=\"tel:01 313 99 292 141\">01 313 99 292 141<\/a>. Wir freuen uns auf Ihren Input!<\/p>\n\n\n\n<p>Auch unsere <a href=\"https:\/\/kwp.at\/pensionistenklubs\/dabei-sein\/mitbestimmen-im-themenkreis\/\" target=\"_blank\" rel=\"noreferrer noopener\">Themenkreise<\/a> arbeiten in regelm\u00e4\u00dfigen Treffen an neuen und innovativen Ideen. <strong>Machen Sie mit!<\/strong><\/p>\n\n\n\n<a target=\"_blank\" href=\"https:\/\/kwp.at\/pensionistenklubs\/dabei-sein\/mitbestimmen-im-themenkreis\/\" rel=\"noopener noreferrer\" class=\"wp-block-kwp-blocks-button-block\">Zu den Themenkreisen<\/a>\n<\/p><\/div>\n\n\n\n<p>So ist es auch kein Wunder, dass sich Tanz- und Bewegungsangebote gr\u00f6\u00dfter Beliebtheit erfreuen. Auch Freund*innen von Kunst und Kultur kommen im <em>Klub<\/em>+ All in Essling voll auf ihre Kosten, denn das Klublokal verf\u00fcgt \u00fcber eine gro\u00dfe B\u00fchne, die beschwingte Musiknachmittage und Auftritte diverser K\u00fcnstler*innen verspricht.<\/p>\n\n\n\n<p>Weiters nehmen sich viele unserer Klubmitglieder das Thema der Nachhaltigkeit zu Herzen und nutzen das neu etablierte <a href=\"https:\/\/kwp.at\/pensionistenklubs\/schraube-locker-das-reparatur-cafe-hilft\/\" target=\"_blank\" rel=\"noreferrer noopener\">Reparaturcaf\u00e9 <\/a>im Klub. Hier hauchen ambitionierte Bastler*innen und echte Profis alten Gegenst\u00e4nden neues Leben ein. <strong>Geben auch Sie Ihren Kleinger\u00e4ten eine zweite Chance! <\/strong><\/p>\n\n\n\n<h2 class=\"wp-block-heading\">Begegnungszone mit allen Sinnen<\/h2>\n\n\n\n<p>Besonderes Augenmerkt liegt im <em>Klub<\/em>+ All in Essling auf dem gemeinsamen Kochen. Denn nicht nur die Liebe, sondern auch intergenerativer Austausch und V\u00f6lkerverst\u00e4ndigung, gehen durch den Magen.<\/p>\n\n\n\n<p>So wurde der Wunsch unserer Klubmitglieder zum Anlass genommen, im <em>Klub<\/em>+ All in Essling eine gro\u00dfe, offene und moderne K\u00fcche zu installieren. Hier kann nun nach Herzenslust gemeinsam gekocht, gebraten und gebacken werden.<\/p>\n\n\n\n<p>Der vier Meter lange Esstisch bringt alle Teilnehmer*innen zusammen und l\u00e4dt zum gemeinsamen Essen in bester Gesellschaft ein. <strong>Kochen und essen Sie mit! <\/strong><\/p>\n\n\n\n<div class=\"c-youtube-embed\"><a class=\"c-youtube__link\" onclick=\"(function (node){node.parentNode.innerHTML =  unescape('%3Ciframe%20id%3D%22ytplayer%22%20class%3D%22c-youtube-embed__iframe%22%20type%3D%22text\/html%22%20src%3D%22https%3A\/\/www.youtube-nocookie.com\/embed\/65klrDS_WuE%3Fautoplay%3D1%22%20allow%3D%27autoplay%27%20frameborder%3D%220%22\/%3E')}(this))\"><img decoding=\"async\" class=\"c-youtube-embed__thumbnail\" src=\"https:\/\/img.youtube.com\/vi\/65klrDS_WuE\/maxresdefault.jpg\" alt=\"Klicken Sie um das Video zu starten\" srcset=\"https:\/\/img.youtube.com\/vi\/65klrDS_WuE\/default.jpg 120w ,https:\/\/img.youtube.com\/vi\/65klrDS_WuE\/hqdefault.jpg 320w ,https:\/\/img.youtube.com\/vi\/65klrDS_WuE\/mqdefault.jpg 480w ,https:\/\/img.youtube.com\/vi\/65klrDS_WuE\/sddefault.jpg 640w ,https:\/\/img.youtube.com\/vi\/65klrDS_WuE\/maxresdefault.jpg 1280w\"\/><svg class=\"play-button\" enable-background=\"new 0 0 1920 1250\" version=\"1.1\" viewBox=\"0 0 1920 1250\" space=\"preserve\" xmlns=\"http:\/\/www.w3.org\/2000\/svg\"><g fill=\"white\"><path d=\"m1227.8 605.5l-447.59-258.42c-18.576-10.725-33.775-1.95-33.775 19.5v516.83c0 21.45 15.199 30.225 33.775 19.5l447.59-258.42c18.576-10.725 18.576-28.275 0-39z\"><\/path><path d=\"m1542.1 384.71c-31.093-73.512-75.6-139.53-132.28-196.21-56.684-56.685-122.7-101.19-196.21-132.28-76.12-32.197-156.97-48.521-240.29-48.521s-164.17 16.325-240.29 48.522c-73.512 31.093-139.53 75.599-196.21 132.28-56.685 56.684-101.19 122.7-132.28 196.21-32.196 76.12-48.521 156.97-48.521 240.29s16.325 164.17 48.521 240.29c31.093 73.512 75.599 139.53 132.28 196.21 56.684 56.685 122.7 101.19 196.21 132.28 76.121 32.196 156.97 48.521 240.29 48.521s164.17-16.325 240.29-48.521c73.512-31.093 139.53-75.6 196.21-132.28 56.685-56.684 101.19-122.7 132.28-196.21 32.196-76.12 48.521-156.97 48.521-240.29s-16.325-164.17-48.521-240.29zm-568.79 807.6c-312.81 0-567.31-254.49-567.31-567.31s254.49-567.31 567.31-567.31 567.31 254.49 567.31 567.31-254.49 567.31-567.31 567.31z\"><\/path><\/g><\/svg><\/a><\/div>\n\n\n\n<div style=\"background-color: #107da8\" class=\"wp-block-kwp-blocks-infobox\"><h3>Tipp: Esslinger Podcast<\/h3><p>\n<p>In der 42. Episode des &#8222;Esslinger Podcast&#8220; waren neulich Teamleiterin Brigitta Hirschvogel-Piedl und Klubbetreuerin Susanne Unger-Zemann zu Gast im Talk und erz\u00e4hlten Wissenswertes zum neuen <em>Klub<\/em>+ All in Essling. <\/p>\n\n\n\n<p><strong>Jetzt anh\u00f6ren! <\/strong><\/p>\n\n\n\n<a target=\"_blank\" href=\"https:\/\/open.spotify.com\/episode\/2S5XbQKH5nj5tozNX8DzVN?si=K137mfPmTEOvq26iLzHGag\" rel=\"noopener noreferrer\" class=\"wp-block-kwp-blocks-button-block\">Esslinger Podcast via Spotify<\/a>\n\n\n\n<a target=\"_blank\" href=\"https:\/\/www.facebook.com\/share\/p\/19YGzbBq1s\/\" rel=\"noopener noreferrer\" class=\"wp-block-kwp-blocks-button-block\">Esslinger Podcast via Facecebook<\/a>\n\n\n\n<a target=\"_blank\" href=\"https:\/\/podcasts.apple.com\/at\/podcast\/esslinger-podcast\/id1675453858?i=1000700784258\" rel=\"noopener noreferrer\" class=\"wp-block-kwp-blocks-button-block\">Esslinger Podcast via Apple Podcast<\/a>\n<\/p><\/div>\n\n\n\n<p><\/p>\n","protected":false},"excerpt":{"rendered":"<p>Der Klub+ All in Essling ist ein Ort der Begegnung f\u00fcr Senior*innen, Anrainer*innen und Kooperationspartner*innen aus dem Gr\u00e4tzl. Hier treffen Menschen unterschiedlicher Generationen und Kulturen<\/p>\n","protected":false},"author":10,"featured_media":16020,"parent":27,"menu_order":14,"comment_status":"closed","ping_status":"closed","template":"","meta":{"_acf_changed":false,"footnotes":""},"class_list":["post-16367","page","type-page","status-publish","has-post-thumbnail","hentry"],"acf":[],"yoast_head":"<!-- This site is optimized with the Yoast SEO plugin v27.2 - https:\/\/yoast.com\/product\/yoast-seo-wordpress\/ -->\n<title>Klub+ All in Essling - Pensionist*innenklubs<\/title>\n<meta name=\"description\" content=\"Der Klub+ All in Essling ist ein Ort der Begegnung f\u00fcr Senior*innen, Anrainer*innen und Kooperationspartner*innen aus dem Gr\u00e4tzl.\" \/>\n<meta name=\"robots\" content=\"index, follow, max-snippet:-1, max-image-preview:large, max-video-preview:-1\" \/>\n<link rel=\"canonical\" href=\"https:\/\/kwp.at\/pensionistenklubs\/klubs\/unsere-klubs\/klub-all-in-essling\/\" \/>\n<meta property=\"og:locale\" content=\"de_DE\" \/>\n<meta property=\"og:type\" content=\"article\" \/>\n<meta property=\"og:title\" content=\"Klub+ All in Essling - Pensionist*innenklubs\" \/>\n<meta property=\"og:description\" content=\"Der Klub+ All in Essling ist ein Ort der Begegnung f\u00fcr Senior*innen, Anrainer*innen und Kooperationspartner*innen aus dem Gr\u00e4tzl.\" \/>\n<meta property=\"og:url\" content=\"https:\/\/kwp.at\/pensionistenklubs\/klubs\/unsere-klubs\/klub-all-in-essling\/\" \/>\n<meta property=\"og:site_name\" content=\"Pensionist*innenklubs\" \/>\n<meta property=\"article:modified_time\" content=\"2025-09-29T12:01:50+00:00\" \/>\n<meta property=\"og:image\" content=\"https:\/\/kwp.at\/pensionistenklubs\/wp-content\/uploads\/sites\/2\/2024\/07\/5.jpg\" \/>\n\t<meta property=\"og:image:width\" content=\"1200\" \/>\n\t<meta property=\"og:image:height\" content=\"500\" \/>\n\t<meta property=\"og:image:type\" content=\"image\/jpeg\" \/>\n<meta name=\"twitter:card\" content=\"summary_large_image\" \/>\n<meta name=\"twitter:label1\" content=\"Gesch\u00e4tzte Lesezeit\" \/>\n\t<meta name=\"twitter:data1\" content=\"3\u00a0Minuten\" \/>\n<script type=\"application\/ld+json\" class=\"yoast-schema-graph\">{\"@context\":\"https:\/\/schema.org\",\"@graph\":[{\"@type\":\"WebPage\",\"@id\":\"https:\/\/kwp.at\/pensionistenklubs\/klubs\/unsere-klubs\/klub-all-in-essling\/\",\"url\":\"https:\/\/kwp.at\/pensionistenklubs\/klubs\/unsere-klubs\/klub-all-in-essling\/\",\"name\":\"Klub+ All in Essling - Pensionist*innenklubs\",\"isPartOf\":{\"@id\":\"https:\/\/kwp.at\/pensionistenklubs\/#website\"},\"primaryImageOfPage\":{\"@id\":\"https:\/\/kwp.at\/pensionistenklubs\/klubs\/unsere-klubs\/klub-all-in-essling\/#primaryimage\"},\"image\":{\"@id\":\"https:\/\/kwp.at\/pensionistenklubs\/klubs\/unsere-klubs\/klub-all-in-essling\/#primaryimage\"},\"thumbnailUrl\":\"https:\/\/kwp.at\/pensionistenklubs\/wp-content\/uploads\/sites\/2\/2024\/07\/5.jpg\",\"datePublished\":\"2024-09-06T07:04:48+00:00\",\"dateModified\":\"2025-09-29T12:01:50+00:00\",\"description\":\"Der Klub+ All in Essling ist ein Ort der Begegnung f\u00fcr Senior*innen, Anrainer*innen und Kooperationspartner*innen aus dem Gr\u00e4tzl.\",\"breadcrumb\":{\"@id\":\"https:\/\/kwp.at\/pensionistenklubs\/klubs\/unsere-klubs\/klub-all-in-essling\/#breadcrumb\"},\"inLanguage\":\"de\",\"potentialAction\":[{\"@type\":\"ReadAction\",\"target\":[\"https:\/\/kwp.at\/pensionistenklubs\/klubs\/unsere-klubs\/klub-all-in-essling\/\"]}]},{\"@type\":\"ImageObject\",\"inLanguage\":\"de\",\"@id\":\"https:\/\/kwp.at\/pensionistenklubs\/klubs\/unsere-klubs\/klub-all-in-essling\/#primaryimage\",\"url\":\"https:\/\/kwp.at\/pensionistenklubs\/wp-content\/uploads\/sites\/2\/2024\/07\/5.jpg\",\"contentUrl\":\"https:\/\/kwp.at\/pensionistenklubs\/wp-content\/uploads\/sites\/2\/2024\/07\/5.jpg\",\"width\":1200,\"height\":500,\"caption\":\"Musik\"},{\"@type\":\"BreadcrumbList\",\"@id\":\"https:\/\/kwp.at\/pensionistenklubs\/klubs\/unsere-klubs\/klub-all-in-essling\/#breadcrumb\",\"itemListElement\":[{\"@type\":\"ListItem\",\"position\":1,\"name\":\"Unsere Klubs\",\"item\":\"https:\/\/kwp.at\/pensionistenklubs\/klubs\/\"},{\"@type\":\"ListItem\",\"position\":2,\"name\":\"Klub+\",\"item\":\"https:\/\/kwp.at\/pensionistenklubs\/klubs\/unsere-klubs\/\"},{\"@type\":\"ListItem\",\"position\":3,\"name\":\"Klub+ All in Essling\"}]},{\"@type\":\"WebSite\",\"@id\":\"https:\/\/kwp.at\/pensionistenklubs\/#website\",\"url\":\"https:\/\/kwp.at\/pensionistenklubs\/\",\"name\":\"Pensionist*innenklubs\",\"description\":\"F\u00fcr die Stadt Wien\",\"publisher\":{\"@id\":\"https:\/\/kwp.at\/pensionistenklubs\/#organization\"},\"potentialAction\":[{\"@type\":\"SearchAction\",\"target\":{\"@type\":\"EntryPoint\",\"urlTemplate\":\"https:\/\/kwp.at\/pensionistenklubs\/?s={search_term_string}\"},\"query-input\":{\"@type\":\"PropertyValueSpecification\",\"valueRequired\":true,\"valueName\":\"search_term_string\"}}],\"inLanguage\":\"de\"},{\"@type\":\"Organization\",\"@id\":\"https:\/\/kwp.at\/pensionistenklubs\/#organization\",\"name\":\"PensionistInnenklubs f\u00fcr die Stadt Wien\",\"url\":\"https:\/\/kwp.at\/pensionistenklubs\/\",\"logo\":{\"@type\":\"ImageObject\",\"inLanguage\":\"de\",\"@id\":\"https:\/\/kwp.at\/pensionistenklubs\/#\/schema\/logo\/image\/\",\"url\":\"https:\/\/kwp.at\/pensionistenklubs\/wp-content\/uploads\/sites\/2\/2022\/08\/Logo-Pensionistenklubs-scaled-1.jpeg\",\"contentUrl\":\"https:\/\/kwp.at\/pensionistenklubs\/wp-content\/uploads\/sites\/2\/2022\/08\/Logo-Pensionistenklubs-scaled-1.jpeg\",\"width\":2560,\"height\":610,\"caption\":\"PensionistInnenklubs f\u00fcr die Stadt Wien\"},\"image\":{\"@id\":\"https:\/\/kwp.at\/pensionistenklubs\/#\/schema\/logo\/image\/\"}}]}<\/script>\n<!-- \/ Yoast SEO plugin. -->","yoast_head_json":{"title":"Klub+ All in Essling - Pensionist*innenklubs","description":"Der Klub+ All in Essling ist ein Ort der Begegnung f\u00fcr Senior*innen, Anrainer*innen und Kooperationspartner*innen aus dem Gr\u00e4tzl.","robots":{"index":"index","follow":"follow","max-snippet":"max-snippet:-1","max-image-preview":"max-image-preview:large","max-video-preview":"max-video-preview:-1"},"canonical":"https:\/\/kwp.at\/pensionistenklubs\/klubs\/unsere-klubs\/klub-all-in-essling\/","og_locale":"de_DE","og_type":"article","og_title":"Klub+ All in Essling - Pensionist*innenklubs","og_description":"Der Klub+ All in Essling ist ein Ort der Begegnung f\u00fcr Senior*innen, Anrainer*innen und Kooperationspartner*innen aus dem Gr\u00e4tzl.","og_url":"https:\/\/kwp.at\/pensionistenklubs\/klubs\/unsere-klubs\/klub-all-in-essling\/","og_site_name":"Pensionist*innenklubs","article_modified_time":"2025-09-29T12:01:50+00:00","og_image":[{"width":1200,"height":500,"url":"https:\/\/kwp.at\/pensionistenklubs\/wp-content\/uploads\/sites\/2\/2024\/07\/5.jpg","type":"image\/jpeg"}],"twitter_card":"summary_large_image","twitter_misc":{"Gesch\u00e4tzte Lesezeit":"3\u00a0Minuten"},"schema":{"@context":"https:\/\/schema.org","@graph":[{"@type":"WebPage","@id":"https:\/\/kwp.at\/pensionistenklubs\/klubs\/unsere-klubs\/klub-all-in-essling\/","url":"https:\/\/kwp.at\/pensionistenklubs\/klubs\/unsere-klubs\/klub-all-in-essling\/","name":"Klub+ All in Essling - Pensionist*innenklubs","isPartOf":{"@id":"https:\/\/kwp.at\/pensionistenklubs\/#website"},"primaryImageOfPage":{"@id":"https:\/\/kwp.at\/pensionistenklubs\/klubs\/unsere-klubs\/klub-all-in-essling\/#primaryimage"},"image":{"@id":"https:\/\/kwp.at\/pensionistenklubs\/klubs\/unsere-klubs\/klub-all-in-essling\/#primaryimage"},"thumbnailUrl":"https:\/\/kwp.at\/pensionistenklubs\/wp-content\/uploads\/sites\/2\/2024\/07\/5.jpg","datePublished":"2024-09-06T07:04:48+00:00","dateModified":"2025-09-29T12:01:50+00:00","description":"Der Klub+ All in Essling ist ein Ort der Begegnung f\u00fcr Senior*innen, Anrainer*innen und Kooperationspartner*innen aus dem Gr\u00e4tzl.","breadcrumb":{"@id":"https:\/\/kwp.at\/pensionistenklubs\/klubs\/unsere-klubs\/klub-all-in-essling\/#breadcrumb"},"inLanguage":"de","potentialAction":[{"@type":"ReadAction","target":["https:\/\/kwp.at\/pensionistenklubs\/klubs\/unsere-klubs\/klub-all-in-essling\/"]}]},{"@type":"ImageObject","inLanguage":"de","@id":"https:\/\/kwp.at\/pensionistenklubs\/klubs\/unsere-klubs\/klub-all-in-essling\/#primaryimage","url":"https:\/\/kwp.at\/pensionistenklubs\/wp-content\/uploads\/sites\/2\/2024\/07\/5.jpg","contentUrl":"https:\/\/kwp.at\/pensionistenklubs\/wp-content\/uploads\/sites\/2\/2024\/07\/5.jpg","width":1200,"height":500,"caption":"Musik"},{"@type":"BreadcrumbList","@id":"https:\/\/kwp.at\/pensionistenklubs\/klubs\/unsere-klubs\/klub-all-in-essling\/#breadcrumb","itemListElement":[{"@type":"ListItem","position":1,"name":"Unsere Klubs","item":"https:\/\/kwp.at\/pensionistenklubs\/klubs\/"},{"@type":"ListItem","position":2,"name":"Klub+","item":"https:\/\/kwp.at\/pensionistenklubs\/klubs\/unsere-klubs\/"},{"@type":"ListItem","position":3,"name":"Klub+ All in Essling"}]},{"@type":"WebSite","@id":"https:\/\/kwp.at\/pensionistenklubs\/#website","url":"https:\/\/kwp.at\/pensionistenklubs\/","name":"Pensionist*innenklubs","description":"F\u00fcr die Stadt Wien","publisher":{"@id":"https:\/\/kwp.at\/pensionistenklubs\/#organization"},"potentialAction":[{"@type":"SearchAction","target":{"@type":"EntryPoint","urlTemplate":"https:\/\/kwp.at\/pensionistenklubs\/?s={search_term_string}"},"query-input":{"@type":"PropertyValueSpecification","valueRequired":true,"valueName":"search_term_string"}}],"inLanguage":"de"},{"@type":"Organization","@id":"https:\/\/kwp.at\/pensionistenklubs\/#organization","name":"PensionistInnenklubs f\u00fcr die Stadt Wien","url":"https:\/\/kwp.at\/pensionistenklubs\/","logo":{"@type":"ImageObject","inLanguage":"de","@id":"https:\/\/kwp.at\/pensionistenklubs\/#\/schema\/logo\/image\/","url":"https:\/\/kwp.at\/pensionistenklubs\/wp-content\/uploads\/sites\/2\/2022\/08\/Logo-Pensionistenklubs-scaled-1.jpeg","contentUrl":"https:\/\/kwp.at\/pensionistenklubs\/wp-content\/uploads\/sites\/2\/2022\/08\/Logo-Pensionistenklubs-scaled-1.jpeg","width":2560,"height":610,"caption":"PensionistInnenklubs f\u00fcr die Stadt Wien"},"image":{"@id":"https:\/\/kwp.at\/pensionistenklubs\/#\/schema\/logo\/image\/"}}]}},"_links":{"self":[{"href":"https:\/\/kwp.at\/pensionistenklubs\/wp-json\/wp\/v2\/pages\/16367","targetHints":{"allow":["GET"]}}],"collection":[{"href":"https:\/\/kwp.at\/pensionistenklubs\/wp-json\/wp\/v2\/pages"}],"about":[{"href":"https:\/\/kwp.at\/pensionistenklubs\/wp-json\/wp\/v2\/types\/page"}],"author":[{"embeddable":true,"href":"https:\/\/kwp.at\/pensionistenklubs\/wp-json\/wp\/v2\/users\/10"}],"replies":[{"embeddable":true,"href":"https:\/\/kwp.at\/pensionistenklubs\/wp-json\/wp\/v2\/comments?post=16367"}],"version-history":[{"count":30,"href":"https:\/\/kwp.at\/pensionistenklubs\/wp-json\/wp\/v2\/pages\/16367\/revisions"}],"predecessor-version":[{"id":19870,"href":"https:\/\/kwp.at\/pensionistenklubs\/wp-json\/wp\/v2\/pages\/16367\/revisions\/19870"}],"up":[{"embeddable":true,"href":"https:\/\/kwp.at\/pensionistenklubs\/wp-json\/wp\/v2\/pages\/27"}],"wp:featuredmedia":[{"embeddable":true,"href":"https:\/\/kwp.at\/pensionistenklubs\/wp-json\/wp\/v2\/media\/16020"}],"wp:attachment":[{"href":"https:\/\/kwp.at\/pensionistenklubs\/wp-json\/wp\/v2\/media?parent=16367"}],"curies":[{"name":"wp","href":"https:\/\/api.w.org\/{rel}","templated":true}]}}