{"id":16102,"date":"2024-07-25T13:46:59","date_gmt":"2024-07-25T11:46:59","guid":{"rendered":"https:\/\/kwp.at\/pensionistenklubs\/?page_id=16102"},"modified":"2024-07-25T13:47:00","modified_gmt":"2024-07-25T11:47:00","slug":"datenschutz-einwilligung-und-wesentlicher-hinweis-gemaess-artikel-13-dsgvo-2","status":"publish","type":"page","link":"https:\/\/kwp.at\/pensionistenklubs\/datenschutz-einwilligung-und-wesentlicher-hinweis-gemaess-artikel-13-dsgvo-2\/","title":{"rendered":"Datenschutz \u2013 Einwilligung und wesentlicher HINWEIS gem\u00e4\u00df Artikel 13 DSGVO"},"content":{"rendered":"\n<p>Die Teilnehmer*innen der Verlosung erteilen ihre Einwilligung, dass die Pensionist*innenklubs f\u00fcr die Stadt Wien des Fonds &#8211; Kuratorium Wiener Pensionisten-Wohnh\u00e4user \u2013 H\u00e4user zum Leben, Ottakringer Stra\u00dfe 264, 1160 Wien zum Zweck der Durchf\u00fchrung und Abwicklung der Verlosung \u201eFashion Week\u201c folgende notwendigen Daten verarbeiten:<\/p>\n\n\n\n<ul class=\"wp-block-list\">\n<li>Anrede (Geschlecht)<\/li>\n\n\n\n<li>Vor- und Nachname<\/li>\n\n\n\n<li>E-Mail-Adresse<\/li>\n<\/ul>\n\n\n\n<p>Diese Einwilligung kann jederzeit per E-Mail an pk@kwp.at oder per Post an Pensionist*innenklubs f\u00fcr die Stadt Wien des Fonds &#8211; Kuratorium Wiener Pensionisten-Wohnh\u00e4user \u2013 H\u00e4user zum Leben, Ottakringer Stra\u00dfe 264, 1160 Wien widerrufen werden.<\/p>\n\n\n\n<p>Die notwendigen personenbezogenen Daten werden mit Ablauf der Verlosung gel\u00f6scht. Die Rechtsgrundlage f\u00fcr die Verarbeitungsschritte bei der Durchf\u00fchrung und Abwicklung der Verlosung stellt gem\u00e4\u00df Art 6 Abs 1 lit a DSGVO die Einwilligungserkl\u00e4rung dar. Die Teilnehmer*innen haben als betroffene Personen das Recht auf Auskunft \u00fcber ihre personenbezogenen Daten, das Recht auf Berichtigung oder L\u00f6schung oder auf Einschr\u00e4nkung der Verarbeitung sowie ein Beschwerderecht an die \u00f6sterreichische Datenschutzbeh\u00f6rde (DSB). Datenschutzrechtlicher Auftraggeber ist der Fonds -Kuratorium Wiener Pensionisten-Wohnh\u00e4user \u2013 H\u00e4user zum Leben. <\/p>\n\n\n\n<h2 class=\"wp-block-heading\">Teilnahme und Ablauf<\/h2>\n\n\n\n<p>Die Verlosung startet am 29.07.2024 und endet am 10.08.2024, 24:00 Uhr. Die Teilnahme an der Verlosung ist ausschlie\u00dflich f\u00fcr Personen \u00fcber 16 Jahren mit Wohnsitz in \u00d6sterreich m\u00f6glich.\u00a0Zur Teilnahme an der Verlosung werden Anrede (Geschlecht), Vor- und Nachname und E-Mail-Adresse ben\u00f6tigt. Aus allen Einsendungen werden 52 Gewinner*innen ermittelt. Jede Person darf nur einmal am Gewinnspiel teilnehmen. Die Teilnahme ist ausschlie\u00dflich per E-Mail an\u00a0gewinnspiel@kwp.at m\u00f6glich. Die Teilnahme \u00fcber automatisierte Massenteilnahmeverfahren Dritter ist unzul\u00e4ssig. Die Pensionist*innenklubs f\u00fcr die Stadt Wien sind berechtigt, einzelne Personen von der Teilnahme auszuschlie\u00dfen, sofern berechtigte Gr\u00fcnde, insbesondere ein Versto\u00df gegen die Teilnahmebedingungen, Manipulation o.\u00e4., etc. vorliegen. Mitarbeiter*innen des Fonds &#8211; Kuratorium Wiener Pensionisten-Wohnh\u00e4user \u2013 H\u00e4user zum Leben sind vom Gewinnspiel ausgeschlossen.<\/p>\n\n\n\n<h2 class=\"wp-block-heading\">Gewinn<\/h2>\n\n\n\n<p><strong>Es werden insgesamt 52 Gewinner*innen per Los ermittelt. Jede*r Gewinner*in erh\u00e4lt<\/strong>:<\/p>\n\n\n\n<p>1 Gratis Eintritts-Ticket zur Pr\u00e4sentation der Kollektion Klub im Rahmen der Vienna Fashion Week am 10. September ab 15:00 Uhr<\/p>\n","protected":false},"excerpt":{"rendered":"<p>Die Teilnehmer*innen der Verlosung erteilen ihre Einwilligung, dass die Pensionist*innenklubs f\u00fcr die Stadt Wien des Fonds &#8211; Kuratorium Wiener Pensionisten-Wohnh\u00e4user \u2013 H\u00e4user zum Leben, Ottakringer<\/p>\n","protected":false},"author":10,"featured_media":16187,"parent":0,"menu_order":0,"comment_status":"closed","ping_status":"closed","template":"","meta":{"_acf_changed":false,"footnotes":""},"class_list":["post-16102","page","type-page","status-publish","has-post-thumbnail","hentry"],"acf":[],"yoast_head":"<!-- This site is optimized with the Yoast SEO plugin v27.4 - https:\/\/yoast.com\/product\/yoast-seo-wordpress\/ -->\n<title>Datenschutz \u2013 Einwilligung und wesentlicher HINWEIS gem\u00e4\u00df Artikel 13 DSGVO - Pensionist*innenklubs<\/title>\n<meta name=\"robots\" content=\"index, follow, max-snippet:-1, max-image-preview:large, max-video-preview:-1\" \/>\n<link rel=\"canonical\" href=\"https:\/\/kwp.at\/pensionistenklubs\/datenschutz-einwilligung-und-wesentlicher-hinweis-gemaess-artikel-13-dsgvo-2\/\" \/>\n<meta property=\"og:locale\" content=\"de_DE\" \/>\n<meta property=\"og:type\" content=\"article\" \/>\n<meta property=\"og:title\" content=\"Datenschutz \u2013 Einwilligung und wesentlicher HINWEIS gem\u00e4\u00df Artikel 13 DSGVO - Pensionist*innenklubs\" \/>\n<meta property=\"og:description\" content=\"Die Teilnehmer*innen der Verlosung erteilen ihre Einwilligung, dass die Pensionist*innenklubs f\u00fcr die Stadt Wien des Fonds &#8211; Kuratorium Wiener Pensionisten-Wohnh\u00e4user \u2013 H\u00e4user zum Leben, Ottakringer\" \/>\n<meta property=\"og:url\" content=\"https:\/\/kwp.at\/pensionistenklubs\/datenschutz-einwilligung-und-wesentlicher-hinweis-gemaess-artikel-13-dsgvo-2\/\" \/>\n<meta property=\"og:site_name\" content=\"Pensionist*innenklubs\" \/>\n<meta property=\"article:modified_time\" content=\"2024-07-25T11:47:00+00:00\" \/>\n<meta property=\"og:image\" content=\"https:\/\/kwp.at\/pensionistenklubs\/wp-content\/uploads\/sites\/2\/2024\/07\/Design_ohne_Titel_12.jpg\" \/>\n\t<meta property=\"og:image:width\" content=\"1200\" \/>\n\t<meta property=\"og:image:height\" content=\"500\" \/>\n\t<meta property=\"og:image:type\" content=\"image\/jpeg\" \/>\n<meta name=\"twitter:card\" content=\"summary_large_image\" \/>\n<meta name=\"twitter:label1\" content=\"Gesch\u00e4tzte Lesezeit\" \/>\n\t<meta name=\"twitter:data1\" content=\"2\u00a0Minuten\" \/>\n<script type=\"application\/ld+json\" class=\"yoast-schema-graph\">{\"@context\":\"https:\\\/\\\/schema.org\",\"@graph\":[{\"@type\":\"WebPage\",\"@id\":\"https:\\\/\\\/kwp.at\\\/pensionistenklubs\\\/datenschutz-einwilligung-und-wesentlicher-hinweis-gemaess-artikel-13-dsgvo-2\\\/\",\"url\":\"https:\\\/\\\/kwp.at\\\/pensionistenklubs\\\/datenschutz-einwilligung-und-wesentlicher-hinweis-gemaess-artikel-13-dsgvo-2\\\/\",\"name\":\"Datenschutz \u2013 Einwilligung und wesentlicher HINWEIS gem\u00e4\u00df Artikel 13 DSGVO - Pensionist*innenklubs\",\"isPartOf\":{\"@id\":\"https:\\\/\\\/kwp.at\\\/pensionistenklubs\\\/#website\"},\"primaryImageOfPage\":{\"@id\":\"https:\\\/\\\/kwp.at\\\/pensionistenklubs\\\/datenschutz-einwilligung-und-wesentlicher-hinweis-gemaess-artikel-13-dsgvo-2\\\/#primaryimage\"},\"image\":{\"@id\":\"https:\\\/\\\/kwp.at\\\/pensionistenklubs\\\/datenschutz-einwilligung-und-wesentlicher-hinweis-gemaess-artikel-13-dsgvo-2\\\/#primaryimage\"},\"thumbnailUrl\":\"https:\\\/\\\/kwp.at\\\/pensionistenklubs\\\/wp-content\\\/uploads\\\/sites\\\/2\\\/2024\\\/07\\\/Design_ohne_Titel_12.jpg\",\"datePublished\":\"2024-07-25T11:46:59+00:00\",\"dateModified\":\"2024-07-25T11:47:00+00:00\",\"inLanguage\":\"de\",\"potentialAction\":[{\"@type\":\"ReadAction\",\"target\":[\"https:\\\/\\\/kwp.at\\\/pensionistenklubs\\\/datenschutz-einwilligung-und-wesentlicher-hinweis-gemaess-artikel-13-dsgvo-2\\\/\"]}]},{\"@type\":\"ImageObject\",\"inLanguage\":\"de\",\"@id\":\"https:\\\/\\\/kwp.at\\\/pensionistenklubs\\\/datenschutz-einwilligung-und-wesentlicher-hinweis-gemaess-artikel-13-dsgvo-2\\\/#primaryimage\",\"url\":\"https:\\\/\\\/kwp.at\\\/pensionistenklubs\\\/wp-content\\\/uploads\\\/sites\\\/2\\\/2024\\\/07\\\/Design_ohne_Titel_12.jpg\",\"contentUrl\":\"https:\\\/\\\/kwp.at\\\/pensionistenklubs\\\/wp-content\\\/uploads\\\/sites\\\/2\\\/2024\\\/07\\\/Design_ohne_Titel_12.jpg\",\"width\":1200,\"height\":500},{\"@type\":\"WebSite\",\"@id\":\"https:\\\/\\\/kwp.at\\\/pensionistenklubs\\\/#website\",\"url\":\"https:\\\/\\\/kwp.at\\\/pensionistenklubs\\\/\",\"name\":\"Pensionist*innenklubs\",\"description\":\"F\u00fcr die Stadt Wien\",\"publisher\":{\"@id\":\"https:\\\/\\\/kwp.at\\\/pensionistenklubs\\\/#organization\"},\"potentialAction\":[{\"@type\":\"SearchAction\",\"target\":{\"@type\":\"EntryPoint\",\"urlTemplate\":\"https:\\\/\\\/kwp.at\\\/pensionistenklubs\\\/?s={search_term_string}\"},\"query-input\":{\"@type\":\"PropertyValueSpecification\",\"valueRequired\":true,\"valueName\":\"search_term_string\"}}],\"inLanguage\":\"de\"},{\"@type\":\"Organization\",\"@id\":\"https:\\\/\\\/kwp.at\\\/pensionistenklubs\\\/#organization\",\"name\":\"PensionistInnenklubs f\u00fcr die Stadt Wien\",\"url\":\"https:\\\/\\\/kwp.at\\\/pensionistenklubs\\\/\",\"logo\":{\"@type\":\"ImageObject\",\"inLanguage\":\"de\",\"@id\":\"https:\\\/\\\/kwp.at\\\/pensionistenklubs\\\/#\\\/schema\\\/logo\\\/image\\\/\",\"url\":\"https:\\\/\\\/kwp.at\\\/pensionistenklubs\\\/wp-content\\\/uploads\\\/sites\\\/2\\\/2022\\\/08\\\/Logo-Pensionistenklubs-scaled-1.jpeg\",\"contentUrl\":\"https:\\\/\\\/kwp.at\\\/pensionistenklubs\\\/wp-content\\\/uploads\\\/sites\\\/2\\\/2022\\\/08\\\/Logo-Pensionistenklubs-scaled-1.jpeg\",\"width\":2560,\"height\":610,\"caption\":\"PensionistInnenklubs f\u00fcr die Stadt Wien\"},\"image\":{\"@id\":\"https:\\\/\\\/kwp.at\\\/pensionistenklubs\\\/#\\\/schema\\\/logo\\\/image\\\/\"}}]}<\/script>\n<!-- \/ Yoast SEO plugin. -->","yoast_head_json":{"title":"Datenschutz \u2013 Einwilligung und wesentlicher HINWEIS gem\u00e4\u00df Artikel 13 DSGVO - Pensionist*innenklubs","robots":{"index":"index","follow":"follow","max-snippet":"max-snippet:-1","max-image-preview":"max-image-preview:large","max-video-preview":"max-video-preview:-1"},"canonical":"https:\/\/kwp.at\/pensionistenklubs\/datenschutz-einwilligung-und-wesentlicher-hinweis-gemaess-artikel-13-dsgvo-2\/","og_locale":"de_DE","og_type":"article","og_title":"Datenschutz \u2013 Einwilligung und wesentlicher HINWEIS gem\u00e4\u00df Artikel 13 DSGVO - Pensionist*innenklubs","og_description":"Die Teilnehmer*innen der Verlosung erteilen ihre Einwilligung, dass die Pensionist*innenklubs f\u00fcr die Stadt Wien des Fonds &#8211; Kuratorium Wiener Pensionisten-Wohnh\u00e4user \u2013 H\u00e4user zum Leben, Ottakringer","og_url":"https:\/\/kwp.at\/pensionistenklubs\/datenschutz-einwilligung-und-wesentlicher-hinweis-gemaess-artikel-13-dsgvo-2\/","og_site_name":"Pensionist*innenklubs","article_modified_time":"2024-07-25T11:47:00+00:00","og_image":[{"width":1200,"height":500,"url":"https:\/\/kwp.at\/pensionistenklubs\/wp-content\/uploads\/sites\/2\/2024\/07\/Design_ohne_Titel_12.jpg","type":"image\/jpeg"}],"twitter_card":"summary_large_image","twitter_misc":{"Gesch\u00e4tzte Lesezeit":"2\u00a0Minuten"},"schema":{"@context":"https:\/\/schema.org","@graph":[{"@type":"WebPage","@id":"https:\/\/kwp.at\/pensionistenklubs\/datenschutz-einwilligung-und-wesentlicher-hinweis-gemaess-artikel-13-dsgvo-2\/","url":"https:\/\/kwp.at\/pensionistenklubs\/datenschutz-einwilligung-und-wesentlicher-hinweis-gemaess-artikel-13-dsgvo-2\/","name":"Datenschutz \u2013 Einwilligung und wesentlicher HINWEIS gem\u00e4\u00df Artikel 13 DSGVO - Pensionist*innenklubs","isPartOf":{"@id":"https:\/\/kwp.at\/pensionistenklubs\/#website"},"primaryImageOfPage":{"@id":"https:\/\/kwp.at\/pensionistenklubs\/datenschutz-einwilligung-und-wesentlicher-hinweis-gemaess-artikel-13-dsgvo-2\/#primaryimage"},"image":{"@id":"https:\/\/kwp.at\/pensionistenklubs\/datenschutz-einwilligung-und-wesentlicher-hinweis-gemaess-artikel-13-dsgvo-2\/#primaryimage"},"thumbnailUrl":"https:\/\/kwp.at\/pensionistenklubs\/wp-content\/uploads\/sites\/2\/2024\/07\/Design_ohne_Titel_12.jpg","datePublished":"2024-07-25T11:46:59+00:00","dateModified":"2024-07-25T11:47:00+00:00","inLanguage":"de","potentialAction":[{"@type":"ReadAction","target":["https:\/\/kwp.at\/pensionistenklubs\/datenschutz-einwilligung-und-wesentlicher-hinweis-gemaess-artikel-13-dsgvo-2\/"]}]},{"@type":"ImageObject","inLanguage":"de","@id":"https:\/\/kwp.at\/pensionistenklubs\/datenschutz-einwilligung-und-wesentlicher-hinweis-gemaess-artikel-13-dsgvo-2\/#primaryimage","url":"https:\/\/kwp.at\/pensionistenklubs\/wp-content\/uploads\/sites\/2\/2024\/07\/Design_ohne_Titel_12.jpg","contentUrl":"https:\/\/kwp.at\/pensionistenklubs\/wp-content\/uploads\/sites\/2\/2024\/07\/Design_ohne_Titel_12.jpg","width":1200,"height":500},{"@type":"WebSite","@id":"https:\/\/kwp.at\/pensionistenklubs\/#website","url":"https:\/\/kwp.at\/pensionistenklubs\/","name":"Pensionist*innenklubs","description":"F\u00fcr die Stadt Wien","publisher":{"@id":"https:\/\/kwp.at\/pensionistenklubs\/#organization"},"potentialAction":[{"@type":"SearchAction","target":{"@type":"EntryPoint","urlTemplate":"https:\/\/kwp.at\/pensionistenklubs\/?s={search_term_string}"},"query-input":{"@type":"PropertyValueSpecification","valueRequired":true,"valueName":"search_term_string"}}],"inLanguage":"de"},{"@type":"Organization","@id":"https:\/\/kwp.at\/pensionistenklubs\/#organization","name":"PensionistInnenklubs f\u00fcr die Stadt Wien","url":"https:\/\/kwp.at\/pensionistenklubs\/","logo":{"@type":"ImageObject","inLanguage":"de","@id":"https:\/\/kwp.at\/pensionistenklubs\/#\/schema\/logo\/image\/","url":"https:\/\/kwp.at\/pensionistenklubs\/wp-content\/uploads\/sites\/2\/2022\/08\/Logo-Pensionistenklubs-scaled-1.jpeg","contentUrl":"https:\/\/kwp.at\/pensionistenklubs\/wp-content\/uploads\/sites\/2\/2022\/08\/Logo-Pensionistenklubs-scaled-1.jpeg","width":2560,"height":610,"caption":"PensionistInnenklubs f\u00fcr die Stadt Wien"},"image":{"@id":"https:\/\/kwp.at\/pensionistenklubs\/#\/schema\/logo\/image\/"}}]}},"_links":{"self":[{"href":"https:\/\/kwp.at\/pensionistenklubs\/wp-json\/wp\/v2\/pages\/16102","targetHints":{"allow":["GET"]}}],"collection":[{"href":"https:\/\/kwp.at\/pensionistenklubs\/wp-json\/wp\/v2\/pages"}],"about":[{"href":"https:\/\/kwp.at\/pensionistenklubs\/wp-json\/wp\/v2\/types\/page"}],"author":[{"embeddable":true,"href":"https:\/\/kwp.at\/pensionistenklubs\/wp-json\/wp\/v2\/users\/10"}],"replies":[{"embeddable":true,"href":"https:\/\/kwp.at\/pensionistenklubs\/wp-json\/wp\/v2\/comments?post=16102"}],"version-history":[{"count":5,"href":"https:\/\/kwp.at\/pensionistenklubs\/wp-json\/wp\/v2\/pages\/16102\/revisions"}],"predecessor-version":[{"id":16198,"href":"https:\/\/kwp.at\/pensionistenklubs\/wp-json\/wp\/v2\/pages\/16102\/revisions\/16198"}],"wp:featuredmedia":[{"embeddable":true,"href":"https:\/\/kwp.at\/pensionistenklubs\/wp-json\/wp\/v2\/media\/16187"}],"wp:attachment":[{"href":"https:\/\/kwp.at\/pensionistenklubs\/wp-json\/wp\/v2\/media?parent=16102"}],"curies":[{"name":"wp","href":"https:\/\/api.w.org\/{rel}","templated":true}]}}