{"id":14311,"date":"2023-12-05T13:19:52","date_gmt":"2023-12-05T12:19:52","guid":{"rendered":"https:\/\/kwp.at\/pensionistenklubs\/?page_id=14311"},"modified":"2025-07-04T13:31:46","modified_gmt":"2025-07-04T11:31:46","slug":"aktivitaeten-im-freien","status":"publish","type":"page","link":"https:\/\/kwp.at\/pensionistenklubs\/programm\/aktivitaeten-im-freien\/","title":{"rendered":"Aktivit\u00e4ten im Freien"},"content":{"rendered":"\n<p><strong>Raus an die Frische Luft! &#8230; lautet die Devise bei den Klubs, denn viele der tollen Klubaktivit\u00e4ten finden bei uns auch drau\u00dfen statt. <\/strong><\/p>\n\n\n\n<p>Mit dem mobilen Klubstandort des <a href=\"https:\/\/kwp.at\/pensionistenklubs\/klubs\/unsere-klubs\/klub-im-freien\/\"><em>Klub<\/em>+ Im Freien<\/a> touren die Klubs durch die Stadt und bieten Wien weit tolle Outdoor Angebote und Klubprogramm unter freiem Himmel. Hier gibt es Bewegung, Unterhaltung und Zusammenhalt f\u00fcr alle.<\/p>\n\n\n\n<p><strong>Unser Veranstaltungskalender informiert tagesaktuell \u00fcber alle Outdoor Aktivit\u00e4ten:<\/strong><\/p>\n\n\n\n<a target=\"_blank\" href=\"https:\/\/kwp.at\/veranstaltungen\/?filter=club&amp;club_style=1&amp;event_search=&amp;start_date=&amp;end_date=&amp;event-category%5B%5D=im-freien\" rel=\"noopener noreferrer\" class=\"wp-block-kwp-blocks-button-block\">Zu unseren Aktivit\u00e4ten im Freien<\/a>\n\n\n\n<p><\/p>\n\n\n\n<h2 class=\"wp-block-heading\">Spazieren, Wandern, Nordic Walken<\/h2>\n\n\n\n<p>Die Klubs sind gut zu Fu\u00df! Wien weit treffen sich regelm\u00e4\u00dfig Senior*innen zum gemeinsamen Spazieren, Nordic Walken und Wandern. <\/p>\n\n\n\n<p>Ausgehend von einem gemeinsamen Treffpunkt f\u00fchren die begleiteten Touren durch die unterschiedlichen Bezirke Wiens und entlang beliebter Stadtwanderrouten. Gutes Schuhwerk und entsprechende Ausr\u00fcstung sind hier von Vorteil.<\/p>\n\n\n\n<p>Der Schwierigkeitsgrad unserer Wander- und Nordic Walking-Gruppen variiert je nach Gel\u00e4nde und Teilnehmer*innen. Einsteiger*innen sind besonders bei unseren Anf\u00e4nger-Gruppen herzlich willkommen!<\/p>\n\n\n\n<h2 class=\"wp-block-heading\">Tanz und Hula Hoop im Park<\/h2>\n\n\n\n<p>Hier dreht sich alles um den richtigen Schwung und Rhythmus! Die Klubs treffen sich regelm\u00e4\u00dfig im Park oder an \u00f6ffentlichen Pl\u00e4tzen zum gemeinsamen Tanz- oder Hula Hoop-Training. <\/p>\n\n\n\n<p>Zu peppiger Musik und angeleitet von unseren Klubtrainer*innen steht hier die Freude an gemeinsamer Bewegung im Vordergrund. <\/p>\n\n\n\n<p>Besonders unsere Latin Dance Gruppen erfreuen sich gro\u00dfer Beliebtheit. Spielerisch und mit viel Spa\u00df erlernt man hier die richtigen Tanzschritte und Choreografien. <\/p>\n\n\n\n<p>Besonderes Highlight ist auch das neue <a href=\"https:\/\/kwp.at\/pensionistenklubs\/hula-hoop-im-burggarten\/\">Hula-Hoop Angebot<\/a> der Klubs, denn seit einiger Zeit erlebt das Training mit dem bunten Reifen ein regelrechtes Comeback. Die schwungvollen Bewegungen zu mitrei\u00dfender Musik machen Spa\u00df, st\u00e4rken die Muskulatur und verbessern die Ausdauer.<\/p>\n\n\n\n<h2 class=\"wp-block-heading\">Fitness im Gr\u00fcnen<\/h2>\n\n\n\n<p>In netter Gesellschaft und an der frischen Luft vergeht das Fitness Training wie im Flug! F\u00fcr Teilnehmer*innen jedes Fitnesslevels bieten die Klubs gemeinsame Gymnastik-, Qi Gong- oder Yogaeinheiten im Freien an. Auch neue Trendsportarten, wie das Training mit den gr\u00fcnen Smovey Ringen, werden regelm\u00e4\u00dfig angeboten.<\/p>\n\n\n\n<h2 class=\"wp-block-heading\">Sportspiele im Freien<\/h2>\n\n\n\n<p>Auch Spiel und Spa\u00df kommen hier nicht zu kurz! Denn die Klubs bieten diverse Arten von Sportspielen, wie beispielsweise Boccia, Cross Boccia oder Feldhockey im Freien an. <\/p>\n\n\n\n<p>Hier geht es um Geschicklichkeit, Schnelligkeit und die Freude an gemeinsamer Bewegung. Spielen Sie mit! <\/p>\n\n\n\n<div style=\"background-color: #107da8\" class=\"wp-block-kwp-blocks-infobox\"><h3>Weitere Klubangebote!<\/h3><p>\n<p>Neben vielen Outdoor Aktivit\u00e4ten bieten die Klubs weitere tolle Angebote f\u00fcr Ihre pers\u00f6nliche Freizeitgestaltung.<\/p>\n\n\n\n<p>Unser Veranstaltungskalender gibt einen \u00dcberblick \u00fcber das gesamte Klubprogramm.&nbsp;<strong>Jetzt reinklicken!<\/strong><\/p>\n\n\n\n<a target=\"_blank\" href=\"https:\/\/kwp.at\/veranstaltungen\/?club_style=1\" rel=\"noopener noreferrer\" class=\"wp-block-kwp-blocks-button-block\">Klubangebote entdecken!<\/a>\n<\/p><\/div>\n\n\n\n<div style=\"background-color: #6669D1\" class=\"wp-block-kwp-blocks-infobox\"><h3>Jetzt Klubmitglied werden!<\/h3><p>\n<p>Werden Sie jetzt Klubmitglied und genie\u00dfen Sie das Angebot in&nbsp;<a href=\"https:\/\/kwp.at\/pensionistenklubs\/clubs\/\">unseren Klubs in ganz Wien<\/a>. Die Mitgliedschaft ist kostenlos und die Anmeldung ist jetzt noch einfacher online m\u00f6glich.<\/p>\n\n\n\n<a target=\"_blank\" href=\"https:\/\/mitgliedschaft.pensionistenklubs.at\/\" rel=\"noopener noreferrer\" class=\"wp-block-kwp-blocks-button-block\">Jetzt Klubmitglied werden!<\/a>\n<\/p><\/div>\n","protected":false},"excerpt":{"rendered":"<p>Raus an die Frische Luft! &#8230; lautet die Devise bei den Klubs, denn viele der tollen Klubaktivit\u00e4ten finden bei uns auch drau\u00dfen statt. Mit dem<\/p>\n","protected":false},"author":10,"featured_media":14318,"parent":29,"menu_order":7,"comment_status":"closed","ping_status":"closed","template":"","meta":{"_acf_changed":false,"footnotes":""},"class_list":["post-14311","page","type-page","status-publish","has-post-thumbnail","hentry"],"acf":[],"yoast_head":"<!-- This site is optimized with the Yoast SEO plugin v27.2 - https:\/\/yoast.com\/product\/yoast-seo-wordpress\/ -->\n<title>Aktivit\u00e4ten im Freien - Pensionist*innenklubs<\/title>\n<meta name=\"description\" content=\"Raus an die Frische Luft! ... lautet die Devise bei den Klubs, denn viele der tollen Klubaktivit\u00e4ten finden bei uns auch drau\u00dfen statt.\" \/>\n<meta name=\"robots\" content=\"index, follow, max-snippet:-1, max-image-preview:large, max-video-preview:-1\" \/>\n<link rel=\"canonical\" href=\"https:\/\/kwp.at\/pensionistenklubs\/programm\/aktivitaeten-im-freien\/\" \/>\n<meta property=\"og:locale\" content=\"de_DE\" \/>\n<meta property=\"og:type\" content=\"article\" \/>\n<meta property=\"og:title\" content=\"Aktivit\u00e4ten im Freien - Pensionist*innenklubs\" \/>\n<meta property=\"og:description\" content=\"Raus an die Frische Luft! ... lautet die Devise bei den Klubs, denn viele der tollen Klubaktivit\u00e4ten finden bei uns auch drau\u00dfen statt.\" \/>\n<meta property=\"og:url\" content=\"https:\/\/kwp.at\/pensionistenklubs\/programm\/aktivitaeten-im-freien\/\" \/>\n<meta property=\"og:site_name\" content=\"Pensionist*innenklubs\" \/>\n<meta property=\"article:modified_time\" content=\"2025-07-04T11:31:46+00:00\" \/>\n<meta property=\"og:image\" content=\"https:\/\/kwp.at\/pensionistenklubs\/wp-content\/uploads\/sites\/2\/2023\/12\/LP-Im-Freien-Header.jpg\" \/>\n\t<meta property=\"og:image:width\" content=\"1200\" \/>\n\t<meta property=\"og:image:height\" content=\"500\" \/>\n\t<meta property=\"og:image:type\" content=\"image\/jpeg\" \/>\n<meta name=\"twitter:card\" content=\"summary_large_image\" \/>\n<meta name=\"twitter:label1\" content=\"Gesch\u00e4tzte Lesezeit\" \/>\n\t<meta name=\"twitter:data1\" content=\"3\u00a0Minuten\" \/>\n<script type=\"application\/ld+json\" class=\"yoast-schema-graph\">{\"@context\":\"https:\/\/schema.org\",\"@graph\":[{\"@type\":\"WebPage\",\"@id\":\"https:\/\/kwp.at\/pensionistenklubs\/programm\/aktivitaeten-im-freien\/\",\"url\":\"https:\/\/kwp.at\/pensionistenklubs\/programm\/aktivitaeten-im-freien\/\",\"name\":\"Aktivit\u00e4ten im Freien - Pensionist*innenklubs\",\"isPartOf\":{\"@id\":\"https:\/\/kwp.at\/pensionistenklubs\/#website\"},\"primaryImageOfPage\":{\"@id\":\"https:\/\/kwp.at\/pensionistenklubs\/programm\/aktivitaeten-im-freien\/#primaryimage\"},\"image\":{\"@id\":\"https:\/\/kwp.at\/pensionistenklubs\/programm\/aktivitaeten-im-freien\/#primaryimage\"},\"thumbnailUrl\":\"https:\/\/kwp.at\/pensionistenklubs\/wp-content\/uploads\/sites\/2\/2023\/12\/LP-Im-Freien-Header.jpg\",\"datePublished\":\"2023-12-05T12:19:52+00:00\",\"dateModified\":\"2025-07-04T11:31:46+00:00\",\"description\":\"Raus an die Frische Luft! ... lautet die Devise bei den Klubs, denn viele der tollen Klubaktivit\u00e4ten finden bei uns auch drau\u00dfen statt.\",\"breadcrumb\":{\"@id\":\"https:\/\/kwp.at\/pensionistenklubs\/programm\/aktivitaeten-im-freien\/#breadcrumb\"},\"inLanguage\":\"de\",\"potentialAction\":[{\"@type\":\"ReadAction\",\"target\":[\"https:\/\/kwp.at\/pensionistenklubs\/programm\/aktivitaeten-im-freien\/\"]}]},{\"@type\":\"ImageObject\",\"inLanguage\":\"de\",\"@id\":\"https:\/\/kwp.at\/pensionistenklubs\/programm\/aktivitaeten-im-freien\/#primaryimage\",\"url\":\"https:\/\/kwp.at\/pensionistenklubs\/wp-content\/uploads\/sites\/2\/2023\/12\/LP-Im-Freien-Header.jpg\",\"contentUrl\":\"https:\/\/kwp.at\/pensionistenklubs\/wp-content\/uploads\/sites\/2\/2023\/12\/LP-Im-Freien-Header.jpg\",\"width\":1200,\"height\":500,\"caption\":\"Drei Personen sitzen in einer Wiese und winken in die Kamera.\"},{\"@type\":\"BreadcrumbList\",\"@id\":\"https:\/\/kwp.at\/pensionistenklubs\/programm\/aktivitaeten-im-freien\/#breadcrumb\",\"itemListElement\":[{\"@type\":\"ListItem\",\"position\":1,\"name\":\"Angebote\",\"item\":\"https:\/\/kwp.at\/pensionistenklubs\/programm\/\"},{\"@type\":\"ListItem\",\"position\":2,\"name\":\"Aktivit\u00e4ten im Freien\"}]},{\"@type\":\"WebSite\",\"@id\":\"https:\/\/kwp.at\/pensionistenklubs\/#website\",\"url\":\"https:\/\/kwp.at\/pensionistenklubs\/\",\"name\":\"Pensionist*innenklubs\",\"description\":\"F\u00fcr die Stadt Wien\",\"publisher\":{\"@id\":\"https:\/\/kwp.at\/pensionistenklubs\/#organization\"},\"potentialAction\":[{\"@type\":\"SearchAction\",\"target\":{\"@type\":\"EntryPoint\",\"urlTemplate\":\"https:\/\/kwp.at\/pensionistenklubs\/?s={search_term_string}\"},\"query-input\":{\"@type\":\"PropertyValueSpecification\",\"valueRequired\":true,\"valueName\":\"search_term_string\"}}],\"inLanguage\":\"de\"},{\"@type\":\"Organization\",\"@id\":\"https:\/\/kwp.at\/pensionistenklubs\/#organization\",\"name\":\"PensionistInnenklubs f\u00fcr die Stadt Wien\",\"url\":\"https:\/\/kwp.at\/pensionistenklubs\/\",\"logo\":{\"@type\":\"ImageObject\",\"inLanguage\":\"de\",\"@id\":\"https:\/\/kwp.at\/pensionistenklubs\/#\/schema\/logo\/image\/\",\"url\":\"https:\/\/kwp.at\/pensionistenklubs\/wp-content\/uploads\/sites\/2\/2022\/08\/Logo-Pensionistenklubs-scaled-1.jpeg\",\"contentUrl\":\"https:\/\/kwp.at\/pensionistenklubs\/wp-content\/uploads\/sites\/2\/2022\/08\/Logo-Pensionistenklubs-scaled-1.jpeg\",\"width\":2560,\"height\":610,\"caption\":\"PensionistInnenklubs f\u00fcr die Stadt Wien\"},\"image\":{\"@id\":\"https:\/\/kwp.at\/pensionistenklubs\/#\/schema\/logo\/image\/\"}}]}<\/script>\n<!-- \/ Yoast SEO plugin. -->","yoast_head_json":{"title":"Aktivit\u00e4ten im Freien - Pensionist*innenklubs","description":"Raus an die Frische Luft! ... lautet die Devise bei den Klubs, denn viele der tollen Klubaktivit\u00e4ten finden bei uns auch drau\u00dfen statt.","robots":{"index":"index","follow":"follow","max-snippet":"max-snippet:-1","max-image-preview":"max-image-preview:large","max-video-preview":"max-video-preview:-1"},"canonical":"https:\/\/kwp.at\/pensionistenklubs\/programm\/aktivitaeten-im-freien\/","og_locale":"de_DE","og_type":"article","og_title":"Aktivit\u00e4ten im Freien - Pensionist*innenklubs","og_description":"Raus an die Frische Luft! ... lautet die Devise bei den Klubs, denn viele der tollen Klubaktivit\u00e4ten finden bei uns auch drau\u00dfen statt.","og_url":"https:\/\/kwp.at\/pensionistenklubs\/programm\/aktivitaeten-im-freien\/","og_site_name":"Pensionist*innenklubs","article_modified_time":"2025-07-04T11:31:46+00:00","og_image":[{"width":1200,"height":500,"url":"https:\/\/kwp.at\/pensionistenklubs\/wp-content\/uploads\/sites\/2\/2023\/12\/LP-Im-Freien-Header.jpg","type":"image\/jpeg"}],"twitter_card":"summary_large_image","twitter_misc":{"Gesch\u00e4tzte Lesezeit":"3\u00a0Minuten"},"schema":{"@context":"https:\/\/schema.org","@graph":[{"@type":"WebPage","@id":"https:\/\/kwp.at\/pensionistenklubs\/programm\/aktivitaeten-im-freien\/","url":"https:\/\/kwp.at\/pensionistenklubs\/programm\/aktivitaeten-im-freien\/","name":"Aktivit\u00e4ten im Freien - Pensionist*innenklubs","isPartOf":{"@id":"https:\/\/kwp.at\/pensionistenklubs\/#website"},"primaryImageOfPage":{"@id":"https:\/\/kwp.at\/pensionistenklubs\/programm\/aktivitaeten-im-freien\/#primaryimage"},"image":{"@id":"https:\/\/kwp.at\/pensionistenklubs\/programm\/aktivitaeten-im-freien\/#primaryimage"},"thumbnailUrl":"https:\/\/kwp.at\/pensionistenklubs\/wp-content\/uploads\/sites\/2\/2023\/12\/LP-Im-Freien-Header.jpg","datePublished":"2023-12-05T12:19:52+00:00","dateModified":"2025-07-04T11:31:46+00:00","description":"Raus an die Frische Luft! ... lautet die Devise bei den Klubs, denn viele der tollen Klubaktivit\u00e4ten finden bei uns auch drau\u00dfen statt.","breadcrumb":{"@id":"https:\/\/kwp.at\/pensionistenklubs\/programm\/aktivitaeten-im-freien\/#breadcrumb"},"inLanguage":"de","potentialAction":[{"@type":"ReadAction","target":["https:\/\/kwp.at\/pensionistenklubs\/programm\/aktivitaeten-im-freien\/"]}]},{"@type":"ImageObject","inLanguage":"de","@id":"https:\/\/kwp.at\/pensionistenklubs\/programm\/aktivitaeten-im-freien\/#primaryimage","url":"https:\/\/kwp.at\/pensionistenklubs\/wp-content\/uploads\/sites\/2\/2023\/12\/LP-Im-Freien-Header.jpg","contentUrl":"https:\/\/kwp.at\/pensionistenklubs\/wp-content\/uploads\/sites\/2\/2023\/12\/LP-Im-Freien-Header.jpg","width":1200,"height":500,"caption":"Drei Personen sitzen in einer Wiese und winken in die Kamera."},{"@type":"BreadcrumbList","@id":"https:\/\/kwp.at\/pensionistenklubs\/programm\/aktivitaeten-im-freien\/#breadcrumb","itemListElement":[{"@type":"ListItem","position":1,"name":"Angebote","item":"https:\/\/kwp.at\/pensionistenklubs\/programm\/"},{"@type":"ListItem","position":2,"name":"Aktivit\u00e4ten im Freien"}]},{"@type":"WebSite","@id":"https:\/\/kwp.at\/pensionistenklubs\/#website","url":"https:\/\/kwp.at\/pensionistenklubs\/","name":"Pensionist*innenklubs","description":"F\u00fcr die Stadt Wien","publisher":{"@id":"https:\/\/kwp.at\/pensionistenklubs\/#organization"},"potentialAction":[{"@type":"SearchAction","target":{"@type":"EntryPoint","urlTemplate":"https:\/\/kwp.at\/pensionistenklubs\/?s={search_term_string}"},"query-input":{"@type":"PropertyValueSpecification","valueRequired":true,"valueName":"search_term_string"}}],"inLanguage":"de"},{"@type":"Organization","@id":"https:\/\/kwp.at\/pensionistenklubs\/#organization","name":"PensionistInnenklubs f\u00fcr die Stadt Wien","url":"https:\/\/kwp.at\/pensionistenklubs\/","logo":{"@type":"ImageObject","inLanguage":"de","@id":"https:\/\/kwp.at\/pensionistenklubs\/#\/schema\/logo\/image\/","url":"https:\/\/kwp.at\/pensionistenklubs\/wp-content\/uploads\/sites\/2\/2022\/08\/Logo-Pensionistenklubs-scaled-1.jpeg","contentUrl":"https:\/\/kwp.at\/pensionistenklubs\/wp-content\/uploads\/sites\/2\/2022\/08\/Logo-Pensionistenklubs-scaled-1.jpeg","width":2560,"height":610,"caption":"PensionistInnenklubs f\u00fcr die Stadt Wien"},"image":{"@id":"https:\/\/kwp.at\/pensionistenklubs\/#\/schema\/logo\/image\/"}}]}},"_links":{"self":[{"href":"https:\/\/kwp.at\/pensionistenklubs\/wp-json\/wp\/v2\/pages\/14311","targetHints":{"allow":["GET"]}}],"collection":[{"href":"https:\/\/kwp.at\/pensionistenklubs\/wp-json\/wp\/v2\/pages"}],"about":[{"href":"https:\/\/kwp.at\/pensionistenklubs\/wp-json\/wp\/v2\/types\/page"}],"author":[{"embeddable":true,"href":"https:\/\/kwp.at\/pensionistenklubs\/wp-json\/wp\/v2\/users\/10"}],"replies":[{"embeddable":true,"href":"https:\/\/kwp.at\/pensionistenklubs\/wp-json\/wp\/v2\/comments?post=14311"}],"version-history":[{"count":14,"href":"https:\/\/kwp.at\/pensionistenklubs\/wp-json\/wp\/v2\/pages\/14311\/revisions"}],"predecessor-version":[{"id":19344,"href":"https:\/\/kwp.at\/pensionistenklubs\/wp-json\/wp\/v2\/pages\/14311\/revisions\/19344"}],"up":[{"embeddable":true,"href":"https:\/\/kwp.at\/pensionistenklubs\/wp-json\/wp\/v2\/pages\/29"}],"wp:featuredmedia":[{"embeddable":true,"href":"https:\/\/kwp.at\/pensionistenklubs\/wp-json\/wp\/v2\/media\/14318"}],"wp:attachment":[{"href":"https:\/\/kwp.at\/pensionistenklubs\/wp-json\/wp\/v2\/media?parent=14311"}],"curies":[{"name":"wp","href":"https:\/\/api.w.org\/{rel}","templated":true}]}}