{"id":14301,"date":"2023-12-05T13:20:06","date_gmt":"2023-12-05T12:20:06","guid":{"rendered":"https:\/\/kwp.at\/pensionistenklubs\/?page_id=14301"},"modified":"2026-01-16T15:56:21","modified_gmt":"2026-01-16T14:56:21","slug":"bildung-und-information","status":"publish","type":"page","link":"https:\/\/kwp.at\/pensionistenklubs\/programm\/bildung-und-information\/","title":{"rendered":"Bildung und Information"},"content":{"rendered":"\n<p><strong>Wissensdurst? Dann sind Sie bei den Klubs genau richtig! Wir bieten Wien weit zahlreiche M\u00f6glichkeiten zur Weiterbildung sowie kostenlose Infotage zu spannenden Themen. <\/strong><\/p>\n\n\n\n<h2 class=\"wp-block-heading\">Man lernt nie aus! <\/h2>\n\n\n\n<p>All jene, die sich gerne weiterbilden, neue Sprachen oder den Umgang mit digitalen Medien erlernen m\u00f6chten, sind bei den Klubs an genau der richtigen Adresse! Wien weit gibt es kostenlose Angebote zu Sprachkursen oder Schulungen f\u00fcr Handy, Computer und Co. <\/p>\n\n\n\n<p>Weiters bieten die Klubs spannende Infotage und Fachvortr\u00e4ge zu unterschiedlichsten Themen. Fachexperten aus verschiedenen Bereichen besuchen dazu unsere Klublokale und vermitteln in kurzweiligen Lerneinheiten Ihr Wissen. <\/p>\n\n\n\n<p><strong>Entdecken Sie jetzt unsere Angebote:<\/strong><\/p>\n\n\n\n<a target=\"_blank\" href=\"https:\/\/kwp.at\/veranstaltungen\/?event_search=&amp;start_date=&amp;end_date=&amp;location_type=club&amp;event-category%5B%5D=bildung&amp;event-category%5B%5D=infotage\" rel=\"noopener noreferrer\" class=\"wp-block-kwp-blocks-button-block is-style-default\">Bildungsangebote ansehen!<\/a>\n\n\n\n<p><\/p>\n\n\n\n<h2 class=\"wp-block-heading\">Fit am Handy, Tablet und PC<\/h2>\n\n\n\n<p>&#8222;<em>Ich glaube, ich habe das Internet gel\u00f6scht!<\/em>&#8220; &#8230; damit solche Missgeschicke nicht mehr passieren, bieten die Klubs Wien weit Schulungen zum richtigen Umgang mit neuen Medien an. <\/p>\n\n\n\n<p>Egal ob Handy, Tablet oder PC &#8211; hier lernen Sie von unseren Klubmitarbeiter*innen und Expert*innen die wichtigsten Grundlagen und interessante IT-Kniffe. <\/p>\n\n\n\n<h2 class=\"wp-block-heading\">Sprachenlernen leicht gemacht! <\/h2>\n\n\n\n<p>Spanisch, Englisch oder Franz\u00f6sisch? Gemeinsam und mit viel Freude geht das Sprachenlernen einfacher von der Hand und macht noch dazu viel Spa\u00df. Im Rahmen von Kleingruppen und Sprachcaf\u00e9s vermitteln unsere Klubtrainer*innen spielerisch Vokabular und Grammatik. <\/p>\n\n\n\n<p>Hier sind Anf\u00e4nger*innen sowie Fortgeschrittene herzlich willkommen. Unsere Trainer*innen gehen in ihren Lerneinheit auf den individuellen Wissensstand der Teilnehmer*innen ein und bieten bei Bedarf angepasste \u00dcbungen an. <\/p>\n\n\n\n<div style=\"background-color: #107da8\" class=\"wp-block-kwp-blocks-infobox\"><h3>Weitere Klubangebote!<\/h3><p>\n<p>Neben Bildungsangeboten bieten die Klubs viele weitere tolle Angebote f\u00fcr Ihre pers\u00f6nliche Freizeitgestaltung.<\/p>\n\n\n\n<p>Unser Veranstaltungskalender gibt einen \u00dcberblick \u00fcber das gesamte Klubprogramm.&nbsp;<strong>Jetzt reinklicken!<\/strong><\/p>\n\n\n\n<a target=\"_blank\" href=\"https:\/\/kwp.at\/veranstaltungen\/?club_style=1\" rel=\"noopener noreferrer\" class=\"wp-block-kwp-blocks-button-block\">Klubangebote entdecken!<\/a>\n<\/p><\/div>\n\n\n\n<div style=\"background-color: #6669D1\" class=\"wp-block-kwp-blocks-infobox\"><h3>Jetzt Klubmitglied werden!<\/h3><p>\n<p>Werden Sie jetzt Klubmitglied und genie\u00dfen Sie das Angebot in&nbsp;<a href=\"https:\/\/kwp.at\/pensionistenklubs\/clubs\/\">unseren Klubs in ganz Wien<\/a>. Die Mitgliedschaft ist kostenlos und die Anmeldung ist jetzt noch einfacher online m\u00f6glich.<\/p>\n\n\n\n<a target=\"_blank\" href=\"https:\/\/mitgliedschaft.pensionistenklubs.at\/\" rel=\"noopener noreferrer\" class=\"wp-block-kwp-blocks-button-block\">Jetzt Klubmitglied werden!<\/a>\n<\/p><\/div>\n","protected":false},"excerpt":{"rendered":"<p>Wissensdurst? Dann sind Sie bei den Klubs genau richtig! Wir bieten Wien weit zahlreiche M\u00f6glichkeiten zur Weiterbildung sowie kostenlose Infotage zu spannenden Themen. Man lernt<\/p>\n","protected":false},"author":10,"featured_media":14304,"parent":29,"menu_order":3,"comment_status":"closed","ping_status":"closed","template":"","meta":{"_acf_changed":false,"footnotes":""},"class_list":["post-14301","page","type-page","status-publish","has-post-thumbnail","hentry"],"acf":[],"yoast_head":"<!-- This site is optimized with the Yoast SEO plugin v27.4 - https:\/\/yoast.com\/product\/yoast-seo-wordpress\/ -->\n<title>Bildung und Information - Pensionist*innenklubs<\/title>\n<meta name=\"description\" content=\"Die Klubs bieten Wien weit zahlreiche M\u00f6glichkeiten zur Weiterbildung sowie kostenlose Infotage zu spannenden Themen.\" \/>\n<meta name=\"robots\" content=\"index, follow, max-snippet:-1, max-image-preview:large, max-video-preview:-1\" \/>\n<link rel=\"canonical\" href=\"https:\/\/kwp.at\/pensionistenklubs\/programm\/bildung-und-information\/\" \/>\n<meta property=\"og:locale\" content=\"de_DE\" \/>\n<meta property=\"og:type\" content=\"article\" \/>\n<meta property=\"og:title\" content=\"Bildung und Information - Pensionist*innenklubs\" \/>\n<meta property=\"og:description\" content=\"Die Klubs bieten Wien weit zahlreiche M\u00f6glichkeiten zur Weiterbildung sowie kostenlose Infotage zu spannenden Themen.\" \/>\n<meta property=\"og:url\" content=\"https:\/\/kwp.at\/pensionistenklubs\/programm\/bildung-und-information\/\" \/>\n<meta property=\"og:site_name\" content=\"Pensionist*innenklubs\" \/>\n<meta property=\"article:modified_time\" content=\"2026-01-16T14:56:21+00:00\" \/>\n<meta property=\"og:image\" content=\"https:\/\/kwp.at\/pensionistenklubs\/wp-content\/uploads\/sites\/2\/2023\/12\/LP-Bildung_-Header.jpg\" \/>\n\t<meta property=\"og:image:width\" content=\"1200\" \/>\n\t<meta property=\"og:image:height\" content=\"500\" \/>\n\t<meta property=\"og:image:type\" content=\"image\/jpeg\" \/>\n<meta name=\"twitter:card\" content=\"summary_large_image\" \/>\n<meta name=\"twitter:label1\" content=\"Gesch\u00e4tzte Lesezeit\" \/>\n\t<meta name=\"twitter:data1\" content=\"2\u00a0Minuten\" \/>\n<script type=\"application\/ld+json\" class=\"yoast-schema-graph\">{\"@context\":\"https:\\\/\\\/schema.org\",\"@graph\":[{\"@type\":\"WebPage\",\"@id\":\"https:\\\/\\\/kwp.at\\\/pensionistenklubs\\\/programm\\\/bildung-und-information\\\/\",\"url\":\"https:\\\/\\\/kwp.at\\\/pensionistenklubs\\\/programm\\\/bildung-und-information\\\/\",\"name\":\"Bildung und Information - Pensionist*innenklubs\",\"isPartOf\":{\"@id\":\"https:\\\/\\\/kwp.at\\\/pensionistenklubs\\\/#website\"},\"primaryImageOfPage\":{\"@id\":\"https:\\\/\\\/kwp.at\\\/pensionistenklubs\\\/programm\\\/bildung-und-information\\\/#primaryimage\"},\"image\":{\"@id\":\"https:\\\/\\\/kwp.at\\\/pensionistenklubs\\\/programm\\\/bildung-und-information\\\/#primaryimage\"},\"thumbnailUrl\":\"https:\\\/\\\/kwp.at\\\/pensionistenklubs\\\/wp-content\\\/uploads\\\/sites\\\/2\\\/2023\\\/12\\\/LP-Bildung_-Header.jpg\",\"datePublished\":\"2023-12-05T12:20:06+00:00\",\"dateModified\":\"2026-01-16T14:56:21+00:00\",\"description\":\"Die Klubs bieten Wien weit zahlreiche M\u00f6glichkeiten zur Weiterbildung sowie kostenlose Infotage zu spannenden Themen.\",\"breadcrumb\":{\"@id\":\"https:\\\/\\\/kwp.at\\\/pensionistenklubs\\\/programm\\\/bildung-und-information\\\/#breadcrumb\"},\"inLanguage\":\"de\",\"potentialAction\":[{\"@type\":\"ReadAction\",\"target\":[\"https:\\\/\\\/kwp.at\\\/pensionistenklubs\\\/programm\\\/bildung-und-information\\\/\"]}]},{\"@type\":\"ImageObject\",\"inLanguage\":\"de\",\"@id\":\"https:\\\/\\\/kwp.at\\\/pensionistenklubs\\\/programm\\\/bildung-und-information\\\/#primaryimage\",\"url\":\"https:\\\/\\\/kwp.at\\\/pensionistenklubs\\\/wp-content\\\/uploads\\\/sites\\\/2\\\/2023\\\/12\\\/LP-Bildung_-Header.jpg\",\"contentUrl\":\"https:\\\/\\\/kwp.at\\\/pensionistenklubs\\\/wp-content\\\/uploads\\\/sites\\\/2\\\/2023\\\/12\\\/LP-Bildung_-Header.jpg\",\"width\":1200,\"height\":500,\"caption\":\"Drei gut gelaunte \u00e4ltere Damen an einem Tisch.\"},{\"@type\":\"BreadcrumbList\",\"@id\":\"https:\\\/\\\/kwp.at\\\/pensionistenklubs\\\/programm\\\/bildung-und-information\\\/#breadcrumb\",\"itemListElement\":[{\"@type\":\"ListItem\",\"position\":1,\"name\":\"Angebote\",\"item\":\"https:\\\/\\\/kwp.at\\\/pensionistenklubs\\\/programm\\\/\"},{\"@type\":\"ListItem\",\"position\":2,\"name\":\"Bildung und Information\"}]},{\"@type\":\"WebSite\",\"@id\":\"https:\\\/\\\/kwp.at\\\/pensionistenklubs\\\/#website\",\"url\":\"https:\\\/\\\/kwp.at\\\/pensionistenklubs\\\/\",\"name\":\"Pensionist*innenklubs\",\"description\":\"F\u00fcr die Stadt Wien\",\"publisher\":{\"@id\":\"https:\\\/\\\/kwp.at\\\/pensionistenklubs\\\/#organization\"},\"potentialAction\":[{\"@type\":\"SearchAction\",\"target\":{\"@type\":\"EntryPoint\",\"urlTemplate\":\"https:\\\/\\\/kwp.at\\\/pensionistenklubs\\\/?s={search_term_string}\"},\"query-input\":{\"@type\":\"PropertyValueSpecification\",\"valueRequired\":true,\"valueName\":\"search_term_string\"}}],\"inLanguage\":\"de\"},{\"@type\":\"Organization\",\"@id\":\"https:\\\/\\\/kwp.at\\\/pensionistenklubs\\\/#organization\",\"name\":\"PensionistInnenklubs f\u00fcr die Stadt Wien\",\"url\":\"https:\\\/\\\/kwp.at\\\/pensionistenklubs\\\/\",\"logo\":{\"@type\":\"ImageObject\",\"inLanguage\":\"de\",\"@id\":\"https:\\\/\\\/kwp.at\\\/pensionistenklubs\\\/#\\\/schema\\\/logo\\\/image\\\/\",\"url\":\"https:\\\/\\\/kwp.at\\\/pensionistenklubs\\\/wp-content\\\/uploads\\\/sites\\\/2\\\/2022\\\/08\\\/Logo-Pensionistenklubs-scaled-1.jpeg\",\"contentUrl\":\"https:\\\/\\\/kwp.at\\\/pensionistenklubs\\\/wp-content\\\/uploads\\\/sites\\\/2\\\/2022\\\/08\\\/Logo-Pensionistenklubs-scaled-1.jpeg\",\"width\":2560,\"height\":610,\"caption\":\"PensionistInnenklubs f\u00fcr die Stadt Wien\"},\"image\":{\"@id\":\"https:\\\/\\\/kwp.at\\\/pensionistenklubs\\\/#\\\/schema\\\/logo\\\/image\\\/\"}}]}<\/script>\n<!-- \/ Yoast SEO plugin. -->","yoast_head_json":{"title":"Bildung und Information - Pensionist*innenklubs","description":"Die Klubs bieten Wien weit zahlreiche M\u00f6glichkeiten zur Weiterbildung sowie kostenlose Infotage zu spannenden Themen.","robots":{"index":"index","follow":"follow","max-snippet":"max-snippet:-1","max-image-preview":"max-image-preview:large","max-video-preview":"max-video-preview:-1"},"canonical":"https:\/\/kwp.at\/pensionistenklubs\/programm\/bildung-und-information\/","og_locale":"de_DE","og_type":"article","og_title":"Bildung und Information - Pensionist*innenklubs","og_description":"Die Klubs bieten Wien weit zahlreiche M\u00f6glichkeiten zur Weiterbildung sowie kostenlose Infotage zu spannenden Themen.","og_url":"https:\/\/kwp.at\/pensionistenklubs\/programm\/bildung-und-information\/","og_site_name":"Pensionist*innenklubs","article_modified_time":"2026-01-16T14:56:21+00:00","og_image":[{"width":1200,"height":500,"url":"https:\/\/kwp.at\/pensionistenklubs\/wp-content\/uploads\/sites\/2\/2023\/12\/LP-Bildung_-Header.jpg","type":"image\/jpeg"}],"twitter_card":"summary_large_image","twitter_misc":{"Gesch\u00e4tzte Lesezeit":"2\u00a0Minuten"},"schema":{"@context":"https:\/\/schema.org","@graph":[{"@type":"WebPage","@id":"https:\/\/kwp.at\/pensionistenklubs\/programm\/bildung-und-information\/","url":"https:\/\/kwp.at\/pensionistenklubs\/programm\/bildung-und-information\/","name":"Bildung und Information - Pensionist*innenklubs","isPartOf":{"@id":"https:\/\/kwp.at\/pensionistenklubs\/#website"},"primaryImageOfPage":{"@id":"https:\/\/kwp.at\/pensionistenklubs\/programm\/bildung-und-information\/#primaryimage"},"image":{"@id":"https:\/\/kwp.at\/pensionistenklubs\/programm\/bildung-und-information\/#primaryimage"},"thumbnailUrl":"https:\/\/kwp.at\/pensionistenklubs\/wp-content\/uploads\/sites\/2\/2023\/12\/LP-Bildung_-Header.jpg","datePublished":"2023-12-05T12:20:06+00:00","dateModified":"2026-01-16T14:56:21+00:00","description":"Die Klubs bieten Wien weit zahlreiche M\u00f6glichkeiten zur Weiterbildung sowie kostenlose Infotage zu spannenden Themen.","breadcrumb":{"@id":"https:\/\/kwp.at\/pensionistenklubs\/programm\/bildung-und-information\/#breadcrumb"},"inLanguage":"de","potentialAction":[{"@type":"ReadAction","target":["https:\/\/kwp.at\/pensionistenklubs\/programm\/bildung-und-information\/"]}]},{"@type":"ImageObject","inLanguage":"de","@id":"https:\/\/kwp.at\/pensionistenklubs\/programm\/bildung-und-information\/#primaryimage","url":"https:\/\/kwp.at\/pensionistenklubs\/wp-content\/uploads\/sites\/2\/2023\/12\/LP-Bildung_-Header.jpg","contentUrl":"https:\/\/kwp.at\/pensionistenklubs\/wp-content\/uploads\/sites\/2\/2023\/12\/LP-Bildung_-Header.jpg","width":1200,"height":500,"caption":"Drei gut gelaunte \u00e4ltere Damen an einem Tisch."},{"@type":"BreadcrumbList","@id":"https:\/\/kwp.at\/pensionistenklubs\/programm\/bildung-und-information\/#breadcrumb","itemListElement":[{"@type":"ListItem","position":1,"name":"Angebote","item":"https:\/\/kwp.at\/pensionistenklubs\/programm\/"},{"@type":"ListItem","position":2,"name":"Bildung und Information"}]},{"@type":"WebSite","@id":"https:\/\/kwp.at\/pensionistenklubs\/#website","url":"https:\/\/kwp.at\/pensionistenklubs\/","name":"Pensionist*innenklubs","description":"F\u00fcr die Stadt Wien","publisher":{"@id":"https:\/\/kwp.at\/pensionistenklubs\/#organization"},"potentialAction":[{"@type":"SearchAction","target":{"@type":"EntryPoint","urlTemplate":"https:\/\/kwp.at\/pensionistenklubs\/?s={search_term_string}"},"query-input":{"@type":"PropertyValueSpecification","valueRequired":true,"valueName":"search_term_string"}}],"inLanguage":"de"},{"@type":"Organization","@id":"https:\/\/kwp.at\/pensionistenklubs\/#organization","name":"PensionistInnenklubs f\u00fcr die Stadt Wien","url":"https:\/\/kwp.at\/pensionistenklubs\/","logo":{"@type":"ImageObject","inLanguage":"de","@id":"https:\/\/kwp.at\/pensionistenklubs\/#\/schema\/logo\/image\/","url":"https:\/\/kwp.at\/pensionistenklubs\/wp-content\/uploads\/sites\/2\/2022\/08\/Logo-Pensionistenklubs-scaled-1.jpeg","contentUrl":"https:\/\/kwp.at\/pensionistenklubs\/wp-content\/uploads\/sites\/2\/2022\/08\/Logo-Pensionistenklubs-scaled-1.jpeg","width":2560,"height":610,"caption":"PensionistInnenklubs f\u00fcr die Stadt Wien"},"image":{"@id":"https:\/\/kwp.at\/pensionistenklubs\/#\/schema\/logo\/image\/"}}]}},"_links":{"self":[{"href":"https:\/\/kwp.at\/pensionistenklubs\/wp-json\/wp\/v2\/pages\/14301","targetHints":{"allow":["GET"]}}],"collection":[{"href":"https:\/\/kwp.at\/pensionistenklubs\/wp-json\/wp\/v2\/pages"}],"about":[{"href":"https:\/\/kwp.at\/pensionistenklubs\/wp-json\/wp\/v2\/types\/page"}],"author":[{"embeddable":true,"href":"https:\/\/kwp.at\/pensionistenklubs\/wp-json\/wp\/v2\/users\/10"}],"replies":[{"embeddable":true,"href":"https:\/\/kwp.at\/pensionistenklubs\/wp-json\/wp\/v2\/comments?post=14301"}],"version-history":[{"count":13,"href":"https:\/\/kwp.at\/pensionistenklubs\/wp-json\/wp\/v2\/pages\/14301\/revisions"}],"predecessor-version":[{"id":20521,"href":"https:\/\/kwp.at\/pensionistenklubs\/wp-json\/wp\/v2\/pages\/14301\/revisions\/20521"}],"up":[{"embeddable":true,"href":"https:\/\/kwp.at\/pensionistenklubs\/wp-json\/wp\/v2\/pages\/29"}],"wp:featuredmedia":[{"embeddable":true,"href":"https:\/\/kwp.at\/pensionistenklubs\/wp-json\/wp\/v2\/media\/14304"}],"wp:attachment":[{"href":"https:\/\/kwp.at\/pensionistenklubs\/wp-json\/wp\/v2\/media?parent=14301"}],"curies":[{"name":"wp","href":"https:\/\/api.w.org\/{rel}","templated":true}]}}