{"id":14290,"date":"2023-12-05T13:19:35","date_gmt":"2023-12-05T12:19:35","guid":{"rendered":"https:\/\/kwp.at\/pensionistenklubs\/?page_id=14290"},"modified":"2025-07-04T13:31:18","modified_gmt":"2025-07-04T11:31:18","slug":"bewegung-sport-und-fitness","status":"publish","type":"page","link":"https:\/\/kwp.at\/pensionistenklubs\/programm\/bewegung-sport-und-fitness\/","title":{"rendered":"Bewegung, Sport und Fitness"},"content":{"rendered":"\n<p><strong>Geistige und k\u00f6rperliche Bewegung halten fit und gesund! Aus diesem Grund bieten die Klubs Wien weit zahlreiche Angebote f\u00fcr Sport, Fitness und Ged\u00e4chtnistraining. <\/strong><\/p>\n\n\n\n<h2 class=\"wp-block-heading\">Gemeinsam in Bewegung<\/h2>\n\n\n\n<p>Die Klubs sind immer in Bewegung und bieten Wien weit ein buntes Bewegungs- und Sportprogramm f\u00fcr Senior*innen jeglichen Alters und Fitness-Levels an. <\/p>\n\n\n\n<p>Egal ob bei gemeinsamer Gymnastik, Qi Gong oder Yoga &#8211; hier kann jede*r mitmachen. Unsere Klubtrainer*innen passen ihr Programm stets an das individuelle K\u00f6nnen der einzelnen Teilnehmer*innen an und bieten gegebenenfalls Alternativ\u00fcbungen oder \u00dcbungen im Sitzen an. So bekommen auch mobilit\u00e4tseingeschr\u00e4nkte Personen die M\u00f6glichkeit, sich mit Freude k\u00f6rperlich zu ert\u00fcchtigen. <\/p>\n\n\n\n<p>Besonders der<em> <\/em><a href=\"https:\/\/kwp.at\/pensionistenklubs\/klubs\/unsere-klubs\/klub-fit-und-aktiv\/\"><em>Klub+<\/em> fit und aktiv<\/a> in der Reinprechtsdorfer Stra\u00dfe bietet mit seinem abwechslungsreichen Bewegungsprogramm einen Treffpunkt f\u00fcr aktive, sportbegeistere Senior*innen.<\/p>\n\n\n\n<p>Wer hingegen dem Alltagsstress mit Meditation, Entspannung und ausgleichenden Yoga\u00fcbungen entgegenwirken m\u00f6chte, ist beim <a href=\"https:\/\/kwp.at\/pensionistenklubs\/klubs\/unsere-klubs\/klub-balance\/\"><em>Klub<\/em>+ Balance<\/a> in der Gr\u00fcnentorgasse an der richtigen Adresse.<\/p>\n\n\n\n<p><strong>Die Klubs haben f\u00fcr alle Fitness-Vorlieben das richtige Angebot. \u00dcberzeugen Sie sich selbst: <\/strong><\/p>\n\n\n\n<a target=\"_blank\" href=\"https:\/\/kwp.at\/veranstaltungen\/?filter=club&amp;club_style=1&amp;event_search=&amp;start_date=&amp;end_date=&amp;event-category%5B%5D=bewegung-fuer-koerper-geist\" rel=\"noopener noreferrer\" class=\"wp-block-kwp-blocks-button-block\">Bewegungsangebote entdecken!<\/a>\n\n\n\n<p><\/p>\n\n\n\n<h2 class=\"wp-block-heading\">Aktiv im Freien<\/h2>\n\n\n\n<p>Selbstverst\u00e4ndlich finden viele der sportlichen Klubangebote auch im Freien statt, denn Bewegung und frische Luft tun gut und h\u00e4lt fit! Gemeinsam tanzen wir Hula Hoop im Park, starten zu einer Wandertour im Wienerwald oder trainieren unsere Fitness mit den gr\u00fcnen Smovey Ringen.<\/p>\n\n\n\n<p>Viele sportliche Events und Veranstaltungen, wie der gro\u00dfe S<a href=\"https:\/\/kwp.at\/pensionistenklubs\/programm\/nordic-walking-day-2024\/\">enior*innen Nordic Walking Day<\/a> der Klubs laden zum Mitmachen und zum gemeinsamen Sporteln ein. Und auch der <a href=\"https:\/\/kwp.at\/pensionistenklubs\/klubs\/unsere-klubs\/klub-im-freien\/\"><em>Klub<\/em>+ Im Freien<\/a> bietet als mobiler Klubstandort zahlreiche Sport- und Bewegungsangebote an der frischen Luft.<\/p>\n\n\n\n<h2 class=\"wp-block-heading\">Fit im Kopf<\/h2>\n\n\n\n<p>Wer seine grauen Zellen in Schwung bringen m\u00f6chte, ist bei den LIMA- und Ged\u00e4chtnistrainings der Klubs gut aufgehoben. Mit kurzweiligen Merk\u00fcbungen, sanfter Bewegung und lustigen Ratespielen wird hier das Kurz- und Langzeitged\u00e4chtnis trainiert. <\/p>\n\n\n\n<a target=\"_blank\" href=\"https:\/\/kwp.at\/veranstaltungen\/?filter=club&amp;club_style=1&amp;event_search=LIMA&amp;start_date=&amp;end_date=\" rel=\"noopener noreferrer\" class=\"wp-block-kwp-blocks-button-block\">Zu den LIMA-Veranstaltungen<\/a>\n\n\n\n<p><\/p>\n\n\n\n<div style=\"background-color: #107da8\" class=\"wp-block-kwp-blocks-infobox\"><h3>Weitere Klubangebote!<\/h3><p>\n<p>Neben Bewegungsangeboten f\u00fcr K\u00f6rper und Geist bieten die Klubs viele weitere tolle Angebote f\u00fcr Ihre pers\u00f6nliche Freizeitgestaltung.<\/p>\n\n\n\n<p>Unser Veranstaltungskalender gibt einen \u00dcberblick \u00fcber das gesamte Klubprogramm.&nbsp;<strong>Jetzt reinklicken!<\/strong><\/p>\n\n\n\n<a target=\"_blank\" href=\"https:\/\/kwp.at\/veranstaltungen\/?club_style=1\" rel=\"noopener noreferrer\" class=\"wp-block-kwp-blocks-button-block\">Klubangebote entdecken!<\/a>\n<\/p><\/div>\n\n\n\n<div style=\"background-color: #6669D1\" class=\"wp-block-kwp-blocks-infobox\"><h3>Jetzt Klubmitglied werden!<\/h3><p>\n<p>Werden Sie jetzt Klubmitglied und genie\u00dfen Sie das Angebot in&nbsp;<a href=\"https:\/\/kwp.at\/pensionistenklubs\/clubs\/\">unseren Klubs in ganz Wien<\/a>. Die Mitgliedschaft ist kostenlos und die Anmeldung ist jetzt noch einfacher online m\u00f6glich.<\/p>\n\n\n\n<a target=\"_blank\" href=\"https:\/\/mitgliedschaft.pensionistenklubs.at\/\" rel=\"noopener noreferrer\" class=\"wp-block-kwp-blocks-button-block\">Jetzt Klubmitglied werden!<\/a>\n<\/p><\/div>\n","protected":false},"excerpt":{"rendered":"<p>Geistige und k\u00f6rperliche Bewegung halten fit und gesund! Aus diesem Grund bieten die Klubs Wien weit zahlreiche Angebote f\u00fcr Sport, Fitness und Ged\u00e4chtnistraining. Gemeinsam in<\/p>\n","protected":false},"author":10,"featured_media":14291,"parent":29,"menu_order":6,"comment_status":"closed","ping_status":"closed","template":"","meta":{"_acf_changed":false,"footnotes":""},"class_list":["post-14290","page","type-page","status-publish","has-post-thumbnail","hentry"],"acf":[],"yoast_head":"<!-- This site is optimized with the Yoast SEO plugin v27.4 - https:\/\/yoast.com\/product\/yoast-seo-wordpress\/ -->\n<title>Bewegung, Sport und Fitness - Pensionist*innenklubs<\/title>\n<meta name=\"description\" content=\"Die Klubs bieten Wien weit zahlreiche Angebote f\u00fcr Sport, Fitness und Ged\u00e4chtnistraining. Machen Sie mit!\" \/>\n<meta name=\"robots\" content=\"index, follow, max-snippet:-1, max-image-preview:large, max-video-preview:-1\" \/>\n<link rel=\"canonical\" href=\"https:\/\/kwp.at\/pensionistenklubs\/programm\/bewegung-sport-und-fitness\/\" \/>\n<meta property=\"og:locale\" content=\"de_DE\" \/>\n<meta property=\"og:type\" content=\"article\" \/>\n<meta property=\"og:title\" content=\"Bewegung, Sport und Fitness - Pensionist*innenklubs\" \/>\n<meta property=\"og:description\" content=\"Die Klubs bieten Wien weit zahlreiche Angebote f\u00fcr Sport, Fitness und Ged\u00e4chtnistraining. Machen Sie mit!\" \/>\n<meta property=\"og:url\" content=\"https:\/\/kwp.at\/pensionistenklubs\/programm\/bewegung-sport-und-fitness\/\" \/>\n<meta property=\"og:site_name\" content=\"Pensionist*innenklubs\" \/>\n<meta property=\"article:modified_time\" content=\"2025-07-04T11:31:18+00:00\" \/>\n<meta property=\"og:image\" content=\"https:\/\/kwp.at\/pensionistenklubs\/wp-content\/uploads\/sites\/2\/2023\/12\/LP-Fitness-Header.jpg\" \/>\n\t<meta property=\"og:image:width\" content=\"1200\" \/>\n\t<meta property=\"og:image:height\" content=\"500\" \/>\n\t<meta property=\"og:image:type\" content=\"image\/jpeg\" \/>\n<meta name=\"twitter:card\" content=\"summary_large_image\" \/>\n<meta name=\"twitter:label1\" content=\"Gesch\u00e4tzte Lesezeit\" \/>\n\t<meta name=\"twitter:data1\" content=\"3\u00a0Minuten\" \/>\n<script type=\"application\/ld+json\" class=\"yoast-schema-graph\">{\"@context\":\"https:\\\/\\\/schema.org\",\"@graph\":[{\"@type\":\"WebPage\",\"@id\":\"https:\\\/\\\/kwp.at\\\/pensionistenklubs\\\/programm\\\/bewegung-sport-und-fitness\\\/\",\"url\":\"https:\\\/\\\/kwp.at\\\/pensionistenklubs\\\/programm\\\/bewegung-sport-und-fitness\\\/\",\"name\":\"Bewegung, Sport und Fitness - Pensionist*innenklubs\",\"isPartOf\":{\"@id\":\"https:\\\/\\\/kwp.at\\\/pensionistenklubs\\\/#website\"},\"primaryImageOfPage\":{\"@id\":\"https:\\\/\\\/kwp.at\\\/pensionistenklubs\\\/programm\\\/bewegung-sport-und-fitness\\\/#primaryimage\"},\"image\":{\"@id\":\"https:\\\/\\\/kwp.at\\\/pensionistenklubs\\\/programm\\\/bewegung-sport-und-fitness\\\/#primaryimage\"},\"thumbnailUrl\":\"https:\\\/\\\/kwp.at\\\/pensionistenklubs\\\/wp-content\\\/uploads\\\/sites\\\/2\\\/2023\\\/12\\\/LP-Fitness-Header.jpg\",\"datePublished\":\"2023-12-05T12:19:35+00:00\",\"dateModified\":\"2025-07-04T11:31:18+00:00\",\"description\":\"Die Klubs bieten Wien weit zahlreiche Angebote f\u00fcr Sport, Fitness und Ged\u00e4chtnistraining. Machen Sie mit!\",\"breadcrumb\":{\"@id\":\"https:\\\/\\\/kwp.at\\\/pensionistenklubs\\\/programm\\\/bewegung-sport-und-fitness\\\/#breadcrumb\"},\"inLanguage\":\"de\",\"potentialAction\":[{\"@type\":\"ReadAction\",\"target\":[\"https:\\\/\\\/kwp.at\\\/pensionistenklubs\\\/programm\\\/bewegung-sport-und-fitness\\\/\"]}]},{\"@type\":\"ImageObject\",\"inLanguage\":\"de\",\"@id\":\"https:\\\/\\\/kwp.at\\\/pensionistenklubs\\\/programm\\\/bewegung-sport-und-fitness\\\/#primaryimage\",\"url\":\"https:\\\/\\\/kwp.at\\\/pensionistenklubs\\\/wp-content\\\/uploads\\\/sites\\\/2\\\/2023\\\/12\\\/LP-Fitness-Header.jpg\",\"contentUrl\":\"https:\\\/\\\/kwp.at\\\/pensionistenklubs\\\/wp-content\\\/uploads\\\/sites\\\/2\\\/2023\\\/12\\\/LP-Fitness-Header.jpg\",\"width\":1200,\"height\":500,\"caption\":\"Eine gut gelaunte Frauengruppe trainiert mit Hula Hoop-Reifen\"},{\"@type\":\"BreadcrumbList\",\"@id\":\"https:\\\/\\\/kwp.at\\\/pensionistenklubs\\\/programm\\\/bewegung-sport-und-fitness\\\/#breadcrumb\",\"itemListElement\":[{\"@type\":\"ListItem\",\"position\":1,\"name\":\"Angebote\",\"item\":\"https:\\\/\\\/kwp.at\\\/pensionistenklubs\\\/programm\\\/\"},{\"@type\":\"ListItem\",\"position\":2,\"name\":\"Bewegung, Sport und Fitness\"}]},{\"@type\":\"WebSite\",\"@id\":\"https:\\\/\\\/kwp.at\\\/pensionistenklubs\\\/#website\",\"url\":\"https:\\\/\\\/kwp.at\\\/pensionistenklubs\\\/\",\"name\":\"Pensionist*innenklubs\",\"description\":\"F\u00fcr die Stadt Wien\",\"publisher\":{\"@id\":\"https:\\\/\\\/kwp.at\\\/pensionistenklubs\\\/#organization\"},\"potentialAction\":[{\"@type\":\"SearchAction\",\"target\":{\"@type\":\"EntryPoint\",\"urlTemplate\":\"https:\\\/\\\/kwp.at\\\/pensionistenklubs\\\/?s={search_term_string}\"},\"query-input\":{\"@type\":\"PropertyValueSpecification\",\"valueRequired\":true,\"valueName\":\"search_term_string\"}}],\"inLanguage\":\"de\"},{\"@type\":\"Organization\",\"@id\":\"https:\\\/\\\/kwp.at\\\/pensionistenklubs\\\/#organization\",\"name\":\"PensionistInnenklubs f\u00fcr die Stadt Wien\",\"url\":\"https:\\\/\\\/kwp.at\\\/pensionistenklubs\\\/\",\"logo\":{\"@type\":\"ImageObject\",\"inLanguage\":\"de\",\"@id\":\"https:\\\/\\\/kwp.at\\\/pensionistenklubs\\\/#\\\/schema\\\/logo\\\/image\\\/\",\"url\":\"https:\\\/\\\/kwp.at\\\/pensionistenklubs\\\/wp-content\\\/uploads\\\/sites\\\/2\\\/2022\\\/08\\\/Logo-Pensionistenklubs-scaled-1.jpeg\",\"contentUrl\":\"https:\\\/\\\/kwp.at\\\/pensionistenklubs\\\/wp-content\\\/uploads\\\/sites\\\/2\\\/2022\\\/08\\\/Logo-Pensionistenklubs-scaled-1.jpeg\",\"width\":2560,\"height\":610,\"caption\":\"PensionistInnenklubs f\u00fcr die Stadt Wien\"},\"image\":{\"@id\":\"https:\\\/\\\/kwp.at\\\/pensionistenklubs\\\/#\\\/schema\\\/logo\\\/image\\\/\"}}]}<\/script>\n<!-- \/ Yoast SEO plugin. -->","yoast_head_json":{"title":"Bewegung, Sport und Fitness - Pensionist*innenklubs","description":"Die Klubs bieten Wien weit zahlreiche Angebote f\u00fcr Sport, Fitness und Ged\u00e4chtnistraining. Machen Sie mit!","robots":{"index":"index","follow":"follow","max-snippet":"max-snippet:-1","max-image-preview":"max-image-preview:large","max-video-preview":"max-video-preview:-1"},"canonical":"https:\/\/kwp.at\/pensionistenklubs\/programm\/bewegung-sport-und-fitness\/","og_locale":"de_DE","og_type":"article","og_title":"Bewegung, Sport und Fitness - Pensionist*innenklubs","og_description":"Die Klubs bieten Wien weit zahlreiche Angebote f\u00fcr Sport, Fitness und Ged\u00e4chtnistraining. Machen Sie mit!","og_url":"https:\/\/kwp.at\/pensionistenklubs\/programm\/bewegung-sport-und-fitness\/","og_site_name":"Pensionist*innenklubs","article_modified_time":"2025-07-04T11:31:18+00:00","og_image":[{"width":1200,"height":500,"url":"https:\/\/kwp.at\/pensionistenklubs\/wp-content\/uploads\/sites\/2\/2023\/12\/LP-Fitness-Header.jpg","type":"image\/jpeg"}],"twitter_card":"summary_large_image","twitter_misc":{"Gesch\u00e4tzte Lesezeit":"3\u00a0Minuten"},"schema":{"@context":"https:\/\/schema.org","@graph":[{"@type":"WebPage","@id":"https:\/\/kwp.at\/pensionistenklubs\/programm\/bewegung-sport-und-fitness\/","url":"https:\/\/kwp.at\/pensionistenklubs\/programm\/bewegung-sport-und-fitness\/","name":"Bewegung, Sport und Fitness - Pensionist*innenklubs","isPartOf":{"@id":"https:\/\/kwp.at\/pensionistenklubs\/#website"},"primaryImageOfPage":{"@id":"https:\/\/kwp.at\/pensionistenklubs\/programm\/bewegung-sport-und-fitness\/#primaryimage"},"image":{"@id":"https:\/\/kwp.at\/pensionistenklubs\/programm\/bewegung-sport-und-fitness\/#primaryimage"},"thumbnailUrl":"https:\/\/kwp.at\/pensionistenklubs\/wp-content\/uploads\/sites\/2\/2023\/12\/LP-Fitness-Header.jpg","datePublished":"2023-12-05T12:19:35+00:00","dateModified":"2025-07-04T11:31:18+00:00","description":"Die Klubs bieten Wien weit zahlreiche Angebote f\u00fcr Sport, Fitness und Ged\u00e4chtnistraining. Machen Sie mit!","breadcrumb":{"@id":"https:\/\/kwp.at\/pensionistenklubs\/programm\/bewegung-sport-und-fitness\/#breadcrumb"},"inLanguage":"de","potentialAction":[{"@type":"ReadAction","target":["https:\/\/kwp.at\/pensionistenklubs\/programm\/bewegung-sport-und-fitness\/"]}]},{"@type":"ImageObject","inLanguage":"de","@id":"https:\/\/kwp.at\/pensionistenklubs\/programm\/bewegung-sport-und-fitness\/#primaryimage","url":"https:\/\/kwp.at\/pensionistenklubs\/wp-content\/uploads\/sites\/2\/2023\/12\/LP-Fitness-Header.jpg","contentUrl":"https:\/\/kwp.at\/pensionistenklubs\/wp-content\/uploads\/sites\/2\/2023\/12\/LP-Fitness-Header.jpg","width":1200,"height":500,"caption":"Eine gut gelaunte Frauengruppe trainiert mit Hula Hoop-Reifen"},{"@type":"BreadcrumbList","@id":"https:\/\/kwp.at\/pensionistenklubs\/programm\/bewegung-sport-und-fitness\/#breadcrumb","itemListElement":[{"@type":"ListItem","position":1,"name":"Angebote","item":"https:\/\/kwp.at\/pensionistenklubs\/programm\/"},{"@type":"ListItem","position":2,"name":"Bewegung, Sport und Fitness"}]},{"@type":"WebSite","@id":"https:\/\/kwp.at\/pensionistenklubs\/#website","url":"https:\/\/kwp.at\/pensionistenklubs\/","name":"Pensionist*innenklubs","description":"F\u00fcr die Stadt Wien","publisher":{"@id":"https:\/\/kwp.at\/pensionistenklubs\/#organization"},"potentialAction":[{"@type":"SearchAction","target":{"@type":"EntryPoint","urlTemplate":"https:\/\/kwp.at\/pensionistenklubs\/?s={search_term_string}"},"query-input":{"@type":"PropertyValueSpecification","valueRequired":true,"valueName":"search_term_string"}}],"inLanguage":"de"},{"@type":"Organization","@id":"https:\/\/kwp.at\/pensionistenklubs\/#organization","name":"PensionistInnenklubs f\u00fcr die Stadt Wien","url":"https:\/\/kwp.at\/pensionistenklubs\/","logo":{"@type":"ImageObject","inLanguage":"de","@id":"https:\/\/kwp.at\/pensionistenklubs\/#\/schema\/logo\/image\/","url":"https:\/\/kwp.at\/pensionistenklubs\/wp-content\/uploads\/sites\/2\/2022\/08\/Logo-Pensionistenklubs-scaled-1.jpeg","contentUrl":"https:\/\/kwp.at\/pensionistenklubs\/wp-content\/uploads\/sites\/2\/2022\/08\/Logo-Pensionistenklubs-scaled-1.jpeg","width":2560,"height":610,"caption":"PensionistInnenklubs f\u00fcr die Stadt Wien"},"image":{"@id":"https:\/\/kwp.at\/pensionistenklubs\/#\/schema\/logo\/image\/"}}]}},"_links":{"self":[{"href":"https:\/\/kwp.at\/pensionistenklubs\/wp-json\/wp\/v2\/pages\/14290","targetHints":{"allow":["GET"]}}],"collection":[{"href":"https:\/\/kwp.at\/pensionistenklubs\/wp-json\/wp\/v2\/pages"}],"about":[{"href":"https:\/\/kwp.at\/pensionistenklubs\/wp-json\/wp\/v2\/types\/page"}],"author":[{"embeddable":true,"href":"https:\/\/kwp.at\/pensionistenklubs\/wp-json\/wp\/v2\/users\/10"}],"replies":[{"embeddable":true,"href":"https:\/\/kwp.at\/pensionistenklubs\/wp-json\/wp\/v2\/comments?post=14290"}],"version-history":[{"count":11,"href":"https:\/\/kwp.at\/pensionistenklubs\/wp-json\/wp\/v2\/pages\/14290\/revisions"}],"predecessor-version":[{"id":19343,"href":"https:\/\/kwp.at\/pensionistenklubs\/wp-json\/wp\/v2\/pages\/14290\/revisions\/19343"}],"up":[{"embeddable":true,"href":"https:\/\/kwp.at\/pensionistenklubs\/wp-json\/wp\/v2\/pages\/29"}],"wp:featuredmedia":[{"embeddable":true,"href":"https:\/\/kwp.at\/pensionistenklubs\/wp-json\/wp\/v2\/media\/14291"}],"wp:attachment":[{"href":"https:\/\/kwp.at\/pensionistenklubs\/wp-json\/wp\/v2\/media?parent=14290"}],"curies":[{"name":"wp","href":"https:\/\/api.w.org\/{rel}","templated":true}]}}