{"id":14279,"date":"2023-12-05T13:19:19","date_gmt":"2023-12-05T12:19:19","guid":{"rendered":"https:\/\/kwp.at\/pensionistenklubs\/?page_id=14279"},"modified":"2025-07-04T13:30:31","modified_gmt":"2025-07-04T11:30:31","slug":"spiele-unterhaltung-und-feste","status":"publish","type":"page","link":"https:\/\/kwp.at\/pensionistenklubs\/programm\/spiele-unterhaltung-und-feste\/","title":{"rendered":"Spiele, Unterhaltung und Feste"},"content":{"rendered":"\n<p><strong>Mit tollen Angeboten sorgen die Klubs Wien weit f\u00fcr Geselligkeit, Zusammenhalt und Unterhaltung. Besuchen Sie uns! <\/strong><\/p>\n\n\n\n<h2 class=\"wp-block-heading\">Besser gemeinsam!<\/h2>\n\n\n\n<p>Wer Wert auf nette Gesellschaft und gem\u00fctliches Zusammensein legt, ist bei den Klubs genau richtig! Hier findet man Anschluss, Unterhaltung und Zusammenhalt in gem\u00fctlicher Atmosph\u00e4re.<\/p>\n\n\n\n<p>Die Klubs bieten allen Seniorinnen und Senioren Wiens ein &#8222;zweites Wohnzimmer&#8220; und sorgen mit einem liebevoll gestalteten Klubprogramm f\u00fcr Kurzweile und Abwechslung. Hier ist f\u00fcr jede*n das richtige Freizeitangebot dabei. <\/p>\n\n\n\n<p><strong>Alle Klublokale in ganz Wien finden Sie hier:<\/strong><\/p>\n\n\n\n<a target=\"_blank\" href=\"https:\/\/kwp.at\/pensionistenklubs\/clubs\/\" rel=\"noopener noreferrer\" class=\"wp-block-kwp-blocks-button-block\">Zum Verzeichnis der Klubs<\/a>\n\n\n\n<p><\/p>\n\n\n\n<h2 class=\"wp-block-heading\">Spiel und Spa\u00df im Klub<\/h2>\n\n\n\n<p>Karten- und Brettspiele erfreuen sich bei den Klubs gr\u00f6\u00dfter Beliebtheit. Hier treffen einander Wien weit spielbegeistere Senior*innen zum gemeinsamen Schachspiel, Bauernschnapsen, Pokern oder Tarockieren.<\/p>\n\n\n\n<p>Bei den geselligen Spielenachmittagen sind auch Neuzug\u00e4nge und all jene, die die Spiele gerne neu erlernen m\u00f6chten, sehr herzlich willkommen! <\/p>\n\n\n\n<p>Von Zeit zu Zeit finden sogar Turniere in den unterschiedlichen Spiel-Disziplinen statt, bei denen man einzeln oder auch im Team teilnehmen kann. <\/p>\n\n\n\n<p>Auch Sportspiele, wie etwa Floorhockey, Boccia, Darts, Billard oder Kegeln erfreuen sich bei unseren Senior*innen gr\u00f6\u00dfter Beliebtheit und finden regelm\u00e4\u00dfig im Klub oder im Freien statt. <\/p>\n\n\n\n<p>Nat\u00fcrlich muss auch das beliebteste und wohl kultigste aller Spiele erw\u00e4hnt werden: Bingo! Wien weit finden in unseren Klublokalen lustige Bingonachmittage statt, bei denen es sogar kleine Preise zu gewinnen gibt. <\/p>\n\n\n\n<p><strong>Entdecken Sie jetzt alle Spiel-Angebote der Klubs: <\/strong><\/p>\n\n\n\n<a target=\"_blank\" rel=\"noopener noreferrer\" class=\"wp-block-kwp-blocks-button-block\">Jetzt mitspielen!<\/a>\n\n\n\n<p><\/p>\n\n\n\n<h2 class=\"wp-block-heading\">Miteinander feiern<\/h2>\n\n\n\n<p>Zum gem\u00fctlichen Beisammensein geh\u00f6rt auch, gemeinsam zu feiern. Ob Ostern, Nikolaus oder die Geburtstage unserer Klubmitglieder &#8211; wir sind niemals um eine lustige Sause verlegen!<\/p>\n\n\n\n<p>Je nach Jahreszeit und Anlass veranstalten unsere Klubmitarbeiter*innen individuelle Parties und Feste. Meist werden zu den unterschiedlichen Feiern auch Live-Musiker*innen eingeladen, die dann mit Rhythmus und Gesang f\u00fcr eine tolle Stimmung im Klub sorgen.  Hier darf ausgelassen getanzt und geshaked werden!<\/p>\n\n\n\n<p>Selbstverst\u00e4ndlich ist bei unseren Klubfeiern auch f\u00fcr Speis und Trank bestens gesorgt. <\/p>\n\n\n\n<p><strong>Alle Feste und Feiern der Klubs finden Sie hier: <\/strong><\/p>\n\n\n\n<a target=\"_blank\" href=\"https:\/\/kwp.at\/veranstaltungen\/?filter=club&amp;club_style=1&amp;event_search=&amp;start_date=&amp;end_date=&amp;event-category%5B%5D=feste-feiern\" rel=\"noopener noreferrer\" class=\"wp-block-kwp-blocks-button-block\">Jetzt mitfeiern!<\/a>\n\n\n\n<p><\/p>\n\n\n\n<div style=\"background-color: #107da8\" class=\"wp-block-kwp-blocks-infobox\"><h3>Weitere Klubangebote!<\/h3><p>\n<p>Neben Spiel und Spa\u00df bieten die Klubs viele weitere tolle Angebote f\u00fcr Ihre pers\u00f6nliche Freizeitgestaltung.<\/p>\n\n\n\n<p>Unser Veranstaltungskalender gibt einen \u00dcberblick \u00fcber das gesamte Klubprogramm.&nbsp;<strong>Jetzt reinklicken!<\/strong><\/p>\n\n\n\n<a target=\"_blank\" href=\"https:\/\/kwp.at\/veranstaltungen\/?club_style=1\" rel=\"noopener noreferrer\" class=\"wp-block-kwp-blocks-button-block\">Klubangebote entdecken!<\/a>\n<\/p><\/div>\n\n\n\n<div style=\"background-color: #6669D1\" class=\"wp-block-kwp-blocks-infobox\"><h3>Jetzt Klubmitglied werden!<\/h3><p>\n<p>Werden Sie jetzt Klubmitglied und genie\u00dfen Sie das Angebot in&nbsp;<a href=\"https:\/\/kwp.at\/pensionistenklubs\/clubs\/\">unseren Klubs in ganz Wien<\/a>. Die Mitgliedschaft ist kostenlos und die Anmeldung ist jetzt noch einfacher online m\u00f6glich.<\/p>\n\n\n\n<a target=\"_blank\" href=\"https:\/\/mitgliedschaft.pensionistenklubs.at\/\" rel=\"noopener noreferrer\" class=\"wp-block-kwp-blocks-button-block\">Jetzt Mitglied werden!<\/a>\n<\/p><\/div>\n","protected":false},"excerpt":{"rendered":"<p>Mit tollen Angeboten sorgen die Klubs Wien weit f\u00fcr Geselligkeit, Zusammenhalt und Unterhaltung. Besuchen Sie uns! Besser gemeinsam! Wer Wert auf nette Gesellschaft und gem\u00fctliches<\/p>\n","protected":false},"author":10,"featured_media":14282,"parent":29,"menu_order":4,"comment_status":"closed","ping_status":"closed","template":"","meta":{"_acf_changed":false,"footnotes":""},"class_list":["post-14279","page","type-page","status-publish","has-post-thumbnail","hentry"],"acf":[],"yoast_head":"<!-- This site is optimized with the Yoast SEO plugin v27.4 - https:\/\/yoast.com\/product\/yoast-seo-wordpress\/ -->\n<title>Spiele, Unterhaltung und Feste - Pensionist*innenklubs<\/title>\n<meta name=\"description\" content=\"Mit tollen Angeboten sorgen die Klubs Wien weit f\u00fcr Geselligkeit, Zusammenhalt und Unterhaltung. Besuchen Sie uns!\" \/>\n<meta name=\"robots\" content=\"index, follow, max-snippet:-1, max-image-preview:large, max-video-preview:-1\" \/>\n<link rel=\"canonical\" href=\"https:\/\/kwp.at\/pensionistenklubs\/programm\/spiele-unterhaltung-und-feste\/\" \/>\n<meta property=\"og:locale\" content=\"de_DE\" \/>\n<meta property=\"og:type\" content=\"article\" \/>\n<meta property=\"og:title\" content=\"Spiele, Unterhaltung und Feste - Pensionist*innenklubs\" \/>\n<meta property=\"og:description\" content=\"Mit tollen Angeboten sorgen die Klubs Wien weit f\u00fcr Geselligkeit, Zusammenhalt und Unterhaltung. Besuchen Sie uns!\" \/>\n<meta property=\"og:url\" content=\"https:\/\/kwp.at\/pensionistenklubs\/programm\/spiele-unterhaltung-und-feste\/\" \/>\n<meta property=\"og:site_name\" content=\"Pensionist*innenklubs\" \/>\n<meta property=\"article:modified_time\" content=\"2025-07-04T11:30:31+00:00\" \/>\n<meta property=\"og:image\" content=\"https:\/\/kwp.at\/pensionistenklubs\/wp-content\/uploads\/sites\/2\/2023\/12\/LP-Spiel-Header.jpg\" \/>\n\t<meta property=\"og:image:width\" content=\"1200\" \/>\n\t<meta property=\"og:image:height\" content=\"500\" \/>\n\t<meta property=\"og:image:type\" content=\"image\/jpeg\" \/>\n<meta name=\"twitter:card\" content=\"summary_large_image\" \/>\n<meta name=\"twitter:label1\" content=\"Gesch\u00e4tzte Lesezeit\" \/>\n\t<meta name=\"twitter:data1\" content=\"3\u00a0Minuten\" \/>\n<script type=\"application\/ld+json\" class=\"yoast-schema-graph\">{\"@context\":\"https:\\\/\\\/schema.org\",\"@graph\":[{\"@type\":\"WebPage\",\"@id\":\"https:\\\/\\\/kwp.at\\\/pensionistenklubs\\\/programm\\\/spiele-unterhaltung-und-feste\\\/\",\"url\":\"https:\\\/\\\/kwp.at\\\/pensionistenklubs\\\/programm\\\/spiele-unterhaltung-und-feste\\\/\",\"name\":\"Spiele, Unterhaltung und Feste - Pensionist*innenklubs\",\"isPartOf\":{\"@id\":\"https:\\\/\\\/kwp.at\\\/pensionistenklubs\\\/#website\"},\"primaryImageOfPage\":{\"@id\":\"https:\\\/\\\/kwp.at\\\/pensionistenklubs\\\/programm\\\/spiele-unterhaltung-und-feste\\\/#primaryimage\"},\"image\":{\"@id\":\"https:\\\/\\\/kwp.at\\\/pensionistenklubs\\\/programm\\\/spiele-unterhaltung-und-feste\\\/#primaryimage\"},\"thumbnailUrl\":\"https:\\\/\\\/kwp.at\\\/pensionistenklubs\\\/wp-content\\\/uploads\\\/sites\\\/2\\\/2023\\\/12\\\/LP-Spiel-Header.jpg\",\"datePublished\":\"2023-12-05T12:19:19+00:00\",\"dateModified\":\"2025-07-04T11:30:31+00:00\",\"description\":\"Mit tollen Angeboten sorgen die Klubs Wien weit f\u00fcr Geselligkeit, Zusammenhalt und Unterhaltung. Besuchen Sie uns!\",\"breadcrumb\":{\"@id\":\"https:\\\/\\\/kwp.at\\\/pensionistenklubs\\\/programm\\\/spiele-unterhaltung-und-feste\\\/#breadcrumb\"},\"inLanguage\":\"de\",\"potentialAction\":[{\"@type\":\"ReadAction\",\"target\":[\"https:\\\/\\\/kwp.at\\\/pensionistenklubs\\\/programm\\\/spiele-unterhaltung-und-feste\\\/\"]}]},{\"@type\":\"ImageObject\",\"inLanguage\":\"de\",\"@id\":\"https:\\\/\\\/kwp.at\\\/pensionistenklubs\\\/programm\\\/spiele-unterhaltung-und-feste\\\/#primaryimage\",\"url\":\"https:\\\/\\\/kwp.at\\\/pensionistenklubs\\\/wp-content\\\/uploads\\\/sites\\\/2\\\/2023\\\/12\\\/LP-Spiel-Header.jpg\",\"contentUrl\":\"https:\\\/\\\/kwp.at\\\/pensionistenklubs\\\/wp-content\\\/uploads\\\/sites\\\/2\\\/2023\\\/12\\\/LP-Spiel-Header.jpg\",\"width\":1200,\"height\":500,\"caption\":\"Drei \u00e4ltere Herren konzentriert beim Schachspiel\"},{\"@type\":\"BreadcrumbList\",\"@id\":\"https:\\\/\\\/kwp.at\\\/pensionistenklubs\\\/programm\\\/spiele-unterhaltung-und-feste\\\/#breadcrumb\",\"itemListElement\":[{\"@type\":\"ListItem\",\"position\":1,\"name\":\"Angebote\",\"item\":\"https:\\\/\\\/kwp.at\\\/pensionistenklubs\\\/programm\\\/\"},{\"@type\":\"ListItem\",\"position\":2,\"name\":\"Spiele, Unterhaltung und Feste\"}]},{\"@type\":\"WebSite\",\"@id\":\"https:\\\/\\\/kwp.at\\\/pensionistenklubs\\\/#website\",\"url\":\"https:\\\/\\\/kwp.at\\\/pensionistenklubs\\\/\",\"name\":\"Pensionist*innenklubs\",\"description\":\"F\u00fcr die Stadt Wien\",\"publisher\":{\"@id\":\"https:\\\/\\\/kwp.at\\\/pensionistenklubs\\\/#organization\"},\"potentialAction\":[{\"@type\":\"SearchAction\",\"target\":{\"@type\":\"EntryPoint\",\"urlTemplate\":\"https:\\\/\\\/kwp.at\\\/pensionistenklubs\\\/?s={search_term_string}\"},\"query-input\":{\"@type\":\"PropertyValueSpecification\",\"valueRequired\":true,\"valueName\":\"search_term_string\"}}],\"inLanguage\":\"de\"},{\"@type\":\"Organization\",\"@id\":\"https:\\\/\\\/kwp.at\\\/pensionistenklubs\\\/#organization\",\"name\":\"PensionistInnenklubs f\u00fcr die Stadt Wien\",\"url\":\"https:\\\/\\\/kwp.at\\\/pensionistenklubs\\\/\",\"logo\":{\"@type\":\"ImageObject\",\"inLanguage\":\"de\",\"@id\":\"https:\\\/\\\/kwp.at\\\/pensionistenklubs\\\/#\\\/schema\\\/logo\\\/image\\\/\",\"url\":\"https:\\\/\\\/kwp.at\\\/pensionistenklubs\\\/wp-content\\\/uploads\\\/sites\\\/2\\\/2022\\\/08\\\/Logo-Pensionistenklubs-scaled-1.jpeg\",\"contentUrl\":\"https:\\\/\\\/kwp.at\\\/pensionistenklubs\\\/wp-content\\\/uploads\\\/sites\\\/2\\\/2022\\\/08\\\/Logo-Pensionistenklubs-scaled-1.jpeg\",\"width\":2560,\"height\":610,\"caption\":\"PensionistInnenklubs f\u00fcr die Stadt Wien\"},\"image\":{\"@id\":\"https:\\\/\\\/kwp.at\\\/pensionistenklubs\\\/#\\\/schema\\\/logo\\\/image\\\/\"}}]}<\/script>\n<!-- \/ Yoast SEO plugin. -->","yoast_head_json":{"title":"Spiele, Unterhaltung und Feste - Pensionist*innenklubs","description":"Mit tollen Angeboten sorgen die Klubs Wien weit f\u00fcr Geselligkeit, Zusammenhalt und Unterhaltung. Besuchen Sie uns!","robots":{"index":"index","follow":"follow","max-snippet":"max-snippet:-1","max-image-preview":"max-image-preview:large","max-video-preview":"max-video-preview:-1"},"canonical":"https:\/\/kwp.at\/pensionistenklubs\/programm\/spiele-unterhaltung-und-feste\/","og_locale":"de_DE","og_type":"article","og_title":"Spiele, Unterhaltung und Feste - Pensionist*innenklubs","og_description":"Mit tollen Angeboten sorgen die Klubs Wien weit f\u00fcr Geselligkeit, Zusammenhalt und Unterhaltung. Besuchen Sie uns!","og_url":"https:\/\/kwp.at\/pensionistenklubs\/programm\/spiele-unterhaltung-und-feste\/","og_site_name":"Pensionist*innenklubs","article_modified_time":"2025-07-04T11:30:31+00:00","og_image":[{"width":1200,"height":500,"url":"https:\/\/kwp.at\/pensionistenklubs\/wp-content\/uploads\/sites\/2\/2023\/12\/LP-Spiel-Header.jpg","type":"image\/jpeg"}],"twitter_card":"summary_large_image","twitter_misc":{"Gesch\u00e4tzte Lesezeit":"3\u00a0Minuten"},"schema":{"@context":"https:\/\/schema.org","@graph":[{"@type":"WebPage","@id":"https:\/\/kwp.at\/pensionistenklubs\/programm\/spiele-unterhaltung-und-feste\/","url":"https:\/\/kwp.at\/pensionistenklubs\/programm\/spiele-unterhaltung-und-feste\/","name":"Spiele, Unterhaltung und Feste - Pensionist*innenklubs","isPartOf":{"@id":"https:\/\/kwp.at\/pensionistenklubs\/#website"},"primaryImageOfPage":{"@id":"https:\/\/kwp.at\/pensionistenklubs\/programm\/spiele-unterhaltung-und-feste\/#primaryimage"},"image":{"@id":"https:\/\/kwp.at\/pensionistenklubs\/programm\/spiele-unterhaltung-und-feste\/#primaryimage"},"thumbnailUrl":"https:\/\/kwp.at\/pensionistenklubs\/wp-content\/uploads\/sites\/2\/2023\/12\/LP-Spiel-Header.jpg","datePublished":"2023-12-05T12:19:19+00:00","dateModified":"2025-07-04T11:30:31+00:00","description":"Mit tollen Angeboten sorgen die Klubs Wien weit f\u00fcr Geselligkeit, Zusammenhalt und Unterhaltung. Besuchen Sie uns!","breadcrumb":{"@id":"https:\/\/kwp.at\/pensionistenklubs\/programm\/spiele-unterhaltung-und-feste\/#breadcrumb"},"inLanguage":"de","potentialAction":[{"@type":"ReadAction","target":["https:\/\/kwp.at\/pensionistenklubs\/programm\/spiele-unterhaltung-und-feste\/"]}]},{"@type":"ImageObject","inLanguage":"de","@id":"https:\/\/kwp.at\/pensionistenklubs\/programm\/spiele-unterhaltung-und-feste\/#primaryimage","url":"https:\/\/kwp.at\/pensionistenklubs\/wp-content\/uploads\/sites\/2\/2023\/12\/LP-Spiel-Header.jpg","contentUrl":"https:\/\/kwp.at\/pensionistenklubs\/wp-content\/uploads\/sites\/2\/2023\/12\/LP-Spiel-Header.jpg","width":1200,"height":500,"caption":"Drei \u00e4ltere Herren konzentriert beim Schachspiel"},{"@type":"BreadcrumbList","@id":"https:\/\/kwp.at\/pensionistenklubs\/programm\/spiele-unterhaltung-und-feste\/#breadcrumb","itemListElement":[{"@type":"ListItem","position":1,"name":"Angebote","item":"https:\/\/kwp.at\/pensionistenklubs\/programm\/"},{"@type":"ListItem","position":2,"name":"Spiele, Unterhaltung und Feste"}]},{"@type":"WebSite","@id":"https:\/\/kwp.at\/pensionistenklubs\/#website","url":"https:\/\/kwp.at\/pensionistenklubs\/","name":"Pensionist*innenklubs","description":"F\u00fcr die Stadt Wien","publisher":{"@id":"https:\/\/kwp.at\/pensionistenklubs\/#organization"},"potentialAction":[{"@type":"SearchAction","target":{"@type":"EntryPoint","urlTemplate":"https:\/\/kwp.at\/pensionistenklubs\/?s={search_term_string}"},"query-input":{"@type":"PropertyValueSpecification","valueRequired":true,"valueName":"search_term_string"}}],"inLanguage":"de"},{"@type":"Organization","@id":"https:\/\/kwp.at\/pensionistenklubs\/#organization","name":"PensionistInnenklubs f\u00fcr die Stadt Wien","url":"https:\/\/kwp.at\/pensionistenklubs\/","logo":{"@type":"ImageObject","inLanguage":"de","@id":"https:\/\/kwp.at\/pensionistenklubs\/#\/schema\/logo\/image\/","url":"https:\/\/kwp.at\/pensionistenklubs\/wp-content\/uploads\/sites\/2\/2022\/08\/Logo-Pensionistenklubs-scaled-1.jpeg","contentUrl":"https:\/\/kwp.at\/pensionistenklubs\/wp-content\/uploads\/sites\/2\/2022\/08\/Logo-Pensionistenklubs-scaled-1.jpeg","width":2560,"height":610,"caption":"PensionistInnenklubs f\u00fcr die Stadt Wien"},"image":{"@id":"https:\/\/kwp.at\/pensionistenklubs\/#\/schema\/logo\/image\/"}}]}},"_links":{"self":[{"href":"https:\/\/kwp.at\/pensionistenklubs\/wp-json\/wp\/v2\/pages\/14279","targetHints":{"allow":["GET"]}}],"collection":[{"href":"https:\/\/kwp.at\/pensionistenklubs\/wp-json\/wp\/v2\/pages"}],"about":[{"href":"https:\/\/kwp.at\/pensionistenklubs\/wp-json\/wp\/v2\/types\/page"}],"author":[{"embeddable":true,"href":"https:\/\/kwp.at\/pensionistenklubs\/wp-json\/wp\/v2\/users\/10"}],"replies":[{"embeddable":true,"href":"https:\/\/kwp.at\/pensionistenklubs\/wp-json\/wp\/v2\/comments?post=14279"}],"version-history":[{"count":13,"href":"https:\/\/kwp.at\/pensionistenklubs\/wp-json\/wp\/v2\/pages\/14279\/revisions"}],"predecessor-version":[{"id":19341,"href":"https:\/\/kwp.at\/pensionistenklubs\/wp-json\/wp\/v2\/pages\/14279\/revisions\/19341"}],"up":[{"embeddable":true,"href":"https:\/\/kwp.at\/pensionistenklubs\/wp-json\/wp\/v2\/pages\/29"}],"wp:featuredmedia":[{"embeddable":true,"href":"https:\/\/kwp.at\/pensionistenklubs\/wp-json\/wp\/v2\/media\/14282"}],"wp:attachment":[{"href":"https:\/\/kwp.at\/pensionistenklubs\/wp-json\/wp\/v2\/media?parent=14279"}],"curies":[{"name":"wp","href":"https:\/\/api.w.org\/{rel}","templated":true}]}}