{"id":14226,"date":"2023-12-05T13:20:20","date_gmt":"2023-12-05T12:20:20","guid":{"rendered":"https:\/\/kwp.at\/pensionistenklubs\/?page_id=14226"},"modified":"2025-07-04T13:29:18","modified_gmt":"2025-07-04T11:29:18","slug":"kunst-und-kultur","status":"publish","type":"page","link":"https:\/\/kwp.at\/pensionistenklubs\/programm\/kunst-und-kultur\/","title":{"rendered":"Kunst und Kultur"},"content":{"rendered":"\n<p><strong>Liebhaber*innen von Kunst, Literatur, Handwerk und darstellendem Spiel sind bei uns genau richtig! Denn die Klubs bieten Wien weit viele tolle Kulturangebote f\u00fcr Senior*innen. <\/strong><\/p>\n\n\n\n<h2 class=\"wp-block-heading\">Kunst, Kreativit\u00e4t und Handwerk<\/h2>\n\n\n\n<p>Der Kreativit\u00e4t sind bei den Klubs keine Grenzen gesetzt! Viele unserer Klubbesucher*innen sind selbst k\u00fcnstlerisch aktiv und bringen ihre Leidenschaft f\u00fcr Kunst und Kultur mit in unseren Kluballtag. Wien weit treffen sich kunstbegeistere Senior*innen zum gemeinsamen Malen, Basteln und Handwerken. <\/p>\n\n\n\n<p><strong>Der Veranstaltungskalender der Klubs bietet einen \u00dcberblick \u00fcber alle Kunst- und Kulturangebote der Pensionist*innenklubs: <\/strong><\/p>\n\n\n\n<a target=\"_blank\" href=\"https:\/\/kwp.at\/veranstaltungen\/?filter=club&amp;club_style=1&amp;event_search=&amp;start_date=&amp;end_date=&amp;event-category%5B%5D=kunst-und-kultur\" rel=\"noopener noreferrer\" class=\"wp-block-kwp-blocks-button-block\">Jetzt Kunstangebote entdecken!<\/a>\n\n\n\n<p><\/p>\n\n\n\n<p>Auch der<em> <a href=\"https:\/\/kwp.at\/pensionistenklubs\/klubs\/unsere-klubs\/klubatelier\/\">Klub<\/a><\/em><a href=\"https:\/\/kwp.at\/pensionistenklubs\/klubs\/unsere-klubs\/klubatelier\/\">+ Atelier<\/a>, sowie der <a href=\"https:\/\/kwp.at\/pensionistenklubs\/klubs\/unsere-klubs\/klub-kreatives-handwerk\/\"><em>Klub<\/em>+ kreatives Handwerk<\/a> bieten Raum f\u00fcr k\u00fcnstlerische Bildung und freies Experimentieren. Kunstinteressierte aus allen Generationen haben hier die M\u00f6glichkeit sich auszutauschen, gegenseitig zu inspirieren und voneinander zu lernen.&nbsp;<\/p>\n\n\n\n<p>Aus den vielen tollen Kunstprojekten unserer Klubmitglieder wird schlie\u00dflich jedes Jahr ein ganz besonderes Projekt ausgew\u00e4hlt, das seine Pr\u00e4sentation im offiziellen <a href=\"https:\/\/kwp.at\/pensionistenklubs\/klubkalender-2024\/\">Jahreskalender der Klubs<\/a> erf\u00e4hrt. Der so gestaltete Klubkalender ergeht an alle eingeschrieben Klubmitglieder, s\u00e4mtliche Bewohner*innen der <a href=\"https:\/\/kwp.at\/\">H\u00e4user zum Leben<\/a> sowie an Koopertionspartner*innen in ganz Wien. <\/p>\n\n\n\n<h2 class=\"wp-block-heading\">Literatur f\u00fcr alle!<\/h2>\n\n\n\n<p>Auch f\u00fcr literaturbegeistere Senior*innen haben die Klubs das richtige Angebot. Neben dem regelm\u00e4\u00dfig stattfindendem <a href=\"https:\/\/kwp.at\/veranstaltungen\/?filter=club&amp;club_style=1&amp;event_search=Literaturzirkel&amp;start_date=&amp;end_date=\">Literaturzirkel<\/a> des <em>Klub<\/em>+ Atelier, nehmen die Pensionist*innenklubs jedes Jahr an Wien weit stattfindenden Aktionen, wie <a href=\"https:\/\/kwp.at\/pensionistenklubs\/eine-stadt-ein-buch-und-die-klubs-waren-dabei\/\">Eine STADT. Ein BUCH.<\/a> oder dem <a href=\"https:\/\/kwp.at\/pensionistenklubs\/oesterreichischer-vorlesetag-2023\/\">\u00d6sterreichischen Vorlesetag<\/a> teil.<\/p>\n\n\n\n<p>Weiters gibt es mit der <a href=\"https:\/\/kwp.at\/pensionistenklubs\/programm\/trara-seniorinnenzeitung\/\">Senior*innenzeitung TRARA<\/a> und unter dem Motto &#8222;Achtunzwanzig Seiten Optimismus&#8220; die M\u00f6glichkeit, sich selbst literarisch zu verwirklichen und mit eigenen Texten an der Zeitung mitzuwirken. Die WortReich-Redaktion im <a href=\"https:\/\/kwp.at\/pensionistenklubs\/clubs\/gymnasiumstrase-38\/\">Klub Gymnasiumstra\u00dfe<\/a> ist stets auf der Suche nach neuen Autor*innen.<\/p>\n\n\n\n<h2 class=\"wp-block-heading\">Konzert und Theater<\/h2>\n\n\n\n<p>Weiters gibt es bei den Klubs tolle Angebote rund um Konzert und darstellendes Spiel. Neben gemeinsamen Ausfl\u00fcgen ins Theater, Konzert oder die Oper finden in unseren Klublokalen von Zeit zu Zeit auch Schauspiel-Workshops statt. Besonderes Highlight sind dabei die <a href=\"https:\/\/kwp.at\/pensionistenklubs\/clown-workshop\/\">Clown-Workshops<\/a> f\u00fcr Senior*innen und Kinder, bei denen die Teilnehmer*innen mit viel Spa\u00df und Humor neue Freiheiten auf der B\u00fchne entdecken k\u00f6nnen. <\/p>\n\n\n\n<p>Auch Musik-Fans kommen bei den KlubSingers, beim <a href=\"https:\/\/kwp.at\/pensionistenklubs\/wiener-vintage-chor\/\">Wiener Vintage Chor<\/a>, bei der Werder Klub Band oder bei der Trommelbewegung der Klubs auf ihre Kosten. Hier wird gemeinsam geprobt, gesungen und musiziert. Oftmals treten unsere Klubmitglieder auch im Rahmen von Events und Veranstaltungen auf und pr\u00e4sentieren ihr musikalisches K\u00f6nnen. Der <a href=\"https:\/\/kwp.at\/pensionistenklubs\/klubs\/unsere-klubs\/klub-musikwerkstatt\/\"><em>Klub<\/em>+ Musikwerkstatt<\/a> im zweiten Bezirk bietet f\u00fcr musikbegeisterte Senior*innen die richtige Anlaufstelle. <strong>Machen Sie mit! <\/strong><\/p>\n\n\n\n<div style=\"background-color: #107da8\" class=\"wp-block-kwp-blocks-infobox\"><h3>Weitere Klubangebote!<\/h3><p>\n<p>Neben Kunst und Kultur bieten die Klubs viele weitere tolle Angebote f\u00fcr Ihre pers\u00f6nliche Freizeitgestaltung.<\/p>\n\n\n\n<p>Unser Veranstaltungskalender gibt einen \u00dcberblick \u00fcber das gesamte Klubprogramm.&nbsp;<strong>Jetzt reinklicken!<\/strong><\/p>\n\n\n\n<a target=\"_blank\" href=\"https:\/\/kwp.at\/veranstaltungen\/?club_style=1\" rel=\"noopener noreferrer\" class=\"wp-block-kwp-blocks-button-block\">Klubangebote entdecken!<\/a>\n<\/p><\/div>\n\n\n\n<div style=\"background-color: #6669D1\" class=\"wp-block-kwp-blocks-infobox\"><h3>Jetzt Klubmitglied werden!<\/h3><p>\n<p>Werden Sie jetzt Klubmitglied und genie\u00dfen Sie das Angebot in&nbsp;<a href=\"https:\/\/kwp.at\/pensionistenklubs\/clubs\/\">unseren Klubs in ganz Wien<\/a>. Die Mitgliedschaft ist kostenlos und die Anmeldung ist jetzt noch einfacher online m\u00f6glich.<\/p>\n\n\n\n<a target=\"_blank\" href=\"https:\/\/mitgliedschaft.pensionistenklubs.at\/\" rel=\"noopener noreferrer\" class=\"wp-block-kwp-blocks-button-block\">Jetzt Mitglied werden!<\/a>\n<\/p><\/div>\n","protected":false},"excerpt":{"rendered":"<p>Liebhaber*innen von Kunst, Literatur, Handwerk und darstellendem Spiel sind bei uns genau richtig! Denn die Klubs bieten Wien weit viele tolle Kulturangebote f\u00fcr Senior*innen. Kunst,<\/p>\n","protected":false},"author":10,"featured_media":14229,"parent":29,"menu_order":2,"comment_status":"closed","ping_status":"closed","template":"","meta":{"_acf_changed":false,"footnotes":""},"class_list":["post-14226","page","type-page","status-publish","has-post-thumbnail","hentry"],"acf":[],"yoast_head":"<!-- This site is optimized with the Yoast SEO plugin v27.4 - https:\/\/yoast.com\/product\/yoast-seo-wordpress\/ -->\n<title>Kunst und Kultur - Pensionist*innenklubs<\/title>\n<meta name=\"description\" content=\"Liebhaber*innen von Kunst, Literatur und Theater sind bei uns genau richtig! Die Klubs bieten viele tolle Kulturangebote f\u00fcr Senior*innen.\" \/>\n<meta name=\"robots\" content=\"index, follow, max-snippet:-1, max-image-preview:large, max-video-preview:-1\" \/>\n<link rel=\"canonical\" href=\"https:\/\/kwp.at\/pensionistenklubs\/programm\/kunst-und-kultur\/\" \/>\n<meta property=\"og:locale\" content=\"de_DE\" \/>\n<meta property=\"og:type\" content=\"article\" \/>\n<meta property=\"og:title\" content=\"Kunst und Kultur - Pensionist*innenklubs\" \/>\n<meta property=\"og:description\" content=\"Liebhaber*innen von Kunst, Literatur und Theater sind bei uns genau richtig! Die Klubs bieten viele tolle Kulturangebote f\u00fcr Senior*innen.\" \/>\n<meta property=\"og:url\" content=\"https:\/\/kwp.at\/pensionistenklubs\/programm\/kunst-und-kultur\/\" \/>\n<meta property=\"og:site_name\" content=\"Pensionist*innenklubs\" \/>\n<meta property=\"article:modified_time\" content=\"2025-07-04T11:29:18+00:00\" \/>\n<meta property=\"og:image\" content=\"https:\/\/kwp.at\/pensionistenklubs\/wp-content\/uploads\/sites\/2\/2023\/11\/kunst-und-kultur-LP.jpg\" \/>\n\t<meta property=\"og:image:width\" content=\"1200\" \/>\n\t<meta property=\"og:image:height\" content=\"500\" \/>\n\t<meta property=\"og:image:type\" content=\"image\/jpeg\" \/>\n<meta name=\"twitter:card\" content=\"summary_large_image\" \/>\n<meta name=\"twitter:label1\" content=\"Gesch\u00e4tzte Lesezeit\" \/>\n\t<meta name=\"twitter:data1\" content=\"3\u00a0Minuten\" \/>\n<script type=\"application\/ld+json\" class=\"yoast-schema-graph\">{\"@context\":\"https:\\\/\\\/schema.org\",\"@graph\":[{\"@type\":\"WebPage\",\"@id\":\"https:\\\/\\\/kwp.at\\\/pensionistenklubs\\\/programm\\\/kunst-und-kultur\\\/\",\"url\":\"https:\\\/\\\/kwp.at\\\/pensionistenklubs\\\/programm\\\/kunst-und-kultur\\\/\",\"name\":\"Kunst und Kultur - Pensionist*innenklubs\",\"isPartOf\":{\"@id\":\"https:\\\/\\\/kwp.at\\\/pensionistenklubs\\\/#website\"},\"primaryImageOfPage\":{\"@id\":\"https:\\\/\\\/kwp.at\\\/pensionistenklubs\\\/programm\\\/kunst-und-kultur\\\/#primaryimage\"},\"image\":{\"@id\":\"https:\\\/\\\/kwp.at\\\/pensionistenklubs\\\/programm\\\/kunst-und-kultur\\\/#primaryimage\"},\"thumbnailUrl\":\"https:\\\/\\\/kwp.at\\\/pensionistenklubs\\\/wp-content\\\/uploads\\\/sites\\\/2\\\/2023\\\/11\\\/kunst-und-kultur-LP.jpg\",\"datePublished\":\"2023-12-05T12:20:20+00:00\",\"dateModified\":\"2025-07-04T11:29:18+00:00\",\"description\":\"Liebhaber*innen von Kunst, Literatur und Theater sind bei uns genau richtig! Die Klubs bieten viele tolle Kulturangebote f\u00fcr Senior*innen.\",\"breadcrumb\":{\"@id\":\"https:\\\/\\\/kwp.at\\\/pensionistenklubs\\\/programm\\\/kunst-und-kultur\\\/#breadcrumb\"},\"inLanguage\":\"de\",\"potentialAction\":[{\"@type\":\"ReadAction\",\"target\":[\"https:\\\/\\\/kwp.at\\\/pensionistenklubs\\\/programm\\\/kunst-und-kultur\\\/\"]}]},{\"@type\":\"ImageObject\",\"inLanguage\":\"de\",\"@id\":\"https:\\\/\\\/kwp.at\\\/pensionistenklubs\\\/programm\\\/kunst-und-kultur\\\/#primaryimage\",\"url\":\"https:\\\/\\\/kwp.at\\\/pensionistenklubs\\\/wp-content\\\/uploads\\\/sites\\\/2\\\/2023\\\/11\\\/kunst-und-kultur-LP.jpg\",\"contentUrl\":\"https:\\\/\\\/kwp.at\\\/pensionistenklubs\\\/wp-content\\\/uploads\\\/sites\\\/2\\\/2023\\\/11\\\/kunst-und-kultur-LP.jpg\",\"width\":1200,\"height\":500},{\"@type\":\"BreadcrumbList\",\"@id\":\"https:\\\/\\\/kwp.at\\\/pensionistenklubs\\\/programm\\\/kunst-und-kultur\\\/#breadcrumb\",\"itemListElement\":[{\"@type\":\"ListItem\",\"position\":1,\"name\":\"Angebote\",\"item\":\"https:\\\/\\\/kwp.at\\\/pensionistenklubs\\\/programm\\\/\"},{\"@type\":\"ListItem\",\"position\":2,\"name\":\"Kunst und Kultur\"}]},{\"@type\":\"WebSite\",\"@id\":\"https:\\\/\\\/kwp.at\\\/pensionistenklubs\\\/#website\",\"url\":\"https:\\\/\\\/kwp.at\\\/pensionistenklubs\\\/\",\"name\":\"Pensionist*innenklubs\",\"description\":\"F\u00fcr die Stadt Wien\",\"publisher\":{\"@id\":\"https:\\\/\\\/kwp.at\\\/pensionistenklubs\\\/#organization\"},\"potentialAction\":[{\"@type\":\"SearchAction\",\"target\":{\"@type\":\"EntryPoint\",\"urlTemplate\":\"https:\\\/\\\/kwp.at\\\/pensionistenklubs\\\/?s={search_term_string}\"},\"query-input\":{\"@type\":\"PropertyValueSpecification\",\"valueRequired\":true,\"valueName\":\"search_term_string\"}}],\"inLanguage\":\"de\"},{\"@type\":\"Organization\",\"@id\":\"https:\\\/\\\/kwp.at\\\/pensionistenklubs\\\/#organization\",\"name\":\"PensionistInnenklubs f\u00fcr die Stadt Wien\",\"url\":\"https:\\\/\\\/kwp.at\\\/pensionistenklubs\\\/\",\"logo\":{\"@type\":\"ImageObject\",\"inLanguage\":\"de\",\"@id\":\"https:\\\/\\\/kwp.at\\\/pensionistenklubs\\\/#\\\/schema\\\/logo\\\/image\\\/\",\"url\":\"https:\\\/\\\/kwp.at\\\/pensionistenklubs\\\/wp-content\\\/uploads\\\/sites\\\/2\\\/2022\\\/08\\\/Logo-Pensionistenklubs-scaled-1.jpeg\",\"contentUrl\":\"https:\\\/\\\/kwp.at\\\/pensionistenklubs\\\/wp-content\\\/uploads\\\/sites\\\/2\\\/2022\\\/08\\\/Logo-Pensionistenklubs-scaled-1.jpeg\",\"width\":2560,\"height\":610,\"caption\":\"PensionistInnenklubs f\u00fcr die Stadt Wien\"},\"image\":{\"@id\":\"https:\\\/\\\/kwp.at\\\/pensionistenklubs\\\/#\\\/schema\\\/logo\\\/image\\\/\"}}]}<\/script>\n<!-- \/ Yoast SEO plugin. -->","yoast_head_json":{"title":"Kunst und Kultur - Pensionist*innenklubs","description":"Liebhaber*innen von Kunst, Literatur und Theater sind bei uns genau richtig! Die Klubs bieten viele tolle Kulturangebote f\u00fcr Senior*innen.","robots":{"index":"index","follow":"follow","max-snippet":"max-snippet:-1","max-image-preview":"max-image-preview:large","max-video-preview":"max-video-preview:-1"},"canonical":"https:\/\/kwp.at\/pensionistenklubs\/programm\/kunst-und-kultur\/","og_locale":"de_DE","og_type":"article","og_title":"Kunst und Kultur - Pensionist*innenklubs","og_description":"Liebhaber*innen von Kunst, Literatur und Theater sind bei uns genau richtig! Die Klubs bieten viele tolle Kulturangebote f\u00fcr Senior*innen.","og_url":"https:\/\/kwp.at\/pensionistenklubs\/programm\/kunst-und-kultur\/","og_site_name":"Pensionist*innenklubs","article_modified_time":"2025-07-04T11:29:18+00:00","og_image":[{"width":1200,"height":500,"url":"https:\/\/kwp.at\/pensionistenklubs\/wp-content\/uploads\/sites\/2\/2023\/11\/kunst-und-kultur-LP.jpg","type":"image\/jpeg"}],"twitter_card":"summary_large_image","twitter_misc":{"Gesch\u00e4tzte Lesezeit":"3\u00a0Minuten"},"schema":{"@context":"https:\/\/schema.org","@graph":[{"@type":"WebPage","@id":"https:\/\/kwp.at\/pensionistenklubs\/programm\/kunst-und-kultur\/","url":"https:\/\/kwp.at\/pensionistenklubs\/programm\/kunst-und-kultur\/","name":"Kunst und Kultur - Pensionist*innenklubs","isPartOf":{"@id":"https:\/\/kwp.at\/pensionistenklubs\/#website"},"primaryImageOfPage":{"@id":"https:\/\/kwp.at\/pensionistenklubs\/programm\/kunst-und-kultur\/#primaryimage"},"image":{"@id":"https:\/\/kwp.at\/pensionistenklubs\/programm\/kunst-und-kultur\/#primaryimage"},"thumbnailUrl":"https:\/\/kwp.at\/pensionistenklubs\/wp-content\/uploads\/sites\/2\/2023\/11\/kunst-und-kultur-LP.jpg","datePublished":"2023-12-05T12:20:20+00:00","dateModified":"2025-07-04T11:29:18+00:00","description":"Liebhaber*innen von Kunst, Literatur und Theater sind bei uns genau richtig! Die Klubs bieten viele tolle Kulturangebote f\u00fcr Senior*innen.","breadcrumb":{"@id":"https:\/\/kwp.at\/pensionistenklubs\/programm\/kunst-und-kultur\/#breadcrumb"},"inLanguage":"de","potentialAction":[{"@type":"ReadAction","target":["https:\/\/kwp.at\/pensionistenklubs\/programm\/kunst-und-kultur\/"]}]},{"@type":"ImageObject","inLanguage":"de","@id":"https:\/\/kwp.at\/pensionistenklubs\/programm\/kunst-und-kultur\/#primaryimage","url":"https:\/\/kwp.at\/pensionistenklubs\/wp-content\/uploads\/sites\/2\/2023\/11\/kunst-und-kultur-LP.jpg","contentUrl":"https:\/\/kwp.at\/pensionistenklubs\/wp-content\/uploads\/sites\/2\/2023\/11\/kunst-und-kultur-LP.jpg","width":1200,"height":500},{"@type":"BreadcrumbList","@id":"https:\/\/kwp.at\/pensionistenklubs\/programm\/kunst-und-kultur\/#breadcrumb","itemListElement":[{"@type":"ListItem","position":1,"name":"Angebote","item":"https:\/\/kwp.at\/pensionistenklubs\/programm\/"},{"@type":"ListItem","position":2,"name":"Kunst und Kultur"}]},{"@type":"WebSite","@id":"https:\/\/kwp.at\/pensionistenklubs\/#website","url":"https:\/\/kwp.at\/pensionistenklubs\/","name":"Pensionist*innenklubs","description":"F\u00fcr die Stadt Wien","publisher":{"@id":"https:\/\/kwp.at\/pensionistenklubs\/#organization"},"potentialAction":[{"@type":"SearchAction","target":{"@type":"EntryPoint","urlTemplate":"https:\/\/kwp.at\/pensionistenklubs\/?s={search_term_string}"},"query-input":{"@type":"PropertyValueSpecification","valueRequired":true,"valueName":"search_term_string"}}],"inLanguage":"de"},{"@type":"Organization","@id":"https:\/\/kwp.at\/pensionistenklubs\/#organization","name":"PensionistInnenklubs f\u00fcr die Stadt Wien","url":"https:\/\/kwp.at\/pensionistenklubs\/","logo":{"@type":"ImageObject","inLanguage":"de","@id":"https:\/\/kwp.at\/pensionistenklubs\/#\/schema\/logo\/image\/","url":"https:\/\/kwp.at\/pensionistenklubs\/wp-content\/uploads\/sites\/2\/2022\/08\/Logo-Pensionistenklubs-scaled-1.jpeg","contentUrl":"https:\/\/kwp.at\/pensionistenklubs\/wp-content\/uploads\/sites\/2\/2022\/08\/Logo-Pensionistenklubs-scaled-1.jpeg","width":2560,"height":610,"caption":"PensionistInnenklubs f\u00fcr die Stadt Wien"},"image":{"@id":"https:\/\/kwp.at\/pensionistenklubs\/#\/schema\/logo\/image\/"}}]}},"_links":{"self":[{"href":"https:\/\/kwp.at\/pensionistenklubs\/wp-json\/wp\/v2\/pages\/14226","targetHints":{"allow":["GET"]}}],"collection":[{"href":"https:\/\/kwp.at\/pensionistenklubs\/wp-json\/wp\/v2\/pages"}],"about":[{"href":"https:\/\/kwp.at\/pensionistenklubs\/wp-json\/wp\/v2\/types\/page"}],"author":[{"embeddable":true,"href":"https:\/\/kwp.at\/pensionistenklubs\/wp-json\/wp\/v2\/users\/10"}],"replies":[{"embeddable":true,"href":"https:\/\/kwp.at\/pensionistenklubs\/wp-json\/wp\/v2\/comments?post=14226"}],"version-history":[{"count":19,"href":"https:\/\/kwp.at\/pensionistenklubs\/wp-json\/wp\/v2\/pages\/14226\/revisions"}],"predecessor-version":[{"id":19339,"href":"https:\/\/kwp.at\/pensionistenklubs\/wp-json\/wp\/v2\/pages\/14226\/revisions\/19339"}],"up":[{"embeddable":true,"href":"https:\/\/kwp.at\/pensionistenklubs\/wp-json\/wp\/v2\/pages\/29"}],"wp:featuredmedia":[{"embeddable":true,"href":"https:\/\/kwp.at\/pensionistenklubs\/wp-json\/wp\/v2\/media\/14229"}],"wp:attachment":[{"href":"https:\/\/kwp.at\/pensionistenklubs\/wp-json\/wp\/v2\/media?parent=14226"}],"curies":[{"name":"wp","href":"https:\/\/api.w.org\/{rel}","templated":true}]}}