{"id":14167,"date":"2023-12-05T13:20:33","date_gmt":"2023-12-05T12:20:33","guid":{"rendered":"https:\/\/kwp.at\/pensionistenklubs\/?page_id=14167"},"modified":"2026-03-26T13:07:03","modified_gmt":"2026-03-26T12:07:03","slug":"ausfluege","status":"publish","type":"page","link":"https:\/\/kwp.at\/pensionistenklubs\/programm\/ausfluege\/","title":{"rendered":"Ausfl\u00fcge"},"content":{"rendered":"\n<p><strong>Die Klubs bieten zahlreiche Exkursionen, sowie Halb- und Ganztagesausfl\u00fcge f\u00fcr Senior*innen. Begleiten Sie uns!<\/strong><\/p>\n\n\n\n<h2 class=\"wp-block-heading\">Unterwegs mit den Klubs!<\/h2>\n\n\n\n<p>Ob mit dem Klub in die Salzgrotte, bei einer kleinen Schifffahrt am Neusiedler See oder zu Besuch bei den St\u00f6rchen in Marchegg \u2013&nbsp;gemeinsam sind wir unterwegs, genie\u00dfen&nbsp;nette Gesellschaft und entdecken Neues.<\/p>\n\n\n\n<p>Die Klubs bieten zahlreiche Exkursionen, sowie Ganz-, und Halbtagesfahrten zu unterschiedlichen Reisezielen. Auch die Aktion &#8222;Senior*innen unterwegs&#8220; bietet in den Sommermonaten Juli und August ein besonders kosteng\u00fcnstiges Ausflugs-Ticket ins Gr\u00fcne. <\/p>\n\n\n\n<p><strong>Unser Veranstaltungskalender informiert tagesaktuell \u00fcber alle Ausflugsangebote der Klubs<\/strong> (immer ca. ab April)<\/p>\n\n\n\n<a target=\"_blank\" href=\"https:\/\/kwp.at\/veranstaltungen\/?filter=club&amp;club_style=1&amp;event_search=&amp;start_date=&amp;end_date=&amp;event-category%5B%5D=seniorinnen-unterwegs&amp;event-category%5B%5D=ganztagesausflug&amp;event-category%5B%5D=halbtagesausflug\" rel=\"noopener noreferrer\" class=\"wp-block-kwp-blocks-button-block\">Alle Ausfl\u00fcge ansehen! <\/a>\n\n\n\n<p><\/p>\n\n\n\n<div class=\"c-youtube-embed\"><a class=\"c-youtube__link\" onclick=\"(function (node){node.parentNode.innerHTML =  unescape('%3Ciframe%20id%3D%22ytplayer%22%20class%3D%22c-youtube-embed__iframe%22%20type%3D%22text\/html%22%20src%3D%22https%3A\/\/www.youtube-nocookie.com\/embed\/zUQUW3YYlTE%3Fautoplay%3D1%22%20allow%3D%27autoplay%27%20frameborder%3D%220%22\/%3E')}(this))\"><img decoding=\"async\" class=\"c-youtube-embed__thumbnail\" src=\"https:\/\/img.youtube.com\/vi\/zUQUW3YYlTE\/maxresdefault.jpg\" alt=\"Klicken Sie um das Video zu starten\" srcset=\"https:\/\/img.youtube.com\/vi\/zUQUW3YYlTE\/default.jpg 120w ,https:\/\/img.youtube.com\/vi\/zUQUW3YYlTE\/hqdefault.jpg 320w ,https:\/\/img.youtube.com\/vi\/zUQUW3YYlTE\/mqdefault.jpg 480w ,https:\/\/img.youtube.com\/vi\/zUQUW3YYlTE\/sddefault.jpg 640w ,https:\/\/img.youtube.com\/vi\/zUQUW3YYlTE\/maxresdefault.jpg 1280w\"\/><svg class=\"play-button\" enable-background=\"new 0 0 1920 1250\" version=\"1.1\" viewBox=\"0 0 1920 1250\" space=\"preserve\" xmlns=\"http:\/\/www.w3.org\/2000\/svg\"><g fill=\"white\"><path d=\"m1227.8 605.5l-447.59-258.42c-18.576-10.725-33.775-1.95-33.775 19.5v516.83c0 21.45 15.199 30.225 33.775 19.5l447.59-258.42c18.576-10.725 18.576-28.275 0-39z\"><\/path><path d=\"m1542.1 384.71c-31.093-73.512-75.6-139.53-132.28-196.21-56.684-56.685-122.7-101.19-196.21-132.28-76.12-32.197-156.97-48.521-240.29-48.521s-164.17 16.325-240.29 48.522c-73.512 31.093-139.53 75.599-196.21 132.28-56.685 56.684-101.19 122.7-132.28 196.21-32.196 76.12-48.521 156.97-48.521 240.29s16.325 164.17 48.521 240.29c31.093 73.512 75.599 139.53 132.28 196.21 56.684 56.685 122.7 101.19 196.21 132.28 76.121 32.196 156.97 48.521 240.29 48.521s164.17-16.325 240.29-48.521c73.512-31.093 139.53-75.6 196.21-132.28 56.685-56.684 101.19-122.7 132.28-196.21 32.196-76.12 48.521-156.97 48.521-240.29s-16.325-164.17-48.521-240.29zm-568.79 807.6c-312.81 0-567.31-254.49-567.31-567.31s254.49-567.31 567.31-567.31 567.31 254.49 567.31 567.31-254.49 567.31-567.31 567.31z\"><\/path><\/g><\/svg><\/a><\/div>\n\n\n\n<h2 class=\"wp-block-heading\">Ganz- und Halbtagesausfl\u00fcge<\/h2>\n\n\n\n<p>Gemeinsam geht es per Bus raus aus der Stadt und ab ins Gr\u00fcne! Wir genie\u00dfen fr\u00f6hliche Geselligkeit und lassen uns mit allerlei regionalen&nbsp;Spezialit\u00e4ten und Schmankerln&nbsp;verw\u00f6hnen. Teilnehmer*innen k\u00f6nnen dabei aus einer Vielzahl an Halb- und Ganztagesfahrten zu unterschiedlichen Reisezielen innerhalb \u00d6sterreichs w\u00e4hlen.<\/p>\n\n\n\n<p>Die Ausfl\u00fcge starten bei mehreren Abfahrtsstellen in Wien. Ein unkompliziertes Zusteigen ist somit m\u00f6glich. Die modernen Reisebusse bieten umfassenden Komfort\u00a0und sind klimatisiert.<\/p>\n\n\n\n<p>Alle Ausflugsfahrten werden von unseren Klubmitarbeiter*innen begleitet und sind auch f\u00fcr Personen mit Mobilit\u00e4tseinschr\u00e4nkungen geeignet. F\u00fcr Inhaber*innen eines&nbsp;<a href=\"https:\/\/www.wien.gv.at\/amtshelfer\/gesundheit\/gesundheitsrecht\/ausweise\/mobilpass.html\"><strong>Mobilpasses der Stadt Wien<\/strong><\/a>&nbsp;gibt es verg\u00fcnstigte Konditionen.<\/p>\n\n\n\n<div style=\"background-color: #1A880C\" class=\"wp-block-kwp-blocks-infobox\"><h3>Ausflugskatalog <\/h3><p>\n<p>Jahr f\u00fcr Jahr stellen die Klubs mit ihrem Ausflugskatalog eine handverlesene Auswahl an attraktiven Ausflugsangeboten speziell f\u00fcr Senior*innen zusammen. <\/p>\n\n\n\n<p>Den aktuellen Ausflugskatalog k\u00f6nnen Sie \u00fcber den roten Button online einsehen. Ab April liegt dieser auch in all unseren Klubs und H\u00e4usern zum Leben auf.<\/p>\n\n\n\n<a target=\"_blank\" href=\"https:\/\/kwp.at\/pensionistenklubs\/wp-content\/uploads\/sites\/2\/2026\/03\/Ausflugskatalog-2026.pdf\" rel=\"noopener noreferrer\" class=\"wp-block-kwp-blocks-button-block\">Ausflugskatalog ansehen<\/a>\n\n\n\n<p>S\u00e4mtliche Ausfl\u00fcge k\u00f6nnen ab Ende M\u00e4rz online \u00fcber unseren Veranstaltungskalender gebucht werden. Auch unsere Mitarbeiter*innen im Klub oder an der Telefonhotline unterst\u00fctzen gerne bei der Buchung: 01\/ 313 99&nbsp;170&nbsp;112<\/p>\n<\/p><\/div>\n\n\n\n<h2 class=\"wp-block-heading\">Senior*innen unterwegs<\/h2>\n\n\n\n<p>Die Aktion &#8222;Senior*innen unterwegs&#8220; findet j\u00e4hrlich in den Sommermonaten Juli und August statt und bietet begleitete Ausfl\u00fcge zum besonders kosteng\u00fcnstigen Preis.<\/p>\n\n\n\n<p>Ohne Anmeldung fahren wir rasch und unkompliziert per Reisebus ins Gr\u00fcne. Die Fahrkarten k\u00f6nnen direkt im Bus erworben werden. Kommen Sie einfach zur Abfahrtsstelle! <\/p>\n\n\n\n<div style=\"background-color: #D129A1\" class=\"wp-block-kwp-blocks-infobox\"><h3>&#8222;Senior*innen unterwegs&#8220; Katalog<\/h3><p>\n<p>Den &#8222;Senior*innen unterwegs&#8220; Katalog f\u00fcr die Sommersaison 2025 finden Sie hier im Download! Bis Juni kommt der neue Katalog.<\/p>\n\n\n\n<a target=\"_blank\" href=\"https:\/\/kwp.at\/pensionistenklubs\/wp-content\/uploads\/sites\/2\/2025\/03\/1056_A5_SU2025_V5_WEB.pdf\" rel=\"noopener noreferrer\" class=\"wp-block-kwp-blocks-button-block\">&#8222;Senior*innen unterwegs&#8220; Katalog ansehen<\/a>\n<\/p><\/div>\n\n\n\n<p><\/p>\n\n\n\n<div style=\"background-color: #107da8\" class=\"wp-block-kwp-blocks-infobox\"><h3>Weitere Klubangebote!<\/h3><p>\n<p>Neben zahlreichen Ausfl\u00fcgen bieten die Klubs auch viele weitere tolle Angebote f\u00fcr Ihre pers\u00f6nliche Freizeitgestaltung.<\/p>\n\n\n\n<p>Unser Veranstaltungskalender gibt einen \u00dcberblick \u00fcber das gesamte Klubprogramm.&nbsp;<strong>Jetzt reinklicken!<\/strong><\/p>\n\n\n\n<a target=\"_blank\" href=\"https:\/\/kwp.at\/veranstaltungen\/?club_style=1\" rel=\"noopener noreferrer\" class=\"wp-block-kwp-blocks-button-block\">Klubangebote entdecken!<\/a>\n<\/p><\/div>\n\n\n\n<div style=\"background-color: #6669D1\" class=\"wp-block-kwp-blocks-infobox\"><h3>Jetzt Klubmitglied werden!<\/h3><p>\n<p>Werden Sie jetzt Klubmitglied und genie\u00dfen Sie das Angebot in&nbsp;<a href=\"https:\/\/kwp.at\/pensionistenklubs\/clubs\/\">unseren Klubs in ganz Wien<\/a>. Die Mitgliedschaft ist kostenlos und die Anmeldung ist jetzt noch einfacher online m\u00f6glich.<\/p>\n\n\n\n<a target=\"_blank\" href=\"https:\/\/mitgliedschaft.pensionistenklubs.at\/\" rel=\"noopener noreferrer\" class=\"wp-block-kwp-blocks-button-block\">Jetzt Klubmitglied werden!<\/a>\n<\/p><\/div>\n\n\n\n<p><\/p>\n","protected":false},"excerpt":{"rendered":"<p>Die Klubs bieten zahlreiche Exkursionen, sowie Halb- und Ganztagesausfl\u00fcge f\u00fcr Senior*innen. Begleiten Sie uns! Unterwegs mit den Klubs! Ob mit dem Klub in die Salzgrotte,<\/p>\n","protected":false},"author":10,"featured_media":14168,"parent":29,"menu_order":8,"comment_status":"closed","ping_status":"closed","template":"","meta":{"_acf_changed":false,"footnotes":""},"class_list":["post-14167","page","type-page","status-publish","has-post-thumbnail","hentry"],"acf":[],"yoast_head":"<!-- This site is optimized with the Yoast SEO plugin v27.4 - https:\/\/yoast.com\/product\/yoast-seo-wordpress\/ -->\n<title>Ausfl\u00fcge - Pensionist*innenklubs<\/title>\n<meta name=\"description\" content=\"Die Klubs bieten zahlreiche Exkursionen, sowie Halb- und Ganztagesausfl\u00fcge f\u00fcr Senior*innen. Begleiten Sie uns!\" \/>\n<meta name=\"robots\" content=\"index, follow, max-snippet:-1, max-image-preview:large, max-video-preview:-1\" \/>\n<link rel=\"canonical\" href=\"https:\/\/kwp.at\/pensionistenklubs\/programm\/ausfluege\/\" \/>\n<meta property=\"og:locale\" content=\"de_DE\" \/>\n<meta property=\"og:type\" content=\"article\" \/>\n<meta property=\"og:title\" content=\"Ausfl\u00fcge - Pensionist*innenklubs\" \/>\n<meta property=\"og:description\" content=\"Die Klubs bieten zahlreiche Exkursionen, sowie Halb- und Ganztagesausfl\u00fcge f\u00fcr Senior*innen. Begleiten Sie uns!\" \/>\n<meta property=\"og:url\" content=\"https:\/\/kwp.at\/pensionistenklubs\/programm\/ausfluege\/\" \/>\n<meta property=\"og:site_name\" content=\"Pensionist*innenklubs\" \/>\n<meta property=\"article:modified_time\" content=\"2026-03-26T12:07:03+00:00\" \/>\n<meta property=\"og:image\" content=\"https:\/\/kwp.at\/pensionistenklubs\/wp-content\/uploads\/sites\/2\/2023\/11\/LP-Ausfluege2.jpg\" \/>\n\t<meta property=\"og:image:width\" content=\"1200\" \/>\n\t<meta property=\"og:image:height\" content=\"500\" \/>\n\t<meta property=\"og:image:type\" content=\"image\/jpeg\" \/>\n<meta name=\"twitter:card\" content=\"summary_large_image\" \/>\n<meta name=\"twitter:label1\" content=\"Gesch\u00e4tzte Lesezeit\" \/>\n\t<meta name=\"twitter:data1\" content=\"3\u00a0Minuten\" \/>\n<script type=\"application\/ld+json\" class=\"yoast-schema-graph\">{\"@context\":\"https:\\\/\\\/schema.org\",\"@graph\":[{\"@type\":\"WebPage\",\"@id\":\"https:\\\/\\\/kwp.at\\\/pensionistenklubs\\\/programm\\\/ausfluege\\\/\",\"url\":\"https:\\\/\\\/kwp.at\\\/pensionistenklubs\\\/programm\\\/ausfluege\\\/\",\"name\":\"Ausfl\u00fcge - Pensionist*innenklubs\",\"isPartOf\":{\"@id\":\"https:\\\/\\\/kwp.at\\\/pensionistenklubs\\\/#website\"},\"primaryImageOfPage\":{\"@id\":\"https:\\\/\\\/kwp.at\\\/pensionistenklubs\\\/programm\\\/ausfluege\\\/#primaryimage\"},\"image\":{\"@id\":\"https:\\\/\\\/kwp.at\\\/pensionistenklubs\\\/programm\\\/ausfluege\\\/#primaryimage\"},\"thumbnailUrl\":\"https:\\\/\\\/kwp.at\\\/pensionistenklubs\\\/wp-content\\\/uploads\\\/sites\\\/2\\\/2023\\\/11\\\/LP-Ausfluege2.jpg\",\"datePublished\":\"2023-12-05T12:20:33+00:00\",\"dateModified\":\"2026-03-26T12:07:03+00:00\",\"description\":\"Die Klubs bieten zahlreiche Exkursionen, sowie Halb- und Ganztagesausfl\u00fcge f\u00fcr Senior*innen. Begleiten Sie uns!\",\"breadcrumb\":{\"@id\":\"https:\\\/\\\/kwp.at\\\/pensionistenklubs\\\/programm\\\/ausfluege\\\/#breadcrumb\"},\"inLanguage\":\"de\",\"potentialAction\":[{\"@type\":\"ReadAction\",\"target\":[\"https:\\\/\\\/kwp.at\\\/pensionistenklubs\\\/programm\\\/ausfluege\\\/\"]}]},{\"@type\":\"ImageObject\",\"inLanguage\":\"de\",\"@id\":\"https:\\\/\\\/kwp.at\\\/pensionistenklubs\\\/programm\\\/ausfluege\\\/#primaryimage\",\"url\":\"https:\\\/\\\/kwp.at\\\/pensionistenklubs\\\/wp-content\\\/uploads\\\/sites\\\/2\\\/2023\\\/11\\\/LP-Ausfluege2.jpg\",\"contentUrl\":\"https:\\\/\\\/kwp.at\\\/pensionistenklubs\\\/wp-content\\\/uploads\\\/sites\\\/2\\\/2023\\\/11\\\/LP-Ausfluege2.jpg\",\"width\":1200,\"height\":500,\"caption\":\"Gruppenfoto von einem dutzend Menschen bei einem Ausflug\"},{\"@type\":\"BreadcrumbList\",\"@id\":\"https:\\\/\\\/kwp.at\\\/pensionistenklubs\\\/programm\\\/ausfluege\\\/#breadcrumb\",\"itemListElement\":[{\"@type\":\"ListItem\",\"position\":1,\"name\":\"Angebote\",\"item\":\"https:\\\/\\\/kwp.at\\\/pensionistenklubs\\\/programm\\\/\"},{\"@type\":\"ListItem\",\"position\":2,\"name\":\"Ausfl\u00fcge\"}]},{\"@type\":\"WebSite\",\"@id\":\"https:\\\/\\\/kwp.at\\\/pensionistenklubs\\\/#website\",\"url\":\"https:\\\/\\\/kwp.at\\\/pensionistenklubs\\\/\",\"name\":\"Pensionist*innenklubs\",\"description\":\"F\u00fcr die Stadt Wien\",\"publisher\":{\"@id\":\"https:\\\/\\\/kwp.at\\\/pensionistenklubs\\\/#organization\"},\"potentialAction\":[{\"@type\":\"SearchAction\",\"target\":{\"@type\":\"EntryPoint\",\"urlTemplate\":\"https:\\\/\\\/kwp.at\\\/pensionistenklubs\\\/?s={search_term_string}\"},\"query-input\":{\"@type\":\"PropertyValueSpecification\",\"valueRequired\":true,\"valueName\":\"search_term_string\"}}],\"inLanguage\":\"de\"},{\"@type\":\"Organization\",\"@id\":\"https:\\\/\\\/kwp.at\\\/pensionistenklubs\\\/#organization\",\"name\":\"PensionistInnenklubs f\u00fcr die Stadt Wien\",\"url\":\"https:\\\/\\\/kwp.at\\\/pensionistenklubs\\\/\",\"logo\":{\"@type\":\"ImageObject\",\"inLanguage\":\"de\",\"@id\":\"https:\\\/\\\/kwp.at\\\/pensionistenklubs\\\/#\\\/schema\\\/logo\\\/image\\\/\",\"url\":\"https:\\\/\\\/kwp.at\\\/pensionistenklubs\\\/wp-content\\\/uploads\\\/sites\\\/2\\\/2022\\\/08\\\/Logo-Pensionistenklubs-scaled-1.jpeg\",\"contentUrl\":\"https:\\\/\\\/kwp.at\\\/pensionistenklubs\\\/wp-content\\\/uploads\\\/sites\\\/2\\\/2022\\\/08\\\/Logo-Pensionistenklubs-scaled-1.jpeg\",\"width\":2560,\"height\":610,\"caption\":\"PensionistInnenklubs f\u00fcr die Stadt Wien\"},\"image\":{\"@id\":\"https:\\\/\\\/kwp.at\\\/pensionistenklubs\\\/#\\\/schema\\\/logo\\\/image\\\/\"}}]}<\/script>\n<!-- \/ Yoast SEO plugin. -->","yoast_head_json":{"title":"Ausfl\u00fcge - Pensionist*innenklubs","description":"Die Klubs bieten zahlreiche Exkursionen, sowie Halb- und Ganztagesausfl\u00fcge f\u00fcr Senior*innen. Begleiten Sie uns!","robots":{"index":"index","follow":"follow","max-snippet":"max-snippet:-1","max-image-preview":"max-image-preview:large","max-video-preview":"max-video-preview:-1"},"canonical":"https:\/\/kwp.at\/pensionistenklubs\/programm\/ausfluege\/","og_locale":"de_DE","og_type":"article","og_title":"Ausfl\u00fcge - Pensionist*innenklubs","og_description":"Die Klubs bieten zahlreiche Exkursionen, sowie Halb- und Ganztagesausfl\u00fcge f\u00fcr Senior*innen. Begleiten Sie uns!","og_url":"https:\/\/kwp.at\/pensionistenklubs\/programm\/ausfluege\/","og_site_name":"Pensionist*innenklubs","article_modified_time":"2026-03-26T12:07:03+00:00","og_image":[{"width":1200,"height":500,"url":"https:\/\/kwp.at\/pensionistenklubs\/wp-content\/uploads\/sites\/2\/2023\/11\/LP-Ausfluege2.jpg","type":"image\/jpeg"}],"twitter_card":"summary_large_image","twitter_misc":{"Gesch\u00e4tzte Lesezeit":"3\u00a0Minuten"},"schema":{"@context":"https:\/\/schema.org","@graph":[{"@type":"WebPage","@id":"https:\/\/kwp.at\/pensionistenklubs\/programm\/ausfluege\/","url":"https:\/\/kwp.at\/pensionistenklubs\/programm\/ausfluege\/","name":"Ausfl\u00fcge - Pensionist*innenklubs","isPartOf":{"@id":"https:\/\/kwp.at\/pensionistenklubs\/#website"},"primaryImageOfPage":{"@id":"https:\/\/kwp.at\/pensionistenklubs\/programm\/ausfluege\/#primaryimage"},"image":{"@id":"https:\/\/kwp.at\/pensionistenklubs\/programm\/ausfluege\/#primaryimage"},"thumbnailUrl":"https:\/\/kwp.at\/pensionistenklubs\/wp-content\/uploads\/sites\/2\/2023\/11\/LP-Ausfluege2.jpg","datePublished":"2023-12-05T12:20:33+00:00","dateModified":"2026-03-26T12:07:03+00:00","description":"Die Klubs bieten zahlreiche Exkursionen, sowie Halb- und Ganztagesausfl\u00fcge f\u00fcr Senior*innen. Begleiten Sie uns!","breadcrumb":{"@id":"https:\/\/kwp.at\/pensionistenklubs\/programm\/ausfluege\/#breadcrumb"},"inLanguage":"de","potentialAction":[{"@type":"ReadAction","target":["https:\/\/kwp.at\/pensionistenklubs\/programm\/ausfluege\/"]}]},{"@type":"ImageObject","inLanguage":"de","@id":"https:\/\/kwp.at\/pensionistenklubs\/programm\/ausfluege\/#primaryimage","url":"https:\/\/kwp.at\/pensionistenklubs\/wp-content\/uploads\/sites\/2\/2023\/11\/LP-Ausfluege2.jpg","contentUrl":"https:\/\/kwp.at\/pensionistenklubs\/wp-content\/uploads\/sites\/2\/2023\/11\/LP-Ausfluege2.jpg","width":1200,"height":500,"caption":"Gruppenfoto von einem dutzend Menschen bei einem Ausflug"},{"@type":"BreadcrumbList","@id":"https:\/\/kwp.at\/pensionistenklubs\/programm\/ausfluege\/#breadcrumb","itemListElement":[{"@type":"ListItem","position":1,"name":"Angebote","item":"https:\/\/kwp.at\/pensionistenklubs\/programm\/"},{"@type":"ListItem","position":2,"name":"Ausfl\u00fcge"}]},{"@type":"WebSite","@id":"https:\/\/kwp.at\/pensionistenklubs\/#website","url":"https:\/\/kwp.at\/pensionistenklubs\/","name":"Pensionist*innenklubs","description":"F\u00fcr die Stadt Wien","publisher":{"@id":"https:\/\/kwp.at\/pensionistenklubs\/#organization"},"potentialAction":[{"@type":"SearchAction","target":{"@type":"EntryPoint","urlTemplate":"https:\/\/kwp.at\/pensionistenklubs\/?s={search_term_string}"},"query-input":{"@type":"PropertyValueSpecification","valueRequired":true,"valueName":"search_term_string"}}],"inLanguage":"de"},{"@type":"Organization","@id":"https:\/\/kwp.at\/pensionistenklubs\/#organization","name":"PensionistInnenklubs f\u00fcr die Stadt Wien","url":"https:\/\/kwp.at\/pensionistenklubs\/","logo":{"@type":"ImageObject","inLanguage":"de","@id":"https:\/\/kwp.at\/pensionistenklubs\/#\/schema\/logo\/image\/","url":"https:\/\/kwp.at\/pensionistenklubs\/wp-content\/uploads\/sites\/2\/2022\/08\/Logo-Pensionistenklubs-scaled-1.jpeg","contentUrl":"https:\/\/kwp.at\/pensionistenklubs\/wp-content\/uploads\/sites\/2\/2022\/08\/Logo-Pensionistenklubs-scaled-1.jpeg","width":2560,"height":610,"caption":"PensionistInnenklubs f\u00fcr die Stadt Wien"},"image":{"@id":"https:\/\/kwp.at\/pensionistenklubs\/#\/schema\/logo\/image\/"}}]}},"_links":{"self":[{"href":"https:\/\/kwp.at\/pensionistenklubs\/wp-json\/wp\/v2\/pages\/14167","targetHints":{"allow":["GET"]}}],"collection":[{"href":"https:\/\/kwp.at\/pensionistenklubs\/wp-json\/wp\/v2\/pages"}],"about":[{"href":"https:\/\/kwp.at\/pensionistenklubs\/wp-json\/wp\/v2\/types\/page"}],"author":[{"embeddable":true,"href":"https:\/\/kwp.at\/pensionistenklubs\/wp-json\/wp\/v2\/users\/10"}],"replies":[{"embeddable":true,"href":"https:\/\/kwp.at\/pensionistenklubs\/wp-json\/wp\/v2\/comments?post=14167"}],"version-history":[{"count":40,"href":"https:\/\/kwp.at\/pensionistenklubs\/wp-json\/wp\/v2\/pages\/14167\/revisions"}],"predecessor-version":[{"id":21095,"href":"https:\/\/kwp.at\/pensionistenklubs\/wp-json\/wp\/v2\/pages\/14167\/revisions\/21095"}],"up":[{"embeddable":true,"href":"https:\/\/kwp.at\/pensionistenklubs\/wp-json\/wp\/v2\/pages\/29"}],"wp:featuredmedia":[{"embeddable":true,"href":"https:\/\/kwp.at\/pensionistenklubs\/wp-json\/wp\/v2\/media\/14168"}],"wp:attachment":[{"href":"https:\/\/kwp.at\/pensionistenklubs\/wp-json\/wp\/v2\/media?parent=14167"}],"curies":[{"name":"wp","href":"https:\/\/api.w.org\/{rel}","templated":true}]}}