{"id":10905,"date":"2023-02-17T12:17:29","date_gmt":"2023-02-17T11:17:29","guid":{"rendered":"https:\/\/kwp.at\/pensionistenklubs\/?page_id=10905"},"modified":"2025-07-04T13:15:58","modified_gmt":"2025-07-04T11:15:58","slug":"klub-orientierung","status":"publish","type":"page","link":"https:\/\/kwp.at\/pensionistenklubs\/klubs\/unsere-klubs\/klub-orientierung\/","title":{"rendered":"Klub+ Orientierung"},"content":{"rendered":"\n<p><strong>Der mobile Klubstandort des <em>Klub<\/em>+ Orientierung bietet Wien weit vielf\u00e4ltige Angebote f\u00fcr Seniorinnen und Senioren. Personen, die an sich selbst beobachten, vergesslicher zu werden, stehen dabei im Fokus. <\/strong><\/p>\n\n\n\n<figure style=\"--image-block-ratio:1.6987392169873923\" class=\"wp-block-kwp-blocks-image is-style-default\"><img decoding=\"async\" src=\"https:\/\/kwp.at\/pensionistenklubs\/wp-content\/uploads\/sites\/2\/2022\/10\/kluborientierung_rand-scaled.jpg\" alt=\"\" srcset=\"https:\/\/kwp.at\/pensionistenklubs\/wp-content\/uploads\/sites\/2\/2022\/10\/kluborientierung_rand-150x150.jpg 150w,https:\/\/kwp.at\/pensionistenklubs\/wp-content\/uploads\/sites\/2\/2022\/10\/kluborientierung_rand-300x177.jpg 300w,https:\/\/kwp.at\/pensionistenklubs\/wp-content\/uploads\/sites\/2\/2022\/10\/kluborientierung_rand-1024x603.jpg 1024w,https:\/\/kwp.at\/pensionistenklubs\/wp-content\/uploads\/sites\/2\/2022\/10\/kluborientierung_rand-scaled.jpg 2560w,\"\/><figcaption> <\/figcaption><\/figure>\n\n\n\n<div style=\"background-color: #107da8\" class=\"wp-block-kwp-blocks-infobox\"><h3>Angebote mit G\u00fctesiegel<\/h3><p>\n<p>Veranstaltungen und Klubaktivit\u00e4ten, die das Siegel des <em>Klub<\/em>+ Orientierung tragen, b\u00fcrgen als Qualit\u00e4tssiegel f\u00fcr die Umsetzung der Ziele des demenzfreundlichen Wiens.<\/p>\n\n\n\n<p>Unsere Klubhotline informiert gerne \u00fcber s\u00e4mtliche Angebote. Um Anmeldung bei Ihrem Erstbesuch wird gebeten: <a href=\"http:\/\/01\/ 313 99 170 112\">01\/ 313 99 170 112<\/a><\/p>\n<\/p><\/div>\n\n\n\n<p>Mit dem neuen <em>Klub<\/em>+ Orientierung setzen die Pensionist*innenklubs ein spezielles Angebot. Bezirks\u00fcbergreifend finden unter diesem Rahmen Aktionen und Programmpunkte der Klubs statt, die alle Senior*innen Wiens ansprechen sollen, die sich aber ganz besonders f\u00fcr Personen eignen, die von Vergesslichkeit oder von leichten kognitiven Einschr\u00e4nkungen betroffen sind. Die Rahmenbedingungen der Angebote sind entsprechend angepasst und bieten ein besonders empathisches Umfeld.<\/p>\n\n\n\n<h2 class=\"wp-block-heading\">Besser gemeinsam! <\/h2>\n\n\n\n<p>Mit den Pensionist*innenklubs f\u00fcr die Stadt Wien leben wir Inklusion. Menschen mit Seh- oder H\u00f6rbeeintr\u00e4chtigungen, mit Bewegungseinschr\u00e4nkungen oder auch Senior*innen mit Migrationshintergrund und m\u00f6glichen Sprachproblemen sind ebenso herzlich willkommen.<\/p>\n\n\n\n<p>Ziel des <em>Klub<\/em>+ Orientierung ist es, ein gemeinsames Miteinander zwischen Klubbesucher*innen zu erm\u00f6glichen. Die Angebote des <em>Klub<\/em>+ Orientierung sind so adaptiert, dass jede und jeder davon profitieren und Freude an der gemeinsamen Bet\u00e4tigung haben kann.<\/p>\n\n\n\n<p>Auch Angeh\u00f6rige oder Begleitpersonen sind hier sehr herzlich willkommen! <\/p>\n\n\n\n<h2 class=\"wp-block-heading\">Tolle Angebote<\/h2>\n\n\n\n<p>Und hier finden Sie alle unsere Angebote. <strong>Besuchen Sie uns! <\/strong><\/p>\n\n\n\n<div style=\"background-color: #6669D1\" class=\"wp-block-kwp-blocks-infobox\"><h3>Crossboccia &#8211; ein leicht zu erlernendes Wurfspiel mit elastischen Kugeln<\/h3><p>\n<p><strong>Wo:<\/strong> <a href=\"https:\/\/kwp.at\/pensionistenklubs\/clubs\/schuttaustrase-1-39-9\/\">Klub Sch\u00fcttaustra\u00dfe<\/a><\/p>\n\n\n\n<p><strong>Termine:<\/strong> jeden zweiten Freitag, 13:30-14:30 Uhr<\/p>\n\n\n\n<p><strong>Kontakt:<\/strong> <a href=\"http:\/\/01 313 99 170 112\">01 313 99 170 112<\/a><\/p>\n<\/p><\/div>\n\n\n\n<div style=\"background-color: #D129A1\" class=\"wp-block-kwp-blocks-infobox\"><h3>Quiz in der Gruppe &#8211; einfach gefragt und neu erinnert<\/h3><p>\n<p><strong>Wo:<\/strong> <a href=\"https:\/\/kwp.at\/pensionistenklubs\/clubs\/herzgasse-15-19\/\">Klub Herzgasse<\/a><\/p>\n\n\n\n<p><strong>Termine:<\/strong> jeden zweiten Freitag, 15:15-16:15 Uhr<\/p>\n\n\n\n<p><strong>Kontakt:<\/strong> <a href=\"http:\/\/01 313 99 170 112\">01 313 99 170 112<\/a><\/p>\n<\/p><\/div>\n\n\n\n<div style=\"background-color: #1A880C\" class=\"wp-block-kwp-blocks-infobox\"><h3>Sitzyoga leicht und entspannt<\/h3><p>\n<p><strong>Wo:<\/strong> <a href=\"https:\/\/kwp.at\/pensionistenklubs\/clubs\/grunentorgasse-7\/\">Klub Gr\u00fcnentorgasse<\/a><\/p>\n\n\n\n<p><strong>Termine:<\/strong> jeden zweiten Mittwoch, 16:30-17:30 Uhr<\/p>\n\n\n\n<p><strong>Kontakt:<\/strong> <a href=\"tel:01 239 13 77\">01 239 13 77<\/a><\/p>\n<\/p><\/div>\n\n\n\n<div style=\"background-color: #107da8\" class=\"wp-block-kwp-blocks-infobox\"><h3>Trommeln und den eigenen Rhythmus finden<\/h3><p>\n<ul class=\"wp-block-list\">\n<li><a href=\"https:\/\/kwp.at\/pensionistenklubs\/clubs\/kleine-pfarrgasse-33\/\">Klub Kleine Pfarrgasse<\/a>, jeden zweiten Dienstag, 15:30-16:15 Uhr, Kontakt<strong>:<\/strong> <a href=\"http:\/\/0677%20643%2012%20980\/\">0677 643 12 980<\/a><\/li>\n<\/ul>\n\n\n\n<p><\/p>\n\n\n\n<ul class=\"wp-block-list\">\n<li><a href=\"https:\/\/kwp.at\/pensionistenklubs\/clubs\/im-werd-17\/\">Klub Im Werd<\/a>, jeden Dienstag, 16:30-17:30 Uhr, Kontakt: <a href=\"http:\/\/0677%20643%2012%20980\/\">0677 643 12 980<\/a><\/li>\n<\/ul>\n<\/p><\/div>\n\n\n\n<div style=\"background-color: #DA3910\" class=\"wp-block-kwp-blocks-infobox\"><h3>LIMA light mit Sitztanz<\/h3><p>\n<p>Bei &#8222;LIMA light&#8220; handelt es sich um eine leichtes Ged\u00e4chtnistraining. Mit viel Schwung und Spa\u00df bewegen wir uns zur Musik und \u00fcben Koordination und Merkf\u00e4higkeit.<\/p>\n\n\n\n<p><strong>Wo:<\/strong> <a href=\"https:\/\/kwp.at\/pensionistenklubs\/clubs\/muhrhoferweg-17-4\/\">Klub Muhrhoferweg<\/a> <\/p>\n\n\n\n<p><strong>Termine:<\/strong> jeden ersten Freitag im Monat, ab 13:00 Uhr<\/p>\n\n\n\n<p>Um telefonische Voranmeldung wird gebeten: <a href=\"tel:01 31399281141\">01\/ 31 399-281 141<\/a><\/p>\n<\/p><\/div>\n\n\n\n<div style=\"background-color: #D129A1\" class=\"wp-block-kwp-blocks-infobox\"><h3>Kopfn\u00fcsse f\u00fcr Einsteiger<\/h3><p>\n<p>An einem Montag im Monat treffen wir uns, um gemeinsam einige Kopfn\u00fcsse zu knacken. In lockerer Atmosph\u00e4re werden Merk\u00fcbungen mit viel Freude und Bewegung kombiniert.<\/p>\n\n\n\n<p><strong>Wo:<\/strong> <a href=\"https:\/\/kwp.at\/pensionistenklubs\/clubs\/reinprechtsdorfer-strase-1\/\">Klub Reinprechtsdorfer Stra\u00dfe<\/a><\/p>\n\n\n\n<p><strong>Termine<\/strong>: monatlich montags von 14:30-15:30 Uhr<\/p>\n\n\n\n<p><strong>Kontakt und Information:<\/strong> <a href=\"http:\/\/0676\/ 83 250 281\">0676\/ 83 250 281<\/a><\/p>\n<\/p><\/div>\n\n\n\n<div style=\"background-color: #008575\" class=\"wp-block-kwp-blocks-infobox\"><h3>LIMA-Brainwalk (Ged\u00e4chtnistraining beim Wandern)<\/h3><p>\n<p>Der <a href=\"https:\/\/kwp.at\/pensionistenklubs\/clubs\/muhrhoferweg-17-4\/\">Klub Muhrhoferweg<\/a> trifft sich am regelm\u00e4\u00dfig zum gemeinsamen Brainwalk (Wandern mit Ged\u00e4chtnistraining).<\/p>\n\n\n\n<p>Weitere Informationen und Anmeldung unter  <a href=\"http:\/\/01 31399281141\">01\/ 313 99-281 141<\/a>. <\/p>\n<\/p><\/div>\n\n\n\n<div style=\"background-color: #107da8\" class=\"wp-block-kwp-blocks-infobox\"><h3>LIMA leicht f\u00fcr geh\u00f6rlose Personen<\/h3><p>\n<p>Bei LIMA handelt es sich um ein kurzweiliges Ged\u00e4chtnistraining, das mit einfachen Bewegungs\u00fcbungen kombiniert wird. <\/p>\n\n\n\n<p>Dieses Angebot richtet sich speziell an geh\u00f6rlose Personen. Ein Geb\u00e4rden-Dolmetscher unterst\u00fctzt dabei die Teilnehmer*innen. <\/p>\n\n\n\n<p><strong>Wo: <\/strong><a href=\"https:\/\/kwp.at\/pensionistenklubs\/clubs\/kleine-pfarrgasse-33\/\"><em>Klub<\/em>+ WITAF-Geh\u00f6rlosenklub<\/a><\/p>\n\n\n\n<p><strong>Termine:<\/strong> dienstags 1x im Monat<\/p>\n\n\n\n<p><strong>Kontakt:<\/strong> <a href=\"http:\/\/0676\/ 83 250 1032\">0676\/ 83 250 1032<\/a><\/p>\n<\/p><\/div>\n\n\n\n<p>Weitere tolle Klubangebote finden Sie wie immer in unserem Veranstaltungskalender. <strong>Jetzt reinklicken:<\/strong> <\/p>\n\n\n\n<a target=\"_blank\" href=\"https:\/\/kwp.at\/veranstaltungen\/\" rel=\"noopener noreferrer\" class=\"wp-block-kwp-blocks-button-block\">Klubangebote entdecken!<\/a>\n","protected":false},"excerpt":{"rendered":"<p>Der mobile Klubstandort des Klub+ Orientierung bietet Wien weit vielf\u00e4ltige Angebote f\u00fcr Seniorinnen und Senioren. Personen, die an sich selbst beobachten, vergesslicher zu werden, stehen<\/p>\n","protected":false},"author":78,"featured_media":16025,"parent":27,"menu_order":15,"comment_status":"closed","ping_status":"closed","template":"","meta":{"_acf_changed":false,"footnotes":""},"class_list":["post-10905","page","type-page","status-publish","has-post-thumbnail","hentry"],"acf":[],"yoast_head":"<!-- This site is optimized with the Yoast SEO plugin v27.4 - https:\/\/yoast.com\/product\/yoast-seo-wordpress\/ -->\n<title>Klub+ Orientierung - Pensionist*innenklubs<\/title>\n<meta name=\"description\" content=\"Der Klub+ Orientierung bietet Wien weit vielf\u00e4ltige Angebote f\u00fcr SeniorInnen. Personen mit demenziellen Erkrankungen stehen dabei im Fokus.\" \/>\n<meta name=\"robots\" content=\"index, follow, max-snippet:-1, max-image-preview:large, max-video-preview:-1\" \/>\n<link rel=\"canonical\" href=\"https:\/\/kwp.at\/pensionistenklubs\/klubs\/unsere-klubs\/klub-orientierung\/\" \/>\n<meta property=\"og:locale\" content=\"de_DE\" \/>\n<meta property=\"og:type\" content=\"article\" \/>\n<meta property=\"og:title\" content=\"Klub+ Orientierung - Pensionist*innenklubs\" \/>\n<meta property=\"og:description\" content=\"Der Klub+ Orientierung bietet Wien weit vielf\u00e4ltige Angebote f\u00fcr SeniorInnen. Personen mit demenziellen Erkrankungen stehen dabei im Fokus.\" \/>\n<meta property=\"og:url\" content=\"https:\/\/kwp.at\/pensionistenklubs\/klubs\/unsere-klubs\/klub-orientierung\/\" \/>\n<meta property=\"og:site_name\" content=\"Pensionist*innenklubs\" \/>\n<meta property=\"article:modified_time\" content=\"2025-07-04T11:15:58+00:00\" \/>\n<meta property=\"og:image\" content=\"https:\/\/kwp.at\/pensionistenklubs\/wp-content\/uploads\/sites\/2\/2024\/07\/Design_ohne_Titel_3.jpg\" \/>\n\t<meta property=\"og:image:width\" content=\"1200\" \/>\n\t<meta property=\"og:image:height\" content=\"500\" \/>\n\t<meta property=\"og:image:type\" content=\"image\/jpeg\" \/>\n<meta name=\"twitter:card\" content=\"summary_large_image\" \/>\n<meta name=\"twitter:label1\" content=\"Gesch\u00e4tzte Lesezeit\" \/>\n\t<meta name=\"twitter:data1\" content=\"4\u00a0Minuten\" \/>\n<script type=\"application\/ld+json\" class=\"yoast-schema-graph\">{\"@context\":\"https:\\\/\\\/schema.org\",\"@graph\":[{\"@type\":\"WebPage\",\"@id\":\"https:\\\/\\\/kwp.at\\\/pensionistenklubs\\\/klubs\\\/unsere-klubs\\\/klub-orientierung\\\/\",\"url\":\"https:\\\/\\\/kwp.at\\\/pensionistenklubs\\\/klubs\\\/unsere-klubs\\\/klub-orientierung\\\/\",\"name\":\"Klub+ Orientierung - Pensionist*innenklubs\",\"isPartOf\":{\"@id\":\"https:\\\/\\\/kwp.at\\\/pensionistenklubs\\\/#website\"},\"primaryImageOfPage\":{\"@id\":\"https:\\\/\\\/kwp.at\\\/pensionistenklubs\\\/klubs\\\/unsere-klubs\\\/klub-orientierung\\\/#primaryimage\"},\"image\":{\"@id\":\"https:\\\/\\\/kwp.at\\\/pensionistenklubs\\\/klubs\\\/unsere-klubs\\\/klub-orientierung\\\/#primaryimage\"},\"thumbnailUrl\":\"https:\\\/\\\/kwp.at\\\/pensionistenklubs\\\/wp-content\\\/uploads\\\/sites\\\/2\\\/2024\\\/07\\\/Design_ohne_Titel_3.jpg\",\"datePublished\":\"2023-02-17T11:17:29+00:00\",\"dateModified\":\"2025-07-04T11:15:58+00:00\",\"description\":\"Der Klub+ Orientierung bietet Wien weit vielf\u00e4ltige Angebote f\u00fcr SeniorInnen. Personen mit demenziellen Erkrankungen stehen dabei im Fokus.\",\"breadcrumb\":{\"@id\":\"https:\\\/\\\/kwp.at\\\/pensionistenklubs\\\/klubs\\\/unsere-klubs\\\/klub-orientierung\\\/#breadcrumb\"},\"inLanguage\":\"de\",\"potentialAction\":[{\"@type\":\"ReadAction\",\"target\":[\"https:\\\/\\\/kwp.at\\\/pensionistenklubs\\\/klubs\\\/unsere-klubs\\\/klub-orientierung\\\/\"]}]},{\"@type\":\"ImageObject\",\"inLanguage\":\"de\",\"@id\":\"https:\\\/\\\/kwp.at\\\/pensionistenklubs\\\/klubs\\\/unsere-klubs\\\/klub-orientierung\\\/#primaryimage\",\"url\":\"https:\\\/\\\/kwp.at\\\/pensionistenklubs\\\/wp-content\\\/uploads\\\/sites\\\/2\\\/2024\\\/07\\\/Design_ohne_Titel_3.jpg\",\"contentUrl\":\"https:\\\/\\\/kwp.at\\\/pensionistenklubs\\\/wp-content\\\/uploads\\\/sites\\\/2\\\/2024\\\/07\\\/Design_ohne_Titel_3.jpg\",\"width\":1200,\"height\":500,\"caption\":\"kostenlose Klubjause mit Kaffee und Tee\"},{\"@type\":\"BreadcrumbList\",\"@id\":\"https:\\\/\\\/kwp.at\\\/pensionistenklubs\\\/klubs\\\/unsere-klubs\\\/klub-orientierung\\\/#breadcrumb\",\"itemListElement\":[{\"@type\":\"ListItem\",\"position\":1,\"name\":\"Unsere Klubs\",\"item\":\"https:\\\/\\\/kwp.at\\\/pensionistenklubs\\\/klubs\\\/\"},{\"@type\":\"ListItem\",\"position\":2,\"name\":\"Klub+\",\"item\":\"https:\\\/\\\/kwp.at\\\/pensionistenklubs\\\/klubs\\\/unsere-klubs\\\/\"},{\"@type\":\"ListItem\",\"position\":3,\"name\":\"Klub+ Orientierung\"}]},{\"@type\":\"WebSite\",\"@id\":\"https:\\\/\\\/kwp.at\\\/pensionistenklubs\\\/#website\",\"url\":\"https:\\\/\\\/kwp.at\\\/pensionistenklubs\\\/\",\"name\":\"Pensionist*innenklubs\",\"description\":\"F\u00fcr die Stadt Wien\",\"publisher\":{\"@id\":\"https:\\\/\\\/kwp.at\\\/pensionistenklubs\\\/#organization\"},\"potentialAction\":[{\"@type\":\"SearchAction\",\"target\":{\"@type\":\"EntryPoint\",\"urlTemplate\":\"https:\\\/\\\/kwp.at\\\/pensionistenklubs\\\/?s={search_term_string}\"},\"query-input\":{\"@type\":\"PropertyValueSpecification\",\"valueRequired\":true,\"valueName\":\"search_term_string\"}}],\"inLanguage\":\"de\"},{\"@type\":\"Organization\",\"@id\":\"https:\\\/\\\/kwp.at\\\/pensionistenklubs\\\/#organization\",\"name\":\"PensionistInnenklubs f\u00fcr die Stadt Wien\",\"url\":\"https:\\\/\\\/kwp.at\\\/pensionistenklubs\\\/\",\"logo\":{\"@type\":\"ImageObject\",\"inLanguage\":\"de\",\"@id\":\"https:\\\/\\\/kwp.at\\\/pensionistenklubs\\\/#\\\/schema\\\/logo\\\/image\\\/\",\"url\":\"https:\\\/\\\/kwp.at\\\/pensionistenklubs\\\/wp-content\\\/uploads\\\/sites\\\/2\\\/2022\\\/08\\\/Logo-Pensionistenklubs-scaled-1.jpeg\",\"contentUrl\":\"https:\\\/\\\/kwp.at\\\/pensionistenklubs\\\/wp-content\\\/uploads\\\/sites\\\/2\\\/2022\\\/08\\\/Logo-Pensionistenklubs-scaled-1.jpeg\",\"width\":2560,\"height\":610,\"caption\":\"PensionistInnenklubs f\u00fcr die Stadt Wien\"},\"image\":{\"@id\":\"https:\\\/\\\/kwp.at\\\/pensionistenklubs\\\/#\\\/schema\\\/logo\\\/image\\\/\"}}]}<\/script>\n<!-- \/ Yoast SEO plugin. -->","yoast_head_json":{"title":"Klub+ Orientierung - Pensionist*innenklubs","description":"Der Klub+ Orientierung bietet Wien weit vielf\u00e4ltige Angebote f\u00fcr SeniorInnen. Personen mit demenziellen Erkrankungen stehen dabei im Fokus.","robots":{"index":"index","follow":"follow","max-snippet":"max-snippet:-1","max-image-preview":"max-image-preview:large","max-video-preview":"max-video-preview:-1"},"canonical":"https:\/\/kwp.at\/pensionistenklubs\/klubs\/unsere-klubs\/klub-orientierung\/","og_locale":"de_DE","og_type":"article","og_title":"Klub+ Orientierung - Pensionist*innenklubs","og_description":"Der Klub+ Orientierung bietet Wien weit vielf\u00e4ltige Angebote f\u00fcr SeniorInnen. Personen mit demenziellen Erkrankungen stehen dabei im Fokus.","og_url":"https:\/\/kwp.at\/pensionistenklubs\/klubs\/unsere-klubs\/klub-orientierung\/","og_site_name":"Pensionist*innenklubs","article_modified_time":"2025-07-04T11:15:58+00:00","og_image":[{"width":1200,"height":500,"url":"https:\/\/kwp.at\/pensionistenklubs\/wp-content\/uploads\/sites\/2\/2024\/07\/Design_ohne_Titel_3.jpg","type":"image\/jpeg"}],"twitter_card":"summary_large_image","twitter_misc":{"Gesch\u00e4tzte Lesezeit":"4\u00a0Minuten"},"schema":{"@context":"https:\/\/schema.org","@graph":[{"@type":"WebPage","@id":"https:\/\/kwp.at\/pensionistenklubs\/klubs\/unsere-klubs\/klub-orientierung\/","url":"https:\/\/kwp.at\/pensionistenklubs\/klubs\/unsere-klubs\/klub-orientierung\/","name":"Klub+ Orientierung - Pensionist*innenklubs","isPartOf":{"@id":"https:\/\/kwp.at\/pensionistenklubs\/#website"},"primaryImageOfPage":{"@id":"https:\/\/kwp.at\/pensionistenklubs\/klubs\/unsere-klubs\/klub-orientierung\/#primaryimage"},"image":{"@id":"https:\/\/kwp.at\/pensionistenklubs\/klubs\/unsere-klubs\/klub-orientierung\/#primaryimage"},"thumbnailUrl":"https:\/\/kwp.at\/pensionistenklubs\/wp-content\/uploads\/sites\/2\/2024\/07\/Design_ohne_Titel_3.jpg","datePublished":"2023-02-17T11:17:29+00:00","dateModified":"2025-07-04T11:15:58+00:00","description":"Der Klub+ Orientierung bietet Wien weit vielf\u00e4ltige Angebote f\u00fcr SeniorInnen. Personen mit demenziellen Erkrankungen stehen dabei im Fokus.","breadcrumb":{"@id":"https:\/\/kwp.at\/pensionistenklubs\/klubs\/unsere-klubs\/klub-orientierung\/#breadcrumb"},"inLanguage":"de","potentialAction":[{"@type":"ReadAction","target":["https:\/\/kwp.at\/pensionistenklubs\/klubs\/unsere-klubs\/klub-orientierung\/"]}]},{"@type":"ImageObject","inLanguage":"de","@id":"https:\/\/kwp.at\/pensionistenklubs\/klubs\/unsere-klubs\/klub-orientierung\/#primaryimage","url":"https:\/\/kwp.at\/pensionistenklubs\/wp-content\/uploads\/sites\/2\/2024\/07\/Design_ohne_Titel_3.jpg","contentUrl":"https:\/\/kwp.at\/pensionistenklubs\/wp-content\/uploads\/sites\/2\/2024\/07\/Design_ohne_Titel_3.jpg","width":1200,"height":500,"caption":"kostenlose Klubjause mit Kaffee und Tee"},{"@type":"BreadcrumbList","@id":"https:\/\/kwp.at\/pensionistenklubs\/klubs\/unsere-klubs\/klub-orientierung\/#breadcrumb","itemListElement":[{"@type":"ListItem","position":1,"name":"Unsere Klubs","item":"https:\/\/kwp.at\/pensionistenklubs\/klubs\/"},{"@type":"ListItem","position":2,"name":"Klub+","item":"https:\/\/kwp.at\/pensionistenklubs\/klubs\/unsere-klubs\/"},{"@type":"ListItem","position":3,"name":"Klub+ Orientierung"}]},{"@type":"WebSite","@id":"https:\/\/kwp.at\/pensionistenklubs\/#website","url":"https:\/\/kwp.at\/pensionistenklubs\/","name":"Pensionist*innenklubs","description":"F\u00fcr die Stadt Wien","publisher":{"@id":"https:\/\/kwp.at\/pensionistenklubs\/#organization"},"potentialAction":[{"@type":"SearchAction","target":{"@type":"EntryPoint","urlTemplate":"https:\/\/kwp.at\/pensionistenklubs\/?s={search_term_string}"},"query-input":{"@type":"PropertyValueSpecification","valueRequired":true,"valueName":"search_term_string"}}],"inLanguage":"de"},{"@type":"Organization","@id":"https:\/\/kwp.at\/pensionistenklubs\/#organization","name":"PensionistInnenklubs f\u00fcr die Stadt Wien","url":"https:\/\/kwp.at\/pensionistenklubs\/","logo":{"@type":"ImageObject","inLanguage":"de","@id":"https:\/\/kwp.at\/pensionistenklubs\/#\/schema\/logo\/image\/","url":"https:\/\/kwp.at\/pensionistenklubs\/wp-content\/uploads\/sites\/2\/2022\/08\/Logo-Pensionistenklubs-scaled-1.jpeg","contentUrl":"https:\/\/kwp.at\/pensionistenklubs\/wp-content\/uploads\/sites\/2\/2022\/08\/Logo-Pensionistenklubs-scaled-1.jpeg","width":2560,"height":610,"caption":"PensionistInnenklubs f\u00fcr die Stadt Wien"},"image":{"@id":"https:\/\/kwp.at\/pensionistenklubs\/#\/schema\/logo\/image\/"}}]}},"_links":{"self":[{"href":"https:\/\/kwp.at\/pensionistenklubs\/wp-json\/wp\/v2\/pages\/10905","targetHints":{"allow":["GET"]}}],"collection":[{"href":"https:\/\/kwp.at\/pensionistenklubs\/wp-json\/wp\/v2\/pages"}],"about":[{"href":"https:\/\/kwp.at\/pensionistenklubs\/wp-json\/wp\/v2\/types\/page"}],"author":[{"embeddable":true,"href":"https:\/\/kwp.at\/pensionistenklubs\/wp-json\/wp\/v2\/users\/78"}],"replies":[{"embeddable":true,"href":"https:\/\/kwp.at\/pensionistenklubs\/wp-json\/wp\/v2\/comments?post=10905"}],"version-history":[{"count":55,"href":"https:\/\/kwp.at\/pensionistenklubs\/wp-json\/wp\/v2\/pages\/10905\/revisions"}],"predecessor-version":[{"id":19332,"href":"https:\/\/kwp.at\/pensionistenklubs\/wp-json\/wp\/v2\/pages\/10905\/revisions\/19332"}],"up":[{"embeddable":true,"href":"https:\/\/kwp.at\/pensionistenklubs\/wp-json\/wp\/v2\/pages\/27"}],"wp:featuredmedia":[{"embeddable":true,"href":"https:\/\/kwp.at\/pensionistenklubs\/wp-json\/wp\/v2\/media\/16025"}],"wp:attachment":[{"href":"https:\/\/kwp.at\/pensionistenklubs\/wp-json\/wp\/v2\/media?parent=10905"}],"curies":[{"name":"wp","href":"https:\/\/api.w.org\/{rel}","templated":true}]}}